{"id":78876,"date":"2022-03-30T18:38:09","date_gmt":"2022-03-30T16:38:09","guid":{"rendered":"https:\/\/www.1tool.com\/gestion-des-connaissances\/"},"modified":"2026-05-07T14:59:31","modified_gmt":"2026-05-07T12:59:31","slug":"gestion-des-connaissances","status":"publish","type":"page","link":"https:\/\/www.1tool.com\/fr\/modules\/organisation-et-service\/wiki\/fonctions-du-module-wiki\/gestion-des-connaissances\/","title":{"rendered":"Gestion des connaissances"},"content":{"rendered":"\t\t<div data-elementor-type=\"wp-page\" data-elementor-id=\"78876\" class=\"elementor elementor-78876 elementor-49508\" data-elementor-post-type=\"page\">\n\t\t\t\t\t\t<section class=\"elementor-section elementor-top-section elementor-element elementor-element-98e69aa elementor-section-boxed elementor-section-height-default elementor-section-height-default shadepro-adv-gradient-no shadepro-sticky-no\" data-id=\"98e69aa\" data-element_type=\"section\" data-e-type=\"section\" data-settings=\"{&quot;shadepro_sticky&quot;:&quot;no&quot;}\">\n\t\t\t\t\t\t<div class=\"elementor-container elementor-column-gap-default\">\n\t\t\t\t\t<div class=\"elementor-column elementor-col-100 elementor-top-column elementor-element elementor-element-d1a9a1c\" data-id=\"d1a9a1c\" data-element_type=\"column\" data-e-type=\"column\">\n\t\t\t<div class=\"elementor-widget-wrap elementor-element-populated\">\n\t\t\t\t\t\t<div class=\"elementor-element elementor-element-4bded40 shadepro-sticky-no elementor-widget elementor-widget-heading\" data-id=\"4bded40\" data-element_type=\"widget\" data-e-type=\"widget\" data-settings=\"{&quot;shadepro_sticky&quot;:&quot;no&quot;}\" data-widget_type=\"heading.default\">\n\t\t\t\t<div class=\"elementor-widget-container\">\n\t\t\t\t\t<h1 class=\"elementor-heading-title elementor-size-default\">Gestion des connaissances<\/h1>\t\t\t\t<\/div>\n\t\t\t\t<\/div>\n\t\t\t\t<div class=\"elementor-element elementor-element-7ec711c shadepro-sticky-no elementor-widget elementor-widget-text-editor\" data-id=\"7ec711c\" data-element_type=\"widget\" data-e-type=\"widget\" data-settings=\"{&quot;shadepro_sticky&quot;:&quot;no&quot;}\" data-widget_type=\"text-editor.default\">\n\t\t\t\t<div class=\"elementor-widget-container\">\n\t\t\t\t\t\t\t\t\t<p>Un meilleur service client gr\u00e2ce \u00e0 une gestion optimale des informations<\/p>\t\t\t\t\t\t\t\t<\/div>\n\t\t\t\t<\/div>\n\t\t\t\t<section class=\"elementor-section elementor-inner-section elementor-element elementor-element-08c7487 elementor-section-boxed elementor-section-height-default elementor-section-height-default shadepro-adv-gradient-no shadepro-sticky-no\" data-id=\"08c7487\" data-element_type=\"section\" data-e-type=\"section\" data-settings=\"{&quot;shadepro_sticky&quot;:&quot;no&quot;}\">\n\t\t\t\t\t\t<div class=\"elementor-container elementor-column-gap-default\">\n\t\t\t\t\t<div class=\"elementor-column elementor-col-100 elementor-inner-column elementor-element elementor-element-b0bb598\" data-id=\"b0bb598\" data-element_type=\"column\" data-e-type=\"column\">\n\t\t\t<div class=\"elementor-widget-wrap elementor-element-populated\">\n\t\t\t\t\t\t<div class=\"elementor-element elementor-element-4620b3f shadepro-sticky-no elementor-widget elementor-widget-text-editor\" data-id=\"4620b3f\" data-element_type=\"widget\" data-e-type=\"widget\" data-settings=\"{&quot;shadepro_sticky&quot;:&quot;no&quot;}\" data-widget_type=\"text-editor.default\">\n\t\t\t\t<div class=\"elementor-widget-container\">\n\t\t\t\t\t\t\t\t\t<h3>Gestion professionnelle des connaissances<\/h3><p>Le module wiki de 1Tool est un outil de connaissance et de collaboration moderne et sophistiqu\u00e9. L&#8217;ensemble complet de fonctionnalit\u00e9s, l&#8217;interface utilisateur intuitive, le puissant \u00e9diteur de texte enrichi et le d\u00e9veloppement continu rendent la solution performante, facile \u00e0 utiliser, polyvalente et constituent une base pour une v\u00e9ritable collaboration num\u00e9rique dans toute l&#8217;entreprise. <\/p><h3>Base de connaissances conviviale pour votre entreprise<\/h3><p>Le module 1Tool Wiki contient des fonctionnalit\u00e9s centrales pour la gestion des articles, des collections et des contacts, c&#8217;est-\u00e0-dire tout ce qui concerne la gestion parfaite des connaissances. Le contenu des pages peut \u00eatre facilement modifi\u00e9, de nouvelles pages peuvent \u00eatre cr\u00e9\u00e9es et des liens peuvent \u00eatre \u00e9tablis entre les pages. L&#8217;historique des versions, qui permet de conserver toutes les versions d&#8217;un texte, est \u00e9galement disponible.  <\/p><p>La facilit\u00e9 d&#8217;utilisation de la solution augmente la volont\u00e9 des employ\u00e9s d&#8217;utiliser le wiki dans leur travail quotidien et r\u00e9duit les obstacles au transfert de connaissances, que ce soit lors de l&#8217;entr\u00e9e dans l&#8217;entreprise ou lors de la formation \u00e0 de nouvelles t\u00e2ches.<\/p><h3>Transfert de connaissances entre les sites<\/h3><p>Avec le logiciel 1Tool Wiki, vous \u00eates en mesure d&#8217;utiliser les connaissances de mani\u00e8re cibl\u00e9e au sein de l&#8217;entreprise et de les rendre transparentes et facilement accessibles \u00e0 vos collaborateurs dans tous les domaines et dans toute l&#8217;entreprise. Outre l&#8217;\u00e9norme potentiel d&#8217;\u00e9conomies dans la recherche de documents, d&#8217;informations et de donn\u00e9es importants, vous et vos collaborateurs b\u00e9n\u00e9ficiez de voies de communication beaucoup plus courtes. <\/p><p>Les affectations et les autorisations vous permettent \u00e9galement de vous assurer facilement que tous les employ\u00e9s, services, etc. n\u00e9cessaires ont acc\u00e8s aux ressources n\u00e9cessaires pour r\u00e9soudre les probl\u00e8mes. aient acc\u00e8s aux ressources pertinentes pour r\u00e9soudre les probl\u00e8mes et les demandes des clients.<\/p><h3>Une base de connaissances multi-formats<\/h3><p>En quelques clics, la base de connaissances 1Tool est pr\u00eate pour le stockage de n&#8217;importe quelle information, comme des guides, des listes de contr\u00f4le, des instructions et bien plus encore. Vous pouvez personnaliser ces informations en fonction de vos besoins et de votre public cible.  Des simples articles de texte aux images, tableaux et ic\u00f4nes, en passant par les vid\u00e9os et les cartes, il est possible de pr\u00e9senter les connaissances de votre entreprise de mani\u00e8re facilement compr\u00e9hensible pour vos employ\u00e9s, clients ou partenaires.<\/p><p>En plus de la recherche simplifi\u00e9e par mots-cl\u00e9s et cat\u00e9gories, les documents importants peuvent \u00eatre directement t\u00e9l\u00e9charg\u00e9s au format PDF pour \u00eatre imprim\u00e9s ou envoy\u00e9s par e-mail.<\/p><h3>Principaux avantages du logiciel de gestion des connaissances 1Tool<\/h3><h4>1. une am\u00e9lioration durable des performances<\/h4><p>Le 1Tool Wiki vous permet de capturer des connaissances pr\u00e9cieuses en un seul clic et de les rendre accessibles \u00e0 vos employ\u00e9s en un seul endroit, ce qui vous permet d&#8217;am\u00e9liorer vos performances et la qualit\u00e9 de vos services de mani\u00e8re durable.<\/p><h4>2. un transfert de connaissances efficace<\/h4><p>Une base de connaissances telle que la solution 1Tool favorise le partage efficace des connaissances entre les employ\u00e9s et offre la possibilit\u00e9 d&#8217;apprendre de coll\u00e8gues exp\u00e9riment\u00e9s ou de conserver des connaissances importantes au sein de l&#8217;entreprise, m\u00eame si des employ\u00e9s quittent l&#8217;organisation, par exemple pour la retraite.<\/p><h4>3. acc\u00e8s en tout lieu et \u00e0 tout moment<\/h4><p>Gr\u00e2ce \u00e0 l&#8217;interface web du 1Tool Wiki, les employ\u00e9s sur le terrain ou \u00e0 domicile peuvent acc\u00e9der \u00e0 la base de connaissances \u00e0 tout moment et faire avancer leur travail gr\u00e2ce aux rapports, documentations, etc. enregistr\u00e9s.<\/p>\t\t\t\t\t\t\t\t<\/div>\n\t\t\t\t<\/div>\n\t\t\t\t\t<\/div>\n\t\t<\/div>\n\t\t\t\t\t<\/div>\n\t\t<\/section>\n\t\t\t\t\t<\/div>\n\t\t<\/div>\n\t\t\t\t\t<\/div>\n\t\t<\/section>\n\t\t\t\t<\/div>\n\t\t","protected":false},"excerpt":{"rendered":"<p>Gestion des connaissances Un meilleur service client gr\u00e2ce \u00e0 une gestion optimale des informations Gestion professionnelle des connaissances Le module wiki de 1Tool est un outil de connaissance et de collaboration moderne et sophistiqu\u00e9. L&#8217;ensemble complet de fonctionnalit\u00e9s, l&#8217;interface utilisateur intuitive, le puissant \u00e9diteur de texte enrichi et le d\u00e9veloppement continu rendent la solution performante, [&hellip;]<\/p>\n","protected":false},"author":1,"featured_media":0,"parent":79050,"menu_order":0,"comment_status":"closed","ping_status":"closed","template":"","meta":{"inline_featured_image":false,"footnotes":""},"class_list":["post-78876","page","type-page","status-publish","hentry"],"acf":[],"yoast_head":"<!-- This site is optimized with the Yoast SEO plugin v27.5 - https:\/\/yoast.com\/product\/yoast-seo-wordpress\/ -->\n<title>Gestion des connaissances - 1Tool<\/title>\n<meta name=\"robots\" content=\"index, follow, max-snippet:-1, max-image-preview:large, max-video-preview:-1\" \/>\n<link rel=\"canonical\" href=\"https:\/\/www.1tool.com\/fr\/modules\/organisation-et-service\/wiki\/fonctions-du-module-wiki\/gestion-des-connaissances\/\" \/>\n<meta property=\"og:locale\" content=\"fr_FR\" \/>\n<meta property=\"og:type\" content=\"article\" \/>\n<meta property=\"og:title\" content=\"Gestion des connaissances - 1Tool\" \/>\n<meta property=\"og:description\" content=\"Gestion des connaissances Un meilleur service client gr\u00e2ce \u00e0 une gestion optimale des informations Gestion professionnelle des connaissances Le module wiki de 1Tool est un outil de connaissance et de collaboration moderne et sophistiqu\u00e9. L&#8217;ensemble complet de fonctionnalit\u00e9s, l&#8217;interface utilisateur intuitive, le puissant \u00e9diteur de texte enrichi et le d\u00e9veloppement continu rendent la solution performante, [&hellip;]\" \/>\n<meta property=\"og:url\" content=\"https:\/\/www.1tool.com\/fr\/modules\/organisation-et-service\/wiki\/fonctions-du-module-wiki\/gestion-des-connaissances\/\" \/>\n<meta property=\"og:site_name\" content=\"1Tool\" \/>\n<meta property=\"article:modified_time\" content=\"2026-05-07T12:59:31+00:00\" \/>\n<meta name=\"twitter:card\" content=\"summary_large_image\" \/>\n<meta name=\"twitter:label1\" content=\"Dur\u00e9e de lecture estim\u00e9e\" \/>\n\t<meta name=\"twitter:data1\" content=\"3 minutes\" \/>\n<script type=\"application\/ld+json\" class=\"yoast-schema-graph\">{\"@context\":\"https:\\\/\\\/schema.org\",\"@graph\":[{\"@type\":\"WebPage\",\"@id\":\"https:\\\/\\\/www.1tool.com\\\/fr\\\/modules\\\/organisation-et-service\\\/wiki\\\/fonctions-du-module-wiki\\\/gestion-des-connaissances\\\/\",\"url\":\"https:\\\/\\\/www.1tool.com\\\/fr\\\/modules\\\/organisation-et-service\\\/wiki\\\/fonctions-du-module-wiki\\\/gestion-des-connaissances\\\/\",\"name\":\"Gestion des connaissances - 1Tool\",\"isPartOf\":{\"@id\":\"https:\\\/\\\/www.1tool.com\\\/fr\\\/#website\"},\"datePublished\":\"2022-03-30T16:38:09+00:00\",\"dateModified\":\"2026-05-07T12:59:31+00:00\",\"breadcrumb\":{\"@id\":\"https:\\\/\\\/www.1tool.com\\\/fr\\\/modules\\\/organisation-et-service\\\/wiki\\\/fonctions-du-module-wiki\\\/gestion-des-connaissances\\\/#breadcrumb\"},\"inLanguage\":\"fr-FR\",\"potentialAction\":[{\"@type\":\"ReadAction\",\"target\":[\"https:\\\/\\\/www.1tool.com\\\/fr\\\/modules\\\/organisation-et-service\\\/wiki\\\/fonctions-du-module-wiki\\\/gestion-des-connaissances\\\/\"]}]},{\"@type\":\"BreadcrumbList\",\"@id\":\"https:\\\/\\\/www.1tool.com\\\/fr\\\/modules\\\/organisation-et-service\\\/wiki\\\/fonctions-du-module-wiki\\\/gestion-des-connaissances\\\/#breadcrumb\",\"itemListElement\":[{\"@type\":\"ListItem\",\"position\":1,\"name\":\"Home\",\"item\":\"https:\\\/\\\/www.1tool.com\\\/fr\\\/\"},{\"@type\":\"ListItem\",\"position\":2,\"name\":\"Modules\",\"item\":\"https:\\\/\\\/www.1tool.com\\\/fr\\\/module\\\/\"},{\"@type\":\"ListItem\",\"position\":3,\"name\":\"Organisation et service\",\"item\":\"https:\\\/\\\/www.1tool.com\\\/fr\\\/modules\\\/organisation-et-service\\\/\"},{\"@type\":\"ListItem\",\"position\":4,\"name\":\"Wiki\",\"item\":\"https:\\\/\\\/www.1tool.com\\\/fr\\\/modules\\\/organisation-et-service\\\/wiki\\\/\"},{\"@type\":\"ListItem\",\"position\":5,\"name\":\"Fonctions du module Wiki\",\"item\":\"https:\\\/\\\/www.1tool.com\\\/fr\\\/modules\\\/organisation-et-service\\\/wiki\\\/fonctions-du-module-wiki\\\/\"},{\"@type\":\"ListItem\",\"position\":6,\"name\":\"Gestion des connaissances\"}]},{\"@type\":\"WebSite\",\"@id\":\"https:\\\/\\\/www.1tool.com\\\/fr\\\/#website\",\"url\":\"https:\\\/\\\/www.1tool.com\\\/fr\\\/\",\"name\":\"1Tool\",\"description\":\"CRM\",\"publisher\":{\"@id\":\"https:\\\/\\\/www.1tool.com\\\/fr\\\/#organization\"},\"potentialAction\":[{\"@type\":\"SearchAction\",\"target\":{\"@type\":\"EntryPoint\",\"urlTemplate\":\"https:\\\/\\\/www.1tool.com\\\/fr\\\/?s={search_term_string}\"},\"query-input\":{\"@type\":\"PropertyValueSpecification\",\"valueRequired\":true,\"valueName\":\"search_term_string\"}}],\"inLanguage\":\"fr-FR\"},{\"@type\":\"Organization\",\"@id\":\"https:\\\/\\\/www.1tool.com\\\/fr\\\/#organization\",\"name\":\"1Tool\",\"url\":\"https:\\\/\\\/www.1tool.com\\\/fr\\\/\",\"logo\":{\"@type\":\"ImageObject\",\"inLanguage\":\"fr-FR\",\"@id\":\"https:\\\/\\\/www.1tool.com\\\/fr\\\/#\\\/schema\\\/logo\\\/image\\\/\",\"url\":\"https:\\\/\\\/www.1tool.com\\\/wp-content\\\/uploads\\\/2022\\\/04\\\/1tool-1.png\",\"contentUrl\":\"https:\\\/\\\/www.1tool.com\\\/wp-content\\\/uploads\\\/2022\\\/04\\\/1tool-1.png\",\"width\":400,\"height\":150,\"caption\":\"1Tool\"},\"image\":{\"@id\":\"https:\\\/\\\/www.1tool.com\\\/fr\\\/#\\\/schema\\\/logo\\\/image\\\/\"}}]}<\/script>\n<!-- \/ Yoast SEO plugin. -->","yoast_head_json":{"title":"Gestion des connaissances - 1Tool","robots":{"index":"index","follow":"follow","max-snippet":"max-snippet:-1","max-image-preview":"max-image-preview:large","max-video-preview":"max-video-preview:-1"},"canonical":"https:\/\/www.1tool.com\/fr\/modules\/organisation-et-service\/wiki\/fonctions-du-module-wiki\/gestion-des-connaissances\/","og_locale":"fr_FR","og_type":"article","og_title":"Gestion des connaissances - 1Tool","og_description":"Gestion des connaissances Un meilleur service client gr\u00e2ce \u00e0 une gestion optimale des informations Gestion professionnelle des connaissances Le module wiki de 1Tool est un outil de connaissance et de collaboration moderne et sophistiqu\u00e9. L&#8217;ensemble complet de fonctionnalit\u00e9s, l&#8217;interface utilisateur intuitive, le puissant \u00e9diteur de texte enrichi et le d\u00e9veloppement continu rendent la solution performante, [&hellip;]","og_url":"https:\/\/www.1tool.com\/fr\/modules\/organisation-et-service\/wiki\/fonctions-du-module-wiki\/gestion-des-connaissances\/","og_site_name":"1Tool","article_modified_time":"2026-05-07T12:59:31+00:00","twitter_card":"summary_large_image","twitter_misc":{"Dur\u00e9e de lecture estim\u00e9e":"3 minutes"},"schema":{"@context":"https:\/\/schema.org","@graph":[{"@type":"WebPage","@id":"https:\/\/www.1tool.com\/fr\/modules\/organisation-et-service\/wiki\/fonctions-du-module-wiki\/gestion-des-connaissances\/","url":"https:\/\/www.1tool.com\/fr\/modules\/organisation-et-service\/wiki\/fonctions-du-module-wiki\/gestion-des-connaissances\/","name":"Gestion des connaissances - 1Tool","isPartOf":{"@id":"https:\/\/www.1tool.com\/fr\/#website"},"datePublished":"2022-03-30T16:38:09+00:00","dateModified":"2026-05-07T12:59:31+00:00","breadcrumb":{"@id":"https:\/\/www.1tool.com\/fr\/modules\/organisation-et-service\/wiki\/fonctions-du-module-wiki\/gestion-des-connaissances\/#breadcrumb"},"inLanguage":"fr-FR","potentialAction":[{"@type":"ReadAction","target":["https:\/\/www.1tool.com\/fr\/modules\/organisation-et-service\/wiki\/fonctions-du-module-wiki\/gestion-des-connaissances\/"]}]},{"@type":"BreadcrumbList","@id":"https:\/\/www.1tool.com\/fr\/modules\/organisation-et-service\/wiki\/fonctions-du-module-wiki\/gestion-des-connaissances\/#breadcrumb","itemListElement":[{"@type":"ListItem","position":1,"name":"Home","item":"https:\/\/www.1tool.com\/fr\/"},{"@type":"ListItem","position":2,"name":"Modules","item":"https:\/\/www.1tool.com\/fr\/module\/"},{"@type":"ListItem","position":3,"name":"Organisation et service","item":"https:\/\/www.1tool.com\/fr\/modules\/organisation-et-service\/"},{"@type":"ListItem","position":4,"name":"Wiki","item":"https:\/\/www.1tool.com\/fr\/modules\/organisation-et-service\/wiki\/"},{"@type":"ListItem","position":5,"name":"Fonctions du module Wiki","item":"https:\/\/www.1tool.com\/fr\/modules\/organisation-et-service\/wiki\/fonctions-du-module-wiki\/"},{"@type":"ListItem","position":6,"name":"Gestion des connaissances"}]},{"@type":"WebSite","@id":"https:\/\/www.1tool.com\/fr\/#website","url":"https:\/\/www.1tool.com\/fr\/","name":"1Tool","description":"CRM","publisher":{"@id":"https:\/\/www.1tool.com\/fr\/#organization"},"potentialAction":[{"@type":"SearchAction","target":{"@type":"EntryPoint","urlTemplate":"https:\/\/www.1tool.com\/fr\/?s={search_term_string}"},"query-input":{"@type":"PropertyValueSpecification","valueRequired":true,"valueName":"search_term_string"}}],"inLanguage":"fr-FR"},{"@type":"Organization","@id":"https:\/\/www.1tool.com\/fr\/#organization","name":"1Tool","url":"https:\/\/www.1tool.com\/fr\/","logo":{"@type":"ImageObject","inLanguage":"fr-FR","@id":"https:\/\/www.1tool.com\/fr\/#\/schema\/logo\/image\/","url":"https:\/\/www.1tool.com\/wp-content\/uploads\/2022\/04\/1tool-1.png","contentUrl":"https:\/\/www.1tool.com\/wp-content\/uploads\/2022\/04\/1tool-1.png","width":400,"height":150,"caption":"1Tool"},"image":{"@id":"https:\/\/www.1tool.com\/fr\/#\/schema\/logo\/image\/"}}]}},"_links":{"self":[{"href":"https:\/\/www.1tool.com\/fr\/wp-json\/wp\/v2\/pages\/78876","targetHints":{"allow":["GET"]}}],"collection":[{"href":"https:\/\/www.1tool.com\/fr\/wp-json\/wp\/v2\/pages"}],"about":[{"href":"https:\/\/www.1tool.com\/fr\/wp-json\/wp\/v2\/types\/page"}],"author":[{"embeddable":true,"href":"https:\/\/www.1tool.com\/fr\/wp-json\/wp\/v2\/users\/1"}],"replies":[{"embeddable":true,"href":"https:\/\/www.1tool.com\/fr\/wp-json\/wp\/v2\/comments?post=78876"}],"version-history":[{"count":1,"href":"https:\/\/www.1tool.com\/fr\/wp-json\/wp\/v2\/pages\/78876\/revisions"}],"predecessor-version":[{"id":78881,"href":"https:\/\/www.1tool.com\/fr\/wp-json\/wp\/v2\/pages\/78876\/revisions\/78881"}],"up":[{"embeddable":true,"href":"https:\/\/www.1tool.com\/fr\/wp-json\/wp\/v2\/pages\/79050"}],"wp:attachment":[{"href":"https:\/\/www.1tool.com\/fr\/wp-json\/wp\/v2\/media?parent=78876"}],"curies":[{"name":"wp","href":"https:\/\/api.w.org\/{rel}","templated":true}]}}