{"id":78882,"date":"2022-03-30T18:36:45","date_gmt":"2022-03-30T16:36:45","guid":{"rendered":"https:\/\/www.1tool.com\/elearning\/"},"modified":"2026-05-07T14:59:31","modified_gmt":"2026-05-07T12:59:31","slug":"elearning","status":"publish","type":"page","link":"https:\/\/www.1tool.com\/fr\/modules\/organisation-et-service\/wiki\/fonctions-du-module-wiki\/elearning\/","title":{"rendered":"eLearning"},"content":{"rendered":"\t\t<div data-elementor-type=\"wp-page\" data-elementor-id=\"78882\" class=\"elementor elementor-78882 elementor-49500\" data-elementor-post-type=\"page\">\n\t\t\t\t\t\t<section class=\"elementor-section elementor-top-section elementor-element elementor-element-b445b27 elementor-section-boxed elementor-section-height-default elementor-section-height-default shadepro-adv-gradient-no shadepro-sticky-no\" data-id=\"b445b27\" data-element_type=\"section\" data-e-type=\"section\" data-settings=\"{&quot;shadepro_sticky&quot;:&quot;no&quot;}\">\n\t\t\t\t\t\t<div class=\"elementor-container elementor-column-gap-default\">\n\t\t\t\t\t<div class=\"elementor-column elementor-col-100 elementor-top-column elementor-element elementor-element-07920bd\" data-id=\"07920bd\" data-element_type=\"column\" data-e-type=\"column\">\n\t\t\t<div class=\"elementor-widget-wrap elementor-element-populated\">\n\t\t\t\t\t\t<div class=\"elementor-element elementor-element-da24ecd shadepro-sticky-no elementor-widget elementor-widget-heading\" data-id=\"da24ecd\" data-element_type=\"widget\" data-e-type=\"widget\" data-settings=\"{&quot;shadepro_sticky&quot;:&quot;no&quot;}\" data-widget_type=\"heading.default\">\n\t\t\t\t<div class=\"elementor-widget-container\">\n\t\t\t\t\t<h1 class=\"elementor-heading-title elementor-size-default\">eLearning<\/h1>\t\t\t\t<\/div>\n\t\t\t\t<\/div>\n\t\t\t\t<div class=\"elementor-element elementor-element-637df97 shadepro-sticky-no elementor-widget elementor-widget-text-editor\" data-id=\"637df97\" data-element_type=\"widget\" data-e-type=\"widget\" data-settings=\"{&quot;shadepro_sticky&quot;:&quot;no&quot;}\" data-widget_type=\"text-editor.default\">\n\t\t\t\t<div class=\"elementor-widget-container\">\n\t\t\t\t\t\t\t\t\t<p>L&#8217;\u00e9change de connaissances en r\u00e9seau et l&#8217;acc\u00e8s flexible aux contenus d&#8217;apprentissage jouent un r\u00f4le essentiel dans de nombreuses entreprises et organisations lorsqu&#8217;il s&#8217;agit de former leurs employ\u00e9s ou leurs membres.<\/p>\t\t\t\t\t\t\t\t<\/div>\n\t\t\t\t<\/div>\n\t\t\t\t<section class=\"elementor-section elementor-inner-section elementor-element elementor-element-e72f4cb elementor-section-boxed elementor-section-height-default elementor-section-height-default shadepro-adv-gradient-no shadepro-sticky-no\" data-id=\"e72f4cb\" data-element_type=\"section\" data-e-type=\"section\" data-settings=\"{&quot;shadepro_sticky&quot;:&quot;no&quot;}\">\n\t\t\t\t\t\t<div class=\"elementor-container elementor-column-gap-default\">\n\t\t\t\t\t<div class=\"elementor-column elementor-col-100 elementor-inner-column elementor-element elementor-element-0056df0\" data-id=\"0056df0\" data-element_type=\"column\" data-e-type=\"column\">\n\t\t\t<div class=\"elementor-widget-wrap elementor-element-populated\">\n\t\t\t\t\t\t<div class=\"elementor-element elementor-element-ac56549 shadepro-sticky-no elementor-widget elementor-widget-text-editor\" data-id=\"ac56549\" data-element_type=\"widget\" data-e-type=\"widget\" data-settings=\"{&quot;shadepro_sticky&quot;:&quot;no&quot;}\" data-widget_type=\"text-editor.default\">\n\t\t\t\t<div class=\"elementor-widget-container\">\n\t\t\t\t\t\t\t\t\t<h3>Formation continue pour toute l&#8217;entreprise<\/h3><p>Ils doivent avoir la possibilit\u00e9 de d\u00e9velopper leurs connaissances et leurs comp\u00e9tences en ligne, ind\u00e9pendamment du temps et du lieu, de sorte que chaque personne puisse adapter le temps d&#8217;apprentissage \u00e0 son emploi du temps et \u00e0 sa vitesse d&#8217;apprentissage. Le succ\u00e8s d&#8217;un syst\u00e8me d&#8217;apprentissage en ligne efficace r\u00e9side non seulement dans la diffusion \u00e0 grande \u00e9chelle et la pr\u00e9sentation attrayante des contenus d&#8217;apprentissage, mais aussi dans le contr\u00f4le de la r\u00e9ussite de l&#8217;apprentissage. <\/p><p>Le module 1Tool eLearning assure une transmission efficace des connaissances au sein de votre entreprise et l&#8217;interaction n\u00e9cessaire entre les diff\u00e9rentes technologies afin d&#8217;offrir des prestations optimales dans le domaine de la formation pour vos collaborateurs.<\/p><p>Par exemple, une interface a \u00e9t\u00e9 cr\u00e9\u00e9e entre Open edX, une plateforme open source de cours en ligne, et le 1Tool. Ainsi, les employ\u00e9s d&#8217;une entreprise ou les membres d&#8217;une organisation, ainsi que les cours qu&#8217;ils doivent suivre, peuvent \u00eatre g\u00e9r\u00e9s de mani\u00e8re tr\u00e8s simple via le 1Tool. Les cours sont disponibles sous forme de modules web via la plateforme edX.  <\/p><p>Gr\u00e2ce \u00e0 l&#8217;int\u00e9gration parfaite du 1Tool dans l&#8217;Open edX Learning Management System (LMS), les contacts cr\u00e9\u00e9s dans le 1Tool peuvent facilement se connecter \u00e0 la plateforme et avoir ainsi acc\u00e8s aux cours en ligne. Le 1Tool permet \u00e9galement de d\u00e9finir quelles personnes doivent avoir acc\u00e8s \u00e0 quels cours, de sorte que seules ces personnes apparaissent lors de la connexion \u00e0 la plateforme. <\/p><p>L&#8217;un des principaux avantages du <strong>programme 1Tool eLearning <\/strong>est qu&#8217;il permet de v\u00e9rifier le niveau d&#8217;apprentissage de chaque personne. Ici aussi, l&#8217;interaction optimale entre 1Tool et Open edX LMS permet d&#8217;enregistrer facilement le statut de la formation. Cela implique la tenue d&#8217;un journal dans 1Tool, qui montre exactement o\u00f9 en sont les collaborateurs dans chaque module d&#8217;apprentissage et quels contenus n&#8217;ont pas encore \u00e9t\u00e9 d\u00e9velopp\u00e9s. Ainsi, d\u00e8s que des contacts se sont connect\u00e9s \u00e0 la plateforme d&#8217;apprentissage et ont suivi un cours, le 1Tool en est inform\u00e9 via Open edX et l&#8217;information est enregistr\u00e9e dans le logiciel. En outre, l&#8217;<g id=\"gid_1\">interface entre 1Tool et edX<\/g> fonctionne \u00e9galement comme un <g id=\"gid_2\">outil d&#8217;\u00e9valuation<\/g> efficace permettant aux entreprises et aux organisations de v\u00e9rifier le niveau de connaissances de leurs membres.    <\/p><p>1Tool vous permet, gr\u00e2ce au module eLearning, de publier des connaissances dans votre entreprise en appuyant sur un bouton et de mettre ainsi \u00e0 disposition des cours d&#8217;apprentissage adapt\u00e9s aux comp\u00e9tences et aux objectifs d&#8217;apprentissage de vos collaborateurs. Ainsi, le flux d&#8217;informations peut \u00eatre g\u00e9r\u00e9 de mani\u00e8re optimale et les qualifications n\u00e9cessaires peuvent \u00eatre d\u00e9velopp\u00e9es. <\/p>\t\t\t\t\t\t\t\t<\/div>\n\t\t\t\t<\/div>\n\t\t\t\t\t<\/div>\n\t\t<\/div>\n\t\t\t\t\t<\/div>\n\t\t<\/section>\n\t\t\t\t\t<\/div>\n\t\t<\/div>\n\t\t\t\t\t<\/div>\n\t\t<\/section>\n\t\t\t\t<\/div>\n\t\t","protected":false},"excerpt":{"rendered":"<p>eLearning L&#8217;\u00e9change de connaissances en r\u00e9seau et l&#8217;acc\u00e8s flexible aux contenus d&#8217;apprentissage jouent un r\u00f4le essentiel dans de nombreuses entreprises et organisations lorsqu&#8217;il s&#8217;agit de former leurs employ\u00e9s ou leurs membres. Formation continue pour toute l&#8217;entreprise Ils doivent avoir la possibilit\u00e9 de d\u00e9velopper leurs connaissances et leurs comp\u00e9tences en ligne, ind\u00e9pendamment du temps et du [&hellip;]<\/p>\n","protected":false},"author":1,"featured_media":0,"parent":79050,"menu_order":0,"comment_status":"closed","ping_status":"closed","template":"","meta":{"inline_featured_image":false,"footnotes":""},"class_list":["post-78882","page","type-page","status-publish","hentry"],"acf":[],"yoast_head":"<!-- This site is optimized with the Yoast SEO plugin v27.5 - https:\/\/yoast.com\/product\/yoast-seo-wordpress\/ -->\n<title>eLearning - 1Tool<\/title>\n<meta name=\"robots\" content=\"index, follow, max-snippet:-1, max-image-preview:large, max-video-preview:-1\" \/>\n<link rel=\"canonical\" href=\"https:\/\/www.1tool.com\/fr\/modules\/organisation-et-service\/wiki\/fonctions-du-module-wiki\/elearning\/\" \/>\n<meta property=\"og:locale\" content=\"fr_FR\" \/>\n<meta property=\"og:type\" content=\"article\" \/>\n<meta property=\"og:title\" content=\"eLearning - 1Tool\" \/>\n<meta property=\"og:description\" content=\"eLearning L&#8217;\u00e9change de connaissances en r\u00e9seau et l&#8217;acc\u00e8s flexible aux contenus d&#8217;apprentissage jouent un r\u00f4le essentiel dans de nombreuses entreprises et organisations lorsqu&#8217;il s&#8217;agit de former leurs employ\u00e9s ou leurs membres. Formation continue pour toute l&#8217;entreprise Ils doivent avoir la possibilit\u00e9 de d\u00e9velopper leurs connaissances et leurs comp\u00e9tences en ligne, ind\u00e9pendamment du temps et du [&hellip;]\" \/>\n<meta property=\"og:url\" content=\"https:\/\/www.1tool.com\/fr\/modules\/organisation-et-service\/wiki\/fonctions-du-module-wiki\/elearning\/\" \/>\n<meta property=\"og:site_name\" content=\"1Tool\" \/>\n<meta property=\"article:modified_time\" content=\"2026-05-07T12:59:31+00:00\" \/>\n<meta name=\"twitter:card\" content=\"summary_large_image\" \/>\n<meta name=\"twitter:label1\" content=\"Dur\u00e9e de lecture estim\u00e9e\" \/>\n\t<meta name=\"twitter:data1\" content=\"2 minutes\" \/>\n<script type=\"application\/ld+json\" class=\"yoast-schema-graph\">{\"@context\":\"https:\\\/\\\/schema.org\",\"@graph\":[{\"@type\":\"WebPage\",\"@id\":\"https:\\\/\\\/www.1tool.com\\\/fr\\\/modules\\\/organisation-et-service\\\/wiki\\\/fonctions-du-module-wiki\\\/elearning\\\/\",\"url\":\"https:\\\/\\\/www.1tool.com\\\/fr\\\/modules\\\/organisation-et-service\\\/wiki\\\/fonctions-du-module-wiki\\\/elearning\\\/\",\"name\":\"eLearning - 1Tool\",\"isPartOf\":{\"@id\":\"https:\\\/\\\/www.1tool.com\\\/fr\\\/#website\"},\"datePublished\":\"2022-03-30T16:36:45+00:00\",\"dateModified\":\"2026-05-07T12:59:31+00:00\",\"breadcrumb\":{\"@id\":\"https:\\\/\\\/www.1tool.com\\\/fr\\\/modules\\\/organisation-et-service\\\/wiki\\\/fonctions-du-module-wiki\\\/elearning\\\/#breadcrumb\"},\"inLanguage\":\"fr-FR\",\"potentialAction\":[{\"@type\":\"ReadAction\",\"target\":[\"https:\\\/\\\/www.1tool.com\\\/fr\\\/modules\\\/organisation-et-service\\\/wiki\\\/fonctions-du-module-wiki\\\/elearning\\\/\"]}]},{\"@type\":\"BreadcrumbList\",\"@id\":\"https:\\\/\\\/www.1tool.com\\\/fr\\\/modules\\\/organisation-et-service\\\/wiki\\\/fonctions-du-module-wiki\\\/elearning\\\/#breadcrumb\",\"itemListElement\":[{\"@type\":\"ListItem\",\"position\":1,\"name\":\"Home\",\"item\":\"https:\\\/\\\/www.1tool.com\\\/fr\\\/\"},{\"@type\":\"ListItem\",\"position\":2,\"name\":\"Modules\",\"item\":\"https:\\\/\\\/www.1tool.com\\\/fr\\\/module\\\/\"},{\"@type\":\"ListItem\",\"position\":3,\"name\":\"Organisation et service\",\"item\":\"https:\\\/\\\/www.1tool.com\\\/fr\\\/modules\\\/organisation-et-service\\\/\"},{\"@type\":\"ListItem\",\"position\":4,\"name\":\"Wiki\",\"item\":\"https:\\\/\\\/www.1tool.com\\\/fr\\\/modules\\\/organisation-et-service\\\/wiki\\\/\"},{\"@type\":\"ListItem\",\"position\":5,\"name\":\"Fonctions du module Wiki\",\"item\":\"https:\\\/\\\/www.1tool.com\\\/fr\\\/modules\\\/organisation-et-service\\\/wiki\\\/fonctions-du-module-wiki\\\/\"},{\"@type\":\"ListItem\",\"position\":6,\"name\":\"eLearning\"}]},{\"@type\":\"WebSite\",\"@id\":\"https:\\\/\\\/www.1tool.com\\\/fr\\\/#website\",\"url\":\"https:\\\/\\\/www.1tool.com\\\/fr\\\/\",\"name\":\"1Tool\",\"description\":\"CRM\",\"publisher\":{\"@id\":\"https:\\\/\\\/www.1tool.com\\\/fr\\\/#organization\"},\"potentialAction\":[{\"@type\":\"SearchAction\",\"target\":{\"@type\":\"EntryPoint\",\"urlTemplate\":\"https:\\\/\\\/www.1tool.com\\\/fr\\\/?s={search_term_string}\"},\"query-input\":{\"@type\":\"PropertyValueSpecification\",\"valueRequired\":true,\"valueName\":\"search_term_string\"}}],\"inLanguage\":\"fr-FR\"},{\"@type\":\"Organization\",\"@id\":\"https:\\\/\\\/www.1tool.com\\\/fr\\\/#organization\",\"name\":\"1Tool\",\"url\":\"https:\\\/\\\/www.1tool.com\\\/fr\\\/\",\"logo\":{\"@type\":\"ImageObject\",\"inLanguage\":\"fr-FR\",\"@id\":\"https:\\\/\\\/www.1tool.com\\\/fr\\\/#\\\/schema\\\/logo\\\/image\\\/\",\"url\":\"https:\\\/\\\/www.1tool.com\\\/wp-content\\\/uploads\\\/2022\\\/04\\\/1tool-1.png\",\"contentUrl\":\"https:\\\/\\\/www.1tool.com\\\/wp-content\\\/uploads\\\/2022\\\/04\\\/1tool-1.png\",\"width\":400,\"height\":150,\"caption\":\"1Tool\"},\"image\":{\"@id\":\"https:\\\/\\\/www.1tool.com\\\/fr\\\/#\\\/schema\\\/logo\\\/image\\\/\"}}]}<\/script>\n<!-- \/ Yoast SEO plugin. -->","yoast_head_json":{"title":"eLearning - 1Tool","robots":{"index":"index","follow":"follow","max-snippet":"max-snippet:-1","max-image-preview":"max-image-preview:large","max-video-preview":"max-video-preview:-1"},"canonical":"https:\/\/www.1tool.com\/fr\/modules\/organisation-et-service\/wiki\/fonctions-du-module-wiki\/elearning\/","og_locale":"fr_FR","og_type":"article","og_title":"eLearning - 1Tool","og_description":"eLearning L&#8217;\u00e9change de connaissances en r\u00e9seau et l&#8217;acc\u00e8s flexible aux contenus d&#8217;apprentissage jouent un r\u00f4le essentiel dans de nombreuses entreprises et organisations lorsqu&#8217;il s&#8217;agit de former leurs employ\u00e9s ou leurs membres. Formation continue pour toute l&#8217;entreprise Ils doivent avoir la possibilit\u00e9 de d\u00e9velopper leurs connaissances et leurs comp\u00e9tences en ligne, ind\u00e9pendamment du temps et du [&hellip;]","og_url":"https:\/\/www.1tool.com\/fr\/modules\/organisation-et-service\/wiki\/fonctions-du-module-wiki\/elearning\/","og_site_name":"1Tool","article_modified_time":"2026-05-07T12:59:31+00:00","twitter_card":"summary_large_image","twitter_misc":{"Dur\u00e9e de lecture estim\u00e9e":"2 minutes"},"schema":{"@context":"https:\/\/schema.org","@graph":[{"@type":"WebPage","@id":"https:\/\/www.1tool.com\/fr\/modules\/organisation-et-service\/wiki\/fonctions-du-module-wiki\/elearning\/","url":"https:\/\/www.1tool.com\/fr\/modules\/organisation-et-service\/wiki\/fonctions-du-module-wiki\/elearning\/","name":"eLearning - 1Tool","isPartOf":{"@id":"https:\/\/www.1tool.com\/fr\/#website"},"datePublished":"2022-03-30T16:36:45+00:00","dateModified":"2026-05-07T12:59:31+00:00","breadcrumb":{"@id":"https:\/\/www.1tool.com\/fr\/modules\/organisation-et-service\/wiki\/fonctions-du-module-wiki\/elearning\/#breadcrumb"},"inLanguage":"fr-FR","potentialAction":[{"@type":"ReadAction","target":["https:\/\/www.1tool.com\/fr\/modules\/organisation-et-service\/wiki\/fonctions-du-module-wiki\/elearning\/"]}]},{"@type":"BreadcrumbList","@id":"https:\/\/www.1tool.com\/fr\/modules\/organisation-et-service\/wiki\/fonctions-du-module-wiki\/elearning\/#breadcrumb","itemListElement":[{"@type":"ListItem","position":1,"name":"Home","item":"https:\/\/www.1tool.com\/fr\/"},{"@type":"ListItem","position":2,"name":"Modules","item":"https:\/\/www.1tool.com\/fr\/module\/"},{"@type":"ListItem","position":3,"name":"Organisation et service","item":"https:\/\/www.1tool.com\/fr\/modules\/organisation-et-service\/"},{"@type":"ListItem","position":4,"name":"Wiki","item":"https:\/\/www.1tool.com\/fr\/modules\/organisation-et-service\/wiki\/"},{"@type":"ListItem","position":5,"name":"Fonctions du module Wiki","item":"https:\/\/www.1tool.com\/fr\/modules\/organisation-et-service\/wiki\/fonctions-du-module-wiki\/"},{"@type":"ListItem","position":6,"name":"eLearning"}]},{"@type":"WebSite","@id":"https:\/\/www.1tool.com\/fr\/#website","url":"https:\/\/www.1tool.com\/fr\/","name":"1Tool","description":"CRM","publisher":{"@id":"https:\/\/www.1tool.com\/fr\/#organization"},"potentialAction":[{"@type":"SearchAction","target":{"@type":"EntryPoint","urlTemplate":"https:\/\/www.1tool.com\/fr\/?s={search_term_string}"},"query-input":{"@type":"PropertyValueSpecification","valueRequired":true,"valueName":"search_term_string"}}],"inLanguage":"fr-FR"},{"@type":"Organization","@id":"https:\/\/www.1tool.com\/fr\/#organization","name":"1Tool","url":"https:\/\/www.1tool.com\/fr\/","logo":{"@type":"ImageObject","inLanguage":"fr-FR","@id":"https:\/\/www.1tool.com\/fr\/#\/schema\/logo\/image\/","url":"https:\/\/www.1tool.com\/wp-content\/uploads\/2022\/04\/1tool-1.png","contentUrl":"https:\/\/www.1tool.com\/wp-content\/uploads\/2022\/04\/1tool-1.png","width":400,"height":150,"caption":"1Tool"},"image":{"@id":"https:\/\/www.1tool.com\/fr\/#\/schema\/logo\/image\/"}}]}},"_links":{"self":[{"href":"https:\/\/www.1tool.com\/fr\/wp-json\/wp\/v2\/pages\/78882","targetHints":{"allow":["GET"]}}],"collection":[{"href":"https:\/\/www.1tool.com\/fr\/wp-json\/wp\/v2\/pages"}],"about":[{"href":"https:\/\/www.1tool.com\/fr\/wp-json\/wp\/v2\/types\/page"}],"author":[{"embeddable":true,"href":"https:\/\/www.1tool.com\/fr\/wp-json\/wp\/v2\/users\/1"}],"replies":[{"embeddable":true,"href":"https:\/\/www.1tool.com\/fr\/wp-json\/wp\/v2\/comments?post=78882"}],"version-history":[{"count":1,"href":"https:\/\/www.1tool.com\/fr\/wp-json\/wp\/v2\/pages\/78882\/revisions"}],"predecessor-version":[{"id":78884,"href":"https:\/\/www.1tool.com\/fr\/wp-json\/wp\/v2\/pages\/78882\/revisions\/78884"}],"up":[{"embeddable":true,"href":"https:\/\/www.1tool.com\/fr\/wp-json\/wp\/v2\/pages\/79050"}],"wp:attachment":[{"href":"https:\/\/www.1tool.com\/fr\/wp-json\/wp\/v2\/media?parent=78882"}],"curies":[{"name":"wp","href":"https:\/\/api.w.org\/{rel}","templated":true}]}}