{"id":78885,"date":"2022-03-30T18:34:22","date_gmt":"2022-03-30T16:34:22","guid":{"rendered":"https:\/\/www.1tool.com\/systeme-de-tickets\/"},"modified":"2026-05-07T14:59:29","modified_gmt":"2026-05-07T12:59:29","slug":"systeme-de-tickets","status":"publish","type":"page","link":"https:\/\/www.1tool.com\/fr\/modules\/organisation-et-service\/billets-de-support\/fonctionnalites-module-de-tickets-de-support\/systeme-de-tickets\/","title":{"rendered":"Syst\u00e8me de tickets"},"content":{"rendered":"\t\t<div data-elementor-type=\"wp-page\" data-elementor-id=\"78885\" class=\"elementor elementor-78885 elementor-49492\" data-elementor-post-type=\"page\">\n\t\t\t\t\t\t<section class=\"elementor-section elementor-top-section elementor-element elementor-element-3ad15fc elementor-section-boxed elementor-section-height-default elementor-section-height-default shadepro-adv-gradient-no shadepro-sticky-no\" data-id=\"3ad15fc\" data-element_type=\"section\" data-e-type=\"section\" data-settings=\"{&quot;shadepro_sticky&quot;:&quot;no&quot;}\">\n\t\t\t\t\t\t<div class=\"elementor-container elementor-column-gap-default\">\n\t\t\t\t\t<div class=\"elementor-column elementor-col-100 elementor-top-column elementor-element elementor-element-f1c61ed\" data-id=\"f1c61ed\" data-element_type=\"column\" data-e-type=\"column\">\n\t\t\t<div class=\"elementor-widget-wrap elementor-element-populated\">\n\t\t\t\t\t\t<div class=\"elementor-element elementor-element-48990d0 shadepro-sticky-no elementor-widget elementor-widget-heading\" data-id=\"48990d0\" data-element_type=\"widget\" data-e-type=\"widget\" data-settings=\"{&quot;shadepro_sticky&quot;:&quot;no&quot;}\" data-widget_type=\"heading.default\">\n\t\t\t\t<div class=\"elementor-widget-container\">\n\t\t\t\t\t<h1 class=\"elementor-heading-title elementor-size-default\">Syst\u00e8me de tickets<\/h1>\t\t\t\t<\/div>\n\t\t\t\t<\/div>\n\t\t\t\t<div class=\"elementor-element elementor-element-86ed5a7 shadepro-sticky-no elementor-widget elementor-widget-text-editor\" data-id=\"86ed5a7\" data-element_type=\"widget\" data-e-type=\"widget\" data-settings=\"{&quot;shadepro_sticky&quot;:&quot;no&quot;}\" data-widget_type=\"text-editor.default\">\n\t\t\t\t<div class=\"elementor-widget-container\">\n\t\t\t\t\t\t\t\t\t<p>Le syst\u00e8me de tickets 1Tool CRM vous aide \u00e0 g\u00e9rer au mieux votre support client &#8211; de la demande \u00e0 la solution de service finale.<\/p>\t\t\t\t\t\t\t\t<\/div>\n\t\t\t\t<\/div>\n\t\t\t\t<section class=\"elementor-section elementor-inner-section elementor-element elementor-element-78e1ff6 elementor-section-boxed elementor-section-height-default elementor-section-height-default shadepro-adv-gradient-no shadepro-sticky-no\" data-id=\"78e1ff6\" data-element_type=\"section\" data-e-type=\"section\" data-settings=\"{&quot;shadepro_sticky&quot;:&quot;no&quot;}\">\n\t\t\t\t\t\t<div class=\"elementor-container elementor-column-gap-default\">\n\t\t\t\t\t<div class=\"elementor-column elementor-col-100 elementor-inner-column elementor-element elementor-element-4575fd7\" data-id=\"4575fd7\" data-element_type=\"column\" data-e-type=\"column\">\n\t\t\t<div class=\"elementor-widget-wrap elementor-element-populated\">\n\t\t\t\t\t\t<div class=\"elementor-element elementor-element-a2ebbb3 shadepro-sticky-no elementor-widget elementor-widget-text-editor\" data-id=\"a2ebbb3\" data-element_type=\"widget\" data-e-type=\"widget\" data-settings=\"{&quot;shadepro_sticky&quot;:&quot;no&quot;}\" data-widget_type=\"text-editor.default\">\n\t\t\t\t<div class=\"elementor-widget-container\">\n\t\t\t\t\t\t\t\t\t<h3>Une meilleure qualit\u00e9 de service gr\u00e2ce \u00e0 une gestion intelligente des tickets<\/h3><p>Le <strong>logiciel 1Tool Ticket System<\/strong> est la solution id\u00e9ale pour votre service client et vous aide \u00e0 g\u00e9rer efficacement les probl\u00e8mes et les demandes de vos clients, partenaires ou fournisseurs. Toute la gestion des tickets, de l&#8217;enregistrement de la demande au traitement interne et \u00e0 l&#8217;attribution des t\u00e2ches, en passant par le suivi continu et le d\u00e9ploiement d&#8217;une solution, est g\u00e9r\u00e9e dans une base de donn\u00e9es centrale. Il suffit d&#8217;appuyer sur un bouton pour <g id=\"gid_1\">classer les tickets par ordre de priorit\u00e9<\/g> et les distribuer aux personnes responsables. La <g id=\"gid_2\">gestion des tickets<\/g> 1Tool garantit ainsi que chaque demande de support sera trait\u00e9e dans un d\u00e9lai raisonnable. Cela vous permet non seulement de minimiser le temps d&#8217;attente de vos clients, mais aussi de r\u00e9duire l&#8217;ensemble de vos co\u00fbts de support \u00e0 l&#8217;essentiel.    <\/p><h3>Le syst\u00e8me de tickets CRM met l&#8217;accent sur vos relations avec les clients<\/h3><p>En p\u00e9riode de forte concurrence, le traitement des demandes et la r\u00e9solution des probl\u00e8mes des clients dans les d\u00e9lais impartis jouent un r\u00f4le de plus en plus important dans la satisfaction des clients. Le <g id=\"gid_0\">portail client 1Tool<\/g> permet \u00e0 vos clients de cr\u00e9er des tickets et de suivre le statut et le temps de travail investi. De plus, vous informez vos groupes de contact de l&#8217;avancement des tickets et de la r\u00e9solution des probl\u00e8mes gr\u00e2ce \u00e0 des notifications automatis\u00e9es. Cela permet d&#8217;am\u00e9liorer consid\u00e9rablement la communication avec vos clients et de r\u00e9duire le nombre d&#8217;appels au support. Par cons\u00e9quent, <g id=\"gid_1\">le personnel de service et d&#8217;assistance est moins sollicit\u00e9<\/g> et peut se concentrer sur l&#8217;essentiel : Vos clients. La rapidit\u00e9 de r\u00e9action et l&#8217;optimisation du flux d&#8217;informations augmentent la satisfaction et la fid\u00e9lisation des clients et rendent votre <g id=\"gid_2\">service client plus performant<\/g> que jamais.     <\/p><h3>Plus rapide, plus simple, plus commun &#8211; 1Tool Ticket Software<\/h3><p>Qu&#8217;il s&#8217;agisse d&#8217;une demande de vente, d&#8217;un support client ou d&#8217;une plainte, le syst\u00e8me de tickets CRM de 1Tool vous permet d&#8217;assurer un traitement des t\u00e2ches orient\u00e9 vers le service et les objectifs, ce qui vous fait gagner du temps et de l&#8217;argent. Les priorit\u00e9s, les d\u00e9lais et les progr\u00e8s sont visibles pour tous les employ\u00e9s. Gr\u00e2ce \u00e0 une liste de tickets structur\u00e9e, aucun ticket n&#8217;est perdu ou oubli\u00e9, m\u00eame en cas de grand nombre de demandes d&#8217;assistance.  <\/p><p>Avec le syst\u00e8me de tickets 1Tool, la collaboration interne devient \u00e9galement un jeu d&#8217;enfant &#8211; en appuyant sur un bouton, les tickets sont transform\u00e9s en t\u00e2ches ou sous-demandes et distribu\u00e9s au personnel appropri\u00e9 pour un traitement plus rapide et plus efficace des tickets. Ces derniers enregistrent leurs heures de travail avec pr\u00e9cision, ce qui permet de suivre facilement le traitement et les ressources n\u00e9cessaires pour chaque ticket. En fin de compte, une image pr\u00e9cise du client et de ses besoins est cr\u00e9\u00e9e &#8211; les agents de service d\u00e9veloppent une meilleure compr\u00e9hension des clients, savent exactement comment communiquer avec eux et assurent ainsi des relations \u00e0 long terme avec les clients.  <\/p><h3>Traitement rapide des tickets gr\u00e2ce \u00e0 une base de connaissances \u00e9tendue<\/h3><p>En documentant concr\u00e8tement tous les tickets et solutions, vous enrichissez continuellement votre <strong>base de connaissances CRM<\/strong>, que vous pouvez \u00e9galement utiliser \u00e0 votre avantage pour de futures demandes. Avec l&#8217;aide de la base de connaissances 1Tool, vous enregistrez des concepts de solutions et les partagez avec toute votre \u00e9quipe. Ainsi, les demandes peuvent non seulement \u00eatre reprises plus facilement par des coll\u00e8gues, mais aussi \u00eatre trait\u00e9es de mani\u00e8re beaucoup plus productive. Les probl\u00e8mes similaires et r\u00e9currents peuvent \u00eatre r\u00e9solus plus rapidement avec le <g id=\"gid_1\">syst\u00e8me de tickets <\/g>, car les premi\u00e8res propositions peuvent \u00eatre faites au client d\u00e8s le premier contact. Un taux de r\u00e9solution plus \u00e9lev\u00e9, une satisfaction accrue des clients et une meilleure image de marque &#8211; vos clients seront ravis du professionnalisme de votre entreprise !    <\/p><h4>Avantages du logiciel Ticket System :<\/h4><ul><li>Am\u00e9lioration de la satisfaction et de la fid\u00e9lisation des clients<\/li><li>R\u00e9duction du temps et des ressources<\/li><li>Un service client efficace et une productivit\u00e9 accrue<\/li><li>Cr\u00e9ation d&#8217;une base de connaissances \u00e9tendue<\/li><li>Saisie structur\u00e9e et documentation des tickets<\/li><li>R\u00e9action en temps opportun et recherche de solutions<\/li><li>Optimisation du flux d&#8217;informations et am\u00e9lioration du travail d&#8217;\u00e9quipe<\/li><li>Assistance 24h\/24 et 7j\/7 gr\u00e2ce au portail en libre-service pour les clients<\/li><\/ul>\t\t\t\t\t\t\t\t<\/div>\n\t\t\t\t<\/div>\n\t\t\t\t\t<\/div>\n\t\t<\/div>\n\t\t\t\t\t<\/div>\n\t\t<\/section>\n\t\t\t\t\t<\/div>\n\t\t<\/div>\n\t\t\t\t\t<\/div>\n\t\t<\/section>\n\t\t\t\t<\/div>\n\t\t","protected":false},"excerpt":{"rendered":"<p>Syst\u00e8me de tickets Le syst\u00e8me de tickets 1Tool CRM vous aide \u00e0 g\u00e9rer au mieux votre support client &#8211; de la demande \u00e0 la solution de service finale. Une meilleure qualit\u00e9 de service gr\u00e2ce \u00e0 une gestion intelligente des tickets Le logiciel 1Tool Ticket System est la solution id\u00e9ale pour votre service client et vous [&hellip;]<\/p>\n","protected":false},"author":1,"featured_media":0,"parent":79044,"menu_order":0,"comment_status":"closed","ping_status":"closed","template":"","meta":{"inline_featured_image":false,"footnotes":""},"class_list":["post-78885","page","type-page","status-publish","hentry"],"acf":[],"yoast_head":"<!-- This site is optimized with the Yoast SEO plugin v27.5 - https:\/\/yoast.com\/product\/yoast-seo-wordpress\/ -->\n<title>Syst\u00e8me de tickets - 1Tool<\/title>\n<meta name=\"robots\" content=\"index, follow, max-snippet:-1, max-image-preview:large, max-video-preview:-1\" \/>\n<link rel=\"canonical\" href=\"https:\/\/www.1tool.com\/fr\/modules\/organisation-et-service\/billets-de-support\/fonctionnalites-module-de-tickets-de-support\/systeme-de-tickets\/\" \/>\n<meta property=\"og:locale\" content=\"fr_FR\" \/>\n<meta property=\"og:type\" content=\"article\" \/>\n<meta property=\"og:title\" content=\"Syst\u00e8me de tickets - 1Tool\" \/>\n<meta property=\"og:description\" content=\"Syst\u00e8me de tickets Le syst\u00e8me de tickets 1Tool CRM vous aide \u00e0 g\u00e9rer au mieux votre support client &#8211; de la demande \u00e0 la solution de service finale. Une meilleure qualit\u00e9 de service gr\u00e2ce \u00e0 une gestion intelligente des tickets Le logiciel 1Tool Ticket System est la solution id\u00e9ale pour votre service client et vous [&hellip;]\" \/>\n<meta property=\"og:url\" content=\"https:\/\/www.1tool.com\/fr\/modules\/organisation-et-service\/billets-de-support\/fonctionnalites-module-de-tickets-de-support\/systeme-de-tickets\/\" \/>\n<meta property=\"og:site_name\" content=\"1Tool\" \/>\n<meta property=\"article:modified_time\" content=\"2026-05-07T12:59:29+00:00\" \/>\n<meta name=\"twitter:card\" content=\"summary_large_image\" \/>\n<meta name=\"twitter:label1\" content=\"Dur\u00e9e de lecture estim\u00e9e\" \/>\n\t<meta name=\"twitter:data1\" content=\"4 minutes\" \/>\n<script type=\"application\/ld+json\" class=\"yoast-schema-graph\">{\"@context\":\"https:\\\/\\\/schema.org\",\"@graph\":[{\"@type\":\"WebPage\",\"@id\":\"https:\\\/\\\/www.1tool.com\\\/fr\\\/modules\\\/organisation-et-service\\\/billets-de-support\\\/fonctionnalites-module-de-tickets-de-support\\\/systeme-de-tickets\\\/\",\"url\":\"https:\\\/\\\/www.1tool.com\\\/fr\\\/modules\\\/organisation-et-service\\\/billets-de-support\\\/fonctionnalites-module-de-tickets-de-support\\\/systeme-de-tickets\\\/\",\"name\":\"Syst\u00e8me de tickets - 1Tool\",\"isPartOf\":{\"@id\":\"https:\\\/\\\/www.1tool.com\\\/fr\\\/#website\"},\"datePublished\":\"2022-03-30T16:34:22+00:00\",\"dateModified\":\"2026-05-07T12:59:29+00:00\",\"breadcrumb\":{\"@id\":\"https:\\\/\\\/www.1tool.com\\\/fr\\\/modules\\\/organisation-et-service\\\/billets-de-support\\\/fonctionnalites-module-de-tickets-de-support\\\/systeme-de-tickets\\\/#breadcrumb\"},\"inLanguage\":\"fr-FR\",\"potentialAction\":[{\"@type\":\"ReadAction\",\"target\":[\"https:\\\/\\\/www.1tool.com\\\/fr\\\/modules\\\/organisation-et-service\\\/billets-de-support\\\/fonctionnalites-module-de-tickets-de-support\\\/systeme-de-tickets\\\/\"]}]},{\"@type\":\"BreadcrumbList\",\"@id\":\"https:\\\/\\\/www.1tool.com\\\/fr\\\/modules\\\/organisation-et-service\\\/billets-de-support\\\/fonctionnalites-module-de-tickets-de-support\\\/systeme-de-tickets\\\/#breadcrumb\",\"itemListElement\":[{\"@type\":\"ListItem\",\"position\":1,\"name\":\"Home\",\"item\":\"https:\\\/\\\/www.1tool.com\\\/fr\\\/\"},{\"@type\":\"ListItem\",\"position\":2,\"name\":\"Modules\",\"item\":\"https:\\\/\\\/www.1tool.com\\\/fr\\\/module\\\/\"},{\"@type\":\"ListItem\",\"position\":3,\"name\":\"Organisation et service\",\"item\":\"https:\\\/\\\/www.1tool.com\\\/fr\\\/modules\\\/organisation-et-service\\\/\"},{\"@type\":\"ListItem\",\"position\":4,\"name\":\"Billets de support\",\"item\":\"https:\\\/\\\/www.1tool.com\\\/fr\\\/modules\\\/organisation-et-service\\\/billets-de-support\\\/\"},{\"@type\":\"ListItem\",\"position\":5,\"name\":\"Fonctionnalit\u00e9s Module de tickets de support\",\"item\":\"https:\\\/\\\/www.1tool.com\\\/fr\\\/modules\\\/organisation-et-service\\\/billets-de-support\\\/fonctionnalites-module-de-tickets-de-support\\\/\"},{\"@type\":\"ListItem\",\"position\":6,\"name\":\"Syst\u00e8me de tickets\"}]},{\"@type\":\"WebSite\",\"@id\":\"https:\\\/\\\/www.1tool.com\\\/fr\\\/#website\",\"url\":\"https:\\\/\\\/www.1tool.com\\\/fr\\\/\",\"name\":\"1Tool\",\"description\":\"CRM\",\"publisher\":{\"@id\":\"https:\\\/\\\/www.1tool.com\\\/fr\\\/#organization\"},\"potentialAction\":[{\"@type\":\"SearchAction\",\"target\":{\"@type\":\"EntryPoint\",\"urlTemplate\":\"https:\\\/\\\/www.1tool.com\\\/fr\\\/?s={search_term_string}\"},\"query-input\":{\"@type\":\"PropertyValueSpecification\",\"valueRequired\":true,\"valueName\":\"search_term_string\"}}],\"inLanguage\":\"fr-FR\"},{\"@type\":\"Organization\",\"@id\":\"https:\\\/\\\/www.1tool.com\\\/fr\\\/#organization\",\"name\":\"1Tool\",\"url\":\"https:\\\/\\\/www.1tool.com\\\/fr\\\/\",\"logo\":{\"@type\":\"ImageObject\",\"inLanguage\":\"fr-FR\",\"@id\":\"https:\\\/\\\/www.1tool.com\\\/fr\\\/#\\\/schema\\\/logo\\\/image\\\/\",\"url\":\"https:\\\/\\\/www.1tool.com\\\/wp-content\\\/uploads\\\/2022\\\/04\\\/1tool-1.png\",\"contentUrl\":\"https:\\\/\\\/www.1tool.com\\\/wp-content\\\/uploads\\\/2022\\\/04\\\/1tool-1.png\",\"width\":400,\"height\":150,\"caption\":\"1Tool\"},\"image\":{\"@id\":\"https:\\\/\\\/www.1tool.com\\\/fr\\\/#\\\/schema\\\/logo\\\/image\\\/\"}}]}<\/script>\n<!-- \/ Yoast SEO plugin. -->","yoast_head_json":{"title":"Syst\u00e8me de tickets - 1Tool","robots":{"index":"index","follow":"follow","max-snippet":"max-snippet:-1","max-image-preview":"max-image-preview:large","max-video-preview":"max-video-preview:-1"},"canonical":"https:\/\/www.1tool.com\/fr\/modules\/organisation-et-service\/billets-de-support\/fonctionnalites-module-de-tickets-de-support\/systeme-de-tickets\/","og_locale":"fr_FR","og_type":"article","og_title":"Syst\u00e8me de tickets - 1Tool","og_description":"Syst\u00e8me de tickets Le syst\u00e8me de tickets 1Tool CRM vous aide \u00e0 g\u00e9rer au mieux votre support client &#8211; de la demande \u00e0 la solution de service finale. Une meilleure qualit\u00e9 de service gr\u00e2ce \u00e0 une gestion intelligente des tickets Le logiciel 1Tool Ticket System est la solution id\u00e9ale pour votre service client et vous [&hellip;]","og_url":"https:\/\/www.1tool.com\/fr\/modules\/organisation-et-service\/billets-de-support\/fonctionnalites-module-de-tickets-de-support\/systeme-de-tickets\/","og_site_name":"1Tool","article_modified_time":"2026-05-07T12:59:29+00:00","twitter_card":"summary_large_image","twitter_misc":{"Dur\u00e9e de lecture estim\u00e9e":"4 minutes"},"schema":{"@context":"https:\/\/schema.org","@graph":[{"@type":"WebPage","@id":"https:\/\/www.1tool.com\/fr\/modules\/organisation-et-service\/billets-de-support\/fonctionnalites-module-de-tickets-de-support\/systeme-de-tickets\/","url":"https:\/\/www.1tool.com\/fr\/modules\/organisation-et-service\/billets-de-support\/fonctionnalites-module-de-tickets-de-support\/systeme-de-tickets\/","name":"Syst\u00e8me de tickets - 1Tool","isPartOf":{"@id":"https:\/\/www.1tool.com\/fr\/#website"},"datePublished":"2022-03-30T16:34:22+00:00","dateModified":"2026-05-07T12:59:29+00:00","breadcrumb":{"@id":"https:\/\/www.1tool.com\/fr\/modules\/organisation-et-service\/billets-de-support\/fonctionnalites-module-de-tickets-de-support\/systeme-de-tickets\/#breadcrumb"},"inLanguage":"fr-FR","potentialAction":[{"@type":"ReadAction","target":["https:\/\/www.1tool.com\/fr\/modules\/organisation-et-service\/billets-de-support\/fonctionnalites-module-de-tickets-de-support\/systeme-de-tickets\/"]}]},{"@type":"BreadcrumbList","@id":"https:\/\/www.1tool.com\/fr\/modules\/organisation-et-service\/billets-de-support\/fonctionnalites-module-de-tickets-de-support\/systeme-de-tickets\/#breadcrumb","itemListElement":[{"@type":"ListItem","position":1,"name":"Home","item":"https:\/\/www.1tool.com\/fr\/"},{"@type":"ListItem","position":2,"name":"Modules","item":"https:\/\/www.1tool.com\/fr\/module\/"},{"@type":"ListItem","position":3,"name":"Organisation et service","item":"https:\/\/www.1tool.com\/fr\/modules\/organisation-et-service\/"},{"@type":"ListItem","position":4,"name":"Billets de support","item":"https:\/\/www.1tool.com\/fr\/modules\/organisation-et-service\/billets-de-support\/"},{"@type":"ListItem","position":5,"name":"Fonctionnalit\u00e9s Module de tickets de support","item":"https:\/\/www.1tool.com\/fr\/modules\/organisation-et-service\/billets-de-support\/fonctionnalites-module-de-tickets-de-support\/"},{"@type":"ListItem","position":6,"name":"Syst\u00e8me de tickets"}]},{"@type":"WebSite","@id":"https:\/\/www.1tool.com\/fr\/#website","url":"https:\/\/www.1tool.com\/fr\/","name":"1Tool","description":"CRM","publisher":{"@id":"https:\/\/www.1tool.com\/fr\/#organization"},"potentialAction":[{"@type":"SearchAction","target":{"@type":"EntryPoint","urlTemplate":"https:\/\/www.1tool.com\/fr\/?s={search_term_string}"},"query-input":{"@type":"PropertyValueSpecification","valueRequired":true,"valueName":"search_term_string"}}],"inLanguage":"fr-FR"},{"@type":"Organization","@id":"https:\/\/www.1tool.com\/fr\/#organization","name":"1Tool","url":"https:\/\/www.1tool.com\/fr\/","logo":{"@type":"ImageObject","inLanguage":"fr-FR","@id":"https:\/\/www.1tool.com\/fr\/#\/schema\/logo\/image\/","url":"https:\/\/www.1tool.com\/wp-content\/uploads\/2022\/04\/1tool-1.png","contentUrl":"https:\/\/www.1tool.com\/wp-content\/uploads\/2022\/04\/1tool-1.png","width":400,"height":150,"caption":"1Tool"},"image":{"@id":"https:\/\/www.1tool.com\/fr\/#\/schema\/logo\/image\/"}}]}},"_links":{"self":[{"href":"https:\/\/www.1tool.com\/fr\/wp-json\/wp\/v2\/pages\/78885","targetHints":{"allow":["GET"]}}],"collection":[{"href":"https:\/\/www.1tool.com\/fr\/wp-json\/wp\/v2\/pages"}],"about":[{"href":"https:\/\/www.1tool.com\/fr\/wp-json\/wp\/v2\/types\/page"}],"author":[{"embeddable":true,"href":"https:\/\/www.1tool.com\/fr\/wp-json\/wp\/v2\/users\/1"}],"replies":[{"embeddable":true,"href":"https:\/\/www.1tool.com\/fr\/wp-json\/wp\/v2\/comments?post=78885"}],"version-history":[{"count":1,"href":"https:\/\/www.1tool.com\/fr\/wp-json\/wp\/v2\/pages\/78885\/revisions"}],"predecessor-version":[{"id":78887,"href":"https:\/\/www.1tool.com\/fr\/wp-json\/wp\/v2\/pages\/78885\/revisions\/78887"}],"up":[{"embeddable":true,"href":"https:\/\/www.1tool.com\/fr\/wp-json\/wp\/v2\/pages\/79044"}],"wp:attachment":[{"href":"https:\/\/www.1tool.com\/fr\/wp-json\/wp\/v2\/media?parent=78885"}],"curies":[{"name":"wp","href":"https:\/\/api.w.org\/{rel}","templated":true}]}}