{"id":78886,"date":"2022-03-31T04:08:43","date_gmt":"2022-03-31T02:08:43","guid":{"rendered":"https:\/\/www.1tool.com\/gestion-de-projet\/"},"modified":"2026-05-07T14:59:15","modified_gmt":"2026-05-07T12:59:15","slug":"gestion-de-projet","status":"publish","type":"page","link":"https:\/\/www.1tool.com\/fr\/modules\/organisation-et-service\/projets\/fonctions-module-projet\/gestion-de-projet\/","title":{"rendered":"Gestion de projet"},"content":{"rendered":"\t\t<div data-elementor-type=\"wp-page\" data-elementor-id=\"78886\" class=\"elementor elementor-78886 elementor-49632\" data-elementor-post-type=\"page\">\n\t\t\t\t\t\t<section class=\"elementor-section elementor-top-section elementor-element elementor-element-effcf3f elementor-section-boxed elementor-section-height-default elementor-section-height-default shadepro-adv-gradient-no shadepro-sticky-no\" data-id=\"effcf3f\" data-element_type=\"section\" data-e-type=\"section\" data-settings=\"{&quot;shadepro_sticky&quot;:&quot;no&quot;}\">\n\t\t\t\t\t\t<div class=\"elementor-container elementor-column-gap-default\">\n\t\t\t\t\t<div class=\"elementor-column elementor-col-100 elementor-top-column elementor-element elementor-element-130732a\" data-id=\"130732a\" data-element_type=\"column\" data-e-type=\"column\">\n\t\t\t<div class=\"elementor-widget-wrap elementor-element-populated\">\n\t\t\t\t\t\t<div class=\"elementor-element elementor-element-a07af4b shadepro-sticky-no elementor-widget elementor-widget-heading\" data-id=\"a07af4b\" data-element_type=\"widget\" data-e-type=\"widget\" data-settings=\"{&quot;shadepro_sticky&quot;:&quot;no&quot;}\" data-widget_type=\"heading.default\">\n\t\t\t\t<div class=\"elementor-widget-container\">\n\t\t\t\t\t<h1 class=\"elementor-heading-title elementor-size-default\">Gestion de projet<\/h1>\t\t\t\t<\/div>\n\t\t\t\t<\/div>\n\t\t\t\t<div class=\"elementor-element elementor-element-bdd4c81 shadepro-sticky-no elementor-widget elementor-widget-text-editor\" data-id=\"bdd4c81\" data-element_type=\"widget\" data-e-type=\"widget\" data-settings=\"{&quot;shadepro_sticky&quot;:&quot;no&quot;}\" data-widget_type=\"text-editor.default\">\n\t\t\t\t<div class=\"elementor-widget-container\">\n\t\t\t\t\t\t\t\t\t<p>Le logiciel de gestion de projet 1Tool vous permet de g\u00e9rer et de coordonner vos projets en toute simplicit\u00e9.<\/p>\t\t\t\t\t\t\t\t<\/div>\n\t\t\t\t<\/div>\n\t\t\t\t<section class=\"elementor-section elementor-inner-section elementor-element elementor-element-303f605 elementor-section-boxed elementor-section-height-default elementor-section-height-default shadepro-adv-gradient-no shadepro-sticky-no\" data-id=\"303f605\" data-element_type=\"section\" data-e-type=\"section\" data-settings=\"{&quot;shadepro_sticky&quot;:&quot;no&quot;}\">\n\t\t\t\t\t\t<div class=\"elementor-container elementor-column-gap-default\">\n\t\t\t\t\t<div class=\"elementor-column elementor-col-100 elementor-inner-column elementor-element elementor-element-e9f6e8c\" data-id=\"e9f6e8c\" data-element_type=\"column\" data-e-type=\"column\">\n\t\t\t<div class=\"elementor-widget-wrap elementor-element-populated\">\n\t\t\t\t\t\t<div class=\"elementor-element elementor-element-f9317e4 shadepro-sticky-no elementor-widget elementor-widget-text-editor\" data-id=\"f9317e4\" data-element_type=\"widget\" data-e-type=\"widget\" data-settings=\"{&quot;shadepro_sticky&quot;:&quot;no&quot;}\" data-widget_type=\"text-editor.default\">\n\t\t\t\t<div class=\"elementor-widget-container\">\n\t\t\t\t\t\t\t\t\t<h3>Un logiciel de gestion de projet puissant pour votre entreprise !<\/h3><p>1Tool est un logiciel de gestion de projet professionnel qui vous permet de planifier et de coordonner vos projets en un clic. Les fonctions de l&#8217;outil de gestion de projets vont de l&#8217;aper\u00e7u complet de tous les projets de l&#8217;entreprise \u00e0 l&#8217;\u00e9valuation finale et \u00e0 la facturation de vos projets, en passant par la r\u00e9partition pr\u00e9cise des t\u00e2ches, du temps et des ressources. Travailler plus vite et plus efficacement, telle est la devise de notre logiciel de gestion de projets. En quelques clics, vous pouvez donc coordonner les \u00e9quipes et d\u00e9finir les priorit\u00e9s. Gr\u00e2ce au partage d&#8217;une base de donn\u00e9es centrale, vous am\u00e9liorez la communication interne entre les collaborateurs et gagnez beaucoup de temps dans la recherche des d\u00e9tails pertinents du projet.   <\/p><h4>Gestion de projet en ligne<\/h4><p>Notre logiciel de gestion de projet 1Tool est bas\u00e9 sur le web et peut donc \u00eatre utilis\u00e9 par vos employ\u00e9s ind\u00e9pendamment du temps et du lieu. Que vous soyez en d\u00e9placement, \u00e0 la maison ou au bureau, la planification et le traitement de vos projets se font \u00e0 l&#8217;\u00e9chelle de l&#8217;entreprise et augmentent consid\u00e9rablement l&#8217;efficacit\u00e9 de votre entreprise. Gr\u00e2ce \u00e0 l&#8217;enregistrement pr\u00e9cis des t\u00e2ches, de la correspondance par e-mail, des notes et des co\u00fbts pour chaque projet, vous et vos collaborateurs b\u00e9n\u00e9ficiez d&#8217;une vue d&#8217;ensemble compl\u00e8te du projet. De plus, la gestion de projet en ligne garantit l&#8217;actualit\u00e9 de toutes les informations sur les projets gr\u00e2ce \u00e0 une synchronisation en temps r\u00e9el, ce qui permet \u00e0 votre \u00e9quipe de prendre des mesures et des mesures cibl\u00e9es pour assurer la r\u00e9ussite du projet.   <\/p><h3>Contr\u00f4le de projet &#8211; \u00e9valuation et contr\u00f4le faciles de vos projets<\/h3><p>Avec le programme de gestion de projet 1Tool, le contr\u00f4le de projet devient un jeu d&#8217;enfant. En appuyant sur un bouton, vous pouvez comparer le temps r\u00e9el du projet et les finances avec vos plans. Les \u00e9carts peuvent \u00eatre d\u00e9tect\u00e9s rapidement et des mesures correctives peuvent \u00eatre pr\u00e9par\u00e9es. En plus des comparaisons entre le plan et le r\u00e9el, le logiciel de contr\u00f4le de projet offre de nombreux rapports standard sur les ventes, les marges, les co\u00fbts et les t\u00e2ches en cours. Le contr\u00f4le de projet 1Tool vous aide \u00e0 rendre vos d\u00e9penses et indicateurs de projet transparents et g\u00e9rables en temps r\u00e9el. De plus, notre logiciel de gestion de projet vous permet de diviser vos projets en diff\u00e9rentes phases, ce qui vous permet de conna\u00eetre imm\u00e9diatement le statut et l&#8217;avancement de chaque projet.     <\/p><h4>Barre de projet pour une vue d&#8217;ensemble graphique du projet<\/h4><p>Outre l&#8217;\u00e9valuation de divers indicateurs de contr\u00f4le de projet, le logiciel de gestion de projet de 1Tool permet \u00e9galement de repr\u00e9senter graphiquement l&#8217;ordre chronologique des projets et des t\u00e2ches. Avec le diagramme de Gantt, vous disposez d&#8217;un instrument de gestion de projet qui vous permet de visualiser toutes les \u00e9tapes et activit\u00e9s du projet sous forme de barres et de les synchroniser en un clic. Les d\u00e9pendances entre les t\u00e2ches sont \u00e9galement prises en charge par la barre de projet 1Tool &#8211; en cas de modification des d\u00e9lais, les t\u00e2ches qui d\u00e9pendent d&#8217;autres activit\u00e9s sont ainsi automatiquement d\u00e9plac\u00e9es.  <\/p><h4>Logiciel de saisie des temps de projet<\/h4><p>Le logiciel de gestion de projet 1Tool vous permet de saisir facilement le temps consacr\u00e9 \u00e0 un projet afin de pr\u00e9parer les co\u00fbts li\u00e9s aux heures de travail, \u00e0 la communication sur le projet, aux d\u00e9placements et aux autres d\u00e9penses pour la comptabilit\u00e9. La saisie du temps dans la gestion de projet peut se faire en direct via un chronom\u00e8tre ou manuellement apr\u00e8s coup. O\u00f9 que vous soyez, la saisie des temps de projet peut \u00e9galement \u00eatre utilis\u00e9e sur un smartphone ou une tablette.  <\/p>\t\t\t\t\t\t\t\t<\/div>\n\t\t\t\t<\/div>\n\t\t\t\t\t<\/div>\n\t\t<\/div>\n\t\t\t\t\t<\/div>\n\t\t<\/section>\n\t\t\t\t\t<\/div>\n\t\t<\/div>\n\t\t\t\t\t<\/div>\n\t\t<\/section>\n\t\t\t\t<\/div>\n\t\t","protected":false},"excerpt":{"rendered":"<p>Gestion de projet Le logiciel de gestion de projet 1Tool vous permet de g\u00e9rer et de coordonner vos projets en toute simplicit\u00e9. Un logiciel de gestion de projet puissant pour votre entreprise ! 1Tool est un logiciel de gestion de projet professionnel qui vous permet de planifier et de coordonner vos projets en un clic. [&hellip;]<\/p>\n","protected":false},"author":1,"featured_media":0,"parent":79027,"menu_order":0,"comment_status":"closed","ping_status":"closed","template":"","meta":{"inline_featured_image":false,"footnotes":""},"class_list":["post-78886","page","type-page","status-publish","hentry"],"acf":[],"yoast_head":"<!-- This site is optimized with the Yoast SEO plugin v27.5 - https:\/\/yoast.com\/product\/yoast-seo-wordpress\/ -->\n<title>Gestion de projet - 1Tool<\/title>\n<meta name=\"robots\" content=\"index, follow, max-snippet:-1, max-image-preview:large, max-video-preview:-1\" \/>\n<link rel=\"canonical\" href=\"https:\/\/www.1tool.com\/fr\/modules\/organisation-et-service\/projets\/fonctions-module-projet\/gestion-de-projet\/\" \/>\n<meta property=\"og:locale\" content=\"fr_FR\" \/>\n<meta property=\"og:type\" content=\"article\" \/>\n<meta property=\"og:title\" content=\"Gestion de projet - 1Tool\" \/>\n<meta property=\"og:description\" content=\"Gestion de projet Le logiciel de gestion de projet 1Tool vous permet de g\u00e9rer et de coordonner vos projets en toute simplicit\u00e9. Un logiciel de gestion de projet puissant pour votre entreprise ! 1Tool est un logiciel de gestion de projet professionnel qui vous permet de planifier et de coordonner vos projets en un clic. [&hellip;]\" \/>\n<meta property=\"og:url\" content=\"https:\/\/www.1tool.com\/fr\/modules\/organisation-et-service\/projets\/fonctions-module-projet\/gestion-de-projet\/\" \/>\n<meta property=\"og:site_name\" content=\"1Tool\" \/>\n<meta property=\"article:modified_time\" content=\"2026-05-07T12:59:15+00:00\" \/>\n<meta name=\"twitter:card\" content=\"summary_large_image\" \/>\n<meta name=\"twitter:label1\" content=\"Dur\u00e9e de lecture estim\u00e9e\" \/>\n\t<meta name=\"twitter:data1\" content=\"3 minutes\" \/>\n<script type=\"application\/ld+json\" class=\"yoast-schema-graph\">{\"@context\":\"https:\\\/\\\/schema.org\",\"@graph\":[{\"@type\":\"WebPage\",\"@id\":\"https:\\\/\\\/www.1tool.com\\\/fr\\\/modules\\\/organisation-et-service\\\/projets\\\/fonctions-module-projet\\\/gestion-de-projet\\\/\",\"url\":\"https:\\\/\\\/www.1tool.com\\\/fr\\\/modules\\\/organisation-et-service\\\/projets\\\/fonctions-module-projet\\\/gestion-de-projet\\\/\",\"name\":\"Gestion de projet - 1Tool\",\"isPartOf\":{\"@id\":\"https:\\\/\\\/www.1tool.com\\\/fr\\\/#website\"},\"datePublished\":\"2022-03-31T02:08:43+00:00\",\"dateModified\":\"2026-05-07T12:59:15+00:00\",\"breadcrumb\":{\"@id\":\"https:\\\/\\\/www.1tool.com\\\/fr\\\/modules\\\/organisation-et-service\\\/projets\\\/fonctions-module-projet\\\/gestion-de-projet\\\/#breadcrumb\"},\"inLanguage\":\"fr-FR\",\"potentialAction\":[{\"@type\":\"ReadAction\",\"target\":[\"https:\\\/\\\/www.1tool.com\\\/fr\\\/modules\\\/organisation-et-service\\\/projets\\\/fonctions-module-projet\\\/gestion-de-projet\\\/\"]}]},{\"@type\":\"BreadcrumbList\",\"@id\":\"https:\\\/\\\/www.1tool.com\\\/fr\\\/modules\\\/organisation-et-service\\\/projets\\\/fonctions-module-projet\\\/gestion-de-projet\\\/#breadcrumb\",\"itemListElement\":[{\"@type\":\"ListItem\",\"position\":1,\"name\":\"Home\",\"item\":\"https:\\\/\\\/www.1tool.com\\\/fr\\\/\"},{\"@type\":\"ListItem\",\"position\":2,\"name\":\"Modules\",\"item\":\"https:\\\/\\\/www.1tool.com\\\/fr\\\/module\\\/\"},{\"@type\":\"ListItem\",\"position\":3,\"name\":\"Organisation et service\",\"item\":\"https:\\\/\\\/www.1tool.com\\\/fr\\\/modules\\\/organisation-et-service\\\/\"},{\"@type\":\"ListItem\",\"position\":4,\"name\":\"Projets\",\"item\":\"https:\\\/\\\/www.1tool.com\\\/fr\\\/modules\\\/organisation-et-service\\\/projets\\\/\"},{\"@type\":\"ListItem\",\"position\":5,\"name\":\"Fonctions Module Projet\",\"item\":\"https:\\\/\\\/www.1tool.com\\\/fr\\\/modules\\\/organisation-et-service\\\/projets\\\/fonctions-module-projet\\\/\"},{\"@type\":\"ListItem\",\"position\":6,\"name\":\"Gestion de projet\"}]},{\"@type\":\"WebSite\",\"@id\":\"https:\\\/\\\/www.1tool.com\\\/fr\\\/#website\",\"url\":\"https:\\\/\\\/www.1tool.com\\\/fr\\\/\",\"name\":\"1Tool\",\"description\":\"CRM\",\"publisher\":{\"@id\":\"https:\\\/\\\/www.1tool.com\\\/fr\\\/#organization\"},\"potentialAction\":[{\"@type\":\"SearchAction\",\"target\":{\"@type\":\"EntryPoint\",\"urlTemplate\":\"https:\\\/\\\/www.1tool.com\\\/fr\\\/?s={search_term_string}\"},\"query-input\":{\"@type\":\"PropertyValueSpecification\",\"valueRequired\":true,\"valueName\":\"search_term_string\"}}],\"inLanguage\":\"fr-FR\"},{\"@type\":\"Organization\",\"@id\":\"https:\\\/\\\/www.1tool.com\\\/fr\\\/#organization\",\"name\":\"1Tool\",\"url\":\"https:\\\/\\\/www.1tool.com\\\/fr\\\/\",\"logo\":{\"@type\":\"ImageObject\",\"inLanguage\":\"fr-FR\",\"@id\":\"https:\\\/\\\/www.1tool.com\\\/fr\\\/#\\\/schema\\\/logo\\\/image\\\/\",\"url\":\"https:\\\/\\\/www.1tool.com\\\/wp-content\\\/uploads\\\/2022\\\/04\\\/1tool-1.png\",\"contentUrl\":\"https:\\\/\\\/www.1tool.com\\\/wp-content\\\/uploads\\\/2022\\\/04\\\/1tool-1.png\",\"width\":400,\"height\":150,\"caption\":\"1Tool\"},\"image\":{\"@id\":\"https:\\\/\\\/www.1tool.com\\\/fr\\\/#\\\/schema\\\/logo\\\/image\\\/\"}}]}<\/script>\n<!-- \/ Yoast SEO plugin. -->","yoast_head_json":{"title":"Gestion de projet - 1Tool","robots":{"index":"index","follow":"follow","max-snippet":"max-snippet:-1","max-image-preview":"max-image-preview:large","max-video-preview":"max-video-preview:-1"},"canonical":"https:\/\/www.1tool.com\/fr\/modules\/organisation-et-service\/projets\/fonctions-module-projet\/gestion-de-projet\/","og_locale":"fr_FR","og_type":"article","og_title":"Gestion de projet - 1Tool","og_description":"Gestion de projet Le logiciel de gestion de projet 1Tool vous permet de g\u00e9rer et de coordonner vos projets en toute simplicit\u00e9. Un logiciel de gestion de projet puissant pour votre entreprise ! 1Tool est un logiciel de gestion de projet professionnel qui vous permet de planifier et de coordonner vos projets en un clic. [&hellip;]","og_url":"https:\/\/www.1tool.com\/fr\/modules\/organisation-et-service\/projets\/fonctions-module-projet\/gestion-de-projet\/","og_site_name":"1Tool","article_modified_time":"2026-05-07T12:59:15+00:00","twitter_card":"summary_large_image","twitter_misc":{"Dur\u00e9e de lecture estim\u00e9e":"3 minutes"},"schema":{"@context":"https:\/\/schema.org","@graph":[{"@type":"WebPage","@id":"https:\/\/www.1tool.com\/fr\/modules\/organisation-et-service\/projets\/fonctions-module-projet\/gestion-de-projet\/","url":"https:\/\/www.1tool.com\/fr\/modules\/organisation-et-service\/projets\/fonctions-module-projet\/gestion-de-projet\/","name":"Gestion de projet - 1Tool","isPartOf":{"@id":"https:\/\/www.1tool.com\/fr\/#website"},"datePublished":"2022-03-31T02:08:43+00:00","dateModified":"2026-05-07T12:59:15+00:00","breadcrumb":{"@id":"https:\/\/www.1tool.com\/fr\/modules\/organisation-et-service\/projets\/fonctions-module-projet\/gestion-de-projet\/#breadcrumb"},"inLanguage":"fr-FR","potentialAction":[{"@type":"ReadAction","target":["https:\/\/www.1tool.com\/fr\/modules\/organisation-et-service\/projets\/fonctions-module-projet\/gestion-de-projet\/"]}]},{"@type":"BreadcrumbList","@id":"https:\/\/www.1tool.com\/fr\/modules\/organisation-et-service\/projets\/fonctions-module-projet\/gestion-de-projet\/#breadcrumb","itemListElement":[{"@type":"ListItem","position":1,"name":"Home","item":"https:\/\/www.1tool.com\/fr\/"},{"@type":"ListItem","position":2,"name":"Modules","item":"https:\/\/www.1tool.com\/fr\/module\/"},{"@type":"ListItem","position":3,"name":"Organisation et service","item":"https:\/\/www.1tool.com\/fr\/modules\/organisation-et-service\/"},{"@type":"ListItem","position":4,"name":"Projets","item":"https:\/\/www.1tool.com\/fr\/modules\/organisation-et-service\/projets\/"},{"@type":"ListItem","position":5,"name":"Fonctions Module Projet","item":"https:\/\/www.1tool.com\/fr\/modules\/organisation-et-service\/projets\/fonctions-module-projet\/"},{"@type":"ListItem","position":6,"name":"Gestion de projet"}]},{"@type":"WebSite","@id":"https:\/\/www.1tool.com\/fr\/#website","url":"https:\/\/www.1tool.com\/fr\/","name":"1Tool","description":"CRM","publisher":{"@id":"https:\/\/www.1tool.com\/fr\/#organization"},"potentialAction":[{"@type":"SearchAction","target":{"@type":"EntryPoint","urlTemplate":"https:\/\/www.1tool.com\/fr\/?s={search_term_string}"},"query-input":{"@type":"PropertyValueSpecification","valueRequired":true,"valueName":"search_term_string"}}],"inLanguage":"fr-FR"},{"@type":"Organization","@id":"https:\/\/www.1tool.com\/fr\/#organization","name":"1Tool","url":"https:\/\/www.1tool.com\/fr\/","logo":{"@type":"ImageObject","inLanguage":"fr-FR","@id":"https:\/\/www.1tool.com\/fr\/#\/schema\/logo\/image\/","url":"https:\/\/www.1tool.com\/wp-content\/uploads\/2022\/04\/1tool-1.png","contentUrl":"https:\/\/www.1tool.com\/wp-content\/uploads\/2022\/04\/1tool-1.png","width":400,"height":150,"caption":"1Tool"},"image":{"@id":"https:\/\/www.1tool.com\/fr\/#\/schema\/logo\/image\/"}}]}},"_links":{"self":[{"href":"https:\/\/www.1tool.com\/fr\/wp-json\/wp\/v2\/pages\/78886","targetHints":{"allow":["GET"]}}],"collection":[{"href":"https:\/\/www.1tool.com\/fr\/wp-json\/wp\/v2\/pages"}],"about":[{"href":"https:\/\/www.1tool.com\/fr\/wp-json\/wp\/v2\/types\/page"}],"author":[{"embeddable":true,"href":"https:\/\/www.1tool.com\/fr\/wp-json\/wp\/v2\/users\/1"}],"replies":[{"embeddable":true,"href":"https:\/\/www.1tool.com\/fr\/wp-json\/wp\/v2\/comments?post=78886"}],"version-history":[{"count":1,"href":"https:\/\/www.1tool.com\/fr\/wp-json\/wp\/v2\/pages\/78886\/revisions"}],"predecessor-version":[{"id":78889,"href":"https:\/\/www.1tool.com\/fr\/wp-json\/wp\/v2\/pages\/78886\/revisions\/78889"}],"up":[{"embeddable":true,"href":"https:\/\/www.1tool.com\/fr\/wp-json\/wp\/v2\/pages\/79027"}],"wp:attachment":[{"href":"https:\/\/www.1tool.com\/fr\/wp-json\/wp\/v2\/media?parent=78886"}],"curies":[{"name":"wp","href":"https:\/\/api.w.org\/{rel}","templated":true}]}}