{"id":78888,"date":"2022-03-30T18:32:08","date_gmt":"2022-03-30T16:32:08","guid":{"rendered":"https:\/\/www.1tool.com\/logiciel-de-support\/"},"modified":"2026-05-07T14:59:29","modified_gmt":"2026-05-07T12:59:29","slug":"logiciel-de-support","status":"publish","type":"page","link":"https:\/\/www.1tool.com\/fr\/modules\/organisation-et-service\/billets-de-support\/fonctionnalites-module-de-tickets-de-support\/logiciel-de-support\/","title":{"rendered":"Logiciel de support"},"content":{"rendered":"\t\t<div data-elementor-type=\"wp-page\" data-elementor-id=\"78888\" class=\"elementor elementor-78888 elementor-49480\" data-elementor-post-type=\"page\">\n\t\t\t\t\t\t<section class=\"elementor-section elementor-top-section elementor-element elementor-element-47591b5 elementor-section-boxed elementor-section-height-default elementor-section-height-default shadepro-adv-gradient-no shadepro-sticky-no\" data-id=\"47591b5\" data-element_type=\"section\" data-e-type=\"section\" data-settings=\"{&quot;shadepro_sticky&quot;:&quot;no&quot;}\">\n\t\t\t\t\t\t<div class=\"elementor-container elementor-column-gap-default\">\n\t\t\t\t\t<div class=\"elementor-column elementor-col-100 elementor-top-column elementor-element elementor-element-cdf32a9\" data-id=\"cdf32a9\" data-element_type=\"column\" data-e-type=\"column\">\n\t\t\t<div class=\"elementor-widget-wrap elementor-element-populated\">\n\t\t\t\t\t\t<div class=\"elementor-element elementor-element-ea7a2ec shadepro-sticky-no elementor-widget elementor-widget-heading\" data-id=\"ea7a2ec\" data-element_type=\"widget\" data-e-type=\"widget\" data-settings=\"{&quot;shadepro_sticky&quot;:&quot;no&quot;}\" data-widget_type=\"heading.default\">\n\t\t\t\t<div class=\"elementor-widget-container\">\n\t\t\t\t\t<h1 class=\"elementor-heading-title elementor-size-default\">Logiciel de support<\/h1>\t\t\t\t<\/div>\n\t\t\t\t<\/div>\n\t\t\t\t<div class=\"elementor-element elementor-element-c126f5c shadepro-sticky-no elementor-widget elementor-widget-text-editor\" data-id=\"c126f5c\" data-element_type=\"widget\" data-e-type=\"widget\" data-settings=\"{&quot;shadepro_sticky&quot;:&quot;no&quot;}\" data-widget_type=\"text-editor.default\">\n\t\t\t\t<div class=\"elementor-widget-container\">\n\t\t\t\t\t\t\t\t\t<p>Un excellent service client avec le logiciel de support 1Tool<\/p>\t\t\t\t\t\t\t\t<\/div>\n\t\t\t\t<\/div>\n\t\t\t\t<section class=\"elementor-section elementor-inner-section elementor-element elementor-element-631f0c9 elementor-section-boxed elementor-section-height-default elementor-section-height-default shadepro-adv-gradient-no shadepro-sticky-no\" data-id=\"631f0c9\" data-element_type=\"section\" data-e-type=\"section\" data-settings=\"{&quot;shadepro_sticky&quot;:&quot;no&quot;}\">\n\t\t\t\t\t\t<div class=\"elementor-container elementor-column-gap-default\">\n\t\t\t\t\t<div class=\"elementor-column elementor-col-100 elementor-inner-column elementor-element elementor-element-4de23fd\" data-id=\"4de23fd\" data-element_type=\"column\" data-e-type=\"column\">\n\t\t\t<div class=\"elementor-widget-wrap elementor-element-populated\">\n\t\t\t\t\t\t<div class=\"elementor-element elementor-element-5b38bee shadepro-sticky-no elementor-widget elementor-widget-text-editor\" data-id=\"5b38bee\" data-element_type=\"widget\" data-e-type=\"widget\" data-settings=\"{&quot;shadepro_sticky&quot;:&quot;no&quot;}\" data-widget_type=\"text-editor.default\">\n\t\t\t\t<div class=\"elementor-widget-container\">\n\t\t\t\t\t\t\t\t\t<h3>Am\u00e9liorez la satisfaction de vos clients avec notre logiciel d&#8217;assistance<\/h3><p>Le logiciel de support 1Tool favorise une collaboration efficace entre les d\u00e9partements et garantit un traitement plus rapide des demandes des clients. Notre logiciel de support et de gestion de la relation client ne favorise pas seulement la communication interne pour des relations durables. De nombreuses fonctionnalit\u00e9s intelligentes vous aident \u00e0 enregistrer les demandes et les plaintes dans une base de donn\u00e9es centrale pour tous les employ\u00e9s responsables et \u00e0 les traiter plus efficacement.  <\/p><h4>Syst\u00e8me de tickets pour votre CRM<\/h4><p>Gr\u00e2ce \u00e0 la fonction Ticket System de notre logiciel Support CRM, les probl\u00e8mes des clients sont r\u00e9solus \u00e0 partir d&#8217;un emplacement central. Quel que soit le canal par lequel vous recevez des demandes, des plaintes et autres, vous pouvez les traiter efficacement en \u00e9quipe au sein du logiciel de support gr\u00e2ce \u00e0 la priorit\u00e9, \u00e0 la date limite et au statut. L&#8217;attribution directe aux responsables et le d\u00e9p\u00f4t de documents ou de commentaires importants permettent de gagner du temps dans la recherche et les t\u00e2ches administratives. Vous offrez ainsi un support exceptionnel sans faire double emploi.   <\/p><p><a href=\"https:\/\/www.1tool.com\/fr\/systeme-de-tickets\/\">En savoir plus sur le logiciel Ticket System<\/a><\/p><h3> <\/h3><h3>Portail de support logiciel 1Tool<\/h3><p>Le portail de support logiciel 1Tool ne vous aide pas seulement \u00e0 ex\u00e9cuter rapidement des activit\u00e9s de service, mais fonctionne comme une plateforme centrale pour d&#8217;autres activit\u00e9s et mesures. Ainsi, une base d&#8217;informations \u00e9tendue peut \u00eatre cr\u00e9\u00e9e sur la base de vos tickets et gr\u00e2ce aux liens avec d&#8217;autres modules. Qu&#8217;il s&#8217;agisse de donn\u00e9es sp\u00e9cifiques \u00e0 un client particulier ou d&#8217;une saisie g\u00e9n\u00e9rale de savoir-faire pour les employ\u00e9s et les futurs cas de support, le portail <g id=\"gid_0\">de support 1Tool<\/g> fournit toutes les informations pertinentes sur les clients, les heures de service et les services facturables en un clic.  <\/p>\t\t\t\t\t\t\t\t<\/div>\n\t\t\t\t<\/div>\n\t\t\t\t\t<\/div>\n\t\t<\/div>\n\t\t\t\t\t<\/div>\n\t\t<\/section>\n\t\t\t\t\t<\/div>\n\t\t<\/div>\n\t\t\t\t\t<\/div>\n\t\t<\/section>\n\t\t\t\t<\/div>\n\t\t","protected":false},"excerpt":{"rendered":"<p>Logiciel de support Un excellent service client avec le logiciel de support 1Tool Am\u00e9liorez la satisfaction de vos clients avec notre logiciel d&#8217;assistance Le logiciel de support 1Tool favorise une collaboration efficace entre les d\u00e9partements et garantit un traitement plus rapide des demandes des clients. Notre logiciel de support et de gestion de la relation [&hellip;]<\/p>\n","protected":false},"author":1,"featured_media":0,"parent":79044,"menu_order":0,"comment_status":"closed","ping_status":"closed","template":"","meta":{"inline_featured_image":false,"footnotes":""},"class_list":["post-78888","page","type-page","status-publish","hentry"],"acf":[],"yoast_head":"<!-- This site is optimized with the Yoast SEO plugin v27.5 - https:\/\/yoast.com\/product\/yoast-seo-wordpress\/ -->\n<title>Logiciel de support - 1Tool<\/title>\n<meta name=\"robots\" content=\"index, follow, max-snippet:-1, max-image-preview:large, max-video-preview:-1\" \/>\n<link rel=\"canonical\" href=\"https:\/\/www.1tool.com\/fr\/modules\/organisation-et-service\/billets-de-support\/fonctionnalites-module-de-tickets-de-support\/logiciel-de-support\/\" \/>\n<meta property=\"og:locale\" content=\"fr_FR\" \/>\n<meta property=\"og:type\" content=\"article\" \/>\n<meta property=\"og:title\" content=\"Logiciel de support - 1Tool\" \/>\n<meta property=\"og:description\" content=\"Logiciel de support Un excellent service client avec le logiciel de support 1Tool Am\u00e9liorez la satisfaction de vos clients avec notre logiciel d&#8217;assistance Le logiciel de support 1Tool favorise une collaboration efficace entre les d\u00e9partements et garantit un traitement plus rapide des demandes des clients. Notre logiciel de support et de gestion de la relation [&hellip;]\" \/>\n<meta property=\"og:url\" content=\"https:\/\/www.1tool.com\/fr\/modules\/organisation-et-service\/billets-de-support\/fonctionnalites-module-de-tickets-de-support\/logiciel-de-support\/\" \/>\n<meta property=\"og:site_name\" content=\"1Tool\" \/>\n<meta property=\"article:modified_time\" content=\"2026-05-07T12:59:29+00:00\" \/>\n<meta name=\"twitter:card\" content=\"summary_large_image\" \/>\n<meta name=\"twitter:label1\" content=\"Dur\u00e9e de lecture estim\u00e9e\" \/>\n\t<meta name=\"twitter:data1\" content=\"2 minutes\" \/>\n<script type=\"application\/ld+json\" class=\"yoast-schema-graph\">{\"@context\":\"https:\\\/\\\/schema.org\",\"@graph\":[{\"@type\":\"WebPage\",\"@id\":\"https:\\\/\\\/www.1tool.com\\\/fr\\\/modules\\\/organisation-et-service\\\/billets-de-support\\\/fonctionnalites-module-de-tickets-de-support\\\/logiciel-de-support\\\/\",\"url\":\"https:\\\/\\\/www.1tool.com\\\/fr\\\/modules\\\/organisation-et-service\\\/billets-de-support\\\/fonctionnalites-module-de-tickets-de-support\\\/logiciel-de-support\\\/\",\"name\":\"Logiciel de support - 1Tool\",\"isPartOf\":{\"@id\":\"https:\\\/\\\/www.1tool.com\\\/fr\\\/#website\"},\"datePublished\":\"2022-03-30T16:32:08+00:00\",\"dateModified\":\"2026-05-07T12:59:29+00:00\",\"breadcrumb\":{\"@id\":\"https:\\\/\\\/www.1tool.com\\\/fr\\\/modules\\\/organisation-et-service\\\/billets-de-support\\\/fonctionnalites-module-de-tickets-de-support\\\/logiciel-de-support\\\/#breadcrumb\"},\"inLanguage\":\"fr-FR\",\"potentialAction\":[{\"@type\":\"ReadAction\",\"target\":[\"https:\\\/\\\/www.1tool.com\\\/fr\\\/modules\\\/organisation-et-service\\\/billets-de-support\\\/fonctionnalites-module-de-tickets-de-support\\\/logiciel-de-support\\\/\"]}]},{\"@type\":\"BreadcrumbList\",\"@id\":\"https:\\\/\\\/www.1tool.com\\\/fr\\\/modules\\\/organisation-et-service\\\/billets-de-support\\\/fonctionnalites-module-de-tickets-de-support\\\/logiciel-de-support\\\/#breadcrumb\",\"itemListElement\":[{\"@type\":\"ListItem\",\"position\":1,\"name\":\"Home\",\"item\":\"https:\\\/\\\/www.1tool.com\\\/fr\\\/\"},{\"@type\":\"ListItem\",\"position\":2,\"name\":\"Modules\",\"item\":\"https:\\\/\\\/www.1tool.com\\\/fr\\\/module\\\/\"},{\"@type\":\"ListItem\",\"position\":3,\"name\":\"Organisation et service\",\"item\":\"https:\\\/\\\/www.1tool.com\\\/fr\\\/modules\\\/organisation-et-service\\\/\"},{\"@type\":\"ListItem\",\"position\":4,\"name\":\"Billets de support\",\"item\":\"https:\\\/\\\/www.1tool.com\\\/fr\\\/modules\\\/organisation-et-service\\\/billets-de-support\\\/\"},{\"@type\":\"ListItem\",\"position\":5,\"name\":\"Fonctionnalit\u00e9s Module de tickets de support\",\"item\":\"https:\\\/\\\/www.1tool.com\\\/fr\\\/modules\\\/organisation-et-service\\\/billets-de-support\\\/fonctionnalites-module-de-tickets-de-support\\\/\"},{\"@type\":\"ListItem\",\"position\":6,\"name\":\"Logiciel de support\"}]},{\"@type\":\"WebSite\",\"@id\":\"https:\\\/\\\/www.1tool.com\\\/fr\\\/#website\",\"url\":\"https:\\\/\\\/www.1tool.com\\\/fr\\\/\",\"name\":\"1Tool\",\"description\":\"CRM\",\"publisher\":{\"@id\":\"https:\\\/\\\/www.1tool.com\\\/fr\\\/#organization\"},\"potentialAction\":[{\"@type\":\"SearchAction\",\"target\":{\"@type\":\"EntryPoint\",\"urlTemplate\":\"https:\\\/\\\/www.1tool.com\\\/fr\\\/?s={search_term_string}\"},\"query-input\":{\"@type\":\"PropertyValueSpecification\",\"valueRequired\":true,\"valueName\":\"search_term_string\"}}],\"inLanguage\":\"fr-FR\"},{\"@type\":\"Organization\",\"@id\":\"https:\\\/\\\/www.1tool.com\\\/fr\\\/#organization\",\"name\":\"1Tool\",\"url\":\"https:\\\/\\\/www.1tool.com\\\/fr\\\/\",\"logo\":{\"@type\":\"ImageObject\",\"inLanguage\":\"fr-FR\",\"@id\":\"https:\\\/\\\/www.1tool.com\\\/fr\\\/#\\\/schema\\\/logo\\\/image\\\/\",\"url\":\"https:\\\/\\\/www.1tool.com\\\/wp-content\\\/uploads\\\/2022\\\/04\\\/1tool-1.png\",\"contentUrl\":\"https:\\\/\\\/www.1tool.com\\\/wp-content\\\/uploads\\\/2022\\\/04\\\/1tool-1.png\",\"width\":400,\"height\":150,\"caption\":\"1Tool\"},\"image\":{\"@id\":\"https:\\\/\\\/www.1tool.com\\\/fr\\\/#\\\/schema\\\/logo\\\/image\\\/\"}}]}<\/script>\n<!-- \/ Yoast SEO plugin. -->","yoast_head_json":{"title":"Logiciel de support - 1Tool","robots":{"index":"index","follow":"follow","max-snippet":"max-snippet:-1","max-image-preview":"max-image-preview:large","max-video-preview":"max-video-preview:-1"},"canonical":"https:\/\/www.1tool.com\/fr\/modules\/organisation-et-service\/billets-de-support\/fonctionnalites-module-de-tickets-de-support\/logiciel-de-support\/","og_locale":"fr_FR","og_type":"article","og_title":"Logiciel de support - 1Tool","og_description":"Logiciel de support Un excellent service client avec le logiciel de support 1Tool Am\u00e9liorez la satisfaction de vos clients avec notre logiciel d&#8217;assistance Le logiciel de support 1Tool favorise une collaboration efficace entre les d\u00e9partements et garantit un traitement plus rapide des demandes des clients. Notre logiciel de support et de gestion de la relation [&hellip;]","og_url":"https:\/\/www.1tool.com\/fr\/modules\/organisation-et-service\/billets-de-support\/fonctionnalites-module-de-tickets-de-support\/logiciel-de-support\/","og_site_name":"1Tool","article_modified_time":"2026-05-07T12:59:29+00:00","twitter_card":"summary_large_image","twitter_misc":{"Dur\u00e9e de lecture estim\u00e9e":"2 minutes"},"schema":{"@context":"https:\/\/schema.org","@graph":[{"@type":"WebPage","@id":"https:\/\/www.1tool.com\/fr\/modules\/organisation-et-service\/billets-de-support\/fonctionnalites-module-de-tickets-de-support\/logiciel-de-support\/","url":"https:\/\/www.1tool.com\/fr\/modules\/organisation-et-service\/billets-de-support\/fonctionnalites-module-de-tickets-de-support\/logiciel-de-support\/","name":"Logiciel de support - 1Tool","isPartOf":{"@id":"https:\/\/www.1tool.com\/fr\/#website"},"datePublished":"2022-03-30T16:32:08+00:00","dateModified":"2026-05-07T12:59:29+00:00","breadcrumb":{"@id":"https:\/\/www.1tool.com\/fr\/modules\/organisation-et-service\/billets-de-support\/fonctionnalites-module-de-tickets-de-support\/logiciel-de-support\/#breadcrumb"},"inLanguage":"fr-FR","potentialAction":[{"@type":"ReadAction","target":["https:\/\/www.1tool.com\/fr\/modules\/organisation-et-service\/billets-de-support\/fonctionnalites-module-de-tickets-de-support\/logiciel-de-support\/"]}]},{"@type":"BreadcrumbList","@id":"https:\/\/www.1tool.com\/fr\/modules\/organisation-et-service\/billets-de-support\/fonctionnalites-module-de-tickets-de-support\/logiciel-de-support\/#breadcrumb","itemListElement":[{"@type":"ListItem","position":1,"name":"Home","item":"https:\/\/www.1tool.com\/fr\/"},{"@type":"ListItem","position":2,"name":"Modules","item":"https:\/\/www.1tool.com\/fr\/module\/"},{"@type":"ListItem","position":3,"name":"Organisation et service","item":"https:\/\/www.1tool.com\/fr\/modules\/organisation-et-service\/"},{"@type":"ListItem","position":4,"name":"Billets de support","item":"https:\/\/www.1tool.com\/fr\/modules\/organisation-et-service\/billets-de-support\/"},{"@type":"ListItem","position":5,"name":"Fonctionnalit\u00e9s Module de tickets de support","item":"https:\/\/www.1tool.com\/fr\/modules\/organisation-et-service\/billets-de-support\/fonctionnalites-module-de-tickets-de-support\/"},{"@type":"ListItem","position":6,"name":"Logiciel de support"}]},{"@type":"WebSite","@id":"https:\/\/www.1tool.com\/fr\/#website","url":"https:\/\/www.1tool.com\/fr\/","name":"1Tool","description":"CRM","publisher":{"@id":"https:\/\/www.1tool.com\/fr\/#organization"},"potentialAction":[{"@type":"SearchAction","target":{"@type":"EntryPoint","urlTemplate":"https:\/\/www.1tool.com\/fr\/?s={search_term_string}"},"query-input":{"@type":"PropertyValueSpecification","valueRequired":true,"valueName":"search_term_string"}}],"inLanguage":"fr-FR"},{"@type":"Organization","@id":"https:\/\/www.1tool.com\/fr\/#organization","name":"1Tool","url":"https:\/\/www.1tool.com\/fr\/","logo":{"@type":"ImageObject","inLanguage":"fr-FR","@id":"https:\/\/www.1tool.com\/fr\/#\/schema\/logo\/image\/","url":"https:\/\/www.1tool.com\/wp-content\/uploads\/2022\/04\/1tool-1.png","contentUrl":"https:\/\/www.1tool.com\/wp-content\/uploads\/2022\/04\/1tool-1.png","width":400,"height":150,"caption":"1Tool"},"image":{"@id":"https:\/\/www.1tool.com\/fr\/#\/schema\/logo\/image\/"}}]}},"_links":{"self":[{"href":"https:\/\/www.1tool.com\/fr\/wp-json\/wp\/v2\/pages\/78888","targetHints":{"allow":["GET"]}}],"collection":[{"href":"https:\/\/www.1tool.com\/fr\/wp-json\/wp\/v2\/pages"}],"about":[{"href":"https:\/\/www.1tool.com\/fr\/wp-json\/wp\/v2\/types\/page"}],"author":[{"embeddable":true,"href":"https:\/\/www.1tool.com\/fr\/wp-json\/wp\/v2\/users\/1"}],"replies":[{"embeddable":true,"href":"https:\/\/www.1tool.com\/fr\/wp-json\/wp\/v2\/comments?post=78888"}],"version-history":[{"count":1,"href":"https:\/\/www.1tool.com\/fr\/wp-json\/wp\/v2\/pages\/78888\/revisions"}],"predecessor-version":[{"id":78891,"href":"https:\/\/www.1tool.com\/fr\/wp-json\/wp\/v2\/pages\/78888\/revisions\/78891"}],"up":[{"embeddable":true,"href":"https:\/\/www.1tool.com\/fr\/wp-json\/wp\/v2\/pages\/79044"}],"wp:attachment":[{"href":"https:\/\/www.1tool.com\/fr\/wp-json\/wp\/v2\/media?parent=78888"}],"curies":[{"name":"wp","href":"https:\/\/api.w.org\/{rel}","templated":true}]}}