{"id":78890,"date":"2022-03-31T04:07:10","date_gmt":"2022-03-31T02:07:10","guid":{"rendered":"https:\/\/www.1tool.com\/controle-de-projet\/"},"modified":"2026-05-07T14:59:15","modified_gmt":"2026-05-07T12:59:15","slug":"controle-de-projet","status":"publish","type":"page","link":"https:\/\/www.1tool.com\/fr\/modules\/organisation-et-service\/projets\/fonctions-module-projet\/controle-de-projet\/","title":{"rendered":"Contr\u00f4le de projet"},"content":{"rendered":"\t\t<div data-elementor-type=\"wp-page\" data-elementor-id=\"78890\" class=\"elementor elementor-78890 elementor-49624\" data-elementor-post-type=\"page\">\n\t\t\t\t\t\t<section class=\"elementor-section elementor-top-section elementor-element elementor-element-c4bd237 elementor-section-boxed elementor-section-height-default elementor-section-height-default shadepro-adv-gradient-no shadepro-sticky-no\" data-id=\"c4bd237\" data-element_type=\"section\" data-e-type=\"section\" data-settings=\"{&quot;shadepro_sticky&quot;:&quot;no&quot;}\">\n\t\t\t\t\t\t<div class=\"elementor-container elementor-column-gap-default\">\n\t\t\t\t\t<div class=\"elementor-column elementor-col-100 elementor-top-column elementor-element elementor-element-0120dd5\" data-id=\"0120dd5\" data-element_type=\"column\" data-e-type=\"column\">\n\t\t\t<div class=\"elementor-widget-wrap elementor-element-populated\">\n\t\t\t\t\t\t<div class=\"elementor-element elementor-element-6de6315 shadepro-sticky-no elementor-widget elementor-widget-heading\" data-id=\"6de6315\" data-element_type=\"widget\" data-e-type=\"widget\" data-settings=\"{&quot;shadepro_sticky&quot;:&quot;no&quot;}\" data-widget_type=\"heading.default\">\n\t\t\t\t<div class=\"elementor-widget-container\">\n\t\t\t\t\t<h1 class=\"elementor-heading-title elementor-size-default\">Contr\u00f4le de projet<\/h1>\t\t\t\t<\/div>\n\t\t\t\t<\/div>\n\t\t\t\t<div class=\"elementor-element elementor-element-13ee34f shadepro-sticky-no elementor-widget elementor-widget-text-editor\" data-id=\"13ee34f\" data-element_type=\"widget\" data-e-type=\"widget\" data-settings=\"{&quot;shadepro_sticky&quot;:&quot;no&quot;}\" data-widget_type=\"text-editor.default\">\n\t\t\t\t<div class=\"elementor-widget-container\">\n\t\t\t\t\t\t\t\t\t<p>Le contr\u00f4le de projet 1Tool permet de surveiller le temps et les co\u00fbts des projets.<\/p>\t\t\t\t\t\t\t\t<\/div>\n\t\t\t\t<\/div>\n\t\t\t\t<section class=\"elementor-section elementor-inner-section elementor-element elementor-element-32d5549 elementor-section-boxed elementor-section-height-default elementor-section-height-default shadepro-adv-gradient-no shadepro-sticky-no\" data-id=\"32d5549\" data-element_type=\"section\" data-e-type=\"section\" data-settings=\"{&quot;shadepro_sticky&quot;:&quot;no&quot;}\">\n\t\t\t\t\t\t<div class=\"elementor-container elementor-column-gap-default\">\n\t\t\t\t\t<div class=\"elementor-column elementor-col-100 elementor-inner-column elementor-element elementor-element-9014676\" data-id=\"9014676\" data-element_type=\"column\" data-e-type=\"column\">\n\t\t\t<div class=\"elementor-widget-wrap elementor-element-populated\">\n\t\t\t\t\t\t<div class=\"elementor-element elementor-element-b0fb382 shadepro-sticky-no elementor-widget elementor-widget-text-editor\" data-id=\"b0fb382\" data-element_type=\"widget\" data-e-type=\"widget\" data-settings=\"{&quot;shadepro_sticky&quot;:&quot;no&quot;}\" data-widget_type=\"text-editor.default\">\n\t\t\t\t<div class=\"elementor-widget-container\">\n\t\t\t\t\t\t\t\t\t<h3>G\u00e9rer efficacement les projets<\/h3><p>Le traitement de vos projets peut \u00eatre g\u00e9r\u00e9 de la mani\u00e8re la plus simple possible et vous \u00eates en mesure de mener plusieurs projets en parall\u00e8le sans trop d&#8217;efforts.<\/p><p>En plus de la facturation facile pour les clients et les projets individuels, 1Tool vous permet de g\u00e9rer vos propres co\u00fbts de mani\u00e8re simple et rapide. Vous avez toujours une vue d&#8217;ensemble des co\u00fbts et des t\u00e2ches du projet. Cela vous aide \u00e0 planifier le budget de votre projet et \u00e0 \u00e9valuer le d\u00e9roulement du projet.  <\/p><p>Qu&#8217;il s&#8217;agisse de frais de personnel, de mat\u00e9riel ou d&#8217;autres d\u00e9penses li\u00e9es aux projets, vous pouvez les g\u00e9rer et les contr\u00f4ler de mani\u00e8re optimale. Vous savez toujours quel personnel est responsable de chaque activit\u00e9 du projet et combien de temps il a d\u00e9j\u00e0 consacr\u00e9 \u00e0 certaines t\u00e2ches. Vous pouvez \u00e9galement attribuer des t\u00e2ches et des contacts aux projets concern\u00e9s. De plus, vous connaissez toujours l&#8217;\u00e9tat actuel et l&#8217;avancement de vos projets gr\u00e2ce \u00e0 la r\u00e9partition de ceux-ci en diff\u00e9rentes phases et \u00e0 la communication entre les membres du projet via 1Tool par le biais de commentaires ou de l&#8217;\u00e9change de documents importants. 1Tool vous permet \u00e9galement de repr\u00e9senter graphiquement l&#8217;ordre chronologique des t\u00e2ches d&#8217;un projet.    <\/p>\t\t\t\t\t\t\t\t<\/div>\n\t\t\t\t<\/div>\n\t\t\t\t\t<\/div>\n\t\t<\/div>\n\t\t\t\t\t<\/div>\n\t\t<\/section>\n\t\t\t\t\t<\/div>\n\t\t<\/div>\n\t\t\t\t\t<\/div>\n\t\t<\/section>\n\t\t\t\t<\/div>\n\t\t","protected":false},"excerpt":{"rendered":"<p>Contr\u00f4le de projet Le contr\u00f4le de projet 1Tool permet de surveiller le temps et les co\u00fbts des projets. G\u00e9rer efficacement les projets Le traitement de vos projets peut \u00eatre g\u00e9r\u00e9 de la mani\u00e8re la plus simple possible et vous \u00eates en mesure de mener plusieurs projets en parall\u00e8le sans trop d&#8217;efforts. En plus de la [&hellip;]<\/p>\n","protected":false},"author":1,"featured_media":0,"parent":79027,"menu_order":0,"comment_status":"closed","ping_status":"closed","template":"","meta":{"inline_featured_image":false,"footnotes":""},"class_list":["post-78890","page","type-page","status-publish","hentry"],"acf":[],"yoast_head":"<!-- This site is optimized with the Yoast SEO plugin v27.5 - https:\/\/yoast.com\/product\/yoast-seo-wordpress\/ -->\n<title>Contr\u00f4le de projet - 1Tool<\/title>\n<meta name=\"robots\" content=\"index, follow, max-snippet:-1, max-image-preview:large, max-video-preview:-1\" \/>\n<link rel=\"canonical\" href=\"https:\/\/www.1tool.com\/fr\/modules\/organisation-et-service\/projets\/fonctions-module-projet\/controle-de-projet\/\" \/>\n<meta property=\"og:locale\" content=\"fr_FR\" \/>\n<meta property=\"og:type\" content=\"article\" \/>\n<meta property=\"og:title\" content=\"Contr\u00f4le de projet - 1Tool\" \/>\n<meta property=\"og:description\" content=\"Contr\u00f4le de projet Le contr\u00f4le de projet 1Tool permet de surveiller le temps et les co\u00fbts des projets. G\u00e9rer efficacement les projets Le traitement de vos projets peut \u00eatre g\u00e9r\u00e9 de la mani\u00e8re la plus simple possible et vous \u00eates en mesure de mener plusieurs projets en parall\u00e8le sans trop d&#8217;efforts. En plus de la [&hellip;]\" \/>\n<meta property=\"og:url\" content=\"https:\/\/www.1tool.com\/fr\/modules\/organisation-et-service\/projets\/fonctions-module-projet\/controle-de-projet\/\" \/>\n<meta property=\"og:site_name\" content=\"1Tool\" \/>\n<meta property=\"article:modified_time\" content=\"2026-05-07T12:59:15+00:00\" \/>\n<meta name=\"twitter:card\" content=\"summary_large_image\" \/>\n<meta name=\"twitter:label1\" content=\"Dur\u00e9e de lecture estim\u00e9e\" \/>\n\t<meta name=\"twitter:data1\" content=\"1 minute\" \/>\n<script type=\"application\/ld+json\" class=\"yoast-schema-graph\">{\"@context\":\"https:\\\/\\\/schema.org\",\"@graph\":[{\"@type\":\"WebPage\",\"@id\":\"https:\\\/\\\/www.1tool.com\\\/fr\\\/modules\\\/organisation-et-service\\\/projets\\\/fonctions-module-projet\\\/controle-de-projet\\\/\",\"url\":\"https:\\\/\\\/www.1tool.com\\\/fr\\\/modules\\\/organisation-et-service\\\/projets\\\/fonctions-module-projet\\\/controle-de-projet\\\/\",\"name\":\"Contr\u00f4le de projet - 1Tool\",\"isPartOf\":{\"@id\":\"https:\\\/\\\/www.1tool.com\\\/fr\\\/#website\"},\"datePublished\":\"2022-03-31T02:07:10+00:00\",\"dateModified\":\"2026-05-07T12:59:15+00:00\",\"breadcrumb\":{\"@id\":\"https:\\\/\\\/www.1tool.com\\\/fr\\\/modules\\\/organisation-et-service\\\/projets\\\/fonctions-module-projet\\\/controle-de-projet\\\/#breadcrumb\"},\"inLanguage\":\"fr-FR\",\"potentialAction\":[{\"@type\":\"ReadAction\",\"target\":[\"https:\\\/\\\/www.1tool.com\\\/fr\\\/modules\\\/organisation-et-service\\\/projets\\\/fonctions-module-projet\\\/controle-de-projet\\\/\"]}]},{\"@type\":\"BreadcrumbList\",\"@id\":\"https:\\\/\\\/www.1tool.com\\\/fr\\\/modules\\\/organisation-et-service\\\/projets\\\/fonctions-module-projet\\\/controle-de-projet\\\/#breadcrumb\",\"itemListElement\":[{\"@type\":\"ListItem\",\"position\":1,\"name\":\"Home\",\"item\":\"https:\\\/\\\/www.1tool.com\\\/fr\\\/\"},{\"@type\":\"ListItem\",\"position\":2,\"name\":\"Modules\",\"item\":\"https:\\\/\\\/www.1tool.com\\\/fr\\\/module\\\/\"},{\"@type\":\"ListItem\",\"position\":3,\"name\":\"Organisation et service\",\"item\":\"https:\\\/\\\/www.1tool.com\\\/fr\\\/modules\\\/organisation-et-service\\\/\"},{\"@type\":\"ListItem\",\"position\":4,\"name\":\"Projets\",\"item\":\"https:\\\/\\\/www.1tool.com\\\/fr\\\/modules\\\/organisation-et-service\\\/projets\\\/\"},{\"@type\":\"ListItem\",\"position\":5,\"name\":\"Fonctions Module Projet\",\"item\":\"https:\\\/\\\/www.1tool.com\\\/fr\\\/modules\\\/organisation-et-service\\\/projets\\\/fonctions-module-projet\\\/\"},{\"@type\":\"ListItem\",\"position\":6,\"name\":\"Contr\u00f4le de projet\"}]},{\"@type\":\"WebSite\",\"@id\":\"https:\\\/\\\/www.1tool.com\\\/fr\\\/#website\",\"url\":\"https:\\\/\\\/www.1tool.com\\\/fr\\\/\",\"name\":\"1Tool\",\"description\":\"CRM\",\"publisher\":{\"@id\":\"https:\\\/\\\/www.1tool.com\\\/fr\\\/#organization\"},\"potentialAction\":[{\"@type\":\"SearchAction\",\"target\":{\"@type\":\"EntryPoint\",\"urlTemplate\":\"https:\\\/\\\/www.1tool.com\\\/fr\\\/?s={search_term_string}\"},\"query-input\":{\"@type\":\"PropertyValueSpecification\",\"valueRequired\":true,\"valueName\":\"search_term_string\"}}],\"inLanguage\":\"fr-FR\"},{\"@type\":\"Organization\",\"@id\":\"https:\\\/\\\/www.1tool.com\\\/fr\\\/#organization\",\"name\":\"1Tool\",\"url\":\"https:\\\/\\\/www.1tool.com\\\/fr\\\/\",\"logo\":{\"@type\":\"ImageObject\",\"inLanguage\":\"fr-FR\",\"@id\":\"https:\\\/\\\/www.1tool.com\\\/fr\\\/#\\\/schema\\\/logo\\\/image\\\/\",\"url\":\"https:\\\/\\\/www.1tool.com\\\/wp-content\\\/uploads\\\/2022\\\/04\\\/1tool-1.png\",\"contentUrl\":\"https:\\\/\\\/www.1tool.com\\\/wp-content\\\/uploads\\\/2022\\\/04\\\/1tool-1.png\",\"width\":400,\"height\":150,\"caption\":\"1Tool\"},\"image\":{\"@id\":\"https:\\\/\\\/www.1tool.com\\\/fr\\\/#\\\/schema\\\/logo\\\/image\\\/\"}}]}<\/script>\n<!-- \/ Yoast SEO plugin. -->","yoast_head_json":{"title":"Contr\u00f4le de projet - 1Tool","robots":{"index":"index","follow":"follow","max-snippet":"max-snippet:-1","max-image-preview":"max-image-preview:large","max-video-preview":"max-video-preview:-1"},"canonical":"https:\/\/www.1tool.com\/fr\/modules\/organisation-et-service\/projets\/fonctions-module-projet\/controle-de-projet\/","og_locale":"fr_FR","og_type":"article","og_title":"Contr\u00f4le de projet - 1Tool","og_description":"Contr\u00f4le de projet Le contr\u00f4le de projet 1Tool permet de surveiller le temps et les co\u00fbts des projets. G\u00e9rer efficacement les projets Le traitement de vos projets peut \u00eatre g\u00e9r\u00e9 de la mani\u00e8re la plus simple possible et vous \u00eates en mesure de mener plusieurs projets en parall\u00e8le sans trop d&#8217;efforts. En plus de la [&hellip;]","og_url":"https:\/\/www.1tool.com\/fr\/modules\/organisation-et-service\/projets\/fonctions-module-projet\/controle-de-projet\/","og_site_name":"1Tool","article_modified_time":"2026-05-07T12:59:15+00:00","twitter_card":"summary_large_image","twitter_misc":{"Dur\u00e9e de lecture estim\u00e9e":"1 minute"},"schema":{"@context":"https:\/\/schema.org","@graph":[{"@type":"WebPage","@id":"https:\/\/www.1tool.com\/fr\/modules\/organisation-et-service\/projets\/fonctions-module-projet\/controle-de-projet\/","url":"https:\/\/www.1tool.com\/fr\/modules\/organisation-et-service\/projets\/fonctions-module-projet\/controle-de-projet\/","name":"Contr\u00f4le de projet - 1Tool","isPartOf":{"@id":"https:\/\/www.1tool.com\/fr\/#website"},"datePublished":"2022-03-31T02:07:10+00:00","dateModified":"2026-05-07T12:59:15+00:00","breadcrumb":{"@id":"https:\/\/www.1tool.com\/fr\/modules\/organisation-et-service\/projets\/fonctions-module-projet\/controle-de-projet\/#breadcrumb"},"inLanguage":"fr-FR","potentialAction":[{"@type":"ReadAction","target":["https:\/\/www.1tool.com\/fr\/modules\/organisation-et-service\/projets\/fonctions-module-projet\/controle-de-projet\/"]}]},{"@type":"BreadcrumbList","@id":"https:\/\/www.1tool.com\/fr\/modules\/organisation-et-service\/projets\/fonctions-module-projet\/controle-de-projet\/#breadcrumb","itemListElement":[{"@type":"ListItem","position":1,"name":"Home","item":"https:\/\/www.1tool.com\/fr\/"},{"@type":"ListItem","position":2,"name":"Modules","item":"https:\/\/www.1tool.com\/fr\/module\/"},{"@type":"ListItem","position":3,"name":"Organisation et service","item":"https:\/\/www.1tool.com\/fr\/modules\/organisation-et-service\/"},{"@type":"ListItem","position":4,"name":"Projets","item":"https:\/\/www.1tool.com\/fr\/modules\/organisation-et-service\/projets\/"},{"@type":"ListItem","position":5,"name":"Fonctions Module Projet","item":"https:\/\/www.1tool.com\/fr\/modules\/organisation-et-service\/projets\/fonctions-module-projet\/"},{"@type":"ListItem","position":6,"name":"Contr\u00f4le de projet"}]},{"@type":"WebSite","@id":"https:\/\/www.1tool.com\/fr\/#website","url":"https:\/\/www.1tool.com\/fr\/","name":"1Tool","description":"CRM","publisher":{"@id":"https:\/\/www.1tool.com\/fr\/#organization"},"potentialAction":[{"@type":"SearchAction","target":{"@type":"EntryPoint","urlTemplate":"https:\/\/www.1tool.com\/fr\/?s={search_term_string}"},"query-input":{"@type":"PropertyValueSpecification","valueRequired":true,"valueName":"search_term_string"}}],"inLanguage":"fr-FR"},{"@type":"Organization","@id":"https:\/\/www.1tool.com\/fr\/#organization","name":"1Tool","url":"https:\/\/www.1tool.com\/fr\/","logo":{"@type":"ImageObject","inLanguage":"fr-FR","@id":"https:\/\/www.1tool.com\/fr\/#\/schema\/logo\/image\/","url":"https:\/\/www.1tool.com\/wp-content\/uploads\/2022\/04\/1tool-1.png","contentUrl":"https:\/\/www.1tool.com\/wp-content\/uploads\/2022\/04\/1tool-1.png","width":400,"height":150,"caption":"1Tool"},"image":{"@id":"https:\/\/www.1tool.com\/fr\/#\/schema\/logo\/image\/"}}]}},"_links":{"self":[{"href":"https:\/\/www.1tool.com\/fr\/wp-json\/wp\/v2\/pages\/78890","targetHints":{"allow":["GET"]}}],"collection":[{"href":"https:\/\/www.1tool.com\/fr\/wp-json\/wp\/v2\/pages"}],"about":[{"href":"https:\/\/www.1tool.com\/fr\/wp-json\/wp\/v2\/types\/page"}],"author":[{"embeddable":true,"href":"https:\/\/www.1tool.com\/fr\/wp-json\/wp\/v2\/users\/1"}],"replies":[{"embeddable":true,"href":"https:\/\/www.1tool.com\/fr\/wp-json\/wp\/v2\/comments?post=78890"}],"version-history":[{"count":1,"href":"https:\/\/www.1tool.com\/fr\/wp-json\/wp\/v2\/pages\/78890\/revisions"}],"predecessor-version":[{"id":78893,"href":"https:\/\/www.1tool.com\/fr\/wp-json\/wp\/v2\/pages\/78890\/revisions\/78893"}],"up":[{"embeddable":true,"href":"https:\/\/www.1tool.com\/fr\/wp-json\/wp\/v2\/pages\/79027"}],"wp:attachment":[{"href":"https:\/\/www.1tool.com\/fr\/wp-json\/wp\/v2\/media?parent=78890"}],"curies":[{"name":"wp","href":"https:\/\/api.w.org\/{rel}","templated":true}]}}