{"id":78892,"date":"2022-03-30T18:29:12","date_gmt":"2022-03-30T16:29:12","guid":{"rendered":"https:\/\/www.1tool.com\/paquets-supplementaires\/"},"modified":"2026-05-07T14:59:35","modified_gmt":"2026-05-07T12:59:35","slug":"paquets-supplementaires","status":"publish","type":"page","link":"https:\/\/www.1tool.com\/fr\/modules\/modules-speciaux\/reservations\/fonctions-module-dinscription\/paquets-supplementaires\/","title":{"rendered":"Paquets suppl\u00e9mentaires"},"content":{"rendered":"\t\t<div data-elementor-type=\"wp-page\" data-elementor-id=\"78892\" class=\"elementor elementor-78892 elementor-49462\" data-elementor-post-type=\"page\">\n\t\t\t\t\t\t<section class=\"elementor-section elementor-top-section elementor-element elementor-element-bb36d2d elementor-section-boxed elementor-section-height-default elementor-section-height-default shadepro-adv-gradient-no shadepro-sticky-no\" data-id=\"bb36d2d\" data-element_type=\"section\" data-e-type=\"section\" data-settings=\"{&quot;shadepro_sticky&quot;:&quot;no&quot;}\">\n\t\t\t\t\t\t<div class=\"elementor-container elementor-column-gap-default\">\n\t\t\t\t\t<div class=\"elementor-column elementor-col-100 elementor-top-column elementor-element elementor-element-b37c900\" data-id=\"b37c900\" data-element_type=\"column\" data-e-type=\"column\">\n\t\t\t<div class=\"elementor-widget-wrap elementor-element-populated\">\n\t\t\t\t\t\t<div class=\"elementor-element elementor-element-9597033 shadepro-sticky-no elementor-widget elementor-widget-heading\" data-id=\"9597033\" data-element_type=\"widget\" data-e-type=\"widget\" data-settings=\"{&quot;shadepro_sticky&quot;:&quot;no&quot;}\" data-widget_type=\"heading.default\">\n\t\t\t\t<div class=\"elementor-widget-container\">\n\t\t\t\t\t<h1 class=\"elementor-heading-title elementor-size-default\">Paquets suppl\u00e9mentaires<\/h1>\t\t\t\t<\/div>\n\t\t\t\t<\/div>\n\t\t\t\t<div class=\"elementor-element elementor-element-cdf73bd shadepro-sticky-no elementor-widget elementor-widget-text-editor\" data-id=\"cdf73bd\" data-element_type=\"widget\" data-e-type=\"widget\" data-settings=\"{&quot;shadepro_sticky&quot;:&quot;no&quot;}\" data-widget_type=\"text-editor.default\">\n\t\t\t\t<div class=\"elementor-widget-container\">\n\t\t\t\t\t\t\t\t\t<p>De nombreux modules compl\u00e9mentaires pour une utilisation optimale du syst\u00e8me de r\u00e9servation 1Tool<\/p>\t\t\t\t\t\t\t\t<\/div>\n\t\t\t\t<\/div>\n\t\t\t\t<section class=\"elementor-section elementor-inner-section elementor-element elementor-element-6614b67 elementor-section-boxed elementor-section-height-default elementor-section-height-default shadepro-adv-gradient-no shadepro-sticky-no\" data-id=\"6614b67\" data-element_type=\"section\" data-e-type=\"section\" data-settings=\"{&quot;shadepro_sticky&quot;:&quot;no&quot;}\">\n\t\t\t\t\t\t<div class=\"elementor-container elementor-column-gap-default\">\n\t\t\t\t\t<div class=\"elementor-column elementor-col-100 elementor-inner-column elementor-element elementor-element-29e2070\" data-id=\"29e2070\" data-element_type=\"column\" data-e-type=\"column\">\n\t\t\t<div class=\"elementor-widget-wrap elementor-element-populated\">\n\t\t\t\t\t\t<div class=\"elementor-element elementor-element-aa2e09c shadepro-sticky-no elementor-widget elementor-widget-text-editor\" data-id=\"aa2e09c\" data-element_type=\"widget\" data-e-type=\"widget\" data-settings=\"{&quot;shadepro_sticky&quot;:&quot;no&quot;}\" data-widget_type=\"text-editor.default\">\n\t\t\t\t<div class=\"elementor-widget-container\">\n\t\t\t\t\t\t\t\t\t<h3>Int\u00e9gration dans le site web<\/h3><p>Le module de r\u00e9servation peut \u00eatre int\u00e9gr\u00e9 \u00e0 votre propre site web sans grand effort et de la mani\u00e8re la plus simple.<\/p><p>Vos clients obtiennent ainsi un aper\u00e7u en ligne des forfaits propos\u00e9s et des chambres disponibles. Ils ont \u00e9galement la possibilit\u00e9 d&#8217;effectuer une r\u00e9servation directement sur votre site web. Vous recevez ensuite les demandes de r\u00e9servation par e-mail.  <\/p><p> <\/p><h3>Version mobile<\/h3><p>Avec la version mobile du module de r\u00e9servation, vous donnez \u00e0 vos clients la possibilit\u00e9 d&#8217;effectuer des r\u00e9servations et des demandes de mani\u00e8re pratique et simple via un smartphone (iPhone, Android).<\/p><p>Vos clients peuvent ainsi effectuer des r\u00e9servations lorsqu&#8217;ils sont en d\u00e9placement, sans contrainte de temps ni de lieu. Ils peuvent consulter les chambres et les offres disponibles et effectuer une r\u00e9servation \u00e0 tout moment via leur smartphone. <\/p>\t\t\t\t\t\t\t\t<\/div>\n\t\t\t\t<\/div>\n\t\t\t\t\t<\/div>\n\t\t<\/div>\n\t\t\t\t\t<\/div>\n\t\t<\/section>\n\t\t\t\t\t<\/div>\n\t\t<\/div>\n\t\t\t\t\t<\/div>\n\t\t<\/section>\n\t\t\t\t<\/div>\n\t\t","protected":false},"excerpt":{"rendered":"<p>Paquets suppl\u00e9mentaires De nombreux modules compl\u00e9mentaires pour une utilisation optimale du syst\u00e8me de r\u00e9servation 1Tool Int\u00e9gration dans le site web Le module de r\u00e9servation peut \u00eatre int\u00e9gr\u00e9 \u00e0 votre propre site web sans grand effort et de la mani\u00e8re la plus simple. Vos clients obtiennent ainsi un aper\u00e7u en ligne des forfaits propos\u00e9s et des [&hellip;]<\/p>\n","protected":false},"author":1,"featured_media":0,"parent":79063,"menu_order":0,"comment_status":"closed","ping_status":"closed","template":"","meta":{"inline_featured_image":false,"footnotes":""},"class_list":["post-78892","page","type-page","status-publish","hentry"],"acf":[],"yoast_head":"<!-- This site is optimized with the Yoast SEO plugin v27.5 - https:\/\/yoast.com\/product\/yoast-seo-wordpress\/ -->\n<title>Paquets suppl\u00e9mentaires - 1Tool<\/title>\n<meta name=\"robots\" content=\"index, follow, max-snippet:-1, max-image-preview:large, max-video-preview:-1\" \/>\n<link rel=\"canonical\" href=\"https:\/\/www.1tool.com\/fr\/modules\/modules-speciaux\/reservations\/fonctions-module-dinscription\/paquets-supplementaires\/\" \/>\n<meta property=\"og:locale\" content=\"fr_FR\" \/>\n<meta property=\"og:type\" content=\"article\" \/>\n<meta property=\"og:title\" content=\"Paquets suppl\u00e9mentaires - 1Tool\" \/>\n<meta property=\"og:description\" content=\"Paquets suppl\u00e9mentaires De nombreux modules compl\u00e9mentaires pour une utilisation optimale du syst\u00e8me de r\u00e9servation 1Tool Int\u00e9gration dans le site web Le module de r\u00e9servation peut \u00eatre int\u00e9gr\u00e9 \u00e0 votre propre site web sans grand effort et de la mani\u00e8re la plus simple. Vos clients obtiennent ainsi un aper\u00e7u en ligne des forfaits propos\u00e9s et des [&hellip;]\" \/>\n<meta property=\"og:url\" content=\"https:\/\/www.1tool.com\/fr\/modules\/modules-speciaux\/reservations\/fonctions-module-dinscription\/paquets-supplementaires\/\" \/>\n<meta property=\"og:site_name\" content=\"1Tool\" \/>\n<meta property=\"article:modified_time\" content=\"2026-05-07T12:59:35+00:00\" \/>\n<meta name=\"twitter:card\" content=\"summary_large_image\" \/>\n<meta name=\"twitter:label1\" content=\"Dur\u00e9e de lecture estim\u00e9e\" \/>\n\t<meta name=\"twitter:data1\" content=\"1 minute\" \/>\n<script type=\"application\/ld+json\" class=\"yoast-schema-graph\">{\"@context\":\"https:\\\/\\\/schema.org\",\"@graph\":[{\"@type\":\"WebPage\",\"@id\":\"https:\\\/\\\/www.1tool.com\\\/fr\\\/modules\\\/modules-speciaux\\\/reservations\\\/fonctions-module-dinscription\\\/paquets-supplementaires\\\/\",\"url\":\"https:\\\/\\\/www.1tool.com\\\/fr\\\/modules\\\/modules-speciaux\\\/reservations\\\/fonctions-module-dinscription\\\/paquets-supplementaires\\\/\",\"name\":\"Paquets suppl\u00e9mentaires - 1Tool\",\"isPartOf\":{\"@id\":\"https:\\\/\\\/www.1tool.com\\\/fr\\\/#website\"},\"datePublished\":\"2022-03-30T16:29:12+00:00\",\"dateModified\":\"2026-05-07T12:59:35+00:00\",\"breadcrumb\":{\"@id\":\"https:\\\/\\\/www.1tool.com\\\/fr\\\/modules\\\/modules-speciaux\\\/reservations\\\/fonctions-module-dinscription\\\/paquets-supplementaires\\\/#breadcrumb\"},\"inLanguage\":\"fr-FR\",\"potentialAction\":[{\"@type\":\"ReadAction\",\"target\":[\"https:\\\/\\\/www.1tool.com\\\/fr\\\/modules\\\/modules-speciaux\\\/reservations\\\/fonctions-module-dinscription\\\/paquets-supplementaires\\\/\"]}]},{\"@type\":\"BreadcrumbList\",\"@id\":\"https:\\\/\\\/www.1tool.com\\\/fr\\\/modules\\\/modules-speciaux\\\/reservations\\\/fonctions-module-dinscription\\\/paquets-supplementaires\\\/#breadcrumb\",\"itemListElement\":[{\"@type\":\"ListItem\",\"position\":1,\"name\":\"Home\",\"item\":\"https:\\\/\\\/www.1tool.com\\\/fr\\\/\"},{\"@type\":\"ListItem\",\"position\":2,\"name\":\"Modules\",\"item\":\"https:\\\/\\\/www.1tool.com\\\/fr\\\/module\\\/\"},{\"@type\":\"ListItem\",\"position\":3,\"name\":\"Modules sp\u00e9ciaux\",\"item\":\"https:\\\/\\\/www.1tool.com\\\/fr\\\/modules\\\/modules-speciaux\\\/\"},{\"@type\":\"ListItem\",\"position\":4,\"name\":\"R\u00e9servations\",\"item\":\"https:\\\/\\\/www.1tool.com\\\/fr\\\/modules\\\/modules-speciaux\\\/reservations\\\/\"},{\"@type\":\"ListItem\",\"position\":5,\"name\":\"Fonctions Module d&#8217;inscription\",\"item\":\"https:\\\/\\\/www.1tool.com\\\/fr\\\/modules\\\/modules-speciaux\\\/reservations\\\/fonctions-module-dinscription\\\/\"},{\"@type\":\"ListItem\",\"position\":6,\"name\":\"Paquets suppl\u00e9mentaires\"}]},{\"@type\":\"WebSite\",\"@id\":\"https:\\\/\\\/www.1tool.com\\\/fr\\\/#website\",\"url\":\"https:\\\/\\\/www.1tool.com\\\/fr\\\/\",\"name\":\"1Tool\",\"description\":\"CRM\",\"publisher\":{\"@id\":\"https:\\\/\\\/www.1tool.com\\\/fr\\\/#organization\"},\"potentialAction\":[{\"@type\":\"SearchAction\",\"target\":{\"@type\":\"EntryPoint\",\"urlTemplate\":\"https:\\\/\\\/www.1tool.com\\\/fr\\\/?s={search_term_string}\"},\"query-input\":{\"@type\":\"PropertyValueSpecification\",\"valueRequired\":true,\"valueName\":\"search_term_string\"}}],\"inLanguage\":\"fr-FR\"},{\"@type\":\"Organization\",\"@id\":\"https:\\\/\\\/www.1tool.com\\\/fr\\\/#organization\",\"name\":\"1Tool\",\"url\":\"https:\\\/\\\/www.1tool.com\\\/fr\\\/\",\"logo\":{\"@type\":\"ImageObject\",\"inLanguage\":\"fr-FR\",\"@id\":\"https:\\\/\\\/www.1tool.com\\\/fr\\\/#\\\/schema\\\/logo\\\/image\\\/\",\"url\":\"https:\\\/\\\/www.1tool.com\\\/wp-content\\\/uploads\\\/2022\\\/04\\\/1tool-1.png\",\"contentUrl\":\"https:\\\/\\\/www.1tool.com\\\/wp-content\\\/uploads\\\/2022\\\/04\\\/1tool-1.png\",\"width\":400,\"height\":150,\"caption\":\"1Tool\"},\"image\":{\"@id\":\"https:\\\/\\\/www.1tool.com\\\/fr\\\/#\\\/schema\\\/logo\\\/image\\\/\"}}]}<\/script>\n<!-- \/ Yoast SEO plugin. -->","yoast_head_json":{"title":"Paquets suppl\u00e9mentaires - 1Tool","robots":{"index":"index","follow":"follow","max-snippet":"max-snippet:-1","max-image-preview":"max-image-preview:large","max-video-preview":"max-video-preview:-1"},"canonical":"https:\/\/www.1tool.com\/fr\/modules\/modules-speciaux\/reservations\/fonctions-module-dinscription\/paquets-supplementaires\/","og_locale":"fr_FR","og_type":"article","og_title":"Paquets suppl\u00e9mentaires - 1Tool","og_description":"Paquets suppl\u00e9mentaires De nombreux modules compl\u00e9mentaires pour une utilisation optimale du syst\u00e8me de r\u00e9servation 1Tool Int\u00e9gration dans le site web Le module de r\u00e9servation peut \u00eatre int\u00e9gr\u00e9 \u00e0 votre propre site web sans grand effort et de la mani\u00e8re la plus simple. Vos clients obtiennent ainsi un aper\u00e7u en ligne des forfaits propos\u00e9s et des [&hellip;]","og_url":"https:\/\/www.1tool.com\/fr\/modules\/modules-speciaux\/reservations\/fonctions-module-dinscription\/paquets-supplementaires\/","og_site_name":"1Tool","article_modified_time":"2026-05-07T12:59:35+00:00","twitter_card":"summary_large_image","twitter_misc":{"Dur\u00e9e de lecture estim\u00e9e":"1 minute"},"schema":{"@context":"https:\/\/schema.org","@graph":[{"@type":"WebPage","@id":"https:\/\/www.1tool.com\/fr\/modules\/modules-speciaux\/reservations\/fonctions-module-dinscription\/paquets-supplementaires\/","url":"https:\/\/www.1tool.com\/fr\/modules\/modules-speciaux\/reservations\/fonctions-module-dinscription\/paquets-supplementaires\/","name":"Paquets suppl\u00e9mentaires - 1Tool","isPartOf":{"@id":"https:\/\/www.1tool.com\/fr\/#website"},"datePublished":"2022-03-30T16:29:12+00:00","dateModified":"2026-05-07T12:59:35+00:00","breadcrumb":{"@id":"https:\/\/www.1tool.com\/fr\/modules\/modules-speciaux\/reservations\/fonctions-module-dinscription\/paquets-supplementaires\/#breadcrumb"},"inLanguage":"fr-FR","potentialAction":[{"@type":"ReadAction","target":["https:\/\/www.1tool.com\/fr\/modules\/modules-speciaux\/reservations\/fonctions-module-dinscription\/paquets-supplementaires\/"]}]},{"@type":"BreadcrumbList","@id":"https:\/\/www.1tool.com\/fr\/modules\/modules-speciaux\/reservations\/fonctions-module-dinscription\/paquets-supplementaires\/#breadcrumb","itemListElement":[{"@type":"ListItem","position":1,"name":"Home","item":"https:\/\/www.1tool.com\/fr\/"},{"@type":"ListItem","position":2,"name":"Modules","item":"https:\/\/www.1tool.com\/fr\/module\/"},{"@type":"ListItem","position":3,"name":"Modules sp\u00e9ciaux","item":"https:\/\/www.1tool.com\/fr\/modules\/modules-speciaux\/"},{"@type":"ListItem","position":4,"name":"R\u00e9servations","item":"https:\/\/www.1tool.com\/fr\/modules\/modules-speciaux\/reservations\/"},{"@type":"ListItem","position":5,"name":"Fonctions Module d&#8217;inscription","item":"https:\/\/www.1tool.com\/fr\/modules\/modules-speciaux\/reservations\/fonctions-module-dinscription\/"},{"@type":"ListItem","position":6,"name":"Paquets suppl\u00e9mentaires"}]},{"@type":"WebSite","@id":"https:\/\/www.1tool.com\/fr\/#website","url":"https:\/\/www.1tool.com\/fr\/","name":"1Tool","description":"CRM","publisher":{"@id":"https:\/\/www.1tool.com\/fr\/#organization"},"potentialAction":[{"@type":"SearchAction","target":{"@type":"EntryPoint","urlTemplate":"https:\/\/www.1tool.com\/fr\/?s={search_term_string}"},"query-input":{"@type":"PropertyValueSpecification","valueRequired":true,"valueName":"search_term_string"}}],"inLanguage":"fr-FR"},{"@type":"Organization","@id":"https:\/\/www.1tool.com\/fr\/#organization","name":"1Tool","url":"https:\/\/www.1tool.com\/fr\/","logo":{"@type":"ImageObject","inLanguage":"fr-FR","@id":"https:\/\/www.1tool.com\/fr\/#\/schema\/logo\/image\/","url":"https:\/\/www.1tool.com\/wp-content\/uploads\/2022\/04\/1tool-1.png","contentUrl":"https:\/\/www.1tool.com\/wp-content\/uploads\/2022\/04\/1tool-1.png","width":400,"height":150,"caption":"1Tool"},"image":{"@id":"https:\/\/www.1tool.com\/fr\/#\/schema\/logo\/image\/"}}]}},"_links":{"self":[{"href":"https:\/\/www.1tool.com\/fr\/wp-json\/wp\/v2\/pages\/78892","targetHints":{"allow":["GET"]}}],"collection":[{"href":"https:\/\/www.1tool.com\/fr\/wp-json\/wp\/v2\/pages"}],"about":[{"href":"https:\/\/www.1tool.com\/fr\/wp-json\/wp\/v2\/types\/page"}],"author":[{"embeddable":true,"href":"https:\/\/www.1tool.com\/fr\/wp-json\/wp\/v2\/users\/1"}],"replies":[{"embeddable":true,"href":"https:\/\/www.1tool.com\/fr\/wp-json\/wp\/v2\/comments?post=78892"}],"version-history":[{"count":1,"href":"https:\/\/www.1tool.com\/fr\/wp-json\/wp\/v2\/pages\/78892\/revisions"}],"predecessor-version":[{"id":78894,"href":"https:\/\/www.1tool.com\/fr\/wp-json\/wp\/v2\/pages\/78892\/revisions\/78894"}],"up":[{"embeddable":true,"href":"https:\/\/www.1tool.com\/fr\/wp-json\/wp\/v2\/pages\/79063"}],"wp:attachment":[{"href":"https:\/\/www.1tool.com\/fr\/wp-json\/wp\/v2\/media?parent=78892"}],"curies":[{"name":"wp","href":"https:\/\/api.w.org\/{rel}","templated":true}]}}