{"id":78902,"date":"2022-03-31T04:02:45","date_gmt":"2022-03-31T02:02:45","guid":{"rendered":"https:\/\/www.1tool.com\/integration-des-e-mails\/"},"modified":"2026-05-07T14:59:14","modified_gmt":"2026-05-07T12:59:14","slug":"integration-des-e-mails","status":"publish","type":"page","link":"https:\/\/www.1tool.com\/fr\/modules\/organisation-et-service\/projets\/fonctions-module-projet\/integration-des-e-mails\/","title":{"rendered":"Int\u00e9gration des e-mails"},"content":{"rendered":"\t\t<div data-elementor-type=\"wp-page\" data-elementor-id=\"78902\" class=\"elementor elementor-78902 elementor-49602\" data-elementor-post-type=\"page\">\n\t\t\t\t\t\t<section class=\"elementor-section elementor-top-section elementor-element elementor-element-1386a44 elementor-section-boxed elementor-section-height-default elementor-section-height-default shadepro-adv-gradient-no shadepro-sticky-no\" data-id=\"1386a44\" data-element_type=\"section\" data-e-type=\"section\" data-settings=\"{&quot;shadepro_sticky&quot;:&quot;no&quot;}\">\n\t\t\t\t\t\t<div class=\"elementor-container elementor-column-gap-default\">\n\t\t\t\t\t<div class=\"elementor-column elementor-col-100 elementor-top-column elementor-element elementor-element-d99be57\" data-id=\"d99be57\" data-element_type=\"column\" data-e-type=\"column\">\n\t\t\t<div class=\"elementor-widget-wrap elementor-element-populated\">\n\t\t\t\t\t\t<div class=\"elementor-element elementor-element-5fdf372 shadepro-sticky-no elementor-widget elementor-widget-heading\" data-id=\"5fdf372\" data-element_type=\"widget\" data-e-type=\"widget\" data-settings=\"{&quot;shadepro_sticky&quot;:&quot;no&quot;}\" data-widget_type=\"heading.default\">\n\t\t\t\t<div class=\"elementor-widget-container\">\n\t\t\t\t\t<h1 class=\"elementor-heading-title elementor-size-default\">Int\u00e9gration des e-mails<\/h1>\t\t\t\t<\/div>\n\t\t\t\t<\/div>\n\t\t\t\t<div class=\"elementor-element elementor-element-57cb03a shadepro-sticky-no elementor-widget elementor-widget-text-editor\" data-id=\"57cb03a\" data-element_type=\"widget\" data-e-type=\"widget\" data-settings=\"{&quot;shadepro_sticky&quot;:&quot;no&quot;}\" data-widget_type=\"text-editor.default\">\n\t\t\t\t<div class=\"elementor-widget-container\">\n\t\t\t\t\t\t\t\t\t<p>L&#8217;int\u00e9gration du courrier \u00e9lectronique est une interface entre les programmes de courrier \u00e9lectronique tels que Microsoft Outlook et 1Tool.<\/p>\t\t\t\t\t\t\t\t<\/div>\n\t\t\t\t<\/div>\n\t\t\t\t<section class=\"elementor-section elementor-inner-section elementor-element elementor-element-620734d elementor-section-boxed elementor-section-height-default elementor-section-height-default shadepro-adv-gradient-no shadepro-sticky-no\" data-id=\"620734d\" data-element_type=\"section\" data-e-type=\"section\" data-settings=\"{&quot;shadepro_sticky&quot;:&quot;no&quot;}\">\n\t\t\t\t\t\t<div class=\"elementor-container elementor-column-gap-default\">\n\t\t\t\t\t<div class=\"elementor-column elementor-col-100 elementor-inner-column elementor-element elementor-element-cb49bff\" data-id=\"cb49bff\" data-element_type=\"column\" data-e-type=\"column\">\n\t\t\t<div class=\"elementor-widget-wrap elementor-element-populated\">\n\t\t\t\t\t\t<div class=\"elementor-element elementor-element-013cd15 shadepro-sticky-no elementor-widget elementor-widget-text-editor\" data-id=\"013cd15\" data-element_type=\"widget\" data-e-type=\"widget\" data-settings=\"{&quot;shadepro_sticky&quot;:&quot;no&quot;}\" data-widget_type=\"text-editor.default\">\n\t\t\t\t<div class=\"elementor-widget-container\">\n\t\t\t\t\t\t\t\t\t<h3>Lien avec le compte de messagerie<\/h3><p>Les contacts peuvent \u00eatre associ\u00e9s \u00e0 un compte de messagerie et les e-mails peuvent \u00eatre consult\u00e9s. Les pi\u00e8ces jointes peuvent \u00eatre enregistr\u00e9es et ajout\u00e9es aux documents d&#8217;un contact. Les e-mails des contacts associ\u00e9s peuvent \u00e9galement \u00eatre affich\u00e9s directement dans les projets.  <\/p><p> <\/p><h4>Qu&#8217;est-ce qui est possible avec l&#8217;int\u00e9gration du courrier \u00e9lectronique ?<\/h4><ul><li>  cr\u00e9er des comptes de messagerie globaux<\/li><li>  Modifier les comptes de messagerie globaux<\/li><li>  V\u00e9rifier les comptes de messagerie globaux<\/li><li>  associer des contacts \u00e0 un compte de messagerie<\/li><li>  lier des projets \u00e0 un compte de messagerie<\/li><li>  consulter les e-mails<\/li><li>  Enregistrer les pi\u00e8ces jointes<\/li><li>  Ajouter des pi\u00e8ces jointes aux documents d&#8217;un contact<\/li><\/ul><h4> <\/h4><h4>Qu&#8217;est-ce qui n&#8217;est pas possible avec l&#8217;int\u00e9gration du courrier \u00e9lectronique ?<\/h4><p>L&#8217;int\u00e9gration du courrier \u00e9lectronique ne remplace pas les programmes de courrier \u00e9lectronique complets tels que Microsoft Outlook ou Mozilla Thunderbird. Les choses suivantes ne sont donc pas possibles : <\/p><ul><li>  R\u00e9pondre \u00e0 des e-mails<\/li><li>  Transf\u00e9rer des e-mails<\/li><li>  d\u00e9finir plusieurs dossiers pour un contact<\/li><li>  D\u00e9finir plus d&#8217;un compte \u00e0 la fois pour un contact<\/li><li>  archiver des e-mails<\/li><li>  supprimer des e-mails<\/li><li>  d\u00e9placer des e-mails<\/li><li>  Ouvrir plus d&#8217;un e-mail \u00e0 la fois<\/li><\/ul><p><em>Pour savoir comment configurer des comptes de messagerie globaux pour l&#8217;int\u00e9gration, <strong><a href=\"https:\/\/www.1tool.com\/manual\/e-mail-integration\/\" target=\"_blank\" rel=\"noreferrer noopener\">cliquez ici<\/a><\/strong><\/em>.<\/p>\t\t\t\t\t\t\t\t<\/div>\n\t\t\t\t<\/div>\n\t\t\t\t\t<\/div>\n\t\t<\/div>\n\t\t\t\t\t<\/div>\n\t\t<\/section>\n\t\t\t\t\t<\/div>\n\t\t<\/div>\n\t\t\t\t\t<\/div>\n\t\t<\/section>\n\t\t\t\t<\/div>\n\t\t","protected":false},"excerpt":{"rendered":"<p>Int\u00e9gration des e-mails L&#8217;int\u00e9gration du courrier \u00e9lectronique est une interface entre les programmes de courrier \u00e9lectronique tels que Microsoft Outlook et 1Tool. Lien avec le compte de messagerie Les contacts peuvent \u00eatre associ\u00e9s \u00e0 un compte de messagerie et les e-mails peuvent \u00eatre consult\u00e9s. Les pi\u00e8ces jointes peuvent \u00eatre enregistr\u00e9es et ajout\u00e9es aux documents d&#8217;un [&hellip;]<\/p>\n","protected":false},"author":1,"featured_media":0,"parent":79027,"menu_order":0,"comment_status":"closed","ping_status":"closed","template":"","meta":{"inline_featured_image":false,"footnotes":""},"class_list":["post-78902","page","type-page","status-publish","hentry"],"acf":[],"yoast_head":"<!-- This site is optimized with the Yoast SEO plugin v27.5 - https:\/\/yoast.com\/product\/yoast-seo-wordpress\/ -->\n<title>Int\u00e9gration des e-mails - 1Tool<\/title>\n<meta name=\"robots\" content=\"index, follow, max-snippet:-1, max-image-preview:large, max-video-preview:-1\" \/>\n<link rel=\"canonical\" href=\"https:\/\/www.1tool.com\/fr\/modules\/organisation-et-service\/projets\/fonctions-module-projet\/integration-des-e-mails\/\" \/>\n<meta property=\"og:locale\" content=\"fr_FR\" \/>\n<meta property=\"og:type\" content=\"article\" \/>\n<meta property=\"og:title\" content=\"Int\u00e9gration des e-mails - 1Tool\" \/>\n<meta property=\"og:description\" content=\"Int\u00e9gration des e-mails L&#8217;int\u00e9gration du courrier \u00e9lectronique est une interface entre les programmes de courrier \u00e9lectronique tels que Microsoft Outlook et 1Tool. Lien avec le compte de messagerie Les contacts peuvent \u00eatre associ\u00e9s \u00e0 un compte de messagerie et les e-mails peuvent \u00eatre consult\u00e9s. Les pi\u00e8ces jointes peuvent \u00eatre enregistr\u00e9es et ajout\u00e9es aux documents d&#8217;un [&hellip;]\" \/>\n<meta property=\"og:url\" content=\"https:\/\/www.1tool.com\/fr\/modules\/organisation-et-service\/projets\/fonctions-module-projet\/integration-des-e-mails\/\" \/>\n<meta property=\"og:site_name\" content=\"1Tool\" \/>\n<meta property=\"article:modified_time\" content=\"2026-05-07T12:59:14+00:00\" \/>\n<meta name=\"twitter:card\" content=\"summary_large_image\" \/>\n<meta name=\"twitter:label1\" content=\"Dur\u00e9e de lecture estim\u00e9e\" \/>\n\t<meta name=\"twitter:data1\" content=\"1 minute\" \/>\n<script type=\"application\/ld+json\" class=\"yoast-schema-graph\">{\"@context\":\"https:\\\/\\\/schema.org\",\"@graph\":[{\"@type\":\"WebPage\",\"@id\":\"https:\\\/\\\/www.1tool.com\\\/fr\\\/modules\\\/organisation-et-service\\\/projets\\\/fonctions-module-projet\\\/integration-des-e-mails\\\/\",\"url\":\"https:\\\/\\\/www.1tool.com\\\/fr\\\/modules\\\/organisation-et-service\\\/projets\\\/fonctions-module-projet\\\/integration-des-e-mails\\\/\",\"name\":\"Int\u00e9gration des e-mails - 1Tool\",\"isPartOf\":{\"@id\":\"https:\\\/\\\/www.1tool.com\\\/fr\\\/#website\"},\"datePublished\":\"2022-03-31T02:02:45+00:00\",\"dateModified\":\"2026-05-07T12:59:14+00:00\",\"breadcrumb\":{\"@id\":\"https:\\\/\\\/www.1tool.com\\\/fr\\\/modules\\\/organisation-et-service\\\/projets\\\/fonctions-module-projet\\\/integration-des-e-mails\\\/#breadcrumb\"},\"inLanguage\":\"fr-FR\",\"potentialAction\":[{\"@type\":\"ReadAction\",\"target\":[\"https:\\\/\\\/www.1tool.com\\\/fr\\\/modules\\\/organisation-et-service\\\/projets\\\/fonctions-module-projet\\\/integration-des-e-mails\\\/\"]}]},{\"@type\":\"BreadcrumbList\",\"@id\":\"https:\\\/\\\/www.1tool.com\\\/fr\\\/modules\\\/organisation-et-service\\\/projets\\\/fonctions-module-projet\\\/integration-des-e-mails\\\/#breadcrumb\",\"itemListElement\":[{\"@type\":\"ListItem\",\"position\":1,\"name\":\"Home\",\"item\":\"https:\\\/\\\/www.1tool.com\\\/fr\\\/\"},{\"@type\":\"ListItem\",\"position\":2,\"name\":\"Modules\",\"item\":\"https:\\\/\\\/www.1tool.com\\\/fr\\\/module\\\/\"},{\"@type\":\"ListItem\",\"position\":3,\"name\":\"Organisation et service\",\"item\":\"https:\\\/\\\/www.1tool.com\\\/fr\\\/modules\\\/organisation-et-service\\\/\"},{\"@type\":\"ListItem\",\"position\":4,\"name\":\"Projets\",\"item\":\"https:\\\/\\\/www.1tool.com\\\/fr\\\/modules\\\/organisation-et-service\\\/projets\\\/\"},{\"@type\":\"ListItem\",\"position\":5,\"name\":\"Fonctions Module Projet\",\"item\":\"https:\\\/\\\/www.1tool.com\\\/fr\\\/modules\\\/organisation-et-service\\\/projets\\\/fonctions-module-projet\\\/\"},{\"@type\":\"ListItem\",\"position\":6,\"name\":\"Int\u00e9gration des e-mails\"}]},{\"@type\":\"WebSite\",\"@id\":\"https:\\\/\\\/www.1tool.com\\\/fr\\\/#website\",\"url\":\"https:\\\/\\\/www.1tool.com\\\/fr\\\/\",\"name\":\"1Tool\",\"description\":\"CRM\",\"publisher\":{\"@id\":\"https:\\\/\\\/www.1tool.com\\\/fr\\\/#organization\"},\"potentialAction\":[{\"@type\":\"SearchAction\",\"target\":{\"@type\":\"EntryPoint\",\"urlTemplate\":\"https:\\\/\\\/www.1tool.com\\\/fr\\\/?s={search_term_string}\"},\"query-input\":{\"@type\":\"PropertyValueSpecification\",\"valueRequired\":true,\"valueName\":\"search_term_string\"}}],\"inLanguage\":\"fr-FR\"},{\"@type\":\"Organization\",\"@id\":\"https:\\\/\\\/www.1tool.com\\\/fr\\\/#organization\",\"name\":\"1Tool\",\"url\":\"https:\\\/\\\/www.1tool.com\\\/fr\\\/\",\"logo\":{\"@type\":\"ImageObject\",\"inLanguage\":\"fr-FR\",\"@id\":\"https:\\\/\\\/www.1tool.com\\\/fr\\\/#\\\/schema\\\/logo\\\/image\\\/\",\"url\":\"https:\\\/\\\/www.1tool.com\\\/wp-content\\\/uploads\\\/2022\\\/04\\\/1tool-1.png\",\"contentUrl\":\"https:\\\/\\\/www.1tool.com\\\/wp-content\\\/uploads\\\/2022\\\/04\\\/1tool-1.png\",\"width\":400,\"height\":150,\"caption\":\"1Tool\"},\"image\":{\"@id\":\"https:\\\/\\\/www.1tool.com\\\/fr\\\/#\\\/schema\\\/logo\\\/image\\\/\"}}]}<\/script>\n<!-- \/ Yoast SEO plugin. -->","yoast_head_json":{"title":"Int\u00e9gration des e-mails - 1Tool","robots":{"index":"index","follow":"follow","max-snippet":"max-snippet:-1","max-image-preview":"max-image-preview:large","max-video-preview":"max-video-preview:-1"},"canonical":"https:\/\/www.1tool.com\/fr\/modules\/organisation-et-service\/projets\/fonctions-module-projet\/integration-des-e-mails\/","og_locale":"fr_FR","og_type":"article","og_title":"Int\u00e9gration des e-mails - 1Tool","og_description":"Int\u00e9gration des e-mails L&#8217;int\u00e9gration du courrier \u00e9lectronique est une interface entre les programmes de courrier \u00e9lectronique tels que Microsoft Outlook et 1Tool. Lien avec le compte de messagerie Les contacts peuvent \u00eatre associ\u00e9s \u00e0 un compte de messagerie et les e-mails peuvent \u00eatre consult\u00e9s. Les pi\u00e8ces jointes peuvent \u00eatre enregistr\u00e9es et ajout\u00e9es aux documents d&#8217;un [&hellip;]","og_url":"https:\/\/www.1tool.com\/fr\/modules\/organisation-et-service\/projets\/fonctions-module-projet\/integration-des-e-mails\/","og_site_name":"1Tool","article_modified_time":"2026-05-07T12:59:14+00:00","twitter_card":"summary_large_image","twitter_misc":{"Dur\u00e9e de lecture estim\u00e9e":"1 minute"},"schema":{"@context":"https:\/\/schema.org","@graph":[{"@type":"WebPage","@id":"https:\/\/www.1tool.com\/fr\/modules\/organisation-et-service\/projets\/fonctions-module-projet\/integration-des-e-mails\/","url":"https:\/\/www.1tool.com\/fr\/modules\/organisation-et-service\/projets\/fonctions-module-projet\/integration-des-e-mails\/","name":"Int\u00e9gration des e-mails - 1Tool","isPartOf":{"@id":"https:\/\/www.1tool.com\/fr\/#website"},"datePublished":"2022-03-31T02:02:45+00:00","dateModified":"2026-05-07T12:59:14+00:00","breadcrumb":{"@id":"https:\/\/www.1tool.com\/fr\/modules\/organisation-et-service\/projets\/fonctions-module-projet\/integration-des-e-mails\/#breadcrumb"},"inLanguage":"fr-FR","potentialAction":[{"@type":"ReadAction","target":["https:\/\/www.1tool.com\/fr\/modules\/organisation-et-service\/projets\/fonctions-module-projet\/integration-des-e-mails\/"]}]},{"@type":"BreadcrumbList","@id":"https:\/\/www.1tool.com\/fr\/modules\/organisation-et-service\/projets\/fonctions-module-projet\/integration-des-e-mails\/#breadcrumb","itemListElement":[{"@type":"ListItem","position":1,"name":"Home","item":"https:\/\/www.1tool.com\/fr\/"},{"@type":"ListItem","position":2,"name":"Modules","item":"https:\/\/www.1tool.com\/fr\/module\/"},{"@type":"ListItem","position":3,"name":"Organisation et service","item":"https:\/\/www.1tool.com\/fr\/modules\/organisation-et-service\/"},{"@type":"ListItem","position":4,"name":"Projets","item":"https:\/\/www.1tool.com\/fr\/modules\/organisation-et-service\/projets\/"},{"@type":"ListItem","position":5,"name":"Fonctions Module Projet","item":"https:\/\/www.1tool.com\/fr\/modules\/organisation-et-service\/projets\/fonctions-module-projet\/"},{"@type":"ListItem","position":6,"name":"Int\u00e9gration des e-mails"}]},{"@type":"WebSite","@id":"https:\/\/www.1tool.com\/fr\/#website","url":"https:\/\/www.1tool.com\/fr\/","name":"1Tool","description":"CRM","publisher":{"@id":"https:\/\/www.1tool.com\/fr\/#organization"},"potentialAction":[{"@type":"SearchAction","target":{"@type":"EntryPoint","urlTemplate":"https:\/\/www.1tool.com\/fr\/?s={search_term_string}"},"query-input":{"@type":"PropertyValueSpecification","valueRequired":true,"valueName":"search_term_string"}}],"inLanguage":"fr-FR"},{"@type":"Organization","@id":"https:\/\/www.1tool.com\/fr\/#organization","name":"1Tool","url":"https:\/\/www.1tool.com\/fr\/","logo":{"@type":"ImageObject","inLanguage":"fr-FR","@id":"https:\/\/www.1tool.com\/fr\/#\/schema\/logo\/image\/","url":"https:\/\/www.1tool.com\/wp-content\/uploads\/2022\/04\/1tool-1.png","contentUrl":"https:\/\/www.1tool.com\/wp-content\/uploads\/2022\/04\/1tool-1.png","width":400,"height":150,"caption":"1Tool"},"image":{"@id":"https:\/\/www.1tool.com\/fr\/#\/schema\/logo\/image\/"}}]}},"_links":{"self":[{"href":"https:\/\/www.1tool.com\/fr\/wp-json\/wp\/v2\/pages\/78902","targetHints":{"allow":["GET"]}}],"collection":[{"href":"https:\/\/www.1tool.com\/fr\/wp-json\/wp\/v2\/pages"}],"about":[{"href":"https:\/\/www.1tool.com\/fr\/wp-json\/wp\/v2\/types\/page"}],"author":[{"embeddable":true,"href":"https:\/\/www.1tool.com\/fr\/wp-json\/wp\/v2\/users\/1"}],"replies":[{"embeddable":true,"href":"https:\/\/www.1tool.com\/fr\/wp-json\/wp\/v2\/comments?post=78902"}],"version-history":[{"count":1,"href":"https:\/\/www.1tool.com\/fr\/wp-json\/wp\/v2\/pages\/78902\/revisions"}],"predecessor-version":[{"id":78903,"href":"https:\/\/www.1tool.com\/fr\/wp-json\/wp\/v2\/pages\/78902\/revisions\/78903"}],"up":[{"embeddable":true,"href":"https:\/\/www.1tool.com\/fr\/wp-json\/wp\/v2\/pages\/79027"}],"wp:attachment":[{"href":"https:\/\/www.1tool.com\/fr\/wp-json\/wp\/v2\/media?parent=78902"}],"curies":[{"name":"wp","href":"https:\/\/api.w.org\/{rel}","templated":true}]}}