{"id":78904,"date":"2022-03-30T18:27:28","date_gmt":"2022-03-30T16:27:28","guid":{"rendered":"https:\/\/www.1tool.com\/systeme-de-reservation\/"},"modified":"2026-05-07T14:59:35","modified_gmt":"2026-05-07T12:59:35","slug":"systeme-de-reservation","status":"publish","type":"page","link":"https:\/\/www.1tool.com\/fr\/modules\/modules-speciaux\/reservations\/fonctions-module-dinscription\/systeme-de-reservation\/","title":{"rendered":"Syst\u00e8me de r\u00e9servation"},"content":{"rendered":"\t\t<div data-elementor-type=\"wp-page\" data-elementor-id=\"78904\" class=\"elementor elementor-78904 elementor-49448\" data-elementor-post-type=\"page\">\n\t\t\t\t\t\t<section class=\"elementor-section elementor-top-section elementor-element elementor-element-5f0ba3b elementor-section-boxed elementor-section-height-default elementor-section-height-default shadepro-adv-gradient-no shadepro-sticky-no\" data-id=\"5f0ba3b\" data-element_type=\"section\" data-e-type=\"section\" data-settings=\"{&quot;shadepro_sticky&quot;:&quot;no&quot;}\">\n\t\t\t\t\t\t<div class=\"elementor-container elementor-column-gap-default\">\n\t\t\t\t\t<div class=\"elementor-column elementor-col-100 elementor-top-column elementor-element elementor-element-f705812\" data-id=\"f705812\" data-element_type=\"column\" data-e-type=\"column\">\n\t\t\t<div class=\"elementor-widget-wrap elementor-element-populated\">\n\t\t\t\t\t\t<div class=\"elementor-element elementor-element-49bf7bc shadepro-sticky-no elementor-widget elementor-widget-heading\" data-id=\"49bf7bc\" data-element_type=\"widget\" data-e-type=\"widget\" data-settings=\"{&quot;shadepro_sticky&quot;:&quot;no&quot;}\" data-widget_type=\"heading.default\">\n\t\t\t\t<div class=\"elementor-widget-container\">\n\t\t\t\t\t<h1 class=\"elementor-heading-title elementor-size-default\">Syst\u00e8me de r\u00e9servation<\/h1>\t\t\t\t<\/div>\n\t\t\t\t<\/div>\n\t\t\t\t<div class=\"elementor-element elementor-element-03d4277 shadepro-sticky-no elementor-widget elementor-widget-text-editor\" data-id=\"03d4277\" data-element_type=\"widget\" data-e-type=\"widget\" data-settings=\"{&quot;shadepro_sticky&quot;:&quot;no&quot;}\" data-widget_type=\"text-editor.default\">\n\t\t\t\t<div class=\"elementor-widget-container\">\n\t\t\t\t\t\t\t\t\t<p>Vos clients et vous pouvez voir en ligne 24 heures sur 24 si vous avez des chambres disponibles, lesquelles et combien. C&#8217;est possible gr\u00e2ce au syst\u00e8me de r\u00e9servation du 1Tool. <\/p>\t\t\t\t\t\t\t\t<\/div>\n\t\t\t\t<\/div>\n\t\t\t\t<section class=\"elementor-section elementor-inner-section elementor-element elementor-element-bede51e elementor-section-boxed elementor-section-height-default elementor-section-height-default shadepro-adv-gradient-no shadepro-sticky-no\" data-id=\"bede51e\" data-element_type=\"section\" data-e-type=\"section\" data-settings=\"{&quot;shadepro_sticky&quot;:&quot;no&quot;}\">\n\t\t\t\t\t\t<div class=\"elementor-container elementor-column-gap-default\">\n\t\t\t\t\t<div class=\"elementor-column elementor-col-100 elementor-inner-column elementor-element elementor-element-c20186f\" data-id=\"c20186f\" data-element_type=\"column\" data-e-type=\"column\">\n\t\t\t<div class=\"elementor-widget-wrap elementor-element-populated\">\n\t\t\t\t\t\t<div class=\"elementor-element elementor-element-e74ccd3 shadepro-sticky-no elementor-widget elementor-widget-text-editor\" data-id=\"e74ccd3\" data-element_type=\"widget\" data-e-type=\"widget\" data-settings=\"{&quot;shadepro_sticky&quot;:&quot;no&quot;}\" data-widget_type=\"text-editor.default\">\n\t\t\t\t<div class=\"elementor-widget-container\">\n\t\t\t\t\t\t\t\t\t<p>Avec le syst\u00e8me de r\u00e9servation 1Tool, vous contr\u00f4lez toujours vos r\u00e9servations. Les disponibilit\u00e9s sont visibles en un coup d&#8217;\u0153il. Vos clients peuvent facilement et rapidement r\u00e9server une chambre en ligne. La facturation et l&#8217;organisation sont automatiquement g\u00e9r\u00e9es par 1Tool.  <\/p>\t\t\t\t\t\t\t\t<\/div>\n\t\t\t\t<\/div>\n\t\t\t\t\t<\/div>\n\t\t<\/div>\n\t\t\t\t\t<\/div>\n\t\t<\/section>\n\t\t\t\t\t<\/div>\n\t\t<\/div>\n\t\t\t\t\t<\/div>\n\t\t<\/section>\n\t\t\t\t<\/div>\n\t\t","protected":false},"excerpt":{"rendered":"<p>Syst\u00e8me de r\u00e9servation Vos clients et vous pouvez voir en ligne 24 heures sur 24 si vous avez des chambres disponibles, lesquelles et combien. C&#8217;est possible gr\u00e2ce au syst\u00e8me de r\u00e9servation du 1Tool. Avec le syst\u00e8me de r\u00e9servation 1Tool, vous contr\u00f4lez toujours vos r\u00e9servations. Les disponibilit\u00e9s sont visibles en un coup d&#8217;\u0153il. Vos clients peuvent [&hellip;]<\/p>\n","protected":false},"author":1,"featured_media":0,"parent":79063,"menu_order":0,"comment_status":"closed","ping_status":"closed","template":"","meta":{"inline_featured_image":false,"footnotes":""},"class_list":["post-78904","page","type-page","status-publish","hentry"],"acf":[],"yoast_head":"<!-- This site is optimized with the Yoast SEO plugin v27.5 - https:\/\/yoast.com\/product\/yoast-seo-wordpress\/ -->\n<title>Syst\u00e8me de r\u00e9servation - 1Tool<\/title>\n<meta name=\"robots\" content=\"index, follow, max-snippet:-1, max-image-preview:large, max-video-preview:-1\" \/>\n<link rel=\"canonical\" href=\"https:\/\/www.1tool.com\/fr\/modules\/modules-speciaux\/reservations\/fonctions-module-dinscription\/systeme-de-reservation\/\" \/>\n<meta property=\"og:locale\" content=\"fr_FR\" \/>\n<meta property=\"og:type\" content=\"article\" \/>\n<meta property=\"og:title\" content=\"Syst\u00e8me de r\u00e9servation - 1Tool\" \/>\n<meta property=\"og:description\" content=\"Syst\u00e8me de r\u00e9servation Vos clients et vous pouvez voir en ligne 24 heures sur 24 si vous avez des chambres disponibles, lesquelles et combien. C&#8217;est possible gr\u00e2ce au syst\u00e8me de r\u00e9servation du 1Tool. Avec le syst\u00e8me de r\u00e9servation 1Tool, vous contr\u00f4lez toujours vos r\u00e9servations. Les disponibilit\u00e9s sont visibles en un coup d&#8217;\u0153il. Vos clients peuvent [&hellip;]\" \/>\n<meta property=\"og:url\" content=\"https:\/\/www.1tool.com\/fr\/modules\/modules-speciaux\/reservations\/fonctions-module-dinscription\/systeme-de-reservation\/\" \/>\n<meta property=\"og:site_name\" content=\"1Tool\" \/>\n<meta property=\"article:modified_time\" content=\"2026-05-07T12:59:35+00:00\" \/>\n<meta name=\"twitter:card\" content=\"summary_large_image\" \/>\n<script type=\"application\/ld+json\" class=\"yoast-schema-graph\">{\"@context\":\"https:\\\/\\\/schema.org\",\"@graph\":[{\"@type\":\"WebPage\",\"@id\":\"https:\\\/\\\/www.1tool.com\\\/fr\\\/modules\\\/modules-speciaux\\\/reservations\\\/fonctions-module-dinscription\\\/systeme-de-reservation\\\/\",\"url\":\"https:\\\/\\\/www.1tool.com\\\/fr\\\/modules\\\/modules-speciaux\\\/reservations\\\/fonctions-module-dinscription\\\/systeme-de-reservation\\\/\",\"name\":\"Syst\u00e8me de r\u00e9servation - 1Tool\",\"isPartOf\":{\"@id\":\"https:\\\/\\\/www.1tool.com\\\/fr\\\/#website\"},\"datePublished\":\"2022-03-30T16:27:28+00:00\",\"dateModified\":\"2026-05-07T12:59:35+00:00\",\"breadcrumb\":{\"@id\":\"https:\\\/\\\/www.1tool.com\\\/fr\\\/modules\\\/modules-speciaux\\\/reservations\\\/fonctions-module-dinscription\\\/systeme-de-reservation\\\/#breadcrumb\"},\"inLanguage\":\"fr-FR\",\"potentialAction\":[{\"@type\":\"ReadAction\",\"target\":[\"https:\\\/\\\/www.1tool.com\\\/fr\\\/modules\\\/modules-speciaux\\\/reservations\\\/fonctions-module-dinscription\\\/systeme-de-reservation\\\/\"]}]},{\"@type\":\"BreadcrumbList\",\"@id\":\"https:\\\/\\\/www.1tool.com\\\/fr\\\/modules\\\/modules-speciaux\\\/reservations\\\/fonctions-module-dinscription\\\/systeme-de-reservation\\\/#breadcrumb\",\"itemListElement\":[{\"@type\":\"ListItem\",\"position\":1,\"name\":\"Home\",\"item\":\"https:\\\/\\\/www.1tool.com\\\/fr\\\/\"},{\"@type\":\"ListItem\",\"position\":2,\"name\":\"Modules\",\"item\":\"https:\\\/\\\/www.1tool.com\\\/fr\\\/module\\\/\"},{\"@type\":\"ListItem\",\"position\":3,\"name\":\"Modules sp\u00e9ciaux\",\"item\":\"https:\\\/\\\/www.1tool.com\\\/fr\\\/modules\\\/modules-speciaux\\\/\"},{\"@type\":\"ListItem\",\"position\":4,\"name\":\"R\u00e9servations\",\"item\":\"https:\\\/\\\/www.1tool.com\\\/fr\\\/modules\\\/modules-speciaux\\\/reservations\\\/\"},{\"@type\":\"ListItem\",\"position\":5,\"name\":\"Fonctions Module d&#8217;inscription\",\"item\":\"https:\\\/\\\/www.1tool.com\\\/fr\\\/modules\\\/modules-speciaux\\\/reservations\\\/fonctions-module-dinscription\\\/\"},{\"@type\":\"ListItem\",\"position\":6,\"name\":\"Syst\u00e8me de r\u00e9servation\"}]},{\"@type\":\"WebSite\",\"@id\":\"https:\\\/\\\/www.1tool.com\\\/fr\\\/#website\",\"url\":\"https:\\\/\\\/www.1tool.com\\\/fr\\\/\",\"name\":\"1Tool\",\"description\":\"CRM\",\"publisher\":{\"@id\":\"https:\\\/\\\/www.1tool.com\\\/fr\\\/#organization\"},\"potentialAction\":[{\"@type\":\"SearchAction\",\"target\":{\"@type\":\"EntryPoint\",\"urlTemplate\":\"https:\\\/\\\/www.1tool.com\\\/fr\\\/?s={search_term_string}\"},\"query-input\":{\"@type\":\"PropertyValueSpecification\",\"valueRequired\":true,\"valueName\":\"search_term_string\"}}],\"inLanguage\":\"fr-FR\"},{\"@type\":\"Organization\",\"@id\":\"https:\\\/\\\/www.1tool.com\\\/fr\\\/#organization\",\"name\":\"1Tool\",\"url\":\"https:\\\/\\\/www.1tool.com\\\/fr\\\/\",\"logo\":{\"@type\":\"ImageObject\",\"inLanguage\":\"fr-FR\",\"@id\":\"https:\\\/\\\/www.1tool.com\\\/fr\\\/#\\\/schema\\\/logo\\\/image\\\/\",\"url\":\"https:\\\/\\\/www.1tool.com\\\/wp-content\\\/uploads\\\/2022\\\/04\\\/1tool-1.png\",\"contentUrl\":\"https:\\\/\\\/www.1tool.com\\\/wp-content\\\/uploads\\\/2022\\\/04\\\/1tool-1.png\",\"width\":400,\"height\":150,\"caption\":\"1Tool\"},\"image\":{\"@id\":\"https:\\\/\\\/www.1tool.com\\\/fr\\\/#\\\/schema\\\/logo\\\/image\\\/\"}}]}<\/script>\n<!-- \/ Yoast SEO plugin. -->","yoast_head_json":{"title":"Syst\u00e8me de r\u00e9servation - 1Tool","robots":{"index":"index","follow":"follow","max-snippet":"max-snippet:-1","max-image-preview":"max-image-preview:large","max-video-preview":"max-video-preview:-1"},"canonical":"https:\/\/www.1tool.com\/fr\/modules\/modules-speciaux\/reservations\/fonctions-module-dinscription\/systeme-de-reservation\/","og_locale":"fr_FR","og_type":"article","og_title":"Syst\u00e8me de r\u00e9servation - 1Tool","og_description":"Syst\u00e8me de r\u00e9servation Vos clients et vous pouvez voir en ligne 24 heures sur 24 si vous avez des chambres disponibles, lesquelles et combien. C&#8217;est possible gr\u00e2ce au syst\u00e8me de r\u00e9servation du 1Tool. Avec le syst\u00e8me de r\u00e9servation 1Tool, vous contr\u00f4lez toujours vos r\u00e9servations. Les disponibilit\u00e9s sont visibles en un coup d&#8217;\u0153il. Vos clients peuvent [&hellip;]","og_url":"https:\/\/www.1tool.com\/fr\/modules\/modules-speciaux\/reservations\/fonctions-module-dinscription\/systeme-de-reservation\/","og_site_name":"1Tool","article_modified_time":"2026-05-07T12:59:35+00:00","twitter_card":"summary_large_image","schema":{"@context":"https:\/\/schema.org","@graph":[{"@type":"WebPage","@id":"https:\/\/www.1tool.com\/fr\/modules\/modules-speciaux\/reservations\/fonctions-module-dinscription\/systeme-de-reservation\/","url":"https:\/\/www.1tool.com\/fr\/modules\/modules-speciaux\/reservations\/fonctions-module-dinscription\/systeme-de-reservation\/","name":"Syst\u00e8me de r\u00e9servation - 1Tool","isPartOf":{"@id":"https:\/\/www.1tool.com\/fr\/#website"},"datePublished":"2022-03-30T16:27:28+00:00","dateModified":"2026-05-07T12:59:35+00:00","breadcrumb":{"@id":"https:\/\/www.1tool.com\/fr\/modules\/modules-speciaux\/reservations\/fonctions-module-dinscription\/systeme-de-reservation\/#breadcrumb"},"inLanguage":"fr-FR","potentialAction":[{"@type":"ReadAction","target":["https:\/\/www.1tool.com\/fr\/modules\/modules-speciaux\/reservations\/fonctions-module-dinscription\/systeme-de-reservation\/"]}]},{"@type":"BreadcrumbList","@id":"https:\/\/www.1tool.com\/fr\/modules\/modules-speciaux\/reservations\/fonctions-module-dinscription\/systeme-de-reservation\/#breadcrumb","itemListElement":[{"@type":"ListItem","position":1,"name":"Home","item":"https:\/\/www.1tool.com\/fr\/"},{"@type":"ListItem","position":2,"name":"Modules","item":"https:\/\/www.1tool.com\/fr\/module\/"},{"@type":"ListItem","position":3,"name":"Modules sp\u00e9ciaux","item":"https:\/\/www.1tool.com\/fr\/modules\/modules-speciaux\/"},{"@type":"ListItem","position":4,"name":"R\u00e9servations","item":"https:\/\/www.1tool.com\/fr\/modules\/modules-speciaux\/reservations\/"},{"@type":"ListItem","position":5,"name":"Fonctions Module d&#8217;inscription","item":"https:\/\/www.1tool.com\/fr\/modules\/modules-speciaux\/reservations\/fonctions-module-dinscription\/"},{"@type":"ListItem","position":6,"name":"Syst\u00e8me de r\u00e9servation"}]},{"@type":"WebSite","@id":"https:\/\/www.1tool.com\/fr\/#website","url":"https:\/\/www.1tool.com\/fr\/","name":"1Tool","description":"CRM","publisher":{"@id":"https:\/\/www.1tool.com\/fr\/#organization"},"potentialAction":[{"@type":"SearchAction","target":{"@type":"EntryPoint","urlTemplate":"https:\/\/www.1tool.com\/fr\/?s={search_term_string}"},"query-input":{"@type":"PropertyValueSpecification","valueRequired":true,"valueName":"search_term_string"}}],"inLanguage":"fr-FR"},{"@type":"Organization","@id":"https:\/\/www.1tool.com\/fr\/#organization","name":"1Tool","url":"https:\/\/www.1tool.com\/fr\/","logo":{"@type":"ImageObject","inLanguage":"fr-FR","@id":"https:\/\/www.1tool.com\/fr\/#\/schema\/logo\/image\/","url":"https:\/\/www.1tool.com\/wp-content\/uploads\/2022\/04\/1tool-1.png","contentUrl":"https:\/\/www.1tool.com\/wp-content\/uploads\/2022\/04\/1tool-1.png","width":400,"height":150,"caption":"1Tool"},"image":{"@id":"https:\/\/www.1tool.com\/fr\/#\/schema\/logo\/image\/"}}]}},"_links":{"self":[{"href":"https:\/\/www.1tool.com\/fr\/wp-json\/wp\/v2\/pages\/78904","targetHints":{"allow":["GET"]}}],"collection":[{"href":"https:\/\/www.1tool.com\/fr\/wp-json\/wp\/v2\/pages"}],"about":[{"href":"https:\/\/www.1tool.com\/fr\/wp-json\/wp\/v2\/types\/page"}],"author":[{"embeddable":true,"href":"https:\/\/www.1tool.com\/fr\/wp-json\/wp\/v2\/users\/1"}],"replies":[{"embeddable":true,"href":"https:\/\/www.1tool.com\/fr\/wp-json\/wp\/v2\/comments?post=78904"}],"version-history":[{"count":1,"href":"https:\/\/www.1tool.com\/fr\/wp-json\/wp\/v2\/pages\/78904\/revisions"}],"predecessor-version":[{"id":78906,"href":"https:\/\/www.1tool.com\/fr\/wp-json\/wp\/v2\/pages\/78904\/revisions\/78906"}],"up":[{"embeddable":true,"href":"https:\/\/www.1tool.com\/fr\/wp-json\/wp\/v2\/pages\/79063"}],"wp:attachment":[{"href":"https:\/\/www.1tool.com\/fr\/wp-json\/wp\/v2\/media?parent=78904"}],"curies":[{"name":"wp","href":"https:\/\/api.w.org\/{rel}","templated":true}]}}