{"id":78905,"date":"2022-03-30T18:16:14","date_gmt":"2022-03-30T16:16:14","guid":{"rendered":"https:\/\/www.1tool.com\/achats-et-ventes-avoirs\/"},"modified":"2026-05-07T14:59:30","modified_gmt":"2026-05-07T12:59:30","slug":"achats-et-ventes-avoirs","status":"publish","type":"page","link":"https:\/\/www.1tool.com\/fr\/modules\/gestion-des-marchandises-boutique\/gestion-des-stocks\/fonctions-du-module-de-gestion-dentrepot\/achats-et-ventes-avoirs\/","title":{"rendered":"Achats et ventes\/avoirs"},"content":{"rendered":"\t\t<div data-elementor-type=\"wp-page\" data-elementor-id=\"78905\" class=\"elementor elementor-78905 elementor-49402\" data-elementor-post-type=\"page\">\n\t\t\t\t\t\t<section class=\"elementor-section elementor-top-section elementor-element elementor-element-f318a84 elementor-section-boxed elementor-section-height-default elementor-section-height-default shadepro-adv-gradient-no shadepro-sticky-no\" data-id=\"f318a84\" data-element_type=\"section\" data-e-type=\"section\" data-settings=\"{&quot;shadepro_sticky&quot;:&quot;no&quot;}\">\n\t\t\t\t\t\t<div class=\"elementor-container elementor-column-gap-default\">\n\t\t\t\t\t<div class=\"elementor-column elementor-col-100 elementor-top-column elementor-element elementor-element-150cac7\" data-id=\"150cac7\" data-element_type=\"column\" data-e-type=\"column\">\n\t\t\t<div class=\"elementor-widget-wrap elementor-element-populated\">\n\t\t\t\t\t\t<div class=\"elementor-element elementor-element-d6cbf46 shadepro-sticky-no elementor-widget elementor-widget-heading\" data-id=\"d6cbf46\" data-element_type=\"widget\" data-e-type=\"widget\" data-settings=\"{&quot;shadepro_sticky&quot;:&quot;no&quot;}\" data-widget_type=\"heading.default\">\n\t\t\t\t<div class=\"elementor-widget-container\">\n\t\t\t\t\t<h1 class=\"elementor-heading-title elementor-size-default\">Achats et ventes\/avoirs<\/h1>\t\t\t\t<\/div>\n\t\t\t\t<\/div>\n\t\t\t\t<div class=\"elementor-element elementor-element-e8371c5 shadepro-sticky-no elementor-widget elementor-widget-text-editor\" data-id=\"e8371c5\" data-element_type=\"widget\" data-e-type=\"widget\" data-settings=\"{&quot;shadepro_sticky&quot;:&quot;no&quot;}\" data-widget_type=\"text-editor.default\">\n\t\t\t\t<div class=\"elementor-widget-container\">\n\t\t\t\t\t\t\t\t\t<p>Le logiciel d&#8217;entrep\u00f4t 1Tool permet de traiter rapidement les achats et les ventes de marchandises.<\/p>\t\t\t\t\t\t\t\t<\/div>\n\t\t\t\t<\/div>\n\t\t\t\t<section class=\"elementor-section elementor-inner-section elementor-element elementor-element-60472eb elementor-section-boxed elementor-section-height-default elementor-section-height-default shadepro-adv-gradient-no shadepro-sticky-no\" data-id=\"60472eb\" data-element_type=\"section\" data-e-type=\"section\" data-settings=\"{&quot;shadepro_sticky&quot;:&quot;no&quot;}\">\n\t\t\t\t\t\t<div class=\"elementor-container elementor-column-gap-default\">\n\t\t\t\t\t<div class=\"elementor-column elementor-col-100 elementor-inner-column elementor-element elementor-element-78fe5de\" data-id=\"78fe5de\" data-element_type=\"column\" data-e-type=\"column\">\n\t\t\t<div class=\"elementor-widget-wrap elementor-element-populated\">\n\t\t\t\t\t\t<div class=\"elementor-element elementor-element-e6dd01f shadepro-sticky-no elementor-widget elementor-widget-text-editor\" data-id=\"e6dd01f\" data-element_type=\"widget\" data-e-type=\"widget\" data-settings=\"{&quot;shadepro_sticky&quot;:&quot;no&quot;}\" data-widget_type=\"text-editor.default\">\n\t\t\t\t<div class=\"elementor-widget-container\">\n\t\t\t\t\t\t\t\t\t<h3>Donn\u00e9es actualis\u00e9es disponibles imm\u00e9diatement<\/h3><p>Vous \u00e9vitez une double saisie fastidieuse des donn\u00e9es, car les informations pertinentes sur les clients et les articles sont directement extraites d&#8217;autres modules du syst\u00e8me.<\/p><p>L&#8217;un des principaux probl\u00e8mes de la gestion des marchandises est la disponibilit\u00e9 des donn\u00e9es actuelles et n\u00e9cessaires. Lorsqu&#8217;un produit est factur\u00e9, les quantit\u00e9s vendues, les prix unitaires et totaux ainsi que les descriptions des produits sont g\u00e9n\u00e9ralement indiqu\u00e9s sur la facture. C&#8217;est une t\u00e2che fastidieuse si ces informations doivent \u00eatre saisies manuellement \u00e0 chaque fois. D&#8217;autant plus si des donn\u00e9es telles que le prix ou l&#8217;adresse du client devaient \u00eatre modifi\u00e9es !   <\/p><p>Mais avec le logiciel 1Tool CRM, la g\u00e9n\u00e9ration d&#8217;informations est enti\u00e8rement automatique. Qu&#8217;il s&#8217;agisse d&#8217;un achat ou d&#8217;une vente, vous saisissez le nom du client\/fournisseur, les marchandises concern\u00e9es et marquez l&#8217;emplacement de l&#8217;entrep\u00f4t concern\u00e9. Tous les autres d\u00e9tails, tels que les adresses, les prix ou les r\u00e9ductions ou augmentations de stock, sont ensuite g\u00e9n\u00e9r\u00e9s automatiquement.  <\/p><p>Un avantage particulier de la gestion des marchandises 1Tool est surtout l'&#8221;alarme&#8221; en cas de <strong>d\u00e9passement du stock minimum<\/strong> ou <strong>de quantit\u00e9s manquantes<\/strong>. Cela signifie qu&#8217;un message appara\u00eet directement lors de la facturation d\u00e8s que vous facturez une quantit\u00e9 d&#8217;un stock donn\u00e9 qui n&#8217;est plus du tout disponible ou qui est donc inf\u00e9rieure au stock de s\u00e9curit\u00e9. C&#8217;est la seule fa\u00e7on d&#8217;harmoniser au mieux vos processus de stockage et de garantir une transition en douceur entre la facturation, le r\u00e9approvisionnement, etc.  <\/p><p><em>En savoir plus sur <strong><a href=\"https:\/\/www.1tool.com\/manual\/warenwirtschaft\/neuer-zukauf\/\" target=\"_blank\" rel=\"noreferrer noopener\">Acquisitions <\/a><\/strong>et <strong><a href=\"https:\/\/www.1tool.com\/manual\/warenwirtschaft\/verkauf\/\" target=\"_blank\" rel=\"noreferrer noopener\">Ventes <\/a><\/strong>du logiciel d&#8217;entrep\u00f4t 1Tool<\/em><\/p><h3> <\/h3><h3>Cr\u00e9dits<\/h3><p>Si des clients renvoient des marchandises qui ont d\u00e9j\u00e0 \u00e9t\u00e9 pay\u00e9es, il est n\u00e9cessaire de cr\u00e9er une note de cr\u00e9dit. Cela se fait aussi automatiquement dans le 1Tool. Vous g\u00e9n\u00e9rez une commande, saisissez le client et le produit, toutes les autres informations sont fournies par les autres modules de 1Tool. D\u00e8s que vous cr\u00e9ez la note de cr\u00e9dit, le stock de l&#8217;entrep\u00f4t concern\u00e9 est augment\u00e9 de la quantit\u00e9 concern\u00e9e.   <\/p><p><em>Notre manuel vous explique \u00e9tape par \u00e9tape comment <strong><a href=\"https:\/\/www.1tool.com\/manual\/warenwirtschaft\/gutschriften\/\" target=\"_blank\" rel=\"noreferrer noopener\">g\u00e9n\u00e9rer<\/a><\/strong> un <strong>avoir<\/strong><\/em>.<\/p>\t\t\t\t\t\t\t\t<\/div>\n\t\t\t\t<\/div>\n\t\t\t\t\t<\/div>\n\t\t<\/div>\n\t\t\t\t\t<\/div>\n\t\t<\/section>\n\t\t\t\t\t<\/div>\n\t\t<\/div>\n\t\t\t\t\t<\/div>\n\t\t<\/section>\n\t\t\t\t<\/div>\n\t\t","protected":false},"excerpt":{"rendered":"<p>Achats et ventes\/avoirs Le logiciel d&#8217;entrep\u00f4t 1Tool permet de traiter rapidement les achats et les ventes de marchandises. Donn\u00e9es actualis\u00e9es disponibles imm\u00e9diatement Vous \u00e9vitez une double saisie fastidieuse des donn\u00e9es, car les informations pertinentes sur les clients et les articles sont directement extraites d&#8217;autres modules du syst\u00e8me. L&#8217;un des principaux probl\u00e8mes de la gestion des [&hellip;]<\/p>\n","protected":false},"author":1,"featured_media":0,"parent":79045,"menu_order":0,"comment_status":"closed","ping_status":"closed","template":"","meta":{"inline_featured_image":false,"footnotes":""},"class_list":["post-78905","page","type-page","status-publish","hentry"],"acf":[],"yoast_head":"<!-- This site is optimized with the Yoast SEO plugin v27.5 - https:\/\/yoast.com\/product\/yoast-seo-wordpress\/ -->\n<title>Achats et ventes\/avoirs - 1Tool<\/title>\n<meta name=\"robots\" content=\"index, follow, max-snippet:-1, max-image-preview:large, max-video-preview:-1\" \/>\n<link rel=\"canonical\" href=\"https:\/\/www.1tool.com\/fr\/modules\/gestion-des-marchandises-boutique\/gestion-des-stocks\/fonctions-du-module-de-gestion-dentrepot\/achats-et-ventes-avoirs\/\" \/>\n<meta property=\"og:locale\" content=\"fr_FR\" \/>\n<meta property=\"og:type\" content=\"article\" \/>\n<meta property=\"og:title\" content=\"Achats et ventes\/avoirs - 1Tool\" \/>\n<meta property=\"og:description\" content=\"Achats et ventes\/avoirs Le logiciel d&#8217;entrep\u00f4t 1Tool permet de traiter rapidement les achats et les ventes de marchandises. Donn\u00e9es actualis\u00e9es disponibles imm\u00e9diatement Vous \u00e9vitez une double saisie fastidieuse des donn\u00e9es, car les informations pertinentes sur les clients et les articles sont directement extraites d&#8217;autres modules du syst\u00e8me. L&#8217;un des principaux probl\u00e8mes de la gestion des [&hellip;]\" \/>\n<meta property=\"og:url\" content=\"https:\/\/www.1tool.com\/fr\/modules\/gestion-des-marchandises-boutique\/gestion-des-stocks\/fonctions-du-module-de-gestion-dentrepot\/achats-et-ventes-avoirs\/\" \/>\n<meta property=\"og:site_name\" content=\"1Tool\" \/>\n<meta property=\"article:modified_time\" content=\"2026-05-07T12:59:30+00:00\" \/>\n<meta name=\"twitter:card\" content=\"summary_large_image\" \/>\n<meta name=\"twitter:label1\" content=\"Dur\u00e9e de lecture estim\u00e9e\" \/>\n\t<meta name=\"twitter:data1\" content=\"2 minutes\" \/>\n<script type=\"application\/ld+json\" class=\"yoast-schema-graph\">{\"@context\":\"https:\\\/\\\/schema.org\",\"@graph\":[{\"@type\":\"WebPage\",\"@id\":\"https:\\\/\\\/www.1tool.com\\\/fr\\\/modules\\\/gestion-des-marchandises-boutique\\\/gestion-des-stocks\\\/fonctions-du-module-de-gestion-dentrepot\\\/achats-et-ventes-avoirs\\\/\",\"url\":\"https:\\\/\\\/www.1tool.com\\\/fr\\\/modules\\\/gestion-des-marchandises-boutique\\\/gestion-des-stocks\\\/fonctions-du-module-de-gestion-dentrepot\\\/achats-et-ventes-avoirs\\\/\",\"name\":\"Achats et ventes\\\/avoirs - 1Tool\",\"isPartOf\":{\"@id\":\"https:\\\/\\\/www.1tool.com\\\/fr\\\/#website\"},\"datePublished\":\"2022-03-30T16:16:14+00:00\",\"dateModified\":\"2026-05-07T12:59:30+00:00\",\"breadcrumb\":{\"@id\":\"https:\\\/\\\/www.1tool.com\\\/fr\\\/modules\\\/gestion-des-marchandises-boutique\\\/gestion-des-stocks\\\/fonctions-du-module-de-gestion-dentrepot\\\/achats-et-ventes-avoirs\\\/#breadcrumb\"},\"inLanguage\":\"fr-FR\",\"potentialAction\":[{\"@type\":\"ReadAction\",\"target\":[\"https:\\\/\\\/www.1tool.com\\\/fr\\\/modules\\\/gestion-des-marchandises-boutique\\\/gestion-des-stocks\\\/fonctions-du-module-de-gestion-dentrepot\\\/achats-et-ventes-avoirs\\\/\"]}]},{\"@type\":\"BreadcrumbList\",\"@id\":\"https:\\\/\\\/www.1tool.com\\\/fr\\\/modules\\\/gestion-des-marchandises-boutique\\\/gestion-des-stocks\\\/fonctions-du-module-de-gestion-dentrepot\\\/achats-et-ventes-avoirs\\\/#breadcrumb\",\"itemListElement\":[{\"@type\":\"ListItem\",\"position\":1,\"name\":\"Home\",\"item\":\"https:\\\/\\\/www.1tool.com\\\/fr\\\/\"},{\"@type\":\"ListItem\",\"position\":2,\"name\":\"Modules\",\"item\":\"https:\\\/\\\/www.1tool.com\\\/fr\\\/module\\\/\"},{\"@type\":\"ListItem\",\"position\":3,\"name\":\"Gestion des marchandises &amp; boutique\",\"item\":\"https:\\\/\\\/www.1tool.com\\\/fr\\\/modules\\\/gestion-des-marchandises-boutique\\\/\"},{\"@type\":\"ListItem\",\"position\":4,\"name\":\"Gestion des stocks\",\"item\":\"https:\\\/\\\/www.1tool.com\\\/fr\\\/modules\\\/gestion-des-marchandises-boutique\\\/gestion-des-stocks\\\/\"},{\"@type\":\"ListItem\",\"position\":5,\"name\":\"Fonctions du module de gestion d&#8217;entrep\u00f4t\",\"item\":\"https:\\\/\\\/www.1tool.com\\\/fr\\\/modules\\\/gestion-des-marchandises-boutique\\\/gestion-des-stocks\\\/fonctions-du-module-de-gestion-dentrepot\\\/\"},{\"@type\":\"ListItem\",\"position\":6,\"name\":\"Achats et ventes\\\/avoirs\"}]},{\"@type\":\"WebSite\",\"@id\":\"https:\\\/\\\/www.1tool.com\\\/fr\\\/#website\",\"url\":\"https:\\\/\\\/www.1tool.com\\\/fr\\\/\",\"name\":\"1Tool\",\"description\":\"CRM\",\"publisher\":{\"@id\":\"https:\\\/\\\/www.1tool.com\\\/fr\\\/#organization\"},\"potentialAction\":[{\"@type\":\"SearchAction\",\"target\":{\"@type\":\"EntryPoint\",\"urlTemplate\":\"https:\\\/\\\/www.1tool.com\\\/fr\\\/?s={search_term_string}\"},\"query-input\":{\"@type\":\"PropertyValueSpecification\",\"valueRequired\":true,\"valueName\":\"search_term_string\"}}],\"inLanguage\":\"fr-FR\"},{\"@type\":\"Organization\",\"@id\":\"https:\\\/\\\/www.1tool.com\\\/fr\\\/#organization\",\"name\":\"1Tool\",\"url\":\"https:\\\/\\\/www.1tool.com\\\/fr\\\/\",\"logo\":{\"@type\":\"ImageObject\",\"inLanguage\":\"fr-FR\",\"@id\":\"https:\\\/\\\/www.1tool.com\\\/fr\\\/#\\\/schema\\\/logo\\\/image\\\/\",\"url\":\"https:\\\/\\\/www.1tool.com\\\/wp-content\\\/uploads\\\/2022\\\/04\\\/1tool-1.png\",\"contentUrl\":\"https:\\\/\\\/www.1tool.com\\\/wp-content\\\/uploads\\\/2022\\\/04\\\/1tool-1.png\",\"width\":400,\"height\":150,\"caption\":\"1Tool\"},\"image\":{\"@id\":\"https:\\\/\\\/www.1tool.com\\\/fr\\\/#\\\/schema\\\/logo\\\/image\\\/\"}}]}<\/script>\n<!-- \/ Yoast SEO plugin. -->","yoast_head_json":{"title":"Achats et ventes\/avoirs - 1Tool","robots":{"index":"index","follow":"follow","max-snippet":"max-snippet:-1","max-image-preview":"max-image-preview:large","max-video-preview":"max-video-preview:-1"},"canonical":"https:\/\/www.1tool.com\/fr\/modules\/gestion-des-marchandises-boutique\/gestion-des-stocks\/fonctions-du-module-de-gestion-dentrepot\/achats-et-ventes-avoirs\/","og_locale":"fr_FR","og_type":"article","og_title":"Achats et ventes\/avoirs - 1Tool","og_description":"Achats et ventes\/avoirs Le logiciel d&#8217;entrep\u00f4t 1Tool permet de traiter rapidement les achats et les ventes de marchandises. Donn\u00e9es actualis\u00e9es disponibles imm\u00e9diatement Vous \u00e9vitez une double saisie fastidieuse des donn\u00e9es, car les informations pertinentes sur les clients et les articles sont directement extraites d&#8217;autres modules du syst\u00e8me. L&#8217;un des principaux probl\u00e8mes de la gestion des [&hellip;]","og_url":"https:\/\/www.1tool.com\/fr\/modules\/gestion-des-marchandises-boutique\/gestion-des-stocks\/fonctions-du-module-de-gestion-dentrepot\/achats-et-ventes-avoirs\/","og_site_name":"1Tool","article_modified_time":"2026-05-07T12:59:30+00:00","twitter_card":"summary_large_image","twitter_misc":{"Dur\u00e9e de lecture estim\u00e9e":"2 minutes"},"schema":{"@context":"https:\/\/schema.org","@graph":[{"@type":"WebPage","@id":"https:\/\/www.1tool.com\/fr\/modules\/gestion-des-marchandises-boutique\/gestion-des-stocks\/fonctions-du-module-de-gestion-dentrepot\/achats-et-ventes-avoirs\/","url":"https:\/\/www.1tool.com\/fr\/modules\/gestion-des-marchandises-boutique\/gestion-des-stocks\/fonctions-du-module-de-gestion-dentrepot\/achats-et-ventes-avoirs\/","name":"Achats et ventes\/avoirs - 1Tool","isPartOf":{"@id":"https:\/\/www.1tool.com\/fr\/#website"},"datePublished":"2022-03-30T16:16:14+00:00","dateModified":"2026-05-07T12:59:30+00:00","breadcrumb":{"@id":"https:\/\/www.1tool.com\/fr\/modules\/gestion-des-marchandises-boutique\/gestion-des-stocks\/fonctions-du-module-de-gestion-dentrepot\/achats-et-ventes-avoirs\/#breadcrumb"},"inLanguage":"fr-FR","potentialAction":[{"@type":"ReadAction","target":["https:\/\/www.1tool.com\/fr\/modules\/gestion-des-marchandises-boutique\/gestion-des-stocks\/fonctions-du-module-de-gestion-dentrepot\/achats-et-ventes-avoirs\/"]}]},{"@type":"BreadcrumbList","@id":"https:\/\/www.1tool.com\/fr\/modules\/gestion-des-marchandises-boutique\/gestion-des-stocks\/fonctions-du-module-de-gestion-dentrepot\/achats-et-ventes-avoirs\/#breadcrumb","itemListElement":[{"@type":"ListItem","position":1,"name":"Home","item":"https:\/\/www.1tool.com\/fr\/"},{"@type":"ListItem","position":2,"name":"Modules","item":"https:\/\/www.1tool.com\/fr\/module\/"},{"@type":"ListItem","position":3,"name":"Gestion des marchandises &amp; boutique","item":"https:\/\/www.1tool.com\/fr\/modules\/gestion-des-marchandises-boutique\/"},{"@type":"ListItem","position":4,"name":"Gestion des stocks","item":"https:\/\/www.1tool.com\/fr\/modules\/gestion-des-marchandises-boutique\/gestion-des-stocks\/"},{"@type":"ListItem","position":5,"name":"Fonctions du module de gestion d&#8217;entrep\u00f4t","item":"https:\/\/www.1tool.com\/fr\/modules\/gestion-des-marchandises-boutique\/gestion-des-stocks\/fonctions-du-module-de-gestion-dentrepot\/"},{"@type":"ListItem","position":6,"name":"Achats et ventes\/avoirs"}]},{"@type":"WebSite","@id":"https:\/\/www.1tool.com\/fr\/#website","url":"https:\/\/www.1tool.com\/fr\/","name":"1Tool","description":"CRM","publisher":{"@id":"https:\/\/www.1tool.com\/fr\/#organization"},"potentialAction":[{"@type":"SearchAction","target":{"@type":"EntryPoint","urlTemplate":"https:\/\/www.1tool.com\/fr\/?s={search_term_string}"},"query-input":{"@type":"PropertyValueSpecification","valueRequired":true,"valueName":"search_term_string"}}],"inLanguage":"fr-FR"},{"@type":"Organization","@id":"https:\/\/www.1tool.com\/fr\/#organization","name":"1Tool","url":"https:\/\/www.1tool.com\/fr\/","logo":{"@type":"ImageObject","inLanguage":"fr-FR","@id":"https:\/\/www.1tool.com\/fr\/#\/schema\/logo\/image\/","url":"https:\/\/www.1tool.com\/wp-content\/uploads\/2022\/04\/1tool-1.png","contentUrl":"https:\/\/www.1tool.com\/wp-content\/uploads\/2022\/04\/1tool-1.png","width":400,"height":150,"caption":"1Tool"},"image":{"@id":"https:\/\/www.1tool.com\/fr\/#\/schema\/logo\/image\/"}}]}},"_links":{"self":[{"href":"https:\/\/www.1tool.com\/fr\/wp-json\/wp\/v2\/pages\/78905","targetHints":{"allow":["GET"]}}],"collection":[{"href":"https:\/\/www.1tool.com\/fr\/wp-json\/wp\/v2\/pages"}],"about":[{"href":"https:\/\/www.1tool.com\/fr\/wp-json\/wp\/v2\/types\/page"}],"author":[{"embeddable":true,"href":"https:\/\/www.1tool.com\/fr\/wp-json\/wp\/v2\/users\/1"}],"replies":[{"embeddable":true,"href":"https:\/\/www.1tool.com\/fr\/wp-json\/wp\/v2\/comments?post=78905"}],"version-history":[{"count":1,"href":"https:\/\/www.1tool.com\/fr\/wp-json\/wp\/v2\/pages\/78905\/revisions"}],"predecessor-version":[{"id":78907,"href":"https:\/\/www.1tool.com\/fr\/wp-json\/wp\/v2\/pages\/78905\/revisions\/78907"}],"up":[{"embeddable":true,"href":"https:\/\/www.1tool.com\/fr\/wp-json\/wp\/v2\/pages\/79045"}],"wp:attachment":[{"href":"https:\/\/www.1tool.com\/fr\/wp-json\/wp\/v2\/media?parent=78905"}],"curies":[{"name":"wp","href":"https:\/\/api.w.org\/{rel}","templated":true}]}}