{"id":78908,"date":"2022-03-30T18:25:27","date_gmt":"2022-03-30T16:25:27","guid":{"rendered":"https:\/\/www.1tool.com\/faq-sur-les-reservations\/"},"modified":"2026-05-07T14:59:35","modified_gmt":"2026-05-07T12:59:35","slug":"faq-sur-les-reservations","status":"publish","type":"page","link":"https:\/\/www.1tool.com\/fr\/modules\/modules-speciaux\/reservations\/fonctions-module-dinscription\/faq-sur-les-reservations\/","title":{"rendered":"FAQ sur les r\u00e9servations"},"content":{"rendered":"\t\t<div data-elementor-type=\"wp-page\" data-elementor-id=\"78908\" class=\"elementor elementor-78908 elementor-49437\" data-elementor-post-type=\"page\">\n\t\t\t\t\t\t<section class=\"elementor-section elementor-top-section elementor-element elementor-element-9f58b98 elementor-section-boxed elementor-section-height-default elementor-section-height-default shadepro-adv-gradient-no shadepro-sticky-no\" data-id=\"9f58b98\" data-element_type=\"section\" data-e-type=\"section\" data-settings=\"{&quot;shadepro_sticky&quot;:&quot;no&quot;}\">\n\t\t\t\t\t\t<div class=\"elementor-container elementor-column-gap-default\">\n\t\t\t\t\t<div class=\"elementor-column elementor-col-100 elementor-top-column elementor-element elementor-element-acdc190\" data-id=\"acdc190\" data-element_type=\"column\" data-e-type=\"column\">\n\t\t\t<div class=\"elementor-widget-wrap elementor-element-populated\">\n\t\t\t\t\t\t<div class=\"elementor-element elementor-element-6f7cc0b shadepro-sticky-no elementor-widget elementor-widget-heading\" data-id=\"6f7cc0b\" data-element_type=\"widget\" data-e-type=\"widget\" data-settings=\"{&quot;shadepro_sticky&quot;:&quot;no&quot;}\" data-widget_type=\"heading.default\">\n\t\t\t\t<div class=\"elementor-widget-container\">\n\t\t\t\t\t<h1 class=\"elementor-heading-title elementor-size-default\">FAQ sur les r\u00e9servations<\/h1>\t\t\t\t<\/div>\n\t\t\t\t<\/div>\n\t\t\t\t<div class=\"elementor-element elementor-element-87cfe68 shadepro-sticky-no elementor-widget elementor-widget-text-editor\" data-id=\"87cfe68\" data-element_type=\"widget\" data-e-type=\"widget\" data-settings=\"{&quot;shadepro_sticky&quot;:&quot;no&quot;}\" data-widget_type=\"text-editor.default\">\n\t\t\t\t<div class=\"elementor-widget-container\">\n\t\t\t\t\t\t\t\t\t<p>Vous trouverez ici les questions les plus importantes sur le syst\u00e8me de r\u00e9servation 1Tool<\/p>\t\t\t\t\t\t\t\t<\/div>\n\t\t\t\t<\/div>\n\t\t\t\t<section class=\"elementor-section elementor-inner-section elementor-element elementor-element-1df49be elementor-section-boxed elementor-section-height-default elementor-section-height-default shadepro-adv-gradient-no shadepro-sticky-no\" data-id=\"1df49be\" data-element_type=\"section\" data-e-type=\"section\" data-settings=\"{&quot;shadepro_sticky&quot;:&quot;no&quot;}\">\n\t\t\t\t\t\t<div class=\"elementor-container elementor-column-gap-default\">\n\t\t\t\t\t<div class=\"elementor-column elementor-col-100 elementor-inner-column elementor-element elementor-element-a54eaa7\" data-id=\"a54eaa7\" data-element_type=\"column\" data-e-type=\"column\">\n\t\t\t<div class=\"elementor-widget-wrap elementor-element-populated\">\n\t\t\t\t\t\t<div class=\"elementor-element elementor-element-3db9930 shadepro-sticky-no elementor-widget elementor-widget-text-editor\" data-id=\"3db9930\" data-element_type=\"widget\" data-e-type=\"widget\" data-settings=\"{&quot;shadepro_sticky&quot;:&quot;no&quot;}\" data-widget_type=\"text-editor.default\">\n\t\t\t\t<div class=\"elementor-widget-container\">\n\t\t\t\t\t\t\t\t\t<h3>Frais de formation<\/h3><p><em><strong>Quel est le niveau de formation requis pour le module de r\u00e9servation ?<\/strong><\/em><\/p><p>Pour utiliser le module de r\u00e9servation, vous n&#8217;avez pas besoin d&#8217;\u00eatre un expert en informatique. Le syst\u00e8me est clairement structur\u00e9, ce qui vous permet de trouver rapidement et facilement ce que vous cherchez. Nous estimons que vous ma\u00eetrisez le syst\u00e8me de r\u00e9servation apr\u00e8s 20 minutes de formation par t\u00e9l\u00e9phone.  <\/p><h3>Infrastructure<\/h3><p><em><strong>Quel syst\u00e8me informatique est n\u00e9cessaire pour le module de r\u00e9servation ?<\/strong><\/em><\/p><p>Vous n&#8217;avez besoin que d&#8217;un acc\u00e8s ordinaire \u00e0 Internet pour pouvoir travailler avec le module de r\u00e9servation. Il n&#8217;est pas n\u00e9cessaire d&#8217;installer un logiciel sp\u00e9cifique. Si vous disposez d&#8217;un acc\u00e8s \u00e0 Internet via votre t\u00e9l\u00e9phone portable, vous pouvez utiliser le syst\u00e8me de r\u00e9servation m\u00eame lorsque vous \u00eates en d\u00e9placement. Seul un navigateur standard est n\u00e9cessaire pour l&#8217;utiliser. Le syst\u00e8me de r\u00e9servation est test\u00e9 sur les syst\u00e8mes d&#8217;exploitation Windows, Mac et Linux. Diff\u00e9rents tests sont notamment effectu\u00e9s avec Internet Explorer, Mozilla Firefox, Safari et Opera.     <\/p><h3>Protection des donn\u00e9es<\/h3><p><em><strong>Qu&#8217;en est-il de la s\u00e9curit\u00e9 des donn\u00e9es ?<\/strong><\/em><\/p><p>Vos donn\u00e9es sont en s\u00e9curit\u00e9 chez nous. Nous effectuons des sauvegardes r\u00e9guli\u00e8res, stockons sur diff\u00e9rents serveurs et prot\u00e9geons nos syst\u00e8mes avec des pare-feux et des contr\u00f4les d&#8217;acc\u00e8s sp\u00e9cifiques. Le module de r\u00e9servation fonctionne comme une solution cloud dans un centre de donn\u00e9es s\u00e9curis\u00e9 en Europe. Cela signifie que vous n&#8217;avez pas besoin de votre propre infrastructure de serveurs et que la s\u00e9curit\u00e9, la disponibilit\u00e9 et la sauvegarde des donn\u00e9es sont assur\u00e9es. Cela vous permet d&#8217;\u00e9conomiser beaucoup de temps et d&#8217;argent.    <\/p><h3>Int\u00e9gration<\/h3><p><em><strong>Le module de r\u00e9servation peut-il \u00e9galement \u00eatre int\u00e9gr\u00e9 dans votre propre site web ?<\/strong><\/em><\/p><p>Oui, le module de r\u00e9servation peut \u00eatre int\u00e9gr\u00e9 \u00e0 n&#8217;importe quel site web sans grand effort. Si vous int\u00e9grez le module de r\u00e9servation dans le site web de votre \u00e9tablissement, vos clients verront en ligne quand vous avez des chambres et des forfaits disponibles. Les demandes vous sont transmises par e-mail. Vos clients peuvent \u00e9galement r\u00e9server directement sur le site web.   <\/p><h3>Adaptation<\/h3><p><em><strong>Le module de r\u00e9servation peut-il \u00eatre adapt\u00e9 \u00e0 mes besoins ?<\/strong><\/em><\/p><p>Le design du module de r\u00e9servation peut \u00eatre adapt\u00e9 \u00e0 votre site web. Vous avez \u00e9galement la possibilit\u00e9 de d\u00e9finir diff\u00e9rentes cat\u00e9gories de prix et de forfaits d&#8217;offres. Si vous utilisez \u00e9galement notre syst\u00e8me 1Tool, vous pouvez envoyer une newsletter personnalis\u00e9e \u00e0 vos h\u00f4tes. Les \u00e9valuations vous permettent de voir en un coup d&#8217;\u0153il combien de destinataires ont lu votre e-mail et si tous les e-mails ont pu \u00eatre distribu\u00e9s.   <\/p>\t\t\t\t\t\t\t\t<\/div>\n\t\t\t\t<\/div>\n\t\t\t\t\t<\/div>\n\t\t<\/div>\n\t\t\t\t\t<\/div>\n\t\t<\/section>\n\t\t\t\t\t<\/div>\n\t\t<\/div>\n\t\t\t\t\t<\/div>\n\t\t<\/section>\n\t\t\t\t<\/div>\n\t\t","protected":false},"excerpt":{"rendered":"<p>FAQ sur les r\u00e9servations Vous trouverez ici les questions les plus importantes sur le syst\u00e8me de r\u00e9servation 1Tool Frais de formation Quel est le niveau de formation requis pour le module de r\u00e9servation ? Pour utiliser le module de r\u00e9servation, vous n&#8217;avez pas besoin d&#8217;\u00eatre un expert en informatique. Le syst\u00e8me est clairement structur\u00e9, ce [&hellip;]<\/p>\n","protected":false},"author":1,"featured_media":0,"parent":79063,"menu_order":0,"comment_status":"closed","ping_status":"closed","template":"","meta":{"inline_featured_image":false,"footnotes":""},"class_list":["post-78908","page","type-page","status-publish","hentry"],"acf":[],"yoast_head":"<!-- This site is optimized with the Yoast SEO plugin v27.5 - https:\/\/yoast.com\/product\/yoast-seo-wordpress\/ -->\n<title>FAQ sur les r\u00e9servations - 1Tool<\/title>\n<meta name=\"robots\" content=\"index, follow, max-snippet:-1, max-image-preview:large, max-video-preview:-1\" \/>\n<link rel=\"canonical\" href=\"https:\/\/www.1tool.com\/fr\/modules\/modules-speciaux\/reservations\/fonctions-module-dinscription\/faq-sur-les-reservations\/\" \/>\n<meta property=\"og:locale\" content=\"fr_FR\" \/>\n<meta property=\"og:type\" content=\"article\" \/>\n<meta property=\"og:title\" content=\"FAQ sur les r\u00e9servations - 1Tool\" \/>\n<meta property=\"og:description\" content=\"FAQ sur les r\u00e9servations Vous trouverez ici les questions les plus importantes sur le syst\u00e8me de r\u00e9servation 1Tool Frais de formation Quel est le niveau de formation requis pour le module de r\u00e9servation ? Pour utiliser le module de r\u00e9servation, vous n&#8217;avez pas besoin d&#8217;\u00eatre un expert en informatique. Le syst\u00e8me est clairement structur\u00e9, ce [&hellip;]\" \/>\n<meta property=\"og:url\" content=\"https:\/\/www.1tool.com\/fr\/modules\/modules-speciaux\/reservations\/fonctions-module-dinscription\/faq-sur-les-reservations\/\" \/>\n<meta property=\"og:site_name\" content=\"1Tool\" \/>\n<meta property=\"article:modified_time\" content=\"2026-05-07T12:59:35+00:00\" \/>\n<meta name=\"twitter:card\" content=\"summary_large_image\" \/>\n<meta name=\"twitter:label1\" content=\"Dur\u00e9e de lecture estim\u00e9e\" \/>\n\t<meta name=\"twitter:data1\" content=\"2 minutes\" \/>\n<script type=\"application\/ld+json\" class=\"yoast-schema-graph\">{\"@context\":\"https:\\\/\\\/schema.org\",\"@graph\":[{\"@type\":\"WebPage\",\"@id\":\"https:\\\/\\\/www.1tool.com\\\/fr\\\/modules\\\/modules-speciaux\\\/reservations\\\/fonctions-module-dinscription\\\/faq-sur-les-reservations\\\/\",\"url\":\"https:\\\/\\\/www.1tool.com\\\/fr\\\/modules\\\/modules-speciaux\\\/reservations\\\/fonctions-module-dinscription\\\/faq-sur-les-reservations\\\/\",\"name\":\"FAQ sur les r\u00e9servations - 1Tool\",\"isPartOf\":{\"@id\":\"https:\\\/\\\/www.1tool.com\\\/fr\\\/#website\"},\"datePublished\":\"2022-03-30T16:25:27+00:00\",\"dateModified\":\"2026-05-07T12:59:35+00:00\",\"breadcrumb\":{\"@id\":\"https:\\\/\\\/www.1tool.com\\\/fr\\\/modules\\\/modules-speciaux\\\/reservations\\\/fonctions-module-dinscription\\\/faq-sur-les-reservations\\\/#breadcrumb\"},\"inLanguage\":\"fr-FR\",\"potentialAction\":[{\"@type\":\"ReadAction\",\"target\":[\"https:\\\/\\\/www.1tool.com\\\/fr\\\/modules\\\/modules-speciaux\\\/reservations\\\/fonctions-module-dinscription\\\/faq-sur-les-reservations\\\/\"]}]},{\"@type\":\"BreadcrumbList\",\"@id\":\"https:\\\/\\\/www.1tool.com\\\/fr\\\/modules\\\/modules-speciaux\\\/reservations\\\/fonctions-module-dinscription\\\/faq-sur-les-reservations\\\/#breadcrumb\",\"itemListElement\":[{\"@type\":\"ListItem\",\"position\":1,\"name\":\"Home\",\"item\":\"https:\\\/\\\/www.1tool.com\\\/fr\\\/\"},{\"@type\":\"ListItem\",\"position\":2,\"name\":\"Modules\",\"item\":\"https:\\\/\\\/www.1tool.com\\\/fr\\\/module\\\/\"},{\"@type\":\"ListItem\",\"position\":3,\"name\":\"Modules sp\u00e9ciaux\",\"item\":\"https:\\\/\\\/www.1tool.com\\\/fr\\\/modules\\\/modules-speciaux\\\/\"},{\"@type\":\"ListItem\",\"position\":4,\"name\":\"R\u00e9servations\",\"item\":\"https:\\\/\\\/www.1tool.com\\\/fr\\\/modules\\\/modules-speciaux\\\/reservations\\\/\"},{\"@type\":\"ListItem\",\"position\":5,\"name\":\"Fonctions Module d&#8217;inscription\",\"item\":\"https:\\\/\\\/www.1tool.com\\\/fr\\\/modules\\\/modules-speciaux\\\/reservations\\\/fonctions-module-dinscription\\\/\"},{\"@type\":\"ListItem\",\"position\":6,\"name\":\"FAQ sur les r\u00e9servations\"}]},{\"@type\":\"WebSite\",\"@id\":\"https:\\\/\\\/www.1tool.com\\\/fr\\\/#website\",\"url\":\"https:\\\/\\\/www.1tool.com\\\/fr\\\/\",\"name\":\"1Tool\",\"description\":\"CRM\",\"publisher\":{\"@id\":\"https:\\\/\\\/www.1tool.com\\\/fr\\\/#organization\"},\"potentialAction\":[{\"@type\":\"SearchAction\",\"target\":{\"@type\":\"EntryPoint\",\"urlTemplate\":\"https:\\\/\\\/www.1tool.com\\\/fr\\\/?s={search_term_string}\"},\"query-input\":{\"@type\":\"PropertyValueSpecification\",\"valueRequired\":true,\"valueName\":\"search_term_string\"}}],\"inLanguage\":\"fr-FR\"},{\"@type\":\"Organization\",\"@id\":\"https:\\\/\\\/www.1tool.com\\\/fr\\\/#organization\",\"name\":\"1Tool\",\"url\":\"https:\\\/\\\/www.1tool.com\\\/fr\\\/\",\"logo\":{\"@type\":\"ImageObject\",\"inLanguage\":\"fr-FR\",\"@id\":\"https:\\\/\\\/www.1tool.com\\\/fr\\\/#\\\/schema\\\/logo\\\/image\\\/\",\"url\":\"https:\\\/\\\/www.1tool.com\\\/wp-content\\\/uploads\\\/2022\\\/04\\\/1tool-1.png\",\"contentUrl\":\"https:\\\/\\\/www.1tool.com\\\/wp-content\\\/uploads\\\/2022\\\/04\\\/1tool-1.png\",\"width\":400,\"height\":150,\"caption\":\"1Tool\"},\"image\":{\"@id\":\"https:\\\/\\\/www.1tool.com\\\/fr\\\/#\\\/schema\\\/logo\\\/image\\\/\"}}]}<\/script>\n<!-- \/ Yoast SEO plugin. -->","yoast_head_json":{"title":"FAQ sur les r\u00e9servations - 1Tool","robots":{"index":"index","follow":"follow","max-snippet":"max-snippet:-1","max-image-preview":"max-image-preview:large","max-video-preview":"max-video-preview:-1"},"canonical":"https:\/\/www.1tool.com\/fr\/modules\/modules-speciaux\/reservations\/fonctions-module-dinscription\/faq-sur-les-reservations\/","og_locale":"fr_FR","og_type":"article","og_title":"FAQ sur les r\u00e9servations - 1Tool","og_description":"FAQ sur les r\u00e9servations Vous trouverez ici les questions les plus importantes sur le syst\u00e8me de r\u00e9servation 1Tool Frais de formation Quel est le niveau de formation requis pour le module de r\u00e9servation ? Pour utiliser le module de r\u00e9servation, vous n&#8217;avez pas besoin d&#8217;\u00eatre un expert en informatique. Le syst\u00e8me est clairement structur\u00e9, ce [&hellip;]","og_url":"https:\/\/www.1tool.com\/fr\/modules\/modules-speciaux\/reservations\/fonctions-module-dinscription\/faq-sur-les-reservations\/","og_site_name":"1Tool","article_modified_time":"2026-05-07T12:59:35+00:00","twitter_card":"summary_large_image","twitter_misc":{"Dur\u00e9e de lecture estim\u00e9e":"2 minutes"},"schema":{"@context":"https:\/\/schema.org","@graph":[{"@type":"WebPage","@id":"https:\/\/www.1tool.com\/fr\/modules\/modules-speciaux\/reservations\/fonctions-module-dinscription\/faq-sur-les-reservations\/","url":"https:\/\/www.1tool.com\/fr\/modules\/modules-speciaux\/reservations\/fonctions-module-dinscription\/faq-sur-les-reservations\/","name":"FAQ sur les r\u00e9servations - 1Tool","isPartOf":{"@id":"https:\/\/www.1tool.com\/fr\/#website"},"datePublished":"2022-03-30T16:25:27+00:00","dateModified":"2026-05-07T12:59:35+00:00","breadcrumb":{"@id":"https:\/\/www.1tool.com\/fr\/modules\/modules-speciaux\/reservations\/fonctions-module-dinscription\/faq-sur-les-reservations\/#breadcrumb"},"inLanguage":"fr-FR","potentialAction":[{"@type":"ReadAction","target":["https:\/\/www.1tool.com\/fr\/modules\/modules-speciaux\/reservations\/fonctions-module-dinscription\/faq-sur-les-reservations\/"]}]},{"@type":"BreadcrumbList","@id":"https:\/\/www.1tool.com\/fr\/modules\/modules-speciaux\/reservations\/fonctions-module-dinscription\/faq-sur-les-reservations\/#breadcrumb","itemListElement":[{"@type":"ListItem","position":1,"name":"Home","item":"https:\/\/www.1tool.com\/fr\/"},{"@type":"ListItem","position":2,"name":"Modules","item":"https:\/\/www.1tool.com\/fr\/module\/"},{"@type":"ListItem","position":3,"name":"Modules sp\u00e9ciaux","item":"https:\/\/www.1tool.com\/fr\/modules\/modules-speciaux\/"},{"@type":"ListItem","position":4,"name":"R\u00e9servations","item":"https:\/\/www.1tool.com\/fr\/modules\/modules-speciaux\/reservations\/"},{"@type":"ListItem","position":5,"name":"Fonctions Module d&#8217;inscription","item":"https:\/\/www.1tool.com\/fr\/modules\/modules-speciaux\/reservations\/fonctions-module-dinscription\/"},{"@type":"ListItem","position":6,"name":"FAQ sur les r\u00e9servations"}]},{"@type":"WebSite","@id":"https:\/\/www.1tool.com\/fr\/#website","url":"https:\/\/www.1tool.com\/fr\/","name":"1Tool","description":"CRM","publisher":{"@id":"https:\/\/www.1tool.com\/fr\/#organization"},"potentialAction":[{"@type":"SearchAction","target":{"@type":"EntryPoint","urlTemplate":"https:\/\/www.1tool.com\/fr\/?s={search_term_string}"},"query-input":{"@type":"PropertyValueSpecification","valueRequired":true,"valueName":"search_term_string"}}],"inLanguage":"fr-FR"},{"@type":"Organization","@id":"https:\/\/www.1tool.com\/fr\/#organization","name":"1Tool","url":"https:\/\/www.1tool.com\/fr\/","logo":{"@type":"ImageObject","inLanguage":"fr-FR","@id":"https:\/\/www.1tool.com\/fr\/#\/schema\/logo\/image\/","url":"https:\/\/www.1tool.com\/wp-content\/uploads\/2022\/04\/1tool-1.png","contentUrl":"https:\/\/www.1tool.com\/wp-content\/uploads\/2022\/04\/1tool-1.png","width":400,"height":150,"caption":"1Tool"},"image":{"@id":"https:\/\/www.1tool.com\/fr\/#\/schema\/logo\/image\/"}}]}},"_links":{"self":[{"href":"https:\/\/www.1tool.com\/fr\/wp-json\/wp\/v2\/pages\/78908","targetHints":{"allow":["GET"]}}],"collection":[{"href":"https:\/\/www.1tool.com\/fr\/wp-json\/wp\/v2\/pages"}],"about":[{"href":"https:\/\/www.1tool.com\/fr\/wp-json\/wp\/v2\/types\/page"}],"author":[{"embeddable":true,"href":"https:\/\/www.1tool.com\/fr\/wp-json\/wp\/v2\/users\/1"}],"replies":[{"embeddable":true,"href":"https:\/\/www.1tool.com\/fr\/wp-json\/wp\/v2\/comments?post=78908"}],"version-history":[{"count":1,"href":"https:\/\/www.1tool.com\/fr\/wp-json\/wp\/v2\/pages\/78908\/revisions"}],"predecessor-version":[{"id":78910,"href":"https:\/\/www.1tool.com\/fr\/wp-json\/wp\/v2\/pages\/78908\/revisions\/78910"}],"up":[{"embeddable":true,"href":"https:\/\/www.1tool.com\/fr\/wp-json\/wp\/v2\/pages\/79063"}],"wp:attachment":[{"href":"https:\/\/www.1tool.com\/fr\/wp-json\/wp\/v2\/media?parent=78908"}],"curies":[{"name":"wp","href":"https:\/\/api.w.org\/{rel}","templated":true}]}}