{"id":78909,"date":"2022-03-30T18:13:40","date_gmt":"2022-03-30T16:13:40","guid":{"rendered":"https:\/\/www.1tool.com\/systeme-de-gestion-des-marchandises\/"},"modified":"2026-05-07T14:59:30","modified_gmt":"2026-05-07T12:59:30","slug":"systeme-de-gestion-des-marchandises","status":"publish","type":"page","link":"https:\/\/www.1tool.com\/fr\/modules\/gestion-des-marchandises-boutique\/gestion-des-stocks\/fonctions-du-module-de-gestion-dentrepot\/systeme-de-gestion-des-marchandises\/","title":{"rendered":"Syst\u00e8me de gestion des marchandises"},"content":{"rendered":"\t\t<div data-elementor-type=\"wp-page\" data-elementor-id=\"78909\" class=\"elementor elementor-78909 elementor-49394\" data-elementor-post-type=\"page\">\n\t\t\t\t\t\t<section class=\"elementor-section elementor-top-section elementor-element elementor-element-faf80bd elementor-section-boxed elementor-section-height-default elementor-section-height-default shadepro-adv-gradient-no shadepro-sticky-no\" data-id=\"faf80bd\" data-element_type=\"section\" data-e-type=\"section\" data-settings=\"{&quot;shadepro_sticky&quot;:&quot;no&quot;}\">\n\t\t\t\t\t\t<div class=\"elementor-container elementor-column-gap-default\">\n\t\t\t\t\t<div class=\"elementor-column elementor-col-100 elementor-top-column elementor-element elementor-element-bd3efba\" data-id=\"bd3efba\" data-element_type=\"column\" data-e-type=\"column\">\n\t\t\t<div class=\"elementor-widget-wrap elementor-element-populated\">\n\t\t\t\t\t\t<div class=\"elementor-element elementor-element-ce99471 shadepro-sticky-no elementor-widget elementor-widget-heading\" data-id=\"ce99471\" data-element_type=\"widget\" data-e-type=\"widget\" data-settings=\"{&quot;shadepro_sticky&quot;:&quot;no&quot;}\" data-widget_type=\"heading.default\">\n\t\t\t\t<div class=\"elementor-widget-container\">\n\t\t\t\t\t<h1 class=\"elementor-heading-title elementor-size-default\">Syst\u00e8me de gestion des marchandises<\/h1>\t\t\t\t<\/div>\n\t\t\t\t<\/div>\n\t\t\t\t<div class=\"elementor-element elementor-element-49ae587 shadepro-sticky-no elementor-widget elementor-widget-text-editor\" data-id=\"49ae587\" data-element_type=\"widget\" data-e-type=\"widget\" data-settings=\"{&quot;shadepro_sticky&quot;:&quot;no&quot;}\" data-widget_type=\"text-editor.default\">\n\t\t\t\t<div class=\"elementor-widget-container\">\n\t\t\t\t\t\t\t\t\t<p>Gestion optimale des commandes et gestion professionnelle des stocks avec le syst\u00e8me de gestion des marchandises 1Tool<\/p>\t\t\t\t\t\t\t\t<\/div>\n\t\t\t\t<\/div>\n\t\t\t\t<section class=\"elementor-section elementor-inner-section elementor-element elementor-element-5e6ba5b elementor-section-boxed elementor-section-height-default elementor-section-height-default shadepro-adv-gradient-no shadepro-sticky-no\" data-id=\"5e6ba5b\" data-element_type=\"section\" data-e-type=\"section\" data-settings=\"{&quot;shadepro_sticky&quot;:&quot;no&quot;}\">\n\t\t\t\t\t\t<div class=\"elementor-container elementor-column-gap-default\">\n\t\t\t\t\t<div class=\"elementor-column elementor-col-100 elementor-inner-column elementor-element elementor-element-1713ea0\" data-id=\"1713ea0\" data-element_type=\"column\" data-e-type=\"column\">\n\t\t\t<div class=\"elementor-widget-wrap elementor-element-populated\">\n\t\t\t\t\t\t<div class=\"elementor-element elementor-element-875df19 shadepro-sticky-no elementor-widget elementor-widget-text-editor\" data-id=\"875df19\" data-element_type=\"widget\" data-e-type=\"widget\" data-settings=\"{&quot;shadepro_sticky&quot;:&quot;no&quot;}\" data-widget_type=\"text-editor.default\">\n\t\t\t\t<div class=\"elementor-widget-container\">\n\t\t\t\t\t\t\t\t\t<h3>Des processus efficaces avec le syst\u00e8me de gestion des marchandises 1Tool<\/h3><p>Qu&#8217;il s&#8217;agisse d&#8217;achat, de gestion des stocks, de vente ou de facturation, notre solution permet de g\u00e9rer facilement vos processus de gestion des marchandises au sein d&#8217;un seul logiciel et de les rendre transparents pour tous les collaborateurs. Gr\u00e2ce \u00e0 l&#8217;interconnexion intelligente des fonctions de notre syst\u00e8me de gestion des marchandises, les t\u00e2ches administratives sont automatis\u00e9es et peuvent \u00eatre trait\u00e9es de mani\u00e8re beaucoup plus efficace. <\/p><p>Que vous soyez propri\u00e9taire d&#8217;une boutique en ligne, d&#8217;une grande entreprise ou d&#8217;une petite entreprise, nous adaptons le syst\u00e8me de gestion des stocks \u00e0 votre activit\u00e9 quotidienne afin de r\u00e9pondre aux exigences de votre secteur.<\/p><h3>Logiciel de gestion des stocks puissant<\/h3><p>Pour que vous ayez toujours une vue d&#8217;ensemble de vos fournisseurs, produits et flux de marchandises, nous avons d\u00e9velopp\u00e9 avec 1Tool une solution intelligente pour une gestion professionnelle des marchandises. Les fonctions du logiciel de gestion des marchandises vont de la simple gestion des contacts de vos fournisseurs \u00e0 la g\u00e9n\u00e9ration rapide de commandes et de factures, en passant par le contr\u00f4le et l&#8217;organisation automatis\u00e9s de vos stocks. <\/p><h4>Gestion des marchandises bas\u00e9e sur le web pour une gestion flexible des produits et des stocks<\/h4><p>L&#8217;acc\u00e8s \u00e0 notre logiciel de gestion des stocks est ind\u00e9pendant du temps et peut \u00eatre effectu\u00e9 \u00e0 partir de n&#8217;importe quel terminal. Ainsi, m\u00eame les commerciaux ou les employ\u00e9s \u00e0 domicile ont la possibilit\u00e9 de noter les ventes, d&#8217;effectuer des commandes ou d&#8217;enregistrer de nouveaux produits. Il suffit d&#8217;un acc\u00e8s \u00e0 Internet pour que 1Tool soit accessible via votre navigateur. La gestion des marchandises bas\u00e9e sur le web n&#8217;a jamais \u00e9t\u00e9 aussi simple !   <\/p><h4>1Tool Gestion des marchandises et CRM pour votre magasin<\/h4><p>1Tool combine clairement les avantages d&#8217;une gestion de stock intelligente avec des fonctions puissantes de CRM pour rendre votre boutique plus performante. D&#8217;une part, toutes les donn\u00e9es clients sont imm\u00e9diatement transf\u00e9r\u00e9es dans le CRM apr\u00e8s l&#8217;achat dans votre boutique en ligne, tandis que la gestion des stocks effectue d\u00e9j\u00e0 la facturation automatique en arri\u00e8re-plan et met directement \u00e0 jour les niveaux de stock. <\/p><p>Les stocks minimums pr\u00e9d\u00e9finis permettent d&#8217;\u00e9viter facilement les ruptures de stock, car les commandes et les achats de marchandises sont lanc\u00e9s automatiquement. Lorsqu&#8217;une facture est \u00e9tablie, vous voyez directement si les quantit\u00e9s souhait\u00e9es sont encore disponibles ou si le stock est corrig\u00e9 \u00e0 la hausse, une marchandise doit \u00eatre renvoy\u00e9e et un avoir est ainsi \u00e9tabli pour le client. Le journal 1Tool vous donne un aper\u00e7u pr\u00e9cis des achats, des ventes et des \u00e9critures de correction en cas de d\u00e9marque ou d&#8217;autres changements de stock dans le syst\u00e8me de gestion des marchandises. Flexible, convivial et rapide &#8211; avec notre syst\u00e8me de gestion des marchandises et notre logiciel CRM, plus rien n&#8217;emp\u00eache votre boutique de fonctionner avec succ\u00e8s !   <\/p><h3>Int\u00e9ress\u00e9 par le syst\u00e8me de gestion des marchandises 1Tool ?<\/h3><p>Vous avez des questions sur notre logiciel de gestion des stocks, vous avez besoin d&#8217;informations suppl\u00e9mentaires ou vous souhaitez tester l&#8217;outil gratuitement pendant 30 jours ?<\/p><p><a href=\"mailto:office@1tool.com\">Faire une demande sans engagement<\/a><\/p><h4> <\/h4><h4>Gestion \u00e9tendue des marchandises<\/h4><p>Le module de gestion des stocks est le compl\u00e9ment id\u00e9al de la gestion des produits 1Tool. Vous pouvez organiser l&#8217;ensemble de votre stock, y compris la disponibilit\u00e9 des produits, dans une base de donn\u00e9es. Gr\u00e2ce aux stocks minimums enregistr\u00e9s, vous savez toujours quand vous devez passer de nouvelles commandes afin que vos produits soient toujours disponibles pour de nouvelles commandes. De plus, gr\u00e2ce au lien avec le module de produits et de facturation, vos stocks sont automatiquement ajust\u00e9s apr\u00e8s la vente ou la cr\u00e9ation d&#8217;un avoir pour un produit.   <\/p><p>Les suggestions de commande g\u00e9n\u00e9r\u00e9es automatiquement, ainsi que les listes claires des achats, des ventes et des \u00e9critures de correction sont des fonctions importantes qui vous aident \u00e0 organiser plus efficacement l&#8217;ensemble de votre processus de stockage.<\/p>\t\t\t\t\t\t\t\t<\/div>\n\t\t\t\t<\/div>\n\t\t\t\t\t<\/div>\n\t\t<\/div>\n\t\t\t\t\t<\/div>\n\t\t<\/section>\n\t\t\t\t\t<\/div>\n\t\t<\/div>\n\t\t\t\t\t<\/div>\n\t\t<\/section>\n\t\t\t\t<\/div>\n\t\t","protected":false},"excerpt":{"rendered":"<p>Syst\u00e8me de gestion des marchandises Gestion optimale des commandes et gestion professionnelle des stocks avec le syst\u00e8me de gestion des marchandises 1Tool Des processus efficaces avec le syst\u00e8me de gestion des marchandises 1Tool Qu&#8217;il s&#8217;agisse d&#8217;achat, de gestion des stocks, de vente ou de facturation, notre solution permet de g\u00e9rer facilement vos processus de gestion [&hellip;]<\/p>\n","protected":false},"author":1,"featured_media":0,"parent":79045,"menu_order":0,"comment_status":"closed","ping_status":"closed","template":"","meta":{"inline_featured_image":false,"footnotes":""},"class_list":["post-78909","page","type-page","status-publish","hentry"],"acf":[],"yoast_head":"<!-- This site is optimized with the Yoast SEO plugin v27.5 - https:\/\/yoast.com\/product\/yoast-seo-wordpress\/ -->\n<title>Syst\u00e8me de gestion des marchandises - 1Tool<\/title>\n<meta name=\"robots\" content=\"index, follow, max-snippet:-1, max-image-preview:large, max-video-preview:-1\" \/>\n<link rel=\"canonical\" href=\"https:\/\/www.1tool.com\/fr\/modules\/gestion-des-marchandises-boutique\/gestion-des-stocks\/fonctions-du-module-de-gestion-dentrepot\/systeme-de-gestion-des-marchandises\/\" \/>\n<meta property=\"og:locale\" content=\"fr_FR\" \/>\n<meta property=\"og:type\" content=\"article\" \/>\n<meta property=\"og:title\" content=\"Syst\u00e8me de gestion des marchandises - 1Tool\" \/>\n<meta property=\"og:description\" content=\"Syst\u00e8me de gestion des marchandises Gestion optimale des commandes et gestion professionnelle des stocks avec le syst\u00e8me de gestion des marchandises 1Tool Des processus efficaces avec le syst\u00e8me de gestion des marchandises 1Tool Qu&#8217;il s&#8217;agisse d&#8217;achat, de gestion des stocks, de vente ou de facturation, notre solution permet de g\u00e9rer facilement vos processus de gestion [&hellip;]\" \/>\n<meta property=\"og:url\" content=\"https:\/\/www.1tool.com\/fr\/modules\/gestion-des-marchandises-boutique\/gestion-des-stocks\/fonctions-du-module-de-gestion-dentrepot\/systeme-de-gestion-des-marchandises\/\" \/>\n<meta property=\"og:site_name\" content=\"1Tool\" \/>\n<meta property=\"article:modified_time\" content=\"2026-05-07T12:59:30+00:00\" \/>\n<meta name=\"twitter:card\" content=\"summary_large_image\" \/>\n<meta name=\"twitter:label1\" content=\"Dur\u00e9e de lecture estim\u00e9e\" \/>\n\t<meta name=\"twitter:data1\" content=\"3 minutes\" \/>\n<script type=\"application\/ld+json\" class=\"yoast-schema-graph\">{\"@context\":\"https:\\\/\\\/schema.org\",\"@graph\":[{\"@type\":\"WebPage\",\"@id\":\"https:\\\/\\\/www.1tool.com\\\/fr\\\/modules\\\/gestion-des-marchandises-boutique\\\/gestion-des-stocks\\\/fonctions-du-module-de-gestion-dentrepot\\\/systeme-de-gestion-des-marchandises\\\/\",\"url\":\"https:\\\/\\\/www.1tool.com\\\/fr\\\/modules\\\/gestion-des-marchandises-boutique\\\/gestion-des-stocks\\\/fonctions-du-module-de-gestion-dentrepot\\\/systeme-de-gestion-des-marchandises\\\/\",\"name\":\"Syst\u00e8me de gestion des marchandises - 1Tool\",\"isPartOf\":{\"@id\":\"https:\\\/\\\/www.1tool.com\\\/fr\\\/#website\"},\"datePublished\":\"2022-03-30T16:13:40+00:00\",\"dateModified\":\"2026-05-07T12:59:30+00:00\",\"breadcrumb\":{\"@id\":\"https:\\\/\\\/www.1tool.com\\\/fr\\\/modules\\\/gestion-des-marchandises-boutique\\\/gestion-des-stocks\\\/fonctions-du-module-de-gestion-dentrepot\\\/systeme-de-gestion-des-marchandises\\\/#breadcrumb\"},\"inLanguage\":\"fr-FR\",\"potentialAction\":[{\"@type\":\"ReadAction\",\"target\":[\"https:\\\/\\\/www.1tool.com\\\/fr\\\/modules\\\/gestion-des-marchandises-boutique\\\/gestion-des-stocks\\\/fonctions-du-module-de-gestion-dentrepot\\\/systeme-de-gestion-des-marchandises\\\/\"]}]},{\"@type\":\"BreadcrumbList\",\"@id\":\"https:\\\/\\\/www.1tool.com\\\/fr\\\/modules\\\/gestion-des-marchandises-boutique\\\/gestion-des-stocks\\\/fonctions-du-module-de-gestion-dentrepot\\\/systeme-de-gestion-des-marchandises\\\/#breadcrumb\",\"itemListElement\":[{\"@type\":\"ListItem\",\"position\":1,\"name\":\"Home\",\"item\":\"https:\\\/\\\/www.1tool.com\\\/fr\\\/\"},{\"@type\":\"ListItem\",\"position\":2,\"name\":\"Modules\",\"item\":\"https:\\\/\\\/www.1tool.com\\\/fr\\\/module\\\/\"},{\"@type\":\"ListItem\",\"position\":3,\"name\":\"Gestion des marchandises &amp; boutique\",\"item\":\"https:\\\/\\\/www.1tool.com\\\/fr\\\/modules\\\/gestion-des-marchandises-boutique\\\/\"},{\"@type\":\"ListItem\",\"position\":4,\"name\":\"Gestion des stocks\",\"item\":\"https:\\\/\\\/www.1tool.com\\\/fr\\\/modules\\\/gestion-des-marchandises-boutique\\\/gestion-des-stocks\\\/\"},{\"@type\":\"ListItem\",\"position\":5,\"name\":\"Fonctions du module de gestion d&#8217;entrep\u00f4t\",\"item\":\"https:\\\/\\\/www.1tool.com\\\/fr\\\/modules\\\/gestion-des-marchandises-boutique\\\/gestion-des-stocks\\\/fonctions-du-module-de-gestion-dentrepot\\\/\"},{\"@type\":\"ListItem\",\"position\":6,\"name\":\"Syst\u00e8me de gestion des marchandises\"}]},{\"@type\":\"WebSite\",\"@id\":\"https:\\\/\\\/www.1tool.com\\\/fr\\\/#website\",\"url\":\"https:\\\/\\\/www.1tool.com\\\/fr\\\/\",\"name\":\"1Tool\",\"description\":\"CRM\",\"publisher\":{\"@id\":\"https:\\\/\\\/www.1tool.com\\\/fr\\\/#organization\"},\"potentialAction\":[{\"@type\":\"SearchAction\",\"target\":{\"@type\":\"EntryPoint\",\"urlTemplate\":\"https:\\\/\\\/www.1tool.com\\\/fr\\\/?s={search_term_string}\"},\"query-input\":{\"@type\":\"PropertyValueSpecification\",\"valueRequired\":true,\"valueName\":\"search_term_string\"}}],\"inLanguage\":\"fr-FR\"},{\"@type\":\"Organization\",\"@id\":\"https:\\\/\\\/www.1tool.com\\\/fr\\\/#organization\",\"name\":\"1Tool\",\"url\":\"https:\\\/\\\/www.1tool.com\\\/fr\\\/\",\"logo\":{\"@type\":\"ImageObject\",\"inLanguage\":\"fr-FR\",\"@id\":\"https:\\\/\\\/www.1tool.com\\\/fr\\\/#\\\/schema\\\/logo\\\/image\\\/\",\"url\":\"https:\\\/\\\/www.1tool.com\\\/wp-content\\\/uploads\\\/2022\\\/04\\\/1tool-1.png\",\"contentUrl\":\"https:\\\/\\\/www.1tool.com\\\/wp-content\\\/uploads\\\/2022\\\/04\\\/1tool-1.png\",\"width\":400,\"height\":150,\"caption\":\"1Tool\"},\"image\":{\"@id\":\"https:\\\/\\\/www.1tool.com\\\/fr\\\/#\\\/schema\\\/logo\\\/image\\\/\"}}]}<\/script>\n<!-- \/ Yoast SEO plugin. -->","yoast_head_json":{"title":"Syst\u00e8me de gestion des marchandises - 1Tool","robots":{"index":"index","follow":"follow","max-snippet":"max-snippet:-1","max-image-preview":"max-image-preview:large","max-video-preview":"max-video-preview:-1"},"canonical":"https:\/\/www.1tool.com\/fr\/modules\/gestion-des-marchandises-boutique\/gestion-des-stocks\/fonctions-du-module-de-gestion-dentrepot\/systeme-de-gestion-des-marchandises\/","og_locale":"fr_FR","og_type":"article","og_title":"Syst\u00e8me de gestion des marchandises - 1Tool","og_description":"Syst\u00e8me de gestion des marchandises Gestion optimale des commandes et gestion professionnelle des stocks avec le syst\u00e8me de gestion des marchandises 1Tool Des processus efficaces avec le syst\u00e8me de gestion des marchandises 1Tool Qu&#8217;il s&#8217;agisse d&#8217;achat, de gestion des stocks, de vente ou de facturation, notre solution permet de g\u00e9rer facilement vos processus de gestion [&hellip;]","og_url":"https:\/\/www.1tool.com\/fr\/modules\/gestion-des-marchandises-boutique\/gestion-des-stocks\/fonctions-du-module-de-gestion-dentrepot\/systeme-de-gestion-des-marchandises\/","og_site_name":"1Tool","article_modified_time":"2026-05-07T12:59:30+00:00","twitter_card":"summary_large_image","twitter_misc":{"Dur\u00e9e de lecture estim\u00e9e":"3 minutes"},"schema":{"@context":"https:\/\/schema.org","@graph":[{"@type":"WebPage","@id":"https:\/\/www.1tool.com\/fr\/modules\/gestion-des-marchandises-boutique\/gestion-des-stocks\/fonctions-du-module-de-gestion-dentrepot\/systeme-de-gestion-des-marchandises\/","url":"https:\/\/www.1tool.com\/fr\/modules\/gestion-des-marchandises-boutique\/gestion-des-stocks\/fonctions-du-module-de-gestion-dentrepot\/systeme-de-gestion-des-marchandises\/","name":"Syst\u00e8me de gestion des marchandises - 1Tool","isPartOf":{"@id":"https:\/\/www.1tool.com\/fr\/#website"},"datePublished":"2022-03-30T16:13:40+00:00","dateModified":"2026-05-07T12:59:30+00:00","breadcrumb":{"@id":"https:\/\/www.1tool.com\/fr\/modules\/gestion-des-marchandises-boutique\/gestion-des-stocks\/fonctions-du-module-de-gestion-dentrepot\/systeme-de-gestion-des-marchandises\/#breadcrumb"},"inLanguage":"fr-FR","potentialAction":[{"@type":"ReadAction","target":["https:\/\/www.1tool.com\/fr\/modules\/gestion-des-marchandises-boutique\/gestion-des-stocks\/fonctions-du-module-de-gestion-dentrepot\/systeme-de-gestion-des-marchandises\/"]}]},{"@type":"BreadcrumbList","@id":"https:\/\/www.1tool.com\/fr\/modules\/gestion-des-marchandises-boutique\/gestion-des-stocks\/fonctions-du-module-de-gestion-dentrepot\/systeme-de-gestion-des-marchandises\/#breadcrumb","itemListElement":[{"@type":"ListItem","position":1,"name":"Home","item":"https:\/\/www.1tool.com\/fr\/"},{"@type":"ListItem","position":2,"name":"Modules","item":"https:\/\/www.1tool.com\/fr\/module\/"},{"@type":"ListItem","position":3,"name":"Gestion des marchandises &amp; boutique","item":"https:\/\/www.1tool.com\/fr\/modules\/gestion-des-marchandises-boutique\/"},{"@type":"ListItem","position":4,"name":"Gestion des stocks","item":"https:\/\/www.1tool.com\/fr\/modules\/gestion-des-marchandises-boutique\/gestion-des-stocks\/"},{"@type":"ListItem","position":5,"name":"Fonctions du module de gestion d&#8217;entrep\u00f4t","item":"https:\/\/www.1tool.com\/fr\/modules\/gestion-des-marchandises-boutique\/gestion-des-stocks\/fonctions-du-module-de-gestion-dentrepot\/"},{"@type":"ListItem","position":6,"name":"Syst\u00e8me de gestion des marchandises"}]},{"@type":"WebSite","@id":"https:\/\/www.1tool.com\/fr\/#website","url":"https:\/\/www.1tool.com\/fr\/","name":"1Tool","description":"CRM","publisher":{"@id":"https:\/\/www.1tool.com\/fr\/#organization"},"potentialAction":[{"@type":"SearchAction","target":{"@type":"EntryPoint","urlTemplate":"https:\/\/www.1tool.com\/fr\/?s={search_term_string}"},"query-input":{"@type":"PropertyValueSpecification","valueRequired":true,"valueName":"search_term_string"}}],"inLanguage":"fr-FR"},{"@type":"Organization","@id":"https:\/\/www.1tool.com\/fr\/#organization","name":"1Tool","url":"https:\/\/www.1tool.com\/fr\/","logo":{"@type":"ImageObject","inLanguage":"fr-FR","@id":"https:\/\/www.1tool.com\/fr\/#\/schema\/logo\/image\/","url":"https:\/\/www.1tool.com\/wp-content\/uploads\/2022\/04\/1tool-1.png","contentUrl":"https:\/\/www.1tool.com\/wp-content\/uploads\/2022\/04\/1tool-1.png","width":400,"height":150,"caption":"1Tool"},"image":{"@id":"https:\/\/www.1tool.com\/fr\/#\/schema\/logo\/image\/"}}]}},"_links":{"self":[{"href":"https:\/\/www.1tool.com\/fr\/wp-json\/wp\/v2\/pages\/78909","targetHints":{"allow":["GET"]}}],"collection":[{"href":"https:\/\/www.1tool.com\/fr\/wp-json\/wp\/v2\/pages"}],"about":[{"href":"https:\/\/www.1tool.com\/fr\/wp-json\/wp\/v2\/types\/page"}],"author":[{"embeddable":true,"href":"https:\/\/www.1tool.com\/fr\/wp-json\/wp\/v2\/users\/1"}],"replies":[{"embeddable":true,"href":"https:\/\/www.1tool.com\/fr\/wp-json\/wp\/v2\/comments?post=78909"}],"version-history":[{"count":1,"href":"https:\/\/www.1tool.com\/fr\/wp-json\/wp\/v2\/pages\/78909\/revisions"}],"predecessor-version":[{"id":78911,"href":"https:\/\/www.1tool.com\/fr\/wp-json\/wp\/v2\/pages\/78909\/revisions\/78911"}],"up":[{"embeddable":true,"href":"https:\/\/www.1tool.com\/fr\/wp-json\/wp\/v2\/pages\/79045"}],"wp:attachment":[{"href":"https:\/\/www.1tool.com\/fr\/wp-json\/wp\/v2\/media?parent=78909"}],"curies":[{"name":"wp","href":"https:\/\/api.w.org\/{rel}","templated":true}]}}