{"id":78912,"date":"2022-03-30T18:23:17","date_gmt":"2022-03-30T16:23:17","guid":{"rendered":"https:\/\/www.1tool.com\/logiciel-de-reservation\/"},"modified":"2026-05-07T14:59:35","modified_gmt":"2026-05-07T12:59:35","slug":"logiciel-de-reservation","status":"publish","type":"page","link":"https:\/\/www.1tool.com\/fr\/modules\/modules-speciaux\/reservations\/fonctions-module-dinscription\/logiciel-de-reservation\/","title":{"rendered":"Logiciel de r\u00e9servation"},"content":{"rendered":"\t\t<div data-elementor-type=\"wp-page\" data-elementor-id=\"78912\" class=\"elementor elementor-78912 elementor-49429\" data-elementor-post-type=\"page\">\n\t\t\t\t\t\t<section class=\"elementor-section elementor-top-section elementor-element elementor-element-3d6c715 elementor-section-boxed elementor-section-height-default elementor-section-height-default shadepro-adv-gradient-no shadepro-sticky-no\" data-id=\"3d6c715\" data-element_type=\"section\" data-e-type=\"section\" data-settings=\"{&quot;shadepro_sticky&quot;:&quot;no&quot;}\">\n\t\t\t\t\t\t<div class=\"elementor-container elementor-column-gap-default\">\n\t\t\t\t\t<div class=\"elementor-column elementor-col-100 elementor-top-column elementor-element elementor-element-8d85a52\" data-id=\"8d85a52\" data-element_type=\"column\" data-e-type=\"column\">\n\t\t\t<div class=\"elementor-widget-wrap elementor-element-populated\">\n\t\t\t\t\t\t<div class=\"elementor-element elementor-element-9a09205 shadepro-sticky-no elementor-widget elementor-widget-heading\" data-id=\"9a09205\" data-element_type=\"widget\" data-e-type=\"widget\" data-settings=\"{&quot;shadepro_sticky&quot;:&quot;no&quot;}\" data-widget_type=\"heading.default\">\n\t\t\t\t<div class=\"elementor-widget-container\">\n\t\t\t\t\t<h1 class=\"elementor-heading-title elementor-size-default\">Logiciel de r\u00e9servation<\/h1>\t\t\t\t<\/div>\n\t\t\t\t<\/div>\n\t\t\t\t<div class=\"elementor-element elementor-element-1645000 shadepro-sticky-no elementor-widget elementor-widget-text-editor\" data-id=\"1645000\" data-element_type=\"widget\" data-e-type=\"widget\" data-settings=\"{&quot;shadepro_sticky&quot;:&quot;no&quot;}\" data-widget_type=\"text-editor.default\">\n\t\t\t\t<div class=\"elementor-widget-container\">\n\t\t\t\t\t\t\t\t\t<p>Le logiciel de comptabilit\u00e9 1Tool offre de nombreuses possibilit\u00e9s d&#8217;utilisation dans tous les secteurs.<\/p>\t\t\t\t\t\t\t\t<\/div>\n\t\t\t\t<\/div>\n\t\t\t\t<section class=\"elementor-section elementor-inner-section elementor-element elementor-element-7e4b79e elementor-section-boxed elementor-section-height-default elementor-section-height-default shadepro-adv-gradient-no shadepro-sticky-no\" data-id=\"7e4b79e\" data-element_type=\"section\" data-e-type=\"section\" data-settings=\"{&quot;shadepro_sticky&quot;:&quot;no&quot;}\">\n\t\t\t\t\t\t<div class=\"elementor-container elementor-column-gap-default\">\n\t\t\t\t\t<div class=\"elementor-column elementor-col-100 elementor-inner-column elementor-element elementor-element-6d858c0\" data-id=\"6d858c0\" data-element_type=\"column\" data-e-type=\"column\">\n\t\t\t<div class=\"elementor-widget-wrap elementor-element-populated\">\n\t\t\t\t\t\t<div class=\"elementor-element elementor-element-88c6573 shadepro-sticky-no elementor-widget elementor-widget-text-editor\" data-id=\"88c6573\" data-element_type=\"widget\" data-e-type=\"widget\" data-settings=\"{&quot;shadepro_sticky&quot;:&quot;no&quot;}\" data-widget_type=\"text-editor.default\">\n\t\t\t\t<div class=\"elementor-widget-container\">\n\t\t\t\t\t\t\t\t\t<h3>Un logiciel de r\u00e9servation sur mesure pour r\u00e9pondre \u00e0 vos besoins<\/h3><p>Qu&#8217;il s&#8217;agisse d&#8217;un tour-op\u00e9rateur, d&#8217;un h\u00f4tel, d&#8217;une entreprise de location de voitures ou de bateaux, le logiciel de r\u00e9servation 1Tool vous permet de g\u00e9rer efficacement vos ressources et de garder un \u0153il sur toutes vos r\u00e9servations. Selon le secteur, le processus de r\u00e9servation peut \u00eatre adapt\u00e9 de mani\u00e8re optimale \u00e0 votre entreprise et permet ainsi une gestion flexible de vos objets. Gr\u00e2ce au logiciel de r\u00e9servation bas\u00e9 sur le web, vos demandes et r\u00e9servations peuvent \u00eatre g\u00e9r\u00e9es ind\u00e9pendamment de l&#8217;endroit o\u00f9 vous vous trouvez et \u00e0 tout moment &#8211; un meilleur taux d&#8217;occupation est garanti avec 1Tool !  <\/p><h3>Int\u00e9gration facile de votre syst\u00e8me de r\u00e9servation en ligne<\/h3><p>Notre syst\u00e8me de r\u00e9servation 1Tool peut \u00eatre facilement int\u00e9gr\u00e9 \u00e0 votre site web ou \u00e0 vos portails de r\u00e9servation. D&#8217;une part, vous augmentez votre pr\u00e9sence en ligne et, d&#8217;autre part, vous permettez \u00e0 vos clients d&#8217;effectuer des r\u00e9servations et des demandes de renseignements en toute simplicit\u00e9, o\u00f9 qu&#8217;ils se trouvent, gr\u00e2ce \u00e0 un canal en ligne suppl\u00e9mentaire. Un plan d&#8217;occupation personnalis\u00e9, adapt\u00e9 \u00e0 la mise en page de votre site web, pr\u00e9sente graphiquement toutes les chambres, v\u00e9hicules ou \u00e9quipements disponibles pour les clients. Lorsqu&#8217;un client effectue une r\u00e9servation, l&#8217;interface avec le 1Tool permet de transf\u00e9rer automatiquement les donn\u00e9es du client et les donn\u00e9es de la r\u00e9servation dans le logiciel de r\u00e9servation. Cela permet non seulement d&#8217;\u00e9conomiser le temps et les efforts d&#8217;une saisie manuelle, mais aussi d&#8217;\u00e9viter facilement les r\u00e9servations en double.    <\/p><h3>Fonctionnalit\u00e9s \u00e9tendues de notre logiciel de r\u00e9servation en ligne<\/h3><p>1Tool dispose de nombreuses fonctionnalit\u00e9s et permet ainsi une planification efficace de vos ressources. Gr\u00e2ce au syst\u00e8me de r\u00e9servation en ligne, vous garantissez un acc\u00e8s 24h\/24 et 7j\/7 \u00e0 votre site web et \u00e0 votre calendrier de r\u00e9servation, ce qui vous permet de prendre des r\u00e9servations automatiquement et 24h\/24. Gr\u00e2ce au caract\u00e8re multilingue de votre logiciel, vous offrez \u00e9galement un service optimal aux clients et prospects internationaux.  <\/p><h4>D\u00e9tails de r\u00e9servation personnalisables<\/h4><p>Sans avoir \u00e0 passer d&#8217;un syst\u00e8me \u00e0 l&#8217;autre, vous trouverez toutes les donn\u00e9es sur les clients, les objets et les r\u00e9servations dans votre base de donn\u00e9es 1Tool et pourrez les g\u00e9rer en un clic. D&#8217;une part, cela permet une segmentation facile de vos clients, car les donn\u00e9es des clients sont automatiquement transf\u00e9r\u00e9es dans le syst\u00e8me de r\u00e9servation apr\u00e8s chaque r\u00e9servation et un profil est cr\u00e9\u00e9 pour chaque demande ou r\u00e9servation sur la dur\u00e9e du s\u00e9jour, l&#8217;\u00e2ge, l&#8217;origine, les pr\u00e9f\u00e9rences particuli\u00e8res, etc. D&#8217;autre part, vous pouvez r\u00e9agir beaucoup plus rapidement aux demandes des clients et adapter les objets aux souhaits et besoins de vos h\u00f4tes. Les v\u00e9hicules, chambres ou autres objets de r\u00e9servation peuvent ainsi \u00eatre class\u00e9s individuellement dans des cat\u00e9gories ou des &#8220;packages&#8221; sp\u00e9ciaux. Les prix et les images peuvent \u00e9galement \u00eatre d\u00e9finis s\u00e9par\u00e9ment en fonction des objets ou des acheteurs (par exemple : r\u00e9duction pour les personnes \u00e2g\u00e9es, les enfants, etc. Les donn\u00e9es sont automatiquement int\u00e9gr\u00e9es \u00e0 votre site web, ce qui \u00e9vite une double saisie.     <\/p><h4>Interfaces comptables<\/h4><p>Votre calendrier du logiciel de r\u00e9servation 1Tool peut non seulement \u00eatre int\u00e9gr\u00e9 \u00e0 votre site web, mais il est \u00e9galement possible de l&#8217;interfacer avec d&#8217;autres syst\u00e8mes de r\u00e9servation tels que Booking.com, HRS ou Tiscover. Pour une port\u00e9e et une pr\u00e9sence plus importantes, nous int\u00e9grons \u00e9galement volontiers le syst\u00e8me de r\u00e9servation dans votre pr\u00e9sence sur Facebook \u00e0 l&#8217;aide d&#8217;un bouton &#8220;R\u00e9server&#8221; sp\u00e9cifique. Vous \u00eates ainsi pr\u00e9sent l\u00e0 o\u00f9 se trouvent vos groupes cibles. L&#8217;affichage mobile de votre site web ou de votre plateforme de r\u00e9servation permet en outre d&#8217;effectuer des r\u00e9servations facilement et rapidement via un smartphone ou une tablette. Avec 1Tool, vous \u00eates accessible \u00e0 vos clients partout et \u00e0 tout moment !    <\/p><h4>Traitement des paiements en ligne de vos r\u00e9servations<\/h4><p>Avec le logiciel de r\u00e9servation 1Tool, vos clients ont la possibilit\u00e9 de payer en ligne et en toute s\u00e9curit\u00e9 leurs chambres, voitures de location et autres. Une connexion de paiement pr\u00eate \u00e0 l&#8217;emploi via Card Complete et Wirecard assure un traitement simple des paiements. La gestion simple de vos propri\u00e9t\u00e9s au sein de notre logiciel vous permet en outre de fixer des prix flexibles et de les adapter aux saisons, \u00e0 l&#8217;utilisation de la capacit\u00e9, etc.  <\/p><h4>Des rappels pour vos clients<\/h4><p>Communiquez efficacement avec vos clients et vos h\u00f4tes. Notre logiciel de r\u00e9servation envoie automatiquement des rappels pour les r\u00e9servations et les demandes, ce qui permet d&#8217;\u00e9tablir des relations \u00e0 long terme avec les clients. Nous attachons une importance particuli\u00e8re \u00e0 la personnalisation de la communication avec les clients, de sorte que les e-mails et les rappels sont automatiquement accompagn\u00e9s du nom de vos prospects.  <\/p>\t\t\t\t\t\t\t\t<\/div>\n\t\t\t\t<\/div>\n\t\t\t\t\t<\/div>\n\t\t<\/div>\n\t\t\t\t\t<\/div>\n\t\t<\/section>\n\t\t\t\t\t<\/div>\n\t\t<\/div>\n\t\t\t\t\t<\/div>\n\t\t<\/section>\n\t\t\t\t<\/div>\n\t\t","protected":false},"excerpt":{"rendered":"<p>Logiciel de r\u00e9servation Le logiciel de comptabilit\u00e9 1Tool offre de nombreuses possibilit\u00e9s d&#8217;utilisation dans tous les secteurs. Un logiciel de r\u00e9servation sur mesure pour r\u00e9pondre \u00e0 vos besoins Qu&#8217;il s&#8217;agisse d&#8217;un tour-op\u00e9rateur, d&#8217;un h\u00f4tel, d&#8217;une entreprise de location de voitures ou de bateaux, le logiciel de r\u00e9servation 1Tool vous permet de g\u00e9rer efficacement vos ressources [&hellip;]<\/p>\n","protected":false},"author":1,"featured_media":0,"parent":79063,"menu_order":0,"comment_status":"closed","ping_status":"closed","template":"","meta":{"inline_featured_image":false,"footnotes":""},"class_list":["post-78912","page","type-page","status-publish","hentry"],"acf":[],"yoast_head":"<!-- This site is optimized with the Yoast SEO plugin v27.5 - https:\/\/yoast.com\/product\/yoast-seo-wordpress\/ -->\n<title>Logiciel de r\u00e9servation - 1Tool<\/title>\n<meta name=\"robots\" content=\"index, follow, max-snippet:-1, max-image-preview:large, max-video-preview:-1\" \/>\n<link rel=\"canonical\" href=\"https:\/\/www.1tool.com\/fr\/modules\/modules-speciaux\/reservations\/fonctions-module-dinscription\/logiciel-de-reservation\/\" \/>\n<meta property=\"og:locale\" content=\"fr_FR\" \/>\n<meta property=\"og:type\" content=\"article\" \/>\n<meta property=\"og:title\" content=\"Logiciel de r\u00e9servation - 1Tool\" \/>\n<meta property=\"og:description\" content=\"Logiciel de r\u00e9servation Le logiciel de comptabilit\u00e9 1Tool offre de nombreuses possibilit\u00e9s d&#8217;utilisation dans tous les secteurs. Un logiciel de r\u00e9servation sur mesure pour r\u00e9pondre \u00e0 vos besoins Qu&#8217;il s&#8217;agisse d&#8217;un tour-op\u00e9rateur, d&#8217;un h\u00f4tel, d&#8217;une entreprise de location de voitures ou de bateaux, le logiciel de r\u00e9servation 1Tool vous permet de g\u00e9rer efficacement vos ressources [&hellip;]\" \/>\n<meta property=\"og:url\" content=\"https:\/\/www.1tool.com\/fr\/modules\/modules-speciaux\/reservations\/fonctions-module-dinscription\/logiciel-de-reservation\/\" \/>\n<meta property=\"og:site_name\" content=\"1Tool\" \/>\n<meta property=\"article:modified_time\" content=\"2026-05-07T12:59:35+00:00\" \/>\n<meta name=\"twitter:card\" content=\"summary_large_image\" \/>\n<meta name=\"twitter:label1\" content=\"Dur\u00e9e de lecture estim\u00e9e\" \/>\n\t<meta name=\"twitter:data1\" content=\"4 minutes\" \/>\n<script type=\"application\/ld+json\" class=\"yoast-schema-graph\">{\"@context\":\"https:\\\/\\\/schema.org\",\"@graph\":[{\"@type\":\"WebPage\",\"@id\":\"https:\\\/\\\/www.1tool.com\\\/fr\\\/modules\\\/modules-speciaux\\\/reservations\\\/fonctions-module-dinscription\\\/logiciel-de-reservation\\\/\",\"url\":\"https:\\\/\\\/www.1tool.com\\\/fr\\\/modules\\\/modules-speciaux\\\/reservations\\\/fonctions-module-dinscription\\\/logiciel-de-reservation\\\/\",\"name\":\"Logiciel de r\u00e9servation - 1Tool\",\"isPartOf\":{\"@id\":\"https:\\\/\\\/www.1tool.com\\\/fr\\\/#website\"},\"datePublished\":\"2022-03-30T16:23:17+00:00\",\"dateModified\":\"2026-05-07T12:59:35+00:00\",\"breadcrumb\":{\"@id\":\"https:\\\/\\\/www.1tool.com\\\/fr\\\/modules\\\/modules-speciaux\\\/reservations\\\/fonctions-module-dinscription\\\/logiciel-de-reservation\\\/#breadcrumb\"},\"inLanguage\":\"fr-FR\",\"potentialAction\":[{\"@type\":\"ReadAction\",\"target\":[\"https:\\\/\\\/www.1tool.com\\\/fr\\\/modules\\\/modules-speciaux\\\/reservations\\\/fonctions-module-dinscription\\\/logiciel-de-reservation\\\/\"]}]},{\"@type\":\"BreadcrumbList\",\"@id\":\"https:\\\/\\\/www.1tool.com\\\/fr\\\/modules\\\/modules-speciaux\\\/reservations\\\/fonctions-module-dinscription\\\/logiciel-de-reservation\\\/#breadcrumb\",\"itemListElement\":[{\"@type\":\"ListItem\",\"position\":1,\"name\":\"Home\",\"item\":\"https:\\\/\\\/www.1tool.com\\\/fr\\\/\"},{\"@type\":\"ListItem\",\"position\":2,\"name\":\"Modules\",\"item\":\"https:\\\/\\\/www.1tool.com\\\/fr\\\/module\\\/\"},{\"@type\":\"ListItem\",\"position\":3,\"name\":\"Modules sp\u00e9ciaux\",\"item\":\"https:\\\/\\\/www.1tool.com\\\/fr\\\/modules\\\/modules-speciaux\\\/\"},{\"@type\":\"ListItem\",\"position\":4,\"name\":\"R\u00e9servations\",\"item\":\"https:\\\/\\\/www.1tool.com\\\/fr\\\/modules\\\/modules-speciaux\\\/reservations\\\/\"},{\"@type\":\"ListItem\",\"position\":5,\"name\":\"Fonctions Module d&#8217;inscription\",\"item\":\"https:\\\/\\\/www.1tool.com\\\/fr\\\/modules\\\/modules-speciaux\\\/reservations\\\/fonctions-module-dinscription\\\/\"},{\"@type\":\"ListItem\",\"position\":6,\"name\":\"Logiciel de r\u00e9servation\"}]},{\"@type\":\"WebSite\",\"@id\":\"https:\\\/\\\/www.1tool.com\\\/fr\\\/#website\",\"url\":\"https:\\\/\\\/www.1tool.com\\\/fr\\\/\",\"name\":\"1Tool\",\"description\":\"CRM\",\"publisher\":{\"@id\":\"https:\\\/\\\/www.1tool.com\\\/fr\\\/#organization\"},\"potentialAction\":[{\"@type\":\"SearchAction\",\"target\":{\"@type\":\"EntryPoint\",\"urlTemplate\":\"https:\\\/\\\/www.1tool.com\\\/fr\\\/?s={search_term_string}\"},\"query-input\":{\"@type\":\"PropertyValueSpecification\",\"valueRequired\":true,\"valueName\":\"search_term_string\"}}],\"inLanguage\":\"fr-FR\"},{\"@type\":\"Organization\",\"@id\":\"https:\\\/\\\/www.1tool.com\\\/fr\\\/#organization\",\"name\":\"1Tool\",\"url\":\"https:\\\/\\\/www.1tool.com\\\/fr\\\/\",\"logo\":{\"@type\":\"ImageObject\",\"inLanguage\":\"fr-FR\",\"@id\":\"https:\\\/\\\/www.1tool.com\\\/fr\\\/#\\\/schema\\\/logo\\\/image\\\/\",\"url\":\"https:\\\/\\\/www.1tool.com\\\/wp-content\\\/uploads\\\/2022\\\/04\\\/1tool-1.png\",\"contentUrl\":\"https:\\\/\\\/www.1tool.com\\\/wp-content\\\/uploads\\\/2022\\\/04\\\/1tool-1.png\",\"width\":400,\"height\":150,\"caption\":\"1Tool\"},\"image\":{\"@id\":\"https:\\\/\\\/www.1tool.com\\\/fr\\\/#\\\/schema\\\/logo\\\/image\\\/\"}}]}<\/script>\n<!-- \/ Yoast SEO plugin. -->","yoast_head_json":{"title":"Logiciel de r\u00e9servation - 1Tool","robots":{"index":"index","follow":"follow","max-snippet":"max-snippet:-1","max-image-preview":"max-image-preview:large","max-video-preview":"max-video-preview:-1"},"canonical":"https:\/\/www.1tool.com\/fr\/modules\/modules-speciaux\/reservations\/fonctions-module-dinscription\/logiciel-de-reservation\/","og_locale":"fr_FR","og_type":"article","og_title":"Logiciel de r\u00e9servation - 1Tool","og_description":"Logiciel de r\u00e9servation Le logiciel de comptabilit\u00e9 1Tool offre de nombreuses possibilit\u00e9s d&#8217;utilisation dans tous les secteurs. Un logiciel de r\u00e9servation sur mesure pour r\u00e9pondre \u00e0 vos besoins Qu&#8217;il s&#8217;agisse d&#8217;un tour-op\u00e9rateur, d&#8217;un h\u00f4tel, d&#8217;une entreprise de location de voitures ou de bateaux, le logiciel de r\u00e9servation 1Tool vous permet de g\u00e9rer efficacement vos ressources [&hellip;]","og_url":"https:\/\/www.1tool.com\/fr\/modules\/modules-speciaux\/reservations\/fonctions-module-dinscription\/logiciel-de-reservation\/","og_site_name":"1Tool","article_modified_time":"2026-05-07T12:59:35+00:00","twitter_card":"summary_large_image","twitter_misc":{"Dur\u00e9e de lecture estim\u00e9e":"4 minutes"},"schema":{"@context":"https:\/\/schema.org","@graph":[{"@type":"WebPage","@id":"https:\/\/www.1tool.com\/fr\/modules\/modules-speciaux\/reservations\/fonctions-module-dinscription\/logiciel-de-reservation\/","url":"https:\/\/www.1tool.com\/fr\/modules\/modules-speciaux\/reservations\/fonctions-module-dinscription\/logiciel-de-reservation\/","name":"Logiciel de r\u00e9servation - 1Tool","isPartOf":{"@id":"https:\/\/www.1tool.com\/fr\/#website"},"datePublished":"2022-03-30T16:23:17+00:00","dateModified":"2026-05-07T12:59:35+00:00","breadcrumb":{"@id":"https:\/\/www.1tool.com\/fr\/modules\/modules-speciaux\/reservations\/fonctions-module-dinscription\/logiciel-de-reservation\/#breadcrumb"},"inLanguage":"fr-FR","potentialAction":[{"@type":"ReadAction","target":["https:\/\/www.1tool.com\/fr\/modules\/modules-speciaux\/reservations\/fonctions-module-dinscription\/logiciel-de-reservation\/"]}]},{"@type":"BreadcrumbList","@id":"https:\/\/www.1tool.com\/fr\/modules\/modules-speciaux\/reservations\/fonctions-module-dinscription\/logiciel-de-reservation\/#breadcrumb","itemListElement":[{"@type":"ListItem","position":1,"name":"Home","item":"https:\/\/www.1tool.com\/fr\/"},{"@type":"ListItem","position":2,"name":"Modules","item":"https:\/\/www.1tool.com\/fr\/module\/"},{"@type":"ListItem","position":3,"name":"Modules sp\u00e9ciaux","item":"https:\/\/www.1tool.com\/fr\/modules\/modules-speciaux\/"},{"@type":"ListItem","position":4,"name":"R\u00e9servations","item":"https:\/\/www.1tool.com\/fr\/modules\/modules-speciaux\/reservations\/"},{"@type":"ListItem","position":5,"name":"Fonctions Module d&#8217;inscription","item":"https:\/\/www.1tool.com\/fr\/modules\/modules-speciaux\/reservations\/fonctions-module-dinscription\/"},{"@type":"ListItem","position":6,"name":"Logiciel de r\u00e9servation"}]},{"@type":"WebSite","@id":"https:\/\/www.1tool.com\/fr\/#website","url":"https:\/\/www.1tool.com\/fr\/","name":"1Tool","description":"CRM","publisher":{"@id":"https:\/\/www.1tool.com\/fr\/#organization"},"potentialAction":[{"@type":"SearchAction","target":{"@type":"EntryPoint","urlTemplate":"https:\/\/www.1tool.com\/fr\/?s={search_term_string}"},"query-input":{"@type":"PropertyValueSpecification","valueRequired":true,"valueName":"search_term_string"}}],"inLanguage":"fr-FR"},{"@type":"Organization","@id":"https:\/\/www.1tool.com\/fr\/#organization","name":"1Tool","url":"https:\/\/www.1tool.com\/fr\/","logo":{"@type":"ImageObject","inLanguage":"fr-FR","@id":"https:\/\/www.1tool.com\/fr\/#\/schema\/logo\/image\/","url":"https:\/\/www.1tool.com\/wp-content\/uploads\/2022\/04\/1tool-1.png","contentUrl":"https:\/\/www.1tool.com\/wp-content\/uploads\/2022\/04\/1tool-1.png","width":400,"height":150,"caption":"1Tool"},"image":{"@id":"https:\/\/www.1tool.com\/fr\/#\/schema\/logo\/image\/"}}]}},"_links":{"self":[{"href":"https:\/\/www.1tool.com\/fr\/wp-json\/wp\/v2\/pages\/78912","targetHints":{"allow":["GET"]}}],"collection":[{"href":"https:\/\/www.1tool.com\/fr\/wp-json\/wp\/v2\/pages"}],"about":[{"href":"https:\/\/www.1tool.com\/fr\/wp-json\/wp\/v2\/types\/page"}],"author":[{"embeddable":true,"href":"https:\/\/www.1tool.com\/fr\/wp-json\/wp\/v2\/users\/1"}],"replies":[{"embeddable":true,"href":"https:\/\/www.1tool.com\/fr\/wp-json\/wp\/v2\/comments?post=78912"}],"version-history":[{"count":1,"href":"https:\/\/www.1tool.com\/fr\/wp-json\/wp\/v2\/pages\/78912\/revisions"}],"predecessor-version":[{"id":78914,"href":"https:\/\/www.1tool.com\/fr\/wp-json\/wp\/v2\/pages\/78912\/revisions\/78914"}],"up":[{"embeddable":true,"href":"https:\/\/www.1tool.com\/fr\/wp-json\/wp\/v2\/pages\/79063"}],"wp:attachment":[{"href":"https:\/\/www.1tool.com\/fr\/wp-json\/wp\/v2\/media?parent=78912"}],"curies":[{"name":"wp","href":"https:\/\/api.w.org\/{rel}","templated":true}]}}