{"id":78913,"date":"2022-03-30T18:11:24","date_gmt":"2022-03-30T16:11:24","guid":{"rendered":"https:\/\/www.1tool.com\/gerer-le-stock\/"},"modified":"2026-05-07T14:59:29","modified_gmt":"2026-05-07T12:59:29","slug":"gerer-le-stock","status":"publish","type":"page","link":"https:\/\/www.1tool.com\/fr\/modules\/gestion-des-marchandises-boutique\/gestion-des-stocks\/fonctions-du-module-de-gestion-dentrepot\/gerer-le-stock\/","title":{"rendered":"G\u00e9rer le stock"},"content":{"rendered":"\t\t<div data-elementor-type=\"wp-page\" data-elementor-id=\"78913\" class=\"elementor elementor-78913 elementor-49380\" data-elementor-post-type=\"page\">\n\t\t\t\t\t\t<section class=\"elementor-section elementor-top-section elementor-element elementor-element-36dc27e elementor-section-boxed elementor-section-height-default elementor-section-height-default shadepro-adv-gradient-no shadepro-sticky-no\" data-id=\"36dc27e\" data-element_type=\"section\" data-e-type=\"section\" data-settings=\"{&quot;shadepro_sticky&quot;:&quot;no&quot;}\">\n\t\t\t\t\t\t<div class=\"elementor-container elementor-column-gap-default\">\n\t\t\t\t\t<div class=\"elementor-column elementor-col-100 elementor-top-column elementor-element elementor-element-beba88b\" data-id=\"beba88b\" data-element_type=\"column\" data-e-type=\"column\">\n\t\t\t<div class=\"elementor-widget-wrap elementor-element-populated\">\n\t\t\t\t\t\t<div class=\"elementor-element elementor-element-2d1a2b4 shadepro-sticky-no elementor-widget elementor-widget-heading\" data-id=\"2d1a2b4\" data-element_type=\"widget\" data-e-type=\"widget\" data-settings=\"{&quot;shadepro_sticky&quot;:&quot;no&quot;}\" data-widget_type=\"heading.default\">\n\t\t\t\t<div class=\"elementor-widget-container\">\n\t\t\t\t\t<h1 class=\"elementor-heading-title elementor-size-default\">G\u00e9rer le stock<\/h1>\t\t\t\t<\/div>\n\t\t\t\t<\/div>\n\t\t\t\t<div class=\"elementor-element elementor-element-e40946e shadepro-sticky-no elementor-widget elementor-widget-text-editor\" data-id=\"e40946e\" data-element_type=\"widget\" data-e-type=\"widget\" data-settings=\"{&quot;shadepro_sticky&quot;:&quot;no&quot;}\" data-widget_type=\"text-editor.default\">\n\t\t\t\t<div class=\"elementor-widget-container\">\n\t\t\t\t\t\t\t\t\t<p>Le logiciel d&#8217;entrep\u00f4t 1Tool vous aide \u00e0 organiser vos stocks de mani\u00e8re professionnelle et constitue un soutien id\u00e9al lorsqu&#8217;il s&#8217;agit d&#8217;optimiser vos processus de gestion des marchandises.<\/p>\t\t\t\t\t\t\t\t<\/div>\n\t\t\t\t<\/div>\n\t\t\t\t<section class=\"elementor-section elementor-inner-section elementor-element elementor-element-e9c3884 elementor-section-boxed elementor-section-height-default elementor-section-height-default shadepro-adv-gradient-no shadepro-sticky-no\" data-id=\"e9c3884\" data-element_type=\"section\" data-e-type=\"section\" data-settings=\"{&quot;shadepro_sticky&quot;:&quot;no&quot;}\">\n\t\t\t\t\t\t<div class=\"elementor-container elementor-column-gap-default\">\n\t\t\t\t\t<div class=\"elementor-column elementor-col-100 elementor-inner-column elementor-element elementor-element-4549489\" data-id=\"4549489\" data-element_type=\"column\" data-e-type=\"column\">\n\t\t\t<div class=\"elementor-widget-wrap elementor-element-populated\">\n\t\t\t\t\t\t<div class=\"elementor-element elementor-element-2a115f0 shadepro-sticky-no elementor-widget elementor-widget-text-editor\" data-id=\"2a115f0\" data-element_type=\"widget\" data-e-type=\"widget\" data-settings=\"{&quot;shadepro_sticky&quot;:&quot;no&quot;}\" data-widget_type=\"text-editor.default\">\n\t\t\t\t<div class=\"elementor-widget-container\">\n\t\t\t\t\t\t\t\t\t<h3>Gestion simple de tous les sites de stockage<\/h3>\n<p>Qu&#8217;il s&#8217;agisse d&#8217;une petite ou moyenne entreprise ou d&#8217;une grande soci\u00e9t\u00e9, le <b>logiciel 1Tool CRM<\/b> permet aux entreprises de toutes tailles et de tous secteurs de g\u00e9rer divers emplacements de stockage. La cr\u00e9ation d&#8217;entrep\u00f4ts se fait dans le syst\u00e8me de gestion des marchandises par l&#8217;interm\u00e9diaire de contacts individuels. Ainsi, les contacts et les donn\u00e9es d&#8217;adresse de chaque entrep\u00f4t sont \u00e9galement visibles. Il est \u00e9galement possible de d\u00e9finir des entrep\u00f4ts principaux et des sous-entrep\u00f4ts, ce qui permet de voir d&#8217;un coup d&#8217;\u0153il comment les diff\u00e9rents sites de stockage sont reli\u00e9s entre eux.   <\/p>\n<p>La particularit\u00e9 de la&nbsp;<strong>1Tool Gestion des stocks<\/strong> par rapport aux programmes de gestion des stocks habituels est le lien avec d&#8217;autres modules du logiciel CRM. Cela signifie que vous cr\u00e9ez vos entrep\u00f4ts, enregistrez vos produits et d\u00e9finissez pour chacun d&#8217;entre eux les quantit\u00e9s de produits disponibles. Dans la  &nbsp;Pour <strong>la cr\u00e9ation d&#8217;une facture ou d&#8217;un bon d&#8217;achat <\/strong>, vous pouvez \u00e9galement d\u00e9finir le produit souhait\u00e9 et le stock d&#8217;o\u00f9 la quantit\u00e9 doit \u00eatre retir\u00e9e ou ajout\u00e9e en appuyant sur un bouton. Les donn\u00e9es sont ainsi automatiquement mises \u00e0 jour et vous n&#8217;avez pas \u00e0 les saisir vous-m\u00eame. <\/p>\n<p><\/p>\n<h4>Fonctionnalit\u00e9s de la gestion des stocks 1Tool<\/h4>\n<ul>\n<li>Cr\u00e9ation facile de vos emplacements de stockage<\/li>\n<li>Pr\u00e9sentation claire de vos produits disponibles dans chaque entrep\u00f4t individuel<\/li>\n<li>D\u00e9finition d&#8217;un niveau de stock minimum pour chaque entrep\u00f4t<\/li>\n<li>Un simple clic sur un achat suppl\u00e9mentaire et une augmentation automatique des stocks.<\/li>\n<li>Facilit\u00e9 de facturation lors de la vente de vos marchandises et r\u00e9duction automatique des stocks<\/li>\n<li>des remarques dans les factures sur les niveaux de stock inf\u00e9rieurs au minimum ou les quantit\u00e9s non disponibles<\/li>\n<li>Liste claire des achats et des ventes dans le journal<\/li>\n<li>R\u00e9alisation ais\u00e9e d&#8217;\u00e9critures de correction en cas de perte ou d&#8217;entr\u00e9es erron\u00e9es<\/li>\n<li>Suggestions de commande g\u00e9n\u00e9r\u00e9es automatiquement<\/li>\n<li>Repr\u00e9sentation d&#8217;une ou plusieurs \u00e9critures de correction \u00e0 un jour de r\u00e9f\u00e9rence donn\u00e9 via l&#8217;inventaire physique<\/li>\n<\/ul>\t\t\t\t\t\t\t\t<\/div>\n\t\t\t\t<\/div>\n\t\t\t\t\t<\/div>\n\t\t<\/div>\n\t\t\t\t\t<\/div>\n\t\t<\/section>\n\t\t\t\t\t<\/div>\n\t\t<\/div>\n\t\t\t\t\t<\/div>\n\t\t<\/section>\n\t\t\t\t<\/div>\n\t\t","protected":false},"excerpt":{"rendered":"<p>G\u00e9rer le stock Le logiciel d&#8217;entrep\u00f4t 1Tool vous aide \u00e0 organiser vos stocks de mani\u00e8re professionnelle et constitue un soutien id\u00e9al lorsqu&#8217;il s&#8217;agit d&#8217;optimiser vos processus de gestion des marchandises. Gestion simple de tous les sites de stockage Qu&#8217;il s&#8217;agisse d&#8217;une petite ou moyenne entreprise ou d&#8217;une grande soci\u00e9t\u00e9, le logiciel 1Tool CRM permet aux [&hellip;]<\/p>\n","protected":false},"author":1,"featured_media":0,"parent":79045,"menu_order":0,"comment_status":"closed","ping_status":"closed","template":"","meta":{"inline_featured_image":false,"footnotes":""},"class_list":["post-78913","page","type-page","status-publish","hentry"],"acf":[],"yoast_head":"<!-- This site is optimized with the Yoast SEO plugin v27.5 - https:\/\/yoast.com\/product\/yoast-seo-wordpress\/ -->\n<title>G\u00e9rer le stock - 1Tool<\/title>\n<meta name=\"robots\" content=\"index, follow, max-snippet:-1, max-image-preview:large, max-video-preview:-1\" \/>\n<link rel=\"canonical\" href=\"https:\/\/www.1tool.com\/fr\/modules\/gestion-des-marchandises-boutique\/gestion-des-stocks\/fonctions-du-module-de-gestion-dentrepot\/gerer-le-stock\/\" \/>\n<meta property=\"og:locale\" content=\"fr_FR\" \/>\n<meta property=\"og:type\" content=\"article\" \/>\n<meta property=\"og:title\" content=\"G\u00e9rer le stock - 1Tool\" \/>\n<meta property=\"og:description\" content=\"G\u00e9rer le stock Le logiciel d&#8217;entrep\u00f4t 1Tool vous aide \u00e0 organiser vos stocks de mani\u00e8re professionnelle et constitue un soutien id\u00e9al lorsqu&#8217;il s&#8217;agit d&#8217;optimiser vos processus de gestion des marchandises. Gestion simple de tous les sites de stockage Qu&#8217;il s&#8217;agisse d&#8217;une petite ou moyenne entreprise ou d&#8217;une grande soci\u00e9t\u00e9, le logiciel 1Tool CRM permet aux [&hellip;]\" \/>\n<meta property=\"og:url\" content=\"https:\/\/www.1tool.com\/fr\/modules\/gestion-des-marchandises-boutique\/gestion-des-stocks\/fonctions-du-module-de-gestion-dentrepot\/gerer-le-stock\/\" \/>\n<meta property=\"og:site_name\" content=\"1Tool\" \/>\n<meta property=\"article:modified_time\" content=\"2026-05-07T12:59:29+00:00\" \/>\n<meta name=\"twitter:card\" content=\"summary_large_image\" \/>\n<meta name=\"twitter:label1\" content=\"Dur\u00e9e de lecture estim\u00e9e\" \/>\n\t<meta name=\"twitter:data1\" content=\"2 minutes\" \/>\n<script type=\"application\/ld+json\" class=\"yoast-schema-graph\">{\"@context\":\"https:\\\/\\\/schema.org\",\"@graph\":[{\"@type\":\"WebPage\",\"@id\":\"https:\\\/\\\/www.1tool.com\\\/fr\\\/modules\\\/gestion-des-marchandises-boutique\\\/gestion-des-stocks\\\/fonctions-du-module-de-gestion-dentrepot\\\/gerer-le-stock\\\/\",\"url\":\"https:\\\/\\\/www.1tool.com\\\/fr\\\/modules\\\/gestion-des-marchandises-boutique\\\/gestion-des-stocks\\\/fonctions-du-module-de-gestion-dentrepot\\\/gerer-le-stock\\\/\",\"name\":\"G\u00e9rer le stock - 1Tool\",\"isPartOf\":{\"@id\":\"https:\\\/\\\/www.1tool.com\\\/fr\\\/#website\"},\"datePublished\":\"2022-03-30T16:11:24+00:00\",\"dateModified\":\"2026-05-07T12:59:29+00:00\",\"breadcrumb\":{\"@id\":\"https:\\\/\\\/www.1tool.com\\\/fr\\\/modules\\\/gestion-des-marchandises-boutique\\\/gestion-des-stocks\\\/fonctions-du-module-de-gestion-dentrepot\\\/gerer-le-stock\\\/#breadcrumb\"},\"inLanguage\":\"fr-FR\",\"potentialAction\":[{\"@type\":\"ReadAction\",\"target\":[\"https:\\\/\\\/www.1tool.com\\\/fr\\\/modules\\\/gestion-des-marchandises-boutique\\\/gestion-des-stocks\\\/fonctions-du-module-de-gestion-dentrepot\\\/gerer-le-stock\\\/\"]}]},{\"@type\":\"BreadcrumbList\",\"@id\":\"https:\\\/\\\/www.1tool.com\\\/fr\\\/modules\\\/gestion-des-marchandises-boutique\\\/gestion-des-stocks\\\/fonctions-du-module-de-gestion-dentrepot\\\/gerer-le-stock\\\/#breadcrumb\",\"itemListElement\":[{\"@type\":\"ListItem\",\"position\":1,\"name\":\"Home\",\"item\":\"https:\\\/\\\/www.1tool.com\\\/fr\\\/\"},{\"@type\":\"ListItem\",\"position\":2,\"name\":\"Modules\",\"item\":\"https:\\\/\\\/www.1tool.com\\\/fr\\\/module\\\/\"},{\"@type\":\"ListItem\",\"position\":3,\"name\":\"Gestion des marchandises &amp; boutique\",\"item\":\"https:\\\/\\\/www.1tool.com\\\/fr\\\/modules\\\/gestion-des-marchandises-boutique\\\/\"},{\"@type\":\"ListItem\",\"position\":4,\"name\":\"Gestion des stocks\",\"item\":\"https:\\\/\\\/www.1tool.com\\\/fr\\\/modules\\\/gestion-des-marchandises-boutique\\\/gestion-des-stocks\\\/\"},{\"@type\":\"ListItem\",\"position\":5,\"name\":\"Fonctions du module de gestion d&#8217;entrep\u00f4t\",\"item\":\"https:\\\/\\\/www.1tool.com\\\/fr\\\/modules\\\/gestion-des-marchandises-boutique\\\/gestion-des-stocks\\\/fonctions-du-module-de-gestion-dentrepot\\\/\"},{\"@type\":\"ListItem\",\"position\":6,\"name\":\"G\u00e9rer le stock\"}]},{\"@type\":\"WebSite\",\"@id\":\"https:\\\/\\\/www.1tool.com\\\/fr\\\/#website\",\"url\":\"https:\\\/\\\/www.1tool.com\\\/fr\\\/\",\"name\":\"1Tool\",\"description\":\"CRM\",\"publisher\":{\"@id\":\"https:\\\/\\\/www.1tool.com\\\/fr\\\/#organization\"},\"potentialAction\":[{\"@type\":\"SearchAction\",\"target\":{\"@type\":\"EntryPoint\",\"urlTemplate\":\"https:\\\/\\\/www.1tool.com\\\/fr\\\/?s={search_term_string}\"},\"query-input\":{\"@type\":\"PropertyValueSpecification\",\"valueRequired\":true,\"valueName\":\"search_term_string\"}}],\"inLanguage\":\"fr-FR\"},{\"@type\":\"Organization\",\"@id\":\"https:\\\/\\\/www.1tool.com\\\/fr\\\/#organization\",\"name\":\"1Tool\",\"url\":\"https:\\\/\\\/www.1tool.com\\\/fr\\\/\",\"logo\":{\"@type\":\"ImageObject\",\"inLanguage\":\"fr-FR\",\"@id\":\"https:\\\/\\\/www.1tool.com\\\/fr\\\/#\\\/schema\\\/logo\\\/image\\\/\",\"url\":\"https:\\\/\\\/www.1tool.com\\\/wp-content\\\/uploads\\\/2022\\\/04\\\/1tool-1.png\",\"contentUrl\":\"https:\\\/\\\/www.1tool.com\\\/wp-content\\\/uploads\\\/2022\\\/04\\\/1tool-1.png\",\"width\":400,\"height\":150,\"caption\":\"1Tool\"},\"image\":{\"@id\":\"https:\\\/\\\/www.1tool.com\\\/fr\\\/#\\\/schema\\\/logo\\\/image\\\/\"}}]}<\/script>\n<!-- \/ Yoast SEO plugin. -->","yoast_head_json":{"title":"G\u00e9rer le stock - 1Tool","robots":{"index":"index","follow":"follow","max-snippet":"max-snippet:-1","max-image-preview":"max-image-preview:large","max-video-preview":"max-video-preview:-1"},"canonical":"https:\/\/www.1tool.com\/fr\/modules\/gestion-des-marchandises-boutique\/gestion-des-stocks\/fonctions-du-module-de-gestion-dentrepot\/gerer-le-stock\/","og_locale":"fr_FR","og_type":"article","og_title":"G\u00e9rer le stock - 1Tool","og_description":"G\u00e9rer le stock Le logiciel d&#8217;entrep\u00f4t 1Tool vous aide \u00e0 organiser vos stocks de mani\u00e8re professionnelle et constitue un soutien id\u00e9al lorsqu&#8217;il s&#8217;agit d&#8217;optimiser vos processus de gestion des marchandises. Gestion simple de tous les sites de stockage Qu&#8217;il s&#8217;agisse d&#8217;une petite ou moyenne entreprise ou d&#8217;une grande soci\u00e9t\u00e9, le logiciel 1Tool CRM permet aux [&hellip;]","og_url":"https:\/\/www.1tool.com\/fr\/modules\/gestion-des-marchandises-boutique\/gestion-des-stocks\/fonctions-du-module-de-gestion-dentrepot\/gerer-le-stock\/","og_site_name":"1Tool","article_modified_time":"2026-05-07T12:59:29+00:00","twitter_card":"summary_large_image","twitter_misc":{"Dur\u00e9e de lecture estim\u00e9e":"2 minutes"},"schema":{"@context":"https:\/\/schema.org","@graph":[{"@type":"WebPage","@id":"https:\/\/www.1tool.com\/fr\/modules\/gestion-des-marchandises-boutique\/gestion-des-stocks\/fonctions-du-module-de-gestion-dentrepot\/gerer-le-stock\/","url":"https:\/\/www.1tool.com\/fr\/modules\/gestion-des-marchandises-boutique\/gestion-des-stocks\/fonctions-du-module-de-gestion-dentrepot\/gerer-le-stock\/","name":"G\u00e9rer le stock - 1Tool","isPartOf":{"@id":"https:\/\/www.1tool.com\/fr\/#website"},"datePublished":"2022-03-30T16:11:24+00:00","dateModified":"2026-05-07T12:59:29+00:00","breadcrumb":{"@id":"https:\/\/www.1tool.com\/fr\/modules\/gestion-des-marchandises-boutique\/gestion-des-stocks\/fonctions-du-module-de-gestion-dentrepot\/gerer-le-stock\/#breadcrumb"},"inLanguage":"fr-FR","potentialAction":[{"@type":"ReadAction","target":["https:\/\/www.1tool.com\/fr\/modules\/gestion-des-marchandises-boutique\/gestion-des-stocks\/fonctions-du-module-de-gestion-dentrepot\/gerer-le-stock\/"]}]},{"@type":"BreadcrumbList","@id":"https:\/\/www.1tool.com\/fr\/modules\/gestion-des-marchandises-boutique\/gestion-des-stocks\/fonctions-du-module-de-gestion-dentrepot\/gerer-le-stock\/#breadcrumb","itemListElement":[{"@type":"ListItem","position":1,"name":"Home","item":"https:\/\/www.1tool.com\/fr\/"},{"@type":"ListItem","position":2,"name":"Modules","item":"https:\/\/www.1tool.com\/fr\/module\/"},{"@type":"ListItem","position":3,"name":"Gestion des marchandises &amp; boutique","item":"https:\/\/www.1tool.com\/fr\/modules\/gestion-des-marchandises-boutique\/"},{"@type":"ListItem","position":4,"name":"Gestion des stocks","item":"https:\/\/www.1tool.com\/fr\/modules\/gestion-des-marchandises-boutique\/gestion-des-stocks\/"},{"@type":"ListItem","position":5,"name":"Fonctions du module de gestion d&#8217;entrep\u00f4t","item":"https:\/\/www.1tool.com\/fr\/modules\/gestion-des-marchandises-boutique\/gestion-des-stocks\/fonctions-du-module-de-gestion-dentrepot\/"},{"@type":"ListItem","position":6,"name":"G\u00e9rer le stock"}]},{"@type":"WebSite","@id":"https:\/\/www.1tool.com\/fr\/#website","url":"https:\/\/www.1tool.com\/fr\/","name":"1Tool","description":"CRM","publisher":{"@id":"https:\/\/www.1tool.com\/fr\/#organization"},"potentialAction":[{"@type":"SearchAction","target":{"@type":"EntryPoint","urlTemplate":"https:\/\/www.1tool.com\/fr\/?s={search_term_string}"},"query-input":{"@type":"PropertyValueSpecification","valueRequired":true,"valueName":"search_term_string"}}],"inLanguage":"fr-FR"},{"@type":"Organization","@id":"https:\/\/www.1tool.com\/fr\/#organization","name":"1Tool","url":"https:\/\/www.1tool.com\/fr\/","logo":{"@type":"ImageObject","inLanguage":"fr-FR","@id":"https:\/\/www.1tool.com\/fr\/#\/schema\/logo\/image\/","url":"https:\/\/www.1tool.com\/wp-content\/uploads\/2022\/04\/1tool-1.png","contentUrl":"https:\/\/www.1tool.com\/wp-content\/uploads\/2022\/04\/1tool-1.png","width":400,"height":150,"caption":"1Tool"},"image":{"@id":"https:\/\/www.1tool.com\/fr\/#\/schema\/logo\/image\/"}}]}},"_links":{"self":[{"href":"https:\/\/www.1tool.com\/fr\/wp-json\/wp\/v2\/pages\/78913","targetHints":{"allow":["GET"]}}],"collection":[{"href":"https:\/\/www.1tool.com\/fr\/wp-json\/wp\/v2\/pages"}],"about":[{"href":"https:\/\/www.1tool.com\/fr\/wp-json\/wp\/v2\/types\/page"}],"author":[{"embeddable":true,"href":"https:\/\/www.1tool.com\/fr\/wp-json\/wp\/v2\/users\/1"}],"replies":[{"embeddable":true,"href":"https:\/\/www.1tool.com\/fr\/wp-json\/wp\/v2\/comments?post=78913"}],"version-history":[{"count":1,"href":"https:\/\/www.1tool.com\/fr\/wp-json\/wp\/v2\/pages\/78913\/revisions"}],"predecessor-version":[{"id":78915,"href":"https:\/\/www.1tool.com\/fr\/wp-json\/wp\/v2\/pages\/78913\/revisions\/78915"}],"up":[{"embeddable":true,"href":"https:\/\/www.1tool.com\/fr\/wp-json\/wp\/v2\/pages\/79045"}],"wp:attachment":[{"href":"https:\/\/www.1tool.com\/fr\/wp-json\/wp\/v2\/media?parent=78913"}],"curies":[{"name":"wp","href":"https:\/\/api.w.org\/{rel}","templated":true}]}}