{"id":78919,"date":"2022-03-30T18:08:52","date_gmt":"2022-03-30T16:08:52","guid":{"rendered":"https:\/\/www.1tool.com\/inventaire-ecritures-de-correction\/"},"modified":"2026-05-07T14:59:29","modified_gmt":"2026-05-07T12:59:29","slug":"inventaire-ecritures-de-correction","status":"publish","type":"page","link":"https:\/\/www.1tool.com\/fr\/modules\/gestion-des-marchandises-boutique\/gestion-des-stocks\/fonctions-du-module-de-gestion-dentrepot\/inventaire-ecritures-de-correction\/","title":{"rendered":"Inventaire\/\u00c9critures de correction"},"content":{"rendered":"\t\t<div data-elementor-type=\"wp-page\" data-elementor-id=\"78919\" class=\"elementor elementor-78919 elementor-49359\" data-elementor-post-type=\"page\">\n\t\t\t\t\t\t<section class=\"elementor-section elementor-top-section elementor-element elementor-element-b2fdeec elementor-section-boxed elementor-section-height-default elementor-section-height-default shadepro-adv-gradient-no shadepro-sticky-no\" data-id=\"b2fdeec\" data-element_type=\"section\" data-e-type=\"section\" data-settings=\"{&quot;shadepro_sticky&quot;:&quot;no&quot;}\">\n\t\t\t\t\t\t<div class=\"elementor-container elementor-column-gap-default\">\n\t\t\t\t\t<div class=\"elementor-column elementor-col-100 elementor-top-column elementor-element elementor-element-daab147\" data-id=\"daab147\" data-element_type=\"column\" data-e-type=\"column\">\n\t\t\t<div class=\"elementor-widget-wrap elementor-element-populated\">\n\t\t\t\t\t\t<div class=\"elementor-element elementor-element-4597265 shadepro-sticky-no elementor-widget elementor-widget-heading\" data-id=\"4597265\" data-element_type=\"widget\" data-e-type=\"widget\" data-settings=\"{&quot;shadepro_sticky&quot;:&quot;no&quot;}\" data-widget_type=\"heading.default\">\n\t\t\t\t<div class=\"elementor-widget-container\">\n\t\t\t\t\t<h1 class=\"elementor-heading-title elementor-size-default\">Inventaire\/\u00c9critures de correction<\/h1>\t\t\t\t<\/div>\n\t\t\t\t<\/div>\n\t\t\t\t<div class=\"elementor-element elementor-element-16e7b51 shadepro-sticky-no elementor-widget elementor-widget-text-editor\" data-id=\"16e7b51\" data-element_type=\"widget\" data-e-type=\"widget\" data-settings=\"{&quot;shadepro_sticky&quot;:&quot;no&quot;}\" data-widget_type=\"text-editor.default\">\n\t\t\t\t<div class=\"elementor-widget-container\">\n\t\t\t\t\t\t\t\t\t<p>Contr\u00f4lez toutes les entr\u00e9es et sorties de marchandises avec le journal 1Tool.<\/p>\t\t\t\t\t\t\t\t<\/div>\n\t\t\t\t<\/div>\n\t\t\t\t<section class=\"elementor-section elementor-inner-section elementor-element elementor-element-e0bf116 elementor-section-boxed elementor-section-height-default elementor-section-height-default shadepro-adv-gradient-no shadepro-sticky-no\" data-id=\"e0bf116\" data-element_type=\"section\" data-e-type=\"section\" data-settings=\"{&quot;shadepro_sticky&quot;:&quot;no&quot;}\">\n\t\t\t\t\t\t<div class=\"elementor-container elementor-column-gap-default\">\n\t\t\t\t\t<div class=\"elementor-column elementor-col-100 elementor-inner-column elementor-element elementor-element-ccb7067\" data-id=\"ccb7067\" data-element_type=\"column\" data-e-type=\"column\">\n\t\t\t<div class=\"elementor-widget-wrap elementor-element-populated\">\n\t\t\t\t\t\t<div class=\"elementor-element elementor-element-37a99a3 shadepro-sticky-no elementor-widget elementor-widget-text-editor\" data-id=\"37a99a3\" data-element_type=\"widget\" data-e-type=\"widget\" data-settings=\"{&quot;shadepro_sticky&quot;:&quot;no&quot;}\" data-widget_type=\"text-editor.default\">\n\t\t\t\t<div class=\"elementor-widget-container\">\n\t\t\t\t\t\t\t\t\t<h3>Une vision pr\u00e9cise de tous les processus de stockage<\/h3><p>Le journal de gestion des marchandises offre une liste claire de vos achats, ventes et \u00e9critures de correction par date. Vous pouvez contr\u00f4ler exactement quels produits, quantit\u00e9s et stocks ont \u00e9t\u00e9 concern\u00e9s par la transaction. <\/p><p>En outre, le logiciel d&#8217;entrep\u00f4t permet \u00e9galement d&#8217;effectuer directement une \u00e9criture de correction. Celle-ci peut \u00eatre cr\u00e9\u00e9e en tant que sortie, par exemple en cas de perte, ou en tant qu&#8217;entr\u00e9e (saisie erron\u00e9e lors d&#8217;un achat suppl\u00e9mentaire). Enfin, la fonction d&#8217;inventaire du syst\u00e8me de gestion des stocks permet de cr\u00e9er une ou plusieurs \u00e9critures de correction \u00e0 une date donn\u00e9e. L\u00e0 encore, le lien entre les diff\u00e9rentes fonctionnalit\u00e9s de la gestion des stocks se fait sentir, puisque toute modification de l&#8217;\u00e9tat des stocks au cours de l&#8217;inventaire entra\u00eene une inscription automatique dans le journal.   <\/p><p>Consultez <em>notre manuel pour plus de d\u00e9tails sur le <strong><a href=\"https:\/\/www.1tool.com\/manual\/warenwirtschaft\/journal\/\" target=\"_blank\" rel=\"noreferrer noopener\">journal <\/a><\/strong>, l&#8217;<a href=\"https:\/\/www.1tool.com\/manual\/warenwirtschaft\/inventur\/\" target=\"_blank\" rel=\"noreferrer noopener\"><strong>inventaire<\/strong> et <\/a>l&#8217;ex\u00e9cution d&#8217;une <strong><a href=\"https:\/\/www.1tool.com\/manual\/warenwirtschaft\/korrekturbuchung\/\" target=\"_blank\" rel=\"noreferrer noopener\">\u00e9criture de correction<\/a><\/strong><\/em>.<\/p>\t\t\t\t\t\t\t\t<\/div>\n\t\t\t\t<\/div>\n\t\t\t\t\t<\/div>\n\t\t<\/div>\n\t\t\t\t\t<\/div>\n\t\t<\/section>\n\t\t\t\t\t<\/div>\n\t\t<\/div>\n\t\t\t\t\t<\/div>\n\t\t<\/section>\n\t\t\t\t<\/div>\n\t\t","protected":false},"excerpt":{"rendered":"<p>Inventaire\/\u00c9critures de correction Contr\u00f4lez toutes les entr\u00e9es et sorties de marchandises avec le journal 1Tool. Une vision pr\u00e9cise de tous les processus de stockage Le journal de gestion des marchandises offre une liste claire de vos achats, ventes et \u00e9critures de correction par date. Vous pouvez contr\u00f4ler exactement quels produits, quantit\u00e9s et stocks ont \u00e9t\u00e9 [&hellip;]<\/p>\n","protected":false},"author":1,"featured_media":0,"parent":79045,"menu_order":0,"comment_status":"closed","ping_status":"closed","template":"","meta":{"inline_featured_image":false,"footnotes":""},"class_list":["post-78919","page","type-page","status-publish","hentry"],"acf":[],"yoast_head":"<!-- This site is optimized with the Yoast SEO plugin v27.5 - https:\/\/yoast.com\/product\/yoast-seo-wordpress\/ -->\n<title>Inventaire\/\u00c9critures de correction - 1Tool<\/title>\n<meta name=\"robots\" content=\"index, follow, max-snippet:-1, max-image-preview:large, max-video-preview:-1\" \/>\n<link rel=\"canonical\" href=\"https:\/\/www.1tool.com\/fr\/modules\/gestion-des-marchandises-boutique\/gestion-des-stocks\/fonctions-du-module-de-gestion-dentrepot\/inventaire-ecritures-de-correction\/\" \/>\n<meta property=\"og:locale\" content=\"fr_FR\" \/>\n<meta property=\"og:type\" content=\"article\" \/>\n<meta property=\"og:title\" content=\"Inventaire\/\u00c9critures de correction - 1Tool\" \/>\n<meta property=\"og:description\" content=\"Inventaire\/\u00c9critures de correction Contr\u00f4lez toutes les entr\u00e9es et sorties de marchandises avec le journal 1Tool. Une vision pr\u00e9cise de tous les processus de stockage Le journal de gestion des marchandises offre une liste claire de vos achats, ventes et \u00e9critures de correction par date. Vous pouvez contr\u00f4ler exactement quels produits, quantit\u00e9s et stocks ont \u00e9t\u00e9 [&hellip;]\" \/>\n<meta property=\"og:url\" content=\"https:\/\/www.1tool.com\/fr\/modules\/gestion-des-marchandises-boutique\/gestion-des-stocks\/fonctions-du-module-de-gestion-dentrepot\/inventaire-ecritures-de-correction\/\" \/>\n<meta property=\"og:site_name\" content=\"1Tool\" \/>\n<meta property=\"article:modified_time\" content=\"2026-05-07T12:59:29+00:00\" \/>\n<meta name=\"twitter:card\" content=\"summary_large_image\" \/>\n<meta name=\"twitter:label1\" content=\"Dur\u00e9e de lecture estim\u00e9e\" \/>\n\t<meta name=\"twitter:data1\" content=\"1 minute\" \/>\n<script type=\"application\/ld+json\" class=\"yoast-schema-graph\">{\"@context\":\"https:\\\/\\\/schema.org\",\"@graph\":[{\"@type\":\"WebPage\",\"@id\":\"https:\\\/\\\/www.1tool.com\\\/fr\\\/modules\\\/gestion-des-marchandises-boutique\\\/gestion-des-stocks\\\/fonctions-du-module-de-gestion-dentrepot\\\/inventaire-ecritures-de-correction\\\/\",\"url\":\"https:\\\/\\\/www.1tool.com\\\/fr\\\/modules\\\/gestion-des-marchandises-boutique\\\/gestion-des-stocks\\\/fonctions-du-module-de-gestion-dentrepot\\\/inventaire-ecritures-de-correction\\\/\",\"name\":\"Inventaire\\\/\u00c9critures de correction - 1Tool\",\"isPartOf\":{\"@id\":\"https:\\\/\\\/www.1tool.com\\\/fr\\\/#website\"},\"datePublished\":\"2022-03-30T16:08:52+00:00\",\"dateModified\":\"2026-05-07T12:59:29+00:00\",\"breadcrumb\":{\"@id\":\"https:\\\/\\\/www.1tool.com\\\/fr\\\/modules\\\/gestion-des-marchandises-boutique\\\/gestion-des-stocks\\\/fonctions-du-module-de-gestion-dentrepot\\\/inventaire-ecritures-de-correction\\\/#breadcrumb\"},\"inLanguage\":\"fr-FR\",\"potentialAction\":[{\"@type\":\"ReadAction\",\"target\":[\"https:\\\/\\\/www.1tool.com\\\/fr\\\/modules\\\/gestion-des-marchandises-boutique\\\/gestion-des-stocks\\\/fonctions-du-module-de-gestion-dentrepot\\\/inventaire-ecritures-de-correction\\\/\"]}]},{\"@type\":\"BreadcrumbList\",\"@id\":\"https:\\\/\\\/www.1tool.com\\\/fr\\\/modules\\\/gestion-des-marchandises-boutique\\\/gestion-des-stocks\\\/fonctions-du-module-de-gestion-dentrepot\\\/inventaire-ecritures-de-correction\\\/#breadcrumb\",\"itemListElement\":[{\"@type\":\"ListItem\",\"position\":1,\"name\":\"Home\",\"item\":\"https:\\\/\\\/www.1tool.com\\\/fr\\\/\"},{\"@type\":\"ListItem\",\"position\":2,\"name\":\"Modules\",\"item\":\"https:\\\/\\\/www.1tool.com\\\/fr\\\/module\\\/\"},{\"@type\":\"ListItem\",\"position\":3,\"name\":\"Gestion des marchandises &amp; boutique\",\"item\":\"https:\\\/\\\/www.1tool.com\\\/fr\\\/modules\\\/gestion-des-marchandises-boutique\\\/\"},{\"@type\":\"ListItem\",\"position\":4,\"name\":\"Gestion des stocks\",\"item\":\"https:\\\/\\\/www.1tool.com\\\/fr\\\/modules\\\/gestion-des-marchandises-boutique\\\/gestion-des-stocks\\\/\"},{\"@type\":\"ListItem\",\"position\":5,\"name\":\"Fonctions du module de gestion d&#8217;entrep\u00f4t\",\"item\":\"https:\\\/\\\/www.1tool.com\\\/fr\\\/modules\\\/gestion-des-marchandises-boutique\\\/gestion-des-stocks\\\/fonctions-du-module-de-gestion-dentrepot\\\/\"},{\"@type\":\"ListItem\",\"position\":6,\"name\":\"Inventaire\\\/\u00c9critures de correction\"}]},{\"@type\":\"WebSite\",\"@id\":\"https:\\\/\\\/www.1tool.com\\\/fr\\\/#website\",\"url\":\"https:\\\/\\\/www.1tool.com\\\/fr\\\/\",\"name\":\"1Tool\",\"description\":\"CRM\",\"publisher\":{\"@id\":\"https:\\\/\\\/www.1tool.com\\\/fr\\\/#organization\"},\"potentialAction\":[{\"@type\":\"SearchAction\",\"target\":{\"@type\":\"EntryPoint\",\"urlTemplate\":\"https:\\\/\\\/www.1tool.com\\\/fr\\\/?s={search_term_string}\"},\"query-input\":{\"@type\":\"PropertyValueSpecification\",\"valueRequired\":true,\"valueName\":\"search_term_string\"}}],\"inLanguage\":\"fr-FR\"},{\"@type\":\"Organization\",\"@id\":\"https:\\\/\\\/www.1tool.com\\\/fr\\\/#organization\",\"name\":\"1Tool\",\"url\":\"https:\\\/\\\/www.1tool.com\\\/fr\\\/\",\"logo\":{\"@type\":\"ImageObject\",\"inLanguage\":\"fr-FR\",\"@id\":\"https:\\\/\\\/www.1tool.com\\\/fr\\\/#\\\/schema\\\/logo\\\/image\\\/\",\"url\":\"https:\\\/\\\/www.1tool.com\\\/wp-content\\\/uploads\\\/2022\\\/04\\\/1tool-1.png\",\"contentUrl\":\"https:\\\/\\\/www.1tool.com\\\/wp-content\\\/uploads\\\/2022\\\/04\\\/1tool-1.png\",\"width\":400,\"height\":150,\"caption\":\"1Tool\"},\"image\":{\"@id\":\"https:\\\/\\\/www.1tool.com\\\/fr\\\/#\\\/schema\\\/logo\\\/image\\\/\"}}]}<\/script>\n<!-- \/ Yoast SEO plugin. -->","yoast_head_json":{"title":"Inventaire\/\u00c9critures de correction - 1Tool","robots":{"index":"index","follow":"follow","max-snippet":"max-snippet:-1","max-image-preview":"max-image-preview:large","max-video-preview":"max-video-preview:-1"},"canonical":"https:\/\/www.1tool.com\/fr\/modules\/gestion-des-marchandises-boutique\/gestion-des-stocks\/fonctions-du-module-de-gestion-dentrepot\/inventaire-ecritures-de-correction\/","og_locale":"fr_FR","og_type":"article","og_title":"Inventaire\/\u00c9critures de correction - 1Tool","og_description":"Inventaire\/\u00c9critures de correction Contr\u00f4lez toutes les entr\u00e9es et sorties de marchandises avec le journal 1Tool. Une vision pr\u00e9cise de tous les processus de stockage Le journal de gestion des marchandises offre une liste claire de vos achats, ventes et \u00e9critures de correction par date. Vous pouvez contr\u00f4ler exactement quels produits, quantit\u00e9s et stocks ont \u00e9t\u00e9 [&hellip;]","og_url":"https:\/\/www.1tool.com\/fr\/modules\/gestion-des-marchandises-boutique\/gestion-des-stocks\/fonctions-du-module-de-gestion-dentrepot\/inventaire-ecritures-de-correction\/","og_site_name":"1Tool","article_modified_time":"2026-05-07T12:59:29+00:00","twitter_card":"summary_large_image","twitter_misc":{"Dur\u00e9e de lecture estim\u00e9e":"1 minute"},"schema":{"@context":"https:\/\/schema.org","@graph":[{"@type":"WebPage","@id":"https:\/\/www.1tool.com\/fr\/modules\/gestion-des-marchandises-boutique\/gestion-des-stocks\/fonctions-du-module-de-gestion-dentrepot\/inventaire-ecritures-de-correction\/","url":"https:\/\/www.1tool.com\/fr\/modules\/gestion-des-marchandises-boutique\/gestion-des-stocks\/fonctions-du-module-de-gestion-dentrepot\/inventaire-ecritures-de-correction\/","name":"Inventaire\/\u00c9critures de correction - 1Tool","isPartOf":{"@id":"https:\/\/www.1tool.com\/fr\/#website"},"datePublished":"2022-03-30T16:08:52+00:00","dateModified":"2026-05-07T12:59:29+00:00","breadcrumb":{"@id":"https:\/\/www.1tool.com\/fr\/modules\/gestion-des-marchandises-boutique\/gestion-des-stocks\/fonctions-du-module-de-gestion-dentrepot\/inventaire-ecritures-de-correction\/#breadcrumb"},"inLanguage":"fr-FR","potentialAction":[{"@type":"ReadAction","target":["https:\/\/www.1tool.com\/fr\/modules\/gestion-des-marchandises-boutique\/gestion-des-stocks\/fonctions-du-module-de-gestion-dentrepot\/inventaire-ecritures-de-correction\/"]}]},{"@type":"BreadcrumbList","@id":"https:\/\/www.1tool.com\/fr\/modules\/gestion-des-marchandises-boutique\/gestion-des-stocks\/fonctions-du-module-de-gestion-dentrepot\/inventaire-ecritures-de-correction\/#breadcrumb","itemListElement":[{"@type":"ListItem","position":1,"name":"Home","item":"https:\/\/www.1tool.com\/fr\/"},{"@type":"ListItem","position":2,"name":"Modules","item":"https:\/\/www.1tool.com\/fr\/module\/"},{"@type":"ListItem","position":3,"name":"Gestion des marchandises &amp; boutique","item":"https:\/\/www.1tool.com\/fr\/modules\/gestion-des-marchandises-boutique\/"},{"@type":"ListItem","position":4,"name":"Gestion des stocks","item":"https:\/\/www.1tool.com\/fr\/modules\/gestion-des-marchandises-boutique\/gestion-des-stocks\/"},{"@type":"ListItem","position":5,"name":"Fonctions du module de gestion d&#8217;entrep\u00f4t","item":"https:\/\/www.1tool.com\/fr\/modules\/gestion-des-marchandises-boutique\/gestion-des-stocks\/fonctions-du-module-de-gestion-dentrepot\/"},{"@type":"ListItem","position":6,"name":"Inventaire\/\u00c9critures de correction"}]},{"@type":"WebSite","@id":"https:\/\/www.1tool.com\/fr\/#website","url":"https:\/\/www.1tool.com\/fr\/","name":"1Tool","description":"CRM","publisher":{"@id":"https:\/\/www.1tool.com\/fr\/#organization"},"potentialAction":[{"@type":"SearchAction","target":{"@type":"EntryPoint","urlTemplate":"https:\/\/www.1tool.com\/fr\/?s={search_term_string}"},"query-input":{"@type":"PropertyValueSpecification","valueRequired":true,"valueName":"search_term_string"}}],"inLanguage":"fr-FR"},{"@type":"Organization","@id":"https:\/\/www.1tool.com\/fr\/#organization","name":"1Tool","url":"https:\/\/www.1tool.com\/fr\/","logo":{"@type":"ImageObject","inLanguage":"fr-FR","@id":"https:\/\/www.1tool.com\/fr\/#\/schema\/logo\/image\/","url":"https:\/\/www.1tool.com\/wp-content\/uploads\/2022\/04\/1tool-1.png","contentUrl":"https:\/\/www.1tool.com\/wp-content\/uploads\/2022\/04\/1tool-1.png","width":400,"height":150,"caption":"1Tool"},"image":{"@id":"https:\/\/www.1tool.com\/fr\/#\/schema\/logo\/image\/"}}]}},"_links":{"self":[{"href":"https:\/\/www.1tool.com\/fr\/wp-json\/wp\/v2\/pages\/78919","targetHints":{"allow":["GET"]}}],"collection":[{"href":"https:\/\/www.1tool.com\/fr\/wp-json\/wp\/v2\/pages"}],"about":[{"href":"https:\/\/www.1tool.com\/fr\/wp-json\/wp\/v2\/types\/page"}],"author":[{"embeddable":true,"href":"https:\/\/www.1tool.com\/fr\/wp-json\/wp\/v2\/users\/1"}],"replies":[{"embeddable":true,"href":"https:\/\/www.1tool.com\/fr\/wp-json\/wp\/v2\/comments?post=78919"}],"version-history":[{"count":1,"href":"https:\/\/www.1tool.com\/fr\/wp-json\/wp\/v2\/pages\/78919\/revisions"}],"predecessor-version":[{"id":78922,"href":"https:\/\/www.1tool.com\/fr\/wp-json\/wp\/v2\/pages\/78919\/revisions\/78922"}],"up":[{"embeddable":true,"href":"https:\/\/www.1tool.com\/fr\/wp-json\/wp\/v2\/pages\/79045"}],"wp:attachment":[{"href":"https:\/\/www.1tool.com\/fr\/wp-json\/wp\/v2\/media?parent=78919"}],"curies":[{"name":"wp","href":"https:\/\/api.w.org\/{rel}","templated":true}]}}