{"id":78923,"date":"2022-03-30T18:05:57","date_gmt":"2022-03-30T16:05:57","guid":{"rendered":"https:\/\/www.1tool.com\/gestion-des-produits\/"},"modified":"2026-05-07T14:59:32","modified_gmt":"2026-05-07T12:59:32","slug":"gestion-des-produits","status":"publish","type":"page","link":"https:\/\/www.1tool.com\/fr\/modules\/gestion-des-marchandises-boutique\/produits\/fonctions-module-produit\/gestion-des-produits\/","title":{"rendered":"Gestion des produits"},"content":{"rendered":"\t\t<div data-elementor-type=\"wp-page\" data-elementor-id=\"78923\" class=\"elementor elementor-78923 elementor-49345\" data-elementor-post-type=\"page\">\n\t\t\t\t\t\t<section class=\"elementor-section elementor-top-section elementor-element elementor-element-44708eb elementor-section-boxed elementor-section-height-default elementor-section-height-default shadepro-adv-gradient-no shadepro-sticky-no\" data-id=\"44708eb\" data-element_type=\"section\" data-e-type=\"section\" data-settings=\"{&quot;shadepro_sticky&quot;:&quot;no&quot;}\">\n\t\t\t\t\t\t<div class=\"elementor-container elementor-column-gap-default\">\n\t\t\t\t\t<div class=\"elementor-column elementor-col-100 elementor-top-column elementor-element elementor-element-10972f2\" data-id=\"10972f2\" data-element_type=\"column\" data-e-type=\"column\">\n\t\t\t<div class=\"elementor-widget-wrap elementor-element-populated\">\n\t\t\t\t\t\t<div class=\"elementor-element elementor-element-d7bd610 shadepro-sticky-no elementor-widget elementor-widget-heading\" data-id=\"d7bd610\" data-element_type=\"widget\" data-e-type=\"widget\" data-settings=\"{&quot;shadepro_sticky&quot;:&quot;no&quot;}\" data-widget_type=\"heading.default\">\n\t\t\t\t<div class=\"elementor-widget-container\">\n\t\t\t\t\t<h1 class=\"elementor-heading-title elementor-size-default\">Gestion des produits<\/h1>\t\t\t\t<\/div>\n\t\t\t\t<\/div>\n\t\t\t\t<div class=\"elementor-element elementor-element-5cd0993 shadepro-sticky-no elementor-widget elementor-widget-text-editor\" data-id=\"5cd0993\" data-element_type=\"widget\" data-e-type=\"widget\" data-settings=\"{&quot;shadepro_sticky&quot;:&quot;no&quot;}\" data-widget_type=\"text-editor.default\">\n\t\t\t\t<div class=\"elementor-widget-container\">\n\t\t\t\t\t\t\t\t\t<p>La gestion des produits 1Tool prend en charge l&#8217;achat et la vente de marchandises et de produits d&#8217;abonnement.<\/p>\t\t\t\t\t\t\t\t<\/div>\n\t\t\t\t<\/div>\n\t\t\t\t<section class=\"elementor-section elementor-inner-section elementor-element elementor-element-e8e914c elementor-section-boxed elementor-section-height-default elementor-section-height-default shadepro-adv-gradient-no shadepro-sticky-no\" data-id=\"e8e914c\" data-element_type=\"section\" data-e-type=\"section\" data-settings=\"{&quot;shadepro_sticky&quot;:&quot;no&quot;}\">\n\t\t\t\t\t\t<div class=\"elementor-container elementor-column-gap-default\">\n\t\t\t\t\t<div class=\"elementor-column elementor-col-100 elementor-inner-column elementor-element elementor-element-27fc5d2\" data-id=\"27fc5d2\" data-element_type=\"column\" data-e-type=\"column\">\n\t\t\t<div class=\"elementor-widget-wrap elementor-element-populated\">\n\t\t\t\t\t\t<div class=\"elementor-element elementor-element-82d65e9 shadepro-sticky-no elementor-widget elementor-widget-text-editor\" data-id=\"82d65e9\" data-element_type=\"widget\" data-e-type=\"widget\" data-settings=\"{&quot;shadepro_sticky&quot;:&quot;no&quot;}\" data-widget_type=\"text-editor.default\">\n\t\t\t\t<div class=\"elementor-widget-container\">\n\t\t\t\t\t\t\t\t\t<h3>Une gestion professionnelle des produits comme base de distribution<\/h3><p>1Tool comprend une solution compl\u00e8te de gestion de produits qui vous permet de g\u00e9rer vos produits et groupes de produits de mani\u00e8re optimale. Au c\u0153ur du logiciel de vente, le gestionnaire de produits 1Tool joue un r\u00f4le central dans l&#8217;entreprise &#8211; les produits et les descriptions de services y sont cr\u00e9\u00e9s, les images des marchandises y sont t\u00e9l\u00e9charg\u00e9es et les prix et conditions de livraison y sont d\u00e9finis. L&#8217;objectif ne doit pas seulement \u00eatre la cr\u00e9ation d&#8217;un catalogue de produits complet, les donn\u00e9es du gestionnaire de produits servent \u00e9galement de base fondamentale aux autres modules du logiciel CRM, que ce soit pour la cr\u00e9ation de factures, de commandes ou la gestion du syst\u00e8me de gestion des marchandises.  <\/p><h3>Logiciel de gestion de produits performant<\/h3><p>L&#8217;utilisation d&#8217;un logiciel de gestion de produits comme 1Tool vous permet de structurer et d&#8217;organiser votre gestion de produits. Chacun de vos produits dispose de son propre dossier de produit num\u00e9rique dans lequel vous enregistrez les prix, les devises, les taux de taxe, les donn\u00e9es techniques (poids, dimensions, etc.) et les descriptions de produits orient\u00e9es client. Gr\u00e2ce \u00e0 l&#8217;acc\u00e8s web \u00e0 la gestion des produits 1Tool, les collaborateurs disposent \u00e0 tout moment et partout de donn\u00e9es produits actualis\u00e9es. Les commerciaux ne sont pas les seuls \u00e0 b\u00e9n\u00e9ficier du logiciel de gestion de produits. Les collaborateurs du marketing ou du service client peuvent \u00e9galement mieux r\u00e9pondre aux demandes des clients ou aux questions sur les produits dans le cadre des activit\u00e9s promotionnelles ou des demandes d&#8217;assistance.   <\/p><h4>G\u00e9rer les produits avec la fonction d&#8217;abonnement<\/h4><p>Gr\u00e2ce \u00e0 la fonction d&#8217;abonnement de la gestion des produits 1Tool, vous pouvez \u00e9galement g\u00e9rer facilement et confortablement les produits r\u00e9currents, tels que les contrats de maintenance ou les produits d&#8217;abonnement. Vous pouvez d\u00e9finir la p\u00e9riode de livraison de vos produits (mensuelle, annuelle ou trimestrielle). <\/p><p>En outre, le logiciel de gestion des produits permet de cr\u00e9er des produits combin\u00e9s, ce qui permet de g\u00e9rer de mani\u00e8re ludique des sets ou des packages.<\/p><h4>\u00c9valuations compl\u00e8tes des produits<\/h4><p>1Tool ne vous permet pas seulement de g\u00e9rer des produits, mais aussi de g\u00e9n\u00e9rer des rapports sur les ventes de produits et les objectifs de vente de mani\u00e8re tr\u00e8s simple avec le logiciel de gestion de produits CRM. Gr\u00e2ce aux rapports automatis\u00e9s, vous pouvez identifier d&#8217;un coup d&#8217;\u0153il vos produits les plus vendus et les promouvoir dans vos campagnes de marketing. <\/p><h3>Autres avantages de la gestion des produits 1Tool<\/h3><ul><li>Int\u00e9gration de la gestion des produits dans votre boutique en ligne<\/li><li>Gestion claire des produits gr\u00e2ce aux groupes de marchandises<\/li><li>Possibilit\u00e9 de multilinguisme ou de traduction des produits pour la vente internationale<\/li><li>Les remises, les taux d&#8217;imposition, etc. peuvent \u00eatre d\u00e9finis individuellement pour chaque produit.<\/li><li>Importation\/exportation facile de produits \u00e0 partir de fichiers Excel<\/li><li>Enregistrement des quantit\u00e9s disponibles, des emplacements de stockage et des stocks minimums pour la gestion des marchandises<\/li><li>Statut individuel des produits pour diff\u00e9rentes plates-formes (actif, inactif, action, etc.)<\/li><li>Possibilit\u00e9 de g\u00e9n\u00e9rer un code QR<\/li><\/ul><p>Pour vous donner un meilleur aper\u00e7u des fonctions de notre gestion de produits 1Tool, vous avez la possibilit\u00e9 d&#8217;essayer le logiciel gratuitement. Constatez par vous-m\u00eame les nombreux avantages ! <\/p><p><a href=\"https:\/\/demo.1tool.com\/de\">Tester gratuitement la gestion des produits<\/a>.<\/p>\t\t\t\t\t\t\t\t<\/div>\n\t\t\t\t<\/div>\n\t\t\t\t\t<\/div>\n\t\t<\/div>\n\t\t\t\t\t<\/div>\n\t\t<\/section>\n\t\t\t\t\t<\/div>\n\t\t<\/div>\n\t\t\t\t\t<\/div>\n\t\t<\/section>\n\t\t\t\t<\/div>\n\t\t","protected":false},"excerpt":{"rendered":"<p>Gestion des produits La gestion des produits 1Tool prend en charge l&#8217;achat et la vente de marchandises et de produits d&#8217;abonnement. Une gestion professionnelle des produits comme base de distribution 1Tool comprend une solution compl\u00e8te de gestion de produits qui vous permet de g\u00e9rer vos produits et groupes de produits de mani\u00e8re optimale. Au c\u0153ur [&hellip;]<\/p>\n","protected":false},"author":1,"featured_media":0,"parent":79052,"menu_order":0,"comment_status":"closed","ping_status":"closed","template":"","meta":{"inline_featured_image":false,"footnotes":""},"class_list":["post-78923","page","type-page","status-publish","hentry"],"acf":[],"yoast_head":"<!-- This site is optimized with the Yoast SEO plugin v27.5 - https:\/\/yoast.com\/product\/yoast-seo-wordpress\/ -->\n<title>Gestion des produits - 1Tool<\/title>\n<meta name=\"robots\" content=\"index, follow, max-snippet:-1, max-image-preview:large, max-video-preview:-1\" \/>\n<link rel=\"canonical\" href=\"https:\/\/www.1tool.com\/fr\/modules\/gestion-des-marchandises-boutique\/produits\/fonctions-module-produit\/gestion-des-produits\/\" \/>\n<meta property=\"og:locale\" content=\"fr_FR\" \/>\n<meta property=\"og:type\" content=\"article\" \/>\n<meta property=\"og:title\" content=\"Gestion des produits - 1Tool\" \/>\n<meta property=\"og:description\" content=\"Gestion des produits La gestion des produits 1Tool prend en charge l&#8217;achat et la vente de marchandises et de produits d&#8217;abonnement. Une gestion professionnelle des produits comme base de distribution 1Tool comprend une solution compl\u00e8te de gestion de produits qui vous permet de g\u00e9rer vos produits et groupes de produits de mani\u00e8re optimale. Au c\u0153ur [&hellip;]\" \/>\n<meta property=\"og:url\" content=\"https:\/\/www.1tool.com\/fr\/modules\/gestion-des-marchandises-boutique\/produits\/fonctions-module-produit\/gestion-des-produits\/\" \/>\n<meta property=\"og:site_name\" content=\"1Tool\" \/>\n<meta property=\"article:modified_time\" content=\"2026-05-07T12:59:32+00:00\" \/>\n<meta name=\"twitter:card\" content=\"summary_large_image\" \/>\n<meta name=\"twitter:label1\" content=\"Dur\u00e9e de lecture estim\u00e9e\" \/>\n\t<meta name=\"twitter:data1\" content=\"3 minutes\" \/>\n<script type=\"application\/ld+json\" class=\"yoast-schema-graph\">{\"@context\":\"https:\\\/\\\/schema.org\",\"@graph\":[{\"@type\":\"WebPage\",\"@id\":\"https:\\\/\\\/www.1tool.com\\\/fr\\\/modules\\\/gestion-des-marchandises-boutique\\\/produits\\\/fonctions-module-produit\\\/gestion-des-produits\\\/\",\"url\":\"https:\\\/\\\/www.1tool.com\\\/fr\\\/modules\\\/gestion-des-marchandises-boutique\\\/produits\\\/fonctions-module-produit\\\/gestion-des-produits\\\/\",\"name\":\"Gestion des produits - 1Tool\",\"isPartOf\":{\"@id\":\"https:\\\/\\\/www.1tool.com\\\/fr\\\/#website\"},\"datePublished\":\"2022-03-30T16:05:57+00:00\",\"dateModified\":\"2026-05-07T12:59:32+00:00\",\"breadcrumb\":{\"@id\":\"https:\\\/\\\/www.1tool.com\\\/fr\\\/modules\\\/gestion-des-marchandises-boutique\\\/produits\\\/fonctions-module-produit\\\/gestion-des-produits\\\/#breadcrumb\"},\"inLanguage\":\"fr-FR\",\"potentialAction\":[{\"@type\":\"ReadAction\",\"target\":[\"https:\\\/\\\/www.1tool.com\\\/fr\\\/modules\\\/gestion-des-marchandises-boutique\\\/produits\\\/fonctions-module-produit\\\/gestion-des-produits\\\/\"]}]},{\"@type\":\"BreadcrumbList\",\"@id\":\"https:\\\/\\\/www.1tool.com\\\/fr\\\/modules\\\/gestion-des-marchandises-boutique\\\/produits\\\/fonctions-module-produit\\\/gestion-des-produits\\\/#breadcrumb\",\"itemListElement\":[{\"@type\":\"ListItem\",\"position\":1,\"name\":\"Home\",\"item\":\"https:\\\/\\\/www.1tool.com\\\/fr\\\/\"},{\"@type\":\"ListItem\",\"position\":2,\"name\":\"Modules\",\"item\":\"https:\\\/\\\/www.1tool.com\\\/fr\\\/module\\\/\"},{\"@type\":\"ListItem\",\"position\":3,\"name\":\"Gestion des marchandises &amp; boutique\",\"item\":\"https:\\\/\\\/www.1tool.com\\\/fr\\\/modules\\\/gestion-des-marchandises-boutique\\\/\"},{\"@type\":\"ListItem\",\"position\":4,\"name\":\"Produits\",\"item\":\"https:\\\/\\\/www.1tool.com\\\/fr\\\/modules\\\/gestion-des-marchandises-boutique\\\/produits\\\/\"},{\"@type\":\"ListItem\",\"position\":5,\"name\":\"Fonctions Module produit\",\"item\":\"https:\\\/\\\/www.1tool.com\\\/fr\\\/modules\\\/gestion-des-marchandises-boutique\\\/produits\\\/fonctions-module-produit\\\/\"},{\"@type\":\"ListItem\",\"position\":6,\"name\":\"Gestion des produits\"}]},{\"@type\":\"WebSite\",\"@id\":\"https:\\\/\\\/www.1tool.com\\\/fr\\\/#website\",\"url\":\"https:\\\/\\\/www.1tool.com\\\/fr\\\/\",\"name\":\"1Tool\",\"description\":\"CRM\",\"publisher\":{\"@id\":\"https:\\\/\\\/www.1tool.com\\\/fr\\\/#organization\"},\"potentialAction\":[{\"@type\":\"SearchAction\",\"target\":{\"@type\":\"EntryPoint\",\"urlTemplate\":\"https:\\\/\\\/www.1tool.com\\\/fr\\\/?s={search_term_string}\"},\"query-input\":{\"@type\":\"PropertyValueSpecification\",\"valueRequired\":true,\"valueName\":\"search_term_string\"}}],\"inLanguage\":\"fr-FR\"},{\"@type\":\"Organization\",\"@id\":\"https:\\\/\\\/www.1tool.com\\\/fr\\\/#organization\",\"name\":\"1Tool\",\"url\":\"https:\\\/\\\/www.1tool.com\\\/fr\\\/\",\"logo\":{\"@type\":\"ImageObject\",\"inLanguage\":\"fr-FR\",\"@id\":\"https:\\\/\\\/www.1tool.com\\\/fr\\\/#\\\/schema\\\/logo\\\/image\\\/\",\"url\":\"https:\\\/\\\/www.1tool.com\\\/wp-content\\\/uploads\\\/2022\\\/04\\\/1tool-1.png\",\"contentUrl\":\"https:\\\/\\\/www.1tool.com\\\/wp-content\\\/uploads\\\/2022\\\/04\\\/1tool-1.png\",\"width\":400,\"height\":150,\"caption\":\"1Tool\"},\"image\":{\"@id\":\"https:\\\/\\\/www.1tool.com\\\/fr\\\/#\\\/schema\\\/logo\\\/image\\\/\"}}]}<\/script>\n<!-- \/ Yoast SEO plugin. -->","yoast_head_json":{"title":"Gestion des produits - 1Tool","robots":{"index":"index","follow":"follow","max-snippet":"max-snippet:-1","max-image-preview":"max-image-preview:large","max-video-preview":"max-video-preview:-1"},"canonical":"https:\/\/www.1tool.com\/fr\/modules\/gestion-des-marchandises-boutique\/produits\/fonctions-module-produit\/gestion-des-produits\/","og_locale":"fr_FR","og_type":"article","og_title":"Gestion des produits - 1Tool","og_description":"Gestion des produits La gestion des produits 1Tool prend en charge l&#8217;achat et la vente de marchandises et de produits d&#8217;abonnement. Une gestion professionnelle des produits comme base de distribution 1Tool comprend une solution compl\u00e8te de gestion de produits qui vous permet de g\u00e9rer vos produits et groupes de produits de mani\u00e8re optimale. Au c\u0153ur [&hellip;]","og_url":"https:\/\/www.1tool.com\/fr\/modules\/gestion-des-marchandises-boutique\/produits\/fonctions-module-produit\/gestion-des-produits\/","og_site_name":"1Tool","article_modified_time":"2026-05-07T12:59:32+00:00","twitter_card":"summary_large_image","twitter_misc":{"Dur\u00e9e de lecture estim\u00e9e":"3 minutes"},"schema":{"@context":"https:\/\/schema.org","@graph":[{"@type":"WebPage","@id":"https:\/\/www.1tool.com\/fr\/modules\/gestion-des-marchandises-boutique\/produits\/fonctions-module-produit\/gestion-des-produits\/","url":"https:\/\/www.1tool.com\/fr\/modules\/gestion-des-marchandises-boutique\/produits\/fonctions-module-produit\/gestion-des-produits\/","name":"Gestion des produits - 1Tool","isPartOf":{"@id":"https:\/\/www.1tool.com\/fr\/#website"},"datePublished":"2022-03-30T16:05:57+00:00","dateModified":"2026-05-07T12:59:32+00:00","breadcrumb":{"@id":"https:\/\/www.1tool.com\/fr\/modules\/gestion-des-marchandises-boutique\/produits\/fonctions-module-produit\/gestion-des-produits\/#breadcrumb"},"inLanguage":"fr-FR","potentialAction":[{"@type":"ReadAction","target":["https:\/\/www.1tool.com\/fr\/modules\/gestion-des-marchandises-boutique\/produits\/fonctions-module-produit\/gestion-des-produits\/"]}]},{"@type":"BreadcrumbList","@id":"https:\/\/www.1tool.com\/fr\/modules\/gestion-des-marchandises-boutique\/produits\/fonctions-module-produit\/gestion-des-produits\/#breadcrumb","itemListElement":[{"@type":"ListItem","position":1,"name":"Home","item":"https:\/\/www.1tool.com\/fr\/"},{"@type":"ListItem","position":2,"name":"Modules","item":"https:\/\/www.1tool.com\/fr\/module\/"},{"@type":"ListItem","position":3,"name":"Gestion des marchandises &amp; boutique","item":"https:\/\/www.1tool.com\/fr\/modules\/gestion-des-marchandises-boutique\/"},{"@type":"ListItem","position":4,"name":"Produits","item":"https:\/\/www.1tool.com\/fr\/modules\/gestion-des-marchandises-boutique\/produits\/"},{"@type":"ListItem","position":5,"name":"Fonctions Module produit","item":"https:\/\/www.1tool.com\/fr\/modules\/gestion-des-marchandises-boutique\/produits\/fonctions-module-produit\/"},{"@type":"ListItem","position":6,"name":"Gestion des produits"}]},{"@type":"WebSite","@id":"https:\/\/www.1tool.com\/fr\/#website","url":"https:\/\/www.1tool.com\/fr\/","name":"1Tool","description":"CRM","publisher":{"@id":"https:\/\/www.1tool.com\/fr\/#organization"},"potentialAction":[{"@type":"SearchAction","target":{"@type":"EntryPoint","urlTemplate":"https:\/\/www.1tool.com\/fr\/?s={search_term_string}"},"query-input":{"@type":"PropertyValueSpecification","valueRequired":true,"valueName":"search_term_string"}}],"inLanguage":"fr-FR"},{"@type":"Organization","@id":"https:\/\/www.1tool.com\/fr\/#organization","name":"1Tool","url":"https:\/\/www.1tool.com\/fr\/","logo":{"@type":"ImageObject","inLanguage":"fr-FR","@id":"https:\/\/www.1tool.com\/fr\/#\/schema\/logo\/image\/","url":"https:\/\/www.1tool.com\/wp-content\/uploads\/2022\/04\/1tool-1.png","contentUrl":"https:\/\/www.1tool.com\/wp-content\/uploads\/2022\/04\/1tool-1.png","width":400,"height":150,"caption":"1Tool"},"image":{"@id":"https:\/\/www.1tool.com\/fr\/#\/schema\/logo\/image\/"}}]}},"_links":{"self":[{"href":"https:\/\/www.1tool.com\/fr\/wp-json\/wp\/v2\/pages\/78923","targetHints":{"allow":["GET"]}}],"collection":[{"href":"https:\/\/www.1tool.com\/fr\/wp-json\/wp\/v2\/pages"}],"about":[{"href":"https:\/\/www.1tool.com\/fr\/wp-json\/wp\/v2\/types\/page"}],"author":[{"embeddable":true,"href":"https:\/\/www.1tool.com\/fr\/wp-json\/wp\/v2\/users\/1"}],"replies":[{"embeddable":true,"href":"https:\/\/www.1tool.com\/fr\/wp-json\/wp\/v2\/comments?post=78923"}],"version-history":[{"count":1,"href":"https:\/\/www.1tool.com\/fr\/wp-json\/wp\/v2\/pages\/78923\/revisions"}],"predecessor-version":[{"id":78925,"href":"https:\/\/www.1tool.com\/fr\/wp-json\/wp\/v2\/pages\/78923\/revisions\/78925"}],"up":[{"embeddable":true,"href":"https:\/\/www.1tool.com\/fr\/wp-json\/wp\/v2\/pages\/79052"}],"wp:attachment":[{"href":"https:\/\/www.1tool.com\/fr\/wp-json\/wp\/v2\/media?parent=78923"}],"curies":[{"name":"wp","href":"https:\/\/api.w.org\/{rel}","templated":true}]}}