{"id":78926,"date":"2022-03-30T18:18:57","date_gmt":"2022-03-30T16:18:57","guid":{"rendered":"https:\/\/www.1tool.com\/rapport-comptable\/"},"modified":"2026-05-07T14:59:28","modified_gmt":"2026-05-07T12:59:28","slug":"rapport-comptable","status":"publish","type":"page","link":"https:\/\/www.1tool.com\/fr\/modules\/facturation-et-controle-de-gestion\/factures\/fonctions-module-de-facturation\/rapport-comptable\/","title":{"rendered":"Rapport comptable"},"content":{"rendered":"\t\t<div data-elementor-type=\"wp-page\" data-elementor-id=\"78926\" class=\"elementor elementor-78926 elementor-49410\" data-elementor-post-type=\"page\">\n\t\t\t\t\t\t<section class=\"elementor-section elementor-top-section elementor-element elementor-element-319b817 elementor-section-boxed elementor-section-height-default elementor-section-height-default shadepro-adv-gradient-no shadepro-sticky-no\" data-id=\"319b817\" data-element_type=\"section\" data-e-type=\"section\" data-settings=\"{&quot;shadepro_sticky&quot;:&quot;no&quot;}\">\n\t\t\t\t\t\t<div class=\"elementor-container elementor-column-gap-default\">\n\t\t\t\t\t<div class=\"elementor-column elementor-col-100 elementor-top-column elementor-element elementor-element-819b31b\" data-id=\"819b31b\" data-element_type=\"column\" data-e-type=\"column\">\n\t\t\t<div class=\"elementor-widget-wrap elementor-element-populated\">\n\t\t\t\t\t\t<div class=\"elementor-element elementor-element-d8e610d shadepro-sticky-no elementor-widget elementor-widget-heading\" data-id=\"d8e610d\" data-element_type=\"widget\" data-e-type=\"widget\" data-settings=\"{&quot;shadepro_sticky&quot;:&quot;no&quot;}\" data-widget_type=\"heading.default\">\n\t\t\t\t<div class=\"elementor-widget-container\">\n\t\t\t\t\t<h1 class=\"elementor-heading-title elementor-size-default\">Rapport comptable<\/h1>\t\t\t\t<\/div>\n\t\t\t\t<\/div>\n\t\t\t\t<div class=\"elementor-element elementor-element-862a3bb shadepro-sticky-no elementor-widget elementor-widget-text-editor\" data-id=\"862a3bb\" data-element_type=\"widget\" data-e-type=\"widget\" data-settings=\"{&quot;shadepro_sticky&quot;:&quot;no&quot;}\" data-widget_type=\"text-editor.default\">\n\t\t\t\t<div class=\"elementor-widget-container\">\n\t\t\t\t\t\t\t\t\t<p>Le rapport de facturation 1Tool vous aide \u00e0 garder une trace du chiffre d&#8217;affaires et des factures de votre entreprise.<\/p>\t\t\t\t\t\t\t\t<\/div>\n\t\t\t\t<\/div>\n\t\t\t\t<section class=\"elementor-section elementor-inner-section elementor-element elementor-element-dc65470 elementor-section-boxed elementor-section-height-default elementor-section-height-default shadepro-adv-gradient-no shadepro-sticky-no\" data-id=\"dc65470\" data-element_type=\"section\" data-e-type=\"section\" data-settings=\"{&quot;shadepro_sticky&quot;:&quot;no&quot;}\">\n\t\t\t\t\t\t<div class=\"elementor-container elementor-column-gap-default\">\n\t\t\t\t\t<div class=\"elementor-column elementor-col-100 elementor-inner-column elementor-element elementor-element-2e1866e\" data-id=\"2e1866e\" data-element_type=\"column\" data-e-type=\"column\">\n\t\t\t<div class=\"elementor-widget-wrap elementor-element-populated\">\n\t\t\t\t\t\t<div class=\"elementor-element elementor-element-dd62165 shadepro-sticky-no elementor-widget elementor-widget-text-editor\" data-id=\"dd62165\" data-element_type=\"widget\" data-e-type=\"widget\" data-settings=\"{&quot;shadepro_sticky&quot;:&quot;no&quot;}\" data-widget_type=\"text-editor.default\">\n\t\t\t\t<div class=\"elementor-widget-container\">\n\t\t\t\t\t\t\t\t\t<h3>Une gestion efficace des factures et des ventes !<\/h3><p>Avec le rapport de facturation 1Tool, vous pouvez voir votre chiffre d&#8217;affaires annuel en un clic de souris, qui est \u00e9galement affich\u00e9 sous forme de graphique. Vous pouvez \u00e9galement voir les factures pay\u00e9es et non pay\u00e9es, ce qui vous permet de les comparer facilement. Le rapport de facturation indique \u00e9galement le nombre de factures au cours de l&#8217;ann\u00e9e, ainsi que leur montant brut et leur montant net. Gr\u00e2ce \u00e0 ces analyses, vous pouvez g\u00e9rer efficacement les finances de votre entreprise et garantir une facturation optimale.   <\/p><p><em>Les graphiques et les analyses du <strong><a href=\"https:\/\/www.1tool.com\/manual\/rechnung\/rechnungsbericht\/\" target=\"_blank\" rel=\"noreferrer noopener\">rapport comptable <\/a><\/strong>sont largement d\u00e9crits dans le manuel<\/em><\/p><h3> <\/h3><h3>Statistiques de ventes d\u00e9taill\u00e9es bas\u00e9es sur vos factures<\/h3><p>Les paiements peuvent ainsi \u00eatre facilement saisis et les postes ouverts analys\u00e9s. Une gestion des produits est \u00e9galement disponible dans 1Tool, afin que les donn\u00e9es de base des articles puissent \u00eatre saisies, attribu\u00e9es aux clients et factur\u00e9es \u00e0 tout moment. Gr\u00e2ce au syst\u00e8me flexible et modulaire, il est possible de d\u00e9finir de beaux mod\u00e8les de factures. 1Tool prend \u00e9galement en charge les factures \u00e9lectroniques. Gr\u00e2ce \u00e0 des fonctions de recherche compl\u00e8tes, les factures peuvent \u00eatre trouv\u00e9es \u00e0 tout moment. Gr\u00e2ce \u00e0 l&#8217;int\u00e9gration dans le CRM, il est \u00e9galement possible de voir \u00e0 tout moment dans le module de gestion des clients quelles prestations ont \u00e9t\u00e9 factur\u00e9es \u00e0 quel client.     <\/p>\t\t\t\t\t\t\t\t<\/div>\n\t\t\t\t<\/div>\n\t\t\t\t\t<\/div>\n\t\t<\/div>\n\t\t\t\t\t<\/div>\n\t\t<\/section>\n\t\t\t\t\t<\/div>\n\t\t<\/div>\n\t\t\t\t\t<\/div>\n\t\t<\/section>\n\t\t\t\t<\/div>\n\t\t","protected":false},"excerpt":{"rendered":"<p>Rapport comptable Le rapport de facturation 1Tool vous aide \u00e0 garder une trace du chiffre d&#8217;affaires et des factures de votre entreprise. Une gestion efficace des factures et des ventes ! Avec le rapport de facturation 1Tool, vous pouvez voir votre chiffre d&#8217;affaires annuel en un clic de souris, qui est \u00e9galement affich\u00e9 sous forme [&hellip;]<\/p>\n","protected":false},"author":1,"featured_media":0,"parent":79041,"menu_order":0,"comment_status":"closed","ping_status":"closed","template":"","meta":{"inline_featured_image":false,"footnotes":""},"class_list":["post-78926","page","type-page","status-publish","hentry"],"acf":[],"yoast_head":"<!-- This site is optimized with the Yoast SEO plugin v27.5 - https:\/\/yoast.com\/product\/yoast-seo-wordpress\/ -->\n<title>Rapport comptable - 1Tool<\/title>\n<meta name=\"robots\" content=\"index, follow, max-snippet:-1, max-image-preview:large, max-video-preview:-1\" \/>\n<link rel=\"canonical\" href=\"https:\/\/www.1tool.com\/fr\/modules\/facturation-et-controle-de-gestion\/factures\/fonctions-module-de-facturation\/rapport-comptable\/\" \/>\n<meta property=\"og:locale\" content=\"fr_FR\" \/>\n<meta property=\"og:type\" content=\"article\" \/>\n<meta property=\"og:title\" content=\"Rapport comptable - 1Tool\" \/>\n<meta property=\"og:description\" content=\"Rapport comptable Le rapport de facturation 1Tool vous aide \u00e0 garder une trace du chiffre d&#8217;affaires et des factures de votre entreprise. Une gestion efficace des factures et des ventes ! Avec le rapport de facturation 1Tool, vous pouvez voir votre chiffre d&#8217;affaires annuel en un clic de souris, qui est \u00e9galement affich\u00e9 sous forme [&hellip;]\" \/>\n<meta property=\"og:url\" content=\"https:\/\/www.1tool.com\/fr\/modules\/facturation-et-controle-de-gestion\/factures\/fonctions-module-de-facturation\/rapport-comptable\/\" \/>\n<meta property=\"og:site_name\" content=\"1Tool\" \/>\n<meta property=\"article:modified_time\" content=\"2026-05-07T12:59:28+00:00\" \/>\n<meta name=\"twitter:card\" content=\"summary_large_image\" \/>\n<meta name=\"twitter:label1\" content=\"Dur\u00e9e de lecture estim\u00e9e\" \/>\n\t<meta name=\"twitter:data1\" content=\"1 minute\" \/>\n<script type=\"application\/ld+json\" class=\"yoast-schema-graph\">{\"@context\":\"https:\\\/\\\/schema.org\",\"@graph\":[{\"@type\":\"WebPage\",\"@id\":\"https:\\\/\\\/www.1tool.com\\\/fr\\\/modules\\\/facturation-et-controle-de-gestion\\\/factures\\\/fonctions-module-de-facturation\\\/rapport-comptable\\\/\",\"url\":\"https:\\\/\\\/www.1tool.com\\\/fr\\\/modules\\\/facturation-et-controle-de-gestion\\\/factures\\\/fonctions-module-de-facturation\\\/rapport-comptable\\\/\",\"name\":\"Rapport comptable - 1Tool\",\"isPartOf\":{\"@id\":\"https:\\\/\\\/www.1tool.com\\\/fr\\\/#website\"},\"datePublished\":\"2022-03-30T16:18:57+00:00\",\"dateModified\":\"2026-05-07T12:59:28+00:00\",\"breadcrumb\":{\"@id\":\"https:\\\/\\\/www.1tool.com\\\/fr\\\/modules\\\/facturation-et-controle-de-gestion\\\/factures\\\/fonctions-module-de-facturation\\\/rapport-comptable\\\/#breadcrumb\"},\"inLanguage\":\"fr-FR\",\"potentialAction\":[{\"@type\":\"ReadAction\",\"target\":[\"https:\\\/\\\/www.1tool.com\\\/fr\\\/modules\\\/facturation-et-controle-de-gestion\\\/factures\\\/fonctions-module-de-facturation\\\/rapport-comptable\\\/\"]}]},{\"@type\":\"BreadcrumbList\",\"@id\":\"https:\\\/\\\/www.1tool.com\\\/fr\\\/modules\\\/facturation-et-controle-de-gestion\\\/factures\\\/fonctions-module-de-facturation\\\/rapport-comptable\\\/#breadcrumb\",\"itemListElement\":[{\"@type\":\"ListItem\",\"position\":1,\"name\":\"Home\",\"item\":\"https:\\\/\\\/www.1tool.com\\\/fr\\\/\"},{\"@type\":\"ListItem\",\"position\":2,\"name\":\"Modules\",\"item\":\"https:\\\/\\\/www.1tool.com\\\/fr\\\/module\\\/\"},{\"@type\":\"ListItem\",\"position\":3,\"name\":\"Facturation et contr\u00f4le de gestion\",\"item\":\"https:\\\/\\\/www.1tool.com\\\/fr\\\/modules\\\/facturation-et-controle-de-gestion\\\/\"},{\"@type\":\"ListItem\",\"position\":4,\"name\":\"Factures\",\"item\":\"https:\\\/\\\/www.1tool.com\\\/fr\\\/modules\\\/facturation-et-controle-de-gestion\\\/factures\\\/\"},{\"@type\":\"ListItem\",\"position\":5,\"name\":\"Fonctions Module de facturation\",\"item\":\"https:\\\/\\\/www.1tool.com\\\/fr\\\/modules\\\/facturation-et-controle-de-gestion\\\/factures\\\/fonctions-module-de-facturation\\\/\"},{\"@type\":\"ListItem\",\"position\":6,\"name\":\"Rapport comptable\"}]},{\"@type\":\"WebSite\",\"@id\":\"https:\\\/\\\/www.1tool.com\\\/fr\\\/#website\",\"url\":\"https:\\\/\\\/www.1tool.com\\\/fr\\\/\",\"name\":\"1Tool\",\"description\":\"CRM\",\"publisher\":{\"@id\":\"https:\\\/\\\/www.1tool.com\\\/fr\\\/#organization\"},\"potentialAction\":[{\"@type\":\"SearchAction\",\"target\":{\"@type\":\"EntryPoint\",\"urlTemplate\":\"https:\\\/\\\/www.1tool.com\\\/fr\\\/?s={search_term_string}\"},\"query-input\":{\"@type\":\"PropertyValueSpecification\",\"valueRequired\":true,\"valueName\":\"search_term_string\"}}],\"inLanguage\":\"fr-FR\"},{\"@type\":\"Organization\",\"@id\":\"https:\\\/\\\/www.1tool.com\\\/fr\\\/#organization\",\"name\":\"1Tool\",\"url\":\"https:\\\/\\\/www.1tool.com\\\/fr\\\/\",\"logo\":{\"@type\":\"ImageObject\",\"inLanguage\":\"fr-FR\",\"@id\":\"https:\\\/\\\/www.1tool.com\\\/fr\\\/#\\\/schema\\\/logo\\\/image\\\/\",\"url\":\"https:\\\/\\\/www.1tool.com\\\/wp-content\\\/uploads\\\/2022\\\/04\\\/1tool-1.png\",\"contentUrl\":\"https:\\\/\\\/www.1tool.com\\\/wp-content\\\/uploads\\\/2022\\\/04\\\/1tool-1.png\",\"width\":400,\"height\":150,\"caption\":\"1Tool\"},\"image\":{\"@id\":\"https:\\\/\\\/www.1tool.com\\\/fr\\\/#\\\/schema\\\/logo\\\/image\\\/\"}}]}<\/script>\n<!-- \/ Yoast SEO plugin. -->","yoast_head_json":{"title":"Rapport comptable - 1Tool","robots":{"index":"index","follow":"follow","max-snippet":"max-snippet:-1","max-image-preview":"max-image-preview:large","max-video-preview":"max-video-preview:-1"},"canonical":"https:\/\/www.1tool.com\/fr\/modules\/facturation-et-controle-de-gestion\/factures\/fonctions-module-de-facturation\/rapport-comptable\/","og_locale":"fr_FR","og_type":"article","og_title":"Rapport comptable - 1Tool","og_description":"Rapport comptable Le rapport de facturation 1Tool vous aide \u00e0 garder une trace du chiffre d&#8217;affaires et des factures de votre entreprise. Une gestion efficace des factures et des ventes ! Avec le rapport de facturation 1Tool, vous pouvez voir votre chiffre d&#8217;affaires annuel en un clic de souris, qui est \u00e9galement affich\u00e9 sous forme [&hellip;]","og_url":"https:\/\/www.1tool.com\/fr\/modules\/facturation-et-controle-de-gestion\/factures\/fonctions-module-de-facturation\/rapport-comptable\/","og_site_name":"1Tool","article_modified_time":"2026-05-07T12:59:28+00:00","twitter_card":"summary_large_image","twitter_misc":{"Dur\u00e9e de lecture estim\u00e9e":"1 minute"},"schema":{"@context":"https:\/\/schema.org","@graph":[{"@type":"WebPage","@id":"https:\/\/www.1tool.com\/fr\/modules\/facturation-et-controle-de-gestion\/factures\/fonctions-module-de-facturation\/rapport-comptable\/","url":"https:\/\/www.1tool.com\/fr\/modules\/facturation-et-controle-de-gestion\/factures\/fonctions-module-de-facturation\/rapport-comptable\/","name":"Rapport comptable - 1Tool","isPartOf":{"@id":"https:\/\/www.1tool.com\/fr\/#website"},"datePublished":"2022-03-30T16:18:57+00:00","dateModified":"2026-05-07T12:59:28+00:00","breadcrumb":{"@id":"https:\/\/www.1tool.com\/fr\/modules\/facturation-et-controle-de-gestion\/factures\/fonctions-module-de-facturation\/rapport-comptable\/#breadcrumb"},"inLanguage":"fr-FR","potentialAction":[{"@type":"ReadAction","target":["https:\/\/www.1tool.com\/fr\/modules\/facturation-et-controle-de-gestion\/factures\/fonctions-module-de-facturation\/rapport-comptable\/"]}]},{"@type":"BreadcrumbList","@id":"https:\/\/www.1tool.com\/fr\/modules\/facturation-et-controle-de-gestion\/factures\/fonctions-module-de-facturation\/rapport-comptable\/#breadcrumb","itemListElement":[{"@type":"ListItem","position":1,"name":"Home","item":"https:\/\/www.1tool.com\/fr\/"},{"@type":"ListItem","position":2,"name":"Modules","item":"https:\/\/www.1tool.com\/fr\/module\/"},{"@type":"ListItem","position":3,"name":"Facturation et contr\u00f4le de gestion","item":"https:\/\/www.1tool.com\/fr\/modules\/facturation-et-controle-de-gestion\/"},{"@type":"ListItem","position":4,"name":"Factures","item":"https:\/\/www.1tool.com\/fr\/modules\/facturation-et-controle-de-gestion\/factures\/"},{"@type":"ListItem","position":5,"name":"Fonctions Module de facturation","item":"https:\/\/www.1tool.com\/fr\/modules\/facturation-et-controle-de-gestion\/factures\/fonctions-module-de-facturation\/"},{"@type":"ListItem","position":6,"name":"Rapport comptable"}]},{"@type":"WebSite","@id":"https:\/\/www.1tool.com\/fr\/#website","url":"https:\/\/www.1tool.com\/fr\/","name":"1Tool","description":"CRM","publisher":{"@id":"https:\/\/www.1tool.com\/fr\/#organization"},"potentialAction":[{"@type":"SearchAction","target":{"@type":"EntryPoint","urlTemplate":"https:\/\/www.1tool.com\/fr\/?s={search_term_string}"},"query-input":{"@type":"PropertyValueSpecification","valueRequired":true,"valueName":"search_term_string"}}],"inLanguage":"fr-FR"},{"@type":"Organization","@id":"https:\/\/www.1tool.com\/fr\/#organization","name":"1Tool","url":"https:\/\/www.1tool.com\/fr\/","logo":{"@type":"ImageObject","inLanguage":"fr-FR","@id":"https:\/\/www.1tool.com\/fr\/#\/schema\/logo\/image\/","url":"https:\/\/www.1tool.com\/wp-content\/uploads\/2022\/04\/1tool-1.png","contentUrl":"https:\/\/www.1tool.com\/wp-content\/uploads\/2022\/04\/1tool-1.png","width":400,"height":150,"caption":"1Tool"},"image":{"@id":"https:\/\/www.1tool.com\/fr\/#\/schema\/logo\/image\/"}}]}},"_links":{"self":[{"href":"https:\/\/www.1tool.com\/fr\/wp-json\/wp\/v2\/pages\/78926","targetHints":{"allow":["GET"]}}],"collection":[{"href":"https:\/\/www.1tool.com\/fr\/wp-json\/wp\/v2\/pages"}],"about":[{"href":"https:\/\/www.1tool.com\/fr\/wp-json\/wp\/v2\/types\/page"}],"author":[{"embeddable":true,"href":"https:\/\/www.1tool.com\/fr\/wp-json\/wp\/v2\/users\/1"}],"replies":[{"embeddable":true,"href":"https:\/\/www.1tool.com\/fr\/wp-json\/wp\/v2\/comments?post=78926"}],"version-history":[{"count":1,"href":"https:\/\/www.1tool.com\/fr\/wp-json\/wp\/v2\/pages\/78926\/revisions"}],"predecessor-version":[{"id":78927,"href":"https:\/\/www.1tool.com\/fr\/wp-json\/wp\/v2\/pages\/78926\/revisions\/78927"}],"up":[{"embeddable":true,"href":"https:\/\/www.1tool.com\/fr\/wp-json\/wp\/v2\/pages\/79041"}],"wp:attachment":[{"href":"https:\/\/www.1tool.com\/fr\/wp-json\/wp\/v2\/media?parent=78926"}],"curies":[{"name":"wp","href":"https:\/\/api.w.org\/{rel}","templated":true}]}}