{"id":78928,"date":"2022-03-30T18:04:16","date_gmt":"2022-03-30T16:04:16","guid":{"rendered":"https:\/\/www.1tool.com\/gerer-les-produits\/"},"modified":"2026-05-07T14:59:32","modified_gmt":"2026-05-07T12:59:32","slug":"gerer-les-produits","status":"publish","type":"page","link":"https:\/\/www.1tool.com\/fr\/modules\/gestion-des-marchandises-boutique\/produits\/fonctions-module-produit\/gerer-les-produits\/","title":{"rendered":"G\u00e9rer les produits"},"content":{"rendered":"\t\t<div data-elementor-type=\"wp-page\" data-elementor-id=\"78928\" class=\"elementor elementor-78928 elementor-49337\" data-elementor-post-type=\"page\">\n\t\t\t\t\t\t<section class=\"elementor-section elementor-top-section elementor-element elementor-element-e29ada9 elementor-section-boxed elementor-section-height-default elementor-section-height-default shadepro-adv-gradient-no shadepro-sticky-no\" data-id=\"e29ada9\" data-element_type=\"section\" data-e-type=\"section\" data-settings=\"{&quot;shadepro_sticky&quot;:&quot;no&quot;}\">\n\t\t\t\t\t\t<div class=\"elementor-container elementor-column-gap-default\">\n\t\t\t\t\t<div class=\"elementor-column elementor-col-100 elementor-top-column elementor-element elementor-element-84b7423\" data-id=\"84b7423\" data-element_type=\"column\" data-e-type=\"column\">\n\t\t\t<div class=\"elementor-widget-wrap elementor-element-populated\">\n\t\t\t\t\t\t<div class=\"elementor-element elementor-element-871a53c shadepro-sticky-no elementor-widget elementor-widget-heading\" data-id=\"871a53c\" data-element_type=\"widget\" data-e-type=\"widget\" data-settings=\"{&quot;shadepro_sticky&quot;:&quot;no&quot;}\" data-widget_type=\"heading.default\">\n\t\t\t\t<div class=\"elementor-widget-container\">\n\t\t\t\t\t<h1 class=\"elementor-heading-title elementor-size-default\">G\u00e9rer les produits<\/h1>\t\t\t\t<\/div>\n\t\t\t\t<\/div>\n\t\t\t\t<div class=\"elementor-element elementor-element-2d2c5a5 shadepro-sticky-no elementor-widget elementor-widget-text-editor\" data-id=\"2d2c5a5\" data-element_type=\"widget\" data-e-type=\"widget\" data-settings=\"{&quot;shadepro_sticky&quot;:&quot;no&quot;}\" data-widget_type=\"text-editor.default\">\n\t\t\t\t<div class=\"elementor-widget-container\">\n\t\t\t\t\t\t\t\t\t<p>Avec 1Tool, vous pouvez g\u00e9rer vos produits de mani\u00e8re simple et pratique. Pour ce faire, vous pouvez cr\u00e9er des cat\u00e9gories de produits et des produits. <\/p>\t\t\t\t\t\t\t\t<\/div>\n\t\t\t\t<\/div>\n\t\t\t\t<section class=\"elementor-section elementor-inner-section elementor-element elementor-element-aee7c60 elementor-section-boxed elementor-section-height-default elementor-section-height-default shadepro-adv-gradient-no shadepro-sticky-no\" data-id=\"aee7c60\" data-element_type=\"section\" data-e-type=\"section\" data-settings=\"{&quot;shadepro_sticky&quot;:&quot;no&quot;}\">\n\t\t\t\t\t\t<div class=\"elementor-container elementor-column-gap-default\">\n\t\t\t\t\t<div class=\"elementor-column elementor-col-100 elementor-inner-column elementor-element elementor-element-1d82d33\" data-id=\"1d82d33\" data-element_type=\"column\" data-e-type=\"column\">\n\t\t\t<div class=\"elementor-widget-wrap elementor-element-populated\">\n\t\t\t\t\t\t<div class=\"elementor-element elementor-element-ce4be2f shadepro-sticky-no elementor-widget elementor-widget-text-editor\" data-id=\"ce4be2f\" data-element_type=\"widget\" data-e-type=\"widget\" data-settings=\"{&quot;shadepro_sticky&quot;:&quot;no&quot;}\" data-widget_type=\"text-editor.default\">\n\t\t\t\t<div class=\"elementor-widget-container\">\n\t\t\t\t\t\t\t\t\t<h3>Objectifs de la gestion des produits par 1Tool<\/h3><ul><li>La gestion des produits en un seul endroit &#8211; dans le 1Tool &#8211; permet d&#8217;\u00e9viter les erreurs et la duplication des donn\u00e9es.<\/li><li>En associant les produits \u00e0 vos clients, vous pouvez voir d&#8217;un coup d&#8217;\u0153il quels clients utilisent quels produits.<\/li><li>Le lien direct avec le module de facturation permet de facturer rapidement et facilement les produits.<\/li><li>Gr\u00e2ce \u00e0 la fonction d&#8217;abonnement, vous pouvez \u00e9galement g\u00e9rer facilement les produits r\u00e9currents, tels que les contrats de maintenance ou les produits d&#8217;abonnement.<\/li><\/ul><h3> <\/h3><h3>Organisation optimale de vos groupes de marchandises et de vos produits<\/h3><p>Le <strong>noyau de 1Tool<\/strong> est une puissante gestion des clients. Vous pouvez ainsi attribuer des produits \u00e0 vos clients et savoir \u00e0 tout moment quels clients utilisent quels produits. Les rapports int\u00e9gr\u00e9s sur les produits vous offrent en outre les possibilit\u00e9s d&#8217;analyse les plus diverses.  <\/p><p>Une autre particularit\u00e9 de la <strong>gestion des produits 1Tool<\/strong> est l&#8217;\u00e9valuation de ceux-ci via des rapports sur les produits. Gr\u00e2ce au lien avec le module de facturation, vous obtenez un aper\u00e7u des ventes r\u00e9alis\u00e9es par produit ou par an et vous pouvez \u00e9galement consulter des statistiques structur\u00e9es sur les produits. <\/p><h3> <\/h3><h3>Gestion et entretien faciles de vos produits<\/h3><p>Gr\u00e2ce \u00e0 la gestion int\u00e9gr\u00e9e des factures, les d\u00e9comptes peuvent \u00eatre effectu\u00e9s \u00e0 tout moment en appuyant sur un bouton. La gestion et la maintenance de vos produits augmentent la r\u00e9activit\u00e9 de votre service commercial et minimisent ainsi les efforts d&#8217;organisation de votre entreprise. <\/p>\t\t\t\t\t\t\t\t<\/div>\n\t\t\t\t<\/div>\n\t\t\t\t\t<\/div>\n\t\t<\/div>\n\t\t\t\t\t<\/div>\n\t\t<\/section>\n\t\t\t\t\t<\/div>\n\t\t<\/div>\n\t\t\t\t\t<\/div>\n\t\t<\/section>\n\t\t\t\t<\/div>\n\t\t","protected":false},"excerpt":{"rendered":"<p>G\u00e9rer les produits Avec 1Tool, vous pouvez g\u00e9rer vos produits de mani\u00e8re simple et pratique. Pour ce faire, vous pouvez cr\u00e9er des cat\u00e9gories de produits et des produits. Objectifs de la gestion des produits par 1Tool La gestion des produits en un seul endroit &#8211; dans le 1Tool &#8211; permet d&#8217;\u00e9viter les erreurs et la [&hellip;]<\/p>\n","protected":false},"author":1,"featured_media":0,"parent":79052,"menu_order":0,"comment_status":"closed","ping_status":"closed","template":"","meta":{"inline_featured_image":false,"footnotes":""},"class_list":["post-78928","page","type-page","status-publish","hentry"],"acf":[],"yoast_head":"<!-- This site is optimized with the Yoast SEO plugin v27.5 - https:\/\/yoast.com\/product\/yoast-seo-wordpress\/ -->\n<title>G\u00e9rer les produits - 1Tool<\/title>\n<meta name=\"robots\" content=\"index, follow, max-snippet:-1, max-image-preview:large, max-video-preview:-1\" \/>\n<link rel=\"canonical\" href=\"https:\/\/www.1tool.com\/fr\/modules\/gestion-des-marchandises-boutique\/produits\/fonctions-module-produit\/gerer-les-produits\/\" \/>\n<meta property=\"og:locale\" content=\"fr_FR\" \/>\n<meta property=\"og:type\" content=\"article\" \/>\n<meta property=\"og:title\" content=\"G\u00e9rer les produits - 1Tool\" \/>\n<meta property=\"og:description\" content=\"G\u00e9rer les produits Avec 1Tool, vous pouvez g\u00e9rer vos produits de mani\u00e8re simple et pratique. Pour ce faire, vous pouvez cr\u00e9er des cat\u00e9gories de produits et des produits. Objectifs de la gestion des produits par 1Tool La gestion des produits en un seul endroit &#8211; dans le 1Tool &#8211; permet d&#8217;\u00e9viter les erreurs et la [&hellip;]\" \/>\n<meta property=\"og:url\" content=\"https:\/\/www.1tool.com\/fr\/modules\/gestion-des-marchandises-boutique\/produits\/fonctions-module-produit\/gerer-les-produits\/\" \/>\n<meta property=\"og:site_name\" content=\"1Tool\" \/>\n<meta property=\"article:modified_time\" content=\"2026-05-07T12:59:32+00:00\" \/>\n<meta name=\"twitter:card\" content=\"summary_large_image\" \/>\n<meta name=\"twitter:label1\" content=\"Dur\u00e9e de lecture estim\u00e9e\" \/>\n\t<meta name=\"twitter:data1\" content=\"1 minute\" \/>\n<script type=\"application\/ld+json\" class=\"yoast-schema-graph\">{\"@context\":\"https:\\\/\\\/schema.org\",\"@graph\":[{\"@type\":\"WebPage\",\"@id\":\"https:\\\/\\\/www.1tool.com\\\/fr\\\/modules\\\/gestion-des-marchandises-boutique\\\/produits\\\/fonctions-module-produit\\\/gerer-les-produits\\\/\",\"url\":\"https:\\\/\\\/www.1tool.com\\\/fr\\\/modules\\\/gestion-des-marchandises-boutique\\\/produits\\\/fonctions-module-produit\\\/gerer-les-produits\\\/\",\"name\":\"G\u00e9rer les produits - 1Tool\",\"isPartOf\":{\"@id\":\"https:\\\/\\\/www.1tool.com\\\/fr\\\/#website\"},\"datePublished\":\"2022-03-30T16:04:16+00:00\",\"dateModified\":\"2026-05-07T12:59:32+00:00\",\"breadcrumb\":{\"@id\":\"https:\\\/\\\/www.1tool.com\\\/fr\\\/modules\\\/gestion-des-marchandises-boutique\\\/produits\\\/fonctions-module-produit\\\/gerer-les-produits\\\/#breadcrumb\"},\"inLanguage\":\"fr-FR\",\"potentialAction\":[{\"@type\":\"ReadAction\",\"target\":[\"https:\\\/\\\/www.1tool.com\\\/fr\\\/modules\\\/gestion-des-marchandises-boutique\\\/produits\\\/fonctions-module-produit\\\/gerer-les-produits\\\/\"]}]},{\"@type\":\"BreadcrumbList\",\"@id\":\"https:\\\/\\\/www.1tool.com\\\/fr\\\/modules\\\/gestion-des-marchandises-boutique\\\/produits\\\/fonctions-module-produit\\\/gerer-les-produits\\\/#breadcrumb\",\"itemListElement\":[{\"@type\":\"ListItem\",\"position\":1,\"name\":\"Home\",\"item\":\"https:\\\/\\\/www.1tool.com\\\/fr\\\/\"},{\"@type\":\"ListItem\",\"position\":2,\"name\":\"Modules\",\"item\":\"https:\\\/\\\/www.1tool.com\\\/fr\\\/module\\\/\"},{\"@type\":\"ListItem\",\"position\":3,\"name\":\"Gestion des marchandises &amp; boutique\",\"item\":\"https:\\\/\\\/www.1tool.com\\\/fr\\\/modules\\\/gestion-des-marchandises-boutique\\\/\"},{\"@type\":\"ListItem\",\"position\":4,\"name\":\"Produits\",\"item\":\"https:\\\/\\\/www.1tool.com\\\/fr\\\/modules\\\/gestion-des-marchandises-boutique\\\/produits\\\/\"},{\"@type\":\"ListItem\",\"position\":5,\"name\":\"Fonctions Module produit\",\"item\":\"https:\\\/\\\/www.1tool.com\\\/fr\\\/modules\\\/gestion-des-marchandises-boutique\\\/produits\\\/fonctions-module-produit\\\/\"},{\"@type\":\"ListItem\",\"position\":6,\"name\":\"G\u00e9rer les produits\"}]},{\"@type\":\"WebSite\",\"@id\":\"https:\\\/\\\/www.1tool.com\\\/fr\\\/#website\",\"url\":\"https:\\\/\\\/www.1tool.com\\\/fr\\\/\",\"name\":\"1Tool\",\"description\":\"CRM\",\"publisher\":{\"@id\":\"https:\\\/\\\/www.1tool.com\\\/fr\\\/#organization\"},\"potentialAction\":[{\"@type\":\"SearchAction\",\"target\":{\"@type\":\"EntryPoint\",\"urlTemplate\":\"https:\\\/\\\/www.1tool.com\\\/fr\\\/?s={search_term_string}\"},\"query-input\":{\"@type\":\"PropertyValueSpecification\",\"valueRequired\":true,\"valueName\":\"search_term_string\"}}],\"inLanguage\":\"fr-FR\"},{\"@type\":\"Organization\",\"@id\":\"https:\\\/\\\/www.1tool.com\\\/fr\\\/#organization\",\"name\":\"1Tool\",\"url\":\"https:\\\/\\\/www.1tool.com\\\/fr\\\/\",\"logo\":{\"@type\":\"ImageObject\",\"inLanguage\":\"fr-FR\",\"@id\":\"https:\\\/\\\/www.1tool.com\\\/fr\\\/#\\\/schema\\\/logo\\\/image\\\/\",\"url\":\"https:\\\/\\\/www.1tool.com\\\/wp-content\\\/uploads\\\/2022\\\/04\\\/1tool-1.png\",\"contentUrl\":\"https:\\\/\\\/www.1tool.com\\\/wp-content\\\/uploads\\\/2022\\\/04\\\/1tool-1.png\",\"width\":400,\"height\":150,\"caption\":\"1Tool\"},\"image\":{\"@id\":\"https:\\\/\\\/www.1tool.com\\\/fr\\\/#\\\/schema\\\/logo\\\/image\\\/\"}}]}<\/script>\n<!-- \/ Yoast SEO plugin. -->","yoast_head_json":{"title":"G\u00e9rer les produits - 1Tool","robots":{"index":"index","follow":"follow","max-snippet":"max-snippet:-1","max-image-preview":"max-image-preview:large","max-video-preview":"max-video-preview:-1"},"canonical":"https:\/\/www.1tool.com\/fr\/modules\/gestion-des-marchandises-boutique\/produits\/fonctions-module-produit\/gerer-les-produits\/","og_locale":"fr_FR","og_type":"article","og_title":"G\u00e9rer les produits - 1Tool","og_description":"G\u00e9rer les produits Avec 1Tool, vous pouvez g\u00e9rer vos produits de mani\u00e8re simple et pratique. Pour ce faire, vous pouvez cr\u00e9er des cat\u00e9gories de produits et des produits. Objectifs de la gestion des produits par 1Tool La gestion des produits en un seul endroit &#8211; dans le 1Tool &#8211; permet d&#8217;\u00e9viter les erreurs et la [&hellip;]","og_url":"https:\/\/www.1tool.com\/fr\/modules\/gestion-des-marchandises-boutique\/produits\/fonctions-module-produit\/gerer-les-produits\/","og_site_name":"1Tool","article_modified_time":"2026-05-07T12:59:32+00:00","twitter_card":"summary_large_image","twitter_misc":{"Dur\u00e9e de lecture estim\u00e9e":"1 minute"},"schema":{"@context":"https:\/\/schema.org","@graph":[{"@type":"WebPage","@id":"https:\/\/www.1tool.com\/fr\/modules\/gestion-des-marchandises-boutique\/produits\/fonctions-module-produit\/gerer-les-produits\/","url":"https:\/\/www.1tool.com\/fr\/modules\/gestion-des-marchandises-boutique\/produits\/fonctions-module-produit\/gerer-les-produits\/","name":"G\u00e9rer les produits - 1Tool","isPartOf":{"@id":"https:\/\/www.1tool.com\/fr\/#website"},"datePublished":"2022-03-30T16:04:16+00:00","dateModified":"2026-05-07T12:59:32+00:00","breadcrumb":{"@id":"https:\/\/www.1tool.com\/fr\/modules\/gestion-des-marchandises-boutique\/produits\/fonctions-module-produit\/gerer-les-produits\/#breadcrumb"},"inLanguage":"fr-FR","potentialAction":[{"@type":"ReadAction","target":["https:\/\/www.1tool.com\/fr\/modules\/gestion-des-marchandises-boutique\/produits\/fonctions-module-produit\/gerer-les-produits\/"]}]},{"@type":"BreadcrumbList","@id":"https:\/\/www.1tool.com\/fr\/modules\/gestion-des-marchandises-boutique\/produits\/fonctions-module-produit\/gerer-les-produits\/#breadcrumb","itemListElement":[{"@type":"ListItem","position":1,"name":"Home","item":"https:\/\/www.1tool.com\/fr\/"},{"@type":"ListItem","position":2,"name":"Modules","item":"https:\/\/www.1tool.com\/fr\/module\/"},{"@type":"ListItem","position":3,"name":"Gestion des marchandises &amp; boutique","item":"https:\/\/www.1tool.com\/fr\/modules\/gestion-des-marchandises-boutique\/"},{"@type":"ListItem","position":4,"name":"Produits","item":"https:\/\/www.1tool.com\/fr\/modules\/gestion-des-marchandises-boutique\/produits\/"},{"@type":"ListItem","position":5,"name":"Fonctions Module produit","item":"https:\/\/www.1tool.com\/fr\/modules\/gestion-des-marchandises-boutique\/produits\/fonctions-module-produit\/"},{"@type":"ListItem","position":6,"name":"G\u00e9rer les produits"}]},{"@type":"WebSite","@id":"https:\/\/www.1tool.com\/fr\/#website","url":"https:\/\/www.1tool.com\/fr\/","name":"1Tool","description":"CRM","publisher":{"@id":"https:\/\/www.1tool.com\/fr\/#organization"},"potentialAction":[{"@type":"SearchAction","target":{"@type":"EntryPoint","urlTemplate":"https:\/\/www.1tool.com\/fr\/?s={search_term_string}"},"query-input":{"@type":"PropertyValueSpecification","valueRequired":true,"valueName":"search_term_string"}}],"inLanguage":"fr-FR"},{"@type":"Organization","@id":"https:\/\/www.1tool.com\/fr\/#organization","name":"1Tool","url":"https:\/\/www.1tool.com\/fr\/","logo":{"@type":"ImageObject","inLanguage":"fr-FR","@id":"https:\/\/www.1tool.com\/fr\/#\/schema\/logo\/image\/","url":"https:\/\/www.1tool.com\/wp-content\/uploads\/2022\/04\/1tool-1.png","contentUrl":"https:\/\/www.1tool.com\/wp-content\/uploads\/2022\/04\/1tool-1.png","width":400,"height":150,"caption":"1Tool"},"image":{"@id":"https:\/\/www.1tool.com\/fr\/#\/schema\/logo\/image\/"}}]}},"_links":{"self":[{"href":"https:\/\/www.1tool.com\/fr\/wp-json\/wp\/v2\/pages\/78928","targetHints":{"allow":["GET"]}}],"collection":[{"href":"https:\/\/www.1tool.com\/fr\/wp-json\/wp\/v2\/pages"}],"about":[{"href":"https:\/\/www.1tool.com\/fr\/wp-json\/wp\/v2\/types\/page"}],"author":[{"embeddable":true,"href":"https:\/\/www.1tool.com\/fr\/wp-json\/wp\/v2\/users\/1"}],"replies":[{"embeddable":true,"href":"https:\/\/www.1tool.com\/fr\/wp-json\/wp\/v2\/comments?post=78928"}],"version-history":[{"count":1,"href":"https:\/\/www.1tool.com\/fr\/wp-json\/wp\/v2\/pages\/78928\/revisions"}],"predecessor-version":[{"id":78929,"href":"https:\/\/www.1tool.com\/fr\/wp-json\/wp\/v2\/pages\/78928\/revisions\/78929"}],"up":[{"embeddable":true,"href":"https:\/\/www.1tool.com\/fr\/wp-json\/wp\/v2\/pages\/79052"}],"wp:attachment":[{"href":"https:\/\/www.1tool.com\/fr\/wp-json\/wp\/v2\/media?parent=78928"}],"curies":[{"name":"wp","href":"https:\/\/api.w.org\/{rel}","templated":true}]}}