{"id":78932,"date":"2022-03-30T17:59:36","date_gmt":"2022-03-30T15:59:36","guid":{"rendered":"https:\/\/www.1tool.com\/systeme-de-boutique\/"},"modified":"2026-05-07T14:59:34","modified_gmt":"2026-05-07T12:59:34","slug":"systeme-de-boutique","status":"publish","type":"page","link":"https:\/\/www.1tool.com\/fr\/modules\/gestion-des-marchandises-boutique\/boutique\/fonctions-du-module-boutique\/systeme-de-boutique\/","title":{"rendered":"Syst\u00e8me de boutique"},"content":{"rendered":"\t\t<div data-elementor-type=\"wp-page\" data-elementor-id=\"78932\" class=\"elementor elementor-78932 elementor-49295\" data-elementor-post-type=\"page\">\n\t\t\t\t\t\t<section class=\"elementor-section elementor-top-section elementor-element elementor-element-c6ca3ff elementor-section-boxed elementor-section-height-default elementor-section-height-default shadepro-adv-gradient-no shadepro-sticky-no\" data-id=\"c6ca3ff\" data-element_type=\"section\" data-e-type=\"section\" data-settings=\"{&quot;shadepro_sticky&quot;:&quot;no&quot;}\">\n\t\t\t\t\t\t<div class=\"elementor-container elementor-column-gap-default\">\n\t\t\t\t\t<div class=\"elementor-column elementor-col-100 elementor-top-column elementor-element elementor-element-2480353\" data-id=\"2480353\" data-element_type=\"column\" data-e-type=\"column\">\n\t\t\t<div class=\"elementor-widget-wrap elementor-element-populated\">\n\t\t\t\t\t\t<div class=\"elementor-element elementor-element-34da83a shadepro-sticky-no elementor-widget elementor-widget-heading\" data-id=\"34da83a\" data-element_type=\"widget\" data-e-type=\"widget\" data-settings=\"{&quot;shadepro_sticky&quot;:&quot;no&quot;}\" data-widget_type=\"heading.default\">\n\t\t\t\t<div class=\"elementor-widget-container\">\n\t\t\t\t\t<h1 class=\"elementor-heading-title elementor-size-default\">Syst\u00e8me de boutique<\/h1>\t\t\t\t<\/div>\n\t\t\t\t<\/div>\n\t\t\t\t<div class=\"elementor-element elementor-element-9429b90 shadepro-sticky-no elementor-widget elementor-widget-text-editor\" data-id=\"9429b90\" data-element_type=\"widget\" data-e-type=\"widget\" data-settings=\"{&quot;shadepro_sticky&quot;:&quot;no&quot;}\" data-widget_type=\"text-editor.default\">\n\t\t\t\t<div class=\"elementor-widget-container\">\n\t\t\t\t\t\t\t\t\t<p>Avec le syst\u00e8me de boutique 1Tool, vendez vos produits et services avec succ\u00e8s sur Internet<\/p>\t\t\t\t\t\t\t\t<\/div>\n\t\t\t\t<\/div>\n\t\t\t\t<section class=\"elementor-section elementor-inner-section elementor-element elementor-element-98845c7 elementor-section-boxed elementor-section-height-default elementor-section-height-default shadepro-adv-gradient-no shadepro-sticky-no\" data-id=\"98845c7\" data-element_type=\"section\" data-e-type=\"section\" data-settings=\"{&quot;shadepro_sticky&quot;:&quot;no&quot;}\">\n\t\t\t\t\t\t<div class=\"elementor-container elementor-column-gap-default\">\n\t\t\t\t\t<div class=\"elementor-column elementor-col-100 elementor-inner-column elementor-element elementor-element-cb889b8\" data-id=\"cb889b8\" data-element_type=\"column\" data-e-type=\"column\">\n\t\t\t<div class=\"elementor-widget-wrap elementor-element-populated\">\n\t\t\t\t\t\t<div class=\"elementor-element elementor-element-8f4121b shadepro-sticky-no elementor-widget elementor-widget-text-editor\" data-id=\"8f4121b\" data-element_type=\"widget\" data-e-type=\"widget\" data-settings=\"{&quot;shadepro_sticky&quot;:&quot;no&quot;}\" data-widget_type=\"text-editor.default\">\n\t\t\t\t<div class=\"elementor-widget-container\">\n\t\t\t\t\t\t\t\t\t<h3>Logiciel de boutique en ligne flexible<\/h3><p>Avec notre logiciel de boutique en ligne professionnel, vous pouvez facilement g\u00e9rer et vendre vos produits et services en ligne. Sans aucune connaissance en programmation, vous r\u00e9alisez vous-m\u00eame chaque \u00e9tape du syst\u00e8me de boutique 1Tool, de la commande \u00e0 la facturation en passant par l&#8217;\u00e9mission des bons de livraison. Gr\u00e2ce \u00e0 l&#8217;interface conviviale du logiciel de boutique, vous pouvez configurer votre boutique en ligne selon vos souhaits et vos besoins. Que vous soyez une petite entreprise, une grande soci\u00e9t\u00e9, une entreprise nationale ou internationale, le logiciel de boutique en ligne 1Tool ne vous impose aucune limite. Les fonctionnalit\u00e9s de votre boutique s&#8217;adaptent ainsi de mani\u00e8re flexible aux gammes de produits croissantes et aux exigences du commerce en ligne.    <\/p><p> <\/p><h4>Int\u00e9gration facile du site web avec le logiciel de boutique en ligne 1Tool<\/h4><p>Vous pouvez int\u00e9grer tr\u00e8s facilement le syst\u00e8me de boutique de 1Tool dans votre site web ou l&#8217;exploiter directement via 1Tool. Les produits, y compris les images et les prix, peuvent \u00eatre cr\u00e9\u00e9s de mani\u00e8re autonome par n&#8217;importe quel employ\u00e9 responsable dans le logiciel et transf\u00e9r\u00e9s automatiquement dans le front-end de votre boutique en ligne. Cela permet non seulement d&#8217;\u00e9conomiser du temps et de l&#8217;argent, mais aussi de pr\u00e9senter les produits et autres activit\u00e9s de votre commerce en ligne de mani\u00e8re structur\u00e9e.  <\/p><p>En outre, le logiciel de boutique en ligne regroupe toutes les donn\u00e9es pertinentes dont vous avez besoin pour \u00e9tablir des relations durables avec vos clients, sous une forme claire dans une base de donn\u00e9es centrale. Les activit\u00e9s de vente et de marketing adapt\u00e9es aux habitudes d&#8217;achat, comme l&#8217;envoi de newsletters ou de SMS cibl\u00e9s, peuvent ainsi \u00eatre planifi\u00e9es et ex\u00e9cut\u00e9es beaucoup plus facilement. <\/p><p> <\/p><h4>Pr\u00e9sentation des produits &amp; contr\u00f4le du succ\u00e8s dans le syst\u00e8me de boutique<\/h4><p>Pour chacun de vos produits, vous pouvez d\u00e9finir de nombreux param\u00e8tres dans le logiciel de boutique 1Tool. En plus des informations sp\u00e9cifiques au produit, comme la taille ou le poids, vous pouvez rendre votre boutique en ligne accessible aux clients internationaux gr\u00e2ce au multilinguisme et aux diff\u00e9rents frais de livraison. Une fonction de produits combin\u00e9s vous permet \u00e9galement de cr\u00e9er des paquets de produits individuels ou des paniers-cadeaux en appuyant sur un bouton.  <\/p><p>1Tool dispose \u00e9galement de son propre outil de r\u00e9ussite, qui permet de r\u00e9aliser en quelques \u00e9tapes des \u00e9valuations sur les ventes et le chiffre d&#8217;affaires des clients, ainsi que de contr\u00f4ler les stocks de marchandises gr\u00e2ce \u00e0 sa propre gestion des marchandises.<\/p><p> <\/p><h4>Traitement pratique des commandes et des paiements avec le logiciel ECommerce<\/h4><p>Notre boutique ECommerce offre \u00e0 vos clients une s\u00e9curit\u00e9 totale en mati\u00e8re de paiement et d&#8217;exp\u00e9dition. Nos propres mesures de s\u00e9curit\u00e9 garantissent que votre boutique en ligne r\u00e9pond aux exigences du commerce en ligne. Le cryptage SSL et l&#8217;optimisation pour le label de qualit\u00e9 Trusted Shop augmentent la confiance et la satisfaction de vos clients. Des interfaces de paiement propres (carte de cr\u00e9dit, PayPal, virement imm\u00e9diat, etc.) permettent de d\u00e9finir individuellement les possibilit\u00e9s de paiement avec le logiciel pour boutiques en ligne.   <\/p>\t\t\t\t\t\t\t\t<\/div>\n\t\t\t\t<\/div>\n\t\t\t\t\t<\/div>\n\t\t<\/div>\n\t\t\t\t\t<\/div>\n\t\t<\/section>\n\t\t\t\t\t<\/div>\n\t\t<\/div>\n\t\t\t\t\t<\/div>\n\t\t<\/section>\n\t\t\t\t<\/div>\n\t\t","protected":false},"excerpt":{"rendered":"<p>Syst\u00e8me de boutique Avec le syst\u00e8me de boutique 1Tool, vendez vos produits et services avec succ\u00e8s sur Internet Logiciel de boutique en ligne flexible Avec notre logiciel de boutique en ligne professionnel, vous pouvez facilement g\u00e9rer et vendre vos produits et services en ligne. Sans aucune connaissance en programmation, vous r\u00e9alisez vous-m\u00eame chaque \u00e9tape du [&hellip;]<\/p>\n","protected":false},"author":1,"featured_media":0,"parent":79058,"menu_order":0,"comment_status":"closed","ping_status":"closed","template":"","meta":{"inline_featured_image":false,"footnotes":""},"class_list":["post-78932","page","type-page","status-publish","hentry"],"acf":[],"yoast_head":"<!-- This site is optimized with the Yoast SEO plugin v27.5 - https:\/\/yoast.com\/product\/yoast-seo-wordpress\/ -->\n<title>Syst\u00e8me de boutique - 1Tool<\/title>\n<meta name=\"robots\" content=\"index, follow, max-snippet:-1, max-image-preview:large, max-video-preview:-1\" \/>\n<link rel=\"canonical\" href=\"https:\/\/www.1tool.com\/fr\/modules\/gestion-des-marchandises-boutique\/boutique\/fonctions-du-module-boutique\/systeme-de-boutique\/\" \/>\n<meta property=\"og:locale\" content=\"fr_FR\" \/>\n<meta property=\"og:type\" content=\"article\" \/>\n<meta property=\"og:title\" content=\"Syst\u00e8me de boutique - 1Tool\" \/>\n<meta property=\"og:description\" content=\"Syst\u00e8me de boutique Avec le syst\u00e8me de boutique 1Tool, vendez vos produits et services avec succ\u00e8s sur Internet Logiciel de boutique en ligne flexible Avec notre logiciel de boutique en ligne professionnel, vous pouvez facilement g\u00e9rer et vendre vos produits et services en ligne. Sans aucune connaissance en programmation, vous r\u00e9alisez vous-m\u00eame chaque \u00e9tape du [&hellip;]\" \/>\n<meta property=\"og:url\" content=\"https:\/\/www.1tool.com\/fr\/modules\/gestion-des-marchandises-boutique\/boutique\/fonctions-du-module-boutique\/systeme-de-boutique\/\" \/>\n<meta property=\"og:site_name\" content=\"1Tool\" \/>\n<meta property=\"article:modified_time\" content=\"2026-05-07T12:59:34+00:00\" \/>\n<meta name=\"twitter:card\" content=\"summary_large_image\" \/>\n<meta name=\"twitter:label1\" content=\"Dur\u00e9e de lecture estim\u00e9e\" \/>\n\t<meta name=\"twitter:data1\" content=\"3 minutes\" \/>\n<script type=\"application\/ld+json\" class=\"yoast-schema-graph\">{\"@context\":\"https:\\\/\\\/schema.org\",\"@graph\":[{\"@type\":\"WebPage\",\"@id\":\"https:\\\/\\\/www.1tool.com\\\/fr\\\/modules\\\/gestion-des-marchandises-boutique\\\/boutique\\\/fonctions-du-module-boutique\\\/systeme-de-boutique\\\/\",\"url\":\"https:\\\/\\\/www.1tool.com\\\/fr\\\/modules\\\/gestion-des-marchandises-boutique\\\/boutique\\\/fonctions-du-module-boutique\\\/systeme-de-boutique\\\/\",\"name\":\"Syst\u00e8me de boutique - 1Tool\",\"isPartOf\":{\"@id\":\"https:\\\/\\\/www.1tool.com\\\/fr\\\/#website\"},\"datePublished\":\"2022-03-30T15:59:36+00:00\",\"dateModified\":\"2026-05-07T12:59:34+00:00\",\"breadcrumb\":{\"@id\":\"https:\\\/\\\/www.1tool.com\\\/fr\\\/modules\\\/gestion-des-marchandises-boutique\\\/boutique\\\/fonctions-du-module-boutique\\\/systeme-de-boutique\\\/#breadcrumb\"},\"inLanguage\":\"fr-FR\",\"potentialAction\":[{\"@type\":\"ReadAction\",\"target\":[\"https:\\\/\\\/www.1tool.com\\\/fr\\\/modules\\\/gestion-des-marchandises-boutique\\\/boutique\\\/fonctions-du-module-boutique\\\/systeme-de-boutique\\\/\"]}]},{\"@type\":\"BreadcrumbList\",\"@id\":\"https:\\\/\\\/www.1tool.com\\\/fr\\\/modules\\\/gestion-des-marchandises-boutique\\\/boutique\\\/fonctions-du-module-boutique\\\/systeme-de-boutique\\\/#breadcrumb\",\"itemListElement\":[{\"@type\":\"ListItem\",\"position\":1,\"name\":\"Home\",\"item\":\"https:\\\/\\\/www.1tool.com\\\/fr\\\/\"},{\"@type\":\"ListItem\",\"position\":2,\"name\":\"Modules\",\"item\":\"https:\\\/\\\/www.1tool.com\\\/fr\\\/module\\\/\"},{\"@type\":\"ListItem\",\"position\":3,\"name\":\"Gestion des marchandises &amp; boutique\",\"item\":\"https:\\\/\\\/www.1tool.com\\\/fr\\\/modules\\\/gestion-des-marchandises-boutique\\\/\"},{\"@type\":\"ListItem\",\"position\":4,\"name\":\"Boutique\",\"item\":\"https:\\\/\\\/www.1tool.com\\\/fr\\\/modules\\\/gestion-des-marchandises-boutique\\\/boutique\\\/\"},{\"@type\":\"ListItem\",\"position\":5,\"name\":\"Fonctions du module boutique\",\"item\":\"https:\\\/\\\/www.1tool.com\\\/fr\\\/modules\\\/gestion-des-marchandises-boutique\\\/boutique\\\/fonctions-du-module-boutique\\\/\"},{\"@type\":\"ListItem\",\"position\":6,\"name\":\"Syst\u00e8me de boutique\"}]},{\"@type\":\"WebSite\",\"@id\":\"https:\\\/\\\/www.1tool.com\\\/fr\\\/#website\",\"url\":\"https:\\\/\\\/www.1tool.com\\\/fr\\\/\",\"name\":\"1Tool\",\"description\":\"CRM\",\"publisher\":{\"@id\":\"https:\\\/\\\/www.1tool.com\\\/fr\\\/#organization\"},\"potentialAction\":[{\"@type\":\"SearchAction\",\"target\":{\"@type\":\"EntryPoint\",\"urlTemplate\":\"https:\\\/\\\/www.1tool.com\\\/fr\\\/?s={search_term_string}\"},\"query-input\":{\"@type\":\"PropertyValueSpecification\",\"valueRequired\":true,\"valueName\":\"search_term_string\"}}],\"inLanguage\":\"fr-FR\"},{\"@type\":\"Organization\",\"@id\":\"https:\\\/\\\/www.1tool.com\\\/fr\\\/#organization\",\"name\":\"1Tool\",\"url\":\"https:\\\/\\\/www.1tool.com\\\/fr\\\/\",\"logo\":{\"@type\":\"ImageObject\",\"inLanguage\":\"fr-FR\",\"@id\":\"https:\\\/\\\/www.1tool.com\\\/fr\\\/#\\\/schema\\\/logo\\\/image\\\/\",\"url\":\"https:\\\/\\\/www.1tool.com\\\/wp-content\\\/uploads\\\/2022\\\/04\\\/1tool-1.png\",\"contentUrl\":\"https:\\\/\\\/www.1tool.com\\\/wp-content\\\/uploads\\\/2022\\\/04\\\/1tool-1.png\",\"width\":400,\"height\":150,\"caption\":\"1Tool\"},\"image\":{\"@id\":\"https:\\\/\\\/www.1tool.com\\\/fr\\\/#\\\/schema\\\/logo\\\/image\\\/\"}}]}<\/script>\n<!-- \/ Yoast SEO plugin. -->","yoast_head_json":{"title":"Syst\u00e8me de boutique - 1Tool","robots":{"index":"index","follow":"follow","max-snippet":"max-snippet:-1","max-image-preview":"max-image-preview:large","max-video-preview":"max-video-preview:-1"},"canonical":"https:\/\/www.1tool.com\/fr\/modules\/gestion-des-marchandises-boutique\/boutique\/fonctions-du-module-boutique\/systeme-de-boutique\/","og_locale":"fr_FR","og_type":"article","og_title":"Syst\u00e8me de boutique - 1Tool","og_description":"Syst\u00e8me de boutique Avec le syst\u00e8me de boutique 1Tool, vendez vos produits et services avec succ\u00e8s sur Internet Logiciel de boutique en ligne flexible Avec notre logiciel de boutique en ligne professionnel, vous pouvez facilement g\u00e9rer et vendre vos produits et services en ligne. Sans aucune connaissance en programmation, vous r\u00e9alisez vous-m\u00eame chaque \u00e9tape du [&hellip;]","og_url":"https:\/\/www.1tool.com\/fr\/modules\/gestion-des-marchandises-boutique\/boutique\/fonctions-du-module-boutique\/systeme-de-boutique\/","og_site_name":"1Tool","article_modified_time":"2026-05-07T12:59:34+00:00","twitter_card":"summary_large_image","twitter_misc":{"Dur\u00e9e de lecture estim\u00e9e":"3 minutes"},"schema":{"@context":"https:\/\/schema.org","@graph":[{"@type":"WebPage","@id":"https:\/\/www.1tool.com\/fr\/modules\/gestion-des-marchandises-boutique\/boutique\/fonctions-du-module-boutique\/systeme-de-boutique\/","url":"https:\/\/www.1tool.com\/fr\/modules\/gestion-des-marchandises-boutique\/boutique\/fonctions-du-module-boutique\/systeme-de-boutique\/","name":"Syst\u00e8me de boutique - 1Tool","isPartOf":{"@id":"https:\/\/www.1tool.com\/fr\/#website"},"datePublished":"2022-03-30T15:59:36+00:00","dateModified":"2026-05-07T12:59:34+00:00","breadcrumb":{"@id":"https:\/\/www.1tool.com\/fr\/modules\/gestion-des-marchandises-boutique\/boutique\/fonctions-du-module-boutique\/systeme-de-boutique\/#breadcrumb"},"inLanguage":"fr-FR","potentialAction":[{"@type":"ReadAction","target":["https:\/\/www.1tool.com\/fr\/modules\/gestion-des-marchandises-boutique\/boutique\/fonctions-du-module-boutique\/systeme-de-boutique\/"]}]},{"@type":"BreadcrumbList","@id":"https:\/\/www.1tool.com\/fr\/modules\/gestion-des-marchandises-boutique\/boutique\/fonctions-du-module-boutique\/systeme-de-boutique\/#breadcrumb","itemListElement":[{"@type":"ListItem","position":1,"name":"Home","item":"https:\/\/www.1tool.com\/fr\/"},{"@type":"ListItem","position":2,"name":"Modules","item":"https:\/\/www.1tool.com\/fr\/module\/"},{"@type":"ListItem","position":3,"name":"Gestion des marchandises &amp; boutique","item":"https:\/\/www.1tool.com\/fr\/modules\/gestion-des-marchandises-boutique\/"},{"@type":"ListItem","position":4,"name":"Boutique","item":"https:\/\/www.1tool.com\/fr\/modules\/gestion-des-marchandises-boutique\/boutique\/"},{"@type":"ListItem","position":5,"name":"Fonctions du module boutique","item":"https:\/\/www.1tool.com\/fr\/modules\/gestion-des-marchandises-boutique\/boutique\/fonctions-du-module-boutique\/"},{"@type":"ListItem","position":6,"name":"Syst\u00e8me de boutique"}]},{"@type":"WebSite","@id":"https:\/\/www.1tool.com\/fr\/#website","url":"https:\/\/www.1tool.com\/fr\/","name":"1Tool","description":"CRM","publisher":{"@id":"https:\/\/www.1tool.com\/fr\/#organization"},"potentialAction":[{"@type":"SearchAction","target":{"@type":"EntryPoint","urlTemplate":"https:\/\/www.1tool.com\/fr\/?s={search_term_string}"},"query-input":{"@type":"PropertyValueSpecification","valueRequired":true,"valueName":"search_term_string"}}],"inLanguage":"fr-FR"},{"@type":"Organization","@id":"https:\/\/www.1tool.com\/fr\/#organization","name":"1Tool","url":"https:\/\/www.1tool.com\/fr\/","logo":{"@type":"ImageObject","inLanguage":"fr-FR","@id":"https:\/\/www.1tool.com\/fr\/#\/schema\/logo\/image\/","url":"https:\/\/www.1tool.com\/wp-content\/uploads\/2022\/04\/1tool-1.png","contentUrl":"https:\/\/www.1tool.com\/wp-content\/uploads\/2022\/04\/1tool-1.png","width":400,"height":150,"caption":"1Tool"},"image":{"@id":"https:\/\/www.1tool.com\/fr\/#\/schema\/logo\/image\/"}}]}},"_links":{"self":[{"href":"https:\/\/www.1tool.com\/fr\/wp-json\/wp\/v2\/pages\/78932","targetHints":{"allow":["GET"]}}],"collection":[{"href":"https:\/\/www.1tool.com\/fr\/wp-json\/wp\/v2\/pages"}],"about":[{"href":"https:\/\/www.1tool.com\/fr\/wp-json\/wp\/v2\/types\/page"}],"author":[{"embeddable":true,"href":"https:\/\/www.1tool.com\/fr\/wp-json\/wp\/v2\/users\/1"}],"replies":[{"embeddable":true,"href":"https:\/\/www.1tool.com\/fr\/wp-json\/wp\/v2\/comments?post=78932"}],"version-history":[{"count":1,"href":"https:\/\/www.1tool.com\/fr\/wp-json\/wp\/v2\/pages\/78932\/revisions"}],"predecessor-version":[{"id":78933,"href":"https:\/\/www.1tool.com\/fr\/wp-json\/wp\/v2\/pages\/78932\/revisions\/78933"}],"up":[{"embeddable":true,"href":"https:\/\/www.1tool.com\/fr\/wp-json\/wp\/v2\/pages\/79058"}],"wp:attachment":[{"href":"https:\/\/www.1tool.com\/fr\/wp-json\/wp\/v2\/media?parent=78932"}],"curies":[{"name":"wp","href":"https:\/\/api.w.org\/{rel}","templated":true}]}}