{"id":78934,"date":"2022-03-30T15:02:12","date_gmt":"2022-03-30T13:02:12","guid":{"rendered":"https:\/\/www.1tool.com\/planification-des-rendez-vous\/"},"modified":"2026-05-07T14:59:41","modified_gmt":"2026-05-07T12:59:41","slug":"planification-des-rendez-vous","status":"publish","type":"page","link":"https:\/\/www.1tool.com\/fr\/modules\/organisation-et-service\/calendrier\/fonctions-du-module-calendrier\/planification-des-rendez-vous\/","title":{"rendered":"Planification des rendez-vous"},"content":{"rendered":"\t\t<div data-elementor-type=\"wp-page\" data-elementor-id=\"78934\" class=\"elementor elementor-78934 elementor-49275\" data-elementor-post-type=\"page\">\n\t\t\t\t\t\t<section class=\"elementor-section elementor-top-section elementor-element elementor-element-4d09cb6 elementor-section-boxed elementor-section-height-default elementor-section-height-default shadepro-adv-gradient-no shadepro-sticky-no\" data-id=\"4d09cb6\" data-element_type=\"section\" data-e-type=\"section\" data-settings=\"{&quot;shadepro_sticky&quot;:&quot;no&quot;}\">\n\t\t\t\t\t\t<div class=\"elementor-container elementor-column-gap-default\">\n\t\t\t\t\t<div class=\"elementor-column elementor-col-100 elementor-top-column elementor-element elementor-element-c95d4ff\" data-id=\"c95d4ff\" data-element_type=\"column\" data-e-type=\"column\">\n\t\t\t<div class=\"elementor-widget-wrap elementor-element-populated\">\n\t\t\t\t\t\t<div class=\"elementor-element elementor-element-98a3aa3 shadepro-sticky-no elementor-widget elementor-widget-heading\" data-id=\"98a3aa3\" data-element_type=\"widget\" data-e-type=\"widget\" data-settings=\"{&quot;shadepro_sticky&quot;:&quot;no&quot;}\" data-widget_type=\"heading.default\">\n\t\t\t\t<div class=\"elementor-widget-container\">\n\t\t\t\t\t<h1 class=\"elementor-heading-title elementor-size-default\">Planification des rendez-vous<\/h1>\t\t\t\t<\/div>\n\t\t\t\t<\/div>\n\t\t\t\t<div class=\"elementor-element elementor-element-60eb146 shadepro-sticky-no elementor-widget elementor-widget-text-editor\" data-id=\"60eb146\" data-element_type=\"widget\" data-e-type=\"widget\" data-settings=\"{&quot;shadepro_sticky&quot;:&quot;no&quot;}\" data-widget_type=\"text-editor.default\">\n\t\t\t\t<div class=\"elementor-widget-container\">\n\t\t\t\t\t\t\t\t\t<p>Logiciel de planification professionnelle des rendez-vous &#8211; G\u00e9rez vos rendez-vous professionnels et personnels en appuyant sur un bouton.<\/p>\t\t\t\t\t\t\t\t<\/div>\n\t\t\t\t<\/div>\n\t\t\t\t<section class=\"elementor-section elementor-inner-section elementor-element elementor-element-9d7f8cc elementor-section-boxed elementor-section-height-default elementor-section-height-default shadepro-adv-gradient-no shadepro-sticky-no\" data-id=\"9d7f8cc\" data-element_type=\"section\" data-e-type=\"section\" data-settings=\"{&quot;shadepro_sticky&quot;:&quot;no&quot;}\">\n\t\t\t\t\t\t<div class=\"elementor-container elementor-column-gap-default\">\n\t\t\t\t\t<div class=\"elementor-column elementor-col-100 elementor-inner-column elementor-element elementor-element-574f115\" data-id=\"574f115\" data-element_type=\"column\" data-e-type=\"column\">\n\t\t\t<div class=\"elementor-widget-wrap elementor-element-populated\">\n\t\t\t\t\t\t<div class=\"elementor-element elementor-element-0618079 shadepro-sticky-no elementor-widget elementor-widget-text-editor\" data-id=\"0618079\" data-element_type=\"widget\" data-e-type=\"widget\" data-settings=\"{&quot;shadepro_sticky&quot;:&quot;no&quot;}\" data-widget_type=\"text-editor.default\">\n\t\t\t\t<div class=\"elementor-widget-container\">\n\t\t\t\t\t\t\t\t\t<h3>Logiciel d&#8217;agenda &#8211; Tous les \u00e9v\u00e9nements en un seul endroit<\/h3><p>Le logiciel d&#8217;agenda 1Tool comprend un calendrier clair qui vous permet de g\u00e9rer tous vos rendez-vous et \u00e9v\u00e9nements de mani\u00e8re centralis\u00e9e dans une base de donn\u00e9es. Les fonctionnalit\u00e9s intuitives de l&#8217;agenda en ligne vous aident \u00e0 organiser et \u00e0 coordonner avec succ\u00e8s les demandes, les r\u00e9unions et les conf\u00e9rences. Gr\u00e2ce au logiciel d&#8217;agenda bas\u00e9 sur le cloud, les collaborateurs itin\u00e9rants ont \u00e9galement la possibilit\u00e9 de saisir leurs rendez-vous \u00e0 tout moment via leur smartphone ou leur tablette.  <\/p><p> <\/p><h3>Outil d&#8217;agenda pour smartphone et tablette<\/h3><p>L&#8217;outil d&#8217;agenda 1Tool supporte le Caldav, ce qui signifie que vos rendez-vous sont automatiquement synchronis\u00e9s sur les appareils personnels. Cela vous permet de g\u00e9rer avec succ\u00e8s votre planning de visites, m\u00eame si vous \u00eates sur le terrain. La synchronisation de l&#8217;agenda est disponible pour les appareils suivants :  <\/p><ul><li>Apple iPad<\/li><li>Apple iCal<\/li><li>Apple iPhone<\/li><li>Mozilla Sunbird<\/li><li>Smartphones avec syst\u00e8me d&#8217;exploitation Android<\/li><\/ul><p>Cette synchronisation se fait en temps r\u00e9el, ce qui signifie que lorsque vous ajoutez de nouveaux rendez-vous dans le calendrier 1Tool, ils apparaissent imm\u00e9diatement sur votre appareil personnel. Nous pouvons \u00e9galement synchroniser divers calendriers, comme un calendrier Outlook, avec vos appareils personnels. <\/p><p> <\/p><h4>Utilisation de l&#8217;agenda gr\u00e2ce \u00e0 une gestion efficace des rendez-vous<\/h4><p>L&#8217;agenda du 1Tool vous permet de garder un \u0153il sur les \u00e9v\u00e9nements et les disponibilit\u00e9s. La gestion efficace des rendez-vous vous aide \u00e0 \u00e9quilibrer vos rendez-vous personnels et professionnels et facilite la collaboration au sein de l&#8217;entreprise avec vos coll\u00e8gues et collaborateurs. Vous pouvez cr\u00e9er des cat\u00e9gories de calendrier et des types de rendez-vous dans l&#8217;agenda num\u00e9rique de 1Tool en appuyant sur un bouton. Gr\u00e2ce \u00e0 des couleurs diff\u00e9rentes, vous pouvez les distinguer d&#8217;un coup d&#8217;\u0153il dans l&#8217;aper\u00e7u de votre gestion de rendez-vous. En fonction de l&#8217;autorisation, vos rendez-vous sont \u00e9galement visibles pour d&#8217;autres collaborateurs &#8211; vous pouvez distinguer individuellement entre une autorisation de lecture et d&#8217;\u00e9criture. Et inversement, vous avez acc\u00e8s \u00e0 la gestion des rendez-vous d&#8217;autres utilisateurs d\u00e8s qu&#8217;ils partagent leur agenda avec vous.     <\/p><p>En outre, le logiciel d&#8217;agenda 1Tool dispose d&#8217;une gestion efficace des participants, y compris d&#8217;une fonction de rappel. Ainsi, vos clients re\u00e7oivent automatiquement un rappel par e-mail avant le rendez-vous fix\u00e9. Les temps morts et les rendez-vous oubli\u00e9s sont donc de l&#8217;histoire ancienne &#8211; 1Tool garantit une pleine utilisation des rendez-vous.  <\/p><p>Consultez <em>notre manuel pour savoir comment configurer l&#8217;<strong><a href=\"https:\/\/www.1tool.com\/manual\/synchronisation\/caldav-integration\/\" target=\"_blank\" rel=\"noreferrer noopener\">int\u00e9gration CalDAV<\/a><\/strong><\/em>.<\/p>\t\t\t\t\t\t\t\t<\/div>\n\t\t\t\t<\/div>\n\t\t\t\t\t<\/div>\n\t\t<\/div>\n\t\t\t\t\t<\/div>\n\t\t<\/section>\n\t\t\t\t\t<\/div>\n\t\t<\/div>\n\t\t\t\t\t<\/div>\n\t\t<\/section>\n\t\t\t\t<\/div>\n\t\t","protected":false},"excerpt":{"rendered":"<p>Planification des rendez-vous Logiciel de planification professionnelle des rendez-vous &#8211; G\u00e9rez vos rendez-vous professionnels et personnels en appuyant sur un bouton. Logiciel d&#8217;agenda &#8211; Tous les \u00e9v\u00e9nements en un seul endroit Le logiciel d&#8217;agenda 1Tool comprend un calendrier clair qui vous permet de g\u00e9rer tous vos rendez-vous et \u00e9v\u00e9nements de mani\u00e8re centralis\u00e9e dans une base [&hellip;]<\/p>\n","protected":false},"author":1,"featured_media":0,"parent":79067,"menu_order":0,"comment_status":"closed","ping_status":"closed","template":"","meta":{"inline_featured_image":false,"footnotes":""},"class_list":["post-78934","page","type-page","status-publish","hentry"],"acf":[],"yoast_head":"<!-- This site is optimized with the Yoast SEO plugin v27.5 - https:\/\/yoast.com\/product\/yoast-seo-wordpress\/ -->\n<title>Planification des rendez-vous - 1Tool<\/title>\n<meta name=\"robots\" content=\"index, follow, max-snippet:-1, max-image-preview:large, max-video-preview:-1\" \/>\n<link rel=\"canonical\" href=\"https:\/\/www.1tool.com\/fr\/modules\/organisation-et-service\/calendrier\/fonctions-du-module-calendrier\/planification-des-rendez-vous\/\" \/>\n<meta property=\"og:locale\" content=\"fr_FR\" \/>\n<meta property=\"og:type\" content=\"article\" \/>\n<meta property=\"og:title\" content=\"Planification des rendez-vous - 1Tool\" \/>\n<meta property=\"og:description\" content=\"Planification des rendez-vous Logiciel de planification professionnelle des rendez-vous &#8211; G\u00e9rez vos rendez-vous professionnels et personnels en appuyant sur un bouton. Logiciel d&#8217;agenda &#8211; Tous les \u00e9v\u00e9nements en un seul endroit Le logiciel d&#8217;agenda 1Tool comprend un calendrier clair qui vous permet de g\u00e9rer tous vos rendez-vous et \u00e9v\u00e9nements de mani\u00e8re centralis\u00e9e dans une base [&hellip;]\" \/>\n<meta property=\"og:url\" content=\"https:\/\/www.1tool.com\/fr\/modules\/organisation-et-service\/calendrier\/fonctions-du-module-calendrier\/planification-des-rendez-vous\/\" \/>\n<meta property=\"og:site_name\" content=\"1Tool\" \/>\n<meta property=\"article:modified_time\" content=\"2026-05-07T12:59:41+00:00\" \/>\n<meta name=\"twitter:card\" content=\"summary_large_image\" \/>\n<meta name=\"twitter:label1\" content=\"Dur\u00e9e de lecture estim\u00e9e\" \/>\n\t<meta name=\"twitter:data1\" content=\"2 minutes\" \/>\n<script type=\"application\/ld+json\" class=\"yoast-schema-graph\">{\"@context\":\"https:\\\/\\\/schema.org\",\"@graph\":[{\"@type\":\"WebPage\",\"@id\":\"https:\\\/\\\/www.1tool.com\\\/fr\\\/modules\\\/organisation-et-service\\\/calendrier\\\/fonctions-du-module-calendrier\\\/planification-des-rendez-vous\\\/\",\"url\":\"https:\\\/\\\/www.1tool.com\\\/fr\\\/modules\\\/organisation-et-service\\\/calendrier\\\/fonctions-du-module-calendrier\\\/planification-des-rendez-vous\\\/\",\"name\":\"Planification des rendez-vous - 1Tool\",\"isPartOf\":{\"@id\":\"https:\\\/\\\/www.1tool.com\\\/fr\\\/#website\"},\"datePublished\":\"2022-03-30T13:02:12+00:00\",\"dateModified\":\"2026-05-07T12:59:41+00:00\",\"breadcrumb\":{\"@id\":\"https:\\\/\\\/www.1tool.com\\\/fr\\\/modules\\\/organisation-et-service\\\/calendrier\\\/fonctions-du-module-calendrier\\\/planification-des-rendez-vous\\\/#breadcrumb\"},\"inLanguage\":\"fr-FR\",\"potentialAction\":[{\"@type\":\"ReadAction\",\"target\":[\"https:\\\/\\\/www.1tool.com\\\/fr\\\/modules\\\/organisation-et-service\\\/calendrier\\\/fonctions-du-module-calendrier\\\/planification-des-rendez-vous\\\/\"]}]},{\"@type\":\"BreadcrumbList\",\"@id\":\"https:\\\/\\\/www.1tool.com\\\/fr\\\/modules\\\/organisation-et-service\\\/calendrier\\\/fonctions-du-module-calendrier\\\/planification-des-rendez-vous\\\/#breadcrumb\",\"itemListElement\":[{\"@type\":\"ListItem\",\"position\":1,\"name\":\"Home\",\"item\":\"https:\\\/\\\/www.1tool.com\\\/fr\\\/\"},{\"@type\":\"ListItem\",\"position\":2,\"name\":\"Modules\",\"item\":\"https:\\\/\\\/www.1tool.com\\\/fr\\\/module\\\/\"},{\"@type\":\"ListItem\",\"position\":3,\"name\":\"Organisation et service\",\"item\":\"https:\\\/\\\/www.1tool.com\\\/fr\\\/modules\\\/organisation-et-service\\\/\"},{\"@type\":\"ListItem\",\"position\":4,\"name\":\"Calendrier\",\"item\":\"https:\\\/\\\/www.1tool.com\\\/fr\\\/modules\\\/organisation-et-service\\\/calendrier\\\/\"},{\"@type\":\"ListItem\",\"position\":5,\"name\":\"Fonctions du module Calendrier\",\"item\":\"https:\\\/\\\/www.1tool.com\\\/fr\\\/modules\\\/organisation-et-service\\\/calendrier\\\/fonctions-du-module-calendrier\\\/\"},{\"@type\":\"ListItem\",\"position\":6,\"name\":\"Planification des rendez-vous\"}]},{\"@type\":\"WebSite\",\"@id\":\"https:\\\/\\\/www.1tool.com\\\/fr\\\/#website\",\"url\":\"https:\\\/\\\/www.1tool.com\\\/fr\\\/\",\"name\":\"1Tool\",\"description\":\"CRM\",\"publisher\":{\"@id\":\"https:\\\/\\\/www.1tool.com\\\/fr\\\/#organization\"},\"potentialAction\":[{\"@type\":\"SearchAction\",\"target\":{\"@type\":\"EntryPoint\",\"urlTemplate\":\"https:\\\/\\\/www.1tool.com\\\/fr\\\/?s={search_term_string}\"},\"query-input\":{\"@type\":\"PropertyValueSpecification\",\"valueRequired\":true,\"valueName\":\"search_term_string\"}}],\"inLanguage\":\"fr-FR\"},{\"@type\":\"Organization\",\"@id\":\"https:\\\/\\\/www.1tool.com\\\/fr\\\/#organization\",\"name\":\"1Tool\",\"url\":\"https:\\\/\\\/www.1tool.com\\\/fr\\\/\",\"logo\":{\"@type\":\"ImageObject\",\"inLanguage\":\"fr-FR\",\"@id\":\"https:\\\/\\\/www.1tool.com\\\/fr\\\/#\\\/schema\\\/logo\\\/image\\\/\",\"url\":\"https:\\\/\\\/www.1tool.com\\\/wp-content\\\/uploads\\\/2022\\\/04\\\/1tool-1.png\",\"contentUrl\":\"https:\\\/\\\/www.1tool.com\\\/wp-content\\\/uploads\\\/2022\\\/04\\\/1tool-1.png\",\"width\":400,\"height\":150,\"caption\":\"1Tool\"},\"image\":{\"@id\":\"https:\\\/\\\/www.1tool.com\\\/fr\\\/#\\\/schema\\\/logo\\\/image\\\/\"}}]}<\/script>\n<!-- \/ Yoast SEO plugin. -->","yoast_head_json":{"title":"Planification des rendez-vous - 1Tool","robots":{"index":"index","follow":"follow","max-snippet":"max-snippet:-1","max-image-preview":"max-image-preview:large","max-video-preview":"max-video-preview:-1"},"canonical":"https:\/\/www.1tool.com\/fr\/modules\/organisation-et-service\/calendrier\/fonctions-du-module-calendrier\/planification-des-rendez-vous\/","og_locale":"fr_FR","og_type":"article","og_title":"Planification des rendez-vous - 1Tool","og_description":"Planification des rendez-vous Logiciel de planification professionnelle des rendez-vous &#8211; G\u00e9rez vos rendez-vous professionnels et personnels en appuyant sur un bouton. Logiciel d&#8217;agenda &#8211; Tous les \u00e9v\u00e9nements en un seul endroit Le logiciel d&#8217;agenda 1Tool comprend un calendrier clair qui vous permet de g\u00e9rer tous vos rendez-vous et \u00e9v\u00e9nements de mani\u00e8re centralis\u00e9e dans une base [&hellip;]","og_url":"https:\/\/www.1tool.com\/fr\/modules\/organisation-et-service\/calendrier\/fonctions-du-module-calendrier\/planification-des-rendez-vous\/","og_site_name":"1Tool","article_modified_time":"2026-05-07T12:59:41+00:00","twitter_card":"summary_large_image","twitter_misc":{"Dur\u00e9e de lecture estim\u00e9e":"2 minutes"},"schema":{"@context":"https:\/\/schema.org","@graph":[{"@type":"WebPage","@id":"https:\/\/www.1tool.com\/fr\/modules\/organisation-et-service\/calendrier\/fonctions-du-module-calendrier\/planification-des-rendez-vous\/","url":"https:\/\/www.1tool.com\/fr\/modules\/organisation-et-service\/calendrier\/fonctions-du-module-calendrier\/planification-des-rendez-vous\/","name":"Planification des rendez-vous - 1Tool","isPartOf":{"@id":"https:\/\/www.1tool.com\/fr\/#website"},"datePublished":"2022-03-30T13:02:12+00:00","dateModified":"2026-05-07T12:59:41+00:00","breadcrumb":{"@id":"https:\/\/www.1tool.com\/fr\/modules\/organisation-et-service\/calendrier\/fonctions-du-module-calendrier\/planification-des-rendez-vous\/#breadcrumb"},"inLanguage":"fr-FR","potentialAction":[{"@type":"ReadAction","target":["https:\/\/www.1tool.com\/fr\/modules\/organisation-et-service\/calendrier\/fonctions-du-module-calendrier\/planification-des-rendez-vous\/"]}]},{"@type":"BreadcrumbList","@id":"https:\/\/www.1tool.com\/fr\/modules\/organisation-et-service\/calendrier\/fonctions-du-module-calendrier\/planification-des-rendez-vous\/#breadcrumb","itemListElement":[{"@type":"ListItem","position":1,"name":"Home","item":"https:\/\/www.1tool.com\/fr\/"},{"@type":"ListItem","position":2,"name":"Modules","item":"https:\/\/www.1tool.com\/fr\/module\/"},{"@type":"ListItem","position":3,"name":"Organisation et service","item":"https:\/\/www.1tool.com\/fr\/modules\/organisation-et-service\/"},{"@type":"ListItem","position":4,"name":"Calendrier","item":"https:\/\/www.1tool.com\/fr\/modules\/organisation-et-service\/calendrier\/"},{"@type":"ListItem","position":5,"name":"Fonctions du module Calendrier","item":"https:\/\/www.1tool.com\/fr\/modules\/organisation-et-service\/calendrier\/fonctions-du-module-calendrier\/"},{"@type":"ListItem","position":6,"name":"Planification des rendez-vous"}]},{"@type":"WebSite","@id":"https:\/\/www.1tool.com\/fr\/#website","url":"https:\/\/www.1tool.com\/fr\/","name":"1Tool","description":"CRM","publisher":{"@id":"https:\/\/www.1tool.com\/fr\/#organization"},"potentialAction":[{"@type":"SearchAction","target":{"@type":"EntryPoint","urlTemplate":"https:\/\/www.1tool.com\/fr\/?s={search_term_string}"},"query-input":{"@type":"PropertyValueSpecification","valueRequired":true,"valueName":"search_term_string"}}],"inLanguage":"fr-FR"},{"@type":"Organization","@id":"https:\/\/www.1tool.com\/fr\/#organization","name":"1Tool","url":"https:\/\/www.1tool.com\/fr\/","logo":{"@type":"ImageObject","inLanguage":"fr-FR","@id":"https:\/\/www.1tool.com\/fr\/#\/schema\/logo\/image\/","url":"https:\/\/www.1tool.com\/wp-content\/uploads\/2022\/04\/1tool-1.png","contentUrl":"https:\/\/www.1tool.com\/wp-content\/uploads\/2022\/04\/1tool-1.png","width":400,"height":150,"caption":"1Tool"},"image":{"@id":"https:\/\/www.1tool.com\/fr\/#\/schema\/logo\/image\/"}}]}},"_links":{"self":[{"href":"https:\/\/www.1tool.com\/fr\/wp-json\/wp\/v2\/pages\/78934","targetHints":{"allow":["GET"]}}],"collection":[{"href":"https:\/\/www.1tool.com\/fr\/wp-json\/wp\/v2\/pages"}],"about":[{"href":"https:\/\/www.1tool.com\/fr\/wp-json\/wp\/v2\/types\/page"}],"author":[{"embeddable":true,"href":"https:\/\/www.1tool.com\/fr\/wp-json\/wp\/v2\/users\/1"}],"replies":[{"embeddable":true,"href":"https:\/\/www.1tool.com\/fr\/wp-json\/wp\/v2\/comments?post=78934"}],"version-history":[{"count":1,"href":"https:\/\/www.1tool.com\/fr\/wp-json\/wp\/v2\/pages\/78934\/revisions"}],"predecessor-version":[{"id":78935,"href":"https:\/\/www.1tool.com\/fr\/wp-json\/wp\/v2\/pages\/78934\/revisions\/78935"}],"up":[{"embeddable":true,"href":"https:\/\/www.1tool.com\/fr\/wp-json\/wp\/v2\/pages\/79067"}],"wp:attachment":[{"href":"https:\/\/www.1tool.com\/fr\/wp-json\/wp\/v2\/media?parent=78934"}],"curies":[{"name":"wp","href":"https:\/\/api.w.org\/{rel}","templated":true}]}}