{"id":78936,"date":"2022-03-30T15:00:05","date_gmt":"2022-03-30T13:00:05","guid":{"rendered":"https:\/\/www.1tool.com\/planification-des-visites\/"},"modified":"2026-05-07T14:59:41","modified_gmt":"2026-05-07T12:59:41","slug":"planification-des-visites","status":"publish","type":"page","link":"https:\/\/www.1tool.com\/fr\/modules\/organisation-et-service\/calendrier\/fonctions-du-module-calendrier\/planification-des-visites\/","title":{"rendered":"Planification des visites"},"content":{"rendered":"\t\t<div data-elementor-type=\"wp-page\" data-elementor-id=\"78936\" class=\"elementor elementor-78936 elementor-49258\" data-elementor-post-type=\"page\">\n\t\t\t\t\t\t<section class=\"elementor-section elementor-top-section elementor-element elementor-element-a4920be elementor-section-boxed elementor-section-height-default elementor-section-height-default shadepro-adv-gradient-no shadepro-sticky-no\" data-id=\"a4920be\" data-element_type=\"section\" data-e-type=\"section\" data-settings=\"{&quot;shadepro_sticky&quot;:&quot;no&quot;}\">\n\t\t\t\t\t\t<div class=\"elementor-container elementor-column-gap-default\">\n\t\t\t\t\t<div class=\"elementor-column elementor-col-100 elementor-top-column elementor-element elementor-element-d7626a1\" data-id=\"d7626a1\" data-element_type=\"column\" data-e-type=\"column\">\n\t\t\t<div class=\"elementor-widget-wrap elementor-element-populated\">\n\t\t\t\t\t\t<div class=\"elementor-element elementor-element-a08b73a shadepro-sticky-no elementor-widget elementor-widget-heading\" data-id=\"a08b73a\" data-element_type=\"widget\" data-e-type=\"widget\" data-settings=\"{&quot;shadepro_sticky&quot;:&quot;no&quot;}\" data-widget_type=\"heading.default\">\n\t\t\t\t<div class=\"elementor-widget-container\">\n\t\t\t\t\t<h1 class=\"elementor-heading-title elementor-size-default\">Planification des visites<\/h1>\t\t\t\t<\/div>\n\t\t\t\t<\/div>\n\t\t\t\t<div class=\"elementor-element elementor-element-c7836d6 shadepro-sticky-no elementor-widget elementor-widget-text-editor\" data-id=\"c7836d6\" data-element_type=\"widget\" data-e-type=\"widget\" data-settings=\"{&quot;shadepro_sticky&quot;:&quot;no&quot;}\" data-widget_type=\"text-editor.default\">\n\t\t\t\t<div class=\"elementor-widget-container\">\n\t\t\t\t\t\t\t\t\t<p>1Tool &#8211; Le logiciel CRM pour une planification en ligne r\u00e9ussie des visites sur le terrain<\/p>\t\t\t\t\t\t\t\t<\/div>\n\t\t\t\t<\/div>\n\t\t\t\t<section class=\"elementor-section elementor-inner-section elementor-element elementor-element-3eecf8b elementor-section-boxed elementor-section-height-default elementor-section-height-default shadepro-adv-gradient-no shadepro-sticky-no\" data-id=\"3eecf8b\" data-element_type=\"section\" data-e-type=\"section\" data-settings=\"{&quot;shadepro_sticky&quot;:&quot;no&quot;}\">\n\t\t\t\t\t\t<div class=\"elementor-container elementor-column-gap-default\">\n\t\t\t\t\t<div class=\"elementor-column elementor-col-100 elementor-inner-column elementor-element elementor-element-cb0b766\" data-id=\"cb0b766\" data-element_type=\"column\" data-e-type=\"column\">\n\t\t\t<div class=\"elementor-widget-wrap elementor-element-populated\">\n\t\t\t\t\t\t<div class=\"elementor-element elementor-element-387c559 shadepro-sticky-no elementor-widget elementor-widget-text-editor\" data-id=\"387c559\" data-element_type=\"widget\" data-e-type=\"widget\" data-settings=\"{&quot;shadepro_sticky&quot;:&quot;no&quot;}\" data-widget_type=\"text-editor.default\">\n\t\t\t\t<div class=\"elementor-widget-container\">\n\t\t\t\t\t\t\t\t\t<h3>Logiciel de planification des visites et de gestion de la force de vente<\/h3><p>Le logiciel de vente 1Tool dispose de nombreuses fonctionnalit\u00e9s pour une planification optimale des visites et des rendez-vous avec les clients. Vous b\u00e9n\u00e9ficiez de zones d&#8217;intervention transparentes, d&#8217;une planification pr\u00e9cise des horaires et d&#8217;une \u00e9conomie substantielle de kilom\u00e8tres. Du c\u00f4t\u00e9 des clients, il est \u00e9galement possible d&#8217;\u00e9viter les erreurs de visite et de respecter les d\u00e9lais. Avec notre planification professionnelle des visites de 1Tool, nous vous proposons un outil complet qui vous permet d&#8217;adapter au mieux vos activit\u00e9s de vente \u00e0 l&#8217;ensemble de votre structure de force de vente.   <\/p><div class=\"wp-block-spacer\" aria-hidden=\"true\"> <\/div><h3>Planification efficace des rendez-vous et des tourn\u00e9es<\/h3><p>Pour une planification optimis\u00e9e de vos visites et de vos rendez-vous commerciaux, 1Tool met \u00e0 votre disposition une carte de contact int\u00e9gr\u00e9e. Votre planning de visites et vos donn\u00e9es de contact sont visualis\u00e9s \u00e0 l&#8217;aide de cette carte, ce qui permet d&#8217;organiser automatiquement vos d\u00e9placements chez les clients. La carte GoogleMaps est directement li\u00e9e \u00e0 votre gestion des contacts et se cr\u00e9e dynamiquement. Les donn\u00e9es GPS ne doivent donc pas \u00eatre saisies manuellement, car vos contacts sont automatiquement repr\u00e9sent\u00e9s sur la carte des contacts sur la base des donn\u00e9es d&#8217;adresse enregistr\u00e9es (rue, num\u00e9ro, code postal, ville, etc.).   <\/p><p> <\/p><h4>Planification de la visite avec 1Tool Recherche de proximit\u00e9 (itin\u00e9raire)<\/h4><p>Gr\u00e2ce \u00e0 une recherche de p\u00e9rim\u00e8tre, vous avez toujours une vue d&#8217;ensemble de la r\u00e9gion dans laquelle se trouvent vos clients, partenaires ou fournisseurs. Chaque contact est repr\u00e9sent\u00e9 par un point individuel sur la carte des contacts 1Tool, ce qui vous permet de planifier pr\u00e9cis\u00e9ment vos tourn\u00e9es de vente. <\/p><p><strong>Voici comment fonctionne la planification des visites 1Tool : <\/strong>vous s\u00e9lectionnez le(s) groupe(s) de contact(s) souhait\u00e9(s) pour votre tourn\u00e9e de vente (par exemple : clients, clients A, partenaires, etc.) et d\u00e9finissez ensuite un emplacement concret ou un itin\u00e9raire sp\u00e9cifique de A \u00e0 B. Le rayon vous permet de d\u00e9finir pr\u00e9cis\u00e9ment le p\u00e9rim\u00e8tre dans lequel vos contacts doivent \u00eatre affich\u00e9s sur la carte. En appuyant sur un bouton, vous obtenez sur la carte des informations sur le nombre de vos contacts qui se trouvent \u00e0 proximit\u00e9, ce qui vous permet de d\u00e9terminer clairement le chemin le plus court et le meilleur pour vos visites de clients. <\/p><p>\u00c9vitez les trajets inutiles et cr\u00e9ez l&#8217;itin\u00e9raire optimal pour vos rendez-vous commerciaux gr\u00e2ce \u00e0 l&#8217;outil de planification des visites 1Tool. Non seulement vous gagnerez un temps pr\u00e9cieux, mais vous optimiserez consid\u00e9rablement votre gestion de la relation client en pr\u00e9parant mieux vos entretiens.<\/p>\t\t\t\t\t\t\t\t<\/div>\n\t\t\t\t<\/div>\n\t\t\t\t\t<\/div>\n\t\t<\/div>\n\t\t\t\t\t<\/div>\n\t\t<\/section>\n\t\t\t\t\t<\/div>\n\t\t<\/div>\n\t\t\t\t\t<\/div>\n\t\t<\/section>\n\t\t\t\t<\/div>\n\t\t","protected":false},"excerpt":{"rendered":"<p>Planification des visites 1Tool &#8211; Le logiciel CRM pour une planification en ligne r\u00e9ussie des visites sur le terrain Logiciel de planification des visites et de gestion de la force de vente Le logiciel de vente 1Tool dispose de nombreuses fonctionnalit\u00e9s pour une planification optimale des visites et des rendez-vous avec les clients. Vous b\u00e9n\u00e9ficiez [&hellip;]<\/p>\n","protected":false},"author":1,"featured_media":0,"parent":79067,"menu_order":0,"comment_status":"closed","ping_status":"closed","template":"","meta":{"inline_featured_image":false,"footnotes":""},"class_list":["post-78936","page","type-page","status-publish","hentry"],"acf":[],"yoast_head":"<!-- This site is optimized with the Yoast SEO plugin v27.5 - https:\/\/yoast.com\/product\/yoast-seo-wordpress\/ -->\n<title>Planification des visites - 1Tool<\/title>\n<meta name=\"robots\" content=\"index, follow, max-snippet:-1, max-image-preview:large, max-video-preview:-1\" \/>\n<link rel=\"canonical\" href=\"https:\/\/www.1tool.com\/fr\/modules\/organisation-et-service\/calendrier\/fonctions-du-module-calendrier\/planification-des-visites\/\" \/>\n<meta property=\"og:locale\" content=\"fr_FR\" \/>\n<meta property=\"og:type\" content=\"article\" \/>\n<meta property=\"og:title\" content=\"Planification des visites - 1Tool\" \/>\n<meta property=\"og:description\" content=\"Planification des visites 1Tool &#8211; Le logiciel CRM pour une planification en ligne r\u00e9ussie des visites sur le terrain Logiciel de planification des visites et de gestion de la force de vente Le logiciel de vente 1Tool dispose de nombreuses fonctionnalit\u00e9s pour une planification optimale des visites et des rendez-vous avec les clients. Vous b\u00e9n\u00e9ficiez [&hellip;]\" \/>\n<meta property=\"og:url\" content=\"https:\/\/www.1tool.com\/fr\/modules\/organisation-et-service\/calendrier\/fonctions-du-module-calendrier\/planification-des-visites\/\" \/>\n<meta property=\"og:site_name\" content=\"1Tool\" \/>\n<meta property=\"article:modified_time\" content=\"2026-05-07T12:59:41+00:00\" \/>\n<meta name=\"twitter:card\" content=\"summary_large_image\" \/>\n<meta name=\"twitter:label1\" content=\"Dur\u00e9e de lecture estim\u00e9e\" \/>\n\t<meta name=\"twitter:data1\" content=\"2 minutes\" \/>\n<script type=\"application\/ld+json\" class=\"yoast-schema-graph\">{\"@context\":\"https:\\\/\\\/schema.org\",\"@graph\":[{\"@type\":\"WebPage\",\"@id\":\"https:\\\/\\\/www.1tool.com\\\/fr\\\/modules\\\/organisation-et-service\\\/calendrier\\\/fonctions-du-module-calendrier\\\/planification-des-visites\\\/\",\"url\":\"https:\\\/\\\/www.1tool.com\\\/fr\\\/modules\\\/organisation-et-service\\\/calendrier\\\/fonctions-du-module-calendrier\\\/planification-des-visites\\\/\",\"name\":\"Planification des visites - 1Tool\",\"isPartOf\":{\"@id\":\"https:\\\/\\\/www.1tool.com\\\/fr\\\/#website\"},\"datePublished\":\"2022-03-30T13:00:05+00:00\",\"dateModified\":\"2026-05-07T12:59:41+00:00\",\"breadcrumb\":{\"@id\":\"https:\\\/\\\/www.1tool.com\\\/fr\\\/modules\\\/organisation-et-service\\\/calendrier\\\/fonctions-du-module-calendrier\\\/planification-des-visites\\\/#breadcrumb\"},\"inLanguage\":\"fr-FR\",\"potentialAction\":[{\"@type\":\"ReadAction\",\"target\":[\"https:\\\/\\\/www.1tool.com\\\/fr\\\/modules\\\/organisation-et-service\\\/calendrier\\\/fonctions-du-module-calendrier\\\/planification-des-visites\\\/\"]}]},{\"@type\":\"BreadcrumbList\",\"@id\":\"https:\\\/\\\/www.1tool.com\\\/fr\\\/modules\\\/organisation-et-service\\\/calendrier\\\/fonctions-du-module-calendrier\\\/planification-des-visites\\\/#breadcrumb\",\"itemListElement\":[{\"@type\":\"ListItem\",\"position\":1,\"name\":\"Home\",\"item\":\"https:\\\/\\\/www.1tool.com\\\/fr\\\/\"},{\"@type\":\"ListItem\",\"position\":2,\"name\":\"Modules\",\"item\":\"https:\\\/\\\/www.1tool.com\\\/fr\\\/module\\\/\"},{\"@type\":\"ListItem\",\"position\":3,\"name\":\"Organisation et service\",\"item\":\"https:\\\/\\\/www.1tool.com\\\/fr\\\/modules\\\/organisation-et-service\\\/\"},{\"@type\":\"ListItem\",\"position\":4,\"name\":\"Calendrier\",\"item\":\"https:\\\/\\\/www.1tool.com\\\/fr\\\/modules\\\/organisation-et-service\\\/calendrier\\\/\"},{\"@type\":\"ListItem\",\"position\":5,\"name\":\"Fonctions du module Calendrier\",\"item\":\"https:\\\/\\\/www.1tool.com\\\/fr\\\/modules\\\/organisation-et-service\\\/calendrier\\\/fonctions-du-module-calendrier\\\/\"},{\"@type\":\"ListItem\",\"position\":6,\"name\":\"Planification des visites\"}]},{\"@type\":\"WebSite\",\"@id\":\"https:\\\/\\\/www.1tool.com\\\/fr\\\/#website\",\"url\":\"https:\\\/\\\/www.1tool.com\\\/fr\\\/\",\"name\":\"1Tool\",\"description\":\"CRM\",\"publisher\":{\"@id\":\"https:\\\/\\\/www.1tool.com\\\/fr\\\/#organization\"},\"potentialAction\":[{\"@type\":\"SearchAction\",\"target\":{\"@type\":\"EntryPoint\",\"urlTemplate\":\"https:\\\/\\\/www.1tool.com\\\/fr\\\/?s={search_term_string}\"},\"query-input\":{\"@type\":\"PropertyValueSpecification\",\"valueRequired\":true,\"valueName\":\"search_term_string\"}}],\"inLanguage\":\"fr-FR\"},{\"@type\":\"Organization\",\"@id\":\"https:\\\/\\\/www.1tool.com\\\/fr\\\/#organization\",\"name\":\"1Tool\",\"url\":\"https:\\\/\\\/www.1tool.com\\\/fr\\\/\",\"logo\":{\"@type\":\"ImageObject\",\"inLanguage\":\"fr-FR\",\"@id\":\"https:\\\/\\\/www.1tool.com\\\/fr\\\/#\\\/schema\\\/logo\\\/image\\\/\",\"url\":\"https:\\\/\\\/www.1tool.com\\\/wp-content\\\/uploads\\\/2022\\\/04\\\/1tool-1.png\",\"contentUrl\":\"https:\\\/\\\/www.1tool.com\\\/wp-content\\\/uploads\\\/2022\\\/04\\\/1tool-1.png\",\"width\":400,\"height\":150,\"caption\":\"1Tool\"},\"image\":{\"@id\":\"https:\\\/\\\/www.1tool.com\\\/fr\\\/#\\\/schema\\\/logo\\\/image\\\/\"}}]}<\/script>\n<!-- \/ Yoast SEO plugin. -->","yoast_head_json":{"title":"Planification des visites - 1Tool","robots":{"index":"index","follow":"follow","max-snippet":"max-snippet:-1","max-image-preview":"max-image-preview:large","max-video-preview":"max-video-preview:-1"},"canonical":"https:\/\/www.1tool.com\/fr\/modules\/organisation-et-service\/calendrier\/fonctions-du-module-calendrier\/planification-des-visites\/","og_locale":"fr_FR","og_type":"article","og_title":"Planification des visites - 1Tool","og_description":"Planification des visites 1Tool &#8211; Le logiciel CRM pour une planification en ligne r\u00e9ussie des visites sur le terrain Logiciel de planification des visites et de gestion de la force de vente Le logiciel de vente 1Tool dispose de nombreuses fonctionnalit\u00e9s pour une planification optimale des visites et des rendez-vous avec les clients. Vous b\u00e9n\u00e9ficiez [&hellip;]","og_url":"https:\/\/www.1tool.com\/fr\/modules\/organisation-et-service\/calendrier\/fonctions-du-module-calendrier\/planification-des-visites\/","og_site_name":"1Tool","article_modified_time":"2026-05-07T12:59:41+00:00","twitter_card":"summary_large_image","twitter_misc":{"Dur\u00e9e de lecture estim\u00e9e":"2 minutes"},"schema":{"@context":"https:\/\/schema.org","@graph":[{"@type":"WebPage","@id":"https:\/\/www.1tool.com\/fr\/modules\/organisation-et-service\/calendrier\/fonctions-du-module-calendrier\/planification-des-visites\/","url":"https:\/\/www.1tool.com\/fr\/modules\/organisation-et-service\/calendrier\/fonctions-du-module-calendrier\/planification-des-visites\/","name":"Planification des visites - 1Tool","isPartOf":{"@id":"https:\/\/www.1tool.com\/fr\/#website"},"datePublished":"2022-03-30T13:00:05+00:00","dateModified":"2026-05-07T12:59:41+00:00","breadcrumb":{"@id":"https:\/\/www.1tool.com\/fr\/modules\/organisation-et-service\/calendrier\/fonctions-du-module-calendrier\/planification-des-visites\/#breadcrumb"},"inLanguage":"fr-FR","potentialAction":[{"@type":"ReadAction","target":["https:\/\/www.1tool.com\/fr\/modules\/organisation-et-service\/calendrier\/fonctions-du-module-calendrier\/planification-des-visites\/"]}]},{"@type":"BreadcrumbList","@id":"https:\/\/www.1tool.com\/fr\/modules\/organisation-et-service\/calendrier\/fonctions-du-module-calendrier\/planification-des-visites\/#breadcrumb","itemListElement":[{"@type":"ListItem","position":1,"name":"Home","item":"https:\/\/www.1tool.com\/fr\/"},{"@type":"ListItem","position":2,"name":"Modules","item":"https:\/\/www.1tool.com\/fr\/module\/"},{"@type":"ListItem","position":3,"name":"Organisation et service","item":"https:\/\/www.1tool.com\/fr\/modules\/organisation-et-service\/"},{"@type":"ListItem","position":4,"name":"Calendrier","item":"https:\/\/www.1tool.com\/fr\/modules\/organisation-et-service\/calendrier\/"},{"@type":"ListItem","position":5,"name":"Fonctions du module Calendrier","item":"https:\/\/www.1tool.com\/fr\/modules\/organisation-et-service\/calendrier\/fonctions-du-module-calendrier\/"},{"@type":"ListItem","position":6,"name":"Planification des visites"}]},{"@type":"WebSite","@id":"https:\/\/www.1tool.com\/fr\/#website","url":"https:\/\/www.1tool.com\/fr\/","name":"1Tool","description":"CRM","publisher":{"@id":"https:\/\/www.1tool.com\/fr\/#organization"},"potentialAction":[{"@type":"SearchAction","target":{"@type":"EntryPoint","urlTemplate":"https:\/\/www.1tool.com\/fr\/?s={search_term_string}"},"query-input":{"@type":"PropertyValueSpecification","valueRequired":true,"valueName":"search_term_string"}}],"inLanguage":"fr-FR"},{"@type":"Organization","@id":"https:\/\/www.1tool.com\/fr\/#organization","name":"1Tool","url":"https:\/\/www.1tool.com\/fr\/","logo":{"@type":"ImageObject","inLanguage":"fr-FR","@id":"https:\/\/www.1tool.com\/fr\/#\/schema\/logo\/image\/","url":"https:\/\/www.1tool.com\/wp-content\/uploads\/2022\/04\/1tool-1.png","contentUrl":"https:\/\/www.1tool.com\/wp-content\/uploads\/2022\/04\/1tool-1.png","width":400,"height":150,"caption":"1Tool"},"image":{"@id":"https:\/\/www.1tool.com\/fr\/#\/schema\/logo\/image\/"}}]}},"_links":{"self":[{"href":"https:\/\/www.1tool.com\/fr\/wp-json\/wp\/v2\/pages\/78936","targetHints":{"allow":["GET"]}}],"collection":[{"href":"https:\/\/www.1tool.com\/fr\/wp-json\/wp\/v2\/pages"}],"about":[{"href":"https:\/\/www.1tool.com\/fr\/wp-json\/wp\/v2\/types\/page"}],"author":[{"embeddable":true,"href":"https:\/\/www.1tool.com\/fr\/wp-json\/wp\/v2\/users\/1"}],"replies":[{"embeddable":true,"href":"https:\/\/www.1tool.com\/fr\/wp-json\/wp\/v2\/comments?post=78936"}],"version-history":[{"count":1,"href":"https:\/\/www.1tool.com\/fr\/wp-json\/wp\/v2\/pages\/78936\/revisions"}],"predecessor-version":[{"id":78937,"href":"https:\/\/www.1tool.com\/fr\/wp-json\/wp\/v2\/pages\/78936\/revisions\/78937"}],"up":[{"embeddable":true,"href":"https:\/\/www.1tool.com\/fr\/wp-json\/wp\/v2\/pages\/79067"}],"wp:attachment":[{"href":"https:\/\/www.1tool.com\/fr\/wp-json\/wp\/v2\/media?parent=78936"}],"curies":[{"name":"wp","href":"https:\/\/api.w.org\/{rel}","templated":true}]}}