{"id":78960,"date":"2022-03-30T14:32:40","date_gmt":"2022-03-30T12:32:40","guid":{"rendered":"https:\/\/www.1tool.com\/domaines-dapplication-du-sms-marketing\/"},"modified":"2026-05-07T14:59:51","modified_gmt":"2026-05-07T12:59:51","slug":"domaines-dapplication-du-sms-marketing","status":"publish","type":"page","link":"https:\/\/www.1tool.com\/fr\/modules\/marketing-et-ventes\/sms\/fonctions-du-module-sms\/domaines-dapplication-du-sms-marketing\/","title":{"rendered":"Domaines d&#8217;application du SMS marketing"},"content":{"rendered":"\t\t<div data-elementor-type=\"wp-page\" data-elementor-id=\"78960\" class=\"elementor elementor-78960 elementor-49125\" data-elementor-post-type=\"page\">\n\t\t\t\t\t\t<section class=\"elementor-section elementor-top-section elementor-element elementor-element-235412e elementor-section-boxed elementor-section-height-default elementor-section-height-default shadepro-adv-gradient-no shadepro-sticky-no\" data-id=\"235412e\" data-element_type=\"section\" data-e-type=\"section\" data-settings=\"{&quot;shadepro_sticky&quot;:&quot;no&quot;}\">\n\t\t\t\t\t\t<div class=\"elementor-container elementor-column-gap-default\">\n\t\t\t\t\t<div class=\"elementor-column elementor-col-100 elementor-top-column elementor-element elementor-element-190a26c\" data-id=\"190a26c\" data-element_type=\"column\" data-e-type=\"column\">\n\t\t\t<div class=\"elementor-widget-wrap elementor-element-populated\">\n\t\t\t\t\t\t<div class=\"elementor-element elementor-element-1657845 shadepro-sticky-no elementor-widget elementor-widget-heading\" data-id=\"1657845\" data-element_type=\"widget\" data-e-type=\"widget\" data-settings=\"{&quot;shadepro_sticky&quot;:&quot;no&quot;}\" data-widget_type=\"heading.default\">\n\t\t\t\t<div class=\"elementor-widget-container\">\n\t\t\t\t\t<h1 class=\"elementor-heading-title elementor-size-default\">Domaines d'application du SMS marketing<\/h1>\t\t\t\t<\/div>\n\t\t\t\t<\/div>\n\t\t\t\t<div class=\"elementor-element elementor-element-2290725 shadepro-sticky-no elementor-widget elementor-widget-text-editor\" data-id=\"2290725\" data-element_type=\"widget\" data-e-type=\"widget\" data-settings=\"{&quot;shadepro_sticky&quot;:&quot;no&quot;}\" data-widget_type=\"text-editor.default\">\n\t\t\t\t<div class=\"elementor-widget-container\">\n\t\t\t\t\t\t\t\t\t<p>Le marketing par SMS est adapt\u00e9 \u00e0 tout type d&#8217;organisation et de secteur. 1Tool vous offre plusieurs possibilit\u00e9s d&#8217;utiliser cet outil marketing de mani\u00e8re id\u00e9ale pour votre entreprise. <\/p>\t\t\t\t\t\t\t\t<\/div>\n\t\t\t\t<\/div>\n\t\t\t\t<section class=\"elementor-section elementor-inner-section elementor-element elementor-element-26fc022 elementor-section-boxed elementor-section-height-default elementor-section-height-default shadepro-adv-gradient-no shadepro-sticky-no\" data-id=\"26fc022\" data-element_type=\"section\" data-e-type=\"section\" data-settings=\"{&quot;shadepro_sticky&quot;:&quot;no&quot;}\">\n\t\t\t\t\t\t<div class=\"elementor-container elementor-column-gap-default\">\n\t\t\t\t\t<div class=\"elementor-column elementor-col-100 elementor-inner-column elementor-element elementor-element-9ddc5b3\" data-id=\"9ddc5b3\" data-element_type=\"column\" data-e-type=\"column\">\n\t\t\t<div class=\"elementor-widget-wrap elementor-element-populated\">\n\t\t\t\t\t\t<div class=\"elementor-element elementor-element-cbade0e shadepro-sticky-no elementor-widget elementor-widget-text-editor\" data-id=\"cbade0e\" data-element_type=\"widget\" data-e-type=\"widget\" data-settings=\"{&quot;shadepro_sticky&quot;:&quot;no&quot;}\" data-widget_type=\"text-editor.default\">\n\t\t\t\t<div class=\"elementor-widget-container\">\n\t\t\t\t\t\t\t\t\t<h3>Avec 1Tool, vous disposez de toutes les possibilit\u00e9s d&#8217;utilisation des SMS pour votre CRM.<\/h3>\n<h4 id=\"h-einsatzgebiete\">Domaines d&#8217;application<\/h4>\nQue vous soyez un office de tourisme, un h\u00f4tel, un pub, un organisateur de concerts, une association ou une entreprise commerciale, la solution 1Tool SMS peut \u00eatre utilis\u00e9e de diff\u00e9rentes mani\u00e8res dans votre entreprise. Elle vous permet non seulement d&#8217;am\u00e9liorer la satisfaction de vos clients, mais aussi d&#8217;augmenter le nombre de visites de vos clients. \n<h4 id=\"h-ein-sms-letter-ist-die-ideale-l-sung\">Une lettre SMS est la solution id\u00e9ale<\/h4>\n<ul>\n \t<li>Pour les restaurateurs et les \u00e9tablissements touristiques : les clients re\u00e7oivent leur menu du midi actualis\u00e9 et directement sur leur t\u00e9l\u00e9phone portable (tous les jours\/toutes les semaines).<\/li>\n \t<li>Pour les organisateurs, les communes et les r\u00e9gions touristiques : Le programme des cin\u00e9mas, les points forts actuels et les \u00e9v\u00e9nements pour les environs, ainsi que des informations sur des th\u00e8mes sp\u00e9cifiques ou sur leur discoth\u00e8que pr\u00e9f\u00e9r\u00e9e sont livr\u00e9s directement sur le t\u00e9l\u00e9phone portable des int\u00e9ress\u00e9s.<\/li>\n \t<li>Pour les groupes de musique, les organisateurs culturels : les dates de concert, les nouveaut\u00e9s et les tendances peuvent \u00eatre diffus\u00e9es tr\u00e8s rapidement.<\/li>\n \t<li>Pour les professionnels et les commer\u00e7ants : les points forts de l&#8217;offre et de la gamme actuelles sont envoy\u00e9s directement et rapidement sur le t\u00e9l\u00e9phone portable du client.<\/li>\n \t<li>Informer personnellement vos contacts des nouveaut\u00e9s et des \u00e9v\u00e9nements par SMS est facile \u00e0 g\u00e9rer et \u00e0 contr\u00f4ler avec 1Tool.<\/li>\n<\/ul>\t\t\t\t\t\t\t\t<\/div>\n\t\t\t\t<\/div>\n\t\t\t\t\t<\/div>\n\t\t<\/div>\n\t\t\t\t\t<\/div>\n\t\t<\/section>\n\t\t\t\t\t<\/div>\n\t\t<\/div>\n\t\t\t\t\t<\/div>\n\t\t<\/section>\n\t\t\t\t<\/div>\n\t\t","protected":false},"excerpt":{"rendered":"<p>Domaines d&#8217;application du SMS marketing Le marketing par SMS est adapt\u00e9 \u00e0 tout type d&#8217;organisation et de secteur. 1Tool vous offre plusieurs possibilit\u00e9s d&#8217;utiliser cet outil marketing de mani\u00e8re id\u00e9ale pour votre entreprise. Avec 1Tool, vous disposez de toutes les possibilit\u00e9s d&#8217;utilisation des SMS pour votre CRM. Domaines d&#8217;application Que vous soyez un office de [&hellip;]<\/p>\n","protected":false},"author":1,"featured_media":0,"parent":79096,"menu_order":0,"comment_status":"closed","ping_status":"closed","template":"","meta":{"inline_featured_image":false,"footnotes":""},"class_list":["post-78960","page","type-page","status-publish","hentry"],"acf":[],"yoast_head":"<!-- This site is optimized with the Yoast SEO plugin v27.5 - https:\/\/yoast.com\/product\/yoast-seo-wordpress\/ -->\n<title>Domaines d&#039;application du SMS marketing - 1Tool<\/title>\n<meta name=\"robots\" content=\"index, follow, max-snippet:-1, max-image-preview:large, max-video-preview:-1\" \/>\n<link rel=\"canonical\" href=\"https:\/\/www.1tool.com\/fr\/modules\/marketing-et-ventes\/sms\/fonctions-du-module-sms\/domaines-dapplication-du-sms-marketing\/\" \/>\n<meta property=\"og:locale\" content=\"fr_FR\" \/>\n<meta property=\"og:type\" content=\"article\" \/>\n<meta property=\"og:title\" content=\"Domaines d&#039;application du SMS marketing - 1Tool\" \/>\n<meta property=\"og:description\" content=\"Domaines d&#8217;application du SMS marketing Le marketing par SMS est adapt\u00e9 \u00e0 tout type d&#8217;organisation et de secteur. 1Tool vous offre plusieurs possibilit\u00e9s d&#8217;utiliser cet outil marketing de mani\u00e8re id\u00e9ale pour votre entreprise. Avec 1Tool, vous disposez de toutes les possibilit\u00e9s d&#8217;utilisation des SMS pour votre CRM. Domaines d&#8217;application Que vous soyez un office de [&hellip;]\" \/>\n<meta property=\"og:url\" content=\"https:\/\/www.1tool.com\/fr\/modules\/marketing-et-ventes\/sms\/fonctions-du-module-sms\/domaines-dapplication-du-sms-marketing\/\" \/>\n<meta property=\"og:site_name\" content=\"1Tool\" \/>\n<meta property=\"article:modified_time\" content=\"2026-05-07T12:59:51+00:00\" \/>\n<meta name=\"twitter:card\" content=\"summary_large_image\" \/>\n<meta name=\"twitter:label1\" content=\"Dur\u00e9e de lecture estim\u00e9e\" \/>\n\t<meta name=\"twitter:data1\" content=\"1 minute\" \/>\n<script type=\"application\/ld+json\" class=\"yoast-schema-graph\">{\"@context\":\"https:\\\/\\\/schema.org\",\"@graph\":[{\"@type\":\"WebPage\",\"@id\":\"https:\\\/\\\/www.1tool.com\\\/fr\\\/modules\\\/marketing-et-ventes\\\/sms\\\/fonctions-du-module-sms\\\/domaines-dapplication-du-sms-marketing\\\/\",\"url\":\"https:\\\/\\\/www.1tool.com\\\/fr\\\/modules\\\/marketing-et-ventes\\\/sms\\\/fonctions-du-module-sms\\\/domaines-dapplication-du-sms-marketing\\\/\",\"name\":\"Domaines d'application du SMS marketing - 1Tool\",\"isPartOf\":{\"@id\":\"https:\\\/\\\/www.1tool.com\\\/fr\\\/#website\"},\"datePublished\":\"2022-03-30T12:32:40+00:00\",\"dateModified\":\"2026-05-07T12:59:51+00:00\",\"breadcrumb\":{\"@id\":\"https:\\\/\\\/www.1tool.com\\\/fr\\\/modules\\\/marketing-et-ventes\\\/sms\\\/fonctions-du-module-sms\\\/domaines-dapplication-du-sms-marketing\\\/#breadcrumb\"},\"inLanguage\":\"fr-FR\",\"potentialAction\":[{\"@type\":\"ReadAction\",\"target\":[\"https:\\\/\\\/www.1tool.com\\\/fr\\\/modules\\\/marketing-et-ventes\\\/sms\\\/fonctions-du-module-sms\\\/domaines-dapplication-du-sms-marketing\\\/\"]}]},{\"@type\":\"BreadcrumbList\",\"@id\":\"https:\\\/\\\/www.1tool.com\\\/fr\\\/modules\\\/marketing-et-ventes\\\/sms\\\/fonctions-du-module-sms\\\/domaines-dapplication-du-sms-marketing\\\/#breadcrumb\",\"itemListElement\":[{\"@type\":\"ListItem\",\"position\":1,\"name\":\"Home\",\"item\":\"https:\\\/\\\/www.1tool.com\\\/fr\\\/\"},{\"@type\":\"ListItem\",\"position\":2,\"name\":\"Modules\",\"item\":\"https:\\\/\\\/www.1tool.com\\\/fr\\\/module\\\/\"},{\"@type\":\"ListItem\",\"position\":3,\"name\":\"Marketing et ventes\",\"item\":\"https:\\\/\\\/www.1tool.com\\\/fr\\\/modules\\\/marketing-et-ventes\\\/\"},{\"@type\":\"ListItem\",\"position\":4,\"name\":\"SMS\",\"item\":\"https:\\\/\\\/www.1tool.com\\\/fr\\\/modules\\\/marketing-et-ventes\\\/sms\\\/\"},{\"@type\":\"ListItem\",\"position\":5,\"name\":\"Fonctions du module SMS\",\"item\":\"https:\\\/\\\/www.1tool.com\\\/fr\\\/modules\\\/marketing-et-ventes\\\/sms\\\/fonctions-du-module-sms\\\/\"},{\"@type\":\"ListItem\",\"position\":6,\"name\":\"Domaines d&#8217;application du SMS marketing\"}]},{\"@type\":\"WebSite\",\"@id\":\"https:\\\/\\\/www.1tool.com\\\/fr\\\/#website\",\"url\":\"https:\\\/\\\/www.1tool.com\\\/fr\\\/\",\"name\":\"1Tool\",\"description\":\"CRM\",\"publisher\":{\"@id\":\"https:\\\/\\\/www.1tool.com\\\/fr\\\/#organization\"},\"potentialAction\":[{\"@type\":\"SearchAction\",\"target\":{\"@type\":\"EntryPoint\",\"urlTemplate\":\"https:\\\/\\\/www.1tool.com\\\/fr\\\/?s={search_term_string}\"},\"query-input\":{\"@type\":\"PropertyValueSpecification\",\"valueRequired\":true,\"valueName\":\"search_term_string\"}}],\"inLanguage\":\"fr-FR\"},{\"@type\":\"Organization\",\"@id\":\"https:\\\/\\\/www.1tool.com\\\/fr\\\/#organization\",\"name\":\"1Tool\",\"url\":\"https:\\\/\\\/www.1tool.com\\\/fr\\\/\",\"logo\":{\"@type\":\"ImageObject\",\"inLanguage\":\"fr-FR\",\"@id\":\"https:\\\/\\\/www.1tool.com\\\/fr\\\/#\\\/schema\\\/logo\\\/image\\\/\",\"url\":\"https:\\\/\\\/www.1tool.com\\\/wp-content\\\/uploads\\\/2022\\\/04\\\/1tool-1.png\",\"contentUrl\":\"https:\\\/\\\/www.1tool.com\\\/wp-content\\\/uploads\\\/2022\\\/04\\\/1tool-1.png\",\"width\":400,\"height\":150,\"caption\":\"1Tool\"},\"image\":{\"@id\":\"https:\\\/\\\/www.1tool.com\\\/fr\\\/#\\\/schema\\\/logo\\\/image\\\/\"}}]}<\/script>\n<!-- \/ Yoast SEO plugin. -->","yoast_head_json":{"title":"Domaines d'application du SMS marketing - 1Tool","robots":{"index":"index","follow":"follow","max-snippet":"max-snippet:-1","max-image-preview":"max-image-preview:large","max-video-preview":"max-video-preview:-1"},"canonical":"https:\/\/www.1tool.com\/fr\/modules\/marketing-et-ventes\/sms\/fonctions-du-module-sms\/domaines-dapplication-du-sms-marketing\/","og_locale":"fr_FR","og_type":"article","og_title":"Domaines d'application du SMS marketing - 1Tool","og_description":"Domaines d&#8217;application du SMS marketing Le marketing par SMS est adapt\u00e9 \u00e0 tout type d&#8217;organisation et de secteur. 1Tool vous offre plusieurs possibilit\u00e9s d&#8217;utiliser cet outil marketing de mani\u00e8re id\u00e9ale pour votre entreprise. Avec 1Tool, vous disposez de toutes les possibilit\u00e9s d&#8217;utilisation des SMS pour votre CRM. Domaines d&#8217;application Que vous soyez un office de [&hellip;]","og_url":"https:\/\/www.1tool.com\/fr\/modules\/marketing-et-ventes\/sms\/fonctions-du-module-sms\/domaines-dapplication-du-sms-marketing\/","og_site_name":"1Tool","article_modified_time":"2026-05-07T12:59:51+00:00","twitter_card":"summary_large_image","twitter_misc":{"Dur\u00e9e de lecture estim\u00e9e":"1 minute"},"schema":{"@context":"https:\/\/schema.org","@graph":[{"@type":"WebPage","@id":"https:\/\/www.1tool.com\/fr\/modules\/marketing-et-ventes\/sms\/fonctions-du-module-sms\/domaines-dapplication-du-sms-marketing\/","url":"https:\/\/www.1tool.com\/fr\/modules\/marketing-et-ventes\/sms\/fonctions-du-module-sms\/domaines-dapplication-du-sms-marketing\/","name":"Domaines d'application du SMS marketing - 1Tool","isPartOf":{"@id":"https:\/\/www.1tool.com\/fr\/#website"},"datePublished":"2022-03-30T12:32:40+00:00","dateModified":"2026-05-07T12:59:51+00:00","breadcrumb":{"@id":"https:\/\/www.1tool.com\/fr\/modules\/marketing-et-ventes\/sms\/fonctions-du-module-sms\/domaines-dapplication-du-sms-marketing\/#breadcrumb"},"inLanguage":"fr-FR","potentialAction":[{"@type":"ReadAction","target":["https:\/\/www.1tool.com\/fr\/modules\/marketing-et-ventes\/sms\/fonctions-du-module-sms\/domaines-dapplication-du-sms-marketing\/"]}]},{"@type":"BreadcrumbList","@id":"https:\/\/www.1tool.com\/fr\/modules\/marketing-et-ventes\/sms\/fonctions-du-module-sms\/domaines-dapplication-du-sms-marketing\/#breadcrumb","itemListElement":[{"@type":"ListItem","position":1,"name":"Home","item":"https:\/\/www.1tool.com\/fr\/"},{"@type":"ListItem","position":2,"name":"Modules","item":"https:\/\/www.1tool.com\/fr\/module\/"},{"@type":"ListItem","position":3,"name":"Marketing et ventes","item":"https:\/\/www.1tool.com\/fr\/modules\/marketing-et-ventes\/"},{"@type":"ListItem","position":4,"name":"SMS","item":"https:\/\/www.1tool.com\/fr\/modules\/marketing-et-ventes\/sms\/"},{"@type":"ListItem","position":5,"name":"Fonctions du module SMS","item":"https:\/\/www.1tool.com\/fr\/modules\/marketing-et-ventes\/sms\/fonctions-du-module-sms\/"},{"@type":"ListItem","position":6,"name":"Domaines d&#8217;application du SMS marketing"}]},{"@type":"WebSite","@id":"https:\/\/www.1tool.com\/fr\/#website","url":"https:\/\/www.1tool.com\/fr\/","name":"1Tool","description":"CRM","publisher":{"@id":"https:\/\/www.1tool.com\/fr\/#organization"},"potentialAction":[{"@type":"SearchAction","target":{"@type":"EntryPoint","urlTemplate":"https:\/\/www.1tool.com\/fr\/?s={search_term_string}"},"query-input":{"@type":"PropertyValueSpecification","valueRequired":true,"valueName":"search_term_string"}}],"inLanguage":"fr-FR"},{"@type":"Organization","@id":"https:\/\/www.1tool.com\/fr\/#organization","name":"1Tool","url":"https:\/\/www.1tool.com\/fr\/","logo":{"@type":"ImageObject","inLanguage":"fr-FR","@id":"https:\/\/www.1tool.com\/fr\/#\/schema\/logo\/image\/","url":"https:\/\/www.1tool.com\/wp-content\/uploads\/2022\/04\/1tool-1.png","contentUrl":"https:\/\/www.1tool.com\/wp-content\/uploads\/2022\/04\/1tool-1.png","width":400,"height":150,"caption":"1Tool"},"image":{"@id":"https:\/\/www.1tool.com\/fr\/#\/schema\/logo\/image\/"}}]}},"_links":{"self":[{"href":"https:\/\/www.1tool.com\/fr\/wp-json\/wp\/v2\/pages\/78960","targetHints":{"allow":["GET"]}}],"collection":[{"href":"https:\/\/www.1tool.com\/fr\/wp-json\/wp\/v2\/pages"}],"about":[{"href":"https:\/\/www.1tool.com\/fr\/wp-json\/wp\/v2\/types\/page"}],"author":[{"embeddable":true,"href":"https:\/\/www.1tool.com\/fr\/wp-json\/wp\/v2\/users\/1"}],"replies":[{"embeddable":true,"href":"https:\/\/www.1tool.com\/fr\/wp-json\/wp\/v2\/comments?post=78960"}],"version-history":[{"count":1,"href":"https:\/\/www.1tool.com\/fr\/wp-json\/wp\/v2\/pages\/78960\/revisions"}],"predecessor-version":[{"id":78962,"href":"https:\/\/www.1tool.com\/fr\/wp-json\/wp\/v2\/pages\/78960\/revisions\/78962"}],"up":[{"embeddable":true,"href":"https:\/\/www.1tool.com\/fr\/wp-json\/wp\/v2\/pages\/79096"}],"wp:attachment":[{"href":"https:\/\/www.1tool.com\/fr\/wp-json\/wp\/v2\/media?parent=78960"}],"curies":[{"name":"wp","href":"https:\/\/api.w.org\/{rel}","templated":true}]}}