{"id":78969,"date":"2022-03-30T14:52:24","date_gmt":"2022-03-30T12:52:24","guid":{"rendered":"https:\/\/www.1tool.com\/apercu-des-taches\/"},"modified":"2026-05-07T14:59:45","modified_gmt":"2026-05-07T12:59:45","slug":"apercu-des-taches","status":"publish","type":"page","link":"https:\/\/www.1tool.com\/fr\/modules\/organisation-et-service\/taches\/fonctions-taches-module\/apercu-des-taches\/","title":{"rendered":"Aper\u00e7u des t\u00e2ches"},"content":{"rendered":"\t\t<div data-elementor-type=\"wp-page\" data-elementor-id=\"78969\" class=\"elementor elementor-78969 elementor-49207\" data-elementor-post-type=\"page\">\n\t\t\t\t\t\t<section class=\"elementor-section elementor-top-section elementor-element elementor-element-551a6fc elementor-section-boxed elementor-section-height-default elementor-section-height-default shadepro-adv-gradient-no shadepro-sticky-no\" data-id=\"551a6fc\" data-element_type=\"section\" data-e-type=\"section\" data-settings=\"{&quot;shadepro_sticky&quot;:&quot;no&quot;}\">\n\t\t\t\t\t\t<div class=\"elementor-container elementor-column-gap-default\">\n\t\t\t\t\t<div class=\"elementor-column elementor-col-100 elementor-top-column elementor-element elementor-element-4df2dc3\" data-id=\"4df2dc3\" data-element_type=\"column\" data-e-type=\"column\">\n\t\t\t<div class=\"elementor-widget-wrap elementor-element-populated\">\n\t\t\t\t\t\t<div class=\"elementor-element elementor-element-2d67326 shadepro-sticky-no elementor-widget elementor-widget-heading\" data-id=\"2d67326\" data-element_type=\"widget\" data-e-type=\"widget\" data-settings=\"{&quot;shadepro_sticky&quot;:&quot;no&quot;}\" data-widget_type=\"heading.default\">\n\t\t\t\t<div class=\"elementor-widget-container\">\n\t\t\t\t\t<h1 class=\"elementor-heading-title elementor-size-default\">Aper\u00e7u des t\u00e2ches<\/h1>\t\t\t\t<\/div>\n\t\t\t\t<\/div>\n\t\t\t\t<div class=\"elementor-element elementor-element-340654a shadepro-sticky-no elementor-widget elementor-widget-text-editor\" data-id=\"340654a\" data-element_type=\"widget\" data-e-type=\"widget\" data-settings=\"{&quot;shadepro_sticky&quot;:&quot;no&quot;}\" data-widget_type=\"text-editor.default\">\n\t\t\t\t<div class=\"elementor-widget-container\">\n\t\t\t\t\t\t\t\t\t<p>Gardez un \u0153il sur les t\u00e2ches importantes et classez vos activit\u00e9s par ordre de priorit\u00e9.<\/p>\t\t\t\t\t\t\t\t<\/div>\n\t\t\t\t<\/div>\n\t\t\t\t<section class=\"elementor-section elementor-inner-section elementor-element elementor-element-3d21384 elementor-section-boxed elementor-section-height-default elementor-section-height-default shadepro-adv-gradient-no shadepro-sticky-no\" data-id=\"3d21384\" data-element_type=\"section\" data-e-type=\"section\" data-settings=\"{&quot;shadepro_sticky&quot;:&quot;no&quot;}\">\n\t\t\t\t\t\t<div class=\"elementor-container elementor-column-gap-default\">\n\t\t\t\t\t<div class=\"elementor-column elementor-col-100 elementor-inner-column elementor-element elementor-element-5b4d88a\" data-id=\"5b4d88a\" data-element_type=\"column\" data-e-type=\"column\">\n\t\t\t<div class=\"elementor-widget-wrap elementor-element-populated\">\n\t\t\t\t\t\t<div class=\"elementor-element elementor-element-e5ff330 shadepro-sticky-no elementor-widget elementor-widget-text-editor\" data-id=\"e5ff330\" data-element_type=\"widget\" data-e-type=\"widget\" data-settings=\"{&quot;shadepro_sticky&quot;:&quot;no&quot;}\" data-widget_type=\"text-editor.default\">\n\t\t\t\t<div class=\"elementor-widget-container\">\n\t\t\t\t\t\t\t\t\t<h3>Tableau de bord des t\u00e2ches<\/h3><p>Le tableau de bord des t\u00e2ches liste vos t\u00e2ches de fa\u00e7on claire et vous donne une vue d&#8217;ensemble sur le temps de travail investi jusqu&#8217;\u00e0 pr\u00e9sent, l&#8217;avancement de la t\u00e2che et la date limite finale. 1Tool vous permet de planifier et d&#8217;organiser votre travail quotidien de mani\u00e8re optimale. <\/p><h4>Cat\u00e9gories de t\u00e2ches<\/h4><ul><li>Aujourd&#8217;hui<br>Les choses qui figurent en t\u00eate de votre liste de choses \u00e0 faire. Les t\u00e2ches \u00e0 effectuer se d\u00e9cident ici automatiquement. <\/li><li>Prochain<br>Travaux \u00e0 entreprendre d\u00e8s que les t\u00e2ches &#8220;Aujourd&#8217;hui&#8221; sont termin\u00e9es.<\/li><li>Planifi\u00e9<br>Si vous ne souhaitez pas commencer un travail avant une certaine date, inscrivez-le sous &#8220;Planifi\u00e9&#8221;.<\/li><li>Un jour<br>&#8220;Un jour&#8221; est la cat\u00e9gorie des travaux que vous voulez faire quand vous avez beaucoup de temps.<\/li><\/ul><p>\u00c0 la date d&#8217;\u00e9ch\u00e9ance, votre t\u00e2che est automatiquement d\u00e9plac\u00e9e dans la cat\u00e9gorie &#8220;Aujourd&#8217;hui&#8221;, ce qui vous rappelle de la r\u00e9aliser dans les d\u00e9lais.<\/p><h3>Aper\u00e7u des t\u00e2ches<\/h3><p>Les t\u00e2ches des collaborateurs sont affich\u00e9es dans l&#8217;aper\u00e7u des t\u00e2ches. Des filtres permettent de s\u00e9lectionner \u00e0 quel collaborateur les t\u00e2ches sont attribu\u00e9es et quel est le statut d&#8217;une t\u00e2che. De plus, un champ de recherche permet d&#8217;effectuer une recherche dans le texte de la t\u00e2che. Chaque t\u00e2che peut \u00eatre trait\u00e9e en un seul clic.   <\/p><p><em>Pour plus d&#8217;informations sur la liste des t\u00e2ches, consultez notre manuel <a href=\"https:\/\/www.1tool.com\/manual\/aufgabenverwaltung-2\/aufgaben-uebersicht\/\" target=\"_blank\" rel=\"noreferrer noopener\">ici<\/a> <\/em><\/p><div class=\"wp-block-spacer\" aria-hidden=\"true\"> <\/div><h3>Vue d\u00e9taill\u00e9e de la t\u00e2che<\/h3><p>Dans la vue d\u00e9taill\u00e9e d&#8217;une t\u00e2che, la description de la t\u00e2che est pr\u00e9sent\u00e9e. Chaque collaborateur a la possibilit\u00e9 d&#8217;ajouter ici des notes suppl\u00e9mentaires et \u00e9galement des documents relatifs \u00e0 cette t\u00e2che. <\/p><p><em>Les informations que vous pouvez obtenir \u00e0 partir de la <a href=\"https:\/\/www.1tool.com\/manual\/aufgabenverwaltung-2\/aufgabendetailansicht\/\" target=\"_blank\" rel=\"noreferrer noopener\">vue d\u00e9taill\u00e9e de la t\u00e2che <\/a>sont pr\u00e9sent\u00e9es dans notre manuel.<\/em><\/p><h3>Tutoriel de t\u00e2ches<\/h3><p>D\u00e9couvrez dans notre vid\u00e9o de d\u00e9monstration comment utiliser au mieux le module de t\u00e2ches pour cr\u00e9er et g\u00e9rer vos activit\u00e9s !<\/p>\t\t\t\t\t\t\t\t<\/div>\n\t\t\t\t<\/div>\n\t\t\t\t\t<\/div>\n\t\t<\/div>\n\t\t\t\t\t<\/div>\n\t\t<\/section>\n\t\t\t\t\t<\/div>\n\t\t<\/div>\n\t\t\t\t\t<\/div>\n\t\t<\/section>\n\t\t\t\t<\/div>\n\t\t","protected":false},"excerpt":{"rendered":"<p>Aper\u00e7u des t\u00e2ches Gardez un \u0153il sur les t\u00e2ches importantes et classez vos activit\u00e9s par ordre de priorit\u00e9. Tableau de bord des t\u00e2ches Le tableau de bord des t\u00e2ches liste vos t\u00e2ches de fa\u00e7on claire et vous donne une vue d&#8217;ensemble sur le temps de travail investi jusqu&#8217;\u00e0 pr\u00e9sent, l&#8217;avancement de la t\u00e2che et la [&hellip;]<\/p>\n","protected":false},"author":1,"featured_media":0,"parent":79079,"menu_order":0,"comment_status":"closed","ping_status":"closed","template":"","meta":{"inline_featured_image":false,"footnotes":""},"class_list":["post-78969","page","type-page","status-publish","hentry"],"acf":[],"yoast_head":"<!-- This site is optimized with the Yoast SEO plugin v27.5 - https:\/\/yoast.com\/product\/yoast-seo-wordpress\/ -->\n<title>Aper\u00e7u des t\u00e2ches - 1Tool<\/title>\n<meta name=\"robots\" content=\"index, follow, max-snippet:-1, max-image-preview:large, max-video-preview:-1\" \/>\n<link rel=\"canonical\" href=\"https:\/\/www.1tool.com\/fr\/modules\/organisation-et-service\/taches\/fonctions-taches-module\/apercu-des-taches\/\" \/>\n<meta property=\"og:locale\" content=\"fr_FR\" \/>\n<meta property=\"og:type\" content=\"article\" \/>\n<meta property=\"og:title\" content=\"Aper\u00e7u des t\u00e2ches - 1Tool\" \/>\n<meta property=\"og:description\" content=\"Aper\u00e7u des t\u00e2ches Gardez un \u0153il sur les t\u00e2ches importantes et classez vos activit\u00e9s par ordre de priorit\u00e9. Tableau de bord des t\u00e2ches Le tableau de bord des t\u00e2ches liste vos t\u00e2ches de fa\u00e7on claire et vous donne une vue d&#8217;ensemble sur le temps de travail investi jusqu&#8217;\u00e0 pr\u00e9sent, l&#8217;avancement de la t\u00e2che et la [&hellip;]\" \/>\n<meta property=\"og:url\" content=\"https:\/\/www.1tool.com\/fr\/modules\/organisation-et-service\/taches\/fonctions-taches-module\/apercu-des-taches\/\" \/>\n<meta property=\"og:site_name\" content=\"1Tool\" \/>\n<meta property=\"article:modified_time\" content=\"2026-05-07T12:59:45+00:00\" \/>\n<meta name=\"twitter:card\" content=\"summary_large_image\" \/>\n<meta name=\"twitter:label1\" content=\"Dur\u00e9e de lecture estim\u00e9e\" \/>\n\t<meta name=\"twitter:data1\" content=\"2 minutes\" \/>\n<script type=\"application\/ld+json\" class=\"yoast-schema-graph\">{\"@context\":\"https:\\\/\\\/schema.org\",\"@graph\":[{\"@type\":\"WebPage\",\"@id\":\"https:\\\/\\\/www.1tool.com\\\/fr\\\/modules\\\/organisation-et-service\\\/taches\\\/fonctions-taches-module\\\/apercu-des-taches\\\/\",\"url\":\"https:\\\/\\\/www.1tool.com\\\/fr\\\/modules\\\/organisation-et-service\\\/taches\\\/fonctions-taches-module\\\/apercu-des-taches\\\/\",\"name\":\"Aper\u00e7u des t\u00e2ches - 1Tool\",\"isPartOf\":{\"@id\":\"https:\\\/\\\/www.1tool.com\\\/fr\\\/#website\"},\"datePublished\":\"2022-03-30T12:52:24+00:00\",\"dateModified\":\"2026-05-07T12:59:45+00:00\",\"breadcrumb\":{\"@id\":\"https:\\\/\\\/www.1tool.com\\\/fr\\\/modules\\\/organisation-et-service\\\/taches\\\/fonctions-taches-module\\\/apercu-des-taches\\\/#breadcrumb\"},\"inLanguage\":\"fr-FR\",\"potentialAction\":[{\"@type\":\"ReadAction\",\"target\":[\"https:\\\/\\\/www.1tool.com\\\/fr\\\/modules\\\/organisation-et-service\\\/taches\\\/fonctions-taches-module\\\/apercu-des-taches\\\/\"]}]},{\"@type\":\"BreadcrumbList\",\"@id\":\"https:\\\/\\\/www.1tool.com\\\/fr\\\/modules\\\/organisation-et-service\\\/taches\\\/fonctions-taches-module\\\/apercu-des-taches\\\/#breadcrumb\",\"itemListElement\":[{\"@type\":\"ListItem\",\"position\":1,\"name\":\"Home\",\"item\":\"https:\\\/\\\/www.1tool.com\\\/fr\\\/\"},{\"@type\":\"ListItem\",\"position\":2,\"name\":\"Modules\",\"item\":\"https:\\\/\\\/www.1tool.com\\\/fr\\\/module\\\/\"},{\"@type\":\"ListItem\",\"position\":3,\"name\":\"Organisation et service\",\"item\":\"https:\\\/\\\/www.1tool.com\\\/fr\\\/modules\\\/organisation-et-service\\\/\"},{\"@type\":\"ListItem\",\"position\":4,\"name\":\"T\u00e2ches\",\"item\":\"https:\\\/\\\/www.1tool.com\\\/fr\\\/modules\\\/organisation-et-service\\\/taches\\\/\"},{\"@type\":\"ListItem\",\"position\":5,\"name\":\"Fonctions T\u00e2ches Module\",\"item\":\"https:\\\/\\\/www.1tool.com\\\/fr\\\/modules\\\/organisation-et-service\\\/taches\\\/fonctions-taches-module\\\/\"},{\"@type\":\"ListItem\",\"position\":6,\"name\":\"Aper\u00e7u des t\u00e2ches\"}]},{\"@type\":\"WebSite\",\"@id\":\"https:\\\/\\\/www.1tool.com\\\/fr\\\/#website\",\"url\":\"https:\\\/\\\/www.1tool.com\\\/fr\\\/\",\"name\":\"1Tool\",\"description\":\"CRM\",\"publisher\":{\"@id\":\"https:\\\/\\\/www.1tool.com\\\/fr\\\/#organization\"},\"potentialAction\":[{\"@type\":\"SearchAction\",\"target\":{\"@type\":\"EntryPoint\",\"urlTemplate\":\"https:\\\/\\\/www.1tool.com\\\/fr\\\/?s={search_term_string}\"},\"query-input\":{\"@type\":\"PropertyValueSpecification\",\"valueRequired\":true,\"valueName\":\"search_term_string\"}}],\"inLanguage\":\"fr-FR\"},{\"@type\":\"Organization\",\"@id\":\"https:\\\/\\\/www.1tool.com\\\/fr\\\/#organization\",\"name\":\"1Tool\",\"url\":\"https:\\\/\\\/www.1tool.com\\\/fr\\\/\",\"logo\":{\"@type\":\"ImageObject\",\"inLanguage\":\"fr-FR\",\"@id\":\"https:\\\/\\\/www.1tool.com\\\/fr\\\/#\\\/schema\\\/logo\\\/image\\\/\",\"url\":\"https:\\\/\\\/www.1tool.com\\\/wp-content\\\/uploads\\\/2022\\\/04\\\/1tool-1.png\",\"contentUrl\":\"https:\\\/\\\/www.1tool.com\\\/wp-content\\\/uploads\\\/2022\\\/04\\\/1tool-1.png\",\"width\":400,\"height\":150,\"caption\":\"1Tool\"},\"image\":{\"@id\":\"https:\\\/\\\/www.1tool.com\\\/fr\\\/#\\\/schema\\\/logo\\\/image\\\/\"}}]}<\/script>\n<!-- \/ Yoast SEO plugin. -->","yoast_head_json":{"title":"Aper\u00e7u des t\u00e2ches - 1Tool","robots":{"index":"index","follow":"follow","max-snippet":"max-snippet:-1","max-image-preview":"max-image-preview:large","max-video-preview":"max-video-preview:-1"},"canonical":"https:\/\/www.1tool.com\/fr\/modules\/organisation-et-service\/taches\/fonctions-taches-module\/apercu-des-taches\/","og_locale":"fr_FR","og_type":"article","og_title":"Aper\u00e7u des t\u00e2ches - 1Tool","og_description":"Aper\u00e7u des t\u00e2ches Gardez un \u0153il sur les t\u00e2ches importantes et classez vos activit\u00e9s par ordre de priorit\u00e9. Tableau de bord des t\u00e2ches Le tableau de bord des t\u00e2ches liste vos t\u00e2ches de fa\u00e7on claire et vous donne une vue d&#8217;ensemble sur le temps de travail investi jusqu&#8217;\u00e0 pr\u00e9sent, l&#8217;avancement de la t\u00e2che et la [&hellip;]","og_url":"https:\/\/www.1tool.com\/fr\/modules\/organisation-et-service\/taches\/fonctions-taches-module\/apercu-des-taches\/","og_site_name":"1Tool","article_modified_time":"2026-05-07T12:59:45+00:00","twitter_card":"summary_large_image","twitter_misc":{"Dur\u00e9e de lecture estim\u00e9e":"2 minutes"},"schema":{"@context":"https:\/\/schema.org","@graph":[{"@type":"WebPage","@id":"https:\/\/www.1tool.com\/fr\/modules\/organisation-et-service\/taches\/fonctions-taches-module\/apercu-des-taches\/","url":"https:\/\/www.1tool.com\/fr\/modules\/organisation-et-service\/taches\/fonctions-taches-module\/apercu-des-taches\/","name":"Aper\u00e7u des t\u00e2ches - 1Tool","isPartOf":{"@id":"https:\/\/www.1tool.com\/fr\/#website"},"datePublished":"2022-03-30T12:52:24+00:00","dateModified":"2026-05-07T12:59:45+00:00","breadcrumb":{"@id":"https:\/\/www.1tool.com\/fr\/modules\/organisation-et-service\/taches\/fonctions-taches-module\/apercu-des-taches\/#breadcrumb"},"inLanguage":"fr-FR","potentialAction":[{"@type":"ReadAction","target":["https:\/\/www.1tool.com\/fr\/modules\/organisation-et-service\/taches\/fonctions-taches-module\/apercu-des-taches\/"]}]},{"@type":"BreadcrumbList","@id":"https:\/\/www.1tool.com\/fr\/modules\/organisation-et-service\/taches\/fonctions-taches-module\/apercu-des-taches\/#breadcrumb","itemListElement":[{"@type":"ListItem","position":1,"name":"Home","item":"https:\/\/www.1tool.com\/fr\/"},{"@type":"ListItem","position":2,"name":"Modules","item":"https:\/\/www.1tool.com\/fr\/module\/"},{"@type":"ListItem","position":3,"name":"Organisation et service","item":"https:\/\/www.1tool.com\/fr\/modules\/organisation-et-service\/"},{"@type":"ListItem","position":4,"name":"T\u00e2ches","item":"https:\/\/www.1tool.com\/fr\/modules\/organisation-et-service\/taches\/"},{"@type":"ListItem","position":5,"name":"Fonctions T\u00e2ches Module","item":"https:\/\/www.1tool.com\/fr\/modules\/organisation-et-service\/taches\/fonctions-taches-module\/"},{"@type":"ListItem","position":6,"name":"Aper\u00e7u des t\u00e2ches"}]},{"@type":"WebSite","@id":"https:\/\/www.1tool.com\/fr\/#website","url":"https:\/\/www.1tool.com\/fr\/","name":"1Tool","description":"CRM","publisher":{"@id":"https:\/\/www.1tool.com\/fr\/#organization"},"potentialAction":[{"@type":"SearchAction","target":{"@type":"EntryPoint","urlTemplate":"https:\/\/www.1tool.com\/fr\/?s={search_term_string}"},"query-input":{"@type":"PropertyValueSpecification","valueRequired":true,"valueName":"search_term_string"}}],"inLanguage":"fr-FR"},{"@type":"Organization","@id":"https:\/\/www.1tool.com\/fr\/#organization","name":"1Tool","url":"https:\/\/www.1tool.com\/fr\/","logo":{"@type":"ImageObject","inLanguage":"fr-FR","@id":"https:\/\/www.1tool.com\/fr\/#\/schema\/logo\/image\/","url":"https:\/\/www.1tool.com\/wp-content\/uploads\/2022\/04\/1tool-1.png","contentUrl":"https:\/\/www.1tool.com\/wp-content\/uploads\/2022\/04\/1tool-1.png","width":400,"height":150,"caption":"1Tool"},"image":{"@id":"https:\/\/www.1tool.com\/fr\/#\/schema\/logo\/image\/"}}]}},"_links":{"self":[{"href":"https:\/\/www.1tool.com\/fr\/wp-json\/wp\/v2\/pages\/78969","targetHints":{"allow":["GET"]}}],"collection":[{"href":"https:\/\/www.1tool.com\/fr\/wp-json\/wp\/v2\/pages"}],"about":[{"href":"https:\/\/www.1tool.com\/fr\/wp-json\/wp\/v2\/types\/page"}],"author":[{"embeddable":true,"href":"https:\/\/www.1tool.com\/fr\/wp-json\/wp\/v2\/users\/1"}],"replies":[{"embeddable":true,"href":"https:\/\/www.1tool.com\/fr\/wp-json\/wp\/v2\/comments?post=78969"}],"version-history":[{"count":1,"href":"https:\/\/www.1tool.com\/fr\/wp-json\/wp\/v2\/pages\/78969\/revisions"}],"predecessor-version":[{"id":78970,"href":"https:\/\/www.1tool.com\/fr\/wp-json\/wp\/v2\/pages\/78969\/revisions\/78970"}],"up":[{"embeddable":true,"href":"https:\/\/www.1tool.com\/fr\/wp-json\/wp\/v2\/pages\/79079"}],"wp:attachment":[{"href":"https:\/\/www.1tool.com\/fr\/wp-json\/wp\/v2\/media?parent=78969"}],"curies":[{"name":"wp","href":"https:\/\/api.w.org\/{rel}","templated":true}]}}