{"id":78971,"date":"2022-03-30T14:48:05","date_gmt":"2022-03-30T12:48:05","guid":{"rendered":"https:\/\/www.1tool.com\/taches-types\/"},"modified":"2026-05-07T14:59:45","modified_gmt":"2026-05-07T12:59:45","slug":"taches-types","status":"publish","type":"page","link":"https:\/\/www.1tool.com\/fr\/modules\/organisation-et-service\/taches\/fonctions-taches-module\/taches-types\/","title":{"rendered":"T\u00e2ches Types"},"content":{"rendered":"\t\t<div data-elementor-type=\"wp-page\" data-elementor-id=\"78971\" class=\"elementor elementor-78971 elementor-49171\" data-elementor-post-type=\"page\">\n\t\t\t\t\t\t<section class=\"elementor-section elementor-top-section elementor-element elementor-element-28760c0 elementor-section-boxed elementor-section-height-default elementor-section-height-default shadepro-adv-gradient-no shadepro-sticky-no\" data-id=\"28760c0\" data-element_type=\"section\" data-e-type=\"section\" data-settings=\"{&quot;shadepro_sticky&quot;:&quot;no&quot;}\">\n\t\t\t\t\t\t<div class=\"elementor-container elementor-column-gap-default\">\n\t\t\t\t\t<div class=\"elementor-column elementor-col-100 elementor-top-column elementor-element elementor-element-b1a3209\" data-id=\"b1a3209\" data-element_type=\"column\" data-e-type=\"column\">\n\t\t\t<div class=\"elementor-widget-wrap elementor-element-populated\">\n\t\t\t\t\t\t<div class=\"elementor-element elementor-element-791f75c shadepro-sticky-no elementor-widget elementor-widget-heading\" data-id=\"791f75c\" data-element_type=\"widget\" data-e-type=\"widget\" data-settings=\"{&quot;shadepro_sticky&quot;:&quot;no&quot;}\" data-widget_type=\"heading.default\">\n\t\t\t\t<div class=\"elementor-widget-container\">\n\t\t\t\t\t<h1 class=\"elementor-heading-title elementor-size-default\">T\u00e2ches Types<\/h1>\t\t\t\t<\/div>\n\t\t\t\t<\/div>\n\t\t\t\t<div class=\"elementor-element elementor-element-4162851 shadepro-sticky-no elementor-widget elementor-widget-text-editor\" data-id=\"4162851\" data-element_type=\"widget\" data-e-type=\"widget\" data-settings=\"{&quot;shadepro_sticky&quot;:&quot;no&quot;}\" data-widget_type=\"text-editor.default\">\n\t\t\t\t<div class=\"elementor-widget-container\">\n\t\t\t\t\t\t\t\t\t<p>Afin d&#8217;obtenir une vue d&#8217;ensemble optimale de toutes les t\u00e2ches et de garantir leur d\u00e9roulement efficace, 1Tool offre la possibilit\u00e9 de cr\u00e9er diff\u00e9rents types de t\u00e2ches.<\/p>\t\t\t\t\t\t\t\t<\/div>\n\t\t\t\t<\/div>\n\t\t\t\t<section class=\"elementor-section elementor-inner-section elementor-element elementor-element-4dd162e elementor-section-boxed elementor-section-height-default elementor-section-height-default shadepro-adv-gradient-no shadepro-sticky-no\" data-id=\"4dd162e\" data-element_type=\"section\" data-e-type=\"section\" data-settings=\"{&quot;shadepro_sticky&quot;:&quot;no&quot;}\">\n\t\t\t\t\t\t<div class=\"elementor-container elementor-column-gap-default\">\n\t\t\t\t\t<div class=\"elementor-column elementor-col-100 elementor-inner-column elementor-element elementor-element-bc289b6\" data-id=\"bc289b6\" data-element_type=\"column\" data-e-type=\"column\">\n\t\t\t<div class=\"elementor-widget-wrap elementor-element-populated\">\n\t\t\t\t\t\t<div class=\"elementor-element elementor-element-bdd0709 shadepro-sticky-no elementor-widget elementor-widget-text-editor\" data-id=\"bdd0709\" data-element_type=\"widget\" data-e-type=\"widget\" data-settings=\"{&quot;shadepro_sticky&quot;:&quot;no&quot;}\" data-widget_type=\"text-editor.default\">\n\t\t\t\t<div class=\"elementor-widget-container\">\n\t\t\t\t\t\t\t\t\t<h3>Toutes les t\u00e2ches sont clairement structur\u00e9es<\/h3><p>Vous saurez ainsi en un coup d&#8217;\u0153il de quelle activit\u00e9 il s&#8217;agit et comment la g\u00e9rer au mieux.<\/p><p> <\/p><h4>1Tool distingue plusieurs types de t\u00e2ches<\/h4><ul><li><strong>T\u00e2ches de projet<\/strong>: ce sont toutes les t\u00e2ches cr\u00e9\u00e9es dans le cadre d&#8217;un projet (par exemple, cr\u00e9er un design, effectuer une programmation, &#8230;)<\/li><li><strong>T\u00e2ches relatives aux opportunit\u00e9s<\/strong>: il s&#8217;agit de toutes les t\u00e2ches qui peuvent \u00eatre ajout\u00e9es aux offres et aux opportunit\u00e9s (par exemple, cr\u00e9er une offre, pr\u00e9parer une pr\u00e9sentation).<\/li><li><strong>T\u00e2ches de contact<\/strong>: ces t\u00e2ches sont ajout\u00e9es aux contacts (par exemple, rappeler le client Maier, mettre \u00e0 jour le contenu).<\/li><li><strong>T\u00e2ches personnelles<\/strong>: chaque employ\u00e9 a la possibilit\u00e9 de cr\u00e9er ses propres t\u00e2ches, que l&#8217;on ne voit vraiment que soi-m\u00eame (par exemple, f\u00e9liciter le chef, profiter des fleurs, &#8230;).<\/li><\/ul>\t\t\t\t\t\t\t\t<\/div>\n\t\t\t\t<\/div>\n\t\t\t\t\t<\/div>\n\t\t<\/div>\n\t\t\t\t\t<\/div>\n\t\t<\/section>\n\t\t\t\t\t<\/div>\n\t\t<\/div>\n\t\t\t\t\t<\/div>\n\t\t<\/section>\n\t\t\t\t<\/div>\n\t\t","protected":false},"excerpt":{"rendered":"<p>T\u00e2ches Types Afin d&#8217;obtenir une vue d&#8217;ensemble optimale de toutes les t\u00e2ches et de garantir leur d\u00e9roulement efficace, 1Tool offre la possibilit\u00e9 de cr\u00e9er diff\u00e9rents types de t\u00e2ches. Toutes les t\u00e2ches sont clairement structur\u00e9es Vous saurez ainsi en un coup d&#8217;\u0153il de quelle activit\u00e9 il s&#8217;agit et comment la g\u00e9rer au mieux. 1Tool distingue plusieurs [&hellip;]<\/p>\n","protected":false},"author":1,"featured_media":0,"parent":79079,"menu_order":0,"comment_status":"closed","ping_status":"closed","template":"","meta":{"inline_featured_image":false,"footnotes":""},"class_list":["post-78971","page","type-page","status-publish","hentry"],"acf":[],"yoast_head":"<!-- This site is optimized with the Yoast SEO plugin v27.5 - https:\/\/yoast.com\/product\/yoast-seo-wordpress\/ -->\n<title>T\u00e2ches Types - 1Tool<\/title>\n<meta name=\"robots\" content=\"index, follow, max-snippet:-1, max-image-preview:large, max-video-preview:-1\" \/>\n<link rel=\"canonical\" href=\"https:\/\/www.1tool.com\/fr\/modules\/organisation-et-service\/taches\/fonctions-taches-module\/taches-types\/\" \/>\n<meta property=\"og:locale\" content=\"fr_FR\" \/>\n<meta property=\"og:type\" content=\"article\" \/>\n<meta property=\"og:title\" content=\"T\u00e2ches Types - 1Tool\" \/>\n<meta property=\"og:description\" content=\"T\u00e2ches Types Afin d&#8217;obtenir une vue d&#8217;ensemble optimale de toutes les t\u00e2ches et de garantir leur d\u00e9roulement efficace, 1Tool offre la possibilit\u00e9 de cr\u00e9er diff\u00e9rents types de t\u00e2ches. Toutes les t\u00e2ches sont clairement structur\u00e9es Vous saurez ainsi en un coup d&#8217;\u0153il de quelle activit\u00e9 il s&#8217;agit et comment la g\u00e9rer au mieux. 1Tool distingue plusieurs [&hellip;]\" \/>\n<meta property=\"og:url\" content=\"https:\/\/www.1tool.com\/fr\/modules\/organisation-et-service\/taches\/fonctions-taches-module\/taches-types\/\" \/>\n<meta property=\"og:site_name\" content=\"1Tool\" \/>\n<meta property=\"article:modified_time\" content=\"2026-05-07T12:59:45+00:00\" \/>\n<meta name=\"twitter:card\" content=\"summary_large_image\" \/>\n<meta name=\"twitter:label1\" content=\"Dur\u00e9e de lecture estim\u00e9e\" \/>\n\t<meta name=\"twitter:data1\" content=\"1 minute\" \/>\n<script type=\"application\/ld+json\" class=\"yoast-schema-graph\">{\"@context\":\"https:\\\/\\\/schema.org\",\"@graph\":[{\"@type\":\"WebPage\",\"@id\":\"https:\\\/\\\/www.1tool.com\\\/fr\\\/modules\\\/organisation-et-service\\\/taches\\\/fonctions-taches-module\\\/taches-types\\\/\",\"url\":\"https:\\\/\\\/www.1tool.com\\\/fr\\\/modules\\\/organisation-et-service\\\/taches\\\/fonctions-taches-module\\\/taches-types\\\/\",\"name\":\"T\u00e2ches Types - 1Tool\",\"isPartOf\":{\"@id\":\"https:\\\/\\\/www.1tool.com\\\/fr\\\/#website\"},\"datePublished\":\"2022-03-30T12:48:05+00:00\",\"dateModified\":\"2026-05-07T12:59:45+00:00\",\"breadcrumb\":{\"@id\":\"https:\\\/\\\/www.1tool.com\\\/fr\\\/modules\\\/organisation-et-service\\\/taches\\\/fonctions-taches-module\\\/taches-types\\\/#breadcrumb\"},\"inLanguage\":\"fr-FR\",\"potentialAction\":[{\"@type\":\"ReadAction\",\"target\":[\"https:\\\/\\\/www.1tool.com\\\/fr\\\/modules\\\/organisation-et-service\\\/taches\\\/fonctions-taches-module\\\/taches-types\\\/\"]}]},{\"@type\":\"BreadcrumbList\",\"@id\":\"https:\\\/\\\/www.1tool.com\\\/fr\\\/modules\\\/organisation-et-service\\\/taches\\\/fonctions-taches-module\\\/taches-types\\\/#breadcrumb\",\"itemListElement\":[{\"@type\":\"ListItem\",\"position\":1,\"name\":\"Home\",\"item\":\"https:\\\/\\\/www.1tool.com\\\/fr\\\/\"},{\"@type\":\"ListItem\",\"position\":2,\"name\":\"Modules\",\"item\":\"https:\\\/\\\/www.1tool.com\\\/fr\\\/module\\\/\"},{\"@type\":\"ListItem\",\"position\":3,\"name\":\"Organisation et service\",\"item\":\"https:\\\/\\\/www.1tool.com\\\/fr\\\/modules\\\/organisation-et-service\\\/\"},{\"@type\":\"ListItem\",\"position\":4,\"name\":\"T\u00e2ches\",\"item\":\"https:\\\/\\\/www.1tool.com\\\/fr\\\/modules\\\/organisation-et-service\\\/taches\\\/\"},{\"@type\":\"ListItem\",\"position\":5,\"name\":\"Fonctions T\u00e2ches Module\",\"item\":\"https:\\\/\\\/www.1tool.com\\\/fr\\\/modules\\\/organisation-et-service\\\/taches\\\/fonctions-taches-module\\\/\"},{\"@type\":\"ListItem\",\"position\":6,\"name\":\"T\u00e2ches Types\"}]},{\"@type\":\"WebSite\",\"@id\":\"https:\\\/\\\/www.1tool.com\\\/fr\\\/#website\",\"url\":\"https:\\\/\\\/www.1tool.com\\\/fr\\\/\",\"name\":\"1Tool\",\"description\":\"CRM\",\"publisher\":{\"@id\":\"https:\\\/\\\/www.1tool.com\\\/fr\\\/#organization\"},\"potentialAction\":[{\"@type\":\"SearchAction\",\"target\":{\"@type\":\"EntryPoint\",\"urlTemplate\":\"https:\\\/\\\/www.1tool.com\\\/fr\\\/?s={search_term_string}\"},\"query-input\":{\"@type\":\"PropertyValueSpecification\",\"valueRequired\":true,\"valueName\":\"search_term_string\"}}],\"inLanguage\":\"fr-FR\"},{\"@type\":\"Organization\",\"@id\":\"https:\\\/\\\/www.1tool.com\\\/fr\\\/#organization\",\"name\":\"1Tool\",\"url\":\"https:\\\/\\\/www.1tool.com\\\/fr\\\/\",\"logo\":{\"@type\":\"ImageObject\",\"inLanguage\":\"fr-FR\",\"@id\":\"https:\\\/\\\/www.1tool.com\\\/fr\\\/#\\\/schema\\\/logo\\\/image\\\/\",\"url\":\"https:\\\/\\\/www.1tool.com\\\/wp-content\\\/uploads\\\/2022\\\/04\\\/1tool-1.png\",\"contentUrl\":\"https:\\\/\\\/www.1tool.com\\\/wp-content\\\/uploads\\\/2022\\\/04\\\/1tool-1.png\",\"width\":400,\"height\":150,\"caption\":\"1Tool\"},\"image\":{\"@id\":\"https:\\\/\\\/www.1tool.com\\\/fr\\\/#\\\/schema\\\/logo\\\/image\\\/\"}}]}<\/script>\n<!-- \/ Yoast SEO plugin. -->","yoast_head_json":{"title":"T\u00e2ches Types - 1Tool","robots":{"index":"index","follow":"follow","max-snippet":"max-snippet:-1","max-image-preview":"max-image-preview:large","max-video-preview":"max-video-preview:-1"},"canonical":"https:\/\/www.1tool.com\/fr\/modules\/organisation-et-service\/taches\/fonctions-taches-module\/taches-types\/","og_locale":"fr_FR","og_type":"article","og_title":"T\u00e2ches Types - 1Tool","og_description":"T\u00e2ches Types Afin d&#8217;obtenir une vue d&#8217;ensemble optimale de toutes les t\u00e2ches et de garantir leur d\u00e9roulement efficace, 1Tool offre la possibilit\u00e9 de cr\u00e9er diff\u00e9rents types de t\u00e2ches. Toutes les t\u00e2ches sont clairement structur\u00e9es Vous saurez ainsi en un coup d&#8217;\u0153il de quelle activit\u00e9 il s&#8217;agit et comment la g\u00e9rer au mieux. 1Tool distingue plusieurs [&hellip;]","og_url":"https:\/\/www.1tool.com\/fr\/modules\/organisation-et-service\/taches\/fonctions-taches-module\/taches-types\/","og_site_name":"1Tool","article_modified_time":"2026-05-07T12:59:45+00:00","twitter_card":"summary_large_image","twitter_misc":{"Dur\u00e9e de lecture estim\u00e9e":"1 minute"},"schema":{"@context":"https:\/\/schema.org","@graph":[{"@type":"WebPage","@id":"https:\/\/www.1tool.com\/fr\/modules\/organisation-et-service\/taches\/fonctions-taches-module\/taches-types\/","url":"https:\/\/www.1tool.com\/fr\/modules\/organisation-et-service\/taches\/fonctions-taches-module\/taches-types\/","name":"T\u00e2ches Types - 1Tool","isPartOf":{"@id":"https:\/\/www.1tool.com\/fr\/#website"},"datePublished":"2022-03-30T12:48:05+00:00","dateModified":"2026-05-07T12:59:45+00:00","breadcrumb":{"@id":"https:\/\/www.1tool.com\/fr\/modules\/organisation-et-service\/taches\/fonctions-taches-module\/taches-types\/#breadcrumb"},"inLanguage":"fr-FR","potentialAction":[{"@type":"ReadAction","target":["https:\/\/www.1tool.com\/fr\/modules\/organisation-et-service\/taches\/fonctions-taches-module\/taches-types\/"]}]},{"@type":"BreadcrumbList","@id":"https:\/\/www.1tool.com\/fr\/modules\/organisation-et-service\/taches\/fonctions-taches-module\/taches-types\/#breadcrumb","itemListElement":[{"@type":"ListItem","position":1,"name":"Home","item":"https:\/\/www.1tool.com\/fr\/"},{"@type":"ListItem","position":2,"name":"Modules","item":"https:\/\/www.1tool.com\/fr\/module\/"},{"@type":"ListItem","position":3,"name":"Organisation et service","item":"https:\/\/www.1tool.com\/fr\/modules\/organisation-et-service\/"},{"@type":"ListItem","position":4,"name":"T\u00e2ches","item":"https:\/\/www.1tool.com\/fr\/modules\/organisation-et-service\/taches\/"},{"@type":"ListItem","position":5,"name":"Fonctions T\u00e2ches Module","item":"https:\/\/www.1tool.com\/fr\/modules\/organisation-et-service\/taches\/fonctions-taches-module\/"},{"@type":"ListItem","position":6,"name":"T\u00e2ches Types"}]},{"@type":"WebSite","@id":"https:\/\/www.1tool.com\/fr\/#website","url":"https:\/\/www.1tool.com\/fr\/","name":"1Tool","description":"CRM","publisher":{"@id":"https:\/\/www.1tool.com\/fr\/#organization"},"potentialAction":[{"@type":"SearchAction","target":{"@type":"EntryPoint","urlTemplate":"https:\/\/www.1tool.com\/fr\/?s={search_term_string}"},"query-input":{"@type":"PropertyValueSpecification","valueRequired":true,"valueName":"search_term_string"}}],"inLanguage":"fr-FR"},{"@type":"Organization","@id":"https:\/\/www.1tool.com\/fr\/#organization","name":"1Tool","url":"https:\/\/www.1tool.com\/fr\/","logo":{"@type":"ImageObject","inLanguage":"fr-FR","@id":"https:\/\/www.1tool.com\/fr\/#\/schema\/logo\/image\/","url":"https:\/\/www.1tool.com\/wp-content\/uploads\/2022\/04\/1tool-1.png","contentUrl":"https:\/\/www.1tool.com\/wp-content\/uploads\/2022\/04\/1tool-1.png","width":400,"height":150,"caption":"1Tool"},"image":{"@id":"https:\/\/www.1tool.com\/fr\/#\/schema\/logo\/image\/"}}]}},"_links":{"self":[{"href":"https:\/\/www.1tool.com\/fr\/wp-json\/wp\/v2\/pages\/78971","targetHints":{"allow":["GET"]}}],"collection":[{"href":"https:\/\/www.1tool.com\/fr\/wp-json\/wp\/v2\/pages"}],"about":[{"href":"https:\/\/www.1tool.com\/fr\/wp-json\/wp\/v2\/types\/page"}],"author":[{"embeddable":true,"href":"https:\/\/www.1tool.com\/fr\/wp-json\/wp\/v2\/users\/1"}],"replies":[{"embeddable":true,"href":"https:\/\/www.1tool.com\/fr\/wp-json\/wp\/v2\/comments?post=78971"}],"version-history":[{"count":1,"href":"https:\/\/www.1tool.com\/fr\/wp-json\/wp\/v2\/pages\/78971\/revisions"}],"predecessor-version":[{"id":78973,"href":"https:\/\/www.1tool.com\/fr\/wp-json\/wp\/v2\/pages\/78971\/revisions\/78973"}],"up":[{"embeddable":true,"href":"https:\/\/www.1tool.com\/fr\/wp-json\/wp\/v2\/pages\/79079"}],"wp:attachment":[{"href":"https:\/\/www.1tool.com\/fr\/wp-json\/wp\/v2\/media?parent=78971"}],"curies":[{"name":"wp","href":"https:\/\/api.w.org\/{rel}","templated":true}]}}