{"id":79022,"date":"2022-03-30T14:12:43","date_gmt":"2022-03-30T12:12:43","guid":{"rendered":"https:\/\/www.1tool.com\/surveillance-de-la-concurrence\/"},"modified":"2026-05-07T14:59:42","modified_gmt":"2026-05-07T12:59:42","slug":"surveillance-de-la-concurrence","status":"publish","type":"page","link":"https:\/\/www.1tool.com\/fr\/modules\/marketing-et-ventes\/bulletin-dinformation\/fonctions-du-module-newsletter\/surveillance-de-la-concurrence\/","title":{"rendered":"Surveillance de la concurrence"},"content":{"rendered":"\t\t<div data-elementor-type=\"wp-page\" data-elementor-id=\"79022\" class=\"elementor elementor-79022 elementor-49052\" data-elementor-post-type=\"page\">\n\t\t\t\t\t\t<section class=\"elementor-section elementor-top-section elementor-element elementor-element-dc80cca elementor-section-boxed elementor-section-height-default elementor-section-height-default shadepro-adv-gradient-no shadepro-sticky-no\" data-id=\"dc80cca\" data-element_type=\"section\" data-e-type=\"section\" data-settings=\"{&quot;shadepro_sticky&quot;:&quot;no&quot;}\">\n\t\t\t\t\t\t<div class=\"elementor-container elementor-column-gap-default\">\n\t\t\t\t\t<div class=\"elementor-column elementor-col-100 elementor-top-column elementor-element elementor-element-4a8b155\" data-id=\"4a8b155\" data-element_type=\"column\" data-e-type=\"column\">\n\t\t\t<div class=\"elementor-widget-wrap elementor-element-populated\">\n\t\t\t\t\t\t<div class=\"elementor-element elementor-element-51efd38 shadepro-sticky-no elementor-widget elementor-widget-heading\" data-id=\"51efd38\" data-element_type=\"widget\" data-e-type=\"widget\" data-settings=\"{&quot;shadepro_sticky&quot;:&quot;no&quot;}\" data-widget_type=\"heading.default\">\n\t\t\t\t<div class=\"elementor-widget-container\">\n\t\t\t\t\t<h1 class=\"elementor-heading-title elementor-size-default\">Surveillance de la concurrence<\/h1>\t\t\t\t<\/div>\n\t\t\t\t<\/div>\n\t\t\t\t<div class=\"elementor-element elementor-element-ed4e65e shadepro-sticky-no elementor-widget elementor-widget-text-editor\" data-id=\"ed4e65e\" data-element_type=\"widget\" data-e-type=\"widget\" data-settings=\"{&quot;shadepro_sticky&quot;:&quot;no&quot;}\" data-widget_type=\"text-editor.default\">\n\t\t\t\t<div class=\"elementor-widget-container\">\n\t\t\t\t\t\t\t\t\t<p>Pour r\u00e9ussir dans le monde des affaires, il faut parfois regarder plus loin que le bout de son nez. Notre service de veille concurrentielle facilite grandement cette d\u00e9marche. <\/p>\t\t\t\t\t\t\t\t<\/div>\n\t\t\t\t<\/div>\n\t\t\t\t<section class=\"elementor-section elementor-inner-section elementor-element elementor-element-1e8b094 elementor-section-boxed elementor-section-height-default elementor-section-height-default shadepro-adv-gradient-no shadepro-sticky-no\" data-id=\"1e8b094\" data-element_type=\"section\" data-e-type=\"section\" data-settings=\"{&quot;shadepro_sticky&quot;:&quot;no&quot;}\">\n\t\t\t\t\t\t<div class=\"elementor-container elementor-column-gap-default\">\n\t\t\t\t\t<div class=\"elementor-column elementor-col-100 elementor-inner-column elementor-element elementor-element-885b68f\" data-id=\"885b68f\" data-element_type=\"column\" data-e-type=\"column\">\n\t\t\t<div class=\"elementor-widget-wrap elementor-element-populated\">\n\t\t\t\t\t\t<div class=\"elementor-element elementor-element-3378a54 shadepro-sticky-no elementor-widget elementor-widget-text-editor\" data-id=\"3378a54\" data-element_type=\"widget\" data-e-type=\"widget\" data-settings=\"{&quot;shadepro_sticky&quot;:&quot;no&quot;}\" data-widget_type=\"text-editor.default\">\n\t\t\t\t<div class=\"elementor-widget-container\">\n\t\t\t\t\t\t\t\t\t<h3>Restez comp\u00e9titif avec 1Tool !<\/h3>\n<p>Nous surveillons pour vous les sites web de vos concurrents et vous informons par e-mail d\u00e8s qu&#8217;une modification a \u00e9t\u00e9 apport\u00e9e. Vous \u00eates ainsi toujours au courant des projets en cours, des innovations de produits ou de l&#8217;\u00e9tat des effectifs de vos concurrents. <\/p>\n<p>Il vous suffit de nous indiquer les adresses web que vous souhaitez que nous surveillions, qu&#8217;il s&#8217;agisse d&#8217;un site web entier ou d&#8217;une partie seulement d&#8217;un site web.<\/p>\t\t\t\t\t\t\t\t<\/div>\n\t\t\t\t<\/div>\n\t\t\t\t\t<\/div>\n\t\t<\/div>\n\t\t\t\t\t<\/div>\n\t\t<\/section>\n\t\t\t\t\t<\/div>\n\t\t<\/div>\n\t\t\t\t\t<\/div>\n\t\t<\/section>\n\t\t\t\t<\/div>\n\t\t","protected":false},"excerpt":{"rendered":"<p>Surveillance de la concurrence Pour r\u00e9ussir dans le monde des affaires, il faut parfois regarder plus loin que le bout de son nez. Notre service de veille concurrentielle facilite grandement cette d\u00e9marche. Restez comp\u00e9titif avec 1Tool ! Nous surveillons pour vous les sites web de vos concurrents et vous informons par e-mail d\u00e8s qu&#8217;une modification [&hellip;]<\/p>\n","protected":false},"author":1,"featured_media":0,"parent":79066,"menu_order":0,"comment_status":"closed","ping_status":"closed","template":"","meta":{"inline_featured_image":false,"footnotes":""},"class_list":["post-79022","page","type-page","status-publish","hentry"],"acf":[],"yoast_head":"<!-- This site is optimized with the Yoast SEO plugin v27.5 - https:\/\/yoast.com\/product\/yoast-seo-wordpress\/ -->\n<title>Surveillance de la concurrence - 1Tool<\/title>\n<meta name=\"robots\" content=\"index, follow, max-snippet:-1, max-image-preview:large, max-video-preview:-1\" \/>\n<link rel=\"canonical\" href=\"https:\/\/www.1tool.com\/fr\/modules\/marketing-et-ventes\/bulletin-dinformation\/fonctions-du-module-newsletter\/surveillance-de-la-concurrence\/\" \/>\n<meta property=\"og:locale\" content=\"fr_FR\" \/>\n<meta property=\"og:type\" content=\"article\" \/>\n<meta property=\"og:title\" content=\"Surveillance de la concurrence - 1Tool\" \/>\n<meta property=\"og:description\" content=\"Surveillance de la concurrence Pour r\u00e9ussir dans le monde des affaires, il faut parfois regarder plus loin que le bout de son nez. Notre service de veille concurrentielle facilite grandement cette d\u00e9marche. Restez comp\u00e9titif avec 1Tool ! Nous surveillons pour vous les sites web de vos concurrents et vous informons par e-mail d\u00e8s qu&#8217;une modification [&hellip;]\" \/>\n<meta property=\"og:url\" content=\"https:\/\/www.1tool.com\/fr\/modules\/marketing-et-ventes\/bulletin-dinformation\/fonctions-du-module-newsletter\/surveillance-de-la-concurrence\/\" \/>\n<meta property=\"og:site_name\" content=\"1Tool\" \/>\n<meta property=\"article:modified_time\" content=\"2026-05-07T12:59:42+00:00\" \/>\n<meta name=\"twitter:card\" content=\"summary_large_image\" \/>\n<meta name=\"twitter:label1\" content=\"Dur\u00e9e de lecture estim\u00e9e\" \/>\n\t<meta name=\"twitter:data1\" content=\"1 minute\" \/>\n<script type=\"application\/ld+json\" class=\"yoast-schema-graph\">{\"@context\":\"https:\\\/\\\/schema.org\",\"@graph\":[{\"@type\":\"WebPage\",\"@id\":\"https:\\\/\\\/www.1tool.com\\\/fr\\\/modules\\\/marketing-et-ventes\\\/bulletin-dinformation\\\/fonctions-du-module-newsletter\\\/surveillance-de-la-concurrence\\\/\",\"url\":\"https:\\\/\\\/www.1tool.com\\\/fr\\\/modules\\\/marketing-et-ventes\\\/bulletin-dinformation\\\/fonctions-du-module-newsletter\\\/surveillance-de-la-concurrence\\\/\",\"name\":\"Surveillance de la concurrence - 1Tool\",\"isPartOf\":{\"@id\":\"https:\\\/\\\/www.1tool.com\\\/fr\\\/#website\"},\"datePublished\":\"2022-03-30T12:12:43+00:00\",\"dateModified\":\"2026-05-07T12:59:42+00:00\",\"breadcrumb\":{\"@id\":\"https:\\\/\\\/www.1tool.com\\\/fr\\\/modules\\\/marketing-et-ventes\\\/bulletin-dinformation\\\/fonctions-du-module-newsletter\\\/surveillance-de-la-concurrence\\\/#breadcrumb\"},\"inLanguage\":\"fr-FR\",\"potentialAction\":[{\"@type\":\"ReadAction\",\"target\":[\"https:\\\/\\\/www.1tool.com\\\/fr\\\/modules\\\/marketing-et-ventes\\\/bulletin-dinformation\\\/fonctions-du-module-newsletter\\\/surveillance-de-la-concurrence\\\/\"]}]},{\"@type\":\"BreadcrumbList\",\"@id\":\"https:\\\/\\\/www.1tool.com\\\/fr\\\/modules\\\/marketing-et-ventes\\\/bulletin-dinformation\\\/fonctions-du-module-newsletter\\\/surveillance-de-la-concurrence\\\/#breadcrumb\",\"itemListElement\":[{\"@type\":\"ListItem\",\"position\":1,\"name\":\"Home\",\"item\":\"https:\\\/\\\/www.1tool.com\\\/fr\\\/\"},{\"@type\":\"ListItem\",\"position\":2,\"name\":\"Modules\",\"item\":\"https:\\\/\\\/www.1tool.com\\\/fr\\\/module\\\/\"},{\"@type\":\"ListItem\",\"position\":3,\"name\":\"Marketing et ventes\",\"item\":\"https:\\\/\\\/www.1tool.com\\\/fr\\\/modules\\\/marketing-et-ventes\\\/\"},{\"@type\":\"ListItem\",\"position\":4,\"name\":\"Bulletin d&#8217;information\",\"item\":\"https:\\\/\\\/www.1tool.com\\\/fr\\\/modules\\\/marketing-et-ventes\\\/bulletin-dinformation\\\/\"},{\"@type\":\"ListItem\",\"position\":5,\"name\":\"Fonctions du module Newsletter\",\"item\":\"https:\\\/\\\/www.1tool.com\\\/fr\\\/modules\\\/marketing-et-ventes\\\/bulletin-dinformation\\\/fonctions-du-module-newsletter\\\/\"},{\"@type\":\"ListItem\",\"position\":6,\"name\":\"Surveillance de la concurrence\"}]},{\"@type\":\"WebSite\",\"@id\":\"https:\\\/\\\/www.1tool.com\\\/fr\\\/#website\",\"url\":\"https:\\\/\\\/www.1tool.com\\\/fr\\\/\",\"name\":\"1Tool\",\"description\":\"CRM\",\"publisher\":{\"@id\":\"https:\\\/\\\/www.1tool.com\\\/fr\\\/#organization\"},\"potentialAction\":[{\"@type\":\"SearchAction\",\"target\":{\"@type\":\"EntryPoint\",\"urlTemplate\":\"https:\\\/\\\/www.1tool.com\\\/fr\\\/?s={search_term_string}\"},\"query-input\":{\"@type\":\"PropertyValueSpecification\",\"valueRequired\":true,\"valueName\":\"search_term_string\"}}],\"inLanguage\":\"fr-FR\"},{\"@type\":\"Organization\",\"@id\":\"https:\\\/\\\/www.1tool.com\\\/fr\\\/#organization\",\"name\":\"1Tool\",\"url\":\"https:\\\/\\\/www.1tool.com\\\/fr\\\/\",\"logo\":{\"@type\":\"ImageObject\",\"inLanguage\":\"fr-FR\",\"@id\":\"https:\\\/\\\/www.1tool.com\\\/fr\\\/#\\\/schema\\\/logo\\\/image\\\/\",\"url\":\"https:\\\/\\\/www.1tool.com\\\/wp-content\\\/uploads\\\/2022\\\/04\\\/1tool-1.png\",\"contentUrl\":\"https:\\\/\\\/www.1tool.com\\\/wp-content\\\/uploads\\\/2022\\\/04\\\/1tool-1.png\",\"width\":400,\"height\":150,\"caption\":\"1Tool\"},\"image\":{\"@id\":\"https:\\\/\\\/www.1tool.com\\\/fr\\\/#\\\/schema\\\/logo\\\/image\\\/\"}}]}<\/script>\n<!-- \/ Yoast SEO plugin. -->","yoast_head_json":{"title":"Surveillance de la concurrence - 1Tool","robots":{"index":"index","follow":"follow","max-snippet":"max-snippet:-1","max-image-preview":"max-image-preview:large","max-video-preview":"max-video-preview:-1"},"canonical":"https:\/\/www.1tool.com\/fr\/modules\/marketing-et-ventes\/bulletin-dinformation\/fonctions-du-module-newsletter\/surveillance-de-la-concurrence\/","og_locale":"fr_FR","og_type":"article","og_title":"Surveillance de la concurrence - 1Tool","og_description":"Surveillance de la concurrence Pour r\u00e9ussir dans le monde des affaires, il faut parfois regarder plus loin que le bout de son nez. Notre service de veille concurrentielle facilite grandement cette d\u00e9marche. Restez comp\u00e9titif avec 1Tool ! Nous surveillons pour vous les sites web de vos concurrents et vous informons par e-mail d\u00e8s qu&#8217;une modification [&hellip;]","og_url":"https:\/\/www.1tool.com\/fr\/modules\/marketing-et-ventes\/bulletin-dinformation\/fonctions-du-module-newsletter\/surveillance-de-la-concurrence\/","og_site_name":"1Tool","article_modified_time":"2026-05-07T12:59:42+00:00","twitter_card":"summary_large_image","twitter_misc":{"Dur\u00e9e de lecture estim\u00e9e":"1 minute"},"schema":{"@context":"https:\/\/schema.org","@graph":[{"@type":"WebPage","@id":"https:\/\/www.1tool.com\/fr\/modules\/marketing-et-ventes\/bulletin-dinformation\/fonctions-du-module-newsletter\/surveillance-de-la-concurrence\/","url":"https:\/\/www.1tool.com\/fr\/modules\/marketing-et-ventes\/bulletin-dinformation\/fonctions-du-module-newsletter\/surveillance-de-la-concurrence\/","name":"Surveillance de la concurrence - 1Tool","isPartOf":{"@id":"https:\/\/www.1tool.com\/fr\/#website"},"datePublished":"2022-03-30T12:12:43+00:00","dateModified":"2026-05-07T12:59:42+00:00","breadcrumb":{"@id":"https:\/\/www.1tool.com\/fr\/modules\/marketing-et-ventes\/bulletin-dinformation\/fonctions-du-module-newsletter\/surveillance-de-la-concurrence\/#breadcrumb"},"inLanguage":"fr-FR","potentialAction":[{"@type":"ReadAction","target":["https:\/\/www.1tool.com\/fr\/modules\/marketing-et-ventes\/bulletin-dinformation\/fonctions-du-module-newsletter\/surveillance-de-la-concurrence\/"]}]},{"@type":"BreadcrumbList","@id":"https:\/\/www.1tool.com\/fr\/modules\/marketing-et-ventes\/bulletin-dinformation\/fonctions-du-module-newsletter\/surveillance-de-la-concurrence\/#breadcrumb","itemListElement":[{"@type":"ListItem","position":1,"name":"Home","item":"https:\/\/www.1tool.com\/fr\/"},{"@type":"ListItem","position":2,"name":"Modules","item":"https:\/\/www.1tool.com\/fr\/module\/"},{"@type":"ListItem","position":3,"name":"Marketing et ventes","item":"https:\/\/www.1tool.com\/fr\/modules\/marketing-et-ventes\/"},{"@type":"ListItem","position":4,"name":"Bulletin d&#8217;information","item":"https:\/\/www.1tool.com\/fr\/modules\/marketing-et-ventes\/bulletin-dinformation\/"},{"@type":"ListItem","position":5,"name":"Fonctions du module Newsletter","item":"https:\/\/www.1tool.com\/fr\/modules\/marketing-et-ventes\/bulletin-dinformation\/fonctions-du-module-newsletter\/"},{"@type":"ListItem","position":6,"name":"Surveillance de la concurrence"}]},{"@type":"WebSite","@id":"https:\/\/www.1tool.com\/fr\/#website","url":"https:\/\/www.1tool.com\/fr\/","name":"1Tool","description":"CRM","publisher":{"@id":"https:\/\/www.1tool.com\/fr\/#organization"},"potentialAction":[{"@type":"SearchAction","target":{"@type":"EntryPoint","urlTemplate":"https:\/\/www.1tool.com\/fr\/?s={search_term_string}"},"query-input":{"@type":"PropertyValueSpecification","valueRequired":true,"valueName":"search_term_string"}}],"inLanguage":"fr-FR"},{"@type":"Organization","@id":"https:\/\/www.1tool.com\/fr\/#organization","name":"1Tool","url":"https:\/\/www.1tool.com\/fr\/","logo":{"@type":"ImageObject","inLanguage":"fr-FR","@id":"https:\/\/www.1tool.com\/fr\/#\/schema\/logo\/image\/","url":"https:\/\/www.1tool.com\/wp-content\/uploads\/2022\/04\/1tool-1.png","contentUrl":"https:\/\/www.1tool.com\/wp-content\/uploads\/2022\/04\/1tool-1.png","width":400,"height":150,"caption":"1Tool"},"image":{"@id":"https:\/\/www.1tool.com\/fr\/#\/schema\/logo\/image\/"}}]}},"_links":{"self":[{"href":"https:\/\/www.1tool.com\/fr\/wp-json\/wp\/v2\/pages\/79022","targetHints":{"allow":["GET"]}}],"collection":[{"href":"https:\/\/www.1tool.com\/fr\/wp-json\/wp\/v2\/pages"}],"about":[{"href":"https:\/\/www.1tool.com\/fr\/wp-json\/wp\/v2\/types\/page"}],"author":[{"embeddable":true,"href":"https:\/\/www.1tool.com\/fr\/wp-json\/wp\/v2\/users\/1"}],"replies":[{"embeddable":true,"href":"https:\/\/www.1tool.com\/fr\/wp-json\/wp\/v2\/comments?post=79022"}],"version-history":[{"count":1,"href":"https:\/\/www.1tool.com\/fr\/wp-json\/wp\/v2\/pages\/79022\/revisions"}],"predecessor-version":[{"id":79023,"href":"https:\/\/www.1tool.com\/fr\/wp-json\/wp\/v2\/pages\/79022\/revisions\/79023"}],"up":[{"embeddable":true,"href":"https:\/\/www.1tool.com\/fr\/wp-json\/wp\/v2\/pages\/79066"}],"wp:attachment":[{"href":"https:\/\/www.1tool.com\/fr\/wp-json\/wp\/v2\/media?parent=79022"}],"curies":[{"name":"wp","href":"https:\/\/api.w.org\/{rel}","templated":true}]}}