{"id":79938,"date":"2022-05-04T14:05:45","date_gmt":"2022-05-04T12:05:45","guid":{"rendered":"https:\/\/www.1tool.com\/contact\/mentions-legales\/"},"modified":"2026-05-07T15:08:11","modified_gmt":"2026-05-07T13:08:11","slug":"mentions-legales","status":"publish","type":"page","link":"https:\/\/www.1tool.com\/fr\/contact\/mentions-legales\/","title":{"rendered":"Mentions l\u00e9gales"},"content":{"rendered":"\t\t<div data-elementor-type=\"wp-page\" data-elementor-id=\"79938\" class=\"elementor elementor-79938 elementor-57741\" data-elementor-post-type=\"page\">\n\t\t\t\t\t\t<section class=\"elementor-section elementor-top-section elementor-element elementor-element-ac99afb elementor-section-content-middle elementor-section-boxed elementor-section-height-default elementor-section-height-default shadepro-adv-gradient-no shadepro-sticky-no\" data-id=\"ac99afb\" data-element_type=\"section\" data-e-type=\"section\" data-settings=\"{&quot;background_background&quot;:&quot;classic&quot;,&quot;shadepro_sticky&quot;:&quot;no&quot;}\">\n\t\t\t\t\t\t<div class=\"elementor-container elementor-column-gap-default\">\n\t\t\t\t\t<div class=\"elementor-column elementor-col-33 elementor-top-column elementor-element elementor-element-290e19f\" data-id=\"290e19f\" data-element_type=\"column\" data-e-type=\"column\">\n\t\t\t<div class=\"elementor-widget-wrap elementor-element-populated\">\n\t\t\t\t\t\t<div class=\"elementor-element elementor-element-ef7e50d shadepro-sticky-no elementor-widget elementor-widget-heading\" data-id=\"ef7e50d\" data-element_type=\"widget\" data-e-type=\"widget\" data-settings=\"{&quot;shadepro_sticky&quot;:&quot;no&quot;}\" data-widget_type=\"heading.default\">\n\t\t\t\t<div class=\"elementor-widget-container\">\n\t\t\t\t\t<h1 class=\"elementor-heading-title elementor-size-default\">Mentions l\u00e9gales<\/h1>\t\t\t\t<\/div>\n\t\t\t\t<\/div>\n\t\t\t\t<div class=\"elementor-element elementor-element-3e73ab3 shadepro-sticky-no elementor-widget elementor-widget-text-editor\" data-id=\"3e73ab3\" data-element_type=\"widget\" data-e-type=\"widget\" data-settings=\"{&quot;shadepro_sticky&quot;:&quot;no&quot;}\" data-widget_type=\"text-editor.default\">\n\t\t\t\t<div class=\"elementor-widget-container\">\n\t\t\t\t\t\t\t\t\t<p>K\u00f6rbler GmbH<br>FN : 403057 g | Tribunal de grande instance de Graz<br>Num\u00e9ro UID : ATU68180014<\/p>\n<p><strong>Directeur g\u00e9n\u00e9ral<\/strong><br>Ing. Dipl. (FH) Mario K\u00f6rbler, MBA   <\/p>\n<p><strong>Fond\u00e9s de pouvoir<\/strong><br>Mag. Kerstin K\u00f6rbler, Bakk<br>Ing. Stefan Denk, Bakk<br>Hans-Peter Wolf <\/p>\n<p><strong>CGV &#8211; Conditions g\u00e9n\u00e9rales de vente<\/strong><br><a href=\"https:\/\/www.1tool.com\/fr\/contact\/conditions-generales-de-vente\/\">Vers les conditions g\u00e9n\u00e9rales de vente&#8230;<\/a><\/p>\n<p><strong>D\u00e9claration de confidentialit\u00e9<\/strong><br><a href=\"https:\/\/www.1tool.com\/kontakt\/datenschutzerklaerung\/\">Vers la d\u00e9claration de confidentialit\u00e9..<\/a><\/p>\t\t\t\t\t\t\t\t<\/div>\n\t\t\t\t<\/div>\n\t\t\t\t<div class=\"elementor-element elementor-element-a2f6ed1 shadepro-sticky-no elementor-widget elementor-widget-shadepro-btn\" data-id=\"a2f6ed1\" data-element_type=\"widget\" data-e-type=\"widget\" data-settings=\"{&quot;shadepro_sticky&quot;:&quot;no&quot;}\" data-widget_type=\"shadepro-btn.default\">\n\t\t\t\t<div class=\"elementor-widget-container\">\n\t\t\t\t\t        <div class=\"shadepro-btn-wrapper enable-icon-box-no\">\n                            <a class=\"shadepro-btn btn-type-boxed elementor-animation-float\" href=\"https:\/\/www.1tool.com\/kontakt\"  >\n            \n                    \n                    Kontakt aufnehmen\n                                                        <\/a>\n                <\/div>\n\t\t\t\t<\/div>\n\t\t\t\t<\/div>\n\t\t\t\t\t<\/div>\n\t\t<\/div>\n\t\t\t\t<div class=\"elementor-column elementor-col-33 elementor-top-column elementor-element elementor-element-44c59fb\" data-id=\"44c59fb\" data-element_type=\"column\" data-e-type=\"column\">\n\t\t\t<div class=\"elementor-widget-wrap elementor-element-populated\">\n\t\t\t\t\t\t<div class=\"elementor-element elementor-element-66fe2b0 shadepro-sticky-no elementor-widget elementor-widget-image\" data-id=\"66fe2b0\" data-element_type=\"widget\" data-e-type=\"widget\" data-settings=\"{&quot;shadepro_sticky&quot;:&quot;no&quot;}\" data-widget_type=\"image.default\">\n\t\t\t\t<div class=\"elementor-widget-container\">\n\t\t\t\t\t\t\t\t\t\t\t\t\t\t\t<img fetchpriority=\"high\" decoding=\"async\" width=\"308\" height=\"419\" src=\"https:\/\/www.1tool.com\/wp-content\/uploads\/2022\/05\/impressum-1tool.jpg\" class=\"attachment-full size-full wp-image-79940\" alt=\"\" srcset=\"https:\/\/www.1tool.com\/wp-content\/uploads\/2022\/05\/impressum-1tool.jpg 308w, https:\/\/www.1tool.com\/wp-content\/uploads\/2022\/05\/impressum-1tool-221x300.jpg 221w\" sizes=\"(max-width: 308px) 100vw, 308px\" \/>\t\t\t\t\t\t\t\t\t\t\t\t\t\t\t<\/div>\n\t\t\t\t<\/div>\n\t\t\t\t\t<\/div>\n\t\t<\/div>\n\t\t\t\t<div class=\"elementor-column elementor-col-33 elementor-top-column elementor-element elementor-element-4fc2b0d\" data-id=\"4fc2b0d\" data-element_type=\"column\" data-e-type=\"column\">\n\t\t\t<div class=\"elementor-widget-wrap elementor-element-populated\">\n\t\t\t\t\t\t<div class=\"elementor-element elementor-element-691de77 shadepro-sticky-no elementor-widget elementor-widget-text-editor\" data-id=\"691de77\" data-element_type=\"widget\" data-e-type=\"widget\" data-settings=\"{&quot;shadepro_sticky&quot;:&quot;no&quot;}\" data-widget_type=\"text-editor.default\">\n\t\t\t\t<div class=\"elementor-widget-container\">\n\t\t\t\t\t\t\t\t\t<p><strong>Contact<\/strong><br>Hofweg 1<br>8435 Leitring<br>Autriche<\/p><p>T\u00e9l\u00e9phone : +43 3452 214 214<br>E-mail : <a href=\"mailto:office@1tool.com\">office@1tool.com<\/a><\/p><p><strong>Membre de la WKO<\/strong><\/p><p>Membre de la WKO Autriche, groupe sp\u00e9cialis\u00e9 &#8220;Conseillers d&#8217;entreprise et technologie de l&#8217;information&#8221; et groupe sp\u00e9cialis\u00e9 &#8220;Publicit\u00e9 et communication de march\u00e9<a href=\"https:\/\/firmen.wko.at\/k%c3%b6rbler\/?page=2\" target=\"_blank\" rel=\"noopener\">&#8220;<br>Vers la pr\u00e9sentation de la soci\u00e9t\u00e9 WKO&#8230;<\/a><\/p>\t\t\t\t\t\t\t\t<\/div>\n\t\t\t\t<\/div>\n\t\t\t\t\t<\/div>\n\t\t<\/div>\n\t\t\t\t\t<\/div>\n\t\t<\/section>\n\t\t\t\t<\/div>\n\t\t","protected":false},"excerpt":{"rendered":"<p>Mentions l\u00e9gales K\u00f6rbler GmbHFN : 403057 g | Tribunal de grande instance de GrazNum\u00e9ro UID : ATU68180014 Directeur g\u00e9n\u00e9ralIng. Dipl. (FH) Mario K\u00f6rbler, MBA Fond\u00e9s de pouvoirMag. Kerstin K\u00f6rbler, BakkIng. Stefan Denk, BakkHans-Peter Wolf CGV &#8211; Conditions g\u00e9n\u00e9rales de venteVers les conditions g\u00e9n\u00e9rales de vente&#8230; D\u00e9claration de confidentialit\u00e9Vers la d\u00e9claration de confidentialit\u00e9.. Kontakt aufnehmen ContactHofweg [&hellip;]<\/p>\n","protected":false},"author":1,"featured_media":0,"parent":66501,"menu_order":32,"comment_status":"closed","ping_status":"closed","template":"elementor_header_footer","meta":{"inline_featured_image":false,"footnotes":""},"class_list":["post-79938","page","type-page","status-publish","hentry"],"acf":[],"yoast_head":"<!-- This site is optimized with the Yoast SEO plugin v27.5 - https:\/\/yoast.com\/product\/yoast-seo-wordpress\/ -->\n<title>Mentions l\u00e9gales - 1Tool<\/title>\n<meta name=\"robots\" content=\"index, follow, max-snippet:-1, max-image-preview:large, max-video-preview:-1\" \/>\n<link rel=\"canonical\" href=\"https:\/\/www.1tool.com\/fr\/contact\/mentions-legales\/\" \/>\n<meta property=\"og:locale\" content=\"fr_FR\" \/>\n<meta property=\"og:type\" content=\"article\" \/>\n<meta property=\"og:title\" content=\"Mentions l\u00e9gales - 1Tool\" \/>\n<meta property=\"og:description\" content=\"Mentions l\u00e9gales K\u00f6rbler GmbHFN : 403057 g | Tribunal de grande instance de GrazNum\u00e9ro UID : ATU68180014 Directeur g\u00e9n\u00e9ralIng. Dipl. (FH) Mario K\u00f6rbler, MBA Fond\u00e9s de pouvoirMag. Kerstin K\u00f6rbler, BakkIng. Stefan Denk, BakkHans-Peter Wolf CGV &#8211; Conditions g\u00e9n\u00e9rales de venteVers les conditions g\u00e9n\u00e9rales de vente&#8230; D\u00e9claration de confidentialit\u00e9Vers la d\u00e9claration de confidentialit\u00e9.. Kontakt aufnehmen ContactHofweg [&hellip;]\" \/>\n<meta property=\"og:url\" content=\"https:\/\/www.1tool.com\/fr\/contact\/mentions-legales\/\" \/>\n<meta property=\"og:site_name\" content=\"1Tool\" \/>\n<meta property=\"article:modified_time\" content=\"2026-05-07T13:08:11+00:00\" \/>\n<meta property=\"og:image\" content=\"https:\/\/www.1tool.com\/wp-content\/uploads\/2022\/05\/impressum-1tool.jpg\" \/>\n\t<meta property=\"og:image:width\" content=\"308\" \/>\n\t<meta property=\"og:image:height\" content=\"419\" \/>\n\t<meta property=\"og:image:type\" content=\"image\/jpeg\" \/>\n<meta name=\"twitter:card\" content=\"summary_large_image\" \/>\n<meta name=\"twitter:label1\" content=\"Dur\u00e9e de lecture estim\u00e9e\" \/>\n\t<meta name=\"twitter:data1\" content=\"1 minute\" \/>\n<script type=\"application\/ld+json\" class=\"yoast-schema-graph\">{\"@context\":\"https:\\\/\\\/schema.org\",\"@graph\":[{\"@type\":\"WebPage\",\"@id\":\"https:\\\/\\\/www.1tool.com\\\/fr\\\/contact\\\/mentions-legales\\\/\",\"url\":\"https:\\\/\\\/www.1tool.com\\\/fr\\\/contact\\\/mentions-legales\\\/\",\"name\":\"Mentions l\u00e9gales - 1Tool\",\"isPartOf\":{\"@id\":\"https:\\\/\\\/www.1tool.com\\\/fr\\\/#website\"},\"primaryImageOfPage\":{\"@id\":\"https:\\\/\\\/www.1tool.com\\\/fr\\\/contact\\\/mentions-legales\\\/#primaryimage\"},\"image\":{\"@id\":\"https:\\\/\\\/www.1tool.com\\\/fr\\\/contact\\\/mentions-legales\\\/#primaryimage\"},\"thumbnailUrl\":\"https:\\\/\\\/www.1tool.com\\\/wp-content\\\/uploads\\\/2022\\\/05\\\/impressum-1tool.jpg\",\"datePublished\":\"2022-05-04T12:05:45+00:00\",\"dateModified\":\"2026-05-07T13:08:11+00:00\",\"breadcrumb\":{\"@id\":\"https:\\\/\\\/www.1tool.com\\\/fr\\\/contact\\\/mentions-legales\\\/#breadcrumb\"},\"inLanguage\":\"fr-FR\",\"potentialAction\":[{\"@type\":\"ReadAction\",\"target\":[\"https:\\\/\\\/www.1tool.com\\\/fr\\\/contact\\\/mentions-legales\\\/\"]}]},{\"@type\":\"ImageObject\",\"inLanguage\":\"fr-FR\",\"@id\":\"https:\\\/\\\/www.1tool.com\\\/fr\\\/contact\\\/mentions-legales\\\/#primaryimage\",\"url\":\"https:\\\/\\\/www.1tool.com\\\/wp-content\\\/uploads\\\/2022\\\/05\\\/impressum-1tool.jpg\",\"contentUrl\":\"https:\\\/\\\/www.1tool.com\\\/wp-content\\\/uploads\\\/2022\\\/05\\\/impressum-1tool.jpg\"},{\"@type\":\"BreadcrumbList\",\"@id\":\"https:\\\/\\\/www.1tool.com\\\/fr\\\/contact\\\/mentions-legales\\\/#breadcrumb\",\"itemListElement\":[{\"@type\":\"ListItem\",\"position\":1,\"name\":\"Home\",\"item\":\"https:\\\/\\\/www.1tool.com\\\/fr\\\/\"},{\"@type\":\"ListItem\",\"position\":2,\"name\":\"Contact\",\"item\":\"https:\\\/\\\/www.1tool.com\\\/fr\\\/kontakt\\\/\"},{\"@type\":\"ListItem\",\"position\":3,\"name\":\"Mentions l\u00e9gales\"}]},{\"@type\":\"WebSite\",\"@id\":\"https:\\\/\\\/www.1tool.com\\\/fr\\\/#website\",\"url\":\"https:\\\/\\\/www.1tool.com\\\/fr\\\/\",\"name\":\"1Tool\",\"description\":\"CRM\",\"publisher\":{\"@id\":\"https:\\\/\\\/www.1tool.com\\\/fr\\\/#organization\"},\"potentialAction\":[{\"@type\":\"SearchAction\",\"target\":{\"@type\":\"EntryPoint\",\"urlTemplate\":\"https:\\\/\\\/www.1tool.com\\\/fr\\\/?s={search_term_string}\"},\"query-input\":{\"@type\":\"PropertyValueSpecification\",\"valueRequired\":true,\"valueName\":\"search_term_string\"}}],\"inLanguage\":\"fr-FR\"},{\"@type\":\"Organization\",\"@id\":\"https:\\\/\\\/www.1tool.com\\\/fr\\\/#organization\",\"name\":\"1Tool\",\"url\":\"https:\\\/\\\/www.1tool.com\\\/fr\\\/\",\"logo\":{\"@type\":\"ImageObject\",\"inLanguage\":\"fr-FR\",\"@id\":\"https:\\\/\\\/www.1tool.com\\\/fr\\\/#\\\/schema\\\/logo\\\/image\\\/\",\"url\":\"https:\\\/\\\/www.1tool.com\\\/wp-content\\\/uploads\\\/2022\\\/04\\\/1tool-1.png\",\"contentUrl\":\"https:\\\/\\\/www.1tool.com\\\/wp-content\\\/uploads\\\/2022\\\/04\\\/1tool-1.png\",\"width\":400,\"height\":150,\"caption\":\"1Tool\"},\"image\":{\"@id\":\"https:\\\/\\\/www.1tool.com\\\/fr\\\/#\\\/schema\\\/logo\\\/image\\\/\"}}]}<\/script>\n<!-- \/ Yoast SEO plugin. -->","yoast_head_json":{"title":"Mentions l\u00e9gales - 1Tool","robots":{"index":"index","follow":"follow","max-snippet":"max-snippet:-1","max-image-preview":"max-image-preview:large","max-video-preview":"max-video-preview:-1"},"canonical":"https:\/\/www.1tool.com\/fr\/contact\/mentions-legales\/","og_locale":"fr_FR","og_type":"article","og_title":"Mentions l\u00e9gales - 1Tool","og_description":"Mentions l\u00e9gales K\u00f6rbler GmbHFN : 403057 g | Tribunal de grande instance de GrazNum\u00e9ro UID : ATU68180014 Directeur g\u00e9n\u00e9ralIng. Dipl. (FH) Mario K\u00f6rbler, MBA Fond\u00e9s de pouvoirMag. Kerstin K\u00f6rbler, BakkIng. Stefan Denk, BakkHans-Peter Wolf CGV &#8211; Conditions g\u00e9n\u00e9rales de venteVers les conditions g\u00e9n\u00e9rales de vente&#8230; D\u00e9claration de confidentialit\u00e9Vers la d\u00e9claration de confidentialit\u00e9.. Kontakt aufnehmen ContactHofweg [&hellip;]","og_url":"https:\/\/www.1tool.com\/fr\/contact\/mentions-legales\/","og_site_name":"1Tool","article_modified_time":"2026-05-07T13:08:11+00:00","og_image":[{"width":308,"height":419,"url":"https:\/\/www.1tool.com\/wp-content\/uploads\/2022\/05\/impressum-1tool.jpg","type":"image\/jpeg"}],"twitter_card":"summary_large_image","twitter_misc":{"Dur\u00e9e de lecture estim\u00e9e":"1 minute"},"schema":{"@context":"https:\/\/schema.org","@graph":[{"@type":"WebPage","@id":"https:\/\/www.1tool.com\/fr\/contact\/mentions-legales\/","url":"https:\/\/www.1tool.com\/fr\/contact\/mentions-legales\/","name":"Mentions l\u00e9gales - 1Tool","isPartOf":{"@id":"https:\/\/www.1tool.com\/fr\/#website"},"primaryImageOfPage":{"@id":"https:\/\/www.1tool.com\/fr\/contact\/mentions-legales\/#primaryimage"},"image":{"@id":"https:\/\/www.1tool.com\/fr\/contact\/mentions-legales\/#primaryimage"},"thumbnailUrl":"https:\/\/www.1tool.com\/wp-content\/uploads\/2022\/05\/impressum-1tool.jpg","datePublished":"2022-05-04T12:05:45+00:00","dateModified":"2026-05-07T13:08:11+00:00","breadcrumb":{"@id":"https:\/\/www.1tool.com\/fr\/contact\/mentions-legales\/#breadcrumb"},"inLanguage":"fr-FR","potentialAction":[{"@type":"ReadAction","target":["https:\/\/www.1tool.com\/fr\/contact\/mentions-legales\/"]}]},{"@type":"ImageObject","inLanguage":"fr-FR","@id":"https:\/\/www.1tool.com\/fr\/contact\/mentions-legales\/#primaryimage","url":"https:\/\/www.1tool.com\/wp-content\/uploads\/2022\/05\/impressum-1tool.jpg","contentUrl":"https:\/\/www.1tool.com\/wp-content\/uploads\/2022\/05\/impressum-1tool.jpg"},{"@type":"BreadcrumbList","@id":"https:\/\/www.1tool.com\/fr\/contact\/mentions-legales\/#breadcrumb","itemListElement":[{"@type":"ListItem","position":1,"name":"Home","item":"https:\/\/www.1tool.com\/fr\/"},{"@type":"ListItem","position":2,"name":"Contact","item":"https:\/\/www.1tool.com\/fr\/kontakt\/"},{"@type":"ListItem","position":3,"name":"Mentions l\u00e9gales"}]},{"@type":"WebSite","@id":"https:\/\/www.1tool.com\/fr\/#website","url":"https:\/\/www.1tool.com\/fr\/","name":"1Tool","description":"CRM","publisher":{"@id":"https:\/\/www.1tool.com\/fr\/#organization"},"potentialAction":[{"@type":"SearchAction","target":{"@type":"EntryPoint","urlTemplate":"https:\/\/www.1tool.com\/fr\/?s={search_term_string}"},"query-input":{"@type":"PropertyValueSpecification","valueRequired":true,"valueName":"search_term_string"}}],"inLanguage":"fr-FR"},{"@type":"Organization","@id":"https:\/\/www.1tool.com\/fr\/#organization","name":"1Tool","url":"https:\/\/www.1tool.com\/fr\/","logo":{"@type":"ImageObject","inLanguage":"fr-FR","@id":"https:\/\/www.1tool.com\/fr\/#\/schema\/logo\/image\/","url":"https:\/\/www.1tool.com\/wp-content\/uploads\/2022\/04\/1tool-1.png","contentUrl":"https:\/\/www.1tool.com\/wp-content\/uploads\/2022\/04\/1tool-1.png","width":400,"height":150,"caption":"1Tool"},"image":{"@id":"https:\/\/www.1tool.com\/fr\/#\/schema\/logo\/image\/"}}]}},"_links":{"self":[{"href":"https:\/\/www.1tool.com\/fr\/wp-json\/wp\/v2\/pages\/79938","targetHints":{"allow":["GET"]}}],"collection":[{"href":"https:\/\/www.1tool.com\/fr\/wp-json\/wp\/v2\/pages"}],"about":[{"href":"https:\/\/www.1tool.com\/fr\/wp-json\/wp\/v2\/types\/page"}],"author":[{"embeddable":true,"href":"https:\/\/www.1tool.com\/fr\/wp-json\/wp\/v2\/users\/1"}],"replies":[{"embeddable":true,"href":"https:\/\/www.1tool.com\/fr\/wp-json\/wp\/v2\/comments?post=79938"}],"version-history":[{"count":1,"href":"https:\/\/www.1tool.com\/fr\/wp-json\/wp\/v2\/pages\/79938\/revisions"}],"predecessor-version":[{"id":79941,"href":"https:\/\/www.1tool.com\/fr\/wp-json\/wp\/v2\/pages\/79938\/revisions\/79941"}],"up":[{"embeddable":true,"href":"https:\/\/www.1tool.com\/fr\/wp-json\/wp\/v2\/pages\/66501"}],"wp:attachment":[{"href":"https:\/\/www.1tool.com\/fr\/wp-json\/wp\/v2\/media?parent=79938"}],"curies":[{"name":"wp","href":"https:\/\/api.w.org\/{rel}","templated":true}]}}