{"id":80236,"date":"2020-12-19T07:00:41","date_gmt":"2020-12-19T06:00:41","guid":{"rendered":"https:\/\/www.1tool.com\/sections\/bulletin-dinformation\/"},"modified":"2026-05-07T15:10:26","modified_gmt":"2026-05-07T13:10:26","slug":"bulletin-dinformation","status":"publish","type":"page","link":"https:\/\/www.1tool.com\/fr\/sections\/bulletin-dinformation\/","title":{"rendered":"Bulletin d&#8217;information"},"content":{"rendered":"\t\t<div data-elementor-type=\"wp-page\" data-elementor-id=\"80236\" class=\"elementor elementor-80236 elementor-8269\" data-elementor-post-type=\"page\">\n\t\t\t\t\t\t<section class=\"elementor-section elementor-top-section elementor-element elementor-element-181c9e4 elementor-section-boxed elementor-section-height-default elementor-section-height-default shadepro-adv-gradient-no shadepro-sticky-no\" data-id=\"181c9e4\" data-element_type=\"section\" data-e-type=\"section\" data-settings=\"{&quot;shadepro_sticky&quot;:&quot;no&quot;}\">\n\t\t\t\t\t\t<div class=\"elementor-container elementor-column-gap-default\">\n\t\t\t\t\t<div class=\"elementor-column elementor-col-100 elementor-top-column elementor-element elementor-element-cb0a420\" data-id=\"cb0a420\" data-element_type=\"column\" data-e-type=\"column\">\n\t\t\t<div class=\"elementor-widget-wrap elementor-element-populated\">\n\t\t\t\t\t\t<section class=\"elementor-section elementor-inner-section elementor-element elementor-element-0b67adb elementor-section-boxed elementor-section-height-default elementor-section-height-default shadepro-adv-gradient-no shadepro-sticky-no\" data-id=\"0b67adb\" data-element_type=\"section\" data-e-type=\"section\" data-settings=\"{&quot;shadepro_sticky&quot;:&quot;no&quot;}\">\n\t\t\t\t\t\t<div class=\"elementor-container elementor-column-gap-default\">\n\t\t\t\t\t<div class=\"elementor-column elementor-col-100 elementor-inner-column elementor-element elementor-element-df36743\" data-id=\"df36743\" data-element_type=\"column\" data-e-type=\"column\">\n\t\t\t<div class=\"elementor-widget-wrap elementor-element-populated\">\n\t\t\t\t\t\t<div class=\"elementor-element elementor-element-8bd43ab shadepro-sticky-no elementor-widget elementor-widget-shadepro-feature-box\" data-id=\"8bd43ab\" data-element_type=\"widget\" data-e-type=\"widget\" data-settings=\"{&quot;shadepro_sticky&quot;:&quot;no&quot;}\" data-widget_type=\"shadepro-feature-box.default\">\n\t\t\t\t<div class=\"elementor-widget-container\">\n\t\t\t\t\t\t\t<div class=\"shadepro-feature-box-item shadepro-feature-icon-center\">\n            <div class=\"shadepro-feature-icon-wrap position-relative  icon-background-yes\">\n\n\t\t\t\t\t                    <span class=\"shadepro-feature-icon position-relative icon-type-icon\">\n\t\t\t\t\t<i aria-hidden=\"true\" class=\"fas fa-envelope\"><\/i>\n\n\t\t\t\t<\/span>\n\t\t\t<\/div>\n\t\t\t<div class=\"shadepro-feature-content-wrap\">\n\t\t\t\t<div class=\"shadepro-feature-content\">\n\t\t\t\t\t<h3 class=\"shadepro-feature-title\">Get our latest updates<\/h3>\n\t\t\t\t\t<h4 style=\"\n    font-size: 16px;\n    font-family: 'Inter';\n    line-height: 1.7em !important;\n\">With lots of unique blocks, you can easily build a page without coding. Build your next landing page.<\/h4>\n\t\t\t\t<\/div>\n\t\t\t\t\t\t\t<\/div>\n\t\t<\/div>\n\t\t\t\t<\/div>\n\t\t\t\t<\/div>\n\t\t\t\t<div class=\"elementor-element elementor-element-9017658 shadepro-sticky-no elementor-widget elementor-widget-shortcode\" data-id=\"9017658\" data-element_type=\"widget\" data-e-type=\"widget\" data-settings=\"{&quot;shadepro_sticky&quot;:&quot;no&quot;}\" data-widget_type=\"shortcode.default\">\n\t\t\t\t<div class=\"elementor-widget-container\">\n\t\t\t\t\t\t\t<div class=\"elementor-shortcode\"><p class=\"wpcf7-contact-form-not-found\"><strong>Erreur\u00a0:<\/strong> Formulaire de contact non trouv\u00e9\u00a0!<\/p><\/div>\n\t\t\t\t\t\t<\/div>\n\t\t\t\t<\/div>\n\t\t\t\t<div class=\"elementor-element elementor-element-69a08ae shadepro-sticky-no elementor-widget elementor-widget-heading\" data-id=\"69a08ae\" data-element_type=\"widget\" data-e-type=\"widget\" data-settings=\"{&quot;shadepro_sticky&quot;:&quot;no&quot;}\" data-widget_type=\"heading.default\">\n\t\t\t\t<div class=\"elementor-widget-container\">\n\t\t\t\t\t<span class=\"elementor-heading-title elementor-size-default\"><a href=\"https:\/\/finestdevs.com\/demos\/wp\/shadepro\/privacy-policy\/\">Nous ne partagerons jamais vos donn\u00e9es avec des tiers.\nView our Privacy Policy for more info.<\/a><\/span>\t\t\t\t<\/div>\n\t\t\t\t<\/div>\n\t\t\t\t\t<\/div>\n\t\t<\/div>\n\t\t\t\t\t<\/div>\n\t\t<\/section>\n\t\t\t\t\t<\/div>\n\t\t<\/div>\n\t\t\t\t\t<\/div>\n\t\t<\/section>\n\t\t\t\t<section class=\"elementor-section elementor-top-section elementor-element elementor-element-01ea670 elementor-section-boxed elementor-section-height-default elementor-section-height-default shadepro-adv-gradient-no shadepro-sticky-no\" data-id=\"01ea670\" data-element_type=\"section\" data-e-type=\"section\" data-settings=\"{&quot;background_background&quot;:&quot;classic&quot;,&quot;shadepro_sticky&quot;:&quot;no&quot;}\">\n\t\t\t\t\t\t<div class=\"elementor-container elementor-column-gap-default\">\n\t\t\t\t\t<div class=\"elementor-column elementor-col-100 elementor-top-column elementor-element elementor-element-9fe713b elementor-invisible\" data-id=\"9fe713b\" data-element_type=\"column\" data-e-type=\"column\" data-settings=\"{&quot;animation&quot;:&quot;fadeInUp&quot;,&quot;animation_delay&quot;:400}\">\n\t\t\t<div class=\"elementor-widget-wrap elementor-element-populated\">\n\t\t\t\t\t\t<section class=\"elementor-section elementor-inner-section elementor-element elementor-element-8f40182 elementor-section-boxed elementor-section-height-default elementor-section-height-default shadepro-adv-gradient-no shadepro-sticky-no\" data-id=\"8f40182\" data-element_type=\"section\" data-e-type=\"section\" data-settings=\"{&quot;shadepro_sticky&quot;:&quot;no&quot;}\">\n\t\t\t\t\t\t<div class=\"elementor-container elementor-column-gap-default\">\n\t\t\t\t\t<div class=\"elementor-column elementor-col-100 elementor-inner-column elementor-element elementor-element-3779084\" data-id=\"3779084\" data-element_type=\"column\" data-e-type=\"column\">\n\t\t\t<div class=\"elementor-widget-wrap elementor-element-populated\">\n\t\t\t\t\t\t<div class=\"elementor-element elementor-element-87a51a7 shadepro-sticky-no elementor-widget elementor-widget-heading\" data-id=\"87a51a7\" data-element_type=\"widget\" data-e-type=\"widget\" data-settings=\"{&quot;shadepro_sticky&quot;:&quot;no&quot;}\" data-widget_type=\"heading.default\">\n\t\t\t\t<div class=\"elementor-widget-container\">\n\t\t\t\t\t<h2 class=\"elementor-heading-title elementor-size-default\">Rejoignez notre newsletter riche<\/h2>\t\t\t\t<\/div>\n\t\t\t\t<\/div>\n\t\t\t\t<div class=\"elementor-element elementor-element-14cf6b4 shadepro-sticky-no elementor-widget elementor-widget-text-editor\" data-id=\"14cf6b4\" data-element_type=\"widget\" data-e-type=\"widget\" data-settings=\"{&quot;shadepro_sticky&quot;:&quot;no&quot;}\" data-widget_type=\"text-editor.default\">\n\t\t\t\t<div class=\"elementor-widget-container\">\n\t\t\t\t\t\t\t\t\t<p>Nous avons con\u00e7u et test\u00e9 des prototypes qui ont permis d&#8217;identifier les points de douleur dans les  <span style=\"letter-spacing: -0.4px; display: inline !important;\">processus de cr\u00e9ation de compte. Ensemble, nous avons fa\u00e7onn\u00e9 la nouvelle norme. <\/span><\/p>\t\t\t\t\t\t\t\t<\/div>\n\t\t\t\t<\/div>\n\t\t\t\t<div class=\"elementor-element elementor-element-185a031 shadepro-sticky-no elementor-widget elementor-widget-ama-subscribe-form\" data-id=\"185a031\" data-element_type=\"widget\" data-e-type=\"widget\" data-settings=\"{&quot;shadepro_sticky&quot;:&quot;no&quot;}\" data-widget_type=\"ama-subscribe-form.default\">\n\t\t\t\t<div class=\"elementor-widget-container\">\n\t\t\t\t\t\t\t \t<div class=\"sshade--pro-subscribe style--one\">\n\t\t \t\t<p class=\"wpcf7-contact-form-not-found\"><strong>Erreur\u00a0:<\/strong> Formulaire de contact non trouv\u00e9\u00a0!<\/p>\n\t\t \t<\/div>\n\t\t\t\t\t\t<\/div>\n\t\t\t\t<\/div>\n\t\t\t\t<div class=\"elementor-element elementor-element-3b68f06 shadepro-sticky-no elementor-widget elementor-widget-shadepro-btn\" data-id=\"3b68f06\" data-element_type=\"widget\" data-e-type=\"widget\" data-settings=\"{&quot;shadepro_sticky&quot;:&quot;no&quot;}\" data-widget_type=\"shadepro-btn.default\">\n\t\t\t\t<div class=\"elementor-widget-container\">\n\t\t\t\t\t        <div class=\"shadepro-btn-wrapper enable-icon-box-no\">\n                            <a class=\"shadepro-btn btn-type-inline elementor-animation-\" href=\"\"  >\n            \n                                            <span class=\"icon-before  btn-icon\"><svg xmlns=\"http:\/\/www.w3.org\/2000\/svg\" width=\"12\" height=\"14\" viewBox=\"0 0 12 14\"><g><g><g><path fill=\"none\" stroke=\"#666\" stroke-linecap=\"round\" stroke-linejoin=\"round\" stroke-miterlimit=\"20\" d=\"M1 6.56v0h10v6.667H1v0z\"><\/path><\/g><g><path fill=\"none\" stroke=\"#666\" stroke-linecap=\"round\" stroke-linejoin=\"round\" stroke-miterlimit=\"20\" d=\"M6.001 11.002a1.111 1.111 0 1 0 0-2.222 1.111 1.111 0 0 0 0 2.222z\"><\/path><\/g><g><path fill=\"none\" stroke=\"#666\" stroke-linecap=\"round\" stroke-linejoin=\"round\" stroke-miterlimit=\"20\" d=\"M8.776 6.556v0-2.778A2.75 2.75 0 0 0 6.053 1h-.055A2.75 2.75 0 0 0 3.22 3.722v2.834\"><\/path><\/g><\/g><\/g><\/svg><\/span>\n                    \n                    Your data is protected. We never spam in your inbox\u200b\n                                                        <\/a>\n                <\/div>\n\t\t\t\t<\/div>\n\t\t\t\t<\/div>\n\t\t\t\t\t<\/div>\n\t\t<\/div>\n\t\t\t\t\t<\/div>\n\t\t<\/section>\n\t\t\t\t\t<\/div>\n\t\t<\/div>\n\t\t\t\t\t<\/div>\n\t\t<\/section>\n\t\t\t\t<section class=\"elementor-section elementor-top-section elementor-element elementor-element-3e58b68 elementor-section-content-middle elementor-section-boxed elementor-section-height-default elementor-section-height-default shadepro-adv-gradient-no shadepro-sticky-no\" data-id=\"3e58b68\" data-element_type=\"section\" data-e-type=\"section\" data-settings=\"{&quot;shadepro_sticky&quot;:&quot;no&quot;}\">\n\t\t\t\t\t\t<div class=\"elementor-container elementor-column-gap-default\">\n\t\t\t\t\t<div class=\"elementor-column elementor-col-50 elementor-top-column elementor-element elementor-element-b099614\" data-id=\"b099614\" data-element_type=\"column\" data-e-type=\"column\">\n\t\t\t<div class=\"elementor-widget-wrap elementor-element-populated\">\n\t\t\t\t\t\t<div class=\"elementor-element elementor-element-6e05b9c shadepro-sticky-no elementor-widget elementor-widget-heading\" data-id=\"6e05b9c\" data-element_type=\"widget\" data-e-type=\"widget\" data-settings=\"{&quot;shadepro_sticky&quot;:&quot;no&quot;}\" data-widget_type=\"heading.default\">\n\t\t\t\t<div class=\"elementor-widget-container\">\n\t\t\t\t\t<h2 class=\"elementor-heading-title elementor-size-default\">Inscrivez-vous \u00e0 notre newsletter pour recevoir les derni\u00e8res nouvelles dans votre bo\u00eete de r\u00e9ception.<\/h2>\t\t\t\t<\/div>\n\t\t\t\t<\/div>\n\t\t\t\t\t<\/div>\n\t\t<\/div>\n\t\t\t\t<div class=\"elementor-column elementor-col-50 elementor-top-column elementor-element elementor-element-799e874\" data-id=\"799e874\" data-element_type=\"column\" data-e-type=\"column\">\n\t\t\t<div class=\"elementor-widget-wrap elementor-element-populated\">\n\t\t\t\t\t\t<div class=\"elementor-element elementor-element-aeef2b7 elementor-widget__width-initial elementor-widget-tablet__width-inherit shadepro-sticky-no elementor-widget elementor-widget-shortcode\" data-id=\"aeef2b7\" data-element_type=\"widget\" data-e-type=\"widget\" data-settings=\"{&quot;shadepro_sticky&quot;:&quot;no&quot;}\" data-widget_type=\"shortcode.default\">\n\t\t\t\t<div class=\"elementor-widget-container\">\n\t\t\t\t\t\t\t<div class=\"elementor-shortcode\"><p class=\"wpcf7-contact-form-not-found\"><strong>Erreur\u00a0:<\/strong> Formulaire de contact non trouv\u00e9\u00a0!<\/p><\/div>\n\t\t\t\t\t\t<\/div>\n\t\t\t\t<\/div>\n\t\t\t\t\t<\/div>\n\t\t<\/div>\n\t\t\t\t\t<\/div>\n\t\t<\/section>\n\t\t\t\t<section class=\"elementor-section elementor-top-section elementor-element elementor-element-20d172b elementor-section-boxed elementor-section-height-default elementor-section-height-default shadepro-adv-gradient-no shadepro-sticky-no elementor-invisible\" data-id=\"20d172b\" data-element_type=\"section\" data-e-type=\"section\" data-settings=\"{&quot;animation&quot;:&quot;fadeInUp&quot;,&quot;background_background&quot;:&quot;classic&quot;,&quot;shadepro_sticky&quot;:&quot;no&quot;}\">\n\t\t\t\t\t\t<div class=\"elementor-container elementor-column-gap-default\">\n\t\t\t\t\t<div class=\"elementor-column elementor-col-100 elementor-top-column elementor-element elementor-element-69fcc1e\" data-id=\"69fcc1e\" data-element_type=\"column\" data-e-type=\"column\">\n\t\t\t<div class=\"elementor-widget-wrap elementor-element-populated\">\n\t\t\t\t\t\t<div class=\"elementor-element elementor-element-9d521fa shadepro-sticky-no elementor-widget elementor-widget-heading\" data-id=\"9d521fa\" data-element_type=\"widget\" data-e-type=\"widget\" data-settings=\"{&quot;shadepro_sticky&quot;:&quot;no&quot;}\" data-widget_type=\"heading.default\">\n\t\t\t\t<div class=\"elementor-widget-container\">\n\t\t\t\t\t<h2 class=\"elementor-heading-title elementor-size-default\">Obtenir les derni\u00e8res mises \u00e0 jour<\/h2>\t\t\t\t<\/div>\n\t\t\t\t<\/div>\n\t\t\t\t<div class=\"elementor-element elementor-element-298d6db shadepro-sticky-no elementor-widget elementor-widget-text-editor\" data-id=\"298d6db\" data-element_type=\"widget\" data-e-type=\"widget\" data-settings=\"{&quot;shadepro_sticky&quot;:&quot;no&quot;}\" data-widget_type=\"text-editor.default\">\n\t\t\t\t<div class=\"elementor-widget-container\">\n\t\t\t\t\t\t\t\t\t<p>Avec beaucoup de blocs uniques, vous pouvez facilement construire une page sans coder. Construisez votre prochaine page d&#8217;accueil. <\/p>\t\t\t\t\t\t\t\t<\/div>\n\t\t\t\t<\/div>\n\t\t\t\t<div class=\"elementor-element elementor-element-41d499e elementor-widget__width-initial shadepro-sticky-no elementor-widget elementor-widget-shortcode\" data-id=\"41d499e\" data-element_type=\"widget\" data-e-type=\"widget\" data-settings=\"{&quot;shadepro_sticky&quot;:&quot;no&quot;}\" data-widget_type=\"shortcode.default\">\n\t\t\t\t<div class=\"elementor-widget-container\">\n\t\t\t\t\t\t\t<div class=\"elementor-shortcode\"><p class=\"wpcf7-contact-form-not-found\"><strong>Erreur\u00a0:<\/strong> Formulaire de contact non trouv\u00e9\u00a0!<\/p><\/div>\n\t\t\t\t\t\t<\/div>\n\t\t\t\t<\/div>\n\t\t\t\t<div class=\"elementor-element elementor-element-535cb07 shadepro-sticky-no elementor-widget elementor-widget-text-editor\" data-id=\"535cb07\" data-element_type=\"widget\" data-e-type=\"widget\" data-settings=\"{&quot;shadepro_sticky&quot;:&quot;no&quot;}\" data-widget_type=\"text-editor.default\">\n\t\t\t\t<div class=\"elementor-widget-container\">\n\t\t\t\t\t\t\t\t\t<p>Nous ne partagerons jamais vos informations avec des tiers. Consultez notre Politique de confidentialit\u00e9 pour plus d&#8217;informations. <\/p>\t\t\t\t\t\t\t\t<\/div>\n\t\t\t\t<\/div>\n\t\t\t\t\t<\/div>\n\t\t<\/div>\n\t\t\t\t\t<\/div>\n\t\t<\/section>\n\t\t\t\t<\/div>\n\t\t","protected":false},"excerpt":{"rendered":"<p>Get our latest updates With lots of unique blocks, you can easily build a page without coding. Build your next landing page. Nous ne partagerons jamais vos donn\u00e9es avec des tiers. View our Privacy Policy for more info. Rejoignez notre newsletter riche Nous avons con\u00e7u et test\u00e9 des prototypes qui ont permis d&#8217;identifier les points [&hellip;]<\/p>\n","protected":false},"author":1,"featured_media":0,"parent":66672,"menu_order":0,"comment_status":"closed","ping_status":"closed","template":"","meta":{"inline_featured_image":false,"footnotes":""},"class_list":["post-80236","page","type-page","status-publish","hentry"],"acf":[],"yoast_head":"<!-- This site is optimized with the Yoast SEO plugin v27.5 - https:\/\/yoast.com\/product\/yoast-seo-wordpress\/ -->\n<title>Bulletin d&#039;information - 1Tool<\/title>\n<meta name=\"robots\" content=\"index, follow, max-snippet:-1, max-image-preview:large, max-video-preview:-1\" \/>\n<link rel=\"canonical\" href=\"https:\/\/www.1tool.com\/fr\/sections\/bulletin-dinformation\/\" \/>\n<meta property=\"og:locale\" content=\"fr_FR\" \/>\n<meta property=\"og:type\" content=\"article\" \/>\n<meta property=\"og:title\" content=\"Bulletin d&#039;information - 1Tool\" \/>\n<meta property=\"og:description\" content=\"Get our latest updates With lots of unique blocks, you can easily build a page without coding. Build your next landing page. Nous ne partagerons jamais vos donn\u00e9es avec des tiers. View our Privacy Policy for more info. Rejoignez notre newsletter riche Nous avons con\u00e7u et test\u00e9 des prototypes qui ont permis d&#8217;identifier les points [&hellip;]\" \/>\n<meta property=\"og:url\" content=\"https:\/\/www.1tool.com\/fr\/sections\/bulletin-dinformation\/\" \/>\n<meta property=\"og:site_name\" content=\"1Tool\" \/>\n<meta property=\"article:modified_time\" content=\"2026-05-07T13:10:26+00:00\" \/>\n<meta name=\"twitter:card\" content=\"summary_large_image\" \/>\n<meta name=\"twitter:label1\" content=\"Dur\u00e9e de lecture estim\u00e9e\" \/>\n\t<meta name=\"twitter:data1\" content=\"1 minute\" \/>\n<script type=\"application\/ld+json\" class=\"yoast-schema-graph\">{\"@context\":\"https:\\\/\\\/schema.org\",\"@graph\":[{\"@type\":\"WebPage\",\"@id\":\"https:\\\/\\\/www.1tool.com\\\/fr\\\/sections\\\/bulletin-dinformation\\\/\",\"url\":\"https:\\\/\\\/www.1tool.com\\\/fr\\\/sections\\\/bulletin-dinformation\\\/\",\"name\":\"Bulletin d'information - 1Tool\",\"isPartOf\":{\"@id\":\"https:\\\/\\\/www.1tool.com\\\/fr\\\/#website\"},\"datePublished\":\"2020-12-19T06:00:41+00:00\",\"dateModified\":\"2026-05-07T13:10:26+00:00\",\"breadcrumb\":{\"@id\":\"https:\\\/\\\/www.1tool.com\\\/fr\\\/sections\\\/bulletin-dinformation\\\/#breadcrumb\"},\"inLanguage\":\"fr-FR\",\"potentialAction\":[{\"@type\":\"ReadAction\",\"target\":[\"https:\\\/\\\/www.1tool.com\\\/fr\\\/sections\\\/bulletin-dinformation\\\/\"]}]},{\"@type\":\"BreadcrumbList\",\"@id\":\"https:\\\/\\\/www.1tool.com\\\/fr\\\/sections\\\/bulletin-dinformation\\\/#breadcrumb\",\"itemListElement\":[{\"@type\":\"ListItem\",\"position\":1,\"name\":\"Home\",\"item\":\"https:\\\/\\\/www.1tool.com\\\/fr\\\/\"},{\"@type\":\"ListItem\",\"position\":2,\"name\":\"Sections\",\"item\":\"https:\\\/\\\/www.1tool.com\\\/fr\\\/sections\\\/\"},{\"@type\":\"ListItem\",\"position\":3,\"name\":\"Bulletin d&#8217;information\"}]},{\"@type\":\"WebSite\",\"@id\":\"https:\\\/\\\/www.1tool.com\\\/fr\\\/#website\",\"url\":\"https:\\\/\\\/www.1tool.com\\\/fr\\\/\",\"name\":\"1Tool\",\"description\":\"CRM\",\"publisher\":{\"@id\":\"https:\\\/\\\/www.1tool.com\\\/fr\\\/#organization\"},\"potentialAction\":[{\"@type\":\"SearchAction\",\"target\":{\"@type\":\"EntryPoint\",\"urlTemplate\":\"https:\\\/\\\/www.1tool.com\\\/fr\\\/?s={search_term_string}\"},\"query-input\":{\"@type\":\"PropertyValueSpecification\",\"valueRequired\":true,\"valueName\":\"search_term_string\"}}],\"inLanguage\":\"fr-FR\"},{\"@type\":\"Organization\",\"@id\":\"https:\\\/\\\/www.1tool.com\\\/fr\\\/#organization\",\"name\":\"1Tool\",\"url\":\"https:\\\/\\\/www.1tool.com\\\/fr\\\/\",\"logo\":{\"@type\":\"ImageObject\",\"inLanguage\":\"fr-FR\",\"@id\":\"https:\\\/\\\/www.1tool.com\\\/fr\\\/#\\\/schema\\\/logo\\\/image\\\/\",\"url\":\"https:\\\/\\\/www.1tool.com\\\/wp-content\\\/uploads\\\/2022\\\/04\\\/1tool-1.png\",\"contentUrl\":\"https:\\\/\\\/www.1tool.com\\\/wp-content\\\/uploads\\\/2022\\\/04\\\/1tool-1.png\",\"width\":400,\"height\":150,\"caption\":\"1Tool\"},\"image\":{\"@id\":\"https:\\\/\\\/www.1tool.com\\\/fr\\\/#\\\/schema\\\/logo\\\/image\\\/\"}}]}<\/script>\n<!-- \/ Yoast SEO plugin. -->","yoast_head_json":{"title":"Bulletin d'information - 1Tool","robots":{"index":"index","follow":"follow","max-snippet":"max-snippet:-1","max-image-preview":"max-image-preview:large","max-video-preview":"max-video-preview:-1"},"canonical":"https:\/\/www.1tool.com\/fr\/sections\/bulletin-dinformation\/","og_locale":"fr_FR","og_type":"article","og_title":"Bulletin d'information - 1Tool","og_description":"Get our latest updates With lots of unique blocks, you can easily build a page without coding. Build your next landing page. Nous ne partagerons jamais vos donn\u00e9es avec des tiers. View our Privacy Policy for more info. Rejoignez notre newsletter riche Nous avons con\u00e7u et test\u00e9 des prototypes qui ont permis d&#8217;identifier les points [&hellip;]","og_url":"https:\/\/www.1tool.com\/fr\/sections\/bulletin-dinformation\/","og_site_name":"1Tool","article_modified_time":"2026-05-07T13:10:26+00:00","twitter_card":"summary_large_image","twitter_misc":{"Dur\u00e9e de lecture estim\u00e9e":"1 minute"},"schema":{"@context":"https:\/\/schema.org","@graph":[{"@type":"WebPage","@id":"https:\/\/www.1tool.com\/fr\/sections\/bulletin-dinformation\/","url":"https:\/\/www.1tool.com\/fr\/sections\/bulletin-dinformation\/","name":"Bulletin d'information - 1Tool","isPartOf":{"@id":"https:\/\/www.1tool.com\/fr\/#website"},"datePublished":"2020-12-19T06:00:41+00:00","dateModified":"2026-05-07T13:10:26+00:00","breadcrumb":{"@id":"https:\/\/www.1tool.com\/fr\/sections\/bulletin-dinformation\/#breadcrumb"},"inLanguage":"fr-FR","potentialAction":[{"@type":"ReadAction","target":["https:\/\/www.1tool.com\/fr\/sections\/bulletin-dinformation\/"]}]},{"@type":"BreadcrumbList","@id":"https:\/\/www.1tool.com\/fr\/sections\/bulletin-dinformation\/#breadcrumb","itemListElement":[{"@type":"ListItem","position":1,"name":"Home","item":"https:\/\/www.1tool.com\/fr\/"},{"@type":"ListItem","position":2,"name":"Sections","item":"https:\/\/www.1tool.com\/fr\/sections\/"},{"@type":"ListItem","position":3,"name":"Bulletin d&#8217;information"}]},{"@type":"WebSite","@id":"https:\/\/www.1tool.com\/fr\/#website","url":"https:\/\/www.1tool.com\/fr\/","name":"1Tool","description":"CRM","publisher":{"@id":"https:\/\/www.1tool.com\/fr\/#organization"},"potentialAction":[{"@type":"SearchAction","target":{"@type":"EntryPoint","urlTemplate":"https:\/\/www.1tool.com\/fr\/?s={search_term_string}"},"query-input":{"@type":"PropertyValueSpecification","valueRequired":true,"valueName":"search_term_string"}}],"inLanguage":"fr-FR"},{"@type":"Organization","@id":"https:\/\/www.1tool.com\/fr\/#organization","name":"1Tool","url":"https:\/\/www.1tool.com\/fr\/","logo":{"@type":"ImageObject","inLanguage":"fr-FR","@id":"https:\/\/www.1tool.com\/fr\/#\/schema\/logo\/image\/","url":"https:\/\/www.1tool.com\/wp-content\/uploads\/2022\/04\/1tool-1.png","contentUrl":"https:\/\/www.1tool.com\/wp-content\/uploads\/2022\/04\/1tool-1.png","width":400,"height":150,"caption":"1Tool"},"image":{"@id":"https:\/\/www.1tool.com\/fr\/#\/schema\/logo\/image\/"}}]}},"_links":{"self":[{"href":"https:\/\/www.1tool.com\/fr\/wp-json\/wp\/v2\/pages\/80236","targetHints":{"allow":["GET"]}}],"collection":[{"href":"https:\/\/www.1tool.com\/fr\/wp-json\/wp\/v2\/pages"}],"about":[{"href":"https:\/\/www.1tool.com\/fr\/wp-json\/wp\/v2\/types\/page"}],"author":[{"embeddable":true,"href":"https:\/\/www.1tool.com\/fr\/wp-json\/wp\/v2\/users\/1"}],"replies":[{"embeddable":true,"href":"https:\/\/www.1tool.com\/fr\/wp-json\/wp\/v2\/comments?post=80236"}],"version-history":[{"count":1,"href":"https:\/\/www.1tool.com\/fr\/wp-json\/wp\/v2\/pages\/80236\/revisions"}],"predecessor-version":[{"id":80238,"href":"https:\/\/www.1tool.com\/fr\/wp-json\/wp\/v2\/pages\/80236\/revisions\/80238"}],"up":[{"embeddable":true,"href":"https:\/\/www.1tool.com\/fr\/wp-json\/wp\/v2\/pages\/66672"}],"wp:attachment":[{"href":"https:\/\/www.1tool.com\/fr\/wp-json\/wp\/v2\/media?parent=80236"}],"curies":[{"name":"wp","href":"https:\/\/api.w.org\/{rel}","templated":true}]}}