{"id":76327,"date":"2022-03-30T11:21:45","date_gmt":"2022-03-30T09:21:45","guid":{"rendered":"https:\/\/www.1tool.com\/funzioni-modulo-compiti\/"},"modified":"2026-05-06T16:00:50","modified_gmt":"2026-05-06T14:00:50","slug":"funzioni-modulo-compiti","status":"publish","type":"page","link":"https:\/\/www.1tool.com\/it\/moduli\/organizzazione-e-servizio\/compiti\/funzioni-modulo-compiti\/","title":{"rendered":"Funzioni Modulo Compiti"},"content":{"rendered":"\t\t<div data-elementor-type=\"wp-page\" data-elementor-id=\"76327\" class=\"elementor elementor-76327 elementor-48776\" data-elementor-post-type=\"page\">\n\t\t\t\t\t\t<section class=\"elementor-section elementor-top-section elementor-element elementor-element-1c3da03 elementor-section-boxed elementor-section-height-default elementor-section-height-default shadepro-adv-gradient-no shadepro-sticky-no\" data-id=\"1c3da03\" data-element_type=\"section\" data-e-type=\"section\" data-settings=\"{&quot;shadepro_sticky&quot;:&quot;no&quot;}\">\n\t\t\t\t\t\t<div class=\"elementor-container elementor-column-gap-default\">\n\t\t\t\t\t<div class=\"elementor-column elementor-col-100 elementor-top-column elementor-element elementor-element-a1a87d9\" data-id=\"a1a87d9\" data-element_type=\"column\" data-e-type=\"column\">\n\t\t\t<div class=\"elementor-widget-wrap elementor-element-populated\">\n\t\t\t\t\t\t<div class=\"elementor-element elementor-element-e89ab0a shadepro-sticky-no elementor-widget elementor-widget-heading\" data-id=\"e89ab0a\" data-element_type=\"widget\" data-e-type=\"widget\" data-settings=\"{&quot;shadepro_sticky&quot;:&quot;no&quot;}\" data-widget_type=\"heading.default\">\n\t\t\t\t<div class=\"elementor-widget-container\">\n\t\t\t\t\t<h1 class=\"elementor-heading-title elementor-size-default\">Funzioni Modulo Compiti<\/h1>\t\t\t\t<\/div>\n\t\t\t\t<\/div>\n\t\t\t\t<div class=\"elementor-element elementor-element-d2453f3 shadepro-sticky-no elementor-widget elementor-widget-text-editor\" data-id=\"d2453f3\" data-element_type=\"widget\" data-e-type=\"widget\" data-settings=\"{&quot;shadepro_sticky&quot;:&quot;no&quot;}\" data-widget_type=\"text-editor.default\">\n\t\t\t\t<div class=\"elementor-widget-container\">\n\t\t\t\t\t\t\t\t\t<p>Nei prossimi articoli ti mostreremo come utilizzare con successo il modulo attivit\u00e0 per la tua azienda.<\/p>\t\t\t\t\t\t\t\t<\/div>\n\t\t\t\t<\/div>\n\t\t\t\t<section class=\"elementor-section elementor-inner-section elementor-element elementor-element-fdaae18 elementor-section-boxed elementor-section-height-default elementor-section-height-default shadepro-adv-gradient-no shadepro-sticky-no\" data-id=\"fdaae18\" data-element_type=\"section\" data-e-type=\"section\" data-settings=\"{&quot;shadepro_sticky&quot;:&quot;no&quot;}\">\n\t\t\t\t\t\t<div class=\"elementor-container elementor-column-gap-default\">\n\t\t\t\t\t<div class=\"elementor-column elementor-col-50 elementor-inner-column elementor-element elementor-element-6b856c8\" data-id=\"6b856c8\" data-element_type=\"column\" data-e-type=\"column\">\n\t\t\t<div class=\"elementor-widget-wrap elementor-element-populated\">\n\t\t\t\t\t\t<div class=\"elementor-element elementor-element-640cbfe elementor-align-justify shadepro-sticky-no elementor-widget elementor-widget-button\" data-id=\"640cbfe\" data-element_type=\"widget\" data-e-type=\"widget\" data-settings=\"{&quot;shadepro_sticky&quot;:&quot;no&quot;}\" data-widget_type=\"button.default\">\n\t\t\t\t<div class=\"elementor-widget-container\">\n\t\t\t\t\t\t\t\t\t<div class=\"elementor-button-wrapper\">\n\t\t\t\t\t<a class=\"elementor-button elementor-button-link elementor-size-md\" href=\"https:\/\/www.1tool.com\/it\/moduli\/organizzazione-e-servizio\/compiti\/funzioni-modulo-compiti\/gestisci-le-attivita\/\">\n\t\t\t\t\t\t<span class=\"elementor-button-content-wrapper\">\n\t\t\t\t\t\t<span class=\"elementor-button-icon\">\n\t\t\t\t<i aria-hidden=\"true\" class=\"fas fa-arrow-right\"><\/i>\t\t\t<\/span>\n\t\t\t\t\t\t\t\t\t<span class=\"elementor-button-text\">Gestisci le attivit\u00e0<\/span>\n\t\t\t\t\t<\/span>\n\t\t\t\t\t<\/a>\n\t\t\t\t<\/div>\n\t\t\t\t\t\t\t\t<\/div>\n\t\t\t\t<\/div>\n\t\t\t\t\t<\/div>\n\t\t<\/div>\n\t\t\t\t<div class=\"elementor-column elementor-col-50 elementor-inner-column elementor-element elementor-element-8dbbb30\" data-id=\"8dbbb30\" data-element_type=\"column\" data-e-type=\"column\">\n\t\t\t<div class=\"elementor-widget-wrap elementor-element-populated\">\n\t\t\t\t\t\t<div class=\"elementor-element elementor-element-e6a0561 elementor-align-justify shadepro-sticky-no elementor-widget elementor-widget-button\" data-id=\"e6a0561\" data-element_type=\"widget\" data-e-type=\"widget\" data-settings=\"{&quot;shadepro_sticky&quot;:&quot;no&quot;}\" data-widget_type=\"button.default\">\n\t\t\t\t<div class=\"elementor-widget-container\">\n\t\t\t\t\t\t\t\t\t<div class=\"elementor-button-wrapper\">\n\t\t\t\t\t<a class=\"elementor-button elementor-button-link elementor-size-md\" href=\"https:\/\/www.1tool.com\/it\/moduli\/organizzazione-e-servizio\/compiti\/funzioni-modulo-compiti\/panoramica-dei-compiti\/\">\n\t\t\t\t\t\t<span class=\"elementor-button-content-wrapper\">\n\t\t\t\t\t\t<span class=\"elementor-button-icon\">\n\t\t\t\t<i aria-hidden=\"true\" class=\"fas fa-arrow-right\"><\/i>\t\t\t<\/span>\n\t\t\t\t\t\t\t\t\t<span class=\"elementor-button-text\">Panoramica dei compiti<\/span>\n\t\t\t\t\t<\/span>\n\t\t\t\t\t<\/a>\n\t\t\t\t<\/div>\n\t\t\t\t\t\t\t\t<\/div>\n\t\t\t\t<\/div>\n\t\t\t\t\t<\/div>\n\t\t<\/div>\n\t\t\t\t\t<\/div>\n\t\t<\/section>\n\t\t\t\t<section class=\"elementor-section elementor-inner-section elementor-element elementor-element-4546385 elementor-section-boxed elementor-section-height-default elementor-section-height-default shadepro-adv-gradient-no shadepro-sticky-no\" data-id=\"4546385\" data-element_type=\"section\" data-e-type=\"section\" data-settings=\"{&quot;shadepro_sticky&quot;:&quot;no&quot;}\">\n\t\t\t\t\t\t<div class=\"elementor-container elementor-column-gap-default\">\n\t\t\t\t\t<div class=\"elementor-column elementor-col-50 elementor-inner-column elementor-element elementor-element-970dd66\" data-id=\"970dd66\" data-element_type=\"column\" data-e-type=\"column\">\n\t\t\t<div class=\"elementor-widget-wrap elementor-element-populated\">\n\t\t\t\t\t\t<div class=\"elementor-element elementor-element-1e23b19 elementor-align-justify shadepro-sticky-no elementor-widget elementor-widget-button\" data-id=\"1e23b19\" data-element_type=\"widget\" data-e-type=\"widget\" data-settings=\"{&quot;shadepro_sticky&quot;:&quot;no&quot;}\" data-widget_type=\"button.default\">\n\t\t\t\t<div class=\"elementor-widget-container\">\n\t\t\t\t\t\t\t\t\t<div class=\"elementor-button-wrapper\">\n\t\t\t\t\t<a class=\"elementor-button elementor-button-link elementor-size-md\" href=\"https:\/\/www.1tool.com\/it\/moduli\/organizzazione-e-servizio\/compiti\/funzioni-modulo-compiti\/tipi-di-attivita\/\">\n\t\t\t\t\t\t<span class=\"elementor-button-content-wrapper\">\n\t\t\t\t\t\t<span class=\"elementor-button-icon\">\n\t\t\t\t<i aria-hidden=\"true\" class=\"fas fa-arrow-right\"><\/i>\t\t\t<\/span>\n\t\t\t\t\t\t\t\t\t<span class=\"elementor-button-text\">Tipi di attivit\u00e0<\/span>\n\t\t\t\t\t<\/span>\n\t\t\t\t\t<\/a>\n\t\t\t\t<\/div>\n\t\t\t\t\t\t\t\t<\/div>\n\t\t\t\t<\/div>\n\t\t\t\t\t<\/div>\n\t\t<\/div>\n\t\t\t\t<div class=\"elementor-column elementor-col-50 elementor-inner-column elementor-element elementor-element-a1e8525\" data-id=\"a1e8525\" data-element_type=\"column\" data-e-type=\"column\">\n\t\t\t<div class=\"elementor-widget-wrap\">\n\t\t\t\t\t\t\t<\/div>\n\t\t<\/div>\n\t\t\t\t\t<\/div>\n\t\t<\/section>\n\t\t\t\t\t<\/div>\n\t\t<\/div>\n\t\t\t\t\t<\/div>\n\t\t<\/section>\n\t\t\t\t<\/div>\n\t\t","protected":false},"excerpt":{"rendered":"<p>Funzioni Modulo Compiti Nei prossimi articoli ti mostreremo come utilizzare con successo il modulo attivit\u00e0 per la tua azienda. Gestisci le attivit\u00e0 Panoramica dei compiti Tipi di attivit\u00e0<\/p>\n","protected":false},"author":1,"featured_media":0,"parent":77453,"menu_order":0,"comment_status":"closed","ping_status":"closed","template":"","meta":{"inline_featured_image":false,"footnotes":""},"class_list":["post-76327","page","type-page","status-publish","hentry"],"acf":[],"yoast_head":"<!-- This site is optimized with the Yoast SEO plugin v27.5 - https:\/\/yoast.com\/product\/yoast-seo-wordpress\/ -->\n<title>Funzioni Modulo Compiti - 1Tool<\/title>\n<meta name=\"robots\" content=\"index, follow, max-snippet:-1, max-image-preview:large, max-video-preview:-1\" \/>\n<link rel=\"canonical\" href=\"https:\/\/www.1tool.com\/it\/moduli\/organizzazione-e-servizio\/compiti\/funzioni-modulo-compiti\/\" \/>\n<meta property=\"og:locale\" content=\"it_IT\" \/>\n<meta property=\"og:type\" content=\"article\" \/>\n<meta property=\"og:title\" content=\"Funzioni Modulo Compiti - 1Tool\" \/>\n<meta property=\"og:description\" content=\"Funzioni Modulo Compiti Nei prossimi articoli ti mostreremo come utilizzare con successo il modulo attivit\u00e0 per la tua azienda. Gestisci le attivit\u00e0 Panoramica dei compiti Tipi di attivit\u00e0\" \/>\n<meta property=\"og:url\" content=\"https:\/\/www.1tool.com\/it\/moduli\/organizzazione-e-servizio\/compiti\/funzioni-modulo-compiti\/\" \/>\n<meta property=\"og:site_name\" content=\"1Tool\" \/>\n<meta property=\"article:modified_time\" content=\"2026-05-06T14:00:50+00:00\" \/>\n<meta name=\"twitter:card\" content=\"summary_large_image\" \/>\n<script type=\"application\/ld+json\" class=\"yoast-schema-graph\">{\"@context\":\"https:\\\/\\\/schema.org\",\"@graph\":[{\"@type\":\"WebPage\",\"@id\":\"https:\\\/\\\/www.1tool.com\\\/it\\\/moduli\\\/organizzazione-e-servizio\\\/compiti\\\/funzioni-modulo-compiti\\\/\",\"url\":\"https:\\\/\\\/www.1tool.com\\\/it\\\/moduli\\\/organizzazione-e-servizio\\\/compiti\\\/funzioni-modulo-compiti\\\/\",\"name\":\"Funzioni Modulo Compiti - 1Tool\",\"isPartOf\":{\"@id\":\"https:\\\/\\\/www.1tool.com\\\/it\\\/#website\"},\"datePublished\":\"2022-03-30T09:21:45+00:00\",\"dateModified\":\"2026-05-06T14:00:50+00:00\",\"breadcrumb\":{\"@id\":\"https:\\\/\\\/www.1tool.com\\\/it\\\/moduli\\\/organizzazione-e-servizio\\\/compiti\\\/funzioni-modulo-compiti\\\/#breadcrumb\"},\"inLanguage\":\"it-IT\",\"potentialAction\":[{\"@type\":\"ReadAction\",\"target\":[\"https:\\\/\\\/www.1tool.com\\\/it\\\/moduli\\\/organizzazione-e-servizio\\\/compiti\\\/funzioni-modulo-compiti\\\/\"]}]},{\"@type\":\"BreadcrumbList\",\"@id\":\"https:\\\/\\\/www.1tool.com\\\/it\\\/moduli\\\/organizzazione-e-servizio\\\/compiti\\\/funzioni-modulo-compiti\\\/#breadcrumb\",\"itemListElement\":[{\"@type\":\"ListItem\",\"position\":1,\"name\":\"Home\",\"item\":\"https:\\\/\\\/www.1tool.com\\\/it\\\/1tool-crm\\\/\"},{\"@type\":\"ListItem\",\"position\":2,\"name\":\"Moduli\",\"item\":\"https:\\\/\\\/www.1tool.com\\\/it\\\/module\\\/\"},{\"@type\":\"ListItem\",\"position\":3,\"name\":\"Organizzazione e servizio\",\"item\":\"https:\\\/\\\/www.1tool.com\\\/it\\\/moduli\\\/organizzazione-e-servizio\\\/\"},{\"@type\":\"ListItem\",\"position\":4,\"name\":\"Compiti\",\"item\":\"https:\\\/\\\/www.1tool.com\\\/it\\\/moduli\\\/organizzazione-e-servizio\\\/compiti\\\/\"},{\"@type\":\"ListItem\",\"position\":5,\"name\":\"Funzioni Modulo Compiti\"}]},{\"@type\":\"WebSite\",\"@id\":\"https:\\\/\\\/www.1tool.com\\\/it\\\/#website\",\"url\":\"https:\\\/\\\/www.1tool.com\\\/it\\\/\",\"name\":\"1Tool\",\"description\":\"CRM\",\"publisher\":{\"@id\":\"https:\\\/\\\/www.1tool.com\\\/it\\\/#organization\"},\"potentialAction\":[{\"@type\":\"SearchAction\",\"target\":{\"@type\":\"EntryPoint\",\"urlTemplate\":\"https:\\\/\\\/www.1tool.com\\\/it\\\/?s={search_term_string}\"},\"query-input\":{\"@type\":\"PropertyValueSpecification\",\"valueRequired\":true,\"valueName\":\"search_term_string\"}}],\"inLanguage\":\"it-IT\"},{\"@type\":\"Organization\",\"@id\":\"https:\\\/\\\/www.1tool.com\\\/it\\\/#organization\",\"name\":\"1Tool\",\"url\":\"https:\\\/\\\/www.1tool.com\\\/it\\\/\",\"logo\":{\"@type\":\"ImageObject\",\"inLanguage\":\"it-IT\",\"@id\":\"https:\\\/\\\/www.1tool.com\\\/it\\\/#\\\/schema\\\/logo\\\/image\\\/\",\"url\":\"https:\\\/\\\/www.1tool.com\\\/wp-content\\\/uploads\\\/2022\\\/04\\\/1tool-1.png\",\"contentUrl\":\"https:\\\/\\\/www.1tool.com\\\/wp-content\\\/uploads\\\/2022\\\/04\\\/1tool-1.png\",\"width\":400,\"height\":150,\"caption\":\"1Tool\"},\"image\":{\"@id\":\"https:\\\/\\\/www.1tool.com\\\/it\\\/#\\\/schema\\\/logo\\\/image\\\/\"}}]}<\/script>\n<!-- \/ Yoast SEO plugin. -->","yoast_head_json":{"title":"Funzioni Modulo Compiti - 1Tool","robots":{"index":"index","follow":"follow","max-snippet":"max-snippet:-1","max-image-preview":"max-image-preview:large","max-video-preview":"max-video-preview:-1"},"canonical":"https:\/\/www.1tool.com\/it\/moduli\/organizzazione-e-servizio\/compiti\/funzioni-modulo-compiti\/","og_locale":"it_IT","og_type":"article","og_title":"Funzioni Modulo Compiti - 1Tool","og_description":"Funzioni Modulo Compiti Nei prossimi articoli ti mostreremo come utilizzare con successo il modulo attivit\u00e0 per la tua azienda. Gestisci le attivit\u00e0 Panoramica dei compiti Tipi di attivit\u00e0","og_url":"https:\/\/www.1tool.com\/it\/moduli\/organizzazione-e-servizio\/compiti\/funzioni-modulo-compiti\/","og_site_name":"1Tool","article_modified_time":"2026-05-06T14:00:50+00:00","twitter_card":"summary_large_image","schema":{"@context":"https:\/\/schema.org","@graph":[{"@type":"WebPage","@id":"https:\/\/www.1tool.com\/it\/moduli\/organizzazione-e-servizio\/compiti\/funzioni-modulo-compiti\/","url":"https:\/\/www.1tool.com\/it\/moduli\/organizzazione-e-servizio\/compiti\/funzioni-modulo-compiti\/","name":"Funzioni Modulo Compiti - 1Tool","isPartOf":{"@id":"https:\/\/www.1tool.com\/it\/#website"},"datePublished":"2022-03-30T09:21:45+00:00","dateModified":"2026-05-06T14:00:50+00:00","breadcrumb":{"@id":"https:\/\/www.1tool.com\/it\/moduli\/organizzazione-e-servizio\/compiti\/funzioni-modulo-compiti\/#breadcrumb"},"inLanguage":"it-IT","potentialAction":[{"@type":"ReadAction","target":["https:\/\/www.1tool.com\/it\/moduli\/organizzazione-e-servizio\/compiti\/funzioni-modulo-compiti\/"]}]},{"@type":"BreadcrumbList","@id":"https:\/\/www.1tool.com\/it\/moduli\/organizzazione-e-servizio\/compiti\/funzioni-modulo-compiti\/#breadcrumb","itemListElement":[{"@type":"ListItem","position":1,"name":"Home","item":"https:\/\/www.1tool.com\/it\/1tool-crm\/"},{"@type":"ListItem","position":2,"name":"Moduli","item":"https:\/\/www.1tool.com\/it\/module\/"},{"@type":"ListItem","position":3,"name":"Organizzazione e servizio","item":"https:\/\/www.1tool.com\/it\/moduli\/organizzazione-e-servizio\/"},{"@type":"ListItem","position":4,"name":"Compiti","item":"https:\/\/www.1tool.com\/it\/moduli\/organizzazione-e-servizio\/compiti\/"},{"@type":"ListItem","position":5,"name":"Funzioni Modulo Compiti"}]},{"@type":"WebSite","@id":"https:\/\/www.1tool.com\/it\/#website","url":"https:\/\/www.1tool.com\/it\/","name":"1Tool","description":"CRM","publisher":{"@id":"https:\/\/www.1tool.com\/it\/#organization"},"potentialAction":[{"@type":"SearchAction","target":{"@type":"EntryPoint","urlTemplate":"https:\/\/www.1tool.com\/it\/?s={search_term_string}"},"query-input":{"@type":"PropertyValueSpecification","valueRequired":true,"valueName":"search_term_string"}}],"inLanguage":"it-IT"},{"@type":"Organization","@id":"https:\/\/www.1tool.com\/it\/#organization","name":"1Tool","url":"https:\/\/www.1tool.com\/it\/","logo":{"@type":"ImageObject","inLanguage":"it-IT","@id":"https:\/\/www.1tool.com\/it\/#\/schema\/logo\/image\/","url":"https:\/\/www.1tool.com\/wp-content\/uploads\/2022\/04\/1tool-1.png","contentUrl":"https:\/\/www.1tool.com\/wp-content\/uploads\/2022\/04\/1tool-1.png","width":400,"height":150,"caption":"1Tool"},"image":{"@id":"https:\/\/www.1tool.com\/it\/#\/schema\/logo\/image\/"}}]}},"_links":{"self":[{"href":"https:\/\/www.1tool.com\/it\/wp-json\/wp\/v2\/pages\/76327","targetHints":{"allow":["GET"]}}],"collection":[{"href":"https:\/\/www.1tool.com\/it\/wp-json\/wp\/v2\/pages"}],"about":[{"href":"https:\/\/www.1tool.com\/it\/wp-json\/wp\/v2\/types\/page"}],"author":[{"embeddable":true,"href":"https:\/\/www.1tool.com\/it\/wp-json\/wp\/v2\/users\/1"}],"replies":[{"embeddable":true,"href":"https:\/\/www.1tool.com\/it\/wp-json\/wp\/v2\/comments?post=76327"}],"version-history":[{"count":2,"href":"https:\/\/www.1tool.com\/it\/wp-json\/wp\/v2\/pages\/76327\/revisions"}],"predecessor-version":[{"id":77463,"href":"https:\/\/www.1tool.com\/it\/wp-json\/wp\/v2\/pages\/76327\/revisions\/77463"}],"up":[{"embeddable":true,"href":"https:\/\/www.1tool.com\/it\/wp-json\/wp\/v2\/pages\/77453"}],"wp:attachment":[{"href":"https:\/\/www.1tool.com\/it\/wp-json\/wp\/v2\/media?parent=76327"}],"curies":[{"name":"wp","href":"https:\/\/api.w.org\/{rel}","templated":true}]}}