{"id":76331,"date":"2022-03-30T11:18:08","date_gmt":"2022-03-30T09:18:08","guid":{"rendered":"https:\/\/www.1tool.com\/funzioni-modulo-opportunita\/"},"modified":"2026-05-06T15:57:01","modified_gmt":"2026-05-06T13:57:01","slug":"funzioni-modulo-opportunita","status":"publish","type":"page","link":"https:\/\/www.1tool.com\/it\/moduli\/marketing-e-vendite\/opportunita-di-vendita\/funzioni-modulo-opportunita\/","title":{"rendered":"Funzioni Modulo opportunit\u00e0"},"content":{"rendered":"\t\t<div data-elementor-type=\"wp-page\" data-elementor-id=\"76331\" class=\"elementor elementor-76331 elementor-48768\" data-elementor-post-type=\"page\">\n\t\t\t\t\t\t<section class=\"elementor-section elementor-top-section elementor-element elementor-element-88bacab elementor-section-boxed elementor-section-height-default elementor-section-height-default shadepro-adv-gradient-no shadepro-sticky-no\" data-id=\"88bacab\" data-element_type=\"section\" data-e-type=\"section\" data-settings=\"{&quot;shadepro_sticky&quot;:&quot;no&quot;}\">\n\t\t\t\t\t\t<div class=\"elementor-container elementor-column-gap-default\">\n\t\t\t\t\t<div class=\"elementor-column elementor-col-100 elementor-top-column elementor-element elementor-element-f594c98\" data-id=\"f594c98\" data-element_type=\"column\" data-e-type=\"column\">\n\t\t\t<div class=\"elementor-widget-wrap elementor-element-populated\">\n\t\t\t\t\t\t<div class=\"elementor-element elementor-element-39b2588 shadepro-sticky-no elementor-widget elementor-widget-heading\" data-id=\"39b2588\" data-element_type=\"widget\" data-e-type=\"widget\" data-settings=\"{&quot;shadepro_sticky&quot;:&quot;no&quot;}\" data-widget_type=\"heading.default\">\n\t\t\t\t<div class=\"elementor-widget-container\">\n\t\t\t\t\t<h1 class=\"elementor-heading-title elementor-size-default\">Funzioni Modulo opportunit\u00e0<\/h1>\t\t\t\t<\/div>\n\t\t\t\t<\/div>\n\t\t\t\t<div class=\"elementor-element elementor-element-f6f3367 shadepro-sticky-no elementor-widget elementor-widget-text-editor\" data-id=\"f6f3367\" data-element_type=\"widget\" data-e-type=\"widget\" data-settings=\"{&quot;shadepro_sticky&quot;:&quot;no&quot;}\" data-widget_type=\"text-editor.default\">\n\t\t\t\t<div class=\"elementor-widget-container\">\n\t\t\t\t\t\t\t\t\t<p>Nei nostri ulteriori articoli ti mostriamo come puoi sfruttare con successo le nostre opportunit\u00e0 di vendita per la tua azienda.<\/p>\t\t\t\t\t\t\t\t<\/div>\n\t\t\t\t<\/div>\n\t\t\t\t<section class=\"elementor-section elementor-inner-section elementor-element elementor-element-170fd3b elementor-section-boxed elementor-section-height-default elementor-section-height-default shadepro-adv-gradient-no shadepro-sticky-no\" data-id=\"170fd3b\" data-element_type=\"section\" data-e-type=\"section\" data-settings=\"{&quot;shadepro_sticky&quot;:&quot;no&quot;}\">\n\t\t\t\t\t\t<div class=\"elementor-container elementor-column-gap-default\">\n\t\t\t\t\t<div class=\"elementor-column elementor-col-50 elementor-inner-column elementor-element elementor-element-4a0d7b5\" data-id=\"4a0d7b5\" data-element_type=\"column\" data-e-type=\"column\">\n\t\t\t<div class=\"elementor-widget-wrap elementor-element-populated\">\n\t\t\t\t\t\t<div class=\"elementor-element elementor-element-19d7008 elementor-align-justify shadepro-sticky-no elementor-widget elementor-widget-button\" data-id=\"19d7008\" data-element_type=\"widget\" data-e-type=\"widget\" data-settings=\"{&quot;shadepro_sticky&quot;:&quot;no&quot;}\" data-widget_type=\"button.default\">\n\t\t\t\t<div class=\"elementor-widget-container\">\n\t\t\t\t\t\t\t\t\t<div class=\"elementor-button-wrapper\">\n\t\t\t\t\t<a class=\"elementor-button elementor-button-link elementor-size-md\" href=\"https:\/\/www.1tool.com\/it\/opportunita-di-vendita\/funzioni-modulo-opportunita\/gestione-delle-vendite\/\">\n\t\t\t\t\t\t<span class=\"elementor-button-content-wrapper\">\n\t\t\t\t\t\t<span class=\"elementor-button-icon\">\n\t\t\t\t<i aria-hidden=\"true\" class=\"fas fa-arrow-right\"><\/i>\t\t\t<\/span>\n\t\t\t\t\t\t\t\t\t<span class=\"elementor-button-text\">Gestione delle vendite<\/span>\n\t\t\t\t\t<\/span>\n\t\t\t\t\t<\/a>\n\t\t\t\t<\/div>\n\t\t\t\t\t\t\t\t<\/div>\n\t\t\t\t<\/div>\n\t\t\t\t\t<\/div>\n\t\t<\/div>\n\t\t\t\t<div class=\"elementor-column elementor-col-50 elementor-inner-column elementor-element elementor-element-a96f57f\" data-id=\"a96f57f\" data-element_type=\"column\" data-e-type=\"column\">\n\t\t\t<div class=\"elementor-widget-wrap elementor-element-populated\">\n\t\t\t\t\t\t<div class=\"elementor-element elementor-element-87bf646 elementor-align-justify shadepro-sticky-no elementor-widget elementor-widget-button\" data-id=\"87bf646\" data-element_type=\"widget\" data-e-type=\"widget\" data-settings=\"{&quot;shadepro_sticky&quot;:&quot;no&quot;}\" data-widget_type=\"button.default\">\n\t\t\t\t<div class=\"elementor-widget-container\">\n\t\t\t\t\t\t\t\t\t<div class=\"elementor-button-wrapper\">\n\t\t\t\t\t<a class=\"elementor-button elementor-button-link elementor-size-md\" href=\"https:\/\/www.1tool.com\/it\/opportunita-di-vendita\/funzioni-modulo-opportunita\/gestione-dei-lead\/\">\n\t\t\t\t\t\t<span class=\"elementor-button-content-wrapper\">\n\t\t\t\t\t\t<span class=\"elementor-button-icon\">\n\t\t\t\t<i aria-hidden=\"true\" class=\"fas fa-arrow-right\"><\/i>\t\t\t<\/span>\n\t\t\t\t\t\t\t\t\t<span class=\"elementor-button-text\">Gestione dei lead<\/span>\n\t\t\t\t\t<\/span>\n\t\t\t\t\t<\/a>\n\t\t\t\t<\/div>\n\t\t\t\t\t\t\t\t<\/div>\n\t\t\t\t<\/div>\n\t\t\t\t\t<\/div>\n\t\t<\/div>\n\t\t\t\t\t<\/div>\n\t\t<\/section>\n\t\t\t\t<section class=\"elementor-section elementor-inner-section elementor-element elementor-element-3157c5b elementor-section-boxed elementor-section-height-default elementor-section-height-default shadepro-adv-gradient-no shadepro-sticky-no\" data-id=\"3157c5b\" data-element_type=\"section\" data-e-type=\"section\" data-settings=\"{&quot;shadepro_sticky&quot;:&quot;no&quot;}\">\n\t\t\t\t\t\t<div class=\"elementor-container elementor-column-gap-default\">\n\t\t\t\t\t<div class=\"elementor-column elementor-col-50 elementor-inner-column elementor-element elementor-element-32fc1e1\" data-id=\"32fc1e1\" data-element_type=\"column\" data-e-type=\"column\">\n\t\t\t<div class=\"elementor-widget-wrap elementor-element-populated\">\n\t\t\t\t\t\t<div class=\"elementor-element elementor-element-0d42a21 elementor-align-justify shadepro-sticky-no elementor-widget elementor-widget-button\" data-id=\"0d42a21\" data-element_type=\"widget\" data-e-type=\"widget\" data-settings=\"{&quot;shadepro_sticky&quot;:&quot;no&quot;}\" data-widget_type=\"button.default\">\n\t\t\t\t<div class=\"elementor-widget-container\">\n\t\t\t\t\t\t\t\t\t<div class=\"elementor-button-wrapper\">\n\t\t\t\t\t<a class=\"elementor-button elementor-button-link elementor-size-md\" href=\"https:\/\/www.1tool.com\/it\/opportunita-di-vendita\/funzioni-modulo-opportunita\/acquisire-nuovi-clienti-con-il-crm\/\">\n\t\t\t\t\t\t<span class=\"elementor-button-content-wrapper\">\n\t\t\t\t\t\t<span class=\"elementor-button-icon\">\n\t\t\t\t<i aria-hidden=\"true\" class=\"fas fa-arrow-right\"><\/i>\t\t\t<\/span>\n\t\t\t\t\t\t\t\t\t<span class=\"elementor-button-text\">Acquisire nuovi clienti con il CRM<\/span>\n\t\t\t\t\t<\/span>\n\t\t\t\t\t<\/a>\n\t\t\t\t<\/div>\n\t\t\t\t\t\t\t\t<\/div>\n\t\t\t\t<\/div>\n\t\t\t\t\t<\/div>\n\t\t<\/div>\n\t\t\t\t<div class=\"elementor-column elementor-col-50 elementor-inner-column elementor-element elementor-element-f154059\" data-id=\"f154059\" data-element_type=\"column\" data-e-type=\"column\">\n\t\t\t<div class=\"elementor-widget-wrap\">\n\t\t\t\t\t\t\t<\/div>\n\t\t<\/div>\n\t\t\t\t\t<\/div>\n\t\t<\/section>\n\t\t\t\t\t<\/div>\n\t\t<\/div>\n\t\t\t\t\t<\/div>\n\t\t<\/section>\n\t\t\t\t<\/div>\n\t\t","protected":false},"excerpt":{"rendered":"<p>Funzioni Modulo opportunit\u00e0 Nei nostri ulteriori articoli ti mostriamo come puoi sfruttare con successo le nostre opportunit\u00e0 di vendita per la tua azienda. Gestione delle vendite Gestione dei lead Acquisire nuovi clienti con il CRM<\/p>\n","protected":false},"author":1,"featured_media":0,"parent":76943,"menu_order":0,"comment_status":"closed","ping_status":"closed","template":"","meta":{"inline_featured_image":false,"footnotes":""},"class_list":["post-76331","page","type-page","status-publish","hentry"],"acf":[],"yoast_head":"<!-- This site is optimized with the Yoast SEO plugin v27.5 - https:\/\/yoast.com\/product\/yoast-seo-wordpress\/ -->\n<title>Funzioni Modulo opportunit\u00e0 - 1Tool<\/title>\n<meta name=\"robots\" content=\"index, follow, max-snippet:-1, max-image-preview:large, max-video-preview:-1\" \/>\n<link rel=\"canonical\" href=\"https:\/\/www.1tool.com\/it\/moduli\/marketing-e-vendite\/opportunita-di-vendita\/funzioni-modulo-opportunita\/\" \/>\n<meta property=\"og:locale\" content=\"it_IT\" \/>\n<meta property=\"og:type\" content=\"article\" \/>\n<meta property=\"og:title\" content=\"Funzioni Modulo opportunit\u00e0 - 1Tool\" \/>\n<meta property=\"og:description\" content=\"Funzioni Modulo opportunit\u00e0 Nei nostri ulteriori articoli ti mostriamo come puoi sfruttare con successo le nostre opportunit\u00e0 di vendita per la tua azienda. Gestione delle vendite Gestione dei lead Acquisire nuovi clienti con il CRM\" \/>\n<meta property=\"og:url\" content=\"https:\/\/www.1tool.com\/it\/moduli\/marketing-e-vendite\/opportunita-di-vendita\/funzioni-modulo-opportunita\/\" \/>\n<meta property=\"og:site_name\" content=\"1Tool\" \/>\n<meta property=\"article:modified_time\" content=\"2026-05-06T13:57:01+00:00\" \/>\n<meta name=\"twitter:card\" content=\"summary_large_image\" \/>\n<script type=\"application\/ld+json\" class=\"yoast-schema-graph\">{\"@context\":\"https:\\\/\\\/schema.org\",\"@graph\":[{\"@type\":\"WebPage\",\"@id\":\"https:\\\/\\\/www.1tool.com\\\/it\\\/moduli\\\/marketing-e-vendite\\\/opportunita-di-vendita\\\/funzioni-modulo-opportunita\\\/\",\"url\":\"https:\\\/\\\/www.1tool.com\\\/it\\\/moduli\\\/marketing-e-vendite\\\/opportunita-di-vendita\\\/funzioni-modulo-opportunita\\\/\",\"name\":\"Funzioni Modulo opportunit\u00e0 - 1Tool\",\"isPartOf\":{\"@id\":\"https:\\\/\\\/www.1tool.com\\\/it\\\/#website\"},\"datePublished\":\"2022-03-30T09:18:08+00:00\",\"dateModified\":\"2026-05-06T13:57:01+00:00\",\"breadcrumb\":{\"@id\":\"https:\\\/\\\/www.1tool.com\\\/it\\\/moduli\\\/marketing-e-vendite\\\/opportunita-di-vendita\\\/funzioni-modulo-opportunita\\\/#breadcrumb\"},\"inLanguage\":\"it-IT\",\"potentialAction\":[{\"@type\":\"ReadAction\",\"target\":[\"https:\\\/\\\/www.1tool.com\\\/it\\\/moduli\\\/marketing-e-vendite\\\/opportunita-di-vendita\\\/funzioni-modulo-opportunita\\\/\"]}]},{\"@type\":\"BreadcrumbList\",\"@id\":\"https:\\\/\\\/www.1tool.com\\\/it\\\/moduli\\\/marketing-e-vendite\\\/opportunita-di-vendita\\\/funzioni-modulo-opportunita\\\/#breadcrumb\",\"itemListElement\":[{\"@type\":\"ListItem\",\"position\":1,\"name\":\"Home\",\"item\":\"https:\\\/\\\/www.1tool.com\\\/it\\\/1tool-crm\\\/\"},{\"@type\":\"ListItem\",\"position\":2,\"name\":\"Moduli\",\"item\":\"https:\\\/\\\/www.1tool.com\\\/it\\\/module\\\/\"},{\"@type\":\"ListItem\",\"position\":3,\"name\":\"Marketing e vendite\",\"item\":\"https:\\\/\\\/www.1tool.com\\\/it\\\/moduli\\\/marketing-e-vendite\\\/\"},{\"@type\":\"ListItem\",\"position\":4,\"name\":\"Opportunit\u00e0 di vendita\",\"item\":\"https:\\\/\\\/www.1tool.com\\\/it\\\/moduli\\\/marketing-e-vendite\\\/opportunita-di-vendita\\\/\"},{\"@type\":\"ListItem\",\"position\":5,\"name\":\"Funzioni Modulo opportunit\u00e0\"}]},{\"@type\":\"WebSite\",\"@id\":\"https:\\\/\\\/www.1tool.com\\\/it\\\/#website\",\"url\":\"https:\\\/\\\/www.1tool.com\\\/it\\\/\",\"name\":\"1Tool\",\"description\":\"CRM\",\"publisher\":{\"@id\":\"https:\\\/\\\/www.1tool.com\\\/it\\\/#organization\"},\"potentialAction\":[{\"@type\":\"SearchAction\",\"target\":{\"@type\":\"EntryPoint\",\"urlTemplate\":\"https:\\\/\\\/www.1tool.com\\\/it\\\/?s={search_term_string}\"},\"query-input\":{\"@type\":\"PropertyValueSpecification\",\"valueRequired\":true,\"valueName\":\"search_term_string\"}}],\"inLanguage\":\"it-IT\"},{\"@type\":\"Organization\",\"@id\":\"https:\\\/\\\/www.1tool.com\\\/it\\\/#organization\",\"name\":\"1Tool\",\"url\":\"https:\\\/\\\/www.1tool.com\\\/it\\\/\",\"logo\":{\"@type\":\"ImageObject\",\"inLanguage\":\"it-IT\",\"@id\":\"https:\\\/\\\/www.1tool.com\\\/it\\\/#\\\/schema\\\/logo\\\/image\\\/\",\"url\":\"https:\\\/\\\/www.1tool.com\\\/wp-content\\\/uploads\\\/2022\\\/04\\\/1tool-1.png\",\"contentUrl\":\"https:\\\/\\\/www.1tool.com\\\/wp-content\\\/uploads\\\/2022\\\/04\\\/1tool-1.png\",\"width\":400,\"height\":150,\"caption\":\"1Tool\"},\"image\":{\"@id\":\"https:\\\/\\\/www.1tool.com\\\/it\\\/#\\\/schema\\\/logo\\\/image\\\/\"}}]}<\/script>\n<!-- \/ Yoast SEO plugin. -->","yoast_head_json":{"title":"Funzioni Modulo opportunit\u00e0 - 1Tool","robots":{"index":"index","follow":"follow","max-snippet":"max-snippet:-1","max-image-preview":"max-image-preview:large","max-video-preview":"max-video-preview:-1"},"canonical":"https:\/\/www.1tool.com\/it\/moduli\/marketing-e-vendite\/opportunita-di-vendita\/funzioni-modulo-opportunita\/","og_locale":"it_IT","og_type":"article","og_title":"Funzioni Modulo opportunit\u00e0 - 1Tool","og_description":"Funzioni Modulo opportunit\u00e0 Nei nostri ulteriori articoli ti mostriamo come puoi sfruttare con successo le nostre opportunit\u00e0 di vendita per la tua azienda. Gestione delle vendite Gestione dei lead Acquisire nuovi clienti con il CRM","og_url":"https:\/\/www.1tool.com\/it\/moduli\/marketing-e-vendite\/opportunita-di-vendita\/funzioni-modulo-opportunita\/","og_site_name":"1Tool","article_modified_time":"2026-05-06T13:57:01+00:00","twitter_card":"summary_large_image","schema":{"@context":"https:\/\/schema.org","@graph":[{"@type":"WebPage","@id":"https:\/\/www.1tool.com\/it\/moduli\/marketing-e-vendite\/opportunita-di-vendita\/funzioni-modulo-opportunita\/","url":"https:\/\/www.1tool.com\/it\/moduli\/marketing-e-vendite\/opportunita-di-vendita\/funzioni-modulo-opportunita\/","name":"Funzioni Modulo opportunit\u00e0 - 1Tool","isPartOf":{"@id":"https:\/\/www.1tool.com\/it\/#website"},"datePublished":"2022-03-30T09:18:08+00:00","dateModified":"2026-05-06T13:57:01+00:00","breadcrumb":{"@id":"https:\/\/www.1tool.com\/it\/moduli\/marketing-e-vendite\/opportunita-di-vendita\/funzioni-modulo-opportunita\/#breadcrumb"},"inLanguage":"it-IT","potentialAction":[{"@type":"ReadAction","target":["https:\/\/www.1tool.com\/it\/moduli\/marketing-e-vendite\/opportunita-di-vendita\/funzioni-modulo-opportunita\/"]}]},{"@type":"BreadcrumbList","@id":"https:\/\/www.1tool.com\/it\/moduli\/marketing-e-vendite\/opportunita-di-vendita\/funzioni-modulo-opportunita\/#breadcrumb","itemListElement":[{"@type":"ListItem","position":1,"name":"Home","item":"https:\/\/www.1tool.com\/it\/1tool-crm\/"},{"@type":"ListItem","position":2,"name":"Moduli","item":"https:\/\/www.1tool.com\/it\/module\/"},{"@type":"ListItem","position":3,"name":"Marketing e vendite","item":"https:\/\/www.1tool.com\/it\/moduli\/marketing-e-vendite\/"},{"@type":"ListItem","position":4,"name":"Opportunit\u00e0 di vendita","item":"https:\/\/www.1tool.com\/it\/moduli\/marketing-e-vendite\/opportunita-di-vendita\/"},{"@type":"ListItem","position":5,"name":"Funzioni Modulo opportunit\u00e0"}]},{"@type":"WebSite","@id":"https:\/\/www.1tool.com\/it\/#website","url":"https:\/\/www.1tool.com\/it\/","name":"1Tool","description":"CRM","publisher":{"@id":"https:\/\/www.1tool.com\/it\/#organization"},"potentialAction":[{"@type":"SearchAction","target":{"@type":"EntryPoint","urlTemplate":"https:\/\/www.1tool.com\/it\/?s={search_term_string}"},"query-input":{"@type":"PropertyValueSpecification","valueRequired":true,"valueName":"search_term_string"}}],"inLanguage":"it-IT"},{"@type":"Organization","@id":"https:\/\/www.1tool.com\/it\/#organization","name":"1Tool","url":"https:\/\/www.1tool.com\/it\/","logo":{"@type":"ImageObject","inLanguage":"it-IT","@id":"https:\/\/www.1tool.com\/it\/#\/schema\/logo\/image\/","url":"https:\/\/www.1tool.com\/wp-content\/uploads\/2022\/04\/1tool-1.png","contentUrl":"https:\/\/www.1tool.com\/wp-content\/uploads\/2022\/04\/1tool-1.png","width":400,"height":150,"caption":"1Tool"},"image":{"@id":"https:\/\/www.1tool.com\/it\/#\/schema\/logo\/image\/"}}]}},"_links":{"self":[{"href":"https:\/\/www.1tool.com\/it\/wp-json\/wp\/v2\/pages\/76331","targetHints":{"allow":["GET"]}}],"collection":[{"href":"https:\/\/www.1tool.com\/it\/wp-json\/wp\/v2\/pages"}],"about":[{"href":"https:\/\/www.1tool.com\/it\/wp-json\/wp\/v2\/types\/page"}],"author":[{"embeddable":true,"href":"https:\/\/www.1tool.com\/it\/wp-json\/wp\/v2\/users\/1"}],"replies":[{"embeddable":true,"href":"https:\/\/www.1tool.com\/it\/wp-json\/wp\/v2\/comments?post=76331"}],"version-history":[{"count":2,"href":"https:\/\/www.1tool.com\/it\/wp-json\/wp\/v2\/pages\/76331\/revisions"}],"predecessor-version":[{"id":76962,"href":"https:\/\/www.1tool.com\/it\/wp-json\/wp\/v2\/pages\/76331\/revisions\/76962"}],"up":[{"embeddable":true,"href":"https:\/\/www.1tool.com\/it\/wp-json\/wp\/v2\/pages\/76943"}],"wp:attachment":[{"href":"https:\/\/www.1tool.com\/it\/wp-json\/wp\/v2\/media?parent=76331"}],"curies":[{"name":"wp","href":"https:\/\/api.w.org\/{rel}","templated":true}]}}