{"id":76448,"date":"2022-03-30T18:13:40","date_gmt":"2022-03-30T16:13:40","guid":{"rendered":"https:\/\/www.1tool.com\/funzioni-del-modulo-di-gestione-del-magazzino\/sistema-di-gestione-della-merce\/"},"modified":"2026-05-06T15:52:11","modified_gmt":"2026-05-06T13:52:11","slug":"sistema-di-gestione-della-merce","status":"publish","type":"page","link":"https:\/\/www.1tool.com\/it\/moduli\/gestione-della-merce-e-del-negozio\/gestione-del-magazzino\/funzioni-del-modulo-di-gestione-del-magazzino\/sistema-di-gestione-della-merce\/","title":{"rendered":"Sistema di gestione della merce"},"content":{"rendered":"\t\t<div data-elementor-type=\"wp-page\" data-elementor-id=\"76448\" class=\"elementor elementor-76448 elementor-49394\" data-elementor-post-type=\"page\">\n\t\t\t\t\t\t<section class=\"elementor-section elementor-top-section elementor-element elementor-element-faf80bd elementor-section-boxed elementor-section-height-default elementor-section-height-default shadepro-adv-gradient-no shadepro-sticky-no\" data-id=\"faf80bd\" data-element_type=\"section\" data-e-type=\"section\" data-settings=\"{&quot;shadepro_sticky&quot;:&quot;no&quot;}\">\n\t\t\t\t\t\t<div class=\"elementor-container elementor-column-gap-default\">\n\t\t\t\t\t<div class=\"elementor-column elementor-col-100 elementor-top-column elementor-element elementor-element-bd3efba\" data-id=\"bd3efba\" data-element_type=\"column\" data-e-type=\"column\">\n\t\t\t<div class=\"elementor-widget-wrap elementor-element-populated\">\n\t\t\t\t\t\t<div class=\"elementor-element elementor-element-ce99471 shadepro-sticky-no elementor-widget elementor-widget-heading\" data-id=\"ce99471\" data-element_type=\"widget\" data-e-type=\"widget\" data-settings=\"{&quot;shadepro_sticky&quot;:&quot;no&quot;}\" data-widget_type=\"heading.default\">\n\t\t\t\t<div class=\"elementor-widget-container\">\n\t\t\t\t\t<h1 class=\"elementor-heading-title elementor-size-default\">Sistema di gestione della merce<\/h1>\t\t\t\t<\/div>\n\t\t\t\t<\/div>\n\t\t\t\t<div class=\"elementor-element elementor-element-49ae587 shadepro-sticky-no elementor-widget elementor-widget-text-editor\" data-id=\"49ae587\" data-element_type=\"widget\" data-e-type=\"widget\" data-settings=\"{&quot;shadepro_sticky&quot;:&quot;no&quot;}\" data-widget_type=\"text-editor.default\">\n\t\t\t\t<div class=\"elementor-widget-container\">\n\t\t\t\t\t\t\t\t\t<p>Ordini ottimizzati e gestione professionale dell&#8217;inventario con il sistema di gestione della merce 1Tool<\/p>\t\t\t\t\t\t\t\t<\/div>\n\t\t\t\t<\/div>\n\t\t\t\t<section class=\"elementor-section elementor-inner-section elementor-element elementor-element-5e6ba5b elementor-section-boxed elementor-section-height-default elementor-section-height-default shadepro-adv-gradient-no shadepro-sticky-no\" data-id=\"5e6ba5b\" data-element_type=\"section\" data-e-type=\"section\" data-settings=\"{&quot;shadepro_sticky&quot;:&quot;no&quot;}\">\n\t\t\t\t\t\t<div class=\"elementor-container elementor-column-gap-default\">\n\t\t\t\t\t<div class=\"elementor-column elementor-col-100 elementor-inner-column elementor-element elementor-element-1713ea0\" data-id=\"1713ea0\" data-element_type=\"column\" data-e-type=\"column\">\n\t\t\t<div class=\"elementor-widget-wrap elementor-element-populated\">\n\t\t\t\t\t\t<div class=\"elementor-element elementor-element-875df19 shadepro-sticky-no elementor-widget elementor-widget-text-editor\" data-id=\"875df19\" data-element_type=\"widget\" data-e-type=\"widget\" data-settings=\"{&quot;shadepro_sticky&quot;:&quot;no&quot;}\" data-widget_type=\"text-editor.default\">\n\t\t\t\t<div class=\"elementor-widget-container\">\n\t\t\t\t\t\t\t\t\t<h3>Processi efficienti con il sistema di gestione delle merci 1Tool<\/h3><p>Che si tratti di acquisti, magazzino, vendite o fatturazione, la nostra soluzione ti permette di gestire facilmente i processi di gestione della merce all&#8217;interno di un unico pacchetto software e di mapparli in modo trasparente per tutti i dipendenti. Grazie al collegamento intelligente delle funzioni del nostro sistema di gestione della merce, le attivit\u00e0 amministrative vengono automatizzate e possono essere gestite in modo molto pi\u00f9 efficiente. <\/p><p>Che tu sia un gestore di un negozio online, una grande azienda o una piccola impresa, personalizziamo il sistema di gestione della merce in base alla tua attivit\u00e0 quotidiana per soddisfare i requisiti del tuo settore.<\/p><h3>Un potente sistema di gestione della merce<\/h3><p>Per assicurarti di avere sempre una visione d&#8217;insieme dei tuoi fornitori, dei tuoi prodotti e dei flussi di merci, abbiamo sviluppato 1Tool, una soluzione intelligente per la gestione professionale della merce. Le funzioni del sistema software di gestione della merce vanno dalla semplice gestione dei contatti con i fornitori al controllo e all&#8217;organizzazione automatizzata dei livelli di stock, fino alla generazione rapida di ordini e fatture. <\/p><h4>Gestione della merce basata sul web per una gestione flessibile dei prodotti e del magazzino<\/h4><p>L&#8217;accesso al nostro sistema di gestione della merce \u00e8 indipendente dall&#8217;orario e pu\u00f2 essere effettuato da qualsiasi dispositivo finale. Ci\u00f2 significa che anche gli addetti alle vendite o i dipendenti che lavorano da casa possono registrare le vendite, effettuare ordini o inserire nuovi prodotti. Tutto ci\u00f2 che serve \u00e8 un accesso a Internet e 1Tool pu\u00f2 essere richiamato tramite il browser. La gestione della merce sul web non \u00e8 mai stata cos\u00ec facile!   <\/p><h4>1Tool gestione della merce e CRM per il tuo negozio<\/h4><p>1Tool combina chiaramente i vantaggi di una gestione intelligente della merce con le potenti funzioni del CRM per rendere il tuo negozio di maggior successo. Da un lato, tutti i dati dei clienti vengono immediatamente trasferiti al CRM dopo l&#8217;acquisto nel tuo negozio web, dall&#8217;altro il sistema di gestione della merce esegue gi\u00e0 in background la fatturazione automatica e aggiorna direttamente i livelli delle scorte. <\/p><p>I livelli minimi di scorte predefiniti permettono di evitare facilmente gli ammanchi, poich\u00e9 gli ordini e gli acquisti di merce vengono avviati automaticamente. Se viene creata una fattura, puoi vedere direttamente se le quantit\u00e0 richieste sono ancora disponibili o se il livello di scorte viene corretto verso l&#8217;alto, la merce deve essere restituita e viene emessa una nota di credito per il cliente. Il Diario di 1Tool ti fornisce una panoramica precisa degli acquisti, delle vendite e delle registrazioni di correzione in caso di differenze inventariali o di altre variazioni di stock nel sistema di gestione delle merci. Flessibile, facile da usare e veloce: con il nostro sistema di gestione della merce e il software CRM, nulla ostacola il successo del tuo negozio!   <\/p><h3>Sei interessato al sistema di gestione della merce 1Tool?<\/h3><p>Hai domande sul nostro sistema di gestione della merce, hai bisogno di ulteriori informazioni o vuoi testare lo strumento gratuitamente per 30 giorni?<\/p><p><a href=\"mailto:office@1tool.com\">Fai una richiesta non vincolante<\/a><\/p><h4> <\/h4><h4>Gestione completa delle merci<\/h4><p>Il modulo di gestione della merce \u00e8 l&#8217;aggiunta ideale alla gestione dei prodotti di 1Tool. Puoi organizzare l&#8217;intero magazzino, compresa la disponibilit\u00e0 dei prodotti, all&#8217;interno di un database. Saprai sempre quando \u00e8 necessario effettuare nuovi ordini grazie ai livelli minimi di scorte memorizzati, in modo che i tuoi prodotti siano sempre disponibili per i nuovi ordini. Inoltre, grazie al collegamento con il modulo prodotti e fatture, i livelli delle scorte vengono adeguati automaticamente dopo l&#8217;emissione di una vendita o di una nota di credito per un prodotto.   <\/p><p>I suggerimenti per gli ordini generati automaticamente e gli elenchi chiari degli acquisti, delle vendite e delle rettifiche sono funzioni importanti che ti aiutano a organizzare in modo pi\u00f9 efficiente l&#8217;intero processo di magazzino.<\/p>\t\t\t\t\t\t\t\t<\/div>\n\t\t\t\t<\/div>\n\t\t\t\t\t<\/div>\n\t\t<\/div>\n\t\t\t\t\t<\/div>\n\t\t<\/section>\n\t\t\t\t\t<\/div>\n\t\t<\/div>\n\t\t\t\t\t<\/div>\n\t\t<\/section>\n\t\t\t\t<\/div>\n\t\t","protected":false},"excerpt":{"rendered":"<p>Sistema di gestione della merce Ordini ottimizzati e gestione professionale dell&#8217;inventario con il sistema di gestione della merce 1Tool Processi efficienti con il sistema di gestione delle merci 1Tool Che si tratti di acquisti, magazzino, vendite o fatturazione, la nostra soluzione ti permette di gestire facilmente i processi di gestione della merce all&#8217;interno di un [&hellip;]<\/p>\n","protected":false},"author":1,"featured_media":0,"parent":76336,"menu_order":0,"comment_status":"closed","ping_status":"closed","template":"","meta":{"inline_featured_image":false,"footnotes":""},"class_list":["post-76448","page","type-page","status-publish","hentry"],"acf":[],"yoast_head":"<!-- This site is optimized with the Yoast SEO plugin v27.5 - https:\/\/yoast.com\/product\/yoast-seo-wordpress\/ -->\n<title>Sistema di gestione della merce - 1Tool<\/title>\n<meta name=\"robots\" content=\"index, follow, max-snippet:-1, max-image-preview:large, max-video-preview:-1\" \/>\n<link rel=\"canonical\" href=\"https:\/\/www.1tool.com\/it\/moduli\/gestione-della-merce-e-del-negozio\/gestione-del-magazzino\/funzioni-del-modulo-di-gestione-del-magazzino\/sistema-di-gestione-della-merce\/\" \/>\n<meta property=\"og:locale\" content=\"it_IT\" \/>\n<meta property=\"og:type\" content=\"article\" \/>\n<meta property=\"og:title\" content=\"Sistema di gestione della merce - 1Tool\" \/>\n<meta property=\"og:description\" content=\"Sistema di gestione della merce Ordini ottimizzati e gestione professionale dell&#8217;inventario con il sistema di gestione della merce 1Tool Processi efficienti con il sistema di gestione delle merci 1Tool Che si tratti di acquisti, magazzino, vendite o fatturazione, la nostra soluzione ti permette di gestire facilmente i processi di gestione della merce all&#8217;interno di un [&hellip;]\" \/>\n<meta property=\"og:url\" content=\"https:\/\/www.1tool.com\/it\/moduli\/gestione-della-merce-e-del-negozio\/gestione-del-magazzino\/funzioni-del-modulo-di-gestione-del-magazzino\/sistema-di-gestione-della-merce\/\" \/>\n<meta property=\"og:site_name\" content=\"1Tool\" \/>\n<meta property=\"article:modified_time\" content=\"2026-05-06T13:52:11+00:00\" \/>\n<meta name=\"twitter:card\" content=\"summary_large_image\" \/>\n<meta name=\"twitter:label1\" content=\"Tempo di lettura stimato\" \/>\n\t<meta name=\"twitter:data1\" content=\"3 minuti\" \/>\n<script type=\"application\/ld+json\" class=\"yoast-schema-graph\">{\"@context\":\"https:\\\/\\\/schema.org\",\"@graph\":[{\"@type\":\"WebPage\",\"@id\":\"https:\\\/\\\/www.1tool.com\\\/it\\\/moduli\\\/gestione-della-merce-e-del-negozio\\\/gestione-del-magazzino\\\/funzioni-del-modulo-di-gestione-del-magazzino\\\/sistema-di-gestione-della-merce\\\/\",\"url\":\"https:\\\/\\\/www.1tool.com\\\/it\\\/moduli\\\/gestione-della-merce-e-del-negozio\\\/gestione-del-magazzino\\\/funzioni-del-modulo-di-gestione-del-magazzino\\\/sistema-di-gestione-della-merce\\\/\",\"name\":\"Sistema di gestione della merce - 1Tool\",\"isPartOf\":{\"@id\":\"https:\\\/\\\/www.1tool.com\\\/it\\\/#website\"},\"datePublished\":\"2022-03-30T16:13:40+00:00\",\"dateModified\":\"2026-05-06T13:52:11+00:00\",\"breadcrumb\":{\"@id\":\"https:\\\/\\\/www.1tool.com\\\/it\\\/moduli\\\/gestione-della-merce-e-del-negozio\\\/gestione-del-magazzino\\\/funzioni-del-modulo-di-gestione-del-magazzino\\\/sistema-di-gestione-della-merce\\\/#breadcrumb\"},\"inLanguage\":\"it-IT\",\"potentialAction\":[{\"@type\":\"ReadAction\",\"target\":[\"https:\\\/\\\/www.1tool.com\\\/it\\\/moduli\\\/gestione-della-merce-e-del-negozio\\\/gestione-del-magazzino\\\/funzioni-del-modulo-di-gestione-del-magazzino\\\/sistema-di-gestione-della-merce\\\/\"]}]},{\"@type\":\"BreadcrumbList\",\"@id\":\"https:\\\/\\\/www.1tool.com\\\/it\\\/moduli\\\/gestione-della-merce-e-del-negozio\\\/gestione-del-magazzino\\\/funzioni-del-modulo-di-gestione-del-magazzino\\\/sistema-di-gestione-della-merce\\\/#breadcrumb\",\"itemListElement\":[{\"@type\":\"ListItem\",\"position\":1,\"name\":\"Home\",\"item\":\"https:\\\/\\\/www.1tool.com\\\/it\\\/1tool-crm\\\/\"},{\"@type\":\"ListItem\",\"position\":2,\"name\":\"Moduli\",\"item\":\"https:\\\/\\\/www.1tool.com\\\/it\\\/module\\\/\"},{\"@type\":\"ListItem\",\"position\":3,\"name\":\"Gestione della merce e del negozio\",\"item\":\"https:\\\/\\\/www.1tool.com\\\/it\\\/moduli\\\/gestione-della-merce-e-del-negozio\\\/\"},{\"@type\":\"ListItem\",\"position\":4,\"name\":\"Gestione del magazzino\",\"item\":\"https:\\\/\\\/www.1tool.com\\\/it\\\/moduli\\\/gestione-della-merce-e-del-negozio\\\/gestione-del-magazzino\\\/\"},{\"@type\":\"ListItem\",\"position\":5,\"name\":\"Funzioni del modulo di gestione del magazzino\",\"item\":\"https:\\\/\\\/www.1tool.com\\\/it\\\/moduli\\\/gestione-della-merce-e-del-negozio\\\/gestione-del-magazzino\\\/funzioni-del-modulo-di-gestione-del-magazzino\\\/\"},{\"@type\":\"ListItem\",\"position\":6,\"name\":\"Sistema di gestione della merce\"}]},{\"@type\":\"WebSite\",\"@id\":\"https:\\\/\\\/www.1tool.com\\\/it\\\/#website\",\"url\":\"https:\\\/\\\/www.1tool.com\\\/it\\\/\",\"name\":\"1Tool\",\"description\":\"CRM\",\"publisher\":{\"@id\":\"https:\\\/\\\/www.1tool.com\\\/it\\\/#organization\"},\"potentialAction\":[{\"@type\":\"SearchAction\",\"target\":{\"@type\":\"EntryPoint\",\"urlTemplate\":\"https:\\\/\\\/www.1tool.com\\\/it\\\/?s={search_term_string}\"},\"query-input\":{\"@type\":\"PropertyValueSpecification\",\"valueRequired\":true,\"valueName\":\"search_term_string\"}}],\"inLanguage\":\"it-IT\"},{\"@type\":\"Organization\",\"@id\":\"https:\\\/\\\/www.1tool.com\\\/it\\\/#organization\",\"name\":\"1Tool\",\"url\":\"https:\\\/\\\/www.1tool.com\\\/it\\\/\",\"logo\":{\"@type\":\"ImageObject\",\"inLanguage\":\"it-IT\",\"@id\":\"https:\\\/\\\/www.1tool.com\\\/it\\\/#\\\/schema\\\/logo\\\/image\\\/\",\"url\":\"https:\\\/\\\/www.1tool.com\\\/wp-content\\\/uploads\\\/2022\\\/04\\\/1tool-1.png\",\"contentUrl\":\"https:\\\/\\\/www.1tool.com\\\/wp-content\\\/uploads\\\/2022\\\/04\\\/1tool-1.png\",\"width\":400,\"height\":150,\"caption\":\"1Tool\"},\"image\":{\"@id\":\"https:\\\/\\\/www.1tool.com\\\/it\\\/#\\\/schema\\\/logo\\\/image\\\/\"}}]}<\/script>\n<!-- \/ Yoast SEO plugin. -->","yoast_head_json":{"title":"Sistema di gestione della merce - 1Tool","robots":{"index":"index","follow":"follow","max-snippet":"max-snippet:-1","max-image-preview":"max-image-preview:large","max-video-preview":"max-video-preview:-1"},"canonical":"https:\/\/www.1tool.com\/it\/moduli\/gestione-della-merce-e-del-negozio\/gestione-del-magazzino\/funzioni-del-modulo-di-gestione-del-magazzino\/sistema-di-gestione-della-merce\/","og_locale":"it_IT","og_type":"article","og_title":"Sistema di gestione della merce - 1Tool","og_description":"Sistema di gestione della merce Ordini ottimizzati e gestione professionale dell&#8217;inventario con il sistema di gestione della merce 1Tool Processi efficienti con il sistema di gestione delle merci 1Tool Che si tratti di acquisti, magazzino, vendite o fatturazione, la nostra soluzione ti permette di gestire facilmente i processi di gestione della merce all&#8217;interno di un [&hellip;]","og_url":"https:\/\/www.1tool.com\/it\/moduli\/gestione-della-merce-e-del-negozio\/gestione-del-magazzino\/funzioni-del-modulo-di-gestione-del-magazzino\/sistema-di-gestione-della-merce\/","og_site_name":"1Tool","article_modified_time":"2026-05-06T13:52:11+00:00","twitter_card":"summary_large_image","twitter_misc":{"Tempo di lettura stimato":"3 minuti"},"schema":{"@context":"https:\/\/schema.org","@graph":[{"@type":"WebPage","@id":"https:\/\/www.1tool.com\/it\/moduli\/gestione-della-merce-e-del-negozio\/gestione-del-magazzino\/funzioni-del-modulo-di-gestione-del-magazzino\/sistema-di-gestione-della-merce\/","url":"https:\/\/www.1tool.com\/it\/moduli\/gestione-della-merce-e-del-negozio\/gestione-del-magazzino\/funzioni-del-modulo-di-gestione-del-magazzino\/sistema-di-gestione-della-merce\/","name":"Sistema di gestione della merce - 1Tool","isPartOf":{"@id":"https:\/\/www.1tool.com\/it\/#website"},"datePublished":"2022-03-30T16:13:40+00:00","dateModified":"2026-05-06T13:52:11+00:00","breadcrumb":{"@id":"https:\/\/www.1tool.com\/it\/moduli\/gestione-della-merce-e-del-negozio\/gestione-del-magazzino\/funzioni-del-modulo-di-gestione-del-magazzino\/sistema-di-gestione-della-merce\/#breadcrumb"},"inLanguage":"it-IT","potentialAction":[{"@type":"ReadAction","target":["https:\/\/www.1tool.com\/it\/moduli\/gestione-della-merce-e-del-negozio\/gestione-del-magazzino\/funzioni-del-modulo-di-gestione-del-magazzino\/sistema-di-gestione-della-merce\/"]}]},{"@type":"BreadcrumbList","@id":"https:\/\/www.1tool.com\/it\/moduli\/gestione-della-merce-e-del-negozio\/gestione-del-magazzino\/funzioni-del-modulo-di-gestione-del-magazzino\/sistema-di-gestione-della-merce\/#breadcrumb","itemListElement":[{"@type":"ListItem","position":1,"name":"Home","item":"https:\/\/www.1tool.com\/it\/1tool-crm\/"},{"@type":"ListItem","position":2,"name":"Moduli","item":"https:\/\/www.1tool.com\/it\/module\/"},{"@type":"ListItem","position":3,"name":"Gestione della merce e del negozio","item":"https:\/\/www.1tool.com\/it\/moduli\/gestione-della-merce-e-del-negozio\/"},{"@type":"ListItem","position":4,"name":"Gestione del magazzino","item":"https:\/\/www.1tool.com\/it\/moduli\/gestione-della-merce-e-del-negozio\/gestione-del-magazzino\/"},{"@type":"ListItem","position":5,"name":"Funzioni del modulo di gestione del magazzino","item":"https:\/\/www.1tool.com\/it\/moduli\/gestione-della-merce-e-del-negozio\/gestione-del-magazzino\/funzioni-del-modulo-di-gestione-del-magazzino\/"},{"@type":"ListItem","position":6,"name":"Sistema di gestione della merce"}]},{"@type":"WebSite","@id":"https:\/\/www.1tool.com\/it\/#website","url":"https:\/\/www.1tool.com\/it\/","name":"1Tool","description":"CRM","publisher":{"@id":"https:\/\/www.1tool.com\/it\/#organization"},"potentialAction":[{"@type":"SearchAction","target":{"@type":"EntryPoint","urlTemplate":"https:\/\/www.1tool.com\/it\/?s={search_term_string}"},"query-input":{"@type":"PropertyValueSpecification","valueRequired":true,"valueName":"search_term_string"}}],"inLanguage":"it-IT"},{"@type":"Organization","@id":"https:\/\/www.1tool.com\/it\/#organization","name":"1Tool","url":"https:\/\/www.1tool.com\/it\/","logo":{"@type":"ImageObject","inLanguage":"it-IT","@id":"https:\/\/www.1tool.com\/it\/#\/schema\/logo\/image\/","url":"https:\/\/www.1tool.com\/wp-content\/uploads\/2022\/04\/1tool-1.png","contentUrl":"https:\/\/www.1tool.com\/wp-content\/uploads\/2022\/04\/1tool-1.png","width":400,"height":150,"caption":"1Tool"},"image":{"@id":"https:\/\/www.1tool.com\/it\/#\/schema\/logo\/image\/"}}]}},"_links":{"self":[{"href":"https:\/\/www.1tool.com\/it\/wp-json\/wp\/v2\/pages\/76448","targetHints":{"allow":["GET"]}}],"collection":[{"href":"https:\/\/www.1tool.com\/it\/wp-json\/wp\/v2\/pages"}],"about":[{"href":"https:\/\/www.1tool.com\/it\/wp-json\/wp\/v2\/types\/page"}],"author":[{"embeddable":true,"href":"https:\/\/www.1tool.com\/it\/wp-json\/wp\/v2\/users\/1"}],"replies":[{"embeddable":true,"href":"https:\/\/www.1tool.com\/it\/wp-json\/wp\/v2\/comments?post=76448"}],"version-history":[{"count":1,"href":"https:\/\/www.1tool.com\/it\/wp-json\/wp\/v2\/pages\/76448\/revisions"}],"predecessor-version":[{"id":76451,"href":"https:\/\/www.1tool.com\/it\/wp-json\/wp\/v2\/pages\/76448\/revisions\/76451"}],"up":[{"embeddable":true,"href":"https:\/\/www.1tool.com\/it\/wp-json\/wp\/v2\/pages\/76336"}],"wp:attachment":[{"href":"https:\/\/www.1tool.com\/it\/wp-json\/wp\/v2\/media?parent=76448"}],"curies":[{"name":"wp","href":"https:\/\/api.w.org\/{rel}","templated":true}]}}