{"id":76454,"date":"2022-03-30T18:11:24","date_gmt":"2022-03-30T16:11:24","guid":{"rendered":"https:\/\/www.1tool.com\/funzioni-del-modulo-di-gestione-del-magazzino\/gestire-il-magazzino\/"},"modified":"2026-05-06T15:52:21","modified_gmt":"2026-05-06T13:52:21","slug":"gestire-il-magazzino","status":"publish","type":"page","link":"https:\/\/www.1tool.com\/it\/moduli\/gestione-della-merce-e-del-negozio\/gestione-del-magazzino\/funzioni-del-modulo-di-gestione-del-magazzino\/gestire-il-magazzino\/","title":{"rendered":"Gestire il magazzino"},"content":{"rendered":"\t\t<div data-elementor-type=\"wp-page\" data-elementor-id=\"76454\" class=\"elementor elementor-76454 elementor-49380\" data-elementor-post-type=\"page\">\n\t\t\t\t\t\t<section class=\"elementor-section elementor-top-section elementor-element elementor-element-36dc27e elementor-section-boxed elementor-section-height-default elementor-section-height-default shadepro-adv-gradient-no shadepro-sticky-no\" data-id=\"36dc27e\" data-element_type=\"section\" data-e-type=\"section\" data-settings=\"{&quot;shadepro_sticky&quot;:&quot;no&quot;}\">\n\t\t\t\t\t\t<div class=\"elementor-container elementor-column-gap-default\">\n\t\t\t\t\t<div class=\"elementor-column elementor-col-100 elementor-top-column elementor-element elementor-element-beba88b\" data-id=\"beba88b\" data-element_type=\"column\" data-e-type=\"column\">\n\t\t\t<div class=\"elementor-widget-wrap elementor-element-populated\">\n\t\t\t\t\t\t<div class=\"elementor-element elementor-element-2d1a2b4 shadepro-sticky-no elementor-widget elementor-widget-heading\" data-id=\"2d1a2b4\" data-element_type=\"widget\" data-e-type=\"widget\" data-settings=\"{&quot;shadepro_sticky&quot;:&quot;no&quot;}\" data-widget_type=\"heading.default\">\n\t\t\t\t<div class=\"elementor-widget-container\">\n\t\t\t\t\t<h1 class=\"elementor-heading-title elementor-size-default\">Gestire il magazzino<\/h1>\t\t\t\t<\/div>\n\t\t\t\t<\/div>\n\t\t\t\t<div class=\"elementor-element elementor-element-e40946e shadepro-sticky-no elementor-widget elementor-widget-text-editor\" data-id=\"e40946e\" data-element_type=\"widget\" data-e-type=\"widget\" data-settings=\"{&quot;shadepro_sticky&quot;:&quot;no&quot;}\" data-widget_type=\"text-editor.default\">\n\t\t\t\t<div class=\"elementor-widget-container\">\n\t\t\t\t\t\t\t\t\t<p>Il software di magazzino 1Tool ti aiuta a organizzare le scorte di magazzino in modo professionale ed \u00e8 un supporto ideale per ottimizzare i processi di gestione della merce.<\/p>\t\t\t\t\t\t\t\t<\/div>\n\t\t\t\t<\/div>\n\t\t\t\t<section class=\"elementor-section elementor-inner-section elementor-element elementor-element-e9c3884 elementor-section-boxed elementor-section-height-default elementor-section-height-default shadepro-adv-gradient-no shadepro-sticky-no\" data-id=\"e9c3884\" data-element_type=\"section\" data-e-type=\"section\" data-settings=\"{&quot;shadepro_sticky&quot;:&quot;no&quot;}\">\n\t\t\t\t\t\t<div class=\"elementor-container elementor-column-gap-default\">\n\t\t\t\t\t<div class=\"elementor-column elementor-col-100 elementor-inner-column elementor-element elementor-element-4549489\" data-id=\"4549489\" data-element_type=\"column\" data-e-type=\"column\">\n\t\t\t<div class=\"elementor-widget-wrap elementor-element-populated\">\n\t\t\t\t\t\t<div class=\"elementor-element elementor-element-2a115f0 shadepro-sticky-no elementor-widget elementor-widget-text-editor\" data-id=\"2a115f0\" data-element_type=\"widget\" data-e-type=\"widget\" data-settings=\"{&quot;shadepro_sticky&quot;:&quot;no&quot;}\" data-widget_type=\"text-editor.default\">\n\t\t\t\t<div class=\"elementor-widget-container\">\n\t\t\t\t\t\t\t\t\t<h3>Gestione semplice di tutti i magazzini<\/h3>\n<p>Che si tratti di piccole e medie imprese o di grandi aziende, il <b>software 1Tool CRM<\/b> consente alle aziende di ogni dimensione e settore di gestire diversi magazzini. I magazzini vengono creati nel sistema di gestione delle merci memorizzandoli tra i singoli contatti. Ci\u00f2 significa che i contatti e gli indirizzi dei rispettivi magazzini sono visibili. \u00c8 anche possibile definire magazzini e sotto-magazzini principali, in modo che sia chiaro a colpo d&#8217;occhio come i singoli magazzini siano collegati tra loro.   <\/p>\n<p>La specialit\u00e0 del&nbsp;Ci\u00f2 che rende la <strong>gestione del magazzino di 1Tool<\/strong> diversa dai tradizionali programmi di gestione della merce \u00e8 il collegamento con altri moduli del software CRM. Ci\u00f2 significa che creerai i tuoi magazzini, immagazzinerai i tuoi prodotti e definirai le quantit\u00e0 di prodotti disponibili per ogni singolo magazzino. Con il  &nbsp;<strong>Quando crei fatture o buoni <\/strong>, puoi anche definire il prodotto desiderato e il rispettivo magazzino da cui la quantit\u00e0 deve essere rimossa o aggiunta con la semplice pressione di un pulsante. I dati verranno aggiornati automaticamente e non dovrai inserirli tu stesso. <\/p>\n<p><\/p>\n<h4>Ambito funzionale della gestione della merce 1Tool<\/h4>\n<ul>\n<li>Creazione semplice delle posizioni di archiviazione<\/li>\n<li>Una chiara visualizzazione dei prodotti disponibili in ogni singolo magazzino<\/li>\n<li>Memorizzazione dei livelli minimi di scorte per ogni magazzino<\/li>\n<li>Effettua un acquisto aggiuntivo con la semplice pressione di un pulsante e aumenta automaticamente i livelli di scorte<\/li>\n<li>Fatturazione semplice quando vendi i tuoi prodotti e riduzione automatica delle scorte<\/li>\n<li>Note all&#8217;interno delle fatture riguardanti livelli minimi di scorte o quantit\u00e0 non disponibili.<\/li>\n<li>Elenco chiaro degli acquisti e delle vendite nel diario<\/li>\n<li>Realizzazione semplice di registrazioni correttive in caso di differenze inventariali o di registrazioni errate.<\/li>\n<li>Suggerimenti d&#8217;ordine generati automaticamente<\/li>\n<li>Mappatura di una o pi\u00f9 registrazioni di aggiustamenti per una data chiave specifica attraverso l&#8217;inventario<\/li>\n<\/ul>\t\t\t\t\t\t\t\t<\/div>\n\t\t\t\t<\/div>\n\t\t\t\t\t<\/div>\n\t\t<\/div>\n\t\t\t\t\t<\/div>\n\t\t<\/section>\n\t\t\t\t\t<\/div>\n\t\t<\/div>\n\t\t\t\t\t<\/div>\n\t\t<\/section>\n\t\t\t\t<\/div>\n\t\t","protected":false},"excerpt":{"rendered":"<p>Gestire il magazzino Il software di magazzino 1Tool ti aiuta a organizzare le scorte di magazzino in modo professionale ed \u00e8 un supporto ideale per ottimizzare i processi di gestione della merce. Gestione semplice di tutti i magazzini Che si tratti di piccole e medie imprese o di grandi aziende, il software 1Tool CRM consente [&hellip;]<\/p>\n","protected":false},"author":1,"featured_media":0,"parent":76336,"menu_order":0,"comment_status":"closed","ping_status":"closed","template":"","meta":{"inline_featured_image":false,"footnotes":""},"class_list":["post-76454","page","type-page","status-publish","hentry"],"acf":[],"yoast_head":"<!-- This site is optimized with the Yoast SEO plugin v27.5 - https:\/\/yoast.com\/product\/yoast-seo-wordpress\/ -->\n<title>Gestire il magazzino - 1Tool<\/title>\n<meta name=\"robots\" content=\"index, follow, max-snippet:-1, max-image-preview:large, max-video-preview:-1\" \/>\n<link rel=\"canonical\" href=\"https:\/\/www.1tool.com\/it\/moduli\/gestione-della-merce-e-del-negozio\/gestione-del-magazzino\/funzioni-del-modulo-di-gestione-del-magazzino\/gestire-il-magazzino\/\" \/>\n<meta property=\"og:locale\" content=\"it_IT\" \/>\n<meta property=\"og:type\" content=\"article\" \/>\n<meta property=\"og:title\" content=\"Gestire il magazzino - 1Tool\" \/>\n<meta property=\"og:description\" content=\"Gestire il magazzino Il software di magazzino 1Tool ti aiuta a organizzare le scorte di magazzino in modo professionale ed \u00e8 un supporto ideale per ottimizzare i processi di gestione della merce. Gestione semplice di tutti i magazzini Che si tratti di piccole e medie imprese o di grandi aziende, il software 1Tool CRM consente [&hellip;]\" \/>\n<meta property=\"og:url\" content=\"https:\/\/www.1tool.com\/it\/moduli\/gestione-della-merce-e-del-negozio\/gestione-del-magazzino\/funzioni-del-modulo-di-gestione-del-magazzino\/gestire-il-magazzino\/\" \/>\n<meta property=\"og:site_name\" content=\"1Tool\" \/>\n<meta property=\"article:modified_time\" content=\"2026-05-06T13:52:21+00:00\" \/>\n<meta name=\"twitter:card\" content=\"summary_large_image\" \/>\n<meta name=\"twitter:label1\" content=\"Tempo di lettura stimato\" \/>\n\t<meta name=\"twitter:data1\" content=\"2 minuti\" \/>\n<script type=\"application\/ld+json\" class=\"yoast-schema-graph\">{\"@context\":\"https:\\\/\\\/schema.org\",\"@graph\":[{\"@type\":\"WebPage\",\"@id\":\"https:\\\/\\\/www.1tool.com\\\/it\\\/moduli\\\/gestione-della-merce-e-del-negozio\\\/gestione-del-magazzino\\\/funzioni-del-modulo-di-gestione-del-magazzino\\\/gestire-il-magazzino\\\/\",\"url\":\"https:\\\/\\\/www.1tool.com\\\/it\\\/moduli\\\/gestione-della-merce-e-del-negozio\\\/gestione-del-magazzino\\\/funzioni-del-modulo-di-gestione-del-magazzino\\\/gestire-il-magazzino\\\/\",\"name\":\"Gestire il magazzino - 1Tool\",\"isPartOf\":{\"@id\":\"https:\\\/\\\/www.1tool.com\\\/it\\\/#website\"},\"datePublished\":\"2022-03-30T16:11:24+00:00\",\"dateModified\":\"2026-05-06T13:52:21+00:00\",\"breadcrumb\":{\"@id\":\"https:\\\/\\\/www.1tool.com\\\/it\\\/moduli\\\/gestione-della-merce-e-del-negozio\\\/gestione-del-magazzino\\\/funzioni-del-modulo-di-gestione-del-magazzino\\\/gestire-il-magazzino\\\/#breadcrumb\"},\"inLanguage\":\"it-IT\",\"potentialAction\":[{\"@type\":\"ReadAction\",\"target\":[\"https:\\\/\\\/www.1tool.com\\\/it\\\/moduli\\\/gestione-della-merce-e-del-negozio\\\/gestione-del-magazzino\\\/funzioni-del-modulo-di-gestione-del-magazzino\\\/gestire-il-magazzino\\\/\"]}]},{\"@type\":\"BreadcrumbList\",\"@id\":\"https:\\\/\\\/www.1tool.com\\\/it\\\/moduli\\\/gestione-della-merce-e-del-negozio\\\/gestione-del-magazzino\\\/funzioni-del-modulo-di-gestione-del-magazzino\\\/gestire-il-magazzino\\\/#breadcrumb\",\"itemListElement\":[{\"@type\":\"ListItem\",\"position\":1,\"name\":\"Home\",\"item\":\"https:\\\/\\\/www.1tool.com\\\/it\\\/1tool-crm\\\/\"},{\"@type\":\"ListItem\",\"position\":2,\"name\":\"Moduli\",\"item\":\"https:\\\/\\\/www.1tool.com\\\/it\\\/module\\\/\"},{\"@type\":\"ListItem\",\"position\":3,\"name\":\"Gestione della merce e del negozio\",\"item\":\"https:\\\/\\\/www.1tool.com\\\/it\\\/moduli\\\/gestione-della-merce-e-del-negozio\\\/\"},{\"@type\":\"ListItem\",\"position\":4,\"name\":\"Gestione del magazzino\",\"item\":\"https:\\\/\\\/www.1tool.com\\\/it\\\/moduli\\\/gestione-della-merce-e-del-negozio\\\/gestione-del-magazzino\\\/\"},{\"@type\":\"ListItem\",\"position\":5,\"name\":\"Funzioni del modulo di gestione del magazzino\",\"item\":\"https:\\\/\\\/www.1tool.com\\\/it\\\/moduli\\\/gestione-della-merce-e-del-negozio\\\/gestione-del-magazzino\\\/funzioni-del-modulo-di-gestione-del-magazzino\\\/\"},{\"@type\":\"ListItem\",\"position\":6,\"name\":\"Gestire il magazzino\"}]},{\"@type\":\"WebSite\",\"@id\":\"https:\\\/\\\/www.1tool.com\\\/it\\\/#website\",\"url\":\"https:\\\/\\\/www.1tool.com\\\/it\\\/\",\"name\":\"1Tool\",\"description\":\"CRM\",\"publisher\":{\"@id\":\"https:\\\/\\\/www.1tool.com\\\/it\\\/#organization\"},\"potentialAction\":[{\"@type\":\"SearchAction\",\"target\":{\"@type\":\"EntryPoint\",\"urlTemplate\":\"https:\\\/\\\/www.1tool.com\\\/it\\\/?s={search_term_string}\"},\"query-input\":{\"@type\":\"PropertyValueSpecification\",\"valueRequired\":true,\"valueName\":\"search_term_string\"}}],\"inLanguage\":\"it-IT\"},{\"@type\":\"Organization\",\"@id\":\"https:\\\/\\\/www.1tool.com\\\/it\\\/#organization\",\"name\":\"1Tool\",\"url\":\"https:\\\/\\\/www.1tool.com\\\/it\\\/\",\"logo\":{\"@type\":\"ImageObject\",\"inLanguage\":\"it-IT\",\"@id\":\"https:\\\/\\\/www.1tool.com\\\/it\\\/#\\\/schema\\\/logo\\\/image\\\/\",\"url\":\"https:\\\/\\\/www.1tool.com\\\/wp-content\\\/uploads\\\/2022\\\/04\\\/1tool-1.png\",\"contentUrl\":\"https:\\\/\\\/www.1tool.com\\\/wp-content\\\/uploads\\\/2022\\\/04\\\/1tool-1.png\",\"width\":400,\"height\":150,\"caption\":\"1Tool\"},\"image\":{\"@id\":\"https:\\\/\\\/www.1tool.com\\\/it\\\/#\\\/schema\\\/logo\\\/image\\\/\"}}]}<\/script>\n<!-- \/ Yoast SEO plugin. -->","yoast_head_json":{"title":"Gestire il magazzino - 1Tool","robots":{"index":"index","follow":"follow","max-snippet":"max-snippet:-1","max-image-preview":"max-image-preview:large","max-video-preview":"max-video-preview:-1"},"canonical":"https:\/\/www.1tool.com\/it\/moduli\/gestione-della-merce-e-del-negozio\/gestione-del-magazzino\/funzioni-del-modulo-di-gestione-del-magazzino\/gestire-il-magazzino\/","og_locale":"it_IT","og_type":"article","og_title":"Gestire il magazzino - 1Tool","og_description":"Gestire il magazzino Il software di magazzino 1Tool ti aiuta a organizzare le scorte di magazzino in modo professionale ed \u00e8 un supporto ideale per ottimizzare i processi di gestione della merce. Gestione semplice di tutti i magazzini Che si tratti di piccole e medie imprese o di grandi aziende, il software 1Tool CRM consente [&hellip;]","og_url":"https:\/\/www.1tool.com\/it\/moduli\/gestione-della-merce-e-del-negozio\/gestione-del-magazzino\/funzioni-del-modulo-di-gestione-del-magazzino\/gestire-il-magazzino\/","og_site_name":"1Tool","article_modified_time":"2026-05-06T13:52:21+00:00","twitter_card":"summary_large_image","twitter_misc":{"Tempo di lettura stimato":"2 minuti"},"schema":{"@context":"https:\/\/schema.org","@graph":[{"@type":"WebPage","@id":"https:\/\/www.1tool.com\/it\/moduli\/gestione-della-merce-e-del-negozio\/gestione-del-magazzino\/funzioni-del-modulo-di-gestione-del-magazzino\/gestire-il-magazzino\/","url":"https:\/\/www.1tool.com\/it\/moduli\/gestione-della-merce-e-del-negozio\/gestione-del-magazzino\/funzioni-del-modulo-di-gestione-del-magazzino\/gestire-il-magazzino\/","name":"Gestire il magazzino - 1Tool","isPartOf":{"@id":"https:\/\/www.1tool.com\/it\/#website"},"datePublished":"2022-03-30T16:11:24+00:00","dateModified":"2026-05-06T13:52:21+00:00","breadcrumb":{"@id":"https:\/\/www.1tool.com\/it\/moduli\/gestione-della-merce-e-del-negozio\/gestione-del-magazzino\/funzioni-del-modulo-di-gestione-del-magazzino\/gestire-il-magazzino\/#breadcrumb"},"inLanguage":"it-IT","potentialAction":[{"@type":"ReadAction","target":["https:\/\/www.1tool.com\/it\/moduli\/gestione-della-merce-e-del-negozio\/gestione-del-magazzino\/funzioni-del-modulo-di-gestione-del-magazzino\/gestire-il-magazzino\/"]}]},{"@type":"BreadcrumbList","@id":"https:\/\/www.1tool.com\/it\/moduli\/gestione-della-merce-e-del-negozio\/gestione-del-magazzino\/funzioni-del-modulo-di-gestione-del-magazzino\/gestire-il-magazzino\/#breadcrumb","itemListElement":[{"@type":"ListItem","position":1,"name":"Home","item":"https:\/\/www.1tool.com\/it\/1tool-crm\/"},{"@type":"ListItem","position":2,"name":"Moduli","item":"https:\/\/www.1tool.com\/it\/module\/"},{"@type":"ListItem","position":3,"name":"Gestione della merce e del negozio","item":"https:\/\/www.1tool.com\/it\/moduli\/gestione-della-merce-e-del-negozio\/"},{"@type":"ListItem","position":4,"name":"Gestione del magazzino","item":"https:\/\/www.1tool.com\/it\/moduli\/gestione-della-merce-e-del-negozio\/gestione-del-magazzino\/"},{"@type":"ListItem","position":5,"name":"Funzioni del modulo di gestione del magazzino","item":"https:\/\/www.1tool.com\/it\/moduli\/gestione-della-merce-e-del-negozio\/gestione-del-magazzino\/funzioni-del-modulo-di-gestione-del-magazzino\/"},{"@type":"ListItem","position":6,"name":"Gestire il magazzino"}]},{"@type":"WebSite","@id":"https:\/\/www.1tool.com\/it\/#website","url":"https:\/\/www.1tool.com\/it\/","name":"1Tool","description":"CRM","publisher":{"@id":"https:\/\/www.1tool.com\/it\/#organization"},"potentialAction":[{"@type":"SearchAction","target":{"@type":"EntryPoint","urlTemplate":"https:\/\/www.1tool.com\/it\/?s={search_term_string}"},"query-input":{"@type":"PropertyValueSpecification","valueRequired":true,"valueName":"search_term_string"}}],"inLanguage":"it-IT"},{"@type":"Organization","@id":"https:\/\/www.1tool.com\/it\/#organization","name":"1Tool","url":"https:\/\/www.1tool.com\/it\/","logo":{"@type":"ImageObject","inLanguage":"it-IT","@id":"https:\/\/www.1tool.com\/it\/#\/schema\/logo\/image\/","url":"https:\/\/www.1tool.com\/wp-content\/uploads\/2022\/04\/1tool-1.png","contentUrl":"https:\/\/www.1tool.com\/wp-content\/uploads\/2022\/04\/1tool-1.png","width":400,"height":150,"caption":"1Tool"},"image":{"@id":"https:\/\/www.1tool.com\/it\/#\/schema\/logo\/image\/"}}]}},"_links":{"self":[{"href":"https:\/\/www.1tool.com\/it\/wp-json\/wp\/v2\/pages\/76454","targetHints":{"allow":["GET"]}}],"collection":[{"href":"https:\/\/www.1tool.com\/it\/wp-json\/wp\/v2\/pages"}],"about":[{"href":"https:\/\/www.1tool.com\/it\/wp-json\/wp\/v2\/types\/page"}],"author":[{"embeddable":true,"href":"https:\/\/www.1tool.com\/it\/wp-json\/wp\/v2\/users\/1"}],"replies":[{"embeddable":true,"href":"https:\/\/www.1tool.com\/it\/wp-json\/wp\/v2\/comments?post=76454"}],"version-history":[{"count":1,"href":"https:\/\/www.1tool.com\/it\/wp-json\/wp\/v2\/pages\/76454\/revisions"}],"predecessor-version":[{"id":76455,"href":"https:\/\/www.1tool.com\/it\/wp-json\/wp\/v2\/pages\/76454\/revisions\/76455"}],"up":[{"embeddable":true,"href":"https:\/\/www.1tool.com\/it\/wp-json\/wp\/v2\/pages\/76336"}],"wp:attachment":[{"href":"https:\/\/www.1tool.com\/it\/wp-json\/wp\/v2\/media?parent=76454"}],"curies":[{"name":"wp","href":"https:\/\/api.w.org\/{rel}","templated":true}]}}