{"id":76462,"date":"2022-03-30T15:00:05","date_gmt":"2022-03-30T13:00:05","guid":{"rendered":"https:\/\/www.1tool.com\/funzioni-modulo-calendario\/visita-la-pianificazione\/"},"modified":"2026-05-06T15:52:24","modified_gmt":"2026-05-06T13:52:24","slug":"visita-la-pianificazione","status":"publish","type":"page","link":"https:\/\/www.1tool.com\/it\/moduli\/organizzazione-e-servizio\/calendario\/funzioni-modulo-calendario\/visita-la-pianificazione\/","title":{"rendered":"Visita la pianificazione"},"content":{"rendered":"\t\t<div data-elementor-type=\"wp-page\" data-elementor-id=\"76462\" class=\"elementor elementor-76462 elementor-49258\" data-elementor-post-type=\"page\">\n\t\t\t\t\t\t<section class=\"elementor-section elementor-top-section elementor-element elementor-element-a4920be elementor-section-boxed elementor-section-height-default elementor-section-height-default shadepro-adv-gradient-no shadepro-sticky-no\" data-id=\"a4920be\" data-element_type=\"section\" data-e-type=\"section\" data-settings=\"{&quot;shadepro_sticky&quot;:&quot;no&quot;}\">\n\t\t\t\t\t\t<div class=\"elementor-container elementor-column-gap-default\">\n\t\t\t\t\t<div class=\"elementor-column elementor-col-100 elementor-top-column elementor-element elementor-element-d7626a1\" data-id=\"d7626a1\" data-element_type=\"column\" data-e-type=\"column\">\n\t\t\t<div class=\"elementor-widget-wrap elementor-element-populated\">\n\t\t\t\t\t\t<div class=\"elementor-element elementor-element-a08b73a shadepro-sticky-no elementor-widget elementor-widget-heading\" data-id=\"a08b73a\" data-element_type=\"widget\" data-e-type=\"widget\" data-settings=\"{&quot;shadepro_sticky&quot;:&quot;no&quot;}\" data-widget_type=\"heading.default\">\n\t\t\t\t<div class=\"elementor-widget-container\">\n\t\t\t\t\t<h1 class=\"elementor-heading-title elementor-size-default\">Visita la pianificazione<\/h1>\t\t\t\t<\/div>\n\t\t\t\t<\/div>\n\t\t\t\t<div class=\"elementor-element elementor-element-c7836d6 shadepro-sticky-no elementor-widget elementor-widget-text-editor\" data-id=\"c7836d6\" data-element_type=\"widget\" data-e-type=\"widget\" data-settings=\"{&quot;shadepro_sticky&quot;:&quot;no&quot;}\" data-widget_type=\"text-editor.default\">\n\t\t\t\t<div class=\"elementor-widget-container\">\n\t\t\t\t\t\t\t\t\t<p>1Tool &#8211; Il software CRM per pianificare con successo le visite online nell&#8217;assistenza sul campo<\/p>\t\t\t\t\t\t\t\t<\/div>\n\t\t\t\t<\/div>\n\t\t\t\t<section class=\"elementor-section elementor-inner-section elementor-element elementor-element-3eecf8b elementor-section-boxed elementor-section-height-default elementor-section-height-default shadepro-adv-gradient-no shadepro-sticky-no\" data-id=\"3eecf8b\" data-element_type=\"section\" data-e-type=\"section\" data-settings=\"{&quot;shadepro_sticky&quot;:&quot;no&quot;}\">\n\t\t\t\t\t\t<div class=\"elementor-container elementor-column-gap-default\">\n\t\t\t\t\t<div class=\"elementor-column elementor-col-100 elementor-inner-column elementor-element elementor-element-cb0b766\" data-id=\"cb0b766\" data-element_type=\"column\" data-e-type=\"column\">\n\t\t\t<div class=\"elementor-widget-wrap elementor-element-populated\">\n\t\t\t\t\t\t<div class=\"elementor-element elementor-element-387c559 shadepro-sticky-no elementor-widget elementor-widget-text-editor\" data-id=\"387c559\" data-element_type=\"widget\" data-e-type=\"widget\" data-settings=\"{&quot;shadepro_sticky&quot;:&quot;no&quot;}\" data-widget_type=\"text-editor.default\">\n\t\t\t\t<div class=\"elementor-widget-container\">\n\t\t\t\t\t\t\t\t\t<h3>Software per la pianificazione delle visite e la gestione dell&#8217;assistenza sul campo<\/h3><p>Il software di vendita 1Tool dispone di numerose funzioni per ottimizzare la pianificazione delle visite e degli appuntamenti con i clienti. Potrai beneficiare di aree operative trasparenti, di una pianificazione precisa dei tempi e di un notevole risparmio di chilometri. Puoi anche evitare di perdere visite da parte dei clienti e ottenere un alto livello di rispetto degli appuntamenti con i clienti. Con la nostra pianificazione professionale delle visite di 1Tool, ti offriamo uno strumento completo con cui puoi ottimizzare le tue attivit\u00e0 di vendita in base alla struttura della tua forza vendita.   <\/p><div class=\"wp-block-spacer\" aria-hidden=\"true\"> <\/div><h3>Pianificazione efficiente di appuntamenti e visite guidate<\/h3><p>Per una pianificazione ottimizzata delle visite e degli appuntamenti di vendita, 1Tool ti fornisce una mappa dei contatti integrata. La pianificazione delle visite e i dati dei contatti vengono visualizzati grazie a questa mappa, in modo da organizzare automaticamente i tuoi viaggi presso i clienti. La mappa di GoogleMaps \u00e8 direttamente collegata alla gestione dei contatti e viene generata dinamicamente. Non \u00e8 quindi necessario inserire manualmente i dati GPS, poich\u00e9 i tuoi contatti vengono visualizzati automaticamente sulla mappa dei contatti in base ai dati dell&#8217;indirizzo memorizzato (via, numero civico, codice postale, citt\u00e0, ecc.).   <\/p><p> <\/p><h4>Pianificazione della visita con 1Tool (percorso) ricerca di prossimit\u00e0<\/h4><p>Grazie alla ricerca per raggio o per percorso, hai sempre una panoramica della regione in cui si trovano i tuoi clienti, partner o fornitori. Ogni contatto viene visualizzato come un punto individuale sulla mappa dei contatti di 1Tool, consentendoti di pianificare con precisione i tuoi tour di vendita. <\/p><p><strong>Ecco come funziona la pianificazione delle visite di 1Tool: <\/strong>seleziona il gruppo o i gruppi di contatti desiderati per il tuo tour di vendita (ad esempio clienti, clienti A, partner, ecc.) e poi definisci un luogo o un percorso specifico da A a B. Usa il raggio per definire il raggio esatto in cui i tuoi contatti devono essere visualizzati sulla mappa. Con la semplice pressione di un pulsante, la mappa ti mostra quanti contatti ci sono nelle vicinanze, in modo che tu possa determinare chiaramente il percorso pi\u00f9 breve e migliore per le visite ai tuoi clienti. <\/p><p>Evita i percorsi inutili con la pianificazione delle visite di 1Tool e crea il percorso ottimale per i tuoi appuntamenti di vendita: non solo risparmierai tempo importante, ma potrai anche ottimizzare in modo significativo la gestione delle relazioni con i clienti grazie a una migliore preparazione degli incontri.<\/p>\t\t\t\t\t\t\t\t<\/div>\n\t\t\t\t<\/div>\n\t\t\t\t\t<\/div>\n\t\t<\/div>\n\t\t\t\t\t<\/div>\n\t\t<\/section>\n\t\t\t\t\t<\/div>\n\t\t<\/div>\n\t\t\t\t\t<\/div>\n\t\t<\/section>\n\t\t\t\t<\/div>\n\t\t","protected":false},"excerpt":{"rendered":"<p>Visita la pianificazione 1Tool &#8211; Il software CRM per pianificare con successo le visite online nell&#8217;assistenza sul campo Software per la pianificazione delle visite e la gestione dell&#8217;assistenza sul campo Il software di vendita 1Tool dispone di numerose funzioni per ottimizzare la pianificazione delle visite e degli appuntamenti con i clienti. Potrai beneficiare di aree [&hellip;]<\/p>\n","protected":false},"author":1,"featured_media":0,"parent":76321,"menu_order":0,"comment_status":"closed","ping_status":"closed","template":"","meta":{"inline_featured_image":false,"footnotes":""},"class_list":["post-76462","page","type-page","status-publish","hentry"],"acf":[],"yoast_head":"<!-- This site is optimized with the Yoast SEO plugin v27.5 - https:\/\/yoast.com\/product\/yoast-seo-wordpress\/ -->\n<title>Visita la pianificazione - 1Tool<\/title>\n<meta name=\"robots\" content=\"index, follow, max-snippet:-1, max-image-preview:large, max-video-preview:-1\" \/>\n<link rel=\"canonical\" href=\"https:\/\/www.1tool.com\/it\/moduli\/organizzazione-e-servizio\/calendario\/funzioni-modulo-calendario\/visita-la-pianificazione\/\" \/>\n<meta property=\"og:locale\" content=\"it_IT\" \/>\n<meta property=\"og:type\" content=\"article\" \/>\n<meta property=\"og:title\" content=\"Visita la pianificazione - 1Tool\" \/>\n<meta property=\"og:description\" content=\"Visita la pianificazione 1Tool &#8211; Il software CRM per pianificare con successo le visite online nell&#8217;assistenza sul campo Software per la pianificazione delle visite e la gestione dell&#8217;assistenza sul campo Il software di vendita 1Tool dispone di numerose funzioni per ottimizzare la pianificazione delle visite e degli appuntamenti con i clienti. Potrai beneficiare di aree [&hellip;]\" \/>\n<meta property=\"og:url\" content=\"https:\/\/www.1tool.com\/it\/moduli\/organizzazione-e-servizio\/calendario\/funzioni-modulo-calendario\/visita-la-pianificazione\/\" \/>\n<meta property=\"og:site_name\" content=\"1Tool\" \/>\n<meta property=\"article:modified_time\" content=\"2026-05-06T13:52:24+00:00\" \/>\n<meta name=\"twitter:card\" content=\"summary_large_image\" \/>\n<meta name=\"twitter:label1\" content=\"Tempo di lettura stimato\" \/>\n\t<meta name=\"twitter:data1\" content=\"2 minuti\" \/>\n<script type=\"application\/ld+json\" class=\"yoast-schema-graph\">{\"@context\":\"https:\\\/\\\/schema.org\",\"@graph\":[{\"@type\":\"WebPage\",\"@id\":\"https:\\\/\\\/www.1tool.com\\\/it\\\/moduli\\\/organizzazione-e-servizio\\\/calendario\\\/funzioni-modulo-calendario\\\/visita-la-pianificazione\\\/\",\"url\":\"https:\\\/\\\/www.1tool.com\\\/it\\\/moduli\\\/organizzazione-e-servizio\\\/calendario\\\/funzioni-modulo-calendario\\\/visita-la-pianificazione\\\/\",\"name\":\"Visita la pianificazione - 1Tool\",\"isPartOf\":{\"@id\":\"https:\\\/\\\/www.1tool.com\\\/it\\\/#website\"},\"datePublished\":\"2022-03-30T13:00:05+00:00\",\"dateModified\":\"2026-05-06T13:52:24+00:00\",\"breadcrumb\":{\"@id\":\"https:\\\/\\\/www.1tool.com\\\/it\\\/moduli\\\/organizzazione-e-servizio\\\/calendario\\\/funzioni-modulo-calendario\\\/visita-la-pianificazione\\\/#breadcrumb\"},\"inLanguage\":\"it-IT\",\"potentialAction\":[{\"@type\":\"ReadAction\",\"target\":[\"https:\\\/\\\/www.1tool.com\\\/it\\\/moduli\\\/organizzazione-e-servizio\\\/calendario\\\/funzioni-modulo-calendario\\\/visita-la-pianificazione\\\/\"]}]},{\"@type\":\"BreadcrumbList\",\"@id\":\"https:\\\/\\\/www.1tool.com\\\/it\\\/moduli\\\/organizzazione-e-servizio\\\/calendario\\\/funzioni-modulo-calendario\\\/visita-la-pianificazione\\\/#breadcrumb\",\"itemListElement\":[{\"@type\":\"ListItem\",\"position\":1,\"name\":\"Home\",\"item\":\"https:\\\/\\\/www.1tool.com\\\/it\\\/1tool-crm\\\/\"},{\"@type\":\"ListItem\",\"position\":2,\"name\":\"Moduli\",\"item\":\"https:\\\/\\\/www.1tool.com\\\/it\\\/module\\\/\"},{\"@type\":\"ListItem\",\"position\":3,\"name\":\"Organizzazione e servizio\",\"item\":\"https:\\\/\\\/www.1tool.com\\\/it\\\/moduli\\\/organizzazione-e-servizio\\\/\"},{\"@type\":\"ListItem\",\"position\":4,\"name\":\"Calendario\",\"item\":\"https:\\\/\\\/www.1tool.com\\\/it\\\/moduli\\\/organizzazione-e-servizio\\\/calendario\\\/\"},{\"@type\":\"ListItem\",\"position\":5,\"name\":\"Funzioni modulo calendario\",\"item\":\"https:\\\/\\\/www.1tool.com\\\/it\\\/moduli\\\/organizzazione-e-servizio\\\/calendario\\\/funzioni-modulo-calendario\\\/\"},{\"@type\":\"ListItem\",\"position\":6,\"name\":\"Visita la pianificazione\"}]},{\"@type\":\"WebSite\",\"@id\":\"https:\\\/\\\/www.1tool.com\\\/it\\\/#website\",\"url\":\"https:\\\/\\\/www.1tool.com\\\/it\\\/\",\"name\":\"1Tool\",\"description\":\"CRM\",\"publisher\":{\"@id\":\"https:\\\/\\\/www.1tool.com\\\/it\\\/#organization\"},\"potentialAction\":[{\"@type\":\"SearchAction\",\"target\":{\"@type\":\"EntryPoint\",\"urlTemplate\":\"https:\\\/\\\/www.1tool.com\\\/it\\\/?s={search_term_string}\"},\"query-input\":{\"@type\":\"PropertyValueSpecification\",\"valueRequired\":true,\"valueName\":\"search_term_string\"}}],\"inLanguage\":\"it-IT\"},{\"@type\":\"Organization\",\"@id\":\"https:\\\/\\\/www.1tool.com\\\/it\\\/#organization\",\"name\":\"1Tool\",\"url\":\"https:\\\/\\\/www.1tool.com\\\/it\\\/\",\"logo\":{\"@type\":\"ImageObject\",\"inLanguage\":\"it-IT\",\"@id\":\"https:\\\/\\\/www.1tool.com\\\/it\\\/#\\\/schema\\\/logo\\\/image\\\/\",\"url\":\"https:\\\/\\\/www.1tool.com\\\/wp-content\\\/uploads\\\/2022\\\/04\\\/1tool-1.png\",\"contentUrl\":\"https:\\\/\\\/www.1tool.com\\\/wp-content\\\/uploads\\\/2022\\\/04\\\/1tool-1.png\",\"width\":400,\"height\":150,\"caption\":\"1Tool\"},\"image\":{\"@id\":\"https:\\\/\\\/www.1tool.com\\\/it\\\/#\\\/schema\\\/logo\\\/image\\\/\"}}]}<\/script>\n<!-- \/ Yoast SEO plugin. -->","yoast_head_json":{"title":"Visita la pianificazione - 1Tool","robots":{"index":"index","follow":"follow","max-snippet":"max-snippet:-1","max-image-preview":"max-image-preview:large","max-video-preview":"max-video-preview:-1"},"canonical":"https:\/\/www.1tool.com\/it\/moduli\/organizzazione-e-servizio\/calendario\/funzioni-modulo-calendario\/visita-la-pianificazione\/","og_locale":"it_IT","og_type":"article","og_title":"Visita la pianificazione - 1Tool","og_description":"Visita la pianificazione 1Tool &#8211; Il software CRM per pianificare con successo le visite online nell&#8217;assistenza sul campo Software per la pianificazione delle visite e la gestione dell&#8217;assistenza sul campo Il software di vendita 1Tool dispone di numerose funzioni per ottimizzare la pianificazione delle visite e degli appuntamenti con i clienti. Potrai beneficiare di aree [&hellip;]","og_url":"https:\/\/www.1tool.com\/it\/moduli\/organizzazione-e-servizio\/calendario\/funzioni-modulo-calendario\/visita-la-pianificazione\/","og_site_name":"1Tool","article_modified_time":"2026-05-06T13:52:24+00:00","twitter_card":"summary_large_image","twitter_misc":{"Tempo di lettura stimato":"2 minuti"},"schema":{"@context":"https:\/\/schema.org","@graph":[{"@type":"WebPage","@id":"https:\/\/www.1tool.com\/it\/moduli\/organizzazione-e-servizio\/calendario\/funzioni-modulo-calendario\/visita-la-pianificazione\/","url":"https:\/\/www.1tool.com\/it\/moduli\/organizzazione-e-servizio\/calendario\/funzioni-modulo-calendario\/visita-la-pianificazione\/","name":"Visita la pianificazione - 1Tool","isPartOf":{"@id":"https:\/\/www.1tool.com\/it\/#website"},"datePublished":"2022-03-30T13:00:05+00:00","dateModified":"2026-05-06T13:52:24+00:00","breadcrumb":{"@id":"https:\/\/www.1tool.com\/it\/moduli\/organizzazione-e-servizio\/calendario\/funzioni-modulo-calendario\/visita-la-pianificazione\/#breadcrumb"},"inLanguage":"it-IT","potentialAction":[{"@type":"ReadAction","target":["https:\/\/www.1tool.com\/it\/moduli\/organizzazione-e-servizio\/calendario\/funzioni-modulo-calendario\/visita-la-pianificazione\/"]}]},{"@type":"BreadcrumbList","@id":"https:\/\/www.1tool.com\/it\/moduli\/organizzazione-e-servizio\/calendario\/funzioni-modulo-calendario\/visita-la-pianificazione\/#breadcrumb","itemListElement":[{"@type":"ListItem","position":1,"name":"Home","item":"https:\/\/www.1tool.com\/it\/1tool-crm\/"},{"@type":"ListItem","position":2,"name":"Moduli","item":"https:\/\/www.1tool.com\/it\/module\/"},{"@type":"ListItem","position":3,"name":"Organizzazione e servizio","item":"https:\/\/www.1tool.com\/it\/moduli\/organizzazione-e-servizio\/"},{"@type":"ListItem","position":4,"name":"Calendario","item":"https:\/\/www.1tool.com\/it\/moduli\/organizzazione-e-servizio\/calendario\/"},{"@type":"ListItem","position":5,"name":"Funzioni modulo calendario","item":"https:\/\/www.1tool.com\/it\/moduli\/organizzazione-e-servizio\/calendario\/funzioni-modulo-calendario\/"},{"@type":"ListItem","position":6,"name":"Visita la pianificazione"}]},{"@type":"WebSite","@id":"https:\/\/www.1tool.com\/it\/#website","url":"https:\/\/www.1tool.com\/it\/","name":"1Tool","description":"CRM","publisher":{"@id":"https:\/\/www.1tool.com\/it\/#organization"},"potentialAction":[{"@type":"SearchAction","target":{"@type":"EntryPoint","urlTemplate":"https:\/\/www.1tool.com\/it\/?s={search_term_string}"},"query-input":{"@type":"PropertyValueSpecification","valueRequired":true,"valueName":"search_term_string"}}],"inLanguage":"it-IT"},{"@type":"Organization","@id":"https:\/\/www.1tool.com\/it\/#organization","name":"1Tool","url":"https:\/\/www.1tool.com\/it\/","logo":{"@type":"ImageObject","inLanguage":"it-IT","@id":"https:\/\/www.1tool.com\/it\/#\/schema\/logo\/image\/","url":"https:\/\/www.1tool.com\/wp-content\/uploads\/2022\/04\/1tool-1.png","contentUrl":"https:\/\/www.1tool.com\/wp-content\/uploads\/2022\/04\/1tool-1.png","width":400,"height":150,"caption":"1Tool"},"image":{"@id":"https:\/\/www.1tool.com\/it\/#\/schema\/logo\/image\/"}}]}},"_links":{"self":[{"href":"https:\/\/www.1tool.com\/it\/wp-json\/wp\/v2\/pages\/76462","targetHints":{"allow":["GET"]}}],"collection":[{"href":"https:\/\/www.1tool.com\/it\/wp-json\/wp\/v2\/pages"}],"about":[{"href":"https:\/\/www.1tool.com\/it\/wp-json\/wp\/v2\/types\/page"}],"author":[{"embeddable":true,"href":"https:\/\/www.1tool.com\/it\/wp-json\/wp\/v2\/users\/1"}],"replies":[{"embeddable":true,"href":"https:\/\/www.1tool.com\/it\/wp-json\/wp\/v2\/comments?post=76462"}],"version-history":[{"count":1,"href":"https:\/\/www.1tool.com\/it\/wp-json\/wp\/v2\/pages\/76462\/revisions"}],"predecessor-version":[{"id":76464,"href":"https:\/\/www.1tool.com\/it\/wp-json\/wp\/v2\/pages\/76462\/revisions\/76464"}],"up":[{"embeddable":true,"href":"https:\/\/www.1tool.com\/it\/wp-json\/wp\/v2\/pages\/76321"}],"wp:attachment":[{"href":"https:\/\/www.1tool.com\/it\/wp-json\/wp\/v2\/media?parent=76462"}],"curies":[{"name":"wp","href":"https:\/\/api.w.org\/{rel}","templated":true}]}}