{"id":76482,"date":"2022-03-30T14:52:24","date_gmt":"2022-03-30T12:52:24","guid":{"rendered":"https:\/\/www.1tool.com\/funzioni-modulo-compiti\/panoramica-dei-compiti\/"},"modified":"2026-05-06T15:52:36","modified_gmt":"2026-05-06T13:52:36","slug":"panoramica-dei-compiti","status":"publish","type":"page","link":"https:\/\/www.1tool.com\/it\/moduli\/organizzazione-e-servizio\/compiti\/funzioni-modulo-compiti\/panoramica-dei-compiti\/","title":{"rendered":"Panoramica dei compiti"},"content":{"rendered":"\t\t<div data-elementor-type=\"wp-page\" data-elementor-id=\"76482\" class=\"elementor elementor-76482 elementor-49207\" data-elementor-post-type=\"page\">\n\t\t\t\t\t\t<section class=\"elementor-section elementor-top-section elementor-element elementor-element-551a6fc elementor-section-boxed elementor-section-height-default elementor-section-height-default shadepro-adv-gradient-no shadepro-sticky-no\" data-id=\"551a6fc\" data-element_type=\"section\" data-e-type=\"section\" data-settings=\"{&quot;shadepro_sticky&quot;:&quot;no&quot;}\">\n\t\t\t\t\t\t<div class=\"elementor-container elementor-column-gap-default\">\n\t\t\t\t\t<div class=\"elementor-column elementor-col-100 elementor-top-column elementor-element elementor-element-4df2dc3\" data-id=\"4df2dc3\" data-element_type=\"column\" data-e-type=\"column\">\n\t\t\t<div class=\"elementor-widget-wrap elementor-element-populated\">\n\t\t\t\t\t\t<div class=\"elementor-element elementor-element-2d67326 shadepro-sticky-no elementor-widget elementor-widget-heading\" data-id=\"2d67326\" data-element_type=\"widget\" data-e-type=\"widget\" data-settings=\"{&quot;shadepro_sticky&quot;:&quot;no&quot;}\" data-widget_type=\"heading.default\">\n\t\t\t\t<div class=\"elementor-widget-container\">\n\t\t\t\t\t<h1 class=\"elementor-heading-title elementor-size-default\">Panoramica dei compiti<\/h1>\t\t\t\t<\/div>\n\t\t\t\t<\/div>\n\t\t\t\t<div class=\"elementor-element elementor-element-340654a shadepro-sticky-no elementor-widget elementor-widget-text-editor\" data-id=\"340654a\" data-element_type=\"widget\" data-e-type=\"widget\" data-settings=\"{&quot;shadepro_sticky&quot;:&quot;no&quot;}\" data-widget_type=\"text-editor.default\">\n\t\t\t\t<div class=\"elementor-widget-container\">\n\t\t\t\t\t\t\t\t\t<p>Tieni d&#8217;occhio i compiti importanti e dai priorit\u00e0 alle tue attivit\u00e0.<\/p>\t\t\t\t\t\t\t\t<\/div>\n\t\t\t\t<\/div>\n\t\t\t\t<section class=\"elementor-section elementor-inner-section elementor-element elementor-element-3d21384 elementor-section-boxed elementor-section-height-default elementor-section-height-default shadepro-adv-gradient-no shadepro-sticky-no\" data-id=\"3d21384\" data-element_type=\"section\" data-e-type=\"section\" data-settings=\"{&quot;shadepro_sticky&quot;:&quot;no&quot;}\">\n\t\t\t\t\t\t<div class=\"elementor-container elementor-column-gap-default\">\n\t\t\t\t\t<div class=\"elementor-column elementor-col-100 elementor-inner-column elementor-element elementor-element-5b4d88a\" data-id=\"5b4d88a\" data-element_type=\"column\" data-e-type=\"column\">\n\t\t\t<div class=\"elementor-widget-wrap elementor-element-populated\">\n\t\t\t\t\t\t<div class=\"elementor-element elementor-element-e5ff330 shadepro-sticky-no elementor-widget elementor-widget-text-editor\" data-id=\"e5ff330\" data-element_type=\"widget\" data-e-type=\"widget\" data-settings=\"{&quot;shadepro_sticky&quot;:&quot;no&quot;}\" data-widget_type=\"text-editor.default\">\n\t\t\t\t<div class=\"elementor-widget-container\">\n\t\t\t\t\t\t\t\t\t<h3>Cruscotto attivit\u00e0<\/h3><p>La dashboard delle attivit\u00e0 elenca i tuoi compiti in modo chiaro e ti offre una panoramica delle ore di lavoro investite finora, dello stato di avanzamento dell&#8217;attivit\u00e0 e della scadenza finale. 1Tool ti permette di pianificare e organizzare in modo ottimale la tua attivit\u00e0 quotidiana. <\/p><h4>Categorie di attivit\u00e0<\/h4><ul><li>Oggi<br>Le cose che sono in cima alla tua lista di cose da fare. Le attivit\u00e0 in scadenza vengono decise automaticamente qui. <\/li><li>Next<br>Attivit\u00e0 che affronterai non appena le attivit\u00e0 &#8220;Oggi&#8221; saranno state completate.<\/li><li>Pianificato<br>Se vuoi iniziare il lavoro solo in un determinato momento, inseriscilo alla voce &#8220;Pianificato&#8221;.<\/li><li>Sometime<br>&#8220;Sometime&#8221; \u00e8 la categoria dei lavori che vuoi fare quando hai molto tempo a disposizione.<\/li><\/ul><p>Alla data di scadenza, l&#8217;attivit\u00e0 viene automaticamente spostata nella categoria &#8220;Oggi&#8221; in modo da ricordarti di completarla in tempo.<\/p><h3>Panoramica dei compiti<\/h3><p>I compiti dei dipendenti vengono visualizzati nella panoramica dei compiti. I filtri possono essere utilizzati per selezionare il dipendente a cui sono assegnati i compiti e lo stato di un compito. \u00c8 inoltre possibile utilizzare un campo di ricerca per cercare nel testo dell&#8217;attivit\u00e0. Ogni attivit\u00e0 pu\u00f2 essere elaborata con un solo clic.   <\/p><p><em>Ulteriori informazioni sulla panoramica delle attivit\u00e0 sono disponibili <a href=\"https:\/\/www.1tool.com\/manual\/aufgabenverwaltung-2\/aufgaben-uebersicht\/\" target=\"_blank\" rel=\"noreferrer noopener\">nel<\/a> nostro manuale<\/em><\/p><div class=\"wp-block-spacer\" aria-hidden=\"true\"> <\/div><h3>Vista dei dettagli dell&#8217;attivit\u00e0<\/h3><p>La descrizione dell&#8217;attivit\u00e0 viene presentata nella vista dettagliata di un&#8217;attivit\u00e0. Ogni dipendente ha la possibilit\u00e0 di aggiungere ulteriori note e documenti a questo compito. <\/p><p><em>Il nostro manuale ti mostrer\u00e0 quali informazioni puoi trovare nella <a href=\"https:\/\/www.1tool.com\/manual\/aufgabenverwaltung-2\/aufgabendetailansicht\/\" target=\"_blank\" rel=\"noreferrer noopener\">vista dei dettagli dell&#8217;attivit\u00e0 <\/a>.<\/em><\/p><h3>Esercitazione sul compito<\/h3><p>Guarda il nostro video dimostrativo per scoprire come utilizzare il modulo attivit\u00e0 per ottimizzare la creazione e la gestione delle tue attivit\u00e0!<\/p>\t\t\t\t\t\t\t\t<\/div>\n\t\t\t\t<\/div>\n\t\t\t\t\t<\/div>\n\t\t<\/div>\n\t\t\t\t\t<\/div>\n\t\t<\/section>\n\t\t\t\t\t<\/div>\n\t\t<\/div>\n\t\t\t\t\t<\/div>\n\t\t<\/section>\n\t\t\t\t<\/div>\n\t\t","protected":false},"excerpt":{"rendered":"<p>Panoramica dei compiti Tieni d&#8217;occhio i compiti importanti e dai priorit\u00e0 alle tue attivit\u00e0. Cruscotto attivit\u00e0 La dashboard delle attivit\u00e0 elenca i tuoi compiti in modo chiaro e ti offre una panoramica delle ore di lavoro investite finora, dello stato di avanzamento dell&#8217;attivit\u00e0 e della scadenza finale. 1Tool ti permette di pianificare e organizzare in [&hellip;]<\/p>\n","protected":false},"author":1,"featured_media":0,"parent":76327,"menu_order":0,"comment_status":"closed","ping_status":"closed","template":"","meta":{"inline_featured_image":false,"footnotes":""},"class_list":["post-76482","page","type-page","status-publish","hentry"],"acf":[],"yoast_head":"<!-- This site is optimized with the Yoast SEO plugin v27.5 - https:\/\/yoast.com\/product\/yoast-seo-wordpress\/ -->\n<title>Panoramica dei compiti - 1Tool<\/title>\n<meta name=\"robots\" content=\"index, follow, max-snippet:-1, max-image-preview:large, max-video-preview:-1\" \/>\n<link rel=\"canonical\" href=\"https:\/\/www.1tool.com\/it\/moduli\/organizzazione-e-servizio\/compiti\/funzioni-modulo-compiti\/panoramica-dei-compiti\/\" \/>\n<meta property=\"og:locale\" content=\"it_IT\" \/>\n<meta property=\"og:type\" content=\"article\" \/>\n<meta property=\"og:title\" content=\"Panoramica dei compiti - 1Tool\" \/>\n<meta property=\"og:description\" content=\"Panoramica dei compiti Tieni d&#8217;occhio i compiti importanti e dai priorit\u00e0 alle tue attivit\u00e0. Cruscotto attivit\u00e0 La dashboard delle attivit\u00e0 elenca i tuoi compiti in modo chiaro e ti offre una panoramica delle ore di lavoro investite finora, dello stato di avanzamento dell&#8217;attivit\u00e0 e della scadenza finale. 1Tool ti permette di pianificare e organizzare in [&hellip;]\" \/>\n<meta property=\"og:url\" content=\"https:\/\/www.1tool.com\/it\/moduli\/organizzazione-e-servizio\/compiti\/funzioni-modulo-compiti\/panoramica-dei-compiti\/\" \/>\n<meta property=\"og:site_name\" content=\"1Tool\" \/>\n<meta property=\"article:modified_time\" content=\"2026-05-06T13:52:36+00:00\" \/>\n<meta name=\"twitter:card\" content=\"summary_large_image\" \/>\n<meta name=\"twitter:label1\" content=\"Tempo di lettura stimato\" \/>\n\t<meta name=\"twitter:data1\" content=\"1 minuto\" \/>\n<script type=\"application\/ld+json\" class=\"yoast-schema-graph\">{\"@context\":\"https:\\\/\\\/schema.org\",\"@graph\":[{\"@type\":\"WebPage\",\"@id\":\"https:\\\/\\\/www.1tool.com\\\/it\\\/moduli\\\/organizzazione-e-servizio\\\/compiti\\\/funzioni-modulo-compiti\\\/panoramica-dei-compiti\\\/\",\"url\":\"https:\\\/\\\/www.1tool.com\\\/it\\\/moduli\\\/organizzazione-e-servizio\\\/compiti\\\/funzioni-modulo-compiti\\\/panoramica-dei-compiti\\\/\",\"name\":\"Panoramica dei compiti - 1Tool\",\"isPartOf\":{\"@id\":\"https:\\\/\\\/www.1tool.com\\\/it\\\/#website\"},\"datePublished\":\"2022-03-30T12:52:24+00:00\",\"dateModified\":\"2026-05-06T13:52:36+00:00\",\"breadcrumb\":{\"@id\":\"https:\\\/\\\/www.1tool.com\\\/it\\\/moduli\\\/organizzazione-e-servizio\\\/compiti\\\/funzioni-modulo-compiti\\\/panoramica-dei-compiti\\\/#breadcrumb\"},\"inLanguage\":\"it-IT\",\"potentialAction\":[{\"@type\":\"ReadAction\",\"target\":[\"https:\\\/\\\/www.1tool.com\\\/it\\\/moduli\\\/organizzazione-e-servizio\\\/compiti\\\/funzioni-modulo-compiti\\\/panoramica-dei-compiti\\\/\"]}]},{\"@type\":\"BreadcrumbList\",\"@id\":\"https:\\\/\\\/www.1tool.com\\\/it\\\/moduli\\\/organizzazione-e-servizio\\\/compiti\\\/funzioni-modulo-compiti\\\/panoramica-dei-compiti\\\/#breadcrumb\",\"itemListElement\":[{\"@type\":\"ListItem\",\"position\":1,\"name\":\"Home\",\"item\":\"https:\\\/\\\/www.1tool.com\\\/it\\\/1tool-crm\\\/\"},{\"@type\":\"ListItem\",\"position\":2,\"name\":\"Moduli\",\"item\":\"https:\\\/\\\/www.1tool.com\\\/it\\\/module\\\/\"},{\"@type\":\"ListItem\",\"position\":3,\"name\":\"Organizzazione e servizio\",\"item\":\"https:\\\/\\\/www.1tool.com\\\/it\\\/moduli\\\/organizzazione-e-servizio\\\/\"},{\"@type\":\"ListItem\",\"position\":4,\"name\":\"Compiti\",\"item\":\"https:\\\/\\\/www.1tool.com\\\/it\\\/moduli\\\/organizzazione-e-servizio\\\/compiti\\\/\"},{\"@type\":\"ListItem\",\"position\":5,\"name\":\"Funzioni Modulo Compiti\",\"item\":\"https:\\\/\\\/www.1tool.com\\\/it\\\/moduli\\\/organizzazione-e-servizio\\\/compiti\\\/funzioni-modulo-compiti\\\/\"},{\"@type\":\"ListItem\",\"position\":6,\"name\":\"Panoramica dei compiti\"}]},{\"@type\":\"WebSite\",\"@id\":\"https:\\\/\\\/www.1tool.com\\\/it\\\/#website\",\"url\":\"https:\\\/\\\/www.1tool.com\\\/it\\\/\",\"name\":\"1Tool\",\"description\":\"CRM\",\"publisher\":{\"@id\":\"https:\\\/\\\/www.1tool.com\\\/it\\\/#organization\"},\"potentialAction\":[{\"@type\":\"SearchAction\",\"target\":{\"@type\":\"EntryPoint\",\"urlTemplate\":\"https:\\\/\\\/www.1tool.com\\\/it\\\/?s={search_term_string}\"},\"query-input\":{\"@type\":\"PropertyValueSpecification\",\"valueRequired\":true,\"valueName\":\"search_term_string\"}}],\"inLanguage\":\"it-IT\"},{\"@type\":\"Organization\",\"@id\":\"https:\\\/\\\/www.1tool.com\\\/it\\\/#organization\",\"name\":\"1Tool\",\"url\":\"https:\\\/\\\/www.1tool.com\\\/it\\\/\",\"logo\":{\"@type\":\"ImageObject\",\"inLanguage\":\"it-IT\",\"@id\":\"https:\\\/\\\/www.1tool.com\\\/it\\\/#\\\/schema\\\/logo\\\/image\\\/\",\"url\":\"https:\\\/\\\/www.1tool.com\\\/wp-content\\\/uploads\\\/2022\\\/04\\\/1tool-1.png\",\"contentUrl\":\"https:\\\/\\\/www.1tool.com\\\/wp-content\\\/uploads\\\/2022\\\/04\\\/1tool-1.png\",\"width\":400,\"height\":150,\"caption\":\"1Tool\"},\"image\":{\"@id\":\"https:\\\/\\\/www.1tool.com\\\/it\\\/#\\\/schema\\\/logo\\\/image\\\/\"}}]}<\/script>\n<!-- \/ Yoast SEO plugin. -->","yoast_head_json":{"title":"Panoramica dei compiti - 1Tool","robots":{"index":"index","follow":"follow","max-snippet":"max-snippet:-1","max-image-preview":"max-image-preview:large","max-video-preview":"max-video-preview:-1"},"canonical":"https:\/\/www.1tool.com\/it\/moduli\/organizzazione-e-servizio\/compiti\/funzioni-modulo-compiti\/panoramica-dei-compiti\/","og_locale":"it_IT","og_type":"article","og_title":"Panoramica dei compiti - 1Tool","og_description":"Panoramica dei compiti Tieni d&#8217;occhio i compiti importanti e dai priorit\u00e0 alle tue attivit\u00e0. Cruscotto attivit\u00e0 La dashboard delle attivit\u00e0 elenca i tuoi compiti in modo chiaro e ti offre una panoramica delle ore di lavoro investite finora, dello stato di avanzamento dell&#8217;attivit\u00e0 e della scadenza finale. 1Tool ti permette di pianificare e organizzare in [&hellip;]","og_url":"https:\/\/www.1tool.com\/it\/moduli\/organizzazione-e-servizio\/compiti\/funzioni-modulo-compiti\/panoramica-dei-compiti\/","og_site_name":"1Tool","article_modified_time":"2026-05-06T13:52:36+00:00","twitter_card":"summary_large_image","twitter_misc":{"Tempo di lettura stimato":"1 minuto"},"schema":{"@context":"https:\/\/schema.org","@graph":[{"@type":"WebPage","@id":"https:\/\/www.1tool.com\/it\/moduli\/organizzazione-e-servizio\/compiti\/funzioni-modulo-compiti\/panoramica-dei-compiti\/","url":"https:\/\/www.1tool.com\/it\/moduli\/organizzazione-e-servizio\/compiti\/funzioni-modulo-compiti\/panoramica-dei-compiti\/","name":"Panoramica dei compiti - 1Tool","isPartOf":{"@id":"https:\/\/www.1tool.com\/it\/#website"},"datePublished":"2022-03-30T12:52:24+00:00","dateModified":"2026-05-06T13:52:36+00:00","breadcrumb":{"@id":"https:\/\/www.1tool.com\/it\/moduli\/organizzazione-e-servizio\/compiti\/funzioni-modulo-compiti\/panoramica-dei-compiti\/#breadcrumb"},"inLanguage":"it-IT","potentialAction":[{"@type":"ReadAction","target":["https:\/\/www.1tool.com\/it\/moduli\/organizzazione-e-servizio\/compiti\/funzioni-modulo-compiti\/panoramica-dei-compiti\/"]}]},{"@type":"BreadcrumbList","@id":"https:\/\/www.1tool.com\/it\/moduli\/organizzazione-e-servizio\/compiti\/funzioni-modulo-compiti\/panoramica-dei-compiti\/#breadcrumb","itemListElement":[{"@type":"ListItem","position":1,"name":"Home","item":"https:\/\/www.1tool.com\/it\/1tool-crm\/"},{"@type":"ListItem","position":2,"name":"Moduli","item":"https:\/\/www.1tool.com\/it\/module\/"},{"@type":"ListItem","position":3,"name":"Organizzazione e servizio","item":"https:\/\/www.1tool.com\/it\/moduli\/organizzazione-e-servizio\/"},{"@type":"ListItem","position":4,"name":"Compiti","item":"https:\/\/www.1tool.com\/it\/moduli\/organizzazione-e-servizio\/compiti\/"},{"@type":"ListItem","position":5,"name":"Funzioni Modulo Compiti","item":"https:\/\/www.1tool.com\/it\/moduli\/organizzazione-e-servizio\/compiti\/funzioni-modulo-compiti\/"},{"@type":"ListItem","position":6,"name":"Panoramica dei compiti"}]},{"@type":"WebSite","@id":"https:\/\/www.1tool.com\/it\/#website","url":"https:\/\/www.1tool.com\/it\/","name":"1Tool","description":"CRM","publisher":{"@id":"https:\/\/www.1tool.com\/it\/#organization"},"potentialAction":[{"@type":"SearchAction","target":{"@type":"EntryPoint","urlTemplate":"https:\/\/www.1tool.com\/it\/?s={search_term_string}"},"query-input":{"@type":"PropertyValueSpecification","valueRequired":true,"valueName":"search_term_string"}}],"inLanguage":"it-IT"},{"@type":"Organization","@id":"https:\/\/www.1tool.com\/it\/#organization","name":"1Tool","url":"https:\/\/www.1tool.com\/it\/","logo":{"@type":"ImageObject","inLanguage":"it-IT","@id":"https:\/\/www.1tool.com\/it\/#\/schema\/logo\/image\/","url":"https:\/\/www.1tool.com\/wp-content\/uploads\/2022\/04\/1tool-1.png","contentUrl":"https:\/\/www.1tool.com\/wp-content\/uploads\/2022\/04\/1tool-1.png","width":400,"height":150,"caption":"1Tool"},"image":{"@id":"https:\/\/www.1tool.com\/it\/#\/schema\/logo\/image\/"}}]}},"_links":{"self":[{"href":"https:\/\/www.1tool.com\/it\/wp-json\/wp\/v2\/pages\/76482","targetHints":{"allow":["GET"]}}],"collection":[{"href":"https:\/\/www.1tool.com\/it\/wp-json\/wp\/v2\/pages"}],"about":[{"href":"https:\/\/www.1tool.com\/it\/wp-json\/wp\/v2\/types\/page"}],"author":[{"embeddable":true,"href":"https:\/\/www.1tool.com\/it\/wp-json\/wp\/v2\/users\/1"}],"replies":[{"embeddable":true,"href":"https:\/\/www.1tool.com\/it\/wp-json\/wp\/v2\/comments?post=76482"}],"version-history":[{"count":1,"href":"https:\/\/www.1tool.com\/it\/wp-json\/wp\/v2\/pages\/76482\/revisions"}],"predecessor-version":[{"id":76485,"href":"https:\/\/www.1tool.com\/it\/wp-json\/wp\/v2\/pages\/76482\/revisions\/76485"}],"up":[{"embeddable":true,"href":"https:\/\/www.1tool.com\/it\/wp-json\/wp\/v2\/pages\/76327"}],"wp:attachment":[{"href":"https:\/\/www.1tool.com\/it\/wp-json\/wp\/v2\/media?parent=76482"}],"curies":[{"name":"wp","href":"https:\/\/api.w.org\/{rel}","templated":true}]}}