{"id":76486,"date":"2022-03-30T14:48:05","date_gmt":"2022-03-30T12:48:05","guid":{"rendered":"https:\/\/www.1tool.com\/funzioni-modulo-compiti\/tipi-di-attivita\/"},"modified":"2026-05-06T15:52:36","modified_gmt":"2026-05-06T13:52:36","slug":"tipi-di-attivita","status":"publish","type":"page","link":"https:\/\/www.1tool.com\/it\/moduli\/organizzazione-e-servizio\/compiti\/funzioni-modulo-compiti\/tipi-di-attivita\/","title":{"rendered":"Tipi di attivit\u00e0"},"content":{"rendered":"\t\t<div data-elementor-type=\"wp-page\" data-elementor-id=\"76486\" class=\"elementor elementor-76486 elementor-49171\" data-elementor-post-type=\"page\">\n\t\t\t\t\t\t<section class=\"elementor-section elementor-top-section elementor-element elementor-element-28760c0 elementor-section-boxed elementor-section-height-default elementor-section-height-default shadepro-adv-gradient-no shadepro-sticky-no\" data-id=\"28760c0\" data-element_type=\"section\" data-e-type=\"section\" data-settings=\"{&quot;shadepro_sticky&quot;:&quot;no&quot;}\">\n\t\t\t\t\t\t<div class=\"elementor-container elementor-column-gap-default\">\n\t\t\t\t\t<div class=\"elementor-column elementor-col-100 elementor-top-column elementor-element elementor-element-b1a3209\" data-id=\"b1a3209\" data-element_type=\"column\" data-e-type=\"column\">\n\t\t\t<div class=\"elementor-widget-wrap elementor-element-populated\">\n\t\t\t\t\t\t<div class=\"elementor-element elementor-element-791f75c shadepro-sticky-no elementor-widget elementor-widget-heading\" data-id=\"791f75c\" data-element_type=\"widget\" data-e-type=\"widget\" data-settings=\"{&quot;shadepro_sticky&quot;:&quot;no&quot;}\" data-widget_type=\"heading.default\">\n\t\t\t\t<div class=\"elementor-widget-container\">\n\t\t\t\t\t<h1 class=\"elementor-heading-title elementor-size-default\">Tipi di attivit\u00e0<\/h1>\t\t\t\t<\/div>\n\t\t\t\t<\/div>\n\t\t\t\t<div class=\"elementor-element elementor-element-4162851 shadepro-sticky-no elementor-widget elementor-widget-text-editor\" data-id=\"4162851\" data-element_type=\"widget\" data-e-type=\"widget\" data-settings=\"{&quot;shadepro_sticky&quot;:&quot;no&quot;}\" data-widget_type=\"text-editor.default\">\n\t\t\t\t<div class=\"elementor-widget-container\">\n\t\t\t\t\t\t\t\t\t<p>1Tool offre la possibilit\u00e0 di creare diversi tipi di attivit\u00e0 per ottenere una panoramica ottimale di tutte le attivit\u00e0 e garantire che vengano eseguite in modo efficiente.<\/p>\t\t\t\t\t\t\t\t<\/div>\n\t\t\t\t<\/div>\n\t\t\t\t<section class=\"elementor-section elementor-inner-section elementor-element elementor-element-4dd162e elementor-section-boxed elementor-section-height-default elementor-section-height-default shadepro-adv-gradient-no shadepro-sticky-no\" data-id=\"4dd162e\" data-element_type=\"section\" data-e-type=\"section\" data-settings=\"{&quot;shadepro_sticky&quot;:&quot;no&quot;}\">\n\t\t\t\t\t\t<div class=\"elementor-container elementor-column-gap-default\">\n\t\t\t\t\t<div class=\"elementor-column elementor-col-100 elementor-inner-column elementor-element elementor-element-bc289b6\" data-id=\"bc289b6\" data-element_type=\"column\" data-e-type=\"column\">\n\t\t\t<div class=\"elementor-widget-wrap elementor-element-populated\">\n\t\t\t\t\t\t<div class=\"elementor-element elementor-element-bdd0709 shadepro-sticky-no elementor-widget elementor-widget-text-editor\" data-id=\"bdd0709\" data-element_type=\"widget\" data-e-type=\"widget\" data-settings=\"{&quot;shadepro_sticky&quot;:&quot;no&quot;}\" data-widget_type=\"text-editor.default\">\n\t\t\t\t<div class=\"elementor-widget-container\">\n\t\t\t\t\t\t\t\t\t<h3>Tutti i compiti sono chiaramente strutturati<\/h3><p>In questo modo saprai subito qual \u00e8 l&#8217;attivit\u00e0 e come gestirla al meglio.<\/p><p> <\/p><h4>1Lo strumento distingue tra diversi tipi di attivit\u00e0<\/h4><ul><li><strong>Attivit\u00e0 di progetto<\/strong>: sono tutte le attivit\u00e0 che vengono create all&#8217;interno di un progetto (ad esempio, creare un disegno, eseguire una programmazione, ecc.)<\/li><li><strong>Attivit\u00e0 relative alle opportunit\u00e0 di vendita<\/strong>: si tratta di tutte le attivit\u00e0 che possono essere aggiunte alle offerte e alle opportunit\u00e0 di vendita (ad esempio, la creazione di un&#8217;offerta, la preparazione di una presentazione).<\/li><li><strong>Attivit\u00e0 dei contatti<\/strong>: queste attivit\u00e0 vengono aggiunte ai contatti (ad esempio, richiamare il cliente Maier, aggiornare il contenuto).<\/li><li><strong>Compiti personali<\/strong>: ogni dipendente ha la possibilit\u00e0 di creare i propri compiti che vede solo lui (ad esempio, elogiare il capo, apprezzare i fiori, ecc.)<\/li><\/ul>\t\t\t\t\t\t\t\t<\/div>\n\t\t\t\t<\/div>\n\t\t\t\t\t<\/div>\n\t\t<\/div>\n\t\t\t\t\t<\/div>\n\t\t<\/section>\n\t\t\t\t\t<\/div>\n\t\t<\/div>\n\t\t\t\t\t<\/div>\n\t\t<\/section>\n\t\t\t\t<\/div>\n\t\t","protected":false},"excerpt":{"rendered":"<p>Tipi di attivit\u00e0 1Tool offre la possibilit\u00e0 di creare diversi tipi di attivit\u00e0 per ottenere una panoramica ottimale di tutte le attivit\u00e0 e garantire che vengano eseguite in modo efficiente. Tutti i compiti sono chiaramente strutturati In questo modo saprai subito qual \u00e8 l&#8217;attivit\u00e0 e come gestirla al meglio. 1Lo strumento distingue tra diversi tipi [&hellip;]<\/p>\n","protected":false},"author":1,"featured_media":0,"parent":76327,"menu_order":0,"comment_status":"closed","ping_status":"closed","template":"","meta":{"inline_featured_image":false,"footnotes":""},"class_list":["post-76486","page","type-page","status-publish","hentry"],"acf":[],"yoast_head":"<!-- This site is optimized with the Yoast SEO plugin v27.5 - https:\/\/yoast.com\/product\/yoast-seo-wordpress\/ -->\n<title>Tipi di attivit\u00e0 - 1Tool<\/title>\n<meta name=\"robots\" content=\"index, follow, max-snippet:-1, max-image-preview:large, max-video-preview:-1\" \/>\n<link rel=\"canonical\" href=\"https:\/\/www.1tool.com\/it\/moduli\/organizzazione-e-servizio\/compiti\/funzioni-modulo-compiti\/tipi-di-attivita\/\" \/>\n<meta property=\"og:locale\" content=\"it_IT\" \/>\n<meta property=\"og:type\" content=\"article\" \/>\n<meta property=\"og:title\" content=\"Tipi di attivit\u00e0 - 1Tool\" \/>\n<meta property=\"og:description\" content=\"Tipi di attivit\u00e0 1Tool offre la possibilit\u00e0 di creare diversi tipi di attivit\u00e0 per ottenere una panoramica ottimale di tutte le attivit\u00e0 e garantire che vengano eseguite in modo efficiente. Tutti i compiti sono chiaramente strutturati In questo modo saprai subito qual \u00e8 l&#8217;attivit\u00e0 e come gestirla al meglio. 1Lo strumento distingue tra diversi tipi [&hellip;]\" \/>\n<meta property=\"og:url\" content=\"https:\/\/www.1tool.com\/it\/moduli\/organizzazione-e-servizio\/compiti\/funzioni-modulo-compiti\/tipi-di-attivita\/\" \/>\n<meta property=\"og:site_name\" content=\"1Tool\" \/>\n<meta property=\"article:modified_time\" content=\"2026-05-06T13:52:36+00:00\" \/>\n<meta name=\"twitter:card\" content=\"summary_large_image\" \/>\n<meta name=\"twitter:label1\" content=\"Tempo di lettura stimato\" \/>\n\t<meta name=\"twitter:data1\" content=\"1 minuto\" \/>\n<script type=\"application\/ld+json\" class=\"yoast-schema-graph\">{\"@context\":\"https:\\\/\\\/schema.org\",\"@graph\":[{\"@type\":\"WebPage\",\"@id\":\"https:\\\/\\\/www.1tool.com\\\/it\\\/moduli\\\/organizzazione-e-servizio\\\/compiti\\\/funzioni-modulo-compiti\\\/tipi-di-attivita\\\/\",\"url\":\"https:\\\/\\\/www.1tool.com\\\/it\\\/moduli\\\/organizzazione-e-servizio\\\/compiti\\\/funzioni-modulo-compiti\\\/tipi-di-attivita\\\/\",\"name\":\"Tipi di attivit\u00e0 - 1Tool\",\"isPartOf\":{\"@id\":\"https:\\\/\\\/www.1tool.com\\\/it\\\/#website\"},\"datePublished\":\"2022-03-30T12:48:05+00:00\",\"dateModified\":\"2026-05-06T13:52:36+00:00\",\"breadcrumb\":{\"@id\":\"https:\\\/\\\/www.1tool.com\\\/it\\\/moduli\\\/organizzazione-e-servizio\\\/compiti\\\/funzioni-modulo-compiti\\\/tipi-di-attivita\\\/#breadcrumb\"},\"inLanguage\":\"it-IT\",\"potentialAction\":[{\"@type\":\"ReadAction\",\"target\":[\"https:\\\/\\\/www.1tool.com\\\/it\\\/moduli\\\/organizzazione-e-servizio\\\/compiti\\\/funzioni-modulo-compiti\\\/tipi-di-attivita\\\/\"]}]},{\"@type\":\"BreadcrumbList\",\"@id\":\"https:\\\/\\\/www.1tool.com\\\/it\\\/moduli\\\/organizzazione-e-servizio\\\/compiti\\\/funzioni-modulo-compiti\\\/tipi-di-attivita\\\/#breadcrumb\",\"itemListElement\":[{\"@type\":\"ListItem\",\"position\":1,\"name\":\"Home\",\"item\":\"https:\\\/\\\/www.1tool.com\\\/it\\\/1tool-crm\\\/\"},{\"@type\":\"ListItem\",\"position\":2,\"name\":\"Moduli\",\"item\":\"https:\\\/\\\/www.1tool.com\\\/it\\\/module\\\/\"},{\"@type\":\"ListItem\",\"position\":3,\"name\":\"Organizzazione e servizio\",\"item\":\"https:\\\/\\\/www.1tool.com\\\/it\\\/moduli\\\/organizzazione-e-servizio\\\/\"},{\"@type\":\"ListItem\",\"position\":4,\"name\":\"Compiti\",\"item\":\"https:\\\/\\\/www.1tool.com\\\/it\\\/moduli\\\/organizzazione-e-servizio\\\/compiti\\\/\"},{\"@type\":\"ListItem\",\"position\":5,\"name\":\"Funzioni Modulo Compiti\",\"item\":\"https:\\\/\\\/www.1tool.com\\\/it\\\/moduli\\\/organizzazione-e-servizio\\\/compiti\\\/funzioni-modulo-compiti\\\/\"},{\"@type\":\"ListItem\",\"position\":6,\"name\":\"Tipi di attivit\u00e0\"}]},{\"@type\":\"WebSite\",\"@id\":\"https:\\\/\\\/www.1tool.com\\\/it\\\/#website\",\"url\":\"https:\\\/\\\/www.1tool.com\\\/it\\\/\",\"name\":\"1Tool\",\"description\":\"CRM\",\"publisher\":{\"@id\":\"https:\\\/\\\/www.1tool.com\\\/it\\\/#organization\"},\"potentialAction\":[{\"@type\":\"SearchAction\",\"target\":{\"@type\":\"EntryPoint\",\"urlTemplate\":\"https:\\\/\\\/www.1tool.com\\\/it\\\/?s={search_term_string}\"},\"query-input\":{\"@type\":\"PropertyValueSpecification\",\"valueRequired\":true,\"valueName\":\"search_term_string\"}}],\"inLanguage\":\"it-IT\"},{\"@type\":\"Organization\",\"@id\":\"https:\\\/\\\/www.1tool.com\\\/it\\\/#organization\",\"name\":\"1Tool\",\"url\":\"https:\\\/\\\/www.1tool.com\\\/it\\\/\",\"logo\":{\"@type\":\"ImageObject\",\"inLanguage\":\"it-IT\",\"@id\":\"https:\\\/\\\/www.1tool.com\\\/it\\\/#\\\/schema\\\/logo\\\/image\\\/\",\"url\":\"https:\\\/\\\/www.1tool.com\\\/wp-content\\\/uploads\\\/2022\\\/04\\\/1tool-1.png\",\"contentUrl\":\"https:\\\/\\\/www.1tool.com\\\/wp-content\\\/uploads\\\/2022\\\/04\\\/1tool-1.png\",\"width\":400,\"height\":150,\"caption\":\"1Tool\"},\"image\":{\"@id\":\"https:\\\/\\\/www.1tool.com\\\/it\\\/#\\\/schema\\\/logo\\\/image\\\/\"}}]}<\/script>\n<!-- \/ Yoast SEO plugin. -->","yoast_head_json":{"title":"Tipi di attivit\u00e0 - 1Tool","robots":{"index":"index","follow":"follow","max-snippet":"max-snippet:-1","max-image-preview":"max-image-preview:large","max-video-preview":"max-video-preview:-1"},"canonical":"https:\/\/www.1tool.com\/it\/moduli\/organizzazione-e-servizio\/compiti\/funzioni-modulo-compiti\/tipi-di-attivita\/","og_locale":"it_IT","og_type":"article","og_title":"Tipi di attivit\u00e0 - 1Tool","og_description":"Tipi di attivit\u00e0 1Tool offre la possibilit\u00e0 di creare diversi tipi di attivit\u00e0 per ottenere una panoramica ottimale di tutte le attivit\u00e0 e garantire che vengano eseguite in modo efficiente. Tutti i compiti sono chiaramente strutturati In questo modo saprai subito qual \u00e8 l&#8217;attivit\u00e0 e come gestirla al meglio. 1Lo strumento distingue tra diversi tipi [&hellip;]","og_url":"https:\/\/www.1tool.com\/it\/moduli\/organizzazione-e-servizio\/compiti\/funzioni-modulo-compiti\/tipi-di-attivita\/","og_site_name":"1Tool","article_modified_time":"2026-05-06T13:52:36+00:00","twitter_card":"summary_large_image","twitter_misc":{"Tempo di lettura stimato":"1 minuto"},"schema":{"@context":"https:\/\/schema.org","@graph":[{"@type":"WebPage","@id":"https:\/\/www.1tool.com\/it\/moduli\/organizzazione-e-servizio\/compiti\/funzioni-modulo-compiti\/tipi-di-attivita\/","url":"https:\/\/www.1tool.com\/it\/moduli\/organizzazione-e-servizio\/compiti\/funzioni-modulo-compiti\/tipi-di-attivita\/","name":"Tipi di attivit\u00e0 - 1Tool","isPartOf":{"@id":"https:\/\/www.1tool.com\/it\/#website"},"datePublished":"2022-03-30T12:48:05+00:00","dateModified":"2026-05-06T13:52:36+00:00","breadcrumb":{"@id":"https:\/\/www.1tool.com\/it\/moduli\/organizzazione-e-servizio\/compiti\/funzioni-modulo-compiti\/tipi-di-attivita\/#breadcrumb"},"inLanguage":"it-IT","potentialAction":[{"@type":"ReadAction","target":["https:\/\/www.1tool.com\/it\/moduli\/organizzazione-e-servizio\/compiti\/funzioni-modulo-compiti\/tipi-di-attivita\/"]}]},{"@type":"BreadcrumbList","@id":"https:\/\/www.1tool.com\/it\/moduli\/organizzazione-e-servizio\/compiti\/funzioni-modulo-compiti\/tipi-di-attivita\/#breadcrumb","itemListElement":[{"@type":"ListItem","position":1,"name":"Home","item":"https:\/\/www.1tool.com\/it\/1tool-crm\/"},{"@type":"ListItem","position":2,"name":"Moduli","item":"https:\/\/www.1tool.com\/it\/module\/"},{"@type":"ListItem","position":3,"name":"Organizzazione e servizio","item":"https:\/\/www.1tool.com\/it\/moduli\/organizzazione-e-servizio\/"},{"@type":"ListItem","position":4,"name":"Compiti","item":"https:\/\/www.1tool.com\/it\/moduli\/organizzazione-e-servizio\/compiti\/"},{"@type":"ListItem","position":5,"name":"Funzioni Modulo Compiti","item":"https:\/\/www.1tool.com\/it\/moduli\/organizzazione-e-servizio\/compiti\/funzioni-modulo-compiti\/"},{"@type":"ListItem","position":6,"name":"Tipi di attivit\u00e0"}]},{"@type":"WebSite","@id":"https:\/\/www.1tool.com\/it\/#website","url":"https:\/\/www.1tool.com\/it\/","name":"1Tool","description":"CRM","publisher":{"@id":"https:\/\/www.1tool.com\/it\/#organization"},"potentialAction":[{"@type":"SearchAction","target":{"@type":"EntryPoint","urlTemplate":"https:\/\/www.1tool.com\/it\/?s={search_term_string}"},"query-input":{"@type":"PropertyValueSpecification","valueRequired":true,"valueName":"search_term_string"}}],"inLanguage":"it-IT"},{"@type":"Organization","@id":"https:\/\/www.1tool.com\/it\/#organization","name":"1Tool","url":"https:\/\/www.1tool.com\/it\/","logo":{"@type":"ImageObject","inLanguage":"it-IT","@id":"https:\/\/www.1tool.com\/it\/#\/schema\/logo\/image\/","url":"https:\/\/www.1tool.com\/wp-content\/uploads\/2022\/04\/1tool-1.png","contentUrl":"https:\/\/www.1tool.com\/wp-content\/uploads\/2022\/04\/1tool-1.png","width":400,"height":150,"caption":"1Tool"},"image":{"@id":"https:\/\/www.1tool.com\/it\/#\/schema\/logo\/image\/"}}]}},"_links":{"self":[{"href":"https:\/\/www.1tool.com\/it\/wp-json\/wp\/v2\/pages\/76486","targetHints":{"allow":["GET"]}}],"collection":[{"href":"https:\/\/www.1tool.com\/it\/wp-json\/wp\/v2\/pages"}],"about":[{"href":"https:\/\/www.1tool.com\/it\/wp-json\/wp\/v2\/types\/page"}],"author":[{"embeddable":true,"href":"https:\/\/www.1tool.com\/it\/wp-json\/wp\/v2\/users\/1"}],"replies":[{"embeddable":true,"href":"https:\/\/www.1tool.com\/it\/wp-json\/wp\/v2\/comments?post=76486"}],"version-history":[{"count":1,"href":"https:\/\/www.1tool.com\/it\/wp-json\/wp\/v2\/pages\/76486\/revisions"}],"predecessor-version":[{"id":76493,"href":"https:\/\/www.1tool.com\/it\/wp-json\/wp\/v2\/pages\/76486\/revisions\/76493"}],"up":[{"embeddable":true,"href":"https:\/\/www.1tool.com\/it\/wp-json\/wp\/v2\/pages\/76327"}],"wp:attachment":[{"href":"https:\/\/www.1tool.com\/it\/wp-json\/wp\/v2\/media?parent=76486"}],"curies":[{"name":"wp","href":"https:\/\/api.w.org\/{rel}","templated":true}]}}