{"id":76599,"date":"2022-03-30T18:38:09","date_gmt":"2022-03-30T16:38:09","guid":{"rendered":"https:\/\/www.1tool.com\/funzioni-modulo-wiki\/gestione-della-conoscenza\/"},"modified":"2026-05-06T15:53:59","modified_gmt":"2026-05-06T13:53:59","slug":"gestione-della-conoscenza","status":"publish","type":"page","link":"https:\/\/www.1tool.com\/it\/moduli\/organizzazione-e-servizio\/wiki\/funzioni-modulo-wiki\/gestione-della-conoscenza\/","title":{"rendered":"Gestione della conoscenza"},"content":{"rendered":"\t\t<div data-elementor-type=\"wp-page\" data-elementor-id=\"76599\" class=\"elementor elementor-76599 elementor-49508\" data-elementor-post-type=\"page\">\n\t\t\t\t\t\t<section class=\"elementor-section elementor-top-section elementor-element elementor-element-98e69aa elementor-section-boxed elementor-section-height-default elementor-section-height-default shadepro-adv-gradient-no shadepro-sticky-no\" data-id=\"98e69aa\" data-element_type=\"section\" data-e-type=\"section\" data-settings=\"{&quot;shadepro_sticky&quot;:&quot;no&quot;}\">\n\t\t\t\t\t\t<div class=\"elementor-container elementor-column-gap-default\">\n\t\t\t\t\t<div class=\"elementor-column elementor-col-100 elementor-top-column elementor-element elementor-element-d1a9a1c\" data-id=\"d1a9a1c\" data-element_type=\"column\" data-e-type=\"column\">\n\t\t\t<div class=\"elementor-widget-wrap elementor-element-populated\">\n\t\t\t\t\t\t<div class=\"elementor-element elementor-element-4bded40 shadepro-sticky-no elementor-widget elementor-widget-heading\" data-id=\"4bded40\" data-element_type=\"widget\" data-e-type=\"widget\" data-settings=\"{&quot;shadepro_sticky&quot;:&quot;no&quot;}\" data-widget_type=\"heading.default\">\n\t\t\t\t<div class=\"elementor-widget-container\">\n\t\t\t\t\t<h1 class=\"elementor-heading-title elementor-size-default\">Gestione della conoscenza<\/h1>\t\t\t\t<\/div>\n\t\t\t\t<\/div>\n\t\t\t\t<div class=\"elementor-element elementor-element-7ec711c shadepro-sticky-no elementor-widget elementor-widget-text-editor\" data-id=\"7ec711c\" data-element_type=\"widget\" data-e-type=\"widget\" data-settings=\"{&quot;shadepro_sticky&quot;:&quot;no&quot;}\" data-widget_type=\"text-editor.default\">\n\t\t\t\t<div class=\"elementor-widget-container\">\n\t\t\t\t\t\t\t\t\t<p>Un servizio clienti migliore grazie all&#8217;ottimizzazione della gestione delle informazioni<\/p>\t\t\t\t\t\t\t\t<\/div>\n\t\t\t\t<\/div>\n\t\t\t\t<section class=\"elementor-section elementor-inner-section elementor-element elementor-element-08c7487 elementor-section-boxed elementor-section-height-default elementor-section-height-default shadepro-adv-gradient-no shadepro-sticky-no\" data-id=\"08c7487\" data-element_type=\"section\" data-e-type=\"section\" data-settings=\"{&quot;shadepro_sticky&quot;:&quot;no&quot;}\">\n\t\t\t\t\t\t<div class=\"elementor-container elementor-column-gap-default\">\n\t\t\t\t\t<div class=\"elementor-column elementor-col-100 elementor-inner-column elementor-element elementor-element-b0bb598\" data-id=\"b0bb598\" data-element_type=\"column\" data-e-type=\"column\">\n\t\t\t<div class=\"elementor-widget-wrap elementor-element-populated\">\n\t\t\t\t\t\t<div class=\"elementor-element elementor-element-4620b3f shadepro-sticky-no elementor-widget elementor-widget-text-editor\" data-id=\"4620b3f\" data-element_type=\"widget\" data-e-type=\"widget\" data-settings=\"{&quot;shadepro_sticky&quot;:&quot;no&quot;}\" data-widget_type=\"text-editor.default\">\n\t\t\t\t<div class=\"elementor-widget-container\">\n\t\t\t\t\t\t\t\t\t<h3>Gestione della conoscenza professionale<\/h3><p>Il modulo Wiki di 1Tool \u00e8 uno strumento di conoscenza e collaborazione moderno e sofisticato. L&#8217;ampio set di funzionalit\u00e0, l&#8217;interfaccia utente intuitiva, il potente editor di testo ricco e il continuo sviluppo rendono la soluzione altamente performante, facile da usare, versatile e una base per un&#8217;autentica collaborazione digitale in tutta l&#8217;azienda. <\/p><h3>Una base di conoscenze facile da usare per la tua azienda<\/h3><p>Il modulo Wiki di 1Tool contiene funzionalit\u00e0 centrali per l&#8217;amministrazione di articoli, raccolte e contatti, ovvero tutto ci\u00f2 che ha a che fare con una perfetta gestione della conoscenza. Il contenuto delle pagine pu\u00f2 essere facilmente modificato, si possono creare nuove pagine e si possono creare collegamenti tra le pagine. \u00c8 disponibile anche la cronologia delle versioni, che tiene a disposizione tutte le versioni di un testo.  <\/p><p>La facilit\u00e0 d&#8217;uso della soluzione aumenta la volont\u00e0 dei dipendenti di utilizzare il wiki per il loro lavoro quotidiano e riduce le barriere al trasferimento delle conoscenze, sia quando si entra in azienda sia quando si familiarizza con nuove aree di responsabilit\u00e0.<\/p><h3>Trasferimento di conoscenze tra sedi diverse<\/h3><p>Con il software Wiki di 1Tool puoi utilizzare le conoscenze in modo mirato all&#8217;interno dell&#8217;azienda e renderle trasparenti e facilmente accessibili ai tuoi dipendenti in tutti i reparti e in tutta l&#8217;azienda. Oltre all&#8217;enorme potenziale di risparmio nella ricerca di documenti, informazioni e dati importanti, tu e i tuoi dipendenti potrete beneficiare di canali di comunicazione significativamente pi\u00f9 brevi. <\/p><p>Puoi anche utilizzare le assegnazioni e le autorizzazioni per garantire facilmente che tutti i dipendenti, i reparti e cos\u00ec via abbiano accesso alle risorse necessarie per risolvere i problemi e le richieste dei clienti. Puoi anche utilizzare le assegnazioni e le autorizzazioni per garantire facilmente che tutti i dipendenti, i reparti e cos\u00ec via abbiano accesso alle risorse necessarie per risolvere i problemi e le richieste dei clienti.<\/p><h3>Un unico database di conoscenze per pi\u00f9 formati<\/h3><p>Con pochi clic, il database delle conoscenze di 1Tool \u00e8 pronto per l&#8217;archiviazione di qualsiasi informazione, come linee guida, liste di controllo, istruzioni e molto altro. Puoi personalizzare queste informazioni in base alle tue esigenze e al tuo gruppo target.  Da semplici articoli di testo, immagini, tabelle e icone a video e mappe, le conoscenze della tua azienda possono essere presentate in modo facilmente comprensibile per dipendenti, clienti e partner.<\/p><p>Oltre alla ricerca semplificata per parole chiave e categorie, i documenti importanti possono essere scaricati direttamente in formato PDF per essere stampati o inviati via e-mail.<\/p><h3>I principali vantaggi del software di gestione della conoscenza 1Tool<\/h3><h4>1. aumento sostenibile delle prestazioni<\/h4><p>Grazie alla possibilit\u00e0 di utilizzare 1Tool Wiki per acquisire conoscenze preziose con la semplice pressione di un tasto e renderle accessibili ai dipendenti in un&#8217;unica posizione centrale, potrai aumentare in modo duraturo le prestazioni e la qualit\u00e0 del servizio.<\/p><h4>2. trasferimento efficiente delle conoscenze<\/h4><p>Un database di conoscenze come la soluzione 1Tool supporta lo scambio efficiente di conoscenze tra i dipendenti e offre l&#8217;opportunit\u00e0 di imparare dai colleghi pi\u00f9 esperti o di conservare importanti conoscenze all&#8217;interno dell&#8217;azienda, anche se i dipendenti lasciano l&#8217;organizzazione, ad esempio per pensionamento.<\/p><h4>3. accesso indipendente dalla posizione e dal tempo<\/h4><p>Grazie all&#8217;interfaccia web di 1Tool Wiki, anche i dipendenti sul campo o che lavorano da casa possono accedere al database delle conoscenze in qualsiasi momento e portare avanti il loro lavoro con l&#8217;aiuto dei report archiviati, della documentazione ecc.<\/p>\t\t\t\t\t\t\t\t<\/div>\n\t\t\t\t<\/div>\n\t\t\t\t\t<\/div>\n\t\t<\/div>\n\t\t\t\t\t<\/div>\n\t\t<\/section>\n\t\t\t\t\t<\/div>\n\t\t<\/div>\n\t\t\t\t\t<\/div>\n\t\t<\/section>\n\t\t\t\t<\/div>\n\t\t","protected":false},"excerpt":{"rendered":"<p>Gestione della conoscenza Un servizio clienti migliore grazie all&#8217;ottimizzazione della gestione delle informazioni Gestione della conoscenza professionale Il modulo Wiki di 1Tool \u00e8 uno strumento di conoscenza e collaborazione moderno e sofisticato. L&#8217;ampio set di funzionalit\u00e0, l&#8217;interfaccia utente intuitiva, il potente editor di testo ricco e il continuo sviluppo rendono la soluzione altamente performante, facile [&hellip;]<\/p>\n","protected":false},"author":1,"featured_media":0,"parent":76538,"menu_order":0,"comment_status":"closed","ping_status":"closed","template":"","meta":{"inline_featured_image":false,"footnotes":""},"class_list":["post-76599","page","type-page","status-publish","hentry"],"acf":[],"yoast_head":"<!-- This site is optimized with the Yoast SEO plugin v27.5 - https:\/\/yoast.com\/product\/yoast-seo-wordpress\/ -->\n<title>Gestione della conoscenza - 1Tool<\/title>\n<meta name=\"robots\" content=\"index, follow, max-snippet:-1, max-image-preview:large, max-video-preview:-1\" \/>\n<link rel=\"canonical\" href=\"https:\/\/www.1tool.com\/it\/moduli\/organizzazione-e-servizio\/wiki\/funzioni-modulo-wiki\/gestione-della-conoscenza\/\" \/>\n<meta property=\"og:locale\" content=\"it_IT\" \/>\n<meta property=\"og:type\" content=\"article\" \/>\n<meta property=\"og:title\" content=\"Gestione della conoscenza - 1Tool\" \/>\n<meta property=\"og:description\" content=\"Gestione della conoscenza Un servizio clienti migliore grazie all&#8217;ottimizzazione della gestione delle informazioni Gestione della conoscenza professionale Il modulo Wiki di 1Tool \u00e8 uno strumento di conoscenza e collaborazione moderno e sofisticato. L&#8217;ampio set di funzionalit\u00e0, l&#8217;interfaccia utente intuitiva, il potente editor di testo ricco e il continuo sviluppo rendono la soluzione altamente performante, facile [&hellip;]\" \/>\n<meta property=\"og:url\" content=\"https:\/\/www.1tool.com\/it\/moduli\/organizzazione-e-servizio\/wiki\/funzioni-modulo-wiki\/gestione-della-conoscenza\/\" \/>\n<meta property=\"og:site_name\" content=\"1Tool\" \/>\n<meta property=\"article:modified_time\" content=\"2026-05-06T13:53:59+00:00\" \/>\n<meta name=\"twitter:card\" content=\"summary_large_image\" \/>\n<meta name=\"twitter:label1\" content=\"Tempo di lettura stimato\" \/>\n\t<meta name=\"twitter:data1\" content=\"3 minuti\" \/>\n<script type=\"application\/ld+json\" class=\"yoast-schema-graph\">{\"@context\":\"https:\\\/\\\/schema.org\",\"@graph\":[{\"@type\":\"WebPage\",\"@id\":\"https:\\\/\\\/www.1tool.com\\\/it\\\/moduli\\\/organizzazione-e-servizio\\\/wiki\\\/funzioni-modulo-wiki\\\/gestione-della-conoscenza\\\/\",\"url\":\"https:\\\/\\\/www.1tool.com\\\/it\\\/moduli\\\/organizzazione-e-servizio\\\/wiki\\\/funzioni-modulo-wiki\\\/gestione-della-conoscenza\\\/\",\"name\":\"Gestione della conoscenza - 1Tool\",\"isPartOf\":{\"@id\":\"https:\\\/\\\/www.1tool.com\\\/it\\\/#website\"},\"datePublished\":\"2022-03-30T16:38:09+00:00\",\"dateModified\":\"2026-05-06T13:53:59+00:00\",\"breadcrumb\":{\"@id\":\"https:\\\/\\\/www.1tool.com\\\/it\\\/moduli\\\/organizzazione-e-servizio\\\/wiki\\\/funzioni-modulo-wiki\\\/gestione-della-conoscenza\\\/#breadcrumb\"},\"inLanguage\":\"it-IT\",\"potentialAction\":[{\"@type\":\"ReadAction\",\"target\":[\"https:\\\/\\\/www.1tool.com\\\/it\\\/moduli\\\/organizzazione-e-servizio\\\/wiki\\\/funzioni-modulo-wiki\\\/gestione-della-conoscenza\\\/\"]}]},{\"@type\":\"BreadcrumbList\",\"@id\":\"https:\\\/\\\/www.1tool.com\\\/it\\\/moduli\\\/organizzazione-e-servizio\\\/wiki\\\/funzioni-modulo-wiki\\\/gestione-della-conoscenza\\\/#breadcrumb\",\"itemListElement\":[{\"@type\":\"ListItem\",\"position\":1,\"name\":\"Home\",\"item\":\"https:\\\/\\\/www.1tool.com\\\/it\\\/1tool-crm\\\/\"},{\"@type\":\"ListItem\",\"position\":2,\"name\":\"Moduli\",\"item\":\"https:\\\/\\\/www.1tool.com\\\/it\\\/module\\\/\"},{\"@type\":\"ListItem\",\"position\":3,\"name\":\"Organizzazione e servizio\",\"item\":\"https:\\\/\\\/www.1tool.com\\\/it\\\/moduli\\\/organizzazione-e-servizio\\\/\"},{\"@type\":\"ListItem\",\"position\":4,\"name\":\"Wiki\",\"item\":\"https:\\\/\\\/www.1tool.com\\\/it\\\/moduli\\\/organizzazione-e-servizio\\\/wiki\\\/\"},{\"@type\":\"ListItem\",\"position\":5,\"name\":\"Funzioni Modulo Wiki\",\"item\":\"https:\\\/\\\/www.1tool.com\\\/it\\\/moduli\\\/organizzazione-e-servizio\\\/wiki\\\/funzioni-modulo-wiki\\\/\"},{\"@type\":\"ListItem\",\"position\":6,\"name\":\"Gestione della conoscenza\"}]},{\"@type\":\"WebSite\",\"@id\":\"https:\\\/\\\/www.1tool.com\\\/it\\\/#website\",\"url\":\"https:\\\/\\\/www.1tool.com\\\/it\\\/\",\"name\":\"1Tool\",\"description\":\"CRM\",\"publisher\":{\"@id\":\"https:\\\/\\\/www.1tool.com\\\/it\\\/#organization\"},\"potentialAction\":[{\"@type\":\"SearchAction\",\"target\":{\"@type\":\"EntryPoint\",\"urlTemplate\":\"https:\\\/\\\/www.1tool.com\\\/it\\\/?s={search_term_string}\"},\"query-input\":{\"@type\":\"PropertyValueSpecification\",\"valueRequired\":true,\"valueName\":\"search_term_string\"}}],\"inLanguage\":\"it-IT\"},{\"@type\":\"Organization\",\"@id\":\"https:\\\/\\\/www.1tool.com\\\/it\\\/#organization\",\"name\":\"1Tool\",\"url\":\"https:\\\/\\\/www.1tool.com\\\/it\\\/\",\"logo\":{\"@type\":\"ImageObject\",\"inLanguage\":\"it-IT\",\"@id\":\"https:\\\/\\\/www.1tool.com\\\/it\\\/#\\\/schema\\\/logo\\\/image\\\/\",\"url\":\"https:\\\/\\\/www.1tool.com\\\/wp-content\\\/uploads\\\/2022\\\/04\\\/1tool-1.png\",\"contentUrl\":\"https:\\\/\\\/www.1tool.com\\\/wp-content\\\/uploads\\\/2022\\\/04\\\/1tool-1.png\",\"width\":400,\"height\":150,\"caption\":\"1Tool\"},\"image\":{\"@id\":\"https:\\\/\\\/www.1tool.com\\\/it\\\/#\\\/schema\\\/logo\\\/image\\\/\"}}]}<\/script>\n<!-- \/ Yoast SEO plugin. -->","yoast_head_json":{"title":"Gestione della conoscenza - 1Tool","robots":{"index":"index","follow":"follow","max-snippet":"max-snippet:-1","max-image-preview":"max-image-preview:large","max-video-preview":"max-video-preview:-1"},"canonical":"https:\/\/www.1tool.com\/it\/moduli\/organizzazione-e-servizio\/wiki\/funzioni-modulo-wiki\/gestione-della-conoscenza\/","og_locale":"it_IT","og_type":"article","og_title":"Gestione della conoscenza - 1Tool","og_description":"Gestione della conoscenza Un servizio clienti migliore grazie all&#8217;ottimizzazione della gestione delle informazioni Gestione della conoscenza professionale Il modulo Wiki di 1Tool \u00e8 uno strumento di conoscenza e collaborazione moderno e sofisticato. L&#8217;ampio set di funzionalit\u00e0, l&#8217;interfaccia utente intuitiva, il potente editor di testo ricco e il continuo sviluppo rendono la soluzione altamente performante, facile [&hellip;]","og_url":"https:\/\/www.1tool.com\/it\/moduli\/organizzazione-e-servizio\/wiki\/funzioni-modulo-wiki\/gestione-della-conoscenza\/","og_site_name":"1Tool","article_modified_time":"2026-05-06T13:53:59+00:00","twitter_card":"summary_large_image","twitter_misc":{"Tempo di lettura stimato":"3 minuti"},"schema":{"@context":"https:\/\/schema.org","@graph":[{"@type":"WebPage","@id":"https:\/\/www.1tool.com\/it\/moduli\/organizzazione-e-servizio\/wiki\/funzioni-modulo-wiki\/gestione-della-conoscenza\/","url":"https:\/\/www.1tool.com\/it\/moduli\/organizzazione-e-servizio\/wiki\/funzioni-modulo-wiki\/gestione-della-conoscenza\/","name":"Gestione della conoscenza - 1Tool","isPartOf":{"@id":"https:\/\/www.1tool.com\/it\/#website"},"datePublished":"2022-03-30T16:38:09+00:00","dateModified":"2026-05-06T13:53:59+00:00","breadcrumb":{"@id":"https:\/\/www.1tool.com\/it\/moduli\/organizzazione-e-servizio\/wiki\/funzioni-modulo-wiki\/gestione-della-conoscenza\/#breadcrumb"},"inLanguage":"it-IT","potentialAction":[{"@type":"ReadAction","target":["https:\/\/www.1tool.com\/it\/moduli\/organizzazione-e-servizio\/wiki\/funzioni-modulo-wiki\/gestione-della-conoscenza\/"]}]},{"@type":"BreadcrumbList","@id":"https:\/\/www.1tool.com\/it\/moduli\/organizzazione-e-servizio\/wiki\/funzioni-modulo-wiki\/gestione-della-conoscenza\/#breadcrumb","itemListElement":[{"@type":"ListItem","position":1,"name":"Home","item":"https:\/\/www.1tool.com\/it\/1tool-crm\/"},{"@type":"ListItem","position":2,"name":"Moduli","item":"https:\/\/www.1tool.com\/it\/module\/"},{"@type":"ListItem","position":3,"name":"Organizzazione e servizio","item":"https:\/\/www.1tool.com\/it\/moduli\/organizzazione-e-servizio\/"},{"@type":"ListItem","position":4,"name":"Wiki","item":"https:\/\/www.1tool.com\/it\/moduli\/organizzazione-e-servizio\/wiki\/"},{"@type":"ListItem","position":5,"name":"Funzioni Modulo Wiki","item":"https:\/\/www.1tool.com\/it\/moduli\/organizzazione-e-servizio\/wiki\/funzioni-modulo-wiki\/"},{"@type":"ListItem","position":6,"name":"Gestione della conoscenza"}]},{"@type":"WebSite","@id":"https:\/\/www.1tool.com\/it\/#website","url":"https:\/\/www.1tool.com\/it\/","name":"1Tool","description":"CRM","publisher":{"@id":"https:\/\/www.1tool.com\/it\/#organization"},"potentialAction":[{"@type":"SearchAction","target":{"@type":"EntryPoint","urlTemplate":"https:\/\/www.1tool.com\/it\/?s={search_term_string}"},"query-input":{"@type":"PropertyValueSpecification","valueRequired":true,"valueName":"search_term_string"}}],"inLanguage":"it-IT"},{"@type":"Organization","@id":"https:\/\/www.1tool.com\/it\/#organization","name":"1Tool","url":"https:\/\/www.1tool.com\/it\/","logo":{"@type":"ImageObject","inLanguage":"it-IT","@id":"https:\/\/www.1tool.com\/it\/#\/schema\/logo\/image\/","url":"https:\/\/www.1tool.com\/wp-content\/uploads\/2022\/04\/1tool-1.png","contentUrl":"https:\/\/www.1tool.com\/wp-content\/uploads\/2022\/04\/1tool-1.png","width":400,"height":150,"caption":"1Tool"},"image":{"@id":"https:\/\/www.1tool.com\/it\/#\/schema\/logo\/image\/"}}]}},"_links":{"self":[{"href":"https:\/\/www.1tool.com\/it\/wp-json\/wp\/v2\/pages\/76599","targetHints":{"allow":["GET"]}}],"collection":[{"href":"https:\/\/www.1tool.com\/it\/wp-json\/wp\/v2\/pages"}],"about":[{"href":"https:\/\/www.1tool.com\/it\/wp-json\/wp\/v2\/types\/page"}],"author":[{"embeddable":true,"href":"https:\/\/www.1tool.com\/it\/wp-json\/wp\/v2\/users\/1"}],"replies":[{"embeddable":true,"href":"https:\/\/www.1tool.com\/it\/wp-json\/wp\/v2\/comments?post=76599"}],"version-history":[{"count":1,"href":"https:\/\/www.1tool.com\/it\/wp-json\/wp\/v2\/pages\/76599\/revisions"}],"predecessor-version":[{"id":76601,"href":"https:\/\/www.1tool.com\/it\/wp-json\/wp\/v2\/pages\/76599\/revisions\/76601"}],"up":[{"embeddable":true,"href":"https:\/\/www.1tool.com\/it\/wp-json\/wp\/v2\/pages\/76538"}],"wp:attachment":[{"href":"https:\/\/www.1tool.com\/it\/wp-json\/wp\/v2\/media?parent=76599"}],"curies":[{"name":"wp","href":"https:\/\/api.w.org\/{rel}","templated":true}]}}