{"id":76603,"date":"2022-03-30T18:36:45","date_gmt":"2022-03-30T16:36:45","guid":{"rendered":"https:\/\/www.1tool.com\/funzioni-modulo-wiki\/elearning\/"},"modified":"2026-05-06T15:53:59","modified_gmt":"2026-05-06T13:53:59","slug":"elearning","status":"publish","type":"page","link":"https:\/\/www.1tool.com\/it\/moduli\/organizzazione-e-servizio\/wiki\/funzioni-modulo-wiki\/elearning\/","title":{"rendered":"eLearning"},"content":{"rendered":"\t\t<div data-elementor-type=\"wp-page\" data-elementor-id=\"76603\" class=\"elementor elementor-76603 elementor-49500\" data-elementor-post-type=\"page\">\n\t\t\t\t\t\t<section class=\"elementor-section elementor-top-section elementor-element elementor-element-b445b27 elementor-section-boxed elementor-section-height-default elementor-section-height-default shadepro-adv-gradient-no shadepro-sticky-no\" data-id=\"b445b27\" data-element_type=\"section\" data-e-type=\"section\" data-settings=\"{&quot;shadepro_sticky&quot;:&quot;no&quot;}\">\n\t\t\t\t\t\t<div class=\"elementor-container elementor-column-gap-default\">\n\t\t\t\t\t<div class=\"elementor-column elementor-col-100 elementor-top-column elementor-element elementor-element-07920bd\" data-id=\"07920bd\" data-element_type=\"column\" data-e-type=\"column\">\n\t\t\t<div class=\"elementor-widget-wrap elementor-element-populated\">\n\t\t\t\t\t\t<div class=\"elementor-element elementor-element-da24ecd shadepro-sticky-no elementor-widget elementor-widget-heading\" data-id=\"da24ecd\" data-element_type=\"widget\" data-e-type=\"widget\" data-settings=\"{&quot;shadepro_sticky&quot;:&quot;no&quot;}\" data-widget_type=\"heading.default\">\n\t\t\t\t<div class=\"elementor-widget-container\">\n\t\t\t\t\t<h1 class=\"elementor-heading-title elementor-size-default\">eLearning<\/h1>\t\t\t\t<\/div>\n\t\t\t\t<\/div>\n\t\t\t\t<div class=\"elementor-element elementor-element-637df97 shadepro-sticky-no elementor-widget elementor-widget-text-editor\" data-id=\"637df97\" data-element_type=\"widget\" data-e-type=\"widget\" data-settings=\"{&quot;shadepro_sticky&quot;:&quot;no&quot;}\" data-widget_type=\"text-editor.default\">\n\t\t\t\t<div class=\"elementor-widget-container\">\n\t\t\t\t\t\t\t\t\t<p>Lo scambio di conoscenze in rete e l&#8217;accesso flessibile ai contenuti didattici giocano un ruolo fondamentale in molte aziende e organizzazioni quando si tratta di perfezionare la formazione dei propri dipendenti e membri.<\/p>\t\t\t\t\t\t\t\t<\/div>\n\t\t\t\t<\/div>\n\t\t\t\t<section class=\"elementor-section elementor-inner-section elementor-element elementor-element-e72f4cb elementor-section-boxed elementor-section-height-default elementor-section-height-default shadepro-adv-gradient-no shadepro-sticky-no\" data-id=\"e72f4cb\" data-element_type=\"section\" data-e-type=\"section\" data-settings=\"{&quot;shadepro_sticky&quot;:&quot;no&quot;}\">\n\t\t\t\t\t\t<div class=\"elementor-container elementor-column-gap-default\">\n\t\t\t\t\t<div class=\"elementor-column elementor-col-100 elementor-inner-column elementor-element elementor-element-0056df0\" data-id=\"0056df0\" data-element_type=\"column\" data-e-type=\"column\">\n\t\t\t<div class=\"elementor-widget-wrap elementor-element-populated\">\n\t\t\t\t\t\t<div class=\"elementor-element elementor-element-ac56549 shadepro-sticky-no elementor-widget elementor-widget-text-editor\" data-id=\"ac56549\" data-element_type=\"widget\" data-e-type=\"widget\" data-settings=\"{&quot;shadepro_sticky&quot;:&quot;no&quot;}\" data-widget_type=\"text-editor.default\">\n\t\t\t\t<div class=\"elementor-widget-container\">\n\t\t\t\t\t\t\t\t\t<h3>Formazione continua per tutta l&#8217;azienda<\/h3><p>Dovrebbe essere data loro l&#8217;opportunit\u00e0 di ampliare le proprie conoscenze e qualifiche online, indipendentemente dall&#8217;orario e dal luogo, in modo che ciascuno possa personalizzare il tempo di apprendimento in base alla propria routine quotidiana e alla propria velocit\u00e0 di apprendimento. Il successo di un sistema di eLearning efficiente non sta solo nella diffusione capillare e nella presentazione accattivante dei contenuti didattici, ma anche nel monitoraggio del successo dell&#8217;apprendimento. <\/p><p>Il modulo eLearning di 1Tool garantisce un efficace trasferimento delle conoscenze in azienda e la necessaria interazione di varie tecnologie per poter offrire ai tuoi dipendenti servizi di formazione ottimali.<\/p><p>Ad esempio, \u00e8 stata creata un&#8217;interfaccia tra Open edX, una piattaforma open source per i corsi online, e 1Tool. Ci\u00f2 significa che i dipendenti di un&#8217;azienda o i membri di un&#8217;organizzazione, cos\u00ec come i corsi da completare, possono essere facilmente gestiti tramite 1Tool. I corsi sono disponibili come moduli basati sul web attraverso la piattaforma edX.  <\/p><p>Grazie alla perfetta integrazione di 1Tool nel Learning Management System (LMS) di Open edX, i contatti creati in 1Tool possono facilmente accedere alla piattaforma e ai corsi online. L&#8217;1Tool pu\u00f2 anche essere utilizzato per definire quali persone devono avere accesso a quali corsi, in modo che solo queste appaiano quando si accede alla piattaforma. <\/p><p>Un importante vantaggio del <strong>programma eLearning di 1Tool <\/strong>\u00e8 la possibilit\u00e0 di controllare lo stato di apprendimento degli individui. Anche in questo caso, l&#8217;interazione ottimale tra 1Tool e Open edX LMS garantisce una facile registrazione dello stato di formazione. Questo include la tenuta di un registro in 1Tool, che mostra esattamente lo stato di avanzamento di ogni singolo modulo di apprendimento e quali contenuti non sono ancora stati completati. Non appena i contatti accedono alla piattaforma di apprendimento e completano un corso, questo viene comunicato a 1Tool tramite Open edX e memorizzato nel software. Inoltre, l&#8217;<g id=\"gid_1\">interfaccia tra 1Tool ed edX<\/g> funziona anche come un efficiente <g id=\"gid_2\">strumento di valutazione<\/g> che le aziende e le organizzazioni possono utilizzare per interrogare il livello di conoscenza dei loro membri.    <\/p><p>1Tool ti permette di utilizzare il modulo eLearning per pubblicare le conoscenze all&#8217;interno della tua organizzazione con la semplice pressione di un pulsante e fornire cos\u00ec corsi di apprendimento personalizzati in base alle competenze e agli obiettivi di apprendimento dei tuoi dipendenti. Questo ti permette di ottimizzare il flusso di informazioni e di creare le qualifiche necessarie. <\/p>\t\t\t\t\t\t\t\t<\/div>\n\t\t\t\t<\/div>\n\t\t\t\t\t<\/div>\n\t\t<\/div>\n\t\t\t\t\t<\/div>\n\t\t<\/section>\n\t\t\t\t\t<\/div>\n\t\t<\/div>\n\t\t\t\t\t<\/div>\n\t\t<\/section>\n\t\t\t\t<\/div>\n\t\t","protected":false},"excerpt":{"rendered":"<p>eLearning Lo scambio di conoscenze in rete e l&#8217;accesso flessibile ai contenuti didattici giocano un ruolo fondamentale in molte aziende e organizzazioni quando si tratta di perfezionare la formazione dei propri dipendenti e membri. Formazione continua per tutta l&#8217;azienda Dovrebbe essere data loro l&#8217;opportunit\u00e0 di ampliare le proprie conoscenze e qualifiche online, indipendentemente dall&#8217;orario e [&hellip;]<\/p>\n","protected":false},"author":1,"featured_media":0,"parent":76538,"menu_order":0,"comment_status":"closed","ping_status":"closed","template":"","meta":{"inline_featured_image":false,"footnotes":""},"class_list":["post-76603","page","type-page","status-publish","hentry"],"acf":[],"yoast_head":"<!-- This site is optimized with the Yoast SEO plugin v27.5 - https:\/\/yoast.com\/product\/yoast-seo-wordpress\/ -->\n<title>eLearning - 1Tool<\/title>\n<meta name=\"robots\" content=\"index, follow, max-snippet:-1, max-image-preview:large, max-video-preview:-1\" \/>\n<link rel=\"canonical\" href=\"https:\/\/www.1tool.com\/it\/moduli\/organizzazione-e-servizio\/wiki\/funzioni-modulo-wiki\/elearning\/\" \/>\n<meta property=\"og:locale\" content=\"it_IT\" \/>\n<meta property=\"og:type\" content=\"article\" \/>\n<meta property=\"og:title\" content=\"eLearning - 1Tool\" \/>\n<meta property=\"og:description\" content=\"eLearning Lo scambio di conoscenze in rete e l&#8217;accesso flessibile ai contenuti didattici giocano un ruolo fondamentale in molte aziende e organizzazioni quando si tratta di perfezionare la formazione dei propri dipendenti e membri. Formazione continua per tutta l&#8217;azienda Dovrebbe essere data loro l&#8217;opportunit\u00e0 di ampliare le proprie conoscenze e qualifiche online, indipendentemente dall&#8217;orario e [&hellip;]\" \/>\n<meta property=\"og:url\" content=\"https:\/\/www.1tool.com\/it\/moduli\/organizzazione-e-servizio\/wiki\/funzioni-modulo-wiki\/elearning\/\" \/>\n<meta property=\"og:site_name\" content=\"1Tool\" \/>\n<meta property=\"article:modified_time\" content=\"2026-05-06T13:53:59+00:00\" \/>\n<meta name=\"twitter:card\" content=\"summary_large_image\" \/>\n<meta name=\"twitter:label1\" content=\"Tempo di lettura stimato\" \/>\n\t<meta name=\"twitter:data1\" content=\"2 minuti\" \/>\n<script type=\"application\/ld+json\" class=\"yoast-schema-graph\">{\"@context\":\"https:\\\/\\\/schema.org\",\"@graph\":[{\"@type\":\"WebPage\",\"@id\":\"https:\\\/\\\/www.1tool.com\\\/it\\\/moduli\\\/organizzazione-e-servizio\\\/wiki\\\/funzioni-modulo-wiki\\\/elearning\\\/\",\"url\":\"https:\\\/\\\/www.1tool.com\\\/it\\\/moduli\\\/organizzazione-e-servizio\\\/wiki\\\/funzioni-modulo-wiki\\\/elearning\\\/\",\"name\":\"eLearning - 1Tool\",\"isPartOf\":{\"@id\":\"https:\\\/\\\/www.1tool.com\\\/it\\\/#website\"},\"datePublished\":\"2022-03-30T16:36:45+00:00\",\"dateModified\":\"2026-05-06T13:53:59+00:00\",\"breadcrumb\":{\"@id\":\"https:\\\/\\\/www.1tool.com\\\/it\\\/moduli\\\/organizzazione-e-servizio\\\/wiki\\\/funzioni-modulo-wiki\\\/elearning\\\/#breadcrumb\"},\"inLanguage\":\"it-IT\",\"potentialAction\":[{\"@type\":\"ReadAction\",\"target\":[\"https:\\\/\\\/www.1tool.com\\\/it\\\/moduli\\\/organizzazione-e-servizio\\\/wiki\\\/funzioni-modulo-wiki\\\/elearning\\\/\"]}]},{\"@type\":\"BreadcrumbList\",\"@id\":\"https:\\\/\\\/www.1tool.com\\\/it\\\/moduli\\\/organizzazione-e-servizio\\\/wiki\\\/funzioni-modulo-wiki\\\/elearning\\\/#breadcrumb\",\"itemListElement\":[{\"@type\":\"ListItem\",\"position\":1,\"name\":\"Home\",\"item\":\"https:\\\/\\\/www.1tool.com\\\/it\\\/1tool-crm\\\/\"},{\"@type\":\"ListItem\",\"position\":2,\"name\":\"Moduli\",\"item\":\"https:\\\/\\\/www.1tool.com\\\/it\\\/module\\\/\"},{\"@type\":\"ListItem\",\"position\":3,\"name\":\"Organizzazione e servizio\",\"item\":\"https:\\\/\\\/www.1tool.com\\\/it\\\/moduli\\\/organizzazione-e-servizio\\\/\"},{\"@type\":\"ListItem\",\"position\":4,\"name\":\"Wiki\",\"item\":\"https:\\\/\\\/www.1tool.com\\\/it\\\/moduli\\\/organizzazione-e-servizio\\\/wiki\\\/\"},{\"@type\":\"ListItem\",\"position\":5,\"name\":\"Funzioni Modulo Wiki\",\"item\":\"https:\\\/\\\/www.1tool.com\\\/it\\\/moduli\\\/organizzazione-e-servizio\\\/wiki\\\/funzioni-modulo-wiki\\\/\"},{\"@type\":\"ListItem\",\"position\":6,\"name\":\"eLearning\"}]},{\"@type\":\"WebSite\",\"@id\":\"https:\\\/\\\/www.1tool.com\\\/it\\\/#website\",\"url\":\"https:\\\/\\\/www.1tool.com\\\/it\\\/\",\"name\":\"1Tool\",\"description\":\"CRM\",\"publisher\":{\"@id\":\"https:\\\/\\\/www.1tool.com\\\/it\\\/#organization\"},\"potentialAction\":[{\"@type\":\"SearchAction\",\"target\":{\"@type\":\"EntryPoint\",\"urlTemplate\":\"https:\\\/\\\/www.1tool.com\\\/it\\\/?s={search_term_string}\"},\"query-input\":{\"@type\":\"PropertyValueSpecification\",\"valueRequired\":true,\"valueName\":\"search_term_string\"}}],\"inLanguage\":\"it-IT\"},{\"@type\":\"Organization\",\"@id\":\"https:\\\/\\\/www.1tool.com\\\/it\\\/#organization\",\"name\":\"1Tool\",\"url\":\"https:\\\/\\\/www.1tool.com\\\/it\\\/\",\"logo\":{\"@type\":\"ImageObject\",\"inLanguage\":\"it-IT\",\"@id\":\"https:\\\/\\\/www.1tool.com\\\/it\\\/#\\\/schema\\\/logo\\\/image\\\/\",\"url\":\"https:\\\/\\\/www.1tool.com\\\/wp-content\\\/uploads\\\/2022\\\/04\\\/1tool-1.png\",\"contentUrl\":\"https:\\\/\\\/www.1tool.com\\\/wp-content\\\/uploads\\\/2022\\\/04\\\/1tool-1.png\",\"width\":400,\"height\":150,\"caption\":\"1Tool\"},\"image\":{\"@id\":\"https:\\\/\\\/www.1tool.com\\\/it\\\/#\\\/schema\\\/logo\\\/image\\\/\"}}]}<\/script>\n<!-- \/ Yoast SEO plugin. -->","yoast_head_json":{"title":"eLearning - 1Tool","robots":{"index":"index","follow":"follow","max-snippet":"max-snippet:-1","max-image-preview":"max-image-preview:large","max-video-preview":"max-video-preview:-1"},"canonical":"https:\/\/www.1tool.com\/it\/moduli\/organizzazione-e-servizio\/wiki\/funzioni-modulo-wiki\/elearning\/","og_locale":"it_IT","og_type":"article","og_title":"eLearning - 1Tool","og_description":"eLearning Lo scambio di conoscenze in rete e l&#8217;accesso flessibile ai contenuti didattici giocano un ruolo fondamentale in molte aziende e organizzazioni quando si tratta di perfezionare la formazione dei propri dipendenti e membri. Formazione continua per tutta l&#8217;azienda Dovrebbe essere data loro l&#8217;opportunit\u00e0 di ampliare le proprie conoscenze e qualifiche online, indipendentemente dall&#8217;orario e [&hellip;]","og_url":"https:\/\/www.1tool.com\/it\/moduli\/organizzazione-e-servizio\/wiki\/funzioni-modulo-wiki\/elearning\/","og_site_name":"1Tool","article_modified_time":"2026-05-06T13:53:59+00:00","twitter_card":"summary_large_image","twitter_misc":{"Tempo di lettura stimato":"2 minuti"},"schema":{"@context":"https:\/\/schema.org","@graph":[{"@type":"WebPage","@id":"https:\/\/www.1tool.com\/it\/moduli\/organizzazione-e-servizio\/wiki\/funzioni-modulo-wiki\/elearning\/","url":"https:\/\/www.1tool.com\/it\/moduli\/organizzazione-e-servizio\/wiki\/funzioni-modulo-wiki\/elearning\/","name":"eLearning - 1Tool","isPartOf":{"@id":"https:\/\/www.1tool.com\/it\/#website"},"datePublished":"2022-03-30T16:36:45+00:00","dateModified":"2026-05-06T13:53:59+00:00","breadcrumb":{"@id":"https:\/\/www.1tool.com\/it\/moduli\/organizzazione-e-servizio\/wiki\/funzioni-modulo-wiki\/elearning\/#breadcrumb"},"inLanguage":"it-IT","potentialAction":[{"@type":"ReadAction","target":["https:\/\/www.1tool.com\/it\/moduli\/organizzazione-e-servizio\/wiki\/funzioni-modulo-wiki\/elearning\/"]}]},{"@type":"BreadcrumbList","@id":"https:\/\/www.1tool.com\/it\/moduli\/organizzazione-e-servizio\/wiki\/funzioni-modulo-wiki\/elearning\/#breadcrumb","itemListElement":[{"@type":"ListItem","position":1,"name":"Home","item":"https:\/\/www.1tool.com\/it\/1tool-crm\/"},{"@type":"ListItem","position":2,"name":"Moduli","item":"https:\/\/www.1tool.com\/it\/module\/"},{"@type":"ListItem","position":3,"name":"Organizzazione e servizio","item":"https:\/\/www.1tool.com\/it\/moduli\/organizzazione-e-servizio\/"},{"@type":"ListItem","position":4,"name":"Wiki","item":"https:\/\/www.1tool.com\/it\/moduli\/organizzazione-e-servizio\/wiki\/"},{"@type":"ListItem","position":5,"name":"Funzioni Modulo Wiki","item":"https:\/\/www.1tool.com\/it\/moduli\/organizzazione-e-servizio\/wiki\/funzioni-modulo-wiki\/"},{"@type":"ListItem","position":6,"name":"eLearning"}]},{"@type":"WebSite","@id":"https:\/\/www.1tool.com\/it\/#website","url":"https:\/\/www.1tool.com\/it\/","name":"1Tool","description":"CRM","publisher":{"@id":"https:\/\/www.1tool.com\/it\/#organization"},"potentialAction":[{"@type":"SearchAction","target":{"@type":"EntryPoint","urlTemplate":"https:\/\/www.1tool.com\/it\/?s={search_term_string}"},"query-input":{"@type":"PropertyValueSpecification","valueRequired":true,"valueName":"search_term_string"}}],"inLanguage":"it-IT"},{"@type":"Organization","@id":"https:\/\/www.1tool.com\/it\/#organization","name":"1Tool","url":"https:\/\/www.1tool.com\/it\/","logo":{"@type":"ImageObject","inLanguage":"it-IT","@id":"https:\/\/www.1tool.com\/it\/#\/schema\/logo\/image\/","url":"https:\/\/www.1tool.com\/wp-content\/uploads\/2022\/04\/1tool-1.png","contentUrl":"https:\/\/www.1tool.com\/wp-content\/uploads\/2022\/04\/1tool-1.png","width":400,"height":150,"caption":"1Tool"},"image":{"@id":"https:\/\/www.1tool.com\/it\/#\/schema\/logo\/image\/"}}]}},"_links":{"self":[{"href":"https:\/\/www.1tool.com\/it\/wp-json\/wp\/v2\/pages\/76603","targetHints":{"allow":["GET"]}}],"collection":[{"href":"https:\/\/www.1tool.com\/it\/wp-json\/wp\/v2\/pages"}],"about":[{"href":"https:\/\/www.1tool.com\/it\/wp-json\/wp\/v2\/types\/page"}],"author":[{"embeddable":true,"href":"https:\/\/www.1tool.com\/it\/wp-json\/wp\/v2\/users\/1"}],"replies":[{"embeddable":true,"href":"https:\/\/www.1tool.com\/it\/wp-json\/wp\/v2\/comments?post=76603"}],"version-history":[{"count":1,"href":"https:\/\/www.1tool.com\/it\/wp-json\/wp\/v2\/pages\/76603\/revisions"}],"predecessor-version":[{"id":76608,"href":"https:\/\/www.1tool.com\/it\/wp-json\/wp\/v2\/pages\/76603\/revisions\/76608"}],"up":[{"embeddable":true,"href":"https:\/\/www.1tool.com\/it\/wp-json\/wp\/v2\/pages\/76538"}],"wp:attachment":[{"href":"https:\/\/www.1tool.com\/it\/wp-json\/wp\/v2\/media?parent=76603"}],"curies":[{"name":"wp","href":"https:\/\/api.w.org\/{rel}","templated":true}]}}