{"id":76609,"date":"2022-03-30T18:34:22","date_gmt":"2022-03-30T16:34:22","guid":{"rendered":"https:\/\/www.1tool.com\/funzioni-modulo-biglietti-di-supporto\/sistema-di-ticket\/"},"modified":"2026-05-06T15:53:59","modified_gmt":"2026-05-06T13:53:59","slug":"sistema-di-ticket","status":"publish","type":"page","link":"https:\/\/www.1tool.com\/it\/moduli\/organizzazione-e-servizio\/biglietti-di-assistenza\/funzioni-modulo-biglietti-di-supporto\/sistema-di-ticket\/","title":{"rendered":"Sistema di ticket"},"content":{"rendered":"\t\t<div data-elementor-type=\"wp-page\" data-elementor-id=\"76609\" class=\"elementor elementor-76609 elementor-49492\" data-elementor-post-type=\"page\">\n\t\t\t\t\t\t<section class=\"elementor-section elementor-top-section elementor-element elementor-element-3ad15fc elementor-section-boxed elementor-section-height-default elementor-section-height-default shadepro-adv-gradient-no shadepro-sticky-no\" data-id=\"3ad15fc\" data-element_type=\"section\" data-e-type=\"section\" data-settings=\"{&quot;shadepro_sticky&quot;:&quot;no&quot;}\">\n\t\t\t\t\t\t<div class=\"elementor-container elementor-column-gap-default\">\n\t\t\t\t\t<div class=\"elementor-column elementor-col-100 elementor-top-column elementor-element elementor-element-f1c61ed\" data-id=\"f1c61ed\" data-element_type=\"column\" data-e-type=\"column\">\n\t\t\t<div class=\"elementor-widget-wrap elementor-element-populated\">\n\t\t\t\t\t\t<div class=\"elementor-element elementor-element-48990d0 shadepro-sticky-no elementor-widget elementor-widget-heading\" data-id=\"48990d0\" data-element_type=\"widget\" data-e-type=\"widget\" data-settings=\"{&quot;shadepro_sticky&quot;:&quot;no&quot;}\" data-widget_type=\"heading.default\">\n\t\t\t\t<div class=\"elementor-widget-container\">\n\t\t\t\t\t<h1 class=\"elementor-heading-title elementor-size-default\">Sistema di ticket<\/h1>\t\t\t\t<\/div>\n\t\t\t\t<\/div>\n\t\t\t\t<div class=\"elementor-element elementor-element-86ed5a7 shadepro-sticky-no elementor-widget elementor-widget-text-editor\" data-id=\"86ed5a7\" data-element_type=\"widget\" data-e-type=\"widget\" data-settings=\"{&quot;shadepro_sticky&quot;:&quot;no&quot;}\" data-widget_type=\"text-editor.default\">\n\t\t\t\t<div class=\"elementor-widget-container\">\n\t\t\t\t\t\t\t\t\t<p>Il sistema di ticket 1Tool CRM ti aiuta a ottimizzare l&#8217;assistenza ai clienti, dalla richiesta iniziale alla soluzione finale del servizio.<\/p>\t\t\t\t\t\t\t\t<\/div>\n\t\t\t\t<\/div>\n\t\t\t\t<section class=\"elementor-section elementor-inner-section elementor-element elementor-element-78e1ff6 elementor-section-boxed elementor-section-height-default elementor-section-height-default shadepro-adv-gradient-no shadepro-sticky-no\" data-id=\"78e1ff6\" data-element_type=\"section\" data-e-type=\"section\" data-settings=\"{&quot;shadepro_sticky&quot;:&quot;no&quot;}\">\n\t\t\t\t\t\t<div class=\"elementor-container elementor-column-gap-default\">\n\t\t\t\t\t<div class=\"elementor-column elementor-col-100 elementor-inner-column elementor-element elementor-element-4575fd7\" data-id=\"4575fd7\" data-element_type=\"column\" data-e-type=\"column\">\n\t\t\t<div class=\"elementor-widget-wrap elementor-element-populated\">\n\t\t\t\t\t\t<div class=\"elementor-element elementor-element-a2ebbb3 shadepro-sticky-no elementor-widget elementor-widget-text-editor\" data-id=\"a2ebbb3\" data-element_type=\"widget\" data-e-type=\"widget\" data-settings=\"{&quot;shadepro_sticky&quot;:&quot;no&quot;}\" data-widget_type=\"text-editor.default\">\n\t\t\t\t<div class=\"elementor-widget-container\">\n\t\t\t\t\t\t\t\t\t<h3>Migliore qualit\u00e0 del servizio grazie alla gestione intelligente dei biglietti<\/h3><p>Il <strong>software 1Tool Ticket System<\/strong> \u00e8 la soluzione ideale per il tuo servizio clienti e ti aiuta a gestire in modo efficiente i problemi e le richieste dei tuoi clienti, partner o fornitori. L&#8217;intero processo di gestione dei ticket, dalla registrazione della richiesta, all&#8217;elaborazione interna e all&#8217;assegnazione dei compiti, fino al monitoraggio continuo e alla fornitura di una soluzione, viene gestito all&#8217;interno di un database centrale. <g id=\"gid_1\">I ticket possono essere classificati in base alla priorit\u00e0<\/g> e distribuiti ai dipendenti responsabili con la semplice pressione di un tasto. <g id=\"gid_2\">La gestione dei ticket di<\/g> 1Tool garantisce che ogni richiesta di assistenza venga soddisfatta entro un periodo di tempo ragionevole. Questo non solo riduce al minimo i tempi di attesa per i tuoi clienti, ma pu\u00f2 anche ridurre all&#8217;essenziale i costi complessivi dell&#8217;assistenza.    <\/p><h3>Il sistema di ticket CRM si concentra sulle relazioni con i clienti.<\/h3><p>Soprattutto in tempi di forte concorrenza, l&#8217;elaborazione tempestiva delle richieste di informazioni e la risoluzione dei problemi dei clienti giocano un ruolo sempre pi\u00f9 importante per la loro soddisfazione. Utilizzando il <g id=\"gid_0\">portale clienti di 1Tool<\/g>, i tuoi clienti possono creare autonomamente dei ticket e monitorare lo stato e il tempo di lavoro investito in ogni momento. Inoltre, puoi utilizzare le notifiche automatiche per tenere costantemente informati i tuoi gruppi di contatto sull&#8217;avanzamento e la risoluzione dei ticket. In questo modo puoi migliorare notevolmente la comunicazione con i tuoi clienti e ridurre il numero di chiamate di assistenza. Di conseguenza, il <g id=\"gid_1\">personale di assistenza e supporto si libera<\/g> e pu\u00f2 concentrarsi sull&#8217;essenziale: I tuoi clienti. Le risposte rapide e l&#8217;ottimizzazione del flusso di informazioni aumentano la soddisfazione e la fedelt\u00e0 dei clienti e rendono il tuo <g id=\"gid_2\">servizio clienti pi\u00f9 efficace<\/g> che mai.     <\/p><h3>Pi\u00f9 veloce, pi\u00f9 facile, insieme &#8211; 1Tool Ticket Software<\/h3><p>Che si tratti di richieste di vendita, assistenza clienti o reclami, con il sistema di ticket CRM di 1Tool puoi garantire un&#8217;elaborazione dei compiti mirata e orientata al servizio e quindi risparmiare tempo e denaro. Priorit\u00e0, scadenze e progressi sono visibili a tutti i dipendenti. L&#8217;elencazione strutturata dei ticket garantisce che nessun ticket vada perso o dimenticato, anche in presenza di un numero elevato di richieste di assistenza.  <\/p><p>Il sistema di ticket di 1Tool rende anche la collaborazione interna un gioco da ragazzi: premendo un pulsante, i ticket vengono convertiti in attivit\u00e0 o sotto-richieste e assegnati ai dipendenti interessati per un&#8217;elaborazione dei ticket pi\u00f9 rapida ed efficiente. Questi ultimi registrano con precisione le loro ore di lavoro, in modo che l&#8217;elaborazione e le risorse necessarie per ogni ticket possano essere facilmente monitorate. In definitiva, viene creato un quadro accurato del cliente e delle sue esigenze: i dipendenti del servizio di assistenza sviluppano una migliore comprensione del cliente, sanno esattamente come comunicare con lui e garantiscono cos\u00ec lo sviluppo di relazioni a lungo termine con i clienti.  <\/p><h3>Elaborazione rapida dei biglietti grazie a un&#8217;ampia base di conoscenze<\/h3><p>La documentazione concreta di tutti i ticket e di tutte le soluzioni ti permette di ampliare continuamente il tuo <strong>database di conoscenze del CRM<\/strong>, che potrai utilizzare a tuo vantaggio anche per le richieste future. Puoi utilizzare la base di conoscenze di 1Tool per registrare i concetti di soluzione e condividerli con tutto il tuo team. In questo modo non solo \u00e8 pi\u00f9 facile per i colleghi occuparsi delle richieste di informazioni, ma \u00e8 anche possibile elaborarle in modo molto pi\u00f9 produttivo. Grazie al <g id=\"gid_1\">sistema di ticket <\/g>, i problemi simili e ricorrenti possono essere risolti pi\u00f9 rapidamente in futuro, poich\u00e9 i suggerimenti iniziali possono essere forniti al cliente al primo punto di contatto. Un tasso di risoluzione pi\u00f9 elevato, una maggiore soddisfazione dei clienti e un&#8217;immagine migliore: i tuoi clienti saranno colpiti dalla professionalit\u00e0 della tua azienda!    <\/p><h4>Vantaggi del software Ticket System:<\/h4><ul><li>Maggiore soddisfazione e fedelt\u00e0 dei clienti<\/li><li>Riduzione del tempo e delle risorse necessarie<\/li><li>Servizio clienti efficiente e aumento della produttivit\u00e0<\/li><li>Sviluppo di un ampio database di conoscenze<\/li><li>Registrazione e documentazione strutturata dei ticket<\/li><li>Risposta tempestiva e ricerca di soluzioni<\/li><li>Ottimizzazione del flusso di informazioni e miglioramento del lavoro di squadra<\/li><li>Assistenza 24\/7 grazie al portale self-service per i clienti<\/li><\/ul>\t\t\t\t\t\t\t\t<\/div>\n\t\t\t\t<\/div>\n\t\t\t\t\t<\/div>\n\t\t<\/div>\n\t\t\t\t\t<\/div>\n\t\t<\/section>\n\t\t\t\t\t<\/div>\n\t\t<\/div>\n\t\t\t\t\t<\/div>\n\t\t<\/section>\n\t\t\t\t<\/div>\n\t\t","protected":false},"excerpt":{"rendered":"<p>Sistema di ticket Il sistema di ticket 1Tool CRM ti aiuta a ottimizzare l&#8217;assistenza ai clienti, dalla richiesta iniziale alla soluzione finale del servizio. Migliore qualit\u00e0 del servizio grazie alla gestione intelligente dei biglietti Il software 1Tool Ticket System \u00e8 la soluzione ideale per il tuo servizio clienti e ti aiuta a gestire in modo [&hellip;]<\/p>\n","protected":false},"author":1,"featured_media":0,"parent":76532,"menu_order":0,"comment_status":"closed","ping_status":"closed","template":"","meta":{"inline_featured_image":false,"footnotes":""},"class_list":["post-76609","page","type-page","status-publish","hentry"],"acf":[],"yoast_head":"<!-- This site is optimized with the Yoast SEO plugin v27.5 - https:\/\/yoast.com\/product\/yoast-seo-wordpress\/ -->\n<title>Sistema di ticket - 1Tool<\/title>\n<meta name=\"robots\" content=\"index, follow, max-snippet:-1, max-image-preview:large, max-video-preview:-1\" \/>\n<link rel=\"canonical\" href=\"https:\/\/www.1tool.com\/it\/moduli\/organizzazione-e-servizio\/biglietti-di-assistenza\/funzioni-modulo-biglietti-di-supporto\/sistema-di-ticket\/\" \/>\n<meta property=\"og:locale\" content=\"it_IT\" \/>\n<meta property=\"og:type\" content=\"article\" \/>\n<meta property=\"og:title\" content=\"Sistema di ticket - 1Tool\" \/>\n<meta property=\"og:description\" content=\"Sistema di ticket Il sistema di ticket 1Tool CRM ti aiuta a ottimizzare l&#8217;assistenza ai clienti, dalla richiesta iniziale alla soluzione finale del servizio. Migliore qualit\u00e0 del servizio grazie alla gestione intelligente dei biglietti Il software 1Tool Ticket System \u00e8 la soluzione ideale per il tuo servizio clienti e ti aiuta a gestire in modo [&hellip;]\" \/>\n<meta property=\"og:url\" content=\"https:\/\/www.1tool.com\/it\/moduli\/organizzazione-e-servizio\/biglietti-di-assistenza\/funzioni-modulo-biglietti-di-supporto\/sistema-di-ticket\/\" \/>\n<meta property=\"og:site_name\" content=\"1Tool\" \/>\n<meta property=\"article:modified_time\" content=\"2026-05-06T13:53:59+00:00\" \/>\n<meta name=\"twitter:card\" content=\"summary_large_image\" \/>\n<meta name=\"twitter:label1\" content=\"Tempo di lettura stimato\" \/>\n\t<meta name=\"twitter:data1\" content=\"4 minuti\" \/>\n<script type=\"application\/ld+json\" class=\"yoast-schema-graph\">{\"@context\":\"https:\\\/\\\/schema.org\",\"@graph\":[{\"@type\":\"WebPage\",\"@id\":\"https:\\\/\\\/www.1tool.com\\\/it\\\/moduli\\\/organizzazione-e-servizio\\\/biglietti-di-assistenza\\\/funzioni-modulo-biglietti-di-supporto\\\/sistema-di-ticket\\\/\",\"url\":\"https:\\\/\\\/www.1tool.com\\\/it\\\/moduli\\\/organizzazione-e-servizio\\\/biglietti-di-assistenza\\\/funzioni-modulo-biglietti-di-supporto\\\/sistema-di-ticket\\\/\",\"name\":\"Sistema di ticket - 1Tool\",\"isPartOf\":{\"@id\":\"https:\\\/\\\/www.1tool.com\\\/it\\\/#website\"},\"datePublished\":\"2022-03-30T16:34:22+00:00\",\"dateModified\":\"2026-05-06T13:53:59+00:00\",\"breadcrumb\":{\"@id\":\"https:\\\/\\\/www.1tool.com\\\/it\\\/moduli\\\/organizzazione-e-servizio\\\/biglietti-di-assistenza\\\/funzioni-modulo-biglietti-di-supporto\\\/sistema-di-ticket\\\/#breadcrumb\"},\"inLanguage\":\"it-IT\",\"potentialAction\":[{\"@type\":\"ReadAction\",\"target\":[\"https:\\\/\\\/www.1tool.com\\\/it\\\/moduli\\\/organizzazione-e-servizio\\\/biglietti-di-assistenza\\\/funzioni-modulo-biglietti-di-supporto\\\/sistema-di-ticket\\\/\"]}]},{\"@type\":\"BreadcrumbList\",\"@id\":\"https:\\\/\\\/www.1tool.com\\\/it\\\/moduli\\\/organizzazione-e-servizio\\\/biglietti-di-assistenza\\\/funzioni-modulo-biglietti-di-supporto\\\/sistema-di-ticket\\\/#breadcrumb\",\"itemListElement\":[{\"@type\":\"ListItem\",\"position\":1,\"name\":\"Home\",\"item\":\"https:\\\/\\\/www.1tool.com\\\/it\\\/1tool-crm\\\/\"},{\"@type\":\"ListItem\",\"position\":2,\"name\":\"Moduli\",\"item\":\"https:\\\/\\\/www.1tool.com\\\/it\\\/module\\\/\"},{\"@type\":\"ListItem\",\"position\":3,\"name\":\"Organizzazione e servizio\",\"item\":\"https:\\\/\\\/www.1tool.com\\\/it\\\/moduli\\\/organizzazione-e-servizio\\\/\"},{\"@type\":\"ListItem\",\"position\":4,\"name\":\"Biglietti di assistenza\",\"item\":\"https:\\\/\\\/www.1tool.com\\\/it\\\/moduli\\\/organizzazione-e-servizio\\\/biglietti-di-assistenza\\\/\"},{\"@type\":\"ListItem\",\"position\":5,\"name\":\"Funzioni Modulo Biglietti di supporto\",\"item\":\"https:\\\/\\\/www.1tool.com\\\/it\\\/moduli\\\/organizzazione-e-servizio\\\/biglietti-di-assistenza\\\/funzioni-modulo-biglietti-di-supporto\\\/\"},{\"@type\":\"ListItem\",\"position\":6,\"name\":\"Sistema di ticket\"}]},{\"@type\":\"WebSite\",\"@id\":\"https:\\\/\\\/www.1tool.com\\\/it\\\/#website\",\"url\":\"https:\\\/\\\/www.1tool.com\\\/it\\\/\",\"name\":\"1Tool\",\"description\":\"CRM\",\"publisher\":{\"@id\":\"https:\\\/\\\/www.1tool.com\\\/it\\\/#organization\"},\"potentialAction\":[{\"@type\":\"SearchAction\",\"target\":{\"@type\":\"EntryPoint\",\"urlTemplate\":\"https:\\\/\\\/www.1tool.com\\\/it\\\/?s={search_term_string}\"},\"query-input\":{\"@type\":\"PropertyValueSpecification\",\"valueRequired\":true,\"valueName\":\"search_term_string\"}}],\"inLanguage\":\"it-IT\"},{\"@type\":\"Organization\",\"@id\":\"https:\\\/\\\/www.1tool.com\\\/it\\\/#organization\",\"name\":\"1Tool\",\"url\":\"https:\\\/\\\/www.1tool.com\\\/it\\\/\",\"logo\":{\"@type\":\"ImageObject\",\"inLanguage\":\"it-IT\",\"@id\":\"https:\\\/\\\/www.1tool.com\\\/it\\\/#\\\/schema\\\/logo\\\/image\\\/\",\"url\":\"https:\\\/\\\/www.1tool.com\\\/wp-content\\\/uploads\\\/2022\\\/04\\\/1tool-1.png\",\"contentUrl\":\"https:\\\/\\\/www.1tool.com\\\/wp-content\\\/uploads\\\/2022\\\/04\\\/1tool-1.png\",\"width\":400,\"height\":150,\"caption\":\"1Tool\"},\"image\":{\"@id\":\"https:\\\/\\\/www.1tool.com\\\/it\\\/#\\\/schema\\\/logo\\\/image\\\/\"}}]}<\/script>\n<!-- \/ Yoast SEO plugin. -->","yoast_head_json":{"title":"Sistema di ticket - 1Tool","robots":{"index":"index","follow":"follow","max-snippet":"max-snippet:-1","max-image-preview":"max-image-preview:large","max-video-preview":"max-video-preview:-1"},"canonical":"https:\/\/www.1tool.com\/it\/moduli\/organizzazione-e-servizio\/biglietti-di-assistenza\/funzioni-modulo-biglietti-di-supporto\/sistema-di-ticket\/","og_locale":"it_IT","og_type":"article","og_title":"Sistema di ticket - 1Tool","og_description":"Sistema di ticket Il sistema di ticket 1Tool CRM ti aiuta a ottimizzare l&#8217;assistenza ai clienti, dalla richiesta iniziale alla soluzione finale del servizio. Migliore qualit\u00e0 del servizio grazie alla gestione intelligente dei biglietti Il software 1Tool Ticket System \u00e8 la soluzione ideale per il tuo servizio clienti e ti aiuta a gestire in modo [&hellip;]","og_url":"https:\/\/www.1tool.com\/it\/moduli\/organizzazione-e-servizio\/biglietti-di-assistenza\/funzioni-modulo-biglietti-di-supporto\/sistema-di-ticket\/","og_site_name":"1Tool","article_modified_time":"2026-05-06T13:53:59+00:00","twitter_card":"summary_large_image","twitter_misc":{"Tempo di lettura stimato":"4 minuti"},"schema":{"@context":"https:\/\/schema.org","@graph":[{"@type":"WebPage","@id":"https:\/\/www.1tool.com\/it\/moduli\/organizzazione-e-servizio\/biglietti-di-assistenza\/funzioni-modulo-biglietti-di-supporto\/sistema-di-ticket\/","url":"https:\/\/www.1tool.com\/it\/moduli\/organizzazione-e-servizio\/biglietti-di-assistenza\/funzioni-modulo-biglietti-di-supporto\/sistema-di-ticket\/","name":"Sistema di ticket - 1Tool","isPartOf":{"@id":"https:\/\/www.1tool.com\/it\/#website"},"datePublished":"2022-03-30T16:34:22+00:00","dateModified":"2026-05-06T13:53:59+00:00","breadcrumb":{"@id":"https:\/\/www.1tool.com\/it\/moduli\/organizzazione-e-servizio\/biglietti-di-assistenza\/funzioni-modulo-biglietti-di-supporto\/sistema-di-ticket\/#breadcrumb"},"inLanguage":"it-IT","potentialAction":[{"@type":"ReadAction","target":["https:\/\/www.1tool.com\/it\/moduli\/organizzazione-e-servizio\/biglietti-di-assistenza\/funzioni-modulo-biglietti-di-supporto\/sistema-di-ticket\/"]}]},{"@type":"BreadcrumbList","@id":"https:\/\/www.1tool.com\/it\/moduli\/organizzazione-e-servizio\/biglietti-di-assistenza\/funzioni-modulo-biglietti-di-supporto\/sistema-di-ticket\/#breadcrumb","itemListElement":[{"@type":"ListItem","position":1,"name":"Home","item":"https:\/\/www.1tool.com\/it\/1tool-crm\/"},{"@type":"ListItem","position":2,"name":"Moduli","item":"https:\/\/www.1tool.com\/it\/module\/"},{"@type":"ListItem","position":3,"name":"Organizzazione e servizio","item":"https:\/\/www.1tool.com\/it\/moduli\/organizzazione-e-servizio\/"},{"@type":"ListItem","position":4,"name":"Biglietti di assistenza","item":"https:\/\/www.1tool.com\/it\/moduli\/organizzazione-e-servizio\/biglietti-di-assistenza\/"},{"@type":"ListItem","position":5,"name":"Funzioni Modulo Biglietti di supporto","item":"https:\/\/www.1tool.com\/it\/moduli\/organizzazione-e-servizio\/biglietti-di-assistenza\/funzioni-modulo-biglietti-di-supporto\/"},{"@type":"ListItem","position":6,"name":"Sistema di ticket"}]},{"@type":"WebSite","@id":"https:\/\/www.1tool.com\/it\/#website","url":"https:\/\/www.1tool.com\/it\/","name":"1Tool","description":"CRM","publisher":{"@id":"https:\/\/www.1tool.com\/it\/#organization"},"potentialAction":[{"@type":"SearchAction","target":{"@type":"EntryPoint","urlTemplate":"https:\/\/www.1tool.com\/it\/?s={search_term_string}"},"query-input":{"@type":"PropertyValueSpecification","valueRequired":true,"valueName":"search_term_string"}}],"inLanguage":"it-IT"},{"@type":"Organization","@id":"https:\/\/www.1tool.com\/it\/#organization","name":"1Tool","url":"https:\/\/www.1tool.com\/it\/","logo":{"@type":"ImageObject","inLanguage":"it-IT","@id":"https:\/\/www.1tool.com\/it\/#\/schema\/logo\/image\/","url":"https:\/\/www.1tool.com\/wp-content\/uploads\/2022\/04\/1tool-1.png","contentUrl":"https:\/\/www.1tool.com\/wp-content\/uploads\/2022\/04\/1tool-1.png","width":400,"height":150,"caption":"1Tool"},"image":{"@id":"https:\/\/www.1tool.com\/it\/#\/schema\/logo\/image\/"}}]}},"_links":{"self":[{"href":"https:\/\/www.1tool.com\/it\/wp-json\/wp\/v2\/pages\/76609","targetHints":{"allow":["GET"]}}],"collection":[{"href":"https:\/\/www.1tool.com\/it\/wp-json\/wp\/v2\/pages"}],"about":[{"href":"https:\/\/www.1tool.com\/it\/wp-json\/wp\/v2\/types\/page"}],"author":[{"embeddable":true,"href":"https:\/\/www.1tool.com\/it\/wp-json\/wp\/v2\/users\/1"}],"replies":[{"embeddable":true,"href":"https:\/\/www.1tool.com\/it\/wp-json\/wp\/v2\/comments?post=76609"}],"version-history":[{"count":1,"href":"https:\/\/www.1tool.com\/it\/wp-json\/wp\/v2\/pages\/76609\/revisions"}],"predecessor-version":[{"id":76611,"href":"https:\/\/www.1tool.com\/it\/wp-json\/wp\/v2\/pages\/76609\/revisions\/76611"}],"up":[{"embeddable":true,"href":"https:\/\/www.1tool.com\/it\/wp-json\/wp\/v2\/pages\/76532"}],"wp:attachment":[{"href":"https:\/\/www.1tool.com\/it\/wp-json\/wp\/v2\/media?parent=76609"}],"curies":[{"name":"wp","href":"https:\/\/api.w.org\/{rel}","templated":true}]}}