{"id":76612,"date":"2022-03-31T04:08:43","date_gmt":"2022-03-31T02:08:43","guid":{"rendered":"https:\/\/www.1tool.com\/gestione-del-progetto-2\/"},"modified":"2026-05-06T15:58:47","modified_gmt":"2026-05-06T13:58:47","slug":"gestione-del-progetto-2","status":"publish","type":"page","link":"https:\/\/www.1tool.com\/it\/moduli\/organizzazione-e-servizio\/progetti\/funzioni-modulo-di-progetto\/gestione-del-progetto-2\/","title":{"rendered":"Gestione del progetto"},"content":{"rendered":"\t\t<div data-elementor-type=\"wp-page\" data-elementor-id=\"76612\" class=\"elementor elementor-76612 elementor-49632\" data-elementor-post-type=\"page\">\n\t\t\t\t\t\t<section class=\"elementor-section elementor-top-section elementor-element elementor-element-effcf3f elementor-section-boxed elementor-section-height-default elementor-section-height-default shadepro-adv-gradient-no shadepro-sticky-no\" data-id=\"effcf3f\" data-element_type=\"section\" data-e-type=\"section\" data-settings=\"{&quot;shadepro_sticky&quot;:&quot;no&quot;}\">\n\t\t\t\t\t\t<div class=\"elementor-container elementor-column-gap-default\">\n\t\t\t\t\t<div class=\"elementor-column elementor-col-100 elementor-top-column elementor-element elementor-element-130732a\" data-id=\"130732a\" data-element_type=\"column\" data-e-type=\"column\">\n\t\t\t<div class=\"elementor-widget-wrap elementor-element-populated\">\n\t\t\t\t\t\t<div class=\"elementor-element elementor-element-a07af4b shadepro-sticky-no elementor-widget elementor-widget-heading\" data-id=\"a07af4b\" data-element_type=\"widget\" data-e-type=\"widget\" data-settings=\"{&quot;shadepro_sticky&quot;:&quot;no&quot;}\" data-widget_type=\"heading.default\">\n\t\t\t\t<div class=\"elementor-widget-container\">\n\t\t\t\t\t<h1 class=\"elementor-heading-title elementor-size-default\">Gestione del progetto<\/h1>\t\t\t\t<\/div>\n\t\t\t\t<\/div>\n\t\t\t\t<div class=\"elementor-element elementor-element-bdd4c81 shadepro-sticky-no elementor-widget elementor-widget-text-editor\" data-id=\"bdd4c81\" data-element_type=\"widget\" data-e-type=\"widget\" data-settings=\"{&quot;shadepro_sticky&quot;:&quot;no&quot;}\" data-widget_type=\"text-editor.default\">\n\t\t\t\t<div class=\"elementor-widget-container\">\n\t\t\t\t\t\t\t\t\t<p>Il software di gestione dei progetti 1Tool assicura una gestione e un coordinamento semplici dei vostri progetti.<\/p>\t\t\t\t\t\t\t\t<\/div>\n\t\t\t\t<\/div>\n\t\t\t\t<section class=\"elementor-section elementor-inner-section elementor-element elementor-element-303f605 elementor-section-boxed elementor-section-height-default elementor-section-height-default shadepro-adv-gradient-no shadepro-sticky-no\" data-id=\"303f605\" data-element_type=\"section\" data-e-type=\"section\" data-settings=\"{&quot;shadepro_sticky&quot;:&quot;no&quot;}\">\n\t\t\t\t\t\t<div class=\"elementor-container elementor-column-gap-default\">\n\t\t\t\t\t<div class=\"elementor-column elementor-col-100 elementor-inner-column elementor-element elementor-element-e9f6e8c\" data-id=\"e9f6e8c\" data-element_type=\"column\" data-e-type=\"column\">\n\t\t\t<div class=\"elementor-widget-wrap elementor-element-populated\">\n\t\t\t\t\t\t<div class=\"elementor-element elementor-element-f9317e4 shadepro-sticky-no elementor-widget elementor-widget-text-editor\" data-id=\"f9317e4\" data-element_type=\"widget\" data-e-type=\"widget\" data-settings=\"{&quot;shadepro_sticky&quot;:&quot;no&quot;}\" data-widget_type=\"text-editor.default\">\n\t\t\t\t<div class=\"elementor-widget-container\">\n\t\t\t\t\t\t\t\t\t<h3>Un potente software di gestione dei progetti per la vostra azienda!<\/h3><p>1Tool \u00e8 un software professionale per la gestione dei progetti con il quale \u00e8 possibile pianificare e coordinare i progetti con la semplice pressione di un tasto. L&#8217;ambito funzionale dello strumento di gestione dei progetti spazia da una panoramica completa di tutti i progetti aziendali, a una precisa programmazione di attivit\u00e0, tempi e risorse, fino alla valutazione finale e alla fatturazione dei progetti. Lavorare in modo pi\u00f9 rapido ed efficiente \u00e8 il motto del nostro software di gestione dei progetti: con pochi clic \u00e8 possibile coordinare i team e impostare correttamente le priorit\u00e0. Grazie all&#8217;uso condiviso di un database centrale, potete migliorare la comunicazione interna tra i dipendenti e risparmiare molto tempo nella ricerca dei dettagli del progetto.   <\/p><h4>Gestione dei progetti online<\/h4><p>Il nostro software di gestione dei progetti 1Tool \u00e8 basato sul web e pu\u00f2 quindi essere utilizzato dai vostri dipendenti indipendentemente dall&#8217;orario e dal luogo. Che siate in viaggio, a casa o in ufficio, la pianificazione e l&#8217;elaborazione dei vostri progetti avviene a livello aziendale e aumenta notevolmente l&#8217;efficienza della vostra azienda. Grazie all&#8217;archiviazione precisa di compiti, corrispondenza e-mail, note e costi per ogni singolo progetto, voi e i vostri collaboratori potrete beneficiare di una panoramica completa del progetto. Inoltre, la gestione dei progetti online garantisce l&#8217;aggiornamento di tutte le informazioni sui progetti grazie alla sincronizzazione in tempo reale, in modo che il vostro team possa avviare ulteriori misure e passi mirati per il completamento del progetto.   <\/p><h3>Controllo dei progetti &#8211; Valutazione e controllo semplici dei vostri progetti<\/h3><p>Con il programma di gestione dei progetti 1Tool, il controllo dei progetti diventa un gioco da ragazzi. I tempi e le finanze effettivi del progetto possono essere confrontati con i vostri piani semplicemente premendo un pulsante. Gli scostamenti possono essere identificati tempestivamente e le contromisure preparate. Oltre al confronto tra piano ed effettivo, il software di project controlling offre numerosi altri report standard su fatturato, margini di contribuzione, costi e attivit\u00e0 aperte. 1Tool Project Controlling vi aiuta a rendere trasparenti e gestibili in tempo reale le spese del progetto e le cifre chiave. Inoltre, il nostro software di gestione dei progetti vi permette di suddividere i progetti in varie fasi, in modo da conoscere a colpo d&#8217;occhio lo stato e l&#8217;avanzamento di ogni progetto.     <\/p><h4>Grafico a barre del progetto per una panoramica grafica del progetto<\/h4><p>Oltre all&#8217;analisi di varie cifre chiave per il controllo dei progetti, il software di gestione dei progetti di 1Tool pu\u00f2 essere utilizzato anche per visualizzare graficamente la sequenza cronologica di progetti e attivit\u00e0. Con il diagramma a barre del progetto, avete a disposizione uno strumento di gestione del progetto che visualizza tutte le fasi e le attivit\u00e0 del progetto individualmente sotto forma di barre e le sincronizza con la semplice pressione di un pulsante. Il diagramma a barre del progetto di 1Tool supporta anche le interdipendenze tra le attivit\u00e0: le attivit\u00e0 che dipendono da altre attivit\u00e0 vengono spostate automaticamente quando le scadenze vengono modificate.  <\/p><h4>Software per la registrazione dei tempi di progetto<\/h4><p>Il software di gestione dei progetti di 1Tool consente di registrare facilmente il tempo del progetto per preparare i costi delle ore di lavoro, delle comunicazioni del progetto, dei viaggi e di altre spese a fini contabili. La registrazione del tempo nella gestione dei progetti pu\u00f2 essere effettuata in tempo reale tramite cronometro o manualmente in seguito. Indipendentemente dal luogo in cui ci si trova, la registrazione dei tempi di progetto pu\u00f2 essere effettuata anche tramite smartphone o tablet.  <\/p>\t\t\t\t\t\t\t\t<\/div>\n\t\t\t\t<\/div>\n\t\t\t\t\t<\/div>\n\t\t<\/div>\n\t\t\t\t\t<\/div>\n\t\t<\/section>\n\t\t\t\t\t<\/div>\n\t\t<\/div>\n\t\t\t\t\t<\/div>\n\t\t<\/section>\n\t\t\t\t<\/div>\n\t\t","protected":false},"excerpt":{"rendered":"<p>Gestione del progetto Il software di gestione dei progetti 1Tool assicura una gestione e un coordinamento semplici dei vostri progetti. Un potente software di gestione dei progetti per la vostra azienda! 1Tool \u00e8 un software professionale per la gestione dei progetti con il quale \u00e8 possibile pianificare e coordinare i progetti con la semplice pressione [&hellip;]<\/p>\n","protected":false},"author":1,"featured_media":0,"parent":77198,"menu_order":0,"comment_status":"closed","ping_status":"closed","template":"","meta":{"inline_featured_image":false,"footnotes":""},"class_list":["post-76612","page","type-page","status-publish","hentry"],"acf":[],"yoast_head":"<!-- This site is optimized with the Yoast SEO plugin v27.5 - https:\/\/yoast.com\/product\/yoast-seo-wordpress\/ -->\n<title>Gestione del progetto - 1Tool<\/title>\n<meta name=\"robots\" content=\"index, follow, max-snippet:-1, max-image-preview:large, max-video-preview:-1\" \/>\n<link rel=\"canonical\" href=\"https:\/\/www.1tool.com\/it\/moduli\/organizzazione-e-servizio\/progetti\/funzioni-modulo-di-progetto\/gestione-del-progetto-2\/\" \/>\n<meta property=\"og:locale\" content=\"it_IT\" \/>\n<meta property=\"og:type\" content=\"article\" \/>\n<meta property=\"og:title\" content=\"Gestione del progetto - 1Tool\" \/>\n<meta property=\"og:description\" content=\"Gestione del progetto Il software di gestione dei progetti 1Tool assicura una gestione e un coordinamento semplici dei vostri progetti. Un potente software di gestione dei progetti per la vostra azienda! 1Tool \u00e8 un software professionale per la gestione dei progetti con il quale \u00e8 possibile pianificare e coordinare i progetti con la semplice pressione [&hellip;]\" \/>\n<meta property=\"og:url\" content=\"https:\/\/www.1tool.com\/it\/moduli\/organizzazione-e-servizio\/progetti\/funzioni-modulo-di-progetto\/gestione-del-progetto-2\/\" \/>\n<meta property=\"og:site_name\" content=\"1Tool\" \/>\n<meta property=\"article:modified_time\" content=\"2026-05-06T13:58:47+00:00\" \/>\n<meta name=\"twitter:card\" content=\"summary_large_image\" \/>\n<meta name=\"twitter:label1\" content=\"Tempo di lettura stimato\" \/>\n\t<meta name=\"twitter:data1\" content=\"3 minuti\" \/>\n<script type=\"application\/ld+json\" class=\"yoast-schema-graph\">{\"@context\":\"https:\\\/\\\/schema.org\",\"@graph\":[{\"@type\":\"WebPage\",\"@id\":\"https:\\\/\\\/www.1tool.com\\\/it\\\/moduli\\\/organizzazione-e-servizio\\\/progetti\\\/funzioni-modulo-di-progetto\\\/gestione-del-progetto-2\\\/\",\"url\":\"https:\\\/\\\/www.1tool.com\\\/it\\\/moduli\\\/organizzazione-e-servizio\\\/progetti\\\/funzioni-modulo-di-progetto\\\/gestione-del-progetto-2\\\/\",\"name\":\"Gestione del progetto - 1Tool\",\"isPartOf\":{\"@id\":\"https:\\\/\\\/www.1tool.com\\\/it\\\/#website\"},\"datePublished\":\"2022-03-31T02:08:43+00:00\",\"dateModified\":\"2026-05-06T13:58:47+00:00\",\"breadcrumb\":{\"@id\":\"https:\\\/\\\/www.1tool.com\\\/it\\\/moduli\\\/organizzazione-e-servizio\\\/progetti\\\/funzioni-modulo-di-progetto\\\/gestione-del-progetto-2\\\/#breadcrumb\"},\"inLanguage\":\"it-IT\",\"potentialAction\":[{\"@type\":\"ReadAction\",\"target\":[\"https:\\\/\\\/www.1tool.com\\\/it\\\/moduli\\\/organizzazione-e-servizio\\\/progetti\\\/funzioni-modulo-di-progetto\\\/gestione-del-progetto-2\\\/\"]}]},{\"@type\":\"BreadcrumbList\",\"@id\":\"https:\\\/\\\/www.1tool.com\\\/it\\\/moduli\\\/organizzazione-e-servizio\\\/progetti\\\/funzioni-modulo-di-progetto\\\/gestione-del-progetto-2\\\/#breadcrumb\",\"itemListElement\":[{\"@type\":\"ListItem\",\"position\":1,\"name\":\"Home\",\"item\":\"https:\\\/\\\/www.1tool.com\\\/it\\\/1tool-crm\\\/\"},{\"@type\":\"ListItem\",\"position\":2,\"name\":\"Moduli\",\"item\":\"https:\\\/\\\/www.1tool.com\\\/it\\\/module\\\/\"},{\"@type\":\"ListItem\",\"position\":3,\"name\":\"Organizzazione e servizio\",\"item\":\"https:\\\/\\\/www.1tool.com\\\/it\\\/moduli\\\/organizzazione-e-servizio\\\/\"},{\"@type\":\"ListItem\",\"position\":4,\"name\":\"Progetti\",\"item\":\"https:\\\/\\\/www.1tool.com\\\/it\\\/moduli\\\/organizzazione-e-servizio\\\/progetti\\\/\"},{\"@type\":\"ListItem\",\"position\":5,\"name\":\"Funzioni Modulo di progetto\",\"item\":\"https:\\\/\\\/www.1tool.com\\\/it\\\/moduli\\\/organizzazione-e-servizio\\\/progetti\\\/funzioni-modulo-di-progetto\\\/\"},{\"@type\":\"ListItem\",\"position\":6,\"name\":\"Gestione del progetto\"}]},{\"@type\":\"WebSite\",\"@id\":\"https:\\\/\\\/www.1tool.com\\\/it\\\/#website\",\"url\":\"https:\\\/\\\/www.1tool.com\\\/it\\\/\",\"name\":\"1Tool\",\"description\":\"CRM\",\"publisher\":{\"@id\":\"https:\\\/\\\/www.1tool.com\\\/it\\\/#organization\"},\"potentialAction\":[{\"@type\":\"SearchAction\",\"target\":{\"@type\":\"EntryPoint\",\"urlTemplate\":\"https:\\\/\\\/www.1tool.com\\\/it\\\/?s={search_term_string}\"},\"query-input\":{\"@type\":\"PropertyValueSpecification\",\"valueRequired\":true,\"valueName\":\"search_term_string\"}}],\"inLanguage\":\"it-IT\"},{\"@type\":\"Organization\",\"@id\":\"https:\\\/\\\/www.1tool.com\\\/it\\\/#organization\",\"name\":\"1Tool\",\"url\":\"https:\\\/\\\/www.1tool.com\\\/it\\\/\",\"logo\":{\"@type\":\"ImageObject\",\"inLanguage\":\"it-IT\",\"@id\":\"https:\\\/\\\/www.1tool.com\\\/it\\\/#\\\/schema\\\/logo\\\/image\\\/\",\"url\":\"https:\\\/\\\/www.1tool.com\\\/wp-content\\\/uploads\\\/2022\\\/04\\\/1tool-1.png\",\"contentUrl\":\"https:\\\/\\\/www.1tool.com\\\/wp-content\\\/uploads\\\/2022\\\/04\\\/1tool-1.png\",\"width\":400,\"height\":150,\"caption\":\"1Tool\"},\"image\":{\"@id\":\"https:\\\/\\\/www.1tool.com\\\/it\\\/#\\\/schema\\\/logo\\\/image\\\/\"}}]}<\/script>\n<!-- \/ Yoast SEO plugin. -->","yoast_head_json":{"title":"Gestione del progetto - 1Tool","robots":{"index":"index","follow":"follow","max-snippet":"max-snippet:-1","max-image-preview":"max-image-preview:large","max-video-preview":"max-video-preview:-1"},"canonical":"https:\/\/www.1tool.com\/it\/moduli\/organizzazione-e-servizio\/progetti\/funzioni-modulo-di-progetto\/gestione-del-progetto-2\/","og_locale":"it_IT","og_type":"article","og_title":"Gestione del progetto - 1Tool","og_description":"Gestione del progetto Il software di gestione dei progetti 1Tool assicura una gestione e un coordinamento semplici dei vostri progetti. Un potente software di gestione dei progetti per la vostra azienda! 1Tool \u00e8 un software professionale per la gestione dei progetti con il quale \u00e8 possibile pianificare e coordinare i progetti con la semplice pressione [&hellip;]","og_url":"https:\/\/www.1tool.com\/it\/moduli\/organizzazione-e-servizio\/progetti\/funzioni-modulo-di-progetto\/gestione-del-progetto-2\/","og_site_name":"1Tool","article_modified_time":"2026-05-06T13:58:47+00:00","twitter_card":"summary_large_image","twitter_misc":{"Tempo di lettura stimato":"3 minuti"},"schema":{"@context":"https:\/\/schema.org","@graph":[{"@type":"WebPage","@id":"https:\/\/www.1tool.com\/it\/moduli\/organizzazione-e-servizio\/progetti\/funzioni-modulo-di-progetto\/gestione-del-progetto-2\/","url":"https:\/\/www.1tool.com\/it\/moduli\/organizzazione-e-servizio\/progetti\/funzioni-modulo-di-progetto\/gestione-del-progetto-2\/","name":"Gestione del progetto - 1Tool","isPartOf":{"@id":"https:\/\/www.1tool.com\/it\/#website"},"datePublished":"2022-03-31T02:08:43+00:00","dateModified":"2026-05-06T13:58:47+00:00","breadcrumb":{"@id":"https:\/\/www.1tool.com\/it\/moduli\/organizzazione-e-servizio\/progetti\/funzioni-modulo-di-progetto\/gestione-del-progetto-2\/#breadcrumb"},"inLanguage":"it-IT","potentialAction":[{"@type":"ReadAction","target":["https:\/\/www.1tool.com\/it\/moduli\/organizzazione-e-servizio\/progetti\/funzioni-modulo-di-progetto\/gestione-del-progetto-2\/"]}]},{"@type":"BreadcrumbList","@id":"https:\/\/www.1tool.com\/it\/moduli\/organizzazione-e-servizio\/progetti\/funzioni-modulo-di-progetto\/gestione-del-progetto-2\/#breadcrumb","itemListElement":[{"@type":"ListItem","position":1,"name":"Home","item":"https:\/\/www.1tool.com\/it\/1tool-crm\/"},{"@type":"ListItem","position":2,"name":"Moduli","item":"https:\/\/www.1tool.com\/it\/module\/"},{"@type":"ListItem","position":3,"name":"Organizzazione e servizio","item":"https:\/\/www.1tool.com\/it\/moduli\/organizzazione-e-servizio\/"},{"@type":"ListItem","position":4,"name":"Progetti","item":"https:\/\/www.1tool.com\/it\/moduli\/organizzazione-e-servizio\/progetti\/"},{"@type":"ListItem","position":5,"name":"Funzioni Modulo di progetto","item":"https:\/\/www.1tool.com\/it\/moduli\/organizzazione-e-servizio\/progetti\/funzioni-modulo-di-progetto\/"},{"@type":"ListItem","position":6,"name":"Gestione del progetto"}]},{"@type":"WebSite","@id":"https:\/\/www.1tool.com\/it\/#website","url":"https:\/\/www.1tool.com\/it\/","name":"1Tool","description":"CRM","publisher":{"@id":"https:\/\/www.1tool.com\/it\/#organization"},"potentialAction":[{"@type":"SearchAction","target":{"@type":"EntryPoint","urlTemplate":"https:\/\/www.1tool.com\/it\/?s={search_term_string}"},"query-input":{"@type":"PropertyValueSpecification","valueRequired":true,"valueName":"search_term_string"}}],"inLanguage":"it-IT"},{"@type":"Organization","@id":"https:\/\/www.1tool.com\/it\/#organization","name":"1Tool","url":"https:\/\/www.1tool.com\/it\/","logo":{"@type":"ImageObject","inLanguage":"it-IT","@id":"https:\/\/www.1tool.com\/it\/#\/schema\/logo\/image\/","url":"https:\/\/www.1tool.com\/wp-content\/uploads\/2022\/04\/1tool-1.png","contentUrl":"https:\/\/www.1tool.com\/wp-content\/uploads\/2022\/04\/1tool-1.png","width":400,"height":150,"caption":"1Tool"},"image":{"@id":"https:\/\/www.1tool.com\/it\/#\/schema\/logo\/image\/"}}]}},"_links":{"self":[{"href":"https:\/\/www.1tool.com\/it\/wp-json\/wp\/v2\/pages\/76612","targetHints":{"allow":["GET"]}}],"collection":[{"href":"https:\/\/www.1tool.com\/it\/wp-json\/wp\/v2\/pages"}],"about":[{"href":"https:\/\/www.1tool.com\/it\/wp-json\/wp\/v2\/types\/page"}],"author":[{"embeddable":true,"href":"https:\/\/www.1tool.com\/it\/wp-json\/wp\/v2\/users\/1"}],"replies":[{"embeddable":true,"href":"https:\/\/www.1tool.com\/it\/wp-json\/wp\/v2\/comments?post=76612"}],"version-history":[{"count":1,"href":"https:\/\/www.1tool.com\/it\/wp-json\/wp\/v2\/pages\/76612\/revisions"}],"predecessor-version":[{"id":76613,"href":"https:\/\/www.1tool.com\/it\/wp-json\/wp\/v2\/pages\/76612\/revisions\/76613"}],"up":[{"embeddable":true,"href":"https:\/\/www.1tool.com\/it\/wp-json\/wp\/v2\/pages\/77198"}],"wp:attachment":[{"href":"https:\/\/www.1tool.com\/it\/wp-json\/wp\/v2\/media?parent=76612"}],"curies":[{"name":"wp","href":"https:\/\/api.w.org\/{rel}","templated":true}]}}