{"id":76616,"date":"2022-03-30T18:32:08","date_gmt":"2022-03-30T16:32:08","guid":{"rendered":"https:\/\/www.1tool.com\/funzioni-modulo-biglietti-di-supporto\/software-di-supporto\/"},"modified":"2026-05-06T15:54:13","modified_gmt":"2026-05-06T13:54:13","slug":"software-di-supporto","status":"publish","type":"page","link":"https:\/\/www.1tool.com\/it\/moduli\/organizzazione-e-servizio\/biglietti-di-assistenza\/funzioni-modulo-biglietti-di-supporto\/software-di-supporto\/","title":{"rendered":"Software di supporto"},"content":{"rendered":"\t\t<div data-elementor-type=\"wp-page\" data-elementor-id=\"76616\" class=\"elementor elementor-76616 elementor-49480\" data-elementor-post-type=\"page\">\n\t\t\t\t\t\t<section class=\"elementor-section elementor-top-section elementor-element elementor-element-47591b5 elementor-section-boxed elementor-section-height-default elementor-section-height-default shadepro-adv-gradient-no shadepro-sticky-no\" data-id=\"47591b5\" data-element_type=\"section\" data-e-type=\"section\" data-settings=\"{&quot;shadepro_sticky&quot;:&quot;no&quot;}\">\n\t\t\t\t\t\t<div class=\"elementor-container elementor-column-gap-default\">\n\t\t\t\t\t<div class=\"elementor-column elementor-col-100 elementor-top-column elementor-element elementor-element-cdf32a9\" data-id=\"cdf32a9\" data-element_type=\"column\" data-e-type=\"column\">\n\t\t\t<div class=\"elementor-widget-wrap elementor-element-populated\">\n\t\t\t\t\t\t<div class=\"elementor-element elementor-element-ea7a2ec shadepro-sticky-no elementor-widget elementor-widget-heading\" data-id=\"ea7a2ec\" data-element_type=\"widget\" data-e-type=\"widget\" data-settings=\"{&quot;shadepro_sticky&quot;:&quot;no&quot;}\" data-widget_type=\"heading.default\">\n\t\t\t\t<div class=\"elementor-widget-container\">\n\t\t\t\t\t<h1 class=\"elementor-heading-title elementor-size-default\">Software di supporto<\/h1>\t\t\t\t<\/div>\n\t\t\t\t<\/div>\n\t\t\t\t<div class=\"elementor-element elementor-element-c126f5c shadepro-sticky-no elementor-widget elementor-widget-text-editor\" data-id=\"c126f5c\" data-element_type=\"widget\" data-e-type=\"widget\" data-settings=\"{&quot;shadepro_sticky&quot;:&quot;no&quot;}\" data-widget_type=\"text-editor.default\">\n\t\t\t\t<div class=\"elementor-widget-container\">\n\t\t\t\t\t\t\t\t\t<p>Un servizio clienti eccezionale con il software di supporto 1Tool<\/p>\t\t\t\t\t\t\t\t<\/div>\n\t\t\t\t<\/div>\n\t\t\t\t<section class=\"elementor-section elementor-inner-section elementor-element elementor-element-631f0c9 elementor-section-boxed elementor-section-height-default elementor-section-height-default shadepro-adv-gradient-no shadepro-sticky-no\" data-id=\"631f0c9\" data-element_type=\"section\" data-e-type=\"section\" data-settings=\"{&quot;shadepro_sticky&quot;:&quot;no&quot;}\">\n\t\t\t\t\t\t<div class=\"elementor-container elementor-column-gap-default\">\n\t\t\t\t\t<div class=\"elementor-column elementor-col-100 elementor-inner-column elementor-element elementor-element-4de23fd\" data-id=\"4de23fd\" data-element_type=\"column\" data-e-type=\"column\">\n\t\t\t<div class=\"elementor-widget-wrap elementor-element-populated\">\n\t\t\t\t\t\t<div class=\"elementor-element elementor-element-5b38bee shadepro-sticky-no elementor-widget elementor-widget-text-editor\" data-id=\"5b38bee\" data-element_type=\"widget\" data-e-type=\"widget\" data-settings=\"{&quot;shadepro_sticky&quot;:&quot;no&quot;}\" data-widget_type=\"text-editor.default\">\n\t\t\t\t<div class=\"elementor-widget-container\">\n\t\t\t\t\t\t\t\t\t<h3>Aumenta la soddisfazione dei tuoi clienti con il nostro software di supporto<\/h3><p>Il software di assistenza 1Tool supporta una collaborazione efficace tra i reparti e garantisce un&#8217;elaborazione pi\u00f9 rapida delle richieste dei clienti. Il nostro software per l&#8217;assistenza e il CRM non solo favorisce la comunicazione interna per creare relazioni durature. Numerose funzioni intelligenti ti aiutano a registrare le richieste e i reclami in un database centrale per tutti i dipendenti responsabili e ad elaborarli in modo pi\u00f9 efficiente.  <\/p><h4>Sistema di ticket per il tuo CRM<\/h4><p>Con la funzione di sistema di ticket del nostro software CRM di assistenza, i problemi dei clienti vengono risolti da una posizione centrale. Indipendentemente dal canale che utilizzi per ricevere richieste, reclami e cos\u00ec via, puoi elaborarli in modo efficiente come team all&#8217;interno del software di assistenza grazie alla priorit\u00e0, alla scadenza e allo stato. L&#8217;assegnazione diretta alle persone responsabili e l&#8217;archiviazione di documenti o commenti importanti consentono di risparmiare tempo per le ricerche e le attivit\u00e0 amministrative. Questo ti permette di offrire un&#8217;assistenza eccellente senza duplicare gli sforzi.   <\/p><p><a href=\"https:\/\/www.1tool.com\/it\/funzioni-modulo-biglietti-di-supporto\/sistema-di-ticket\/\">Maggiori informazioni sul software del sistema di biglietteria<\/a><\/p><h3> <\/h3><h3>Portale di assistenza software 1Tool<\/h3><p>Il portale di assistenza di 1Tool Software non solo ti supporta nell&#8217;esecuzione rapida delle attivit\u00e0 di assistenza, ma funge anche da piattaforma centrale per ulteriori attivit\u00e0 e misure. \u00c8 possibile creare una base informativa completa sulla base dei ticket e grazie al collegamento con altri moduli. Che si tratti di dati specifici su un particolare cliente o della registrazione generale delle competenze dei dipendenti e dei futuri casi di assistenza, il Portale <g id=\"gid_0\">di assistenza 1Tool<\/g> fornisce tutte le informazioni rilevanti su clienti, tempi di assistenza e servizi fatturabili con la semplice pressione di un tasto.  <\/p>\t\t\t\t\t\t\t\t<\/div>\n\t\t\t\t<\/div>\n\t\t\t\t\t<\/div>\n\t\t<\/div>\n\t\t\t\t\t<\/div>\n\t\t<\/section>\n\t\t\t\t\t<\/div>\n\t\t<\/div>\n\t\t\t\t\t<\/div>\n\t\t<\/section>\n\t\t\t\t<\/div>\n\t\t","protected":false},"excerpt":{"rendered":"<p>Software di supporto Un servizio clienti eccezionale con il software di supporto 1Tool Aumenta la soddisfazione dei tuoi clienti con il nostro software di supporto Il software di assistenza 1Tool supporta una collaborazione efficace tra i reparti e garantisce un&#8217;elaborazione pi\u00f9 rapida delle richieste dei clienti. Il nostro software per l&#8217;assistenza e il CRM non [&hellip;]<\/p>\n","protected":false},"author":1,"featured_media":0,"parent":76532,"menu_order":0,"comment_status":"closed","ping_status":"closed","template":"","meta":{"inline_featured_image":false,"footnotes":""},"class_list":["post-76616","page","type-page","status-publish","hentry"],"acf":[],"yoast_head":"<!-- This site is optimized with the Yoast SEO plugin v27.5 - https:\/\/yoast.com\/product\/yoast-seo-wordpress\/ -->\n<title>Software di supporto - 1Tool<\/title>\n<meta name=\"robots\" content=\"index, follow, max-snippet:-1, max-image-preview:large, max-video-preview:-1\" \/>\n<link rel=\"canonical\" href=\"https:\/\/www.1tool.com\/it\/moduli\/organizzazione-e-servizio\/biglietti-di-assistenza\/funzioni-modulo-biglietti-di-supporto\/software-di-supporto\/\" \/>\n<meta property=\"og:locale\" content=\"it_IT\" \/>\n<meta property=\"og:type\" content=\"article\" \/>\n<meta property=\"og:title\" content=\"Software di supporto - 1Tool\" \/>\n<meta property=\"og:description\" content=\"Software di supporto Un servizio clienti eccezionale con il software di supporto 1Tool Aumenta la soddisfazione dei tuoi clienti con il nostro software di supporto Il software di assistenza 1Tool supporta una collaborazione efficace tra i reparti e garantisce un&#8217;elaborazione pi\u00f9 rapida delle richieste dei clienti. Il nostro software per l&#8217;assistenza e il CRM non [&hellip;]\" \/>\n<meta property=\"og:url\" content=\"https:\/\/www.1tool.com\/it\/moduli\/organizzazione-e-servizio\/biglietti-di-assistenza\/funzioni-modulo-biglietti-di-supporto\/software-di-supporto\/\" \/>\n<meta property=\"og:site_name\" content=\"1Tool\" \/>\n<meta property=\"article:modified_time\" content=\"2026-05-06T13:54:13+00:00\" \/>\n<meta name=\"twitter:card\" content=\"summary_large_image\" \/>\n<meta name=\"twitter:label1\" content=\"Tempo di lettura stimato\" \/>\n\t<meta name=\"twitter:data1\" content=\"1 minuto\" \/>\n<script type=\"application\/ld+json\" class=\"yoast-schema-graph\">{\"@context\":\"https:\\\/\\\/schema.org\",\"@graph\":[{\"@type\":\"WebPage\",\"@id\":\"https:\\\/\\\/www.1tool.com\\\/it\\\/moduli\\\/organizzazione-e-servizio\\\/biglietti-di-assistenza\\\/funzioni-modulo-biglietti-di-supporto\\\/software-di-supporto\\\/\",\"url\":\"https:\\\/\\\/www.1tool.com\\\/it\\\/moduli\\\/organizzazione-e-servizio\\\/biglietti-di-assistenza\\\/funzioni-modulo-biglietti-di-supporto\\\/software-di-supporto\\\/\",\"name\":\"Software di supporto - 1Tool\",\"isPartOf\":{\"@id\":\"https:\\\/\\\/www.1tool.com\\\/it\\\/#website\"},\"datePublished\":\"2022-03-30T16:32:08+00:00\",\"dateModified\":\"2026-05-06T13:54:13+00:00\",\"breadcrumb\":{\"@id\":\"https:\\\/\\\/www.1tool.com\\\/it\\\/moduli\\\/organizzazione-e-servizio\\\/biglietti-di-assistenza\\\/funzioni-modulo-biglietti-di-supporto\\\/software-di-supporto\\\/#breadcrumb\"},\"inLanguage\":\"it-IT\",\"potentialAction\":[{\"@type\":\"ReadAction\",\"target\":[\"https:\\\/\\\/www.1tool.com\\\/it\\\/moduli\\\/organizzazione-e-servizio\\\/biglietti-di-assistenza\\\/funzioni-modulo-biglietti-di-supporto\\\/software-di-supporto\\\/\"]}]},{\"@type\":\"BreadcrumbList\",\"@id\":\"https:\\\/\\\/www.1tool.com\\\/it\\\/moduli\\\/organizzazione-e-servizio\\\/biglietti-di-assistenza\\\/funzioni-modulo-biglietti-di-supporto\\\/software-di-supporto\\\/#breadcrumb\",\"itemListElement\":[{\"@type\":\"ListItem\",\"position\":1,\"name\":\"Home\",\"item\":\"https:\\\/\\\/www.1tool.com\\\/it\\\/1tool-crm\\\/\"},{\"@type\":\"ListItem\",\"position\":2,\"name\":\"Moduli\",\"item\":\"https:\\\/\\\/www.1tool.com\\\/it\\\/module\\\/\"},{\"@type\":\"ListItem\",\"position\":3,\"name\":\"Organizzazione e servizio\",\"item\":\"https:\\\/\\\/www.1tool.com\\\/it\\\/moduli\\\/organizzazione-e-servizio\\\/\"},{\"@type\":\"ListItem\",\"position\":4,\"name\":\"Biglietti di assistenza\",\"item\":\"https:\\\/\\\/www.1tool.com\\\/it\\\/moduli\\\/organizzazione-e-servizio\\\/biglietti-di-assistenza\\\/\"},{\"@type\":\"ListItem\",\"position\":5,\"name\":\"Funzioni Modulo Biglietti di supporto\",\"item\":\"https:\\\/\\\/www.1tool.com\\\/it\\\/moduli\\\/organizzazione-e-servizio\\\/biglietti-di-assistenza\\\/funzioni-modulo-biglietti-di-supporto\\\/\"},{\"@type\":\"ListItem\",\"position\":6,\"name\":\"Software di supporto\"}]},{\"@type\":\"WebSite\",\"@id\":\"https:\\\/\\\/www.1tool.com\\\/it\\\/#website\",\"url\":\"https:\\\/\\\/www.1tool.com\\\/it\\\/\",\"name\":\"1Tool\",\"description\":\"CRM\",\"publisher\":{\"@id\":\"https:\\\/\\\/www.1tool.com\\\/it\\\/#organization\"},\"potentialAction\":[{\"@type\":\"SearchAction\",\"target\":{\"@type\":\"EntryPoint\",\"urlTemplate\":\"https:\\\/\\\/www.1tool.com\\\/it\\\/?s={search_term_string}\"},\"query-input\":{\"@type\":\"PropertyValueSpecification\",\"valueRequired\":true,\"valueName\":\"search_term_string\"}}],\"inLanguage\":\"it-IT\"},{\"@type\":\"Organization\",\"@id\":\"https:\\\/\\\/www.1tool.com\\\/it\\\/#organization\",\"name\":\"1Tool\",\"url\":\"https:\\\/\\\/www.1tool.com\\\/it\\\/\",\"logo\":{\"@type\":\"ImageObject\",\"inLanguage\":\"it-IT\",\"@id\":\"https:\\\/\\\/www.1tool.com\\\/it\\\/#\\\/schema\\\/logo\\\/image\\\/\",\"url\":\"https:\\\/\\\/www.1tool.com\\\/wp-content\\\/uploads\\\/2022\\\/04\\\/1tool-1.png\",\"contentUrl\":\"https:\\\/\\\/www.1tool.com\\\/wp-content\\\/uploads\\\/2022\\\/04\\\/1tool-1.png\",\"width\":400,\"height\":150,\"caption\":\"1Tool\"},\"image\":{\"@id\":\"https:\\\/\\\/www.1tool.com\\\/it\\\/#\\\/schema\\\/logo\\\/image\\\/\"}}]}<\/script>\n<!-- \/ Yoast SEO plugin. -->","yoast_head_json":{"title":"Software di supporto - 1Tool","robots":{"index":"index","follow":"follow","max-snippet":"max-snippet:-1","max-image-preview":"max-image-preview:large","max-video-preview":"max-video-preview:-1"},"canonical":"https:\/\/www.1tool.com\/it\/moduli\/organizzazione-e-servizio\/biglietti-di-assistenza\/funzioni-modulo-biglietti-di-supporto\/software-di-supporto\/","og_locale":"it_IT","og_type":"article","og_title":"Software di supporto - 1Tool","og_description":"Software di supporto Un servizio clienti eccezionale con il software di supporto 1Tool Aumenta la soddisfazione dei tuoi clienti con il nostro software di supporto Il software di assistenza 1Tool supporta una collaborazione efficace tra i reparti e garantisce un&#8217;elaborazione pi\u00f9 rapida delle richieste dei clienti. Il nostro software per l&#8217;assistenza e il CRM non [&hellip;]","og_url":"https:\/\/www.1tool.com\/it\/moduli\/organizzazione-e-servizio\/biglietti-di-assistenza\/funzioni-modulo-biglietti-di-supporto\/software-di-supporto\/","og_site_name":"1Tool","article_modified_time":"2026-05-06T13:54:13+00:00","twitter_card":"summary_large_image","twitter_misc":{"Tempo di lettura stimato":"1 minuto"},"schema":{"@context":"https:\/\/schema.org","@graph":[{"@type":"WebPage","@id":"https:\/\/www.1tool.com\/it\/moduli\/organizzazione-e-servizio\/biglietti-di-assistenza\/funzioni-modulo-biglietti-di-supporto\/software-di-supporto\/","url":"https:\/\/www.1tool.com\/it\/moduli\/organizzazione-e-servizio\/biglietti-di-assistenza\/funzioni-modulo-biglietti-di-supporto\/software-di-supporto\/","name":"Software di supporto - 1Tool","isPartOf":{"@id":"https:\/\/www.1tool.com\/it\/#website"},"datePublished":"2022-03-30T16:32:08+00:00","dateModified":"2026-05-06T13:54:13+00:00","breadcrumb":{"@id":"https:\/\/www.1tool.com\/it\/moduli\/organizzazione-e-servizio\/biglietti-di-assistenza\/funzioni-modulo-biglietti-di-supporto\/software-di-supporto\/#breadcrumb"},"inLanguage":"it-IT","potentialAction":[{"@type":"ReadAction","target":["https:\/\/www.1tool.com\/it\/moduli\/organizzazione-e-servizio\/biglietti-di-assistenza\/funzioni-modulo-biglietti-di-supporto\/software-di-supporto\/"]}]},{"@type":"BreadcrumbList","@id":"https:\/\/www.1tool.com\/it\/moduli\/organizzazione-e-servizio\/biglietti-di-assistenza\/funzioni-modulo-biglietti-di-supporto\/software-di-supporto\/#breadcrumb","itemListElement":[{"@type":"ListItem","position":1,"name":"Home","item":"https:\/\/www.1tool.com\/it\/1tool-crm\/"},{"@type":"ListItem","position":2,"name":"Moduli","item":"https:\/\/www.1tool.com\/it\/module\/"},{"@type":"ListItem","position":3,"name":"Organizzazione e servizio","item":"https:\/\/www.1tool.com\/it\/moduli\/organizzazione-e-servizio\/"},{"@type":"ListItem","position":4,"name":"Biglietti di assistenza","item":"https:\/\/www.1tool.com\/it\/moduli\/organizzazione-e-servizio\/biglietti-di-assistenza\/"},{"@type":"ListItem","position":5,"name":"Funzioni Modulo Biglietti di supporto","item":"https:\/\/www.1tool.com\/it\/moduli\/organizzazione-e-servizio\/biglietti-di-assistenza\/funzioni-modulo-biglietti-di-supporto\/"},{"@type":"ListItem","position":6,"name":"Software di supporto"}]},{"@type":"WebSite","@id":"https:\/\/www.1tool.com\/it\/#website","url":"https:\/\/www.1tool.com\/it\/","name":"1Tool","description":"CRM","publisher":{"@id":"https:\/\/www.1tool.com\/it\/#organization"},"potentialAction":[{"@type":"SearchAction","target":{"@type":"EntryPoint","urlTemplate":"https:\/\/www.1tool.com\/it\/?s={search_term_string}"},"query-input":{"@type":"PropertyValueSpecification","valueRequired":true,"valueName":"search_term_string"}}],"inLanguage":"it-IT"},{"@type":"Organization","@id":"https:\/\/www.1tool.com\/it\/#organization","name":"1Tool","url":"https:\/\/www.1tool.com\/it\/","logo":{"@type":"ImageObject","inLanguage":"it-IT","@id":"https:\/\/www.1tool.com\/it\/#\/schema\/logo\/image\/","url":"https:\/\/www.1tool.com\/wp-content\/uploads\/2022\/04\/1tool-1.png","contentUrl":"https:\/\/www.1tool.com\/wp-content\/uploads\/2022\/04\/1tool-1.png","width":400,"height":150,"caption":"1Tool"},"image":{"@id":"https:\/\/www.1tool.com\/it\/#\/schema\/logo\/image\/"}}]}},"_links":{"self":[{"href":"https:\/\/www.1tool.com\/it\/wp-json\/wp\/v2\/pages\/76616","targetHints":{"allow":["GET"]}}],"collection":[{"href":"https:\/\/www.1tool.com\/it\/wp-json\/wp\/v2\/pages"}],"about":[{"href":"https:\/\/www.1tool.com\/it\/wp-json\/wp\/v2\/types\/page"}],"author":[{"embeddable":true,"href":"https:\/\/www.1tool.com\/it\/wp-json\/wp\/v2\/users\/1"}],"replies":[{"embeddable":true,"href":"https:\/\/www.1tool.com\/it\/wp-json\/wp\/v2\/comments?post=76616"}],"version-history":[{"count":1,"href":"https:\/\/www.1tool.com\/it\/wp-json\/wp\/v2\/pages\/76616\/revisions"}],"predecessor-version":[{"id":76622,"href":"https:\/\/www.1tool.com\/it\/wp-json\/wp\/v2\/pages\/76616\/revisions\/76622"}],"up":[{"embeddable":true,"href":"https:\/\/www.1tool.com\/it\/wp-json\/wp\/v2\/pages\/76532"}],"wp:attachment":[{"href":"https:\/\/www.1tool.com\/it\/wp-json\/wp\/v2\/media?parent=76616"}],"curies":[{"name":"wp","href":"https:\/\/api.w.org\/{rel}","templated":true}]}}