{"id":76629,"date":"2022-03-30T18:25:27","date_gmt":"2022-03-30T16:25:27","guid":{"rendered":"https:\/\/www.1tool.com\/funzioni-modulo-prenotazioni\/faq-prenotazioni\/"},"modified":"2026-05-06T15:54:13","modified_gmt":"2026-05-06T13:54:13","slug":"faq-prenotazioni","status":"publish","type":"page","link":"https:\/\/www.1tool.com\/it\/moduli\/moduli-speciali\/prenotazioni\/funzioni-modulo-prenotazioni\/faq-prenotazioni\/","title":{"rendered":"FAQ Prenotazioni"},"content":{"rendered":"\t\t<div data-elementor-type=\"wp-page\" data-elementor-id=\"76629\" class=\"elementor elementor-76629 elementor-49437\" data-elementor-post-type=\"page\">\n\t\t\t\t\t\t<section class=\"elementor-section elementor-top-section elementor-element elementor-element-9f58b98 elementor-section-boxed elementor-section-height-default elementor-section-height-default shadepro-adv-gradient-no shadepro-sticky-no\" data-id=\"9f58b98\" data-element_type=\"section\" data-e-type=\"section\" data-settings=\"{&quot;shadepro_sticky&quot;:&quot;no&quot;}\">\n\t\t\t\t\t\t<div class=\"elementor-container elementor-column-gap-default\">\n\t\t\t\t\t<div class=\"elementor-column elementor-col-100 elementor-top-column elementor-element elementor-element-acdc190\" data-id=\"acdc190\" data-element_type=\"column\" data-e-type=\"column\">\n\t\t\t<div class=\"elementor-widget-wrap elementor-element-populated\">\n\t\t\t\t\t\t<div class=\"elementor-element elementor-element-6f7cc0b shadepro-sticky-no elementor-widget elementor-widget-heading\" data-id=\"6f7cc0b\" data-element_type=\"widget\" data-e-type=\"widget\" data-settings=\"{&quot;shadepro_sticky&quot;:&quot;no&quot;}\" data-widget_type=\"heading.default\">\n\t\t\t\t<div class=\"elementor-widget-container\">\n\t\t\t\t\t<h1 class=\"elementor-heading-title elementor-size-default\">FAQ Prenotazioni<\/h1>\t\t\t\t<\/div>\n\t\t\t\t<\/div>\n\t\t\t\t<div class=\"elementor-element elementor-element-87cfe68 shadepro-sticky-no elementor-widget elementor-widget-text-editor\" data-id=\"87cfe68\" data-element_type=\"widget\" data-e-type=\"widget\" data-settings=\"{&quot;shadepro_sticky&quot;:&quot;no&quot;}\" data-widget_type=\"text-editor.default\">\n\t\t\t\t<div class=\"elementor-widget-container\">\n\t\t\t\t\t\t\t\t\t<p>Qui troverai le domande pi\u00f9 importanti sul sistema di prenotazione 1Tool<\/p>\t\t\t\t\t\t\t\t<\/div>\n\t\t\t\t<\/div>\n\t\t\t\t<section class=\"elementor-section elementor-inner-section elementor-element elementor-element-1df49be elementor-section-boxed elementor-section-height-default elementor-section-height-default shadepro-adv-gradient-no shadepro-sticky-no\" data-id=\"1df49be\" data-element_type=\"section\" data-e-type=\"section\" data-settings=\"{&quot;shadepro_sticky&quot;:&quot;no&quot;}\">\n\t\t\t\t\t\t<div class=\"elementor-container elementor-column-gap-default\">\n\t\t\t\t\t<div class=\"elementor-column elementor-col-100 elementor-inner-column elementor-element elementor-element-a54eaa7\" data-id=\"a54eaa7\" data-element_type=\"column\" data-e-type=\"column\">\n\t\t\t<div class=\"elementor-widget-wrap elementor-element-populated\">\n\t\t\t\t\t\t<div class=\"elementor-element elementor-element-3db9930 shadepro-sticky-no elementor-widget elementor-widget-text-editor\" data-id=\"3db9930\" data-element_type=\"widget\" data-e-type=\"widget\" data-settings=\"{&quot;shadepro_sticky&quot;:&quot;no&quot;}\" data-widget_type=\"text-editor.default\">\n\t\t\t\t<div class=\"elementor-widget-container\">\n\t\t\t\t\t\t\t\t\t<h3>Costi di formazione<\/h3><p><em><strong>Quanta formazione \u00e8 necessaria per il modulo di prenotazione?<\/strong><\/em><\/p><p>Non \u00e8 necessario essere un esperto di computer per utilizzare il modulo di prenotazione. Il sistema \u00e8 organizzato in modo chiaro affinch\u00e9 tu possa trovare ci\u00f2 che cerchi in modo semplice e veloce. Pensiamo che sarai in grado di utilizzare il sistema di prenotazione dopo 20 minuti di formazione telefonica.  <\/p><h3>Infrastrutture<\/h3><p><em><strong>Quale sistema informatico \u00e8 necessario per il modulo di prenotazione?<\/strong><\/em><\/p><p>Per lavorare con il modulo di prenotazione \u00e8 sufficiente un accesso standard a Internet. Non \u00e8 necessario installare un proprio software. Se hai accesso a Internet tramite il tuo cellulare, puoi utilizzare il sistema di prenotazione anche in mobilit\u00e0. Tutto ci\u00f2 di cui hai bisogno per usarlo \u00e8 un browser standard. Il sistema di prenotazione \u00e8 stato testato sui sistemi operativi Windows, Mac e Linux. Sono stati effettuati diversi test con Internet Explorer, Mozilla Firefox, Safari e Opera, tra gli altri.     <\/p><h3>Protezione dei dati<\/h3><p><em><strong>E la sicurezza dei dati?<\/strong><\/em><\/p><p>I tuoi dati sono al sicuro con noi. Creiamo backup regolari, archiviamo i dati su diversi server e proteggiamo i nostri sistemi con firewall e controlli di accesso speciali. Il modulo di prenotazione funziona come soluzione cloud in un centro dati sicuro in Europa. Ci\u00f2 significa che non hai bisogno di un&#8217;infrastruttura server propria e che la sicurezza, la disponibilit\u00e0 e i backup dei dati vengono gestiti da noi. Questo ti fa risparmiare molto tempo e denaro.    <\/p><h3>Integrazione<\/h3><p><em><strong>Il modulo di prenotazione pu\u00f2 essere integrato anche nel mio sito web?<\/strong><\/em><\/p><p>S\u00ec, il modulo di prenotazione pu\u00f2 essere facilmente integrato in qualsiasi sito web. Se integri il modulo di prenotazione nel sito web della tua azienda, i tuoi ospiti possono vedere online quando hai a disposizione quali camere e quali pacchetti. Le richieste vengono inoltrate via e-mail. I tuoi ospiti possono anche prenotare direttamente sul sito web.   <\/p><h3>Personalizzazione<\/h3><p><em><strong>Il modulo di prenotazione pu\u00f2 essere personalizzato in base alle mie esigenze?<\/strong><\/em><\/p><p>Il design del modulo di prenotazione pu\u00f2 essere personalizzato in base al tuo sito web. Hai anche la possibilit\u00e0 di definire diverse categorie di prezzo e pacchetti di offerte. Se utilizzi anche il nostro sistema 1Tool, puoi inviare ai tuoi ospiti una newsletter personalizzata. Grazie alle analisi, puoi vedere a colpo d&#8217;occhio quanti destinatari hanno letto le tue e-mail e se tutte le e-mail sono state consegnate.   <\/p>\t\t\t\t\t\t\t\t<\/div>\n\t\t\t\t<\/div>\n\t\t\t\t\t<\/div>\n\t\t<\/div>\n\t\t\t\t\t<\/div>\n\t\t<\/section>\n\t\t\t\t\t<\/div>\n\t\t<\/div>\n\t\t\t\t\t<\/div>\n\t\t<\/section>\n\t\t\t\t<\/div>\n\t\t","protected":false},"excerpt":{"rendered":"<p>FAQ Prenotazioni Qui troverai le domande pi\u00f9 importanti sul sistema di prenotazione 1Tool Costi di formazione Quanta formazione \u00e8 necessaria per il modulo di prenotazione? Non \u00e8 necessario essere un esperto di computer per utilizzare il modulo di prenotazione. Il sistema \u00e8 organizzato in modo chiaro affinch\u00e9 tu possa trovare ci\u00f2 che cerchi in modo [&hellip;]<\/p>\n","protected":false},"author":1,"featured_media":0,"parent":76548,"menu_order":0,"comment_status":"closed","ping_status":"closed","template":"","meta":{"inline_featured_image":false,"footnotes":""},"class_list":["post-76629","page","type-page","status-publish","hentry"],"acf":[],"yoast_head":"<!-- This site is optimized with the Yoast SEO plugin v27.5 - https:\/\/yoast.com\/product\/yoast-seo-wordpress\/ -->\n<title>FAQ Prenotazioni - 1Tool<\/title>\n<meta name=\"robots\" content=\"index, follow, max-snippet:-1, max-image-preview:large, max-video-preview:-1\" \/>\n<link rel=\"canonical\" href=\"https:\/\/www.1tool.com\/it\/moduli\/moduli-speciali\/prenotazioni\/funzioni-modulo-prenotazioni\/faq-prenotazioni\/\" \/>\n<meta property=\"og:locale\" content=\"it_IT\" \/>\n<meta property=\"og:type\" content=\"article\" \/>\n<meta property=\"og:title\" content=\"FAQ Prenotazioni - 1Tool\" \/>\n<meta property=\"og:description\" content=\"FAQ Prenotazioni Qui troverai le domande pi\u00f9 importanti sul sistema di prenotazione 1Tool Costi di formazione Quanta formazione \u00e8 necessaria per il modulo di prenotazione? Non \u00e8 necessario essere un esperto di computer per utilizzare il modulo di prenotazione. Il sistema \u00e8 organizzato in modo chiaro affinch\u00e9 tu possa trovare ci\u00f2 che cerchi in modo [&hellip;]\" \/>\n<meta property=\"og:url\" content=\"https:\/\/www.1tool.com\/it\/moduli\/moduli-speciali\/prenotazioni\/funzioni-modulo-prenotazioni\/faq-prenotazioni\/\" \/>\n<meta property=\"og:site_name\" content=\"1Tool\" \/>\n<meta property=\"article:modified_time\" content=\"2026-05-06T13:54:13+00:00\" \/>\n<meta name=\"twitter:card\" content=\"summary_large_image\" \/>\n<meta name=\"twitter:label1\" content=\"Tempo di lettura stimato\" \/>\n\t<meta name=\"twitter:data1\" content=\"2 minuti\" \/>\n<script type=\"application\/ld+json\" class=\"yoast-schema-graph\">{\"@context\":\"https:\\\/\\\/schema.org\",\"@graph\":[{\"@type\":\"WebPage\",\"@id\":\"https:\\\/\\\/www.1tool.com\\\/it\\\/moduli\\\/moduli-speciali\\\/prenotazioni\\\/funzioni-modulo-prenotazioni\\\/faq-prenotazioni\\\/\",\"url\":\"https:\\\/\\\/www.1tool.com\\\/it\\\/moduli\\\/moduli-speciali\\\/prenotazioni\\\/funzioni-modulo-prenotazioni\\\/faq-prenotazioni\\\/\",\"name\":\"FAQ Prenotazioni - 1Tool\",\"isPartOf\":{\"@id\":\"https:\\\/\\\/www.1tool.com\\\/it\\\/#website\"},\"datePublished\":\"2022-03-30T16:25:27+00:00\",\"dateModified\":\"2026-05-06T13:54:13+00:00\",\"breadcrumb\":{\"@id\":\"https:\\\/\\\/www.1tool.com\\\/it\\\/moduli\\\/moduli-speciali\\\/prenotazioni\\\/funzioni-modulo-prenotazioni\\\/faq-prenotazioni\\\/#breadcrumb\"},\"inLanguage\":\"it-IT\",\"potentialAction\":[{\"@type\":\"ReadAction\",\"target\":[\"https:\\\/\\\/www.1tool.com\\\/it\\\/moduli\\\/moduli-speciali\\\/prenotazioni\\\/funzioni-modulo-prenotazioni\\\/faq-prenotazioni\\\/\"]}]},{\"@type\":\"BreadcrumbList\",\"@id\":\"https:\\\/\\\/www.1tool.com\\\/it\\\/moduli\\\/moduli-speciali\\\/prenotazioni\\\/funzioni-modulo-prenotazioni\\\/faq-prenotazioni\\\/#breadcrumb\",\"itemListElement\":[{\"@type\":\"ListItem\",\"position\":1,\"name\":\"Home\",\"item\":\"https:\\\/\\\/www.1tool.com\\\/it\\\/1tool-crm\\\/\"},{\"@type\":\"ListItem\",\"position\":2,\"name\":\"Moduli\",\"item\":\"https:\\\/\\\/www.1tool.com\\\/it\\\/module\\\/\"},{\"@type\":\"ListItem\",\"position\":3,\"name\":\"Moduli speciali\",\"item\":\"https:\\\/\\\/www.1tool.com\\\/it\\\/moduli\\\/moduli-speciali\\\/\"},{\"@type\":\"ListItem\",\"position\":4,\"name\":\"Prenotazioni\",\"item\":\"https:\\\/\\\/www.1tool.com\\\/it\\\/moduli\\\/moduli-speciali\\\/prenotazioni\\\/\"},{\"@type\":\"ListItem\",\"position\":5,\"name\":\"Funzioni Modulo prenotazioni\",\"item\":\"https:\\\/\\\/www.1tool.com\\\/it\\\/moduli\\\/moduli-speciali\\\/prenotazioni\\\/funzioni-modulo-prenotazioni\\\/\"},{\"@type\":\"ListItem\",\"position\":6,\"name\":\"FAQ Prenotazioni\"}]},{\"@type\":\"WebSite\",\"@id\":\"https:\\\/\\\/www.1tool.com\\\/it\\\/#website\",\"url\":\"https:\\\/\\\/www.1tool.com\\\/it\\\/\",\"name\":\"1Tool\",\"description\":\"CRM\",\"publisher\":{\"@id\":\"https:\\\/\\\/www.1tool.com\\\/it\\\/#organization\"},\"potentialAction\":[{\"@type\":\"SearchAction\",\"target\":{\"@type\":\"EntryPoint\",\"urlTemplate\":\"https:\\\/\\\/www.1tool.com\\\/it\\\/?s={search_term_string}\"},\"query-input\":{\"@type\":\"PropertyValueSpecification\",\"valueRequired\":true,\"valueName\":\"search_term_string\"}}],\"inLanguage\":\"it-IT\"},{\"@type\":\"Organization\",\"@id\":\"https:\\\/\\\/www.1tool.com\\\/it\\\/#organization\",\"name\":\"1Tool\",\"url\":\"https:\\\/\\\/www.1tool.com\\\/it\\\/\",\"logo\":{\"@type\":\"ImageObject\",\"inLanguage\":\"it-IT\",\"@id\":\"https:\\\/\\\/www.1tool.com\\\/it\\\/#\\\/schema\\\/logo\\\/image\\\/\",\"url\":\"https:\\\/\\\/www.1tool.com\\\/wp-content\\\/uploads\\\/2022\\\/04\\\/1tool-1.png\",\"contentUrl\":\"https:\\\/\\\/www.1tool.com\\\/wp-content\\\/uploads\\\/2022\\\/04\\\/1tool-1.png\",\"width\":400,\"height\":150,\"caption\":\"1Tool\"},\"image\":{\"@id\":\"https:\\\/\\\/www.1tool.com\\\/it\\\/#\\\/schema\\\/logo\\\/image\\\/\"}}]}<\/script>\n<!-- \/ Yoast SEO plugin. -->","yoast_head_json":{"title":"FAQ Prenotazioni - 1Tool","robots":{"index":"index","follow":"follow","max-snippet":"max-snippet:-1","max-image-preview":"max-image-preview:large","max-video-preview":"max-video-preview:-1"},"canonical":"https:\/\/www.1tool.com\/it\/moduli\/moduli-speciali\/prenotazioni\/funzioni-modulo-prenotazioni\/faq-prenotazioni\/","og_locale":"it_IT","og_type":"article","og_title":"FAQ Prenotazioni - 1Tool","og_description":"FAQ Prenotazioni Qui troverai le domande pi\u00f9 importanti sul sistema di prenotazione 1Tool Costi di formazione Quanta formazione \u00e8 necessaria per il modulo di prenotazione? Non \u00e8 necessario essere un esperto di computer per utilizzare il modulo di prenotazione. Il sistema \u00e8 organizzato in modo chiaro affinch\u00e9 tu possa trovare ci\u00f2 che cerchi in modo [&hellip;]","og_url":"https:\/\/www.1tool.com\/it\/moduli\/moduli-speciali\/prenotazioni\/funzioni-modulo-prenotazioni\/faq-prenotazioni\/","og_site_name":"1Tool","article_modified_time":"2026-05-06T13:54:13+00:00","twitter_card":"summary_large_image","twitter_misc":{"Tempo di lettura stimato":"2 minuti"},"schema":{"@context":"https:\/\/schema.org","@graph":[{"@type":"WebPage","@id":"https:\/\/www.1tool.com\/it\/moduli\/moduli-speciali\/prenotazioni\/funzioni-modulo-prenotazioni\/faq-prenotazioni\/","url":"https:\/\/www.1tool.com\/it\/moduli\/moduli-speciali\/prenotazioni\/funzioni-modulo-prenotazioni\/faq-prenotazioni\/","name":"FAQ Prenotazioni - 1Tool","isPartOf":{"@id":"https:\/\/www.1tool.com\/it\/#website"},"datePublished":"2022-03-30T16:25:27+00:00","dateModified":"2026-05-06T13:54:13+00:00","breadcrumb":{"@id":"https:\/\/www.1tool.com\/it\/moduli\/moduli-speciali\/prenotazioni\/funzioni-modulo-prenotazioni\/faq-prenotazioni\/#breadcrumb"},"inLanguage":"it-IT","potentialAction":[{"@type":"ReadAction","target":["https:\/\/www.1tool.com\/it\/moduli\/moduli-speciali\/prenotazioni\/funzioni-modulo-prenotazioni\/faq-prenotazioni\/"]}]},{"@type":"BreadcrumbList","@id":"https:\/\/www.1tool.com\/it\/moduli\/moduli-speciali\/prenotazioni\/funzioni-modulo-prenotazioni\/faq-prenotazioni\/#breadcrumb","itemListElement":[{"@type":"ListItem","position":1,"name":"Home","item":"https:\/\/www.1tool.com\/it\/1tool-crm\/"},{"@type":"ListItem","position":2,"name":"Moduli","item":"https:\/\/www.1tool.com\/it\/module\/"},{"@type":"ListItem","position":3,"name":"Moduli speciali","item":"https:\/\/www.1tool.com\/it\/moduli\/moduli-speciali\/"},{"@type":"ListItem","position":4,"name":"Prenotazioni","item":"https:\/\/www.1tool.com\/it\/moduli\/moduli-speciali\/prenotazioni\/"},{"@type":"ListItem","position":5,"name":"Funzioni Modulo prenotazioni","item":"https:\/\/www.1tool.com\/it\/moduli\/moduli-speciali\/prenotazioni\/funzioni-modulo-prenotazioni\/"},{"@type":"ListItem","position":6,"name":"FAQ Prenotazioni"}]},{"@type":"WebSite","@id":"https:\/\/www.1tool.com\/it\/#website","url":"https:\/\/www.1tool.com\/it\/","name":"1Tool","description":"CRM","publisher":{"@id":"https:\/\/www.1tool.com\/it\/#organization"},"potentialAction":[{"@type":"SearchAction","target":{"@type":"EntryPoint","urlTemplate":"https:\/\/www.1tool.com\/it\/?s={search_term_string}"},"query-input":{"@type":"PropertyValueSpecification","valueRequired":true,"valueName":"search_term_string"}}],"inLanguage":"it-IT"},{"@type":"Organization","@id":"https:\/\/www.1tool.com\/it\/#organization","name":"1Tool","url":"https:\/\/www.1tool.com\/it\/","logo":{"@type":"ImageObject","inLanguage":"it-IT","@id":"https:\/\/www.1tool.com\/it\/#\/schema\/logo\/image\/","url":"https:\/\/www.1tool.com\/wp-content\/uploads\/2022\/04\/1tool-1.png","contentUrl":"https:\/\/www.1tool.com\/wp-content\/uploads\/2022\/04\/1tool-1.png","width":400,"height":150,"caption":"1Tool"},"image":{"@id":"https:\/\/www.1tool.com\/it\/#\/schema\/logo\/image\/"}}]}},"_links":{"self":[{"href":"https:\/\/www.1tool.com\/it\/wp-json\/wp\/v2\/pages\/76629","targetHints":{"allow":["GET"]}}],"collection":[{"href":"https:\/\/www.1tool.com\/it\/wp-json\/wp\/v2\/pages"}],"about":[{"href":"https:\/\/www.1tool.com\/it\/wp-json\/wp\/v2\/types\/page"}],"author":[{"embeddable":true,"href":"https:\/\/www.1tool.com\/it\/wp-json\/wp\/v2\/users\/1"}],"replies":[{"embeddable":true,"href":"https:\/\/www.1tool.com\/it\/wp-json\/wp\/v2\/comments?post=76629"}],"version-history":[{"count":1,"href":"https:\/\/www.1tool.com\/it\/wp-json\/wp\/v2\/pages\/76629\/revisions"}],"predecessor-version":[{"id":76631,"href":"https:\/\/www.1tool.com\/it\/wp-json\/wp\/v2\/pages\/76629\/revisions\/76631"}],"up":[{"embeddable":true,"href":"https:\/\/www.1tool.com\/it\/wp-json\/wp\/v2\/pages\/76548"}],"wp:attachment":[{"href":"https:\/\/www.1tool.com\/it\/wp-json\/wp\/v2\/media?parent=76629"}],"curies":[{"name":"wp","href":"https:\/\/api.w.org\/{rel}","templated":true}]}}