{"id":76633,"date":"2022-03-30T18:23:17","date_gmt":"2022-03-30T16:23:17","guid":{"rendered":"https:\/\/www.1tool.com\/funzioni-modulo-prenotazioni\/software-di-prenotazione\/"},"modified":"2026-05-06T15:54:14","modified_gmt":"2026-05-06T13:54:14","slug":"software-di-prenotazione","status":"publish","type":"page","link":"https:\/\/www.1tool.com\/it\/moduli\/moduli-speciali\/prenotazioni\/funzioni-modulo-prenotazioni\/software-di-prenotazione\/","title":{"rendered":"Software di prenotazione"},"content":{"rendered":"\t\t<div data-elementor-type=\"wp-page\" data-elementor-id=\"76633\" class=\"elementor elementor-76633 elementor-49429\" data-elementor-post-type=\"page\">\n\t\t\t\t\t\t<section class=\"elementor-section elementor-top-section elementor-element elementor-element-3d6c715 elementor-section-boxed elementor-section-height-default elementor-section-height-default shadepro-adv-gradient-no shadepro-sticky-no\" data-id=\"3d6c715\" data-element_type=\"section\" data-e-type=\"section\" data-settings=\"{&quot;shadepro_sticky&quot;:&quot;no&quot;}\">\n\t\t\t\t\t\t<div class=\"elementor-container elementor-column-gap-default\">\n\t\t\t\t\t<div class=\"elementor-column elementor-col-100 elementor-top-column elementor-element elementor-element-8d85a52\" data-id=\"8d85a52\" data-element_type=\"column\" data-e-type=\"column\">\n\t\t\t<div class=\"elementor-widget-wrap elementor-element-populated\">\n\t\t\t\t\t\t<div class=\"elementor-element elementor-element-9a09205 shadepro-sticky-no elementor-widget elementor-widget-heading\" data-id=\"9a09205\" data-element_type=\"widget\" data-e-type=\"widget\" data-settings=\"{&quot;shadepro_sticky&quot;:&quot;no&quot;}\" data-widget_type=\"heading.default\">\n\t\t\t\t<div class=\"elementor-widget-container\">\n\t\t\t\t\t<h1 class=\"elementor-heading-title elementor-size-default\">Software di prenotazione<\/h1>\t\t\t\t<\/div>\n\t\t\t\t<\/div>\n\t\t\t\t<div class=\"elementor-element elementor-element-1645000 shadepro-sticky-no elementor-widget elementor-widget-text-editor\" data-id=\"1645000\" data-element_type=\"widget\" data-e-type=\"widget\" data-settings=\"{&quot;shadepro_sticky&quot;:&quot;no&quot;}\" data-widget_type=\"text-editor.default\">\n\t\t\t\t<div class=\"elementor-widget-container\">\n\t\t\t\t\t\t\t\t\t<p>Il software di prenotazione 1Tool offre un&#8217;ampia gamma di applicazioni in tutti i settori.<\/p>\t\t\t\t\t\t\t\t<\/div>\n\t\t\t\t<\/div>\n\t\t\t\t<section class=\"elementor-section elementor-inner-section elementor-element elementor-element-7e4b79e elementor-section-boxed elementor-section-height-default elementor-section-height-default shadepro-adv-gradient-no shadepro-sticky-no\" data-id=\"7e4b79e\" data-element_type=\"section\" data-e-type=\"section\" data-settings=\"{&quot;shadepro_sticky&quot;:&quot;no&quot;}\">\n\t\t\t\t\t\t<div class=\"elementor-container elementor-column-gap-default\">\n\t\t\t\t\t<div class=\"elementor-column elementor-col-100 elementor-inner-column elementor-element elementor-element-6d858c0\" data-id=\"6d858c0\" data-element_type=\"column\" data-e-type=\"column\">\n\t\t\t<div class=\"elementor-widget-wrap elementor-element-populated\">\n\t\t\t\t\t\t<div class=\"elementor-element elementor-element-88c6573 shadepro-sticky-no elementor-widget elementor-widget-text-editor\" data-id=\"88c6573\" data-element_type=\"widget\" data-e-type=\"widget\" data-settings=\"{&quot;shadepro_sticky&quot;:&quot;no&quot;}\" data-widget_type=\"text-editor.default\">\n\t\t\t\t<div class=\"elementor-widget-container\">\n\t\t\t\t\t\t\t\t\t<h3>Software di prenotazione personalizzato per le tue esigenze<\/h3><p>Che tu sia un tour operator, un hotel, una societ\u00e0 di noleggio auto o barche, con il software di prenotazione 1Tool puoi gestire le tue risorse in modo efficiente e avere sempre una panoramica di tutte le prenotazioni. A seconda del settore, il processo di prenotazione pu\u00f2 essere adattato in modo ottimale alla tua attivit\u00e0, consentendo cos\u00ec una gestione flessibile delle tue propriet\u00e0. Grazie al software di prenotazione basato sul web, le richieste e le prenotazioni possono essere gestite da qualsiasi luogo e in qualsiasi momento: un migliore utilizzo della capacit\u00e0 \u00e8 garantito con 1Tool!  <\/p><h3>Integrazione semplice del tuo sistema di prenotazione online<\/h3><p>Il nostro sistema di prenotazione 1Tool pu\u00f2 essere facilmente integrato nel tuo sito web o nei portali di prenotazione. In questo modo, da un lato aumenti la tua presenza online e, dall&#8217;altro, permetti ai tuoi clienti di effettuare prenotazioni e richieste di informazioni comodamente da qualsiasi luogo attraverso un canale online aggiuntivo. Un piano di prenotazione personalizzato, adattato al layout del tuo sito web, mostra graficamente tutte le camere, i veicoli o le attrezzature disponibili per i clienti. Quando un cliente effettua una prenotazione, i dati del cliente e i dettagli della prenotazione vengono trasferiti automaticamente al software di prenotazione tramite l&#8217;interfaccia 1Tool. In questo modo non solo si risparmia il tempo e la fatica dell&#8217;inserimento manuale, ma si evitano facilmente le doppie prenotazioni.    <\/p><h3>Funzioni estese del nostro software di prenotazione online<\/h3><p>1Tool dispone di numerose funzioni e ti permette di pianificare le tue risorse in modo efficiente. Il sistema di prenotazione online ti permette di accedere al tuo sito web e al calendario delle prenotazioni 24 ore su 24, 7 giorni su 7, consentendoti di accettare le prenotazioni in modo automatico. Grazie al multilinguismo del software, potrai offrire agli ospiti internazionali e agli interessati il miglior servizio possibile.  <\/p><h4>I dettagli della prenotazione possono essere personalizzati<\/h4><p>Senza dover passare da un sistema all&#8217;altro, puoi trovare tutti i dati relativi a clienti, propriet\u00e0 e prenotazioni nel tuo database 1Tool e gestirli con la semplice pressione di un tasto. Da un lato, ci\u00f2 consente una semplice segmentazione dei tuoi clienti, in quanto i dati degli ospiti vengono trasferiti automaticamente al sistema di prenotazione dopo ogni prenotazione e per ogni richiesta o prenotazione viene creato un profilo relativo alla durata del soggiorno, all&#8217;et\u00e0, alla provenienza, alle preferenze particolari, ecc. D&#8217;altro canto, puoi reagire molto pi\u00f9 rapidamente alle richieste dei clienti e adattare le propriet\u00e0 ai loro desideri e alle loro esigenze. I veicoli, le camere o altri elementi della prenotazione possono essere categorizzati individualmente o suddivisi in &#8220;pacchetti&#8221; speciali. Anche i prezzi e le immagini possono essere definiti separatamente per propriet\u00e0 o acquirente (ad esempio, sconti per anziani, bambini, ecc.). I dati vengono trasferiti automaticamente al tuo sito web, in modo da non doverli inserire due volte.     <\/p><h4>Interfacce di prenotazione<\/h4><p>Il calendario del tuo software di prenotazione 1Tool non solo pu\u00f2 essere integrato nel tuo sito web, ma \u00e8 anche possibile interfacciarsi con altri sistemi di prenotazione come Booking.com, HRS o Tiscover. Per una maggiore presenza e portata, possiamo anche integrare il sistema di prenotazione nella tua pagina Facebook utilizzando un pulsante &#8220;Prenota&#8221; dedicato. In questo modo sarai presente esattamente dove si trovano i tuoi gruppi target. La visualizzazione mobile del tuo sito web o della piattaforma di prenotazione ti permette inoltre di effettuare prenotazioni in modo semplice e veloce tramite smartphone o tablet. Con 1Tool, i tuoi clienti possono raggiungerti sempre e ovunque!    <\/p><h4>Elaborazione del pagamento online delle tue prenotazioni<\/h4><p>Con il software di prenotazione 1Tool, i tuoi clienti hanno la possibilit\u00e0 di pagare in modo sicuro e online per camere, auto a noleggio e simili. Una connessione di pagamento gi\u00e0 pronta tramite Card Complete e Wirecard garantisce un&#8217;elaborazione semplice dei pagamenti. La semplice gestione delle tue propriet\u00e0 all&#8217;interno del nostro software ti permette inoltre di stabilire prezzi flessibili e di adattarli alle stagioni, all&#8217;utilizzo della capacit\u00e0, ecc.  <\/p><h4>Promemoria per i tuoi clienti<\/h4><p>Comunica in modo efficace con i tuoi clienti e ospiti. Il nostro software di prenotazione invia automaticamente promemoria sulle prenotazioni e sulle richieste di informazioni, aiutandoti a costruire relazioni a lungo termine con i clienti. Diamo particolare importanza alla comunicazione personalizzata con i clienti, per cui le e-mail e i promemoria vengono inviati automaticamente con il nome dei tuoi potenziali clienti.  <\/p>\t\t\t\t\t\t\t\t<\/div>\n\t\t\t\t<\/div>\n\t\t\t\t\t<\/div>\n\t\t<\/div>\n\t\t\t\t\t<\/div>\n\t\t<\/section>\n\t\t\t\t\t<\/div>\n\t\t<\/div>\n\t\t\t\t\t<\/div>\n\t\t<\/section>\n\t\t\t\t<\/div>\n\t\t","protected":false},"excerpt":{"rendered":"<p>Software di prenotazione Il software di prenotazione 1Tool offre un&#8217;ampia gamma di applicazioni in tutti i settori. Software di prenotazione personalizzato per le tue esigenze Che tu sia un tour operator, un hotel, una societ\u00e0 di noleggio auto o barche, con il software di prenotazione 1Tool puoi gestire le tue risorse in modo efficiente e [&hellip;]<\/p>\n","protected":false},"author":1,"featured_media":0,"parent":76548,"menu_order":0,"comment_status":"closed","ping_status":"closed","template":"","meta":{"inline_featured_image":false,"footnotes":""},"class_list":["post-76633","page","type-page","status-publish","hentry"],"acf":[],"yoast_head":"<!-- This site is optimized with the Yoast SEO plugin v27.5 - https:\/\/yoast.com\/product\/yoast-seo-wordpress\/ -->\n<title>Software di prenotazione - 1Tool<\/title>\n<meta name=\"robots\" content=\"index, follow, max-snippet:-1, max-image-preview:large, max-video-preview:-1\" \/>\n<link rel=\"canonical\" href=\"https:\/\/www.1tool.com\/it\/moduli\/moduli-speciali\/prenotazioni\/funzioni-modulo-prenotazioni\/software-di-prenotazione\/\" \/>\n<meta property=\"og:locale\" content=\"it_IT\" \/>\n<meta property=\"og:type\" content=\"article\" \/>\n<meta property=\"og:title\" content=\"Software di prenotazione - 1Tool\" \/>\n<meta property=\"og:description\" content=\"Software di prenotazione Il software di prenotazione 1Tool offre un&#8217;ampia gamma di applicazioni in tutti i settori. Software di prenotazione personalizzato per le tue esigenze Che tu sia un tour operator, un hotel, una societ\u00e0 di noleggio auto o barche, con il software di prenotazione 1Tool puoi gestire le tue risorse in modo efficiente e [&hellip;]\" \/>\n<meta property=\"og:url\" content=\"https:\/\/www.1tool.com\/it\/moduli\/moduli-speciali\/prenotazioni\/funzioni-modulo-prenotazioni\/software-di-prenotazione\/\" \/>\n<meta property=\"og:site_name\" content=\"1Tool\" \/>\n<meta property=\"article:modified_time\" content=\"2026-05-06T13:54:14+00:00\" \/>\n<meta name=\"twitter:card\" content=\"summary_large_image\" \/>\n<meta name=\"twitter:label1\" content=\"Tempo di lettura stimato\" \/>\n\t<meta name=\"twitter:data1\" content=\"4 minuti\" \/>\n<script type=\"application\/ld+json\" class=\"yoast-schema-graph\">{\"@context\":\"https:\\\/\\\/schema.org\",\"@graph\":[{\"@type\":\"WebPage\",\"@id\":\"https:\\\/\\\/www.1tool.com\\\/it\\\/moduli\\\/moduli-speciali\\\/prenotazioni\\\/funzioni-modulo-prenotazioni\\\/software-di-prenotazione\\\/\",\"url\":\"https:\\\/\\\/www.1tool.com\\\/it\\\/moduli\\\/moduli-speciali\\\/prenotazioni\\\/funzioni-modulo-prenotazioni\\\/software-di-prenotazione\\\/\",\"name\":\"Software di prenotazione - 1Tool\",\"isPartOf\":{\"@id\":\"https:\\\/\\\/www.1tool.com\\\/it\\\/#website\"},\"datePublished\":\"2022-03-30T16:23:17+00:00\",\"dateModified\":\"2026-05-06T13:54:14+00:00\",\"breadcrumb\":{\"@id\":\"https:\\\/\\\/www.1tool.com\\\/it\\\/moduli\\\/moduli-speciali\\\/prenotazioni\\\/funzioni-modulo-prenotazioni\\\/software-di-prenotazione\\\/#breadcrumb\"},\"inLanguage\":\"it-IT\",\"potentialAction\":[{\"@type\":\"ReadAction\",\"target\":[\"https:\\\/\\\/www.1tool.com\\\/it\\\/moduli\\\/moduli-speciali\\\/prenotazioni\\\/funzioni-modulo-prenotazioni\\\/software-di-prenotazione\\\/\"]}]},{\"@type\":\"BreadcrumbList\",\"@id\":\"https:\\\/\\\/www.1tool.com\\\/it\\\/moduli\\\/moduli-speciali\\\/prenotazioni\\\/funzioni-modulo-prenotazioni\\\/software-di-prenotazione\\\/#breadcrumb\",\"itemListElement\":[{\"@type\":\"ListItem\",\"position\":1,\"name\":\"Home\",\"item\":\"https:\\\/\\\/www.1tool.com\\\/it\\\/1tool-crm\\\/\"},{\"@type\":\"ListItem\",\"position\":2,\"name\":\"Moduli\",\"item\":\"https:\\\/\\\/www.1tool.com\\\/it\\\/module\\\/\"},{\"@type\":\"ListItem\",\"position\":3,\"name\":\"Moduli speciali\",\"item\":\"https:\\\/\\\/www.1tool.com\\\/it\\\/moduli\\\/moduli-speciali\\\/\"},{\"@type\":\"ListItem\",\"position\":4,\"name\":\"Prenotazioni\",\"item\":\"https:\\\/\\\/www.1tool.com\\\/it\\\/moduli\\\/moduli-speciali\\\/prenotazioni\\\/\"},{\"@type\":\"ListItem\",\"position\":5,\"name\":\"Funzioni Modulo prenotazioni\",\"item\":\"https:\\\/\\\/www.1tool.com\\\/it\\\/moduli\\\/moduli-speciali\\\/prenotazioni\\\/funzioni-modulo-prenotazioni\\\/\"},{\"@type\":\"ListItem\",\"position\":6,\"name\":\"Software di prenotazione\"}]},{\"@type\":\"WebSite\",\"@id\":\"https:\\\/\\\/www.1tool.com\\\/it\\\/#website\",\"url\":\"https:\\\/\\\/www.1tool.com\\\/it\\\/\",\"name\":\"1Tool\",\"description\":\"CRM\",\"publisher\":{\"@id\":\"https:\\\/\\\/www.1tool.com\\\/it\\\/#organization\"},\"potentialAction\":[{\"@type\":\"SearchAction\",\"target\":{\"@type\":\"EntryPoint\",\"urlTemplate\":\"https:\\\/\\\/www.1tool.com\\\/it\\\/?s={search_term_string}\"},\"query-input\":{\"@type\":\"PropertyValueSpecification\",\"valueRequired\":true,\"valueName\":\"search_term_string\"}}],\"inLanguage\":\"it-IT\"},{\"@type\":\"Organization\",\"@id\":\"https:\\\/\\\/www.1tool.com\\\/it\\\/#organization\",\"name\":\"1Tool\",\"url\":\"https:\\\/\\\/www.1tool.com\\\/it\\\/\",\"logo\":{\"@type\":\"ImageObject\",\"inLanguage\":\"it-IT\",\"@id\":\"https:\\\/\\\/www.1tool.com\\\/it\\\/#\\\/schema\\\/logo\\\/image\\\/\",\"url\":\"https:\\\/\\\/www.1tool.com\\\/wp-content\\\/uploads\\\/2022\\\/04\\\/1tool-1.png\",\"contentUrl\":\"https:\\\/\\\/www.1tool.com\\\/wp-content\\\/uploads\\\/2022\\\/04\\\/1tool-1.png\",\"width\":400,\"height\":150,\"caption\":\"1Tool\"},\"image\":{\"@id\":\"https:\\\/\\\/www.1tool.com\\\/it\\\/#\\\/schema\\\/logo\\\/image\\\/\"}}]}<\/script>\n<!-- \/ Yoast SEO plugin. -->","yoast_head_json":{"title":"Software di prenotazione - 1Tool","robots":{"index":"index","follow":"follow","max-snippet":"max-snippet:-1","max-image-preview":"max-image-preview:large","max-video-preview":"max-video-preview:-1"},"canonical":"https:\/\/www.1tool.com\/it\/moduli\/moduli-speciali\/prenotazioni\/funzioni-modulo-prenotazioni\/software-di-prenotazione\/","og_locale":"it_IT","og_type":"article","og_title":"Software di prenotazione - 1Tool","og_description":"Software di prenotazione Il software di prenotazione 1Tool offre un&#8217;ampia gamma di applicazioni in tutti i settori. Software di prenotazione personalizzato per le tue esigenze Che tu sia un tour operator, un hotel, una societ\u00e0 di noleggio auto o barche, con il software di prenotazione 1Tool puoi gestire le tue risorse in modo efficiente e [&hellip;]","og_url":"https:\/\/www.1tool.com\/it\/moduli\/moduli-speciali\/prenotazioni\/funzioni-modulo-prenotazioni\/software-di-prenotazione\/","og_site_name":"1Tool","article_modified_time":"2026-05-06T13:54:14+00:00","twitter_card":"summary_large_image","twitter_misc":{"Tempo di lettura stimato":"4 minuti"},"schema":{"@context":"https:\/\/schema.org","@graph":[{"@type":"WebPage","@id":"https:\/\/www.1tool.com\/it\/moduli\/moduli-speciali\/prenotazioni\/funzioni-modulo-prenotazioni\/software-di-prenotazione\/","url":"https:\/\/www.1tool.com\/it\/moduli\/moduli-speciali\/prenotazioni\/funzioni-modulo-prenotazioni\/software-di-prenotazione\/","name":"Software di prenotazione - 1Tool","isPartOf":{"@id":"https:\/\/www.1tool.com\/it\/#website"},"datePublished":"2022-03-30T16:23:17+00:00","dateModified":"2026-05-06T13:54:14+00:00","breadcrumb":{"@id":"https:\/\/www.1tool.com\/it\/moduli\/moduli-speciali\/prenotazioni\/funzioni-modulo-prenotazioni\/software-di-prenotazione\/#breadcrumb"},"inLanguage":"it-IT","potentialAction":[{"@type":"ReadAction","target":["https:\/\/www.1tool.com\/it\/moduli\/moduli-speciali\/prenotazioni\/funzioni-modulo-prenotazioni\/software-di-prenotazione\/"]}]},{"@type":"BreadcrumbList","@id":"https:\/\/www.1tool.com\/it\/moduli\/moduli-speciali\/prenotazioni\/funzioni-modulo-prenotazioni\/software-di-prenotazione\/#breadcrumb","itemListElement":[{"@type":"ListItem","position":1,"name":"Home","item":"https:\/\/www.1tool.com\/it\/1tool-crm\/"},{"@type":"ListItem","position":2,"name":"Moduli","item":"https:\/\/www.1tool.com\/it\/module\/"},{"@type":"ListItem","position":3,"name":"Moduli speciali","item":"https:\/\/www.1tool.com\/it\/moduli\/moduli-speciali\/"},{"@type":"ListItem","position":4,"name":"Prenotazioni","item":"https:\/\/www.1tool.com\/it\/moduli\/moduli-speciali\/prenotazioni\/"},{"@type":"ListItem","position":5,"name":"Funzioni Modulo prenotazioni","item":"https:\/\/www.1tool.com\/it\/moduli\/moduli-speciali\/prenotazioni\/funzioni-modulo-prenotazioni\/"},{"@type":"ListItem","position":6,"name":"Software di prenotazione"}]},{"@type":"WebSite","@id":"https:\/\/www.1tool.com\/it\/#website","url":"https:\/\/www.1tool.com\/it\/","name":"1Tool","description":"CRM","publisher":{"@id":"https:\/\/www.1tool.com\/it\/#organization"},"potentialAction":[{"@type":"SearchAction","target":{"@type":"EntryPoint","urlTemplate":"https:\/\/www.1tool.com\/it\/?s={search_term_string}"},"query-input":{"@type":"PropertyValueSpecification","valueRequired":true,"valueName":"search_term_string"}}],"inLanguage":"it-IT"},{"@type":"Organization","@id":"https:\/\/www.1tool.com\/it\/#organization","name":"1Tool","url":"https:\/\/www.1tool.com\/it\/","logo":{"@type":"ImageObject","inLanguage":"it-IT","@id":"https:\/\/www.1tool.com\/it\/#\/schema\/logo\/image\/","url":"https:\/\/www.1tool.com\/wp-content\/uploads\/2022\/04\/1tool-1.png","contentUrl":"https:\/\/www.1tool.com\/wp-content\/uploads\/2022\/04\/1tool-1.png","width":400,"height":150,"caption":"1Tool"},"image":{"@id":"https:\/\/www.1tool.com\/it\/#\/schema\/logo\/image\/"}}]}},"_links":{"self":[{"href":"https:\/\/www.1tool.com\/it\/wp-json\/wp\/v2\/pages\/76633","targetHints":{"allow":["GET"]}}],"collection":[{"href":"https:\/\/www.1tool.com\/it\/wp-json\/wp\/v2\/pages"}],"about":[{"href":"https:\/\/www.1tool.com\/it\/wp-json\/wp\/v2\/types\/page"}],"author":[{"embeddable":true,"href":"https:\/\/www.1tool.com\/it\/wp-json\/wp\/v2\/users\/1"}],"replies":[{"embeddable":true,"href":"https:\/\/www.1tool.com\/it\/wp-json\/wp\/v2\/comments?post=76633"}],"version-history":[{"count":1,"href":"https:\/\/www.1tool.com\/it\/wp-json\/wp\/v2\/pages\/76633\/revisions"}],"predecessor-version":[{"id":76636,"href":"https:\/\/www.1tool.com\/it\/wp-json\/wp\/v2\/pages\/76633\/revisions\/76636"}],"up":[{"embeddable":true,"href":"https:\/\/www.1tool.com\/it\/wp-json\/wp\/v2\/pages\/76548"}],"wp:attachment":[{"href":"https:\/\/www.1tool.com\/it\/wp-json\/wp\/v2\/media?parent=76633"}],"curies":[{"name":"wp","href":"https:\/\/api.w.org\/{rel}","templated":true}]}}