{"id":77199,"date":"2022-03-30T18:16:14","date_gmt":"2022-03-30T16:16:14","guid":{"rendered":"https:\/\/www.1tool.com\/funzioni-del-modulo-di-gestione-del-magazzino\/acquisti-e-vendite-note-di-credito\/"},"modified":"2026-05-06T15:58:58","modified_gmt":"2026-05-06T13:58:58","slug":"acquisti-e-vendite-note-di-credito","status":"publish","type":"page","link":"https:\/\/www.1tool.com\/it\/moduli\/gestione-della-merce-e-del-negozio\/gestione-del-magazzino\/funzioni-del-modulo-di-gestione-del-magazzino\/acquisti-e-vendite-note-di-credito\/","title":{"rendered":"Acquisti e vendite\/ note di credito"},"content":{"rendered":"\t\t<div data-elementor-type=\"wp-page\" data-elementor-id=\"77199\" class=\"elementor elementor-77199 elementor-49402\" data-elementor-post-type=\"page\">\n\t\t\t\t\t\t<section class=\"elementor-section elementor-top-section elementor-element elementor-element-f318a84 elementor-section-boxed elementor-section-height-default elementor-section-height-default shadepro-adv-gradient-no shadepro-sticky-no\" data-id=\"f318a84\" data-element_type=\"section\" data-e-type=\"section\" data-settings=\"{&quot;shadepro_sticky&quot;:&quot;no&quot;}\">\n\t\t\t\t\t\t<div class=\"elementor-container elementor-column-gap-default\">\n\t\t\t\t\t<div class=\"elementor-column elementor-col-100 elementor-top-column elementor-element elementor-element-150cac7\" data-id=\"150cac7\" data-element_type=\"column\" data-e-type=\"column\">\n\t\t\t<div class=\"elementor-widget-wrap elementor-element-populated\">\n\t\t\t\t\t\t<div class=\"elementor-element elementor-element-d6cbf46 shadepro-sticky-no elementor-widget elementor-widget-heading\" data-id=\"d6cbf46\" data-element_type=\"widget\" data-e-type=\"widget\" data-settings=\"{&quot;shadepro_sticky&quot;:&quot;no&quot;}\" data-widget_type=\"heading.default\">\n\t\t\t\t<div class=\"elementor-widget-container\">\n\t\t\t\t\t<h1 class=\"elementor-heading-title elementor-size-default\">Acquisti e vendite\/ note di credito<\/h1>\t\t\t\t<\/div>\n\t\t\t\t<\/div>\n\t\t\t\t<div class=\"elementor-element elementor-element-e8371c5 shadepro-sticky-no elementor-widget elementor-widget-text-editor\" data-id=\"e8371c5\" data-element_type=\"widget\" data-e-type=\"widget\" data-settings=\"{&quot;shadepro_sticky&quot;:&quot;no&quot;}\" data-widget_type=\"text-editor.default\">\n\t\t\t\t<div class=\"elementor-widget-container\">\n\t\t\t\t\t\t\t\t\t<p>Il software di magazzino 1Tool consente di elaborare rapidamente gli acquisti e le vendite di merci.<\/p>\t\t\t\t\t\t\t\t<\/div>\n\t\t\t\t<\/div>\n\t\t\t\t<section class=\"elementor-section elementor-inner-section elementor-element elementor-element-60472eb elementor-section-boxed elementor-section-height-default elementor-section-height-default shadepro-adv-gradient-no shadepro-sticky-no\" data-id=\"60472eb\" data-element_type=\"section\" data-e-type=\"section\" data-settings=\"{&quot;shadepro_sticky&quot;:&quot;no&quot;}\">\n\t\t\t\t\t\t<div class=\"elementor-container elementor-column-gap-default\">\n\t\t\t\t\t<div class=\"elementor-column elementor-col-100 elementor-inner-column elementor-element elementor-element-78fe5de\" data-id=\"78fe5de\" data-element_type=\"column\" data-e-type=\"column\">\n\t\t\t<div class=\"elementor-widget-wrap elementor-element-populated\">\n\t\t\t\t\t\t<div class=\"elementor-element elementor-element-e6dd01f shadepro-sticky-no elementor-widget elementor-widget-text-editor\" data-id=\"e6dd01f\" data-element_type=\"widget\" data-e-type=\"widget\" data-settings=\"{&quot;shadepro_sticky&quot;:&quot;no&quot;}\" data-widget_type=\"text-editor.default\">\n\t\t\t\t<div class=\"elementor-widget-container\">\n\t\t\t\t\t\t\t\t\t<h3>Dati attuali immediatamente disponibili<\/h3><p>Si risparmia il noioso inserimento di dati doppi, poich\u00e9 le informazioni rilevanti sui clienti e sugli articoli vengono prese direttamente da altri moduli del sistema.<\/p><p>Uno dei maggiori problemi nella gestione della merce \u00e8 la disponibilit\u00e0 di dati aggiornati e necessari. Quando un prodotto viene fatturato, di solito vengono elencate le quantit\u00e0 vendute, i prezzi unitari e totali e le descrizioni dei prodotti. Sarebbe molto dispendioso se queste informazioni dovessero essere inserite manualmente ogni volta. Ancora di pi\u00f9 se dati come il prezzo o l&#8217;indirizzo del cliente dovessero cambiare!   <\/p><p>Ma con il software 1Tool CRM le informazioni vengono generate in modo completamente automatico. Indipendentemente dal fatto che tu stia acquistando o vendendo, inserisci il nome del cliente\/fornitore e la merce in questione e seleziona la posizione del magazzino. Tutti gli altri dettagli, come i dati relativi all&#8217;indirizzo, i prezzi o le diminuzioni o gli aumenti delle scorte, vengono poi generati automaticamente.  <\/p><p>Un vantaggio particolare della gestione merci di 1Tool \u00e8 l'&#8221;allarme&#8221; quando <strong>il livello delle scorte scende al di sotto del livello minimo di scorta<\/strong> o in caso di <strong>ammanchi<\/strong>. Ci\u00f2 significa che viene visualizzato un messaggio non appena si fattura una quantit\u00e0 da un determinato magazzino che non \u00e8 pi\u00f9 disponibile o che scende al di sotto del livello di sicurezza delle scorte. Questo \u00e8 l&#8217;unico modo per ottimizzare i processi di magazzino e garantire una transizione fluida tra fatturazione, riordino, ecc.  <\/p><p><em>Per saperne di pi\u00f9 <strong><a href=\"https:\/\/www.1tool.com\/manual\/warenwirtschaft\/neuer-zukauf\/\" target=\"_blank\" rel=\"noreferrer noopener\">acquisizioni <\/a><\/strong>e <strong><a href=\"https:\/\/www.1tool.com\/manual\/warenwirtschaft\/verkauf\/\" target=\"_blank\" rel=\"noreferrer noopener\">vendite <\/a><\/strong>del software di magazzino 1Tool<\/em><\/p><h3> <\/h3><h3>Note di credito<\/h3><p>Se i clienti restituiscono merce gi\u00e0 pagata, \u00e8 necessario creare una nota di credito. Anche questo viene fatto automaticamente in 1Tool. Si genera un ordine, si inseriscono il cliente e il prodotto, mentre tutte le altre informazioni vengono ricavate dagli altri moduli di 1Tool. Non appena crei la nota di credito, le scorte del rispettivo magazzino vengono incrementate della quantit\u00e0 in questione.   <\/p><p><em>Come <strong><a href=\"https:\/\/www.1tool.com\/manual\/warenwirtschaft\/gutschriften\/\" target=\"_blank\" rel=\"noreferrer noopener\">generare<\/a><\/strong> una <strong>nota di credito<\/strong> \u00e8 spiegato passo per passo nel nostro manuale<\/em>.<\/p>\t\t\t\t\t\t\t\t<\/div>\n\t\t\t\t<\/div>\n\t\t\t\t\t<\/div>\n\t\t<\/div>\n\t\t\t\t\t<\/div>\n\t\t<\/section>\n\t\t\t\t\t<\/div>\n\t\t<\/div>\n\t\t\t\t\t<\/div>\n\t\t<\/section>\n\t\t\t\t<\/div>\n\t\t","protected":false},"excerpt":{"rendered":"<p>Acquisti e vendite\/ note di credito Il software di magazzino 1Tool consente di elaborare rapidamente gli acquisti e le vendite di merci. Dati attuali immediatamente disponibili Si risparmia il noioso inserimento di dati doppi, poich\u00e9 le informazioni rilevanti sui clienti e sugli articoli vengono prese direttamente da altri moduli del sistema. Uno dei maggiori problemi [&hellip;]<\/p>\n","protected":false},"author":1,"featured_media":0,"parent":76336,"menu_order":0,"comment_status":"closed","ping_status":"closed","template":"","meta":{"inline_featured_image":false,"footnotes":""},"class_list":["post-77199","page","type-page","status-publish","hentry"],"acf":[],"yoast_head":"<!-- This site is optimized with the Yoast SEO plugin v27.5 - https:\/\/yoast.com\/product\/yoast-seo-wordpress\/ -->\n<title>Acquisti e vendite\/ note di credito - 1Tool<\/title>\n<meta name=\"robots\" content=\"index, follow, max-snippet:-1, max-image-preview:large, max-video-preview:-1\" \/>\n<link rel=\"canonical\" href=\"https:\/\/www.1tool.com\/it\/moduli\/gestione-della-merce-e-del-negozio\/gestione-del-magazzino\/funzioni-del-modulo-di-gestione-del-magazzino\/acquisti-e-vendite-note-di-credito\/\" \/>\n<meta property=\"og:locale\" content=\"it_IT\" \/>\n<meta property=\"og:type\" content=\"article\" \/>\n<meta property=\"og:title\" content=\"Acquisti e vendite\/ note di credito - 1Tool\" \/>\n<meta property=\"og:description\" content=\"Acquisti e vendite\/ note di credito Il software di magazzino 1Tool consente di elaborare rapidamente gli acquisti e le vendite di merci. Dati attuali immediatamente disponibili Si risparmia il noioso inserimento di dati doppi, poich\u00e9 le informazioni rilevanti sui clienti e sugli articoli vengono prese direttamente da altri moduli del sistema. Uno dei maggiori problemi [&hellip;]\" \/>\n<meta property=\"og:url\" content=\"https:\/\/www.1tool.com\/it\/moduli\/gestione-della-merce-e-del-negozio\/gestione-del-magazzino\/funzioni-del-modulo-di-gestione-del-magazzino\/acquisti-e-vendite-note-di-credito\/\" \/>\n<meta property=\"og:site_name\" content=\"1Tool\" \/>\n<meta property=\"article:modified_time\" content=\"2026-05-06T13:58:58+00:00\" \/>\n<meta name=\"twitter:card\" content=\"summary_large_image\" \/>\n<meta name=\"twitter:label1\" content=\"Tempo di lettura stimato\" \/>\n\t<meta name=\"twitter:data1\" content=\"2 minuti\" \/>\n<script type=\"application\/ld+json\" class=\"yoast-schema-graph\">{\"@context\":\"https:\\\/\\\/schema.org\",\"@graph\":[{\"@type\":\"WebPage\",\"@id\":\"https:\\\/\\\/www.1tool.com\\\/it\\\/moduli\\\/gestione-della-merce-e-del-negozio\\\/gestione-del-magazzino\\\/funzioni-del-modulo-di-gestione-del-magazzino\\\/acquisti-e-vendite-note-di-credito\\\/\",\"url\":\"https:\\\/\\\/www.1tool.com\\\/it\\\/moduli\\\/gestione-della-merce-e-del-negozio\\\/gestione-del-magazzino\\\/funzioni-del-modulo-di-gestione-del-magazzino\\\/acquisti-e-vendite-note-di-credito\\\/\",\"name\":\"Acquisti e vendite\\\/ note di credito - 1Tool\",\"isPartOf\":{\"@id\":\"https:\\\/\\\/www.1tool.com\\\/it\\\/#website\"},\"datePublished\":\"2022-03-30T16:16:14+00:00\",\"dateModified\":\"2026-05-06T13:58:58+00:00\",\"breadcrumb\":{\"@id\":\"https:\\\/\\\/www.1tool.com\\\/it\\\/moduli\\\/gestione-della-merce-e-del-negozio\\\/gestione-del-magazzino\\\/funzioni-del-modulo-di-gestione-del-magazzino\\\/acquisti-e-vendite-note-di-credito\\\/#breadcrumb\"},\"inLanguage\":\"it-IT\",\"potentialAction\":[{\"@type\":\"ReadAction\",\"target\":[\"https:\\\/\\\/www.1tool.com\\\/it\\\/moduli\\\/gestione-della-merce-e-del-negozio\\\/gestione-del-magazzino\\\/funzioni-del-modulo-di-gestione-del-magazzino\\\/acquisti-e-vendite-note-di-credito\\\/\"]}]},{\"@type\":\"BreadcrumbList\",\"@id\":\"https:\\\/\\\/www.1tool.com\\\/it\\\/moduli\\\/gestione-della-merce-e-del-negozio\\\/gestione-del-magazzino\\\/funzioni-del-modulo-di-gestione-del-magazzino\\\/acquisti-e-vendite-note-di-credito\\\/#breadcrumb\",\"itemListElement\":[{\"@type\":\"ListItem\",\"position\":1,\"name\":\"Home\",\"item\":\"https:\\\/\\\/www.1tool.com\\\/it\\\/1tool-crm\\\/\"},{\"@type\":\"ListItem\",\"position\":2,\"name\":\"Moduli\",\"item\":\"https:\\\/\\\/www.1tool.com\\\/it\\\/module\\\/\"},{\"@type\":\"ListItem\",\"position\":3,\"name\":\"Gestione della merce e del negozio\",\"item\":\"https:\\\/\\\/www.1tool.com\\\/it\\\/moduli\\\/gestione-della-merce-e-del-negozio\\\/\"},{\"@type\":\"ListItem\",\"position\":4,\"name\":\"Gestione del magazzino\",\"item\":\"https:\\\/\\\/www.1tool.com\\\/it\\\/moduli\\\/gestione-della-merce-e-del-negozio\\\/gestione-del-magazzino\\\/\"},{\"@type\":\"ListItem\",\"position\":5,\"name\":\"Funzioni del modulo di gestione del magazzino\",\"item\":\"https:\\\/\\\/www.1tool.com\\\/it\\\/moduli\\\/gestione-della-merce-e-del-negozio\\\/gestione-del-magazzino\\\/funzioni-del-modulo-di-gestione-del-magazzino\\\/\"},{\"@type\":\"ListItem\",\"position\":6,\"name\":\"Acquisti e vendite\\\/ note di credito\"}]},{\"@type\":\"WebSite\",\"@id\":\"https:\\\/\\\/www.1tool.com\\\/it\\\/#website\",\"url\":\"https:\\\/\\\/www.1tool.com\\\/it\\\/\",\"name\":\"1Tool\",\"description\":\"CRM\",\"publisher\":{\"@id\":\"https:\\\/\\\/www.1tool.com\\\/it\\\/#organization\"},\"potentialAction\":[{\"@type\":\"SearchAction\",\"target\":{\"@type\":\"EntryPoint\",\"urlTemplate\":\"https:\\\/\\\/www.1tool.com\\\/it\\\/?s={search_term_string}\"},\"query-input\":{\"@type\":\"PropertyValueSpecification\",\"valueRequired\":true,\"valueName\":\"search_term_string\"}}],\"inLanguage\":\"it-IT\"},{\"@type\":\"Organization\",\"@id\":\"https:\\\/\\\/www.1tool.com\\\/it\\\/#organization\",\"name\":\"1Tool\",\"url\":\"https:\\\/\\\/www.1tool.com\\\/it\\\/\",\"logo\":{\"@type\":\"ImageObject\",\"inLanguage\":\"it-IT\",\"@id\":\"https:\\\/\\\/www.1tool.com\\\/it\\\/#\\\/schema\\\/logo\\\/image\\\/\",\"url\":\"https:\\\/\\\/www.1tool.com\\\/wp-content\\\/uploads\\\/2022\\\/04\\\/1tool-1.png\",\"contentUrl\":\"https:\\\/\\\/www.1tool.com\\\/wp-content\\\/uploads\\\/2022\\\/04\\\/1tool-1.png\",\"width\":400,\"height\":150,\"caption\":\"1Tool\"},\"image\":{\"@id\":\"https:\\\/\\\/www.1tool.com\\\/it\\\/#\\\/schema\\\/logo\\\/image\\\/\"}}]}<\/script>\n<!-- \/ Yoast SEO plugin. -->","yoast_head_json":{"title":"Acquisti e vendite\/ note di credito - 1Tool","robots":{"index":"index","follow":"follow","max-snippet":"max-snippet:-1","max-image-preview":"max-image-preview:large","max-video-preview":"max-video-preview:-1"},"canonical":"https:\/\/www.1tool.com\/it\/moduli\/gestione-della-merce-e-del-negozio\/gestione-del-magazzino\/funzioni-del-modulo-di-gestione-del-magazzino\/acquisti-e-vendite-note-di-credito\/","og_locale":"it_IT","og_type":"article","og_title":"Acquisti e vendite\/ note di credito - 1Tool","og_description":"Acquisti e vendite\/ note di credito Il software di magazzino 1Tool consente di elaborare rapidamente gli acquisti e le vendite di merci. Dati attuali immediatamente disponibili Si risparmia il noioso inserimento di dati doppi, poich\u00e9 le informazioni rilevanti sui clienti e sugli articoli vengono prese direttamente da altri moduli del sistema. Uno dei maggiori problemi [&hellip;]","og_url":"https:\/\/www.1tool.com\/it\/moduli\/gestione-della-merce-e-del-negozio\/gestione-del-magazzino\/funzioni-del-modulo-di-gestione-del-magazzino\/acquisti-e-vendite-note-di-credito\/","og_site_name":"1Tool","article_modified_time":"2026-05-06T13:58:58+00:00","twitter_card":"summary_large_image","twitter_misc":{"Tempo di lettura stimato":"2 minuti"},"schema":{"@context":"https:\/\/schema.org","@graph":[{"@type":"WebPage","@id":"https:\/\/www.1tool.com\/it\/moduli\/gestione-della-merce-e-del-negozio\/gestione-del-magazzino\/funzioni-del-modulo-di-gestione-del-magazzino\/acquisti-e-vendite-note-di-credito\/","url":"https:\/\/www.1tool.com\/it\/moduli\/gestione-della-merce-e-del-negozio\/gestione-del-magazzino\/funzioni-del-modulo-di-gestione-del-magazzino\/acquisti-e-vendite-note-di-credito\/","name":"Acquisti e vendite\/ note di credito - 1Tool","isPartOf":{"@id":"https:\/\/www.1tool.com\/it\/#website"},"datePublished":"2022-03-30T16:16:14+00:00","dateModified":"2026-05-06T13:58:58+00:00","breadcrumb":{"@id":"https:\/\/www.1tool.com\/it\/moduli\/gestione-della-merce-e-del-negozio\/gestione-del-magazzino\/funzioni-del-modulo-di-gestione-del-magazzino\/acquisti-e-vendite-note-di-credito\/#breadcrumb"},"inLanguage":"it-IT","potentialAction":[{"@type":"ReadAction","target":["https:\/\/www.1tool.com\/it\/moduli\/gestione-della-merce-e-del-negozio\/gestione-del-magazzino\/funzioni-del-modulo-di-gestione-del-magazzino\/acquisti-e-vendite-note-di-credito\/"]}]},{"@type":"BreadcrumbList","@id":"https:\/\/www.1tool.com\/it\/moduli\/gestione-della-merce-e-del-negozio\/gestione-del-magazzino\/funzioni-del-modulo-di-gestione-del-magazzino\/acquisti-e-vendite-note-di-credito\/#breadcrumb","itemListElement":[{"@type":"ListItem","position":1,"name":"Home","item":"https:\/\/www.1tool.com\/it\/1tool-crm\/"},{"@type":"ListItem","position":2,"name":"Moduli","item":"https:\/\/www.1tool.com\/it\/module\/"},{"@type":"ListItem","position":3,"name":"Gestione della merce e del negozio","item":"https:\/\/www.1tool.com\/it\/moduli\/gestione-della-merce-e-del-negozio\/"},{"@type":"ListItem","position":4,"name":"Gestione del magazzino","item":"https:\/\/www.1tool.com\/it\/moduli\/gestione-della-merce-e-del-negozio\/gestione-del-magazzino\/"},{"@type":"ListItem","position":5,"name":"Funzioni del modulo di gestione del magazzino","item":"https:\/\/www.1tool.com\/it\/moduli\/gestione-della-merce-e-del-negozio\/gestione-del-magazzino\/funzioni-del-modulo-di-gestione-del-magazzino\/"},{"@type":"ListItem","position":6,"name":"Acquisti e vendite\/ note di credito"}]},{"@type":"WebSite","@id":"https:\/\/www.1tool.com\/it\/#website","url":"https:\/\/www.1tool.com\/it\/","name":"1Tool","description":"CRM","publisher":{"@id":"https:\/\/www.1tool.com\/it\/#organization"},"potentialAction":[{"@type":"SearchAction","target":{"@type":"EntryPoint","urlTemplate":"https:\/\/www.1tool.com\/it\/?s={search_term_string}"},"query-input":{"@type":"PropertyValueSpecification","valueRequired":true,"valueName":"search_term_string"}}],"inLanguage":"it-IT"},{"@type":"Organization","@id":"https:\/\/www.1tool.com\/it\/#organization","name":"1Tool","url":"https:\/\/www.1tool.com\/it\/","logo":{"@type":"ImageObject","inLanguage":"it-IT","@id":"https:\/\/www.1tool.com\/it\/#\/schema\/logo\/image\/","url":"https:\/\/www.1tool.com\/wp-content\/uploads\/2022\/04\/1tool-1.png","contentUrl":"https:\/\/www.1tool.com\/wp-content\/uploads\/2022\/04\/1tool-1.png","width":400,"height":150,"caption":"1Tool"},"image":{"@id":"https:\/\/www.1tool.com\/it\/#\/schema\/logo\/image\/"}}]}},"_links":{"self":[{"href":"https:\/\/www.1tool.com\/it\/wp-json\/wp\/v2\/pages\/77199","targetHints":{"allow":["GET"]}}],"collection":[{"href":"https:\/\/www.1tool.com\/it\/wp-json\/wp\/v2\/pages"}],"about":[{"href":"https:\/\/www.1tool.com\/it\/wp-json\/wp\/v2\/types\/page"}],"author":[{"embeddable":true,"href":"https:\/\/www.1tool.com\/it\/wp-json\/wp\/v2\/users\/1"}],"replies":[{"embeddable":true,"href":"https:\/\/www.1tool.com\/it\/wp-json\/wp\/v2\/comments?post=77199"}],"version-history":[{"count":1,"href":"https:\/\/www.1tool.com\/it\/wp-json\/wp\/v2\/pages\/77199\/revisions"}],"predecessor-version":[{"id":77201,"href":"https:\/\/www.1tool.com\/it\/wp-json\/wp\/v2\/pages\/77199\/revisions\/77201"}],"up":[{"embeddable":true,"href":"https:\/\/www.1tool.com\/it\/wp-json\/wp\/v2\/pages\/76336"}],"wp:attachment":[{"href":"https:\/\/www.1tool.com\/it\/wp-json\/wp\/v2\/media?parent=77199"}],"curies":[{"name":"wp","href":"https:\/\/api.w.org\/{rel}","templated":true}]}}