{"id":72155,"date":"2024-09-26T07:41:14","date_gmt":"2024-09-26T05:41:14","guid":{"rendered":"https:\/\/www.1tool.com\/zahteva-za-imenovanje\/"},"modified":"2026-04-30T16:23:12","modified_gmt":"2026-04-30T14:23:12","slug":"zahteva-za-imenovanje","status":"publish","type":"page","link":"https:\/\/www.1tool.com\/sl\/zahteva-za-imenovanje\/","title":{"rendered":"Zahteva za imenovanje"},"content":{"rendered":"\t\t<div data-elementor-type=\"wp-page\" data-elementor-id=\"72155\" class=\"elementor elementor-72155 elementor-64693\" data-elementor-post-type=\"page\">\n\t\t\t\t\t\t<section class=\"elementor-section elementor-top-section elementor-element elementor-element-fcc7d35 elementor-section-stretched elementor-section-boxed elementor-section-height-default elementor-section-height-default shadepro-adv-gradient-no shadepro-sticky-no\" data-id=\"fcc7d35\" data-element_type=\"section\" data-e-type=\"section\" data-settings=\"{&quot;stretch_section&quot;:&quot;section-stretched&quot;,&quot;background_background&quot;:&quot;classic&quot;,&quot;shadepro_sticky&quot;:&quot;no&quot;}\">\n\t\t\t\t\t\t<div class=\"elementor-container elementor-column-gap-default\">\n\t\t\t\t\t<div class=\"elementor-column elementor-col-33 elementor-top-column elementor-element elementor-element-523bc41\" data-id=\"523bc41\" data-element_type=\"column\" data-e-type=\"column\">\n\t\t\t<div class=\"elementor-widget-wrap\">\n\t\t\t\t\t\t\t<\/div>\n\t\t<\/div>\n\t\t\t\t<div class=\"elementor-column elementor-col-33 elementor-top-column elementor-element elementor-element-eff3988\" data-id=\"eff3988\" data-element_type=\"column\" data-e-type=\"column\">\n\t\t\t<div class=\"elementor-widget-wrap elementor-element-populated\">\n\t\t\t\t\t\t<div class=\"elementor-element elementor-element-0322137 shadepro-sticky-no elementor-widget elementor-widget-heading\" data-id=\"0322137\" data-element_type=\"widget\" data-e-type=\"widget\" data-settings=\"{&quot;shadepro_sticky&quot;:&quot;no&quot;}\" data-widget_type=\"heading.default\">\n\t\t\t\t<div class=\"elementor-widget-container\">\n\t\t\t\t\t<h1 class=\"elementor-heading-title elementor-size-default\">1Tool Demo<\/h1>\t\t\t\t<\/div>\n\t\t\t\t<\/div>\n\t\t\t\t<div class=\"elementor-element elementor-element-2457139 shadepro-sticky-no elementor-widget elementor-widget-text-editor\" data-id=\"2457139\" data-element_type=\"widget\" data-e-type=\"widget\" data-settings=\"{&quot;shadepro_sticky&quot;:&quot;no&quot;}\" data-widget_type=\"text-editor.default\">\n\t\t\t\t<div class=\"elementor-widget-container\">\n\t\t\t\t\t\t\t\t\t<p>Ne oklevajte! Predstavili vam bomo na\u0161o programsko re\u0161itev in obravnavali va\u0161e potrebe. Pripravite svoje zahteve in vpra\u0161anja. Veselimo se prvega sre\u010danja z vami!  <\/p>\t\t\t\t\t\t\t\t<\/div>\n\t\t\t\t<\/div>\n\t\t\t\t\t<\/div>\n\t\t<\/div>\n\t\t\t\t<div class=\"elementor-column elementor-col-33 elementor-top-column elementor-element elementor-element-c0d699c\" data-id=\"c0d699c\" data-element_type=\"column\" data-e-type=\"column\">\n\t\t\t<div class=\"elementor-widget-wrap\">\n\t\t\t\t\t\t\t<\/div>\n\t\t<\/div>\n\t\t\t\t\t<\/div>\n\t\t<\/section>\n\t\t\t\t<section class=\"elementor-section elementor-top-section elementor-element elementor-element-cde1a4f elementor-section-boxed elementor-section-height-default elementor-section-height-default shadepro-adv-gradient-no shadepro-sticky-no\" data-id=\"cde1a4f\" data-element_type=\"section\" data-e-type=\"section\" data-settings=\"{&quot;shadepro_sticky&quot;:&quot;no&quot;}\">\n\t\t\t\t\t\t<div class=\"elementor-container elementor-column-gap-default\">\n\t\t\t\t\t<div class=\"elementor-column elementor-col-50 elementor-top-column elementor-element elementor-element-3760bb1\" data-id=\"3760bb1\" data-element_type=\"column\" data-e-type=\"column\">\n\t\t\t<div class=\"elementor-widget-wrap elementor-element-populated\">\n\t\t\t\t\t\t<div class=\"elementor-element elementor-element-e4842d6 shadepro-sticky-no elementor-widget elementor-widget-text-editor\" data-id=\"e4842d6\" data-element_type=\"widget\" data-e-type=\"widget\" data-settings=\"{&quot;shadepro_sticky&quot;:&quot;no&quot;}\" data-widget_type=\"text-editor.default\">\n\t\t\t\t<div class=\"elementor-widget-container\">\n\t\t\t\t\t\t\t\t\t<h1 data-start=\"669\" data-end=\"894\"><strong data-start=\"669\" data-end=\"703\">Va\u0161e brezpla\u010dno posvetovanje z orodjem 1Tool<\/strong><\/h1><p data-start=\"669\" data-end=\"894\">Spoznajte 1Tool na brezpla\u010dnem posvetu z na\u0161o prodajno predstavnico Bianco Moosmann.<\/p><p data-start=\"608\" data-end=\"943\">Prvo sre\u010danje je neobvezujo\u010d sestanek, na katerem <strong data-start=\"701\" data-end=\"742\">zapi\u0161emo<\/strong> va\u0161e <strong data-start=\"701\" data-end=\"742\">zahteve in \u017eelje<\/strong>. Na ta na\u010din ustvarimo podlago za zagotavljanje <strong data-start=\"797\" data-end=\"844\">prilagojenega in optimalnega svetovanja o orodju 1Tool<\/strong>. <\/p><p data-start=\"608\" data-end=\"943\">Bianci Moosmann po\u0161ljite e-po\u0161to in predlagajte primeren datum. Kontaktirajte jo po e-po\u0161ti in ji takoj po\u0161ljite predlog termina &#8211; veselimo se izmenjave. <\/p><p data-start=\"669\" data-end=\"894\"><a href=\"mailto:bianca.moosmann@1tool.com\">bianca.moosmann@1tool.com<\/a><\/p><p data-start=\"669\" data-end=\"894\"> <\/p>\t\t\t\t\t\t\t\t<\/div>\n\t\t\t\t<\/div>\n\t\t\t\t\t<\/div>\n\t\t<\/div>\n\t\t\t\t<div class=\"elementor-column elementor-col-50 elementor-top-column elementor-element elementor-element-f2bfaa1\" data-id=\"f2bfaa1\" data-element_type=\"column\" data-e-type=\"column\">\n\t\t\t<div class=\"elementor-widget-wrap elementor-element-populated\">\n\t\t\t\t\t\t<div class=\"elementor-element elementor-element-0c93674 shadepro-sticky-no elementor-widget elementor-widget-image\" data-id=\"0c93674\" data-element_type=\"widget\" data-e-type=\"widget\" data-settings=\"{&quot;shadepro_sticky&quot;:&quot;no&quot;}\" data-widget_type=\"image.default\">\n\t\t\t\t<div class=\"elementor-widget-container\">\n\t\t\t\t\t\t\t\t\t\t\t\t\t\t\t<img decoding=\"async\" src=\"https:\/\/www.1tool.com\/wp-content\/uploads\/elementor\/thumbs\/Titelbild_Bianca-rh9oklsfoehwjmkutyjs8e8em4ebc5qxg0plfg3f7w.jpg\" title=\"Naslovnica_Bianca\" alt=\"Naslovnica_Bianca\" loading=\"lazy\" \/>\t\t\t\t\t\t\t\t\t\t\t\t\t\t\t<\/div>\n\t\t\t\t<\/div>\n\t\t\t\t\t<\/div>\n\t\t<\/div>\n\t\t\t\t\t<\/div>\n\t\t<\/section>\n\t\t\t\t<\/div>\n\t\t","protected":false},"excerpt":{"rendered":"<p>1Tool Demo Ne oklevajte! Predstavili vam bomo na\u0161o programsko re\u0161itev in obravnavali va\u0161e potrebe. Pripravite svoje zahteve in vpra\u0161anja. Veselimo se prvega sre\u010danja z vami! Va\u0161e brezpla\u010dno posvetovanje z orodjem 1Tool Spoznajte 1Tool na brezpla\u010dnem posvetu z na\u0161o prodajno predstavnico Bianco Moosmann. Prvo sre\u010danje je neobvezujo\u010d sestanek, na katerem zapi\u0161emo va\u0161e zahteve in \u017eelje. Na [&hellip;]<\/p>\n","protected":false},"author":1,"featured_media":0,"parent":0,"menu_order":0,"comment_status":"closed","ping_status":"closed","template":"","meta":{"inline_featured_image":false,"footnotes":""},"class_list":["post-72155","page","type-page","status-publish","hentry"],"acf":[],"yoast_head":"<!-- This site is optimized with the Yoast SEO plugin v27.5 - https:\/\/yoast.com\/product\/yoast-seo-wordpress\/ -->\n<title>Zahteva za imenovanje - 1Tool<\/title>\n<meta name=\"robots\" content=\"index, follow, max-snippet:-1, max-image-preview:large, max-video-preview:-1\" \/>\n<link rel=\"canonical\" href=\"https:\/\/www.1tool.com\/sl\/zahteva-za-imenovanje\/\" \/>\n<meta property=\"og:locale\" content=\"sl_SI\" \/>\n<meta property=\"og:type\" content=\"article\" \/>\n<meta property=\"og:title\" content=\"Zahteva za imenovanje - 1Tool\" \/>\n<meta property=\"og:description\" content=\"1Tool Demo Ne oklevajte! Predstavili vam bomo na\u0161o programsko re\u0161itev in obravnavali va\u0161e potrebe. Pripravite svoje zahteve in vpra\u0161anja. Veselimo se prvega sre\u010danja z vami! Va\u0161e brezpla\u010dno posvetovanje z orodjem 1Tool Spoznajte 1Tool na brezpla\u010dnem posvetu z na\u0161o prodajno predstavnico Bianco Moosmann. Prvo sre\u010danje je neobvezujo\u010d sestanek, na katerem zapi\u0161emo va\u0161e zahteve in \u017eelje. Na [&hellip;]\" \/>\n<meta property=\"og:url\" content=\"https:\/\/www.1tool.com\/sl\/zahteva-za-imenovanje\/\" \/>\n<meta property=\"og:site_name\" content=\"1Tool\" \/>\n<meta property=\"article:modified_time\" content=\"2026-04-30T14:23:12+00:00\" \/>\n<meta property=\"og:image\" content=\"https:\/\/www.1tool.com\/wp-content\/uploads\/elementor\/thumbs\/Titelbild_Bianca-rh9oklsfoehwjmkutyjs8e8em4ebc5qxg0plfg3f7w.jpg\" \/>\n<meta name=\"twitter:card\" content=\"summary_large_image\" \/>\n<meta name=\"twitter:label1\" content=\"Est. reading time\" \/>\n\t<meta name=\"twitter:data1\" content=\"1 minuta\" \/>\n<script type=\"application\/ld+json\" class=\"yoast-schema-graph\">{\"@context\":\"https:\\\/\\\/schema.org\",\"@graph\":[{\"@type\":\"WebPage\",\"@id\":\"https:\\\/\\\/www.1tool.com\\\/sl\\\/zahteva-za-imenovanje\\\/\",\"url\":\"https:\\\/\\\/www.1tool.com\\\/sl\\\/zahteva-za-imenovanje\\\/\",\"name\":\"Zahteva za imenovanje - 1Tool\",\"isPartOf\":{\"@id\":\"https:\\\/\\\/www.1tool.com\\\/sl\\\/#website\"},\"primaryImageOfPage\":{\"@id\":\"https:\\\/\\\/www.1tool.com\\\/sl\\\/zahteva-za-imenovanje\\\/#primaryimage\"},\"image\":{\"@id\":\"https:\\\/\\\/www.1tool.com\\\/sl\\\/zahteva-za-imenovanje\\\/#primaryimage\"},\"thumbnailUrl\":\"https:\\\/\\\/www.1tool.com\\\/wp-content\\\/uploads\\\/elementor\\\/thumbs\\\/Titelbild_Bianca-rh9oklsfoehwjmkutyjs8e8em4ebc5qxg0plfg3f7w.jpg\",\"datePublished\":\"2024-09-26T05:41:14+00:00\",\"dateModified\":\"2026-04-30T14:23:12+00:00\",\"breadcrumb\":{\"@id\":\"https:\\\/\\\/www.1tool.com\\\/sl\\\/zahteva-za-imenovanje\\\/#breadcrumb\"},\"inLanguage\":\"sl-SI\",\"potentialAction\":[{\"@type\":\"ReadAction\",\"target\":[\"https:\\\/\\\/www.1tool.com\\\/sl\\\/zahteva-za-imenovanje\\\/\"]}]},{\"@type\":\"ImageObject\",\"inLanguage\":\"sl-SI\",\"@id\":\"https:\\\/\\\/www.1tool.com\\\/sl\\\/zahteva-za-imenovanje\\\/#primaryimage\",\"url\":\"https:\\\/\\\/www.1tool.com\\\/wp-content\\\/uploads\\\/elementor\\\/thumbs\\\/Titelbild_Bianca-rh9oklsfoehwjmkutyjs8e8em4ebc5qxg0plfg3f7w.jpg\",\"contentUrl\":\"https:\\\/\\\/www.1tool.com\\\/wp-content\\\/uploads\\\/elementor\\\/thumbs\\\/Titelbild_Bianca-rh9oklsfoehwjmkutyjs8e8em4ebc5qxg0plfg3f7w.jpg\"},{\"@type\":\"BreadcrumbList\",\"@id\":\"https:\\\/\\\/www.1tool.com\\\/sl\\\/zahteva-za-imenovanje\\\/#breadcrumb\",\"itemListElement\":[{\"@type\":\"ListItem\",\"position\":1,\"name\":\"Home\",\"item\":\"https:\\\/\\\/www.1tool.com\\\/sl\\\/\"},{\"@type\":\"ListItem\",\"position\":2,\"name\":\"Zahteva za imenovanje\"}]},{\"@type\":\"WebSite\",\"@id\":\"https:\\\/\\\/www.1tool.com\\\/sl\\\/#website\",\"url\":\"https:\\\/\\\/www.1tool.com\\\/sl\\\/\",\"name\":\"1Tool\",\"description\":\"CRM\",\"publisher\":{\"@id\":\"https:\\\/\\\/www.1tool.com\\\/sl\\\/#organization\"},\"potentialAction\":[{\"@type\":\"SearchAction\",\"target\":{\"@type\":\"EntryPoint\",\"urlTemplate\":\"https:\\\/\\\/www.1tool.com\\\/sl\\\/?s={search_term_string}\"},\"query-input\":{\"@type\":\"PropertyValueSpecification\",\"valueRequired\":true,\"valueName\":\"search_term_string\"}}],\"inLanguage\":\"sl-SI\"},{\"@type\":\"Organization\",\"@id\":\"https:\\\/\\\/www.1tool.com\\\/sl\\\/#organization\",\"name\":\"1Tool\",\"url\":\"https:\\\/\\\/www.1tool.com\\\/sl\\\/\",\"logo\":{\"@type\":\"ImageObject\",\"inLanguage\":\"sl-SI\",\"@id\":\"https:\\\/\\\/www.1tool.com\\\/sl\\\/#\\\/schema\\\/logo\\\/image\\\/\",\"url\":\"https:\\\/\\\/www.1tool.com\\\/wp-content\\\/uploads\\\/2022\\\/04\\\/1tool-1.png\",\"contentUrl\":\"https:\\\/\\\/www.1tool.com\\\/wp-content\\\/uploads\\\/2022\\\/04\\\/1tool-1.png\",\"width\":400,\"height\":150,\"caption\":\"1Tool\"},\"image\":{\"@id\":\"https:\\\/\\\/www.1tool.com\\\/sl\\\/#\\\/schema\\\/logo\\\/image\\\/\"}}]}<\/script>\n<!-- \/ Yoast SEO plugin. -->","yoast_head_json":{"title":"Zahteva za imenovanje - 1Tool","robots":{"index":"index","follow":"follow","max-snippet":"max-snippet:-1","max-image-preview":"max-image-preview:large","max-video-preview":"max-video-preview:-1"},"canonical":"https:\/\/www.1tool.com\/sl\/zahteva-za-imenovanje\/","og_locale":"sl_SI","og_type":"article","og_title":"Zahteva za imenovanje - 1Tool","og_description":"1Tool Demo Ne oklevajte! Predstavili vam bomo na\u0161o programsko re\u0161itev in obravnavali va\u0161e potrebe. Pripravite svoje zahteve in vpra\u0161anja. Veselimo se prvega sre\u010danja z vami! Va\u0161e brezpla\u010dno posvetovanje z orodjem 1Tool Spoznajte 1Tool na brezpla\u010dnem posvetu z na\u0161o prodajno predstavnico Bianco Moosmann. Prvo sre\u010danje je neobvezujo\u010d sestanek, na katerem zapi\u0161emo va\u0161e zahteve in \u017eelje. Na [&hellip;]","og_url":"https:\/\/www.1tool.com\/sl\/zahteva-za-imenovanje\/","og_site_name":"1Tool","article_modified_time":"2026-04-30T14:23:12+00:00","og_image":[{"url":"https:\/\/www.1tool.com\/wp-content\/uploads\/elementor\/thumbs\/Titelbild_Bianca-rh9oklsfoehwjmkutyjs8e8em4ebc5qxg0plfg3f7w.jpg","type":"","width":"","height":""}],"twitter_card":"summary_large_image","twitter_misc":{"Est. reading time":"1 minuta"},"schema":{"@context":"https:\/\/schema.org","@graph":[{"@type":"WebPage","@id":"https:\/\/www.1tool.com\/sl\/zahteva-za-imenovanje\/","url":"https:\/\/www.1tool.com\/sl\/zahteva-za-imenovanje\/","name":"Zahteva za imenovanje - 1Tool","isPartOf":{"@id":"https:\/\/www.1tool.com\/sl\/#website"},"primaryImageOfPage":{"@id":"https:\/\/www.1tool.com\/sl\/zahteva-za-imenovanje\/#primaryimage"},"image":{"@id":"https:\/\/www.1tool.com\/sl\/zahteva-za-imenovanje\/#primaryimage"},"thumbnailUrl":"https:\/\/www.1tool.com\/wp-content\/uploads\/elementor\/thumbs\/Titelbild_Bianca-rh9oklsfoehwjmkutyjs8e8em4ebc5qxg0plfg3f7w.jpg","datePublished":"2024-09-26T05:41:14+00:00","dateModified":"2026-04-30T14:23:12+00:00","breadcrumb":{"@id":"https:\/\/www.1tool.com\/sl\/zahteva-za-imenovanje\/#breadcrumb"},"inLanguage":"sl-SI","potentialAction":[{"@type":"ReadAction","target":["https:\/\/www.1tool.com\/sl\/zahteva-za-imenovanje\/"]}]},{"@type":"ImageObject","inLanguage":"sl-SI","@id":"https:\/\/www.1tool.com\/sl\/zahteva-za-imenovanje\/#primaryimage","url":"https:\/\/www.1tool.com\/wp-content\/uploads\/elementor\/thumbs\/Titelbild_Bianca-rh9oklsfoehwjmkutyjs8e8em4ebc5qxg0plfg3f7w.jpg","contentUrl":"https:\/\/www.1tool.com\/wp-content\/uploads\/elementor\/thumbs\/Titelbild_Bianca-rh9oklsfoehwjmkutyjs8e8em4ebc5qxg0plfg3f7w.jpg"},{"@type":"BreadcrumbList","@id":"https:\/\/www.1tool.com\/sl\/zahteva-za-imenovanje\/#breadcrumb","itemListElement":[{"@type":"ListItem","position":1,"name":"Home","item":"https:\/\/www.1tool.com\/sl\/"},{"@type":"ListItem","position":2,"name":"Zahteva za imenovanje"}]},{"@type":"WebSite","@id":"https:\/\/www.1tool.com\/sl\/#website","url":"https:\/\/www.1tool.com\/sl\/","name":"1Tool","description":"CRM","publisher":{"@id":"https:\/\/www.1tool.com\/sl\/#organization"},"potentialAction":[{"@type":"SearchAction","target":{"@type":"EntryPoint","urlTemplate":"https:\/\/www.1tool.com\/sl\/?s={search_term_string}"},"query-input":{"@type":"PropertyValueSpecification","valueRequired":true,"valueName":"search_term_string"}}],"inLanguage":"sl-SI"},{"@type":"Organization","@id":"https:\/\/www.1tool.com\/sl\/#organization","name":"1Tool","url":"https:\/\/www.1tool.com\/sl\/","logo":{"@type":"ImageObject","inLanguage":"sl-SI","@id":"https:\/\/www.1tool.com\/sl\/#\/schema\/logo\/image\/","url":"https:\/\/www.1tool.com\/wp-content\/uploads\/2022\/04\/1tool-1.png","contentUrl":"https:\/\/www.1tool.com\/wp-content\/uploads\/2022\/04\/1tool-1.png","width":400,"height":150,"caption":"1Tool"},"image":{"@id":"https:\/\/www.1tool.com\/sl\/#\/schema\/logo\/image\/"}}]}},"_links":{"self":[{"href":"https:\/\/www.1tool.com\/sl\/wp-json\/wp\/v2\/pages\/72155","targetHints":{"allow":["GET"]}}],"collection":[{"href":"https:\/\/www.1tool.com\/sl\/wp-json\/wp\/v2\/pages"}],"about":[{"href":"https:\/\/www.1tool.com\/sl\/wp-json\/wp\/v2\/types\/page"}],"author":[{"embeddable":true,"href":"https:\/\/www.1tool.com\/sl\/wp-json\/wp\/v2\/users\/1"}],"replies":[{"embeddable":true,"href":"https:\/\/www.1tool.com\/sl\/wp-json\/wp\/v2\/comments?post=72155"}],"version-history":[{"count":1,"href":"https:\/\/www.1tool.com\/sl\/wp-json\/wp\/v2\/pages\/72155\/revisions"}],"predecessor-version":[{"id":72157,"href":"https:\/\/www.1tool.com\/sl\/wp-json\/wp\/v2\/pages\/72155\/revisions\/72157"}],"wp:attachment":[{"href":"https:\/\/www.1tool.com\/sl\/wp-json\/wp\/v2\/media?parent=72155"}],"curies":[{"name":"wp","href":"https:\/\/api.w.org\/{rel}","templated":true}]}}