{"id":72400,"date":"2022-03-31T05:01:16","date_gmt":"2022-03-31T03:01:16","guid":{"rendered":"https:\/\/www.1tool.com\/upravljanje-dogodkov\/"},"modified":"2026-04-30T16:36:56","modified_gmt":"2026-04-30T14:36:56","slug":"upravljanje-dogodkov","status":"publish","type":"page","link":"https:\/\/www.1tool.com\/sl\/moduli\/organizacija-in-storitve\/dogodki\/funkcije-modul-dogodkov\/upravljanje-dogodkov\/","title":{"rendered":"Upravljanje dogodkov"},"content":{"rendered":"\t\t<div data-elementor-type=\"wp-page\" data-elementor-id=\"72400\" class=\"elementor elementor-72400 elementor-49903\" data-elementor-post-type=\"page\">\n\t\t\t\t\t\t<section class=\"elementor-section elementor-top-section elementor-element elementor-element-fab54ce elementor-section-boxed elementor-section-height-default elementor-section-height-default shadepro-adv-gradient-no shadepro-sticky-no\" data-id=\"fab54ce\" data-element_type=\"section\" data-e-type=\"section\" data-settings=\"{&quot;shadepro_sticky&quot;:&quot;no&quot;}\">\n\t\t\t\t\t\t<div class=\"elementor-container elementor-column-gap-default\">\n\t\t\t\t\t<div class=\"elementor-column elementor-col-100 elementor-top-column elementor-element elementor-element-4ecb2f1\" data-id=\"4ecb2f1\" data-element_type=\"column\" data-e-type=\"column\">\n\t\t\t<div class=\"elementor-widget-wrap elementor-element-populated\">\n\t\t\t\t\t\t<div class=\"elementor-element elementor-element-ba7dde1 shadepro-sticky-no elementor-widget elementor-widget-heading\" data-id=\"ba7dde1\" data-element_type=\"widget\" data-e-type=\"widget\" data-settings=\"{&quot;shadepro_sticky&quot;:&quot;no&quot;}\" data-widget_type=\"heading.default\">\n\t\t\t\t<div class=\"elementor-widget-container\">\n\t\t\t\t\t<h1 class=\"elementor-heading-title elementor-size-default\">Upravljanje dogodkov<\/h1>\t\t\t\t<\/div>\n\t\t\t\t<\/div>\n\t\t\t\t<div class=\"elementor-element elementor-element-441a1f6 shadepro-sticky-no elementor-widget elementor-widget-text-editor\" data-id=\"441a1f6\" data-element_type=\"widget\" data-e-type=\"widget\" data-settings=\"{&quot;shadepro_sticky&quot;:&quot;no&quot;}\" data-widget_type=\"text-editor.default\">\n\t\t\t\t<div class=\"elementor-widget-container\">\n\t\t\t\t\t\t\t\t\t<p>U\u010dinkovito na\u010drtovanje, izvedba in spremljanje dogodkov s sistemom za upravljanje dogodkov 1Tool<\/p>\t\t\t\t\t\t\t\t<\/div>\n\t\t\t\t<\/div>\n\t\t\t\t<section class=\"elementor-section elementor-inner-section elementor-element elementor-element-3fef598 elementor-section-boxed elementor-section-height-default elementor-section-height-default shadepro-adv-gradient-no shadepro-sticky-no\" data-id=\"3fef598\" data-element_type=\"section\" data-e-type=\"section\" data-settings=\"{&quot;shadepro_sticky&quot;:&quot;no&quot;}\">\n\t\t\t\t\t\t<div class=\"elementor-container elementor-column-gap-default\">\n\t\t\t\t\t<div class=\"elementor-column elementor-col-100 elementor-inner-column elementor-element elementor-element-6808662\" data-id=\"6808662\" data-element_type=\"column\" data-e-type=\"column\">\n\t\t\t<div class=\"elementor-widget-wrap elementor-element-populated\">\n\t\t\t\t\t\t<div class=\"elementor-element elementor-element-c961313 shadepro-sticky-no elementor-widget elementor-widget-text-editor\" data-id=\"c961313\" data-element_type=\"widget\" data-e-type=\"widget\" data-settings=\"{&quot;shadepro_sticky&quot;:&quot;no&quot;}\" data-widget_type=\"text-editor.default\">\n\t\t\t\t<div class=\"elementor-widget-container\">\n\t\t\t\t\t\t\t\t\t<h3>Upravljanje te\u010dajev v orodju 1Tool Event Management<\/h3><p>Svoj te\u010daj usposabljanja ali nadaljnjega izobra\u017eevanja lahko ustvarite v le nekaj korakih z uporabo preprostega obrazca. Nadrejeni in podrejeni dogodki ter opredelitev ciljev in vsebine te\u010daja mo\u010dno olaj\u0161ajo upravljanje dogodkov v orodju 1Tool. Zaradi samodejne izdelave seminarskega priro\u010dnika je 1Tool edinstveno orodje za seminarje &#8211; te\u010daji se po izdelavi samodejno prenesejo, dinami\u010dno kazalo vsebine vodi neposredno do \u017eelenega seminarja, prijava pa lahko poteka tudi neposredno iz spletnega priro\u010dnika.  <\/p><h4>Samodejno izdajanje ra\u010dunov za va\u0161e te\u010daje<\/h4><p>1Tool za upravljanje dogodkov zagotavlja tudi nemoten potek rutinskih dejavnosti po dogodku. Stranke lahko dogodek pla\u010dajo neposredno prek spleta, 1Tool pa v ozadju samodejno ustvari ustrezne ra\u010dune ali prevzame samodejno ustvarjanje dobropisov v primeru odpovedi. <\/p><p>Odvisno od podjetja so lahko odpovedi povezane tudi z lastnimi pravili o odpovedi. Upravljanje dogodkov samodejno izra\u010duna znesek, ki bo zara\u010dunan ali povrnjen stranki, na podlagi \u0161tevila dni pred za\u010detkom te\u010daja. <\/p><h4>Optimalna komunikacija z udele\u017eenci te\u010daja<\/h4><p>Ne glede na to, ali \u017eelite udele\u017eence te\u010daja opomniti na prihajajo\u010di dogodek, ogla\u0161evati nove dogodke ali poslati osebno vabilo na nadaljevalni seminar &#8211; 1Tool Event Management zagotavlja optimalno komunikacijo z va\u0161imi strankami s prilagojenimi glasili in sporo\u010dili SMS. To zagotavlja najbolj\u0161o podporo in popolno izkori\u0161\u010denost dogodka! <\/p>\t\t\t\t\t\t\t\t<\/div>\n\t\t\t\t<\/div>\n\t\t\t\t\t<\/div>\n\t\t<\/div>\n\t\t\t\t\t<\/div>\n\t\t<\/section>\n\t\t\t\t\t<\/div>\n\t\t<\/div>\n\t\t\t\t\t<\/div>\n\t\t<\/section>\n\t\t\t\t<\/div>\n\t\t","protected":false},"excerpt":{"rendered":"<p>Upravljanje dogodkov U\u010dinkovito na\u010drtovanje, izvedba in spremljanje dogodkov s sistemom za upravljanje dogodkov 1Tool Upravljanje te\u010dajev v orodju 1Tool Event Management Svoj te\u010daj usposabljanja ali nadaljnjega izobra\u017eevanja lahko ustvarite v le nekaj korakih z uporabo preprostega obrazca. Nadrejeni in podrejeni dogodki ter opredelitev ciljev in vsebine te\u010daja mo\u010dno olaj\u0161ajo upravljanje dogodkov v orodju 1Tool. Zaradi [&hellip;]<\/p>\n","protected":false},"author":1,"featured_media":0,"parent":72653,"menu_order":0,"comment_status":"closed","ping_status":"closed","template":"","meta":{"inline_featured_image":false,"footnotes":""},"class_list":["post-72400","page","type-page","status-publish","hentry"],"acf":[],"yoast_head":"<!-- This site is optimized with the Yoast SEO plugin v27.5 - https:\/\/yoast.com\/product\/yoast-seo-wordpress\/ -->\n<title>Upravljanje dogodkov - 1Tool<\/title>\n<meta name=\"robots\" content=\"index, follow, max-snippet:-1, max-image-preview:large, max-video-preview:-1\" \/>\n<link rel=\"canonical\" href=\"https:\/\/www.1tool.com\/sl\/moduli\/organizacija-in-storitve\/dogodki\/funkcije-modul-dogodkov\/upravljanje-dogodkov\/\" \/>\n<meta property=\"og:locale\" content=\"sl_SI\" \/>\n<meta property=\"og:type\" content=\"article\" \/>\n<meta property=\"og:title\" content=\"Upravljanje dogodkov - 1Tool\" \/>\n<meta property=\"og:description\" content=\"Upravljanje dogodkov U\u010dinkovito na\u010drtovanje, izvedba in spremljanje dogodkov s sistemom za upravljanje dogodkov 1Tool Upravljanje te\u010dajev v orodju 1Tool Event Management Svoj te\u010daj usposabljanja ali nadaljnjega izobra\u017eevanja lahko ustvarite v le nekaj korakih z uporabo preprostega obrazca. Nadrejeni in podrejeni dogodki ter opredelitev ciljev in vsebine te\u010daja mo\u010dno olaj\u0161ajo upravljanje dogodkov v orodju 1Tool. Zaradi [&hellip;]\" \/>\n<meta property=\"og:url\" content=\"https:\/\/www.1tool.com\/sl\/moduli\/organizacija-in-storitve\/dogodki\/funkcije-modul-dogodkov\/upravljanje-dogodkov\/\" \/>\n<meta property=\"og:site_name\" content=\"1Tool\" \/>\n<meta property=\"article:modified_time\" content=\"2026-04-30T14:36:56+00:00\" \/>\n<meta name=\"twitter:card\" content=\"summary_large_image\" \/>\n<meta name=\"twitter:label1\" content=\"Est. reading time\" \/>\n\t<meta name=\"twitter:data1\" content=\"1 minuta\" \/>\n<script type=\"application\/ld+json\" class=\"yoast-schema-graph\">{\"@context\":\"https:\\\/\\\/schema.org\",\"@graph\":[{\"@type\":\"WebPage\",\"@id\":\"https:\\\/\\\/www.1tool.com\\\/sl\\\/moduli\\\/organizacija-in-storitve\\\/dogodki\\\/funkcije-modul-dogodkov\\\/upravljanje-dogodkov\\\/\",\"url\":\"https:\\\/\\\/www.1tool.com\\\/sl\\\/moduli\\\/organizacija-in-storitve\\\/dogodki\\\/funkcije-modul-dogodkov\\\/upravljanje-dogodkov\\\/\",\"name\":\"Upravljanje dogodkov - 1Tool\",\"isPartOf\":{\"@id\":\"https:\\\/\\\/www.1tool.com\\\/sl\\\/#website\"},\"datePublished\":\"2022-03-31T03:01:16+00:00\",\"dateModified\":\"2026-04-30T14:36:56+00:00\",\"breadcrumb\":{\"@id\":\"https:\\\/\\\/www.1tool.com\\\/sl\\\/moduli\\\/organizacija-in-storitve\\\/dogodki\\\/funkcije-modul-dogodkov\\\/upravljanje-dogodkov\\\/#breadcrumb\"},\"inLanguage\":\"sl-SI\",\"potentialAction\":[{\"@type\":\"ReadAction\",\"target\":[\"https:\\\/\\\/www.1tool.com\\\/sl\\\/moduli\\\/organizacija-in-storitve\\\/dogodki\\\/funkcije-modul-dogodkov\\\/upravljanje-dogodkov\\\/\"]}]},{\"@type\":\"BreadcrumbList\",\"@id\":\"https:\\\/\\\/www.1tool.com\\\/sl\\\/moduli\\\/organizacija-in-storitve\\\/dogodki\\\/funkcije-modul-dogodkov\\\/upravljanje-dogodkov\\\/#breadcrumb\",\"itemListElement\":[{\"@type\":\"ListItem\",\"position\":1,\"name\":\"Home\",\"item\":\"https:\\\/\\\/www.1tool.com\\\/sl\\\/\"},{\"@type\":\"ListItem\",\"position\":2,\"name\":\"Moduli\",\"item\":\"https:\\\/\\\/www.1tool.com\\\/sl\\\/module\\\/\"},{\"@type\":\"ListItem\",\"position\":3,\"name\":\"Organizacija in storitve\",\"item\":\"https:\\\/\\\/www.1tool.com\\\/sl\\\/moduli\\\/organizacija-in-storitve\\\/\"},{\"@type\":\"ListItem\",\"position\":4,\"name\":\"dogodki\",\"item\":\"https:\\\/\\\/www.1tool.com\\\/sl\\\/moduli\\\/organizacija-in-storitve\\\/dogodki\\\/\"},{\"@type\":\"ListItem\",\"position\":5,\"name\":\"Funkcije Modul dogodkov\",\"item\":\"https:\\\/\\\/www.1tool.com\\\/sl\\\/moduli\\\/organizacija-in-storitve\\\/dogodki\\\/funkcije-modul-dogodkov\\\/\"},{\"@type\":\"ListItem\",\"position\":6,\"name\":\"Upravljanje dogodkov\"}]},{\"@type\":\"WebSite\",\"@id\":\"https:\\\/\\\/www.1tool.com\\\/sl\\\/#website\",\"url\":\"https:\\\/\\\/www.1tool.com\\\/sl\\\/\",\"name\":\"1Tool\",\"description\":\"CRM\",\"publisher\":{\"@id\":\"https:\\\/\\\/www.1tool.com\\\/sl\\\/#organization\"},\"potentialAction\":[{\"@type\":\"SearchAction\",\"target\":{\"@type\":\"EntryPoint\",\"urlTemplate\":\"https:\\\/\\\/www.1tool.com\\\/sl\\\/?s={search_term_string}\"},\"query-input\":{\"@type\":\"PropertyValueSpecification\",\"valueRequired\":true,\"valueName\":\"search_term_string\"}}],\"inLanguage\":\"sl-SI\"},{\"@type\":\"Organization\",\"@id\":\"https:\\\/\\\/www.1tool.com\\\/sl\\\/#organization\",\"name\":\"1Tool\",\"url\":\"https:\\\/\\\/www.1tool.com\\\/sl\\\/\",\"logo\":{\"@type\":\"ImageObject\",\"inLanguage\":\"sl-SI\",\"@id\":\"https:\\\/\\\/www.1tool.com\\\/sl\\\/#\\\/schema\\\/logo\\\/image\\\/\",\"url\":\"https:\\\/\\\/www.1tool.com\\\/wp-content\\\/uploads\\\/2022\\\/04\\\/1tool-1.png\",\"contentUrl\":\"https:\\\/\\\/www.1tool.com\\\/wp-content\\\/uploads\\\/2022\\\/04\\\/1tool-1.png\",\"width\":400,\"height\":150,\"caption\":\"1Tool\"},\"image\":{\"@id\":\"https:\\\/\\\/www.1tool.com\\\/sl\\\/#\\\/schema\\\/logo\\\/image\\\/\"}}]}<\/script>\n<!-- \/ Yoast SEO plugin. -->","yoast_head_json":{"title":"Upravljanje dogodkov - 1Tool","robots":{"index":"index","follow":"follow","max-snippet":"max-snippet:-1","max-image-preview":"max-image-preview:large","max-video-preview":"max-video-preview:-1"},"canonical":"https:\/\/www.1tool.com\/sl\/moduli\/organizacija-in-storitve\/dogodki\/funkcije-modul-dogodkov\/upravljanje-dogodkov\/","og_locale":"sl_SI","og_type":"article","og_title":"Upravljanje dogodkov - 1Tool","og_description":"Upravljanje dogodkov U\u010dinkovito na\u010drtovanje, izvedba in spremljanje dogodkov s sistemom za upravljanje dogodkov 1Tool Upravljanje te\u010dajev v orodju 1Tool Event Management Svoj te\u010daj usposabljanja ali nadaljnjega izobra\u017eevanja lahko ustvarite v le nekaj korakih z uporabo preprostega obrazca. Nadrejeni in podrejeni dogodki ter opredelitev ciljev in vsebine te\u010daja mo\u010dno olaj\u0161ajo upravljanje dogodkov v orodju 1Tool. Zaradi [&hellip;]","og_url":"https:\/\/www.1tool.com\/sl\/moduli\/organizacija-in-storitve\/dogodki\/funkcije-modul-dogodkov\/upravljanje-dogodkov\/","og_site_name":"1Tool","article_modified_time":"2026-04-30T14:36:56+00:00","twitter_card":"summary_large_image","twitter_misc":{"Est. reading time":"1 minuta"},"schema":{"@context":"https:\/\/schema.org","@graph":[{"@type":"WebPage","@id":"https:\/\/www.1tool.com\/sl\/moduli\/organizacija-in-storitve\/dogodki\/funkcije-modul-dogodkov\/upravljanje-dogodkov\/","url":"https:\/\/www.1tool.com\/sl\/moduli\/organizacija-in-storitve\/dogodki\/funkcije-modul-dogodkov\/upravljanje-dogodkov\/","name":"Upravljanje dogodkov - 1Tool","isPartOf":{"@id":"https:\/\/www.1tool.com\/sl\/#website"},"datePublished":"2022-03-31T03:01:16+00:00","dateModified":"2026-04-30T14:36:56+00:00","breadcrumb":{"@id":"https:\/\/www.1tool.com\/sl\/moduli\/organizacija-in-storitve\/dogodki\/funkcije-modul-dogodkov\/upravljanje-dogodkov\/#breadcrumb"},"inLanguage":"sl-SI","potentialAction":[{"@type":"ReadAction","target":["https:\/\/www.1tool.com\/sl\/moduli\/organizacija-in-storitve\/dogodki\/funkcije-modul-dogodkov\/upravljanje-dogodkov\/"]}]},{"@type":"BreadcrumbList","@id":"https:\/\/www.1tool.com\/sl\/moduli\/organizacija-in-storitve\/dogodki\/funkcije-modul-dogodkov\/upravljanje-dogodkov\/#breadcrumb","itemListElement":[{"@type":"ListItem","position":1,"name":"Home","item":"https:\/\/www.1tool.com\/sl\/"},{"@type":"ListItem","position":2,"name":"Moduli","item":"https:\/\/www.1tool.com\/sl\/module\/"},{"@type":"ListItem","position":3,"name":"Organizacija in storitve","item":"https:\/\/www.1tool.com\/sl\/moduli\/organizacija-in-storitve\/"},{"@type":"ListItem","position":4,"name":"dogodki","item":"https:\/\/www.1tool.com\/sl\/moduli\/organizacija-in-storitve\/dogodki\/"},{"@type":"ListItem","position":5,"name":"Funkcije Modul dogodkov","item":"https:\/\/www.1tool.com\/sl\/moduli\/organizacija-in-storitve\/dogodki\/funkcije-modul-dogodkov\/"},{"@type":"ListItem","position":6,"name":"Upravljanje dogodkov"}]},{"@type":"WebSite","@id":"https:\/\/www.1tool.com\/sl\/#website","url":"https:\/\/www.1tool.com\/sl\/","name":"1Tool","description":"CRM","publisher":{"@id":"https:\/\/www.1tool.com\/sl\/#organization"},"potentialAction":[{"@type":"SearchAction","target":{"@type":"EntryPoint","urlTemplate":"https:\/\/www.1tool.com\/sl\/?s={search_term_string}"},"query-input":{"@type":"PropertyValueSpecification","valueRequired":true,"valueName":"search_term_string"}}],"inLanguage":"sl-SI"},{"@type":"Organization","@id":"https:\/\/www.1tool.com\/sl\/#organization","name":"1Tool","url":"https:\/\/www.1tool.com\/sl\/","logo":{"@type":"ImageObject","inLanguage":"sl-SI","@id":"https:\/\/www.1tool.com\/sl\/#\/schema\/logo\/image\/","url":"https:\/\/www.1tool.com\/wp-content\/uploads\/2022\/04\/1tool-1.png","contentUrl":"https:\/\/www.1tool.com\/wp-content\/uploads\/2022\/04\/1tool-1.png","width":400,"height":150,"caption":"1Tool"},"image":{"@id":"https:\/\/www.1tool.com\/sl\/#\/schema\/logo\/image\/"}}]}},"_links":{"self":[{"href":"https:\/\/www.1tool.com\/sl\/wp-json\/wp\/v2\/pages\/72400","targetHints":{"allow":["GET"]}}],"collection":[{"href":"https:\/\/www.1tool.com\/sl\/wp-json\/wp\/v2\/pages"}],"about":[{"href":"https:\/\/www.1tool.com\/sl\/wp-json\/wp\/v2\/types\/page"}],"author":[{"embeddable":true,"href":"https:\/\/www.1tool.com\/sl\/wp-json\/wp\/v2\/users\/1"}],"replies":[{"embeddable":true,"href":"https:\/\/www.1tool.com\/sl\/wp-json\/wp\/v2\/comments?post=72400"}],"version-history":[{"count":1,"href":"https:\/\/www.1tool.com\/sl\/wp-json\/wp\/v2\/pages\/72400\/revisions"}],"predecessor-version":[{"id":72401,"href":"https:\/\/www.1tool.com\/sl\/wp-json\/wp\/v2\/pages\/72400\/revisions\/72401"}],"up":[{"embeddable":true,"href":"https:\/\/www.1tool.com\/sl\/wp-json\/wp\/v2\/pages\/72653"}],"wp:attachment":[{"href":"https:\/\/www.1tool.com\/sl\/wp-json\/wp\/v2\/media?parent=72400"}],"curies":[{"name":"wp","href":"https:\/\/api.w.org\/{rel}","templated":true}]}}