{"id":72403,"date":"2022-03-31T04:59:35","date_gmt":"2022-03-31T02:59:35","guid":{"rendered":"https:\/\/www.1tool.com\/upravljanje-udelezencev\/"},"modified":"2026-04-30T16:36:56","modified_gmt":"2026-04-30T14:36:56","slug":"upravljanje-udelezencev","status":"publish","type":"page","link":"https:\/\/www.1tool.com\/sl\/moduli\/organizacija-in-storitve\/dogodki\/funkcije-modul-dogodkov\/upravljanje-udelezencev\/","title":{"rendered":"Upravljanje udele\u017eencev"},"content":{"rendered":"\t\t<div data-elementor-type=\"wp-page\" data-elementor-id=\"72403\" class=\"elementor elementor-72403 elementor-49895\" data-elementor-post-type=\"page\">\n\t\t\t\t\t\t<section class=\"elementor-section elementor-top-section elementor-element elementor-element-5287c3c elementor-section-boxed elementor-section-height-default elementor-section-height-default shadepro-adv-gradient-no shadepro-sticky-no\" data-id=\"5287c3c\" data-element_type=\"section\" data-e-type=\"section\" data-settings=\"{&quot;shadepro_sticky&quot;:&quot;no&quot;}\">\n\t\t\t\t\t\t<div class=\"elementor-container elementor-column-gap-default\">\n\t\t\t\t\t<div class=\"elementor-column elementor-col-100 elementor-top-column elementor-element elementor-element-bcd68c2\" data-id=\"bcd68c2\" data-element_type=\"column\" data-e-type=\"column\">\n\t\t\t<div class=\"elementor-widget-wrap elementor-element-populated\">\n\t\t\t\t\t\t<div class=\"elementor-element elementor-element-bd23daa shadepro-sticky-no elementor-widget elementor-widget-heading\" data-id=\"bd23daa\" data-element_type=\"widget\" data-e-type=\"widget\" data-settings=\"{&quot;shadepro_sticky&quot;:&quot;no&quot;}\" data-widget_type=\"heading.default\">\n\t\t\t\t<div class=\"elementor-widget-container\">\n\t\t\t\t\t<h1 class=\"elementor-heading-title elementor-size-default\">Upravljanje udele\u017eencev<\/h1>\t\t\t\t<\/div>\n\t\t\t\t<\/div>\n\t\t\t\t<div class=\"elementor-element elementor-element-d2498fa shadepro-sticky-no elementor-widget elementor-widget-text-editor\" data-id=\"d2498fa\" data-element_type=\"widget\" data-e-type=\"widget\" data-settings=\"{&quot;shadepro_sticky&quot;:&quot;no&quot;}\" data-widget_type=\"text-editor.default\">\n\t\t\t\t<div class=\"elementor-widget-container\">\n\t\t\t\t\t\t\t\t\t<p>Enostavna registracija in upravljanje udele\u017eencev s programsko opremo za seminarje 1Tool<\/p>\t\t\t\t\t\t\t\t<\/div>\n\t\t\t\t<\/div>\n\t\t\t\t<section class=\"elementor-section elementor-inner-section elementor-element elementor-element-0a4a08c elementor-section-boxed elementor-section-height-default elementor-section-height-default shadepro-adv-gradient-no shadepro-sticky-no\" data-id=\"0a4a08c\" data-element_type=\"section\" data-e-type=\"section\" data-settings=\"{&quot;shadepro_sticky&quot;:&quot;no&quot;}\">\n\t\t\t\t\t\t<div class=\"elementor-container elementor-column-gap-default\">\n\t\t\t\t\t<div class=\"elementor-column elementor-col-100 elementor-inner-column elementor-element elementor-element-f1e6c25\" data-id=\"f1e6c25\" data-element_type=\"column\" data-e-type=\"column\">\n\t\t\t<div class=\"elementor-widget-wrap elementor-element-populated\">\n\t\t\t\t\t\t<div class=\"elementor-element elementor-element-a9a070a shadepro-sticky-no elementor-widget elementor-widget-text-editor\" data-id=\"a9a070a\" data-element_type=\"widget\" data-e-type=\"widget\" data-settings=\"{&quot;shadepro_sticky&quot;:&quot;no&quot;}\" data-widget_type=\"text-editor.default\">\n\t\t\t\t<div class=\"elementor-widget-container\">\n\t\t\t\t\t\t\t\t\t<h3>Spletna registracija za administracijo udele\u017eencev<\/h3><p>Vsak seminar ali dogodek, ki ga ustvarite v orodju 1Tool, se samodejno prika\u017ee na va\u0161em spletnem mestu in zainteresiranim stranem ponuja optimalen pregled ponudbe te\u010dajev in podrobnosti (lokacija, obdobje, stro\u0161ki itd.). Programska oprema za upravljanje udele\u017eencev zagotavlja prilagojene spletne obrazce za prijavo na te\u010daje. Ko je obrazec za prijavo poslan, se podatki udele\u017eenca te\u010daja prenesejo neposredno v sistem za upravljanje udele\u017eencev programske opreme. Vendar se lahko samodejno prikli\u010dejo ne le kontaktni podatki, temve\u010d tudi seznami udele\u017eencev, \u010dakajo\u010dih in odjavljenih udele\u017eencev.   <\/p><h4>Vedno spremljajte razpolo\u017eljivost s sistemom semaforja in \u010dakalnim seznamom<\/h4><p>S pomo\u010djo sistema semaforja na\u0161e programske opreme za upravljanje udele\u017eencev stranke takoj vedo, ali so za \u017eeleni te\u010daj \u0161e prosta mesta ali ne. \u010ce je dostop do te\u010dajev omejen z najve\u010djim \u0161tevilom udele\u017eencev, se ob va\u0161em te\u010daju samodejno pojavi rde\u010da barva, \u010de je polno zaseden. <\/p><p>Toda tudi za seminarje in dogodke, ki so polno zasedeni, ponuja 1Tool za upravljanje udele\u017eencev idealno re\u0161itev v obliki \u010dakalnih seznamov. Tudi \u010de ljudje odpovedo seminar tik pred za\u010detkom te\u010daja, programska oprema za upravljanje udele\u017eencev zaradi samodejnega nadome\u0161\u010danja in samodejne komunikacije s strankami zagotavlja polno izkori\u0161\u010denost zmogljivosti. <\/p><h4>Seznami udele\u017eencev, potrdila &amp; Co.<\/h4><p>Seminarske funkcije orodja 1Tool zagotavljajo optimalno upravljanje udele\u017eencev pred, med in po dogodku. S pritiskom na gumb lahko ustvarite sezname udele\u017eencev, kartice mest, potrdila in \u0161e veliko ve\u010d! Zahvaljujo\u010d shranjenim predlogam dokumentov bodo va\u0161i dokumenti vedno blesteli v va\u0161em korporativnem dizajnu.  <\/p>\t\t\t\t\t\t\t\t<\/div>\n\t\t\t\t<\/div>\n\t\t\t\t\t<\/div>\n\t\t<\/div>\n\t\t\t\t\t<\/div>\n\t\t<\/section>\n\t\t\t\t\t<\/div>\n\t\t<\/div>\n\t\t\t\t\t<\/div>\n\t\t<\/section>\n\t\t\t\t<\/div>\n\t\t","protected":false},"excerpt":{"rendered":"<p>Upravljanje udele\u017eencev Enostavna registracija in upravljanje udele\u017eencev s programsko opremo za seminarje 1Tool Spletna registracija za administracijo udele\u017eencev Vsak seminar ali dogodek, ki ga ustvarite v orodju 1Tool, se samodejno prika\u017ee na va\u0161em spletnem mestu in zainteresiranim stranem ponuja optimalen pregled ponudbe te\u010dajev in podrobnosti (lokacija, obdobje, stro\u0161ki itd.). Programska oprema za upravljanje udele\u017eencev zagotavlja [&hellip;]<\/p>\n","protected":false},"author":1,"featured_media":0,"parent":72653,"menu_order":0,"comment_status":"closed","ping_status":"closed","template":"","meta":{"inline_featured_image":false,"footnotes":""},"class_list":["post-72403","page","type-page","status-publish","hentry"],"acf":[],"yoast_head":"<!-- This site is optimized with the Yoast SEO plugin v27.5 - https:\/\/yoast.com\/product\/yoast-seo-wordpress\/ -->\n<title>Upravljanje udele\u017eencev - 1Tool<\/title>\n<meta name=\"robots\" content=\"index, follow, max-snippet:-1, max-image-preview:large, max-video-preview:-1\" \/>\n<link rel=\"canonical\" href=\"https:\/\/www.1tool.com\/sl\/moduli\/organizacija-in-storitve\/dogodki\/funkcije-modul-dogodkov\/upravljanje-udelezencev\/\" \/>\n<meta property=\"og:locale\" content=\"sl_SI\" \/>\n<meta property=\"og:type\" content=\"article\" \/>\n<meta property=\"og:title\" content=\"Upravljanje udele\u017eencev - 1Tool\" \/>\n<meta property=\"og:description\" content=\"Upravljanje udele\u017eencev Enostavna registracija in upravljanje udele\u017eencev s programsko opremo za seminarje 1Tool Spletna registracija za administracijo udele\u017eencev Vsak seminar ali dogodek, ki ga ustvarite v orodju 1Tool, se samodejno prika\u017ee na va\u0161em spletnem mestu in zainteresiranim stranem ponuja optimalen pregled ponudbe te\u010dajev in podrobnosti (lokacija, obdobje, stro\u0161ki itd.). Programska oprema za upravljanje udele\u017eencev zagotavlja [&hellip;]\" \/>\n<meta property=\"og:url\" content=\"https:\/\/www.1tool.com\/sl\/moduli\/organizacija-in-storitve\/dogodki\/funkcije-modul-dogodkov\/upravljanje-udelezencev\/\" \/>\n<meta property=\"og:site_name\" content=\"1Tool\" \/>\n<meta property=\"article:modified_time\" content=\"2026-04-30T14:36:56+00:00\" \/>\n<meta name=\"twitter:card\" content=\"summary_large_image\" \/>\n<meta name=\"twitter:label1\" content=\"Est. reading time\" \/>\n\t<meta name=\"twitter:data1\" content=\"1 minuta\" \/>\n<script type=\"application\/ld+json\" class=\"yoast-schema-graph\">{\"@context\":\"https:\\\/\\\/schema.org\",\"@graph\":[{\"@type\":\"WebPage\",\"@id\":\"https:\\\/\\\/www.1tool.com\\\/sl\\\/moduli\\\/organizacija-in-storitve\\\/dogodki\\\/funkcije-modul-dogodkov\\\/upravljanje-udelezencev\\\/\",\"url\":\"https:\\\/\\\/www.1tool.com\\\/sl\\\/moduli\\\/organizacija-in-storitve\\\/dogodki\\\/funkcije-modul-dogodkov\\\/upravljanje-udelezencev\\\/\",\"name\":\"Upravljanje udele\u017eencev - 1Tool\",\"isPartOf\":{\"@id\":\"https:\\\/\\\/www.1tool.com\\\/sl\\\/#website\"},\"datePublished\":\"2022-03-31T02:59:35+00:00\",\"dateModified\":\"2026-04-30T14:36:56+00:00\",\"breadcrumb\":{\"@id\":\"https:\\\/\\\/www.1tool.com\\\/sl\\\/moduli\\\/organizacija-in-storitve\\\/dogodki\\\/funkcije-modul-dogodkov\\\/upravljanje-udelezencev\\\/#breadcrumb\"},\"inLanguage\":\"sl-SI\",\"potentialAction\":[{\"@type\":\"ReadAction\",\"target\":[\"https:\\\/\\\/www.1tool.com\\\/sl\\\/moduli\\\/organizacija-in-storitve\\\/dogodki\\\/funkcije-modul-dogodkov\\\/upravljanje-udelezencev\\\/\"]}]},{\"@type\":\"BreadcrumbList\",\"@id\":\"https:\\\/\\\/www.1tool.com\\\/sl\\\/moduli\\\/organizacija-in-storitve\\\/dogodki\\\/funkcije-modul-dogodkov\\\/upravljanje-udelezencev\\\/#breadcrumb\",\"itemListElement\":[{\"@type\":\"ListItem\",\"position\":1,\"name\":\"Home\",\"item\":\"https:\\\/\\\/www.1tool.com\\\/sl\\\/\"},{\"@type\":\"ListItem\",\"position\":2,\"name\":\"Moduli\",\"item\":\"https:\\\/\\\/www.1tool.com\\\/sl\\\/module\\\/\"},{\"@type\":\"ListItem\",\"position\":3,\"name\":\"Organizacija in storitve\",\"item\":\"https:\\\/\\\/www.1tool.com\\\/sl\\\/moduli\\\/organizacija-in-storitve\\\/\"},{\"@type\":\"ListItem\",\"position\":4,\"name\":\"dogodki\",\"item\":\"https:\\\/\\\/www.1tool.com\\\/sl\\\/moduli\\\/organizacija-in-storitve\\\/dogodki\\\/\"},{\"@type\":\"ListItem\",\"position\":5,\"name\":\"Funkcije Modul dogodkov\",\"item\":\"https:\\\/\\\/www.1tool.com\\\/sl\\\/moduli\\\/organizacija-in-storitve\\\/dogodki\\\/funkcije-modul-dogodkov\\\/\"},{\"@type\":\"ListItem\",\"position\":6,\"name\":\"Upravljanje udele\u017eencev\"}]},{\"@type\":\"WebSite\",\"@id\":\"https:\\\/\\\/www.1tool.com\\\/sl\\\/#website\",\"url\":\"https:\\\/\\\/www.1tool.com\\\/sl\\\/\",\"name\":\"1Tool\",\"description\":\"CRM\",\"publisher\":{\"@id\":\"https:\\\/\\\/www.1tool.com\\\/sl\\\/#organization\"},\"potentialAction\":[{\"@type\":\"SearchAction\",\"target\":{\"@type\":\"EntryPoint\",\"urlTemplate\":\"https:\\\/\\\/www.1tool.com\\\/sl\\\/?s={search_term_string}\"},\"query-input\":{\"@type\":\"PropertyValueSpecification\",\"valueRequired\":true,\"valueName\":\"search_term_string\"}}],\"inLanguage\":\"sl-SI\"},{\"@type\":\"Organization\",\"@id\":\"https:\\\/\\\/www.1tool.com\\\/sl\\\/#organization\",\"name\":\"1Tool\",\"url\":\"https:\\\/\\\/www.1tool.com\\\/sl\\\/\",\"logo\":{\"@type\":\"ImageObject\",\"inLanguage\":\"sl-SI\",\"@id\":\"https:\\\/\\\/www.1tool.com\\\/sl\\\/#\\\/schema\\\/logo\\\/image\\\/\",\"url\":\"https:\\\/\\\/www.1tool.com\\\/wp-content\\\/uploads\\\/2022\\\/04\\\/1tool-1.png\",\"contentUrl\":\"https:\\\/\\\/www.1tool.com\\\/wp-content\\\/uploads\\\/2022\\\/04\\\/1tool-1.png\",\"width\":400,\"height\":150,\"caption\":\"1Tool\"},\"image\":{\"@id\":\"https:\\\/\\\/www.1tool.com\\\/sl\\\/#\\\/schema\\\/logo\\\/image\\\/\"}}]}<\/script>\n<!-- \/ Yoast SEO plugin. -->","yoast_head_json":{"title":"Upravljanje udele\u017eencev - 1Tool","robots":{"index":"index","follow":"follow","max-snippet":"max-snippet:-1","max-image-preview":"max-image-preview:large","max-video-preview":"max-video-preview:-1"},"canonical":"https:\/\/www.1tool.com\/sl\/moduli\/organizacija-in-storitve\/dogodki\/funkcije-modul-dogodkov\/upravljanje-udelezencev\/","og_locale":"sl_SI","og_type":"article","og_title":"Upravljanje udele\u017eencev - 1Tool","og_description":"Upravljanje udele\u017eencev Enostavna registracija in upravljanje udele\u017eencev s programsko opremo za seminarje 1Tool Spletna registracija za administracijo udele\u017eencev Vsak seminar ali dogodek, ki ga ustvarite v orodju 1Tool, se samodejno prika\u017ee na va\u0161em spletnem mestu in zainteresiranim stranem ponuja optimalen pregled ponudbe te\u010dajev in podrobnosti (lokacija, obdobje, stro\u0161ki itd.). Programska oprema za upravljanje udele\u017eencev zagotavlja [&hellip;]","og_url":"https:\/\/www.1tool.com\/sl\/moduli\/organizacija-in-storitve\/dogodki\/funkcije-modul-dogodkov\/upravljanje-udelezencev\/","og_site_name":"1Tool","article_modified_time":"2026-04-30T14:36:56+00:00","twitter_card":"summary_large_image","twitter_misc":{"Est. reading time":"1 minuta"},"schema":{"@context":"https:\/\/schema.org","@graph":[{"@type":"WebPage","@id":"https:\/\/www.1tool.com\/sl\/moduli\/organizacija-in-storitve\/dogodki\/funkcije-modul-dogodkov\/upravljanje-udelezencev\/","url":"https:\/\/www.1tool.com\/sl\/moduli\/organizacija-in-storitve\/dogodki\/funkcije-modul-dogodkov\/upravljanje-udelezencev\/","name":"Upravljanje udele\u017eencev - 1Tool","isPartOf":{"@id":"https:\/\/www.1tool.com\/sl\/#website"},"datePublished":"2022-03-31T02:59:35+00:00","dateModified":"2026-04-30T14:36:56+00:00","breadcrumb":{"@id":"https:\/\/www.1tool.com\/sl\/moduli\/organizacija-in-storitve\/dogodki\/funkcije-modul-dogodkov\/upravljanje-udelezencev\/#breadcrumb"},"inLanguage":"sl-SI","potentialAction":[{"@type":"ReadAction","target":["https:\/\/www.1tool.com\/sl\/moduli\/organizacija-in-storitve\/dogodki\/funkcije-modul-dogodkov\/upravljanje-udelezencev\/"]}]},{"@type":"BreadcrumbList","@id":"https:\/\/www.1tool.com\/sl\/moduli\/organizacija-in-storitve\/dogodki\/funkcije-modul-dogodkov\/upravljanje-udelezencev\/#breadcrumb","itemListElement":[{"@type":"ListItem","position":1,"name":"Home","item":"https:\/\/www.1tool.com\/sl\/"},{"@type":"ListItem","position":2,"name":"Moduli","item":"https:\/\/www.1tool.com\/sl\/module\/"},{"@type":"ListItem","position":3,"name":"Organizacija in storitve","item":"https:\/\/www.1tool.com\/sl\/moduli\/organizacija-in-storitve\/"},{"@type":"ListItem","position":4,"name":"dogodki","item":"https:\/\/www.1tool.com\/sl\/moduli\/organizacija-in-storitve\/dogodki\/"},{"@type":"ListItem","position":5,"name":"Funkcije Modul dogodkov","item":"https:\/\/www.1tool.com\/sl\/moduli\/organizacija-in-storitve\/dogodki\/funkcije-modul-dogodkov\/"},{"@type":"ListItem","position":6,"name":"Upravljanje udele\u017eencev"}]},{"@type":"WebSite","@id":"https:\/\/www.1tool.com\/sl\/#website","url":"https:\/\/www.1tool.com\/sl\/","name":"1Tool","description":"CRM","publisher":{"@id":"https:\/\/www.1tool.com\/sl\/#organization"},"potentialAction":[{"@type":"SearchAction","target":{"@type":"EntryPoint","urlTemplate":"https:\/\/www.1tool.com\/sl\/?s={search_term_string}"},"query-input":{"@type":"PropertyValueSpecification","valueRequired":true,"valueName":"search_term_string"}}],"inLanguage":"sl-SI"},{"@type":"Organization","@id":"https:\/\/www.1tool.com\/sl\/#organization","name":"1Tool","url":"https:\/\/www.1tool.com\/sl\/","logo":{"@type":"ImageObject","inLanguage":"sl-SI","@id":"https:\/\/www.1tool.com\/sl\/#\/schema\/logo\/image\/","url":"https:\/\/www.1tool.com\/wp-content\/uploads\/2022\/04\/1tool-1.png","contentUrl":"https:\/\/www.1tool.com\/wp-content\/uploads\/2022\/04\/1tool-1.png","width":400,"height":150,"caption":"1Tool"},"image":{"@id":"https:\/\/www.1tool.com\/sl\/#\/schema\/logo\/image\/"}}]}},"_links":{"self":[{"href":"https:\/\/www.1tool.com\/sl\/wp-json\/wp\/v2\/pages\/72403","targetHints":{"allow":["GET"]}}],"collection":[{"href":"https:\/\/www.1tool.com\/sl\/wp-json\/wp\/v2\/pages"}],"about":[{"href":"https:\/\/www.1tool.com\/sl\/wp-json\/wp\/v2\/types\/page"}],"author":[{"embeddable":true,"href":"https:\/\/www.1tool.com\/sl\/wp-json\/wp\/v2\/users\/1"}],"replies":[{"embeddable":true,"href":"https:\/\/www.1tool.com\/sl\/wp-json\/wp\/v2\/comments?post=72403"}],"version-history":[{"count":1,"href":"https:\/\/www.1tool.com\/sl\/wp-json\/wp\/v2\/pages\/72403\/revisions"}],"predecessor-version":[{"id":72404,"href":"https:\/\/www.1tool.com\/sl\/wp-json\/wp\/v2\/pages\/72403\/revisions\/72404"}],"up":[{"embeddable":true,"href":"https:\/\/www.1tool.com\/sl\/wp-json\/wp\/v2\/pages\/72653"}],"wp:attachment":[{"href":"https:\/\/www.1tool.com\/sl\/wp-json\/wp\/v2\/media?parent=72403"}],"curies":[{"name":"wp","href":"https:\/\/api.w.org\/{rel}","templated":true}]}}