{"id":72439,"date":"2022-03-31T04:54:56","date_gmt":"2022-03-31T02:54:56","guid":{"rendered":"https:\/\/www.1tool.com\/spletno-placevanje-izdajanje-racunov\/"},"modified":"2026-04-30T16:36:56","modified_gmt":"2026-04-30T14:36:56","slug":"spletno-placevanje-izdajanje-racunov","status":"publish","type":"page","link":"https:\/\/www.1tool.com\/sl\/moduli\/organizacija-in-storitve\/dogodki\/funkcije-modul-dogodkov\/spletno-placevanje-izdajanje-racunov\/","title":{"rendered":"Spletno pla\u010devanje\/izdajanje ra\u010dunov"},"content":{"rendered":"\t\t<div data-elementor-type=\"wp-page\" data-elementor-id=\"72439\" class=\"elementor elementor-72439 elementor-49879\" data-elementor-post-type=\"page\">\n\t\t\t\t\t\t<section class=\"elementor-section elementor-top-section elementor-element elementor-element-b5653f3 elementor-section-boxed elementor-section-height-default elementor-section-height-default shadepro-adv-gradient-no shadepro-sticky-no\" data-id=\"b5653f3\" data-element_type=\"section\" data-e-type=\"section\" data-settings=\"{&quot;shadepro_sticky&quot;:&quot;no&quot;}\">\n\t\t\t\t\t\t<div class=\"elementor-container elementor-column-gap-default\">\n\t\t\t\t\t<div class=\"elementor-column elementor-col-100 elementor-top-column elementor-element elementor-element-3b77127\" data-id=\"3b77127\" data-element_type=\"column\" data-e-type=\"column\">\n\t\t\t<div class=\"elementor-widget-wrap elementor-element-populated\">\n\t\t\t\t\t\t<div class=\"elementor-element elementor-element-ad751a4 shadepro-sticky-no elementor-widget elementor-widget-heading\" data-id=\"ad751a4\" data-element_type=\"widget\" data-e-type=\"widget\" data-settings=\"{&quot;shadepro_sticky&quot;:&quot;no&quot;}\" data-widget_type=\"heading.default\">\n\t\t\t\t<div class=\"elementor-widget-container\">\n\t\t\t\t\t<h1 class=\"elementor-heading-title elementor-size-default\">Spletno pla\u010devanje\/izdajanje ra\u010dunov<\/h1>\t\t\t\t<\/div>\n\t\t\t\t<\/div>\n\t\t\t\t<div class=\"elementor-element elementor-element-d381108 shadepro-sticky-no elementor-widget elementor-widget-text-editor\" data-id=\"d381108\" data-element_type=\"widget\" data-e-type=\"widget\" data-settings=\"{&quot;shadepro_sticky&quot;:&quot;no&quot;}\" data-widget_type=\"text-editor.default\">\n\t\t\t\t<div class=\"elementor-widget-container\">\n\t\t\t\t\t\t\t\t\t<p>Modul te\u010daja udele\u017eencem omogo\u010da spletno pla\u010devanje, ra\u010duni pa se ustvarijo neposredno prek programske opreme z uporabo orodja 1Tool.<\/p>\t\t\t\t\t\t\t\t<\/div>\n\t\t\t\t<\/div>\n\t\t\t\t<section class=\"elementor-section elementor-inner-section elementor-element elementor-element-1a2654c elementor-section-boxed elementor-section-height-default elementor-section-height-default shadepro-adv-gradient-no shadepro-sticky-no\" data-id=\"1a2654c\" data-element_type=\"section\" data-e-type=\"section\" data-settings=\"{&quot;shadepro_sticky&quot;:&quot;no&quot;}\">\n\t\t\t\t\t\t<div class=\"elementor-container elementor-column-gap-default\">\n\t\t\t\t\t<div class=\"elementor-column elementor-col-100 elementor-inner-column elementor-element elementor-element-57e7fd3\" data-id=\"57e7fd3\" data-element_type=\"column\" data-e-type=\"column\">\n\t\t\t<div class=\"elementor-widget-wrap elementor-element-populated\">\n\t\t\t\t\t\t<div class=\"elementor-element elementor-element-6db2cc4 shadepro-sticky-no elementor-widget elementor-widget-text-editor\" data-id=\"6db2cc4\" data-element_type=\"widget\" data-e-type=\"widget\" data-settings=\"{&quot;shadepro_sticky&quot;:&quot;no&quot;}\" data-widget_type=\"text-editor.default\">\n\t\t\t\t<div class=\"elementor-widget-container\">\n\t\t\t\t\t\t\t\t\t<h3>Samodejno izstavljanje ra\u010dunov<\/h3><p>Ko se stranka prijavi na enega od va\u0161ih te\u010dajev, ga lahko tudi neposredno pla\u010da prek spleta. Postopek pla\u010dila je tako mogo\u010de izvesti neposredno in hitro, za va\u0161e potencialne stranke pa je kar se da preprost. <\/p><p>Poleg tega se ra\u010dun ustvari neposredno v orodju 1Tool. Status &#8220;pla\u010dan\/nepla\u010dan&#8221; vam omogo\u010da, da takoj prepoznate, kateri ra\u010duni so \u0161e nepla\u010dani in kateri so \u017ee pla\u010dani. Takoj ko va\u0161i udele\u017eenci pla\u010dajo, se ti ra\u010duni samodejno nastavijo na status &#8220;pla\u010dano&#8221;.  <\/p>\t\t\t\t\t\t\t\t<\/div>\n\t\t\t\t<\/div>\n\t\t\t\t\t<\/div>\n\t\t<\/div>\n\t\t\t\t\t<\/div>\n\t\t<\/section>\n\t\t\t\t\t<\/div>\n\t\t<\/div>\n\t\t\t\t\t<\/div>\n\t\t<\/section>\n\t\t\t\t<\/div>\n\t\t","protected":false},"excerpt":{"rendered":"<p>Spletno pla\u010devanje\/izdajanje ra\u010dunov Modul te\u010daja udele\u017eencem omogo\u010da spletno pla\u010devanje, ra\u010duni pa se ustvarijo neposredno prek programske opreme z uporabo orodja 1Tool. Samodejno izstavljanje ra\u010dunov Ko se stranka prijavi na enega od va\u0161ih te\u010dajev, ga lahko tudi neposredno pla\u010da prek spleta. Postopek pla\u010dila je tako mogo\u010de izvesti neposredno in hitro, za va\u0161e potencialne stranke pa je [&hellip;]<\/p>\n","protected":false},"author":1,"featured_media":0,"parent":72653,"menu_order":0,"comment_status":"closed","ping_status":"closed","template":"","meta":{"inline_featured_image":false,"footnotes":""},"class_list":["post-72439","page","type-page","status-publish","hentry"],"acf":[],"yoast_head":"<!-- This site is optimized with the Yoast SEO plugin v27.5 - https:\/\/yoast.com\/product\/yoast-seo-wordpress\/ -->\n<title>Spletno pla\u010devanje\/izdajanje ra\u010dunov - 1Tool<\/title>\n<meta name=\"robots\" content=\"index, follow, max-snippet:-1, max-image-preview:large, max-video-preview:-1\" \/>\n<link rel=\"canonical\" href=\"https:\/\/www.1tool.com\/sl\/moduli\/organizacija-in-storitve\/dogodki\/funkcije-modul-dogodkov\/spletno-placevanje-izdajanje-racunov\/\" \/>\n<meta property=\"og:locale\" content=\"sl_SI\" \/>\n<meta property=\"og:type\" content=\"article\" \/>\n<meta property=\"og:title\" content=\"Spletno pla\u010devanje\/izdajanje ra\u010dunov - 1Tool\" \/>\n<meta property=\"og:description\" content=\"Spletno pla\u010devanje\/izdajanje ra\u010dunov Modul te\u010daja udele\u017eencem omogo\u010da spletno pla\u010devanje, ra\u010duni pa se ustvarijo neposredno prek programske opreme z uporabo orodja 1Tool. Samodejno izstavljanje ra\u010dunov Ko se stranka prijavi na enega od va\u0161ih te\u010dajev, ga lahko tudi neposredno pla\u010da prek spleta. Postopek pla\u010dila je tako mogo\u010de izvesti neposredno in hitro, za va\u0161e potencialne stranke pa je [&hellip;]\" \/>\n<meta property=\"og:url\" content=\"https:\/\/www.1tool.com\/sl\/moduli\/organizacija-in-storitve\/dogodki\/funkcije-modul-dogodkov\/spletno-placevanje-izdajanje-racunov\/\" \/>\n<meta property=\"og:site_name\" content=\"1Tool\" \/>\n<meta property=\"article:modified_time\" content=\"2026-04-30T14:36:56+00:00\" \/>\n<meta name=\"twitter:card\" content=\"summary_large_image\" \/>\n<meta name=\"twitter:label1\" content=\"Est. reading time\" \/>\n\t<meta name=\"twitter:data1\" content=\"1 minuta\" \/>\n<script type=\"application\/ld+json\" class=\"yoast-schema-graph\">{\"@context\":\"https:\\\/\\\/schema.org\",\"@graph\":[{\"@type\":\"WebPage\",\"@id\":\"https:\\\/\\\/www.1tool.com\\\/sl\\\/moduli\\\/organizacija-in-storitve\\\/dogodki\\\/funkcije-modul-dogodkov\\\/spletno-placevanje-izdajanje-racunov\\\/\",\"url\":\"https:\\\/\\\/www.1tool.com\\\/sl\\\/moduli\\\/organizacija-in-storitve\\\/dogodki\\\/funkcije-modul-dogodkov\\\/spletno-placevanje-izdajanje-racunov\\\/\",\"name\":\"Spletno pla\u010devanje\\\/izdajanje ra\u010dunov - 1Tool\",\"isPartOf\":{\"@id\":\"https:\\\/\\\/www.1tool.com\\\/sl\\\/#website\"},\"datePublished\":\"2022-03-31T02:54:56+00:00\",\"dateModified\":\"2026-04-30T14:36:56+00:00\",\"breadcrumb\":{\"@id\":\"https:\\\/\\\/www.1tool.com\\\/sl\\\/moduli\\\/organizacija-in-storitve\\\/dogodki\\\/funkcije-modul-dogodkov\\\/spletno-placevanje-izdajanje-racunov\\\/#breadcrumb\"},\"inLanguage\":\"sl-SI\",\"potentialAction\":[{\"@type\":\"ReadAction\",\"target\":[\"https:\\\/\\\/www.1tool.com\\\/sl\\\/moduli\\\/organizacija-in-storitve\\\/dogodki\\\/funkcije-modul-dogodkov\\\/spletno-placevanje-izdajanje-racunov\\\/\"]}]},{\"@type\":\"BreadcrumbList\",\"@id\":\"https:\\\/\\\/www.1tool.com\\\/sl\\\/moduli\\\/organizacija-in-storitve\\\/dogodki\\\/funkcije-modul-dogodkov\\\/spletno-placevanje-izdajanje-racunov\\\/#breadcrumb\",\"itemListElement\":[{\"@type\":\"ListItem\",\"position\":1,\"name\":\"Home\",\"item\":\"https:\\\/\\\/www.1tool.com\\\/sl\\\/\"},{\"@type\":\"ListItem\",\"position\":2,\"name\":\"Moduli\",\"item\":\"https:\\\/\\\/www.1tool.com\\\/sl\\\/module\\\/\"},{\"@type\":\"ListItem\",\"position\":3,\"name\":\"Organizacija in storitve\",\"item\":\"https:\\\/\\\/www.1tool.com\\\/sl\\\/moduli\\\/organizacija-in-storitve\\\/\"},{\"@type\":\"ListItem\",\"position\":4,\"name\":\"dogodki\",\"item\":\"https:\\\/\\\/www.1tool.com\\\/sl\\\/moduli\\\/organizacija-in-storitve\\\/dogodki\\\/\"},{\"@type\":\"ListItem\",\"position\":5,\"name\":\"Funkcije Modul dogodkov\",\"item\":\"https:\\\/\\\/www.1tool.com\\\/sl\\\/moduli\\\/organizacija-in-storitve\\\/dogodki\\\/funkcije-modul-dogodkov\\\/\"},{\"@type\":\"ListItem\",\"position\":6,\"name\":\"Spletno pla\u010devanje\\\/izdajanje ra\u010dunov\"}]},{\"@type\":\"WebSite\",\"@id\":\"https:\\\/\\\/www.1tool.com\\\/sl\\\/#website\",\"url\":\"https:\\\/\\\/www.1tool.com\\\/sl\\\/\",\"name\":\"1Tool\",\"description\":\"CRM\",\"publisher\":{\"@id\":\"https:\\\/\\\/www.1tool.com\\\/sl\\\/#organization\"},\"potentialAction\":[{\"@type\":\"SearchAction\",\"target\":{\"@type\":\"EntryPoint\",\"urlTemplate\":\"https:\\\/\\\/www.1tool.com\\\/sl\\\/?s={search_term_string}\"},\"query-input\":{\"@type\":\"PropertyValueSpecification\",\"valueRequired\":true,\"valueName\":\"search_term_string\"}}],\"inLanguage\":\"sl-SI\"},{\"@type\":\"Organization\",\"@id\":\"https:\\\/\\\/www.1tool.com\\\/sl\\\/#organization\",\"name\":\"1Tool\",\"url\":\"https:\\\/\\\/www.1tool.com\\\/sl\\\/\",\"logo\":{\"@type\":\"ImageObject\",\"inLanguage\":\"sl-SI\",\"@id\":\"https:\\\/\\\/www.1tool.com\\\/sl\\\/#\\\/schema\\\/logo\\\/image\\\/\",\"url\":\"https:\\\/\\\/www.1tool.com\\\/wp-content\\\/uploads\\\/2022\\\/04\\\/1tool-1.png\",\"contentUrl\":\"https:\\\/\\\/www.1tool.com\\\/wp-content\\\/uploads\\\/2022\\\/04\\\/1tool-1.png\",\"width\":400,\"height\":150,\"caption\":\"1Tool\"},\"image\":{\"@id\":\"https:\\\/\\\/www.1tool.com\\\/sl\\\/#\\\/schema\\\/logo\\\/image\\\/\"}}]}<\/script>\n<!-- \/ Yoast SEO plugin. -->","yoast_head_json":{"title":"Spletno pla\u010devanje\/izdajanje ra\u010dunov - 1Tool","robots":{"index":"index","follow":"follow","max-snippet":"max-snippet:-1","max-image-preview":"max-image-preview:large","max-video-preview":"max-video-preview:-1"},"canonical":"https:\/\/www.1tool.com\/sl\/moduli\/organizacija-in-storitve\/dogodki\/funkcije-modul-dogodkov\/spletno-placevanje-izdajanje-racunov\/","og_locale":"sl_SI","og_type":"article","og_title":"Spletno pla\u010devanje\/izdajanje ra\u010dunov - 1Tool","og_description":"Spletno pla\u010devanje\/izdajanje ra\u010dunov Modul te\u010daja udele\u017eencem omogo\u010da spletno pla\u010devanje, ra\u010duni pa se ustvarijo neposredno prek programske opreme z uporabo orodja 1Tool. Samodejno izstavljanje ra\u010dunov Ko se stranka prijavi na enega od va\u0161ih te\u010dajev, ga lahko tudi neposredno pla\u010da prek spleta. Postopek pla\u010dila je tako mogo\u010de izvesti neposredno in hitro, za va\u0161e potencialne stranke pa je [&hellip;]","og_url":"https:\/\/www.1tool.com\/sl\/moduli\/organizacija-in-storitve\/dogodki\/funkcije-modul-dogodkov\/spletno-placevanje-izdajanje-racunov\/","og_site_name":"1Tool","article_modified_time":"2026-04-30T14:36:56+00:00","twitter_card":"summary_large_image","twitter_misc":{"Est. reading time":"1 minuta"},"schema":{"@context":"https:\/\/schema.org","@graph":[{"@type":"WebPage","@id":"https:\/\/www.1tool.com\/sl\/moduli\/organizacija-in-storitve\/dogodki\/funkcije-modul-dogodkov\/spletno-placevanje-izdajanje-racunov\/","url":"https:\/\/www.1tool.com\/sl\/moduli\/organizacija-in-storitve\/dogodki\/funkcije-modul-dogodkov\/spletno-placevanje-izdajanje-racunov\/","name":"Spletno pla\u010devanje\/izdajanje ra\u010dunov - 1Tool","isPartOf":{"@id":"https:\/\/www.1tool.com\/sl\/#website"},"datePublished":"2022-03-31T02:54:56+00:00","dateModified":"2026-04-30T14:36:56+00:00","breadcrumb":{"@id":"https:\/\/www.1tool.com\/sl\/moduli\/organizacija-in-storitve\/dogodki\/funkcije-modul-dogodkov\/spletno-placevanje-izdajanje-racunov\/#breadcrumb"},"inLanguage":"sl-SI","potentialAction":[{"@type":"ReadAction","target":["https:\/\/www.1tool.com\/sl\/moduli\/organizacija-in-storitve\/dogodki\/funkcije-modul-dogodkov\/spletno-placevanje-izdajanje-racunov\/"]}]},{"@type":"BreadcrumbList","@id":"https:\/\/www.1tool.com\/sl\/moduli\/organizacija-in-storitve\/dogodki\/funkcije-modul-dogodkov\/spletno-placevanje-izdajanje-racunov\/#breadcrumb","itemListElement":[{"@type":"ListItem","position":1,"name":"Home","item":"https:\/\/www.1tool.com\/sl\/"},{"@type":"ListItem","position":2,"name":"Moduli","item":"https:\/\/www.1tool.com\/sl\/module\/"},{"@type":"ListItem","position":3,"name":"Organizacija in storitve","item":"https:\/\/www.1tool.com\/sl\/moduli\/organizacija-in-storitve\/"},{"@type":"ListItem","position":4,"name":"dogodki","item":"https:\/\/www.1tool.com\/sl\/moduli\/organizacija-in-storitve\/dogodki\/"},{"@type":"ListItem","position":5,"name":"Funkcije Modul dogodkov","item":"https:\/\/www.1tool.com\/sl\/moduli\/organizacija-in-storitve\/dogodki\/funkcije-modul-dogodkov\/"},{"@type":"ListItem","position":6,"name":"Spletno pla\u010devanje\/izdajanje ra\u010dunov"}]},{"@type":"WebSite","@id":"https:\/\/www.1tool.com\/sl\/#website","url":"https:\/\/www.1tool.com\/sl\/","name":"1Tool","description":"CRM","publisher":{"@id":"https:\/\/www.1tool.com\/sl\/#organization"},"potentialAction":[{"@type":"SearchAction","target":{"@type":"EntryPoint","urlTemplate":"https:\/\/www.1tool.com\/sl\/?s={search_term_string}"},"query-input":{"@type":"PropertyValueSpecification","valueRequired":true,"valueName":"search_term_string"}}],"inLanguage":"sl-SI"},{"@type":"Organization","@id":"https:\/\/www.1tool.com\/sl\/#organization","name":"1Tool","url":"https:\/\/www.1tool.com\/sl\/","logo":{"@type":"ImageObject","inLanguage":"sl-SI","@id":"https:\/\/www.1tool.com\/sl\/#\/schema\/logo\/image\/","url":"https:\/\/www.1tool.com\/wp-content\/uploads\/2022\/04\/1tool-1.png","contentUrl":"https:\/\/www.1tool.com\/wp-content\/uploads\/2022\/04\/1tool-1.png","width":400,"height":150,"caption":"1Tool"},"image":{"@id":"https:\/\/www.1tool.com\/sl\/#\/schema\/logo\/image\/"}}]}},"_links":{"self":[{"href":"https:\/\/www.1tool.com\/sl\/wp-json\/wp\/v2\/pages\/72439","targetHints":{"allow":["GET"]}}],"collection":[{"href":"https:\/\/www.1tool.com\/sl\/wp-json\/wp\/v2\/pages"}],"about":[{"href":"https:\/\/www.1tool.com\/sl\/wp-json\/wp\/v2\/types\/page"}],"author":[{"embeddable":true,"href":"https:\/\/www.1tool.com\/sl\/wp-json\/wp\/v2\/users\/1"}],"replies":[{"embeddable":true,"href":"https:\/\/www.1tool.com\/sl\/wp-json\/wp\/v2\/comments?post=72439"}],"version-history":[{"count":1,"href":"https:\/\/www.1tool.com\/sl\/wp-json\/wp\/v2\/pages\/72439\/revisions"}],"predecessor-version":[{"id":72441,"href":"https:\/\/www.1tool.com\/sl\/wp-json\/wp\/v2\/pages\/72439\/revisions\/72441"}],"up":[{"embeddable":true,"href":"https:\/\/www.1tool.com\/sl\/wp-json\/wp\/v2\/pages\/72653"}],"wp:attachment":[{"href":"https:\/\/www.1tool.com\/sl\/wp-json\/wp\/v2\/media?parent=72439"}],"curies":[{"name":"wp","href":"https:\/\/api.w.org\/{rel}","templated":true}]}}