{"id":72440,"date":"2022-03-31T04:45:55","date_gmt":"2022-03-31T02:45:55","guid":{"rendered":"https:\/\/www.1tool.com\/porocilo-o-belezenju-casa\/"},"modified":"2026-04-30T16:36:52","modified_gmt":"2026-04-30T14:36:52","slug":"porocilo-o-belezenju-casa","status":"publish","type":"page","link":"https:\/\/www.1tool.com\/sl\/moduli\/organizacija-in-storitve\/casovno-belezenje\/funkcije-modula-za-belezenje-casa\/porocilo-o-belezenju-casa\/","title":{"rendered":"Poro\u010dilo o bele\u017eenju \u010dasa"},"content":{"rendered":"\t\t<div data-elementor-type=\"wp-page\" data-elementor-id=\"72440\" class=\"elementor elementor-72440 elementor-49824\" data-elementor-post-type=\"page\">\n\t\t\t\t\t\t<section class=\"elementor-section elementor-top-section elementor-element elementor-element-201fcb9 elementor-section-boxed elementor-section-height-default elementor-section-height-default shadepro-adv-gradient-no shadepro-sticky-no\" data-id=\"201fcb9\" data-element_type=\"section\" data-e-type=\"section\" data-settings=\"{&quot;shadepro_sticky&quot;:&quot;no&quot;}\">\n\t\t\t\t\t\t<div class=\"elementor-container elementor-column-gap-default\">\n\t\t\t\t\t<div class=\"elementor-column elementor-col-100 elementor-top-column elementor-element elementor-element-436fd7f\" data-id=\"436fd7f\" data-element_type=\"column\" data-e-type=\"column\">\n\t\t\t<div class=\"elementor-widget-wrap elementor-element-populated\">\n\t\t\t\t\t\t<div class=\"elementor-element elementor-element-572b506 shadepro-sticky-no elementor-widget elementor-widget-heading\" data-id=\"572b506\" data-element_type=\"widget\" data-e-type=\"widget\" data-settings=\"{&quot;shadepro_sticky&quot;:&quot;no&quot;}\" data-widget_type=\"heading.default\">\n\t\t\t\t<div class=\"elementor-widget-container\">\n\t\t\t\t\t<h1 class=\"elementor-heading-title elementor-size-default\">Poro\u010dilo o bele\u017eenju \u010dasa<\/h1>\t\t\t\t<\/div>\n\t\t\t\t<\/div>\n\t\t\t\t<div class=\"elementor-element elementor-element-2468406 shadepro-sticky-no elementor-widget elementor-widget-text-editor\" data-id=\"2468406\" data-element_type=\"widget\" data-e-type=\"widget\" data-settings=\"{&quot;shadepro_sticky&quot;:&quot;no&quot;}\" data-widget_type=\"text-editor.default\">\n\t\t\t\t<div class=\"elementor-widget-container\">\n\t\t\t\t\t\t\t\t\t<p>Z orodjem 1Tool lahko s klikom mi\u0161ke hitro in preprosto analizirate svoje delovne ure, nadure ali nadomestne ure in jih prika\u017eete v ustreznem poro\u010dilu o evidentiranju delovnega \u010dasa.<\/p>\t\t\t\t\t\t\t\t<\/div>\n\t\t\t\t<\/div>\n\t\t\t\t<section class=\"elementor-section elementor-inner-section elementor-element elementor-element-9b6339d elementor-section-boxed elementor-section-height-default elementor-section-height-default shadepro-adv-gradient-no shadepro-sticky-no\" data-id=\"9b6339d\" data-element_type=\"section\" data-e-type=\"section\" data-settings=\"{&quot;shadepro_sticky&quot;:&quot;no&quot;}\">\n\t\t\t\t\t\t<div class=\"elementor-container elementor-column-gap-default\">\n\t\t\t\t\t<div class=\"elementor-column elementor-col-100 elementor-inner-column elementor-element elementor-element-9947d84\" data-id=\"9947d84\" data-element_type=\"column\" data-e-type=\"column\">\n\t\t\t<div class=\"elementor-widget-wrap elementor-element-populated\">\n\t\t\t\t\t\t<div class=\"elementor-element elementor-element-da6b9fb shadepro-sticky-no elementor-widget elementor-widget-text-editor\" data-id=\"da6b9fb\" data-element_type=\"widget\" data-e-type=\"widget\" data-settings=\"{&quot;shadepro_sticky&quot;:&quot;no&quot;}\" data-widget_type=\"text-editor.default\">\n\t\t\t\t<div class=\"elementor-widget-container\">\n\t\t\t\t\t\t\t\t\t<h3>Enostavno analiziranje delovnega \u010dasa<\/h3><p>Vsak mesec program samodejno ustvari lastno poro\u010dilo o bele\u017eenju \u010dasa, tako da lahko na prvi pogled vidite, katere dejavnosti ste opravili v zadevnem mesecu in koliko ur ste vlo\u017eili v posamezno nalogo. Poro\u010dilo vam omogo\u010da tudi pregled odprtih in novih preostalih dni dopusta ter nadur. Zahvaljujo\u010d podrobnemu seznamu dni v mesecu si lahko ogledate tudi, koliko ur ste opravili na posamezen dan.  <\/p><p>Vrednotenje je torej mogo\u010de prek zaposlenih, pa tudi prek projektov\/naro\u010dil (stro\u0161kovnih enot, stro\u0161kovnih mest), zato je z orodjem 1Tool hitro in enostavno.<\/p><p><em>Preberite ve\u010d o orodju 1Tool <strong><a href=\"https:\/\/www.1tool.com\/manual\/zeiterfassung\/zeiterfassungs-bericht\/\" target=\"_blank\" rel=\"noreferrer noopener\">poro\u010dilo o bele\u017eenju \u010dasa<\/a><\/strong><\/em><\/p>\t\t\t\t\t\t\t\t<\/div>\n\t\t\t\t<\/div>\n\t\t\t\t\t<\/div>\n\t\t<\/div>\n\t\t\t\t\t<\/div>\n\t\t<\/section>\n\t\t\t\t\t<\/div>\n\t\t<\/div>\n\t\t\t\t\t<\/div>\n\t\t<\/section>\n\t\t\t\t<\/div>\n\t\t","protected":false},"excerpt":{"rendered":"<p>Poro\u010dilo o bele\u017eenju \u010dasa Z orodjem 1Tool lahko s klikom mi\u0161ke hitro in preprosto analizirate svoje delovne ure, nadure ali nadomestne ure in jih prika\u017eete v ustreznem poro\u010dilu o evidentiranju delovnega \u010dasa. Enostavno analiziranje delovnega \u010dasa Vsak mesec program samodejno ustvari lastno poro\u010dilo o bele\u017eenju \u010dasa, tako da lahko na prvi pogled vidite, katere dejavnosti [&hellip;]<\/p>\n","protected":false},"author":1,"featured_media":0,"parent":72646,"menu_order":0,"comment_status":"closed","ping_status":"closed","template":"","meta":{"inline_featured_image":false,"footnotes":""},"class_list":["post-72440","page","type-page","status-publish","hentry"],"acf":[],"yoast_head":"<!-- This site is optimized with the Yoast SEO plugin v27.5 - https:\/\/yoast.com\/product\/yoast-seo-wordpress\/ -->\n<title>Poro\u010dilo o bele\u017eenju \u010dasa - 1Tool<\/title>\n<meta name=\"robots\" content=\"index, follow, max-snippet:-1, max-image-preview:large, max-video-preview:-1\" \/>\n<link rel=\"canonical\" href=\"https:\/\/www.1tool.com\/sl\/moduli\/organizacija-in-storitve\/casovno-belezenje\/funkcije-modula-za-belezenje-casa\/porocilo-o-belezenju-casa\/\" \/>\n<meta property=\"og:locale\" content=\"sl_SI\" \/>\n<meta property=\"og:type\" content=\"article\" \/>\n<meta property=\"og:title\" content=\"Poro\u010dilo o bele\u017eenju \u010dasa - 1Tool\" \/>\n<meta property=\"og:description\" content=\"Poro\u010dilo o bele\u017eenju \u010dasa Z orodjem 1Tool lahko s klikom mi\u0161ke hitro in preprosto analizirate svoje delovne ure, nadure ali nadomestne ure in jih prika\u017eete v ustreznem poro\u010dilu o evidentiranju delovnega \u010dasa. Enostavno analiziranje delovnega \u010dasa Vsak mesec program samodejno ustvari lastno poro\u010dilo o bele\u017eenju \u010dasa, tako da lahko na prvi pogled vidite, katere dejavnosti [&hellip;]\" \/>\n<meta property=\"og:url\" content=\"https:\/\/www.1tool.com\/sl\/moduli\/organizacija-in-storitve\/casovno-belezenje\/funkcije-modula-za-belezenje-casa\/porocilo-o-belezenju-casa\/\" \/>\n<meta property=\"og:site_name\" content=\"1Tool\" \/>\n<meta property=\"article:modified_time\" content=\"2026-04-30T14:36:52+00:00\" \/>\n<meta name=\"twitter:card\" content=\"summary_large_image\" \/>\n<meta name=\"twitter:label1\" content=\"Est. reading time\" \/>\n\t<meta name=\"twitter:data1\" content=\"1 minuta\" \/>\n<script type=\"application\/ld+json\" class=\"yoast-schema-graph\">{\"@context\":\"https:\\\/\\\/schema.org\",\"@graph\":[{\"@type\":\"WebPage\",\"@id\":\"https:\\\/\\\/www.1tool.com\\\/sl\\\/moduli\\\/organizacija-in-storitve\\\/casovno-belezenje\\\/funkcije-modula-za-belezenje-casa\\\/porocilo-o-belezenju-casa\\\/\",\"url\":\"https:\\\/\\\/www.1tool.com\\\/sl\\\/moduli\\\/organizacija-in-storitve\\\/casovno-belezenje\\\/funkcije-modula-za-belezenje-casa\\\/porocilo-o-belezenju-casa\\\/\",\"name\":\"Poro\u010dilo o bele\u017eenju \u010dasa - 1Tool\",\"isPartOf\":{\"@id\":\"https:\\\/\\\/www.1tool.com\\\/sl\\\/#website\"},\"datePublished\":\"2022-03-31T02:45:55+00:00\",\"dateModified\":\"2026-04-30T14:36:52+00:00\",\"breadcrumb\":{\"@id\":\"https:\\\/\\\/www.1tool.com\\\/sl\\\/moduli\\\/organizacija-in-storitve\\\/casovno-belezenje\\\/funkcije-modula-za-belezenje-casa\\\/porocilo-o-belezenju-casa\\\/#breadcrumb\"},\"inLanguage\":\"sl-SI\",\"potentialAction\":[{\"@type\":\"ReadAction\",\"target\":[\"https:\\\/\\\/www.1tool.com\\\/sl\\\/moduli\\\/organizacija-in-storitve\\\/casovno-belezenje\\\/funkcije-modula-za-belezenje-casa\\\/porocilo-o-belezenju-casa\\\/\"]}]},{\"@type\":\"BreadcrumbList\",\"@id\":\"https:\\\/\\\/www.1tool.com\\\/sl\\\/moduli\\\/organizacija-in-storitve\\\/casovno-belezenje\\\/funkcije-modula-za-belezenje-casa\\\/porocilo-o-belezenju-casa\\\/#breadcrumb\",\"itemListElement\":[{\"@type\":\"ListItem\",\"position\":1,\"name\":\"Home\",\"item\":\"https:\\\/\\\/www.1tool.com\\\/sl\\\/\"},{\"@type\":\"ListItem\",\"position\":2,\"name\":\"Moduli\",\"item\":\"https:\\\/\\\/www.1tool.com\\\/sl\\\/module\\\/\"},{\"@type\":\"ListItem\",\"position\":3,\"name\":\"Organizacija in storitve\",\"item\":\"https:\\\/\\\/www.1tool.com\\\/sl\\\/moduli\\\/organizacija-in-storitve\\\/\"},{\"@type\":\"ListItem\",\"position\":4,\"name\":\"\u010casovno bele\u017eenje\",\"item\":\"https:\\\/\\\/www.1tool.com\\\/sl\\\/moduli\\\/organizacija-in-storitve\\\/casovno-belezenje\\\/\"},{\"@type\":\"ListItem\",\"position\":5,\"name\":\"Funkcije modula za bele\u017eenje \u010dasa\",\"item\":\"https:\\\/\\\/www.1tool.com\\\/sl\\\/moduli\\\/organizacija-in-storitve\\\/casovno-belezenje\\\/funkcije-modula-za-belezenje-casa\\\/\"},{\"@type\":\"ListItem\",\"position\":6,\"name\":\"Poro\u010dilo o bele\u017eenju \u010dasa\"}]},{\"@type\":\"WebSite\",\"@id\":\"https:\\\/\\\/www.1tool.com\\\/sl\\\/#website\",\"url\":\"https:\\\/\\\/www.1tool.com\\\/sl\\\/\",\"name\":\"1Tool\",\"description\":\"CRM\",\"publisher\":{\"@id\":\"https:\\\/\\\/www.1tool.com\\\/sl\\\/#organization\"},\"potentialAction\":[{\"@type\":\"SearchAction\",\"target\":{\"@type\":\"EntryPoint\",\"urlTemplate\":\"https:\\\/\\\/www.1tool.com\\\/sl\\\/?s={search_term_string}\"},\"query-input\":{\"@type\":\"PropertyValueSpecification\",\"valueRequired\":true,\"valueName\":\"search_term_string\"}}],\"inLanguage\":\"sl-SI\"},{\"@type\":\"Organization\",\"@id\":\"https:\\\/\\\/www.1tool.com\\\/sl\\\/#organization\",\"name\":\"1Tool\",\"url\":\"https:\\\/\\\/www.1tool.com\\\/sl\\\/\",\"logo\":{\"@type\":\"ImageObject\",\"inLanguage\":\"sl-SI\",\"@id\":\"https:\\\/\\\/www.1tool.com\\\/sl\\\/#\\\/schema\\\/logo\\\/image\\\/\",\"url\":\"https:\\\/\\\/www.1tool.com\\\/wp-content\\\/uploads\\\/2022\\\/04\\\/1tool-1.png\",\"contentUrl\":\"https:\\\/\\\/www.1tool.com\\\/wp-content\\\/uploads\\\/2022\\\/04\\\/1tool-1.png\",\"width\":400,\"height\":150,\"caption\":\"1Tool\"},\"image\":{\"@id\":\"https:\\\/\\\/www.1tool.com\\\/sl\\\/#\\\/schema\\\/logo\\\/image\\\/\"}}]}<\/script>\n<!-- \/ Yoast SEO plugin. -->","yoast_head_json":{"title":"Poro\u010dilo o bele\u017eenju \u010dasa - 1Tool","robots":{"index":"index","follow":"follow","max-snippet":"max-snippet:-1","max-image-preview":"max-image-preview:large","max-video-preview":"max-video-preview:-1"},"canonical":"https:\/\/www.1tool.com\/sl\/moduli\/organizacija-in-storitve\/casovno-belezenje\/funkcije-modula-za-belezenje-casa\/porocilo-o-belezenju-casa\/","og_locale":"sl_SI","og_type":"article","og_title":"Poro\u010dilo o bele\u017eenju \u010dasa - 1Tool","og_description":"Poro\u010dilo o bele\u017eenju \u010dasa Z orodjem 1Tool lahko s klikom mi\u0161ke hitro in preprosto analizirate svoje delovne ure, nadure ali nadomestne ure in jih prika\u017eete v ustreznem poro\u010dilu o evidentiranju delovnega \u010dasa. Enostavno analiziranje delovnega \u010dasa Vsak mesec program samodejno ustvari lastno poro\u010dilo o bele\u017eenju \u010dasa, tako da lahko na prvi pogled vidite, katere dejavnosti [&hellip;]","og_url":"https:\/\/www.1tool.com\/sl\/moduli\/organizacija-in-storitve\/casovno-belezenje\/funkcije-modula-za-belezenje-casa\/porocilo-o-belezenju-casa\/","og_site_name":"1Tool","article_modified_time":"2026-04-30T14:36:52+00:00","twitter_card":"summary_large_image","twitter_misc":{"Est. reading time":"1 minuta"},"schema":{"@context":"https:\/\/schema.org","@graph":[{"@type":"WebPage","@id":"https:\/\/www.1tool.com\/sl\/moduli\/organizacija-in-storitve\/casovno-belezenje\/funkcije-modula-za-belezenje-casa\/porocilo-o-belezenju-casa\/","url":"https:\/\/www.1tool.com\/sl\/moduli\/organizacija-in-storitve\/casovno-belezenje\/funkcije-modula-za-belezenje-casa\/porocilo-o-belezenju-casa\/","name":"Poro\u010dilo o bele\u017eenju \u010dasa - 1Tool","isPartOf":{"@id":"https:\/\/www.1tool.com\/sl\/#website"},"datePublished":"2022-03-31T02:45:55+00:00","dateModified":"2026-04-30T14:36:52+00:00","breadcrumb":{"@id":"https:\/\/www.1tool.com\/sl\/moduli\/organizacija-in-storitve\/casovno-belezenje\/funkcije-modula-za-belezenje-casa\/porocilo-o-belezenju-casa\/#breadcrumb"},"inLanguage":"sl-SI","potentialAction":[{"@type":"ReadAction","target":["https:\/\/www.1tool.com\/sl\/moduli\/organizacija-in-storitve\/casovno-belezenje\/funkcije-modula-za-belezenje-casa\/porocilo-o-belezenju-casa\/"]}]},{"@type":"BreadcrumbList","@id":"https:\/\/www.1tool.com\/sl\/moduli\/organizacija-in-storitve\/casovno-belezenje\/funkcije-modula-za-belezenje-casa\/porocilo-o-belezenju-casa\/#breadcrumb","itemListElement":[{"@type":"ListItem","position":1,"name":"Home","item":"https:\/\/www.1tool.com\/sl\/"},{"@type":"ListItem","position":2,"name":"Moduli","item":"https:\/\/www.1tool.com\/sl\/module\/"},{"@type":"ListItem","position":3,"name":"Organizacija in storitve","item":"https:\/\/www.1tool.com\/sl\/moduli\/organizacija-in-storitve\/"},{"@type":"ListItem","position":4,"name":"\u010casovno bele\u017eenje","item":"https:\/\/www.1tool.com\/sl\/moduli\/organizacija-in-storitve\/casovno-belezenje\/"},{"@type":"ListItem","position":5,"name":"Funkcije modula za bele\u017eenje \u010dasa","item":"https:\/\/www.1tool.com\/sl\/moduli\/organizacija-in-storitve\/casovno-belezenje\/funkcije-modula-za-belezenje-casa\/"},{"@type":"ListItem","position":6,"name":"Poro\u010dilo o bele\u017eenju \u010dasa"}]},{"@type":"WebSite","@id":"https:\/\/www.1tool.com\/sl\/#website","url":"https:\/\/www.1tool.com\/sl\/","name":"1Tool","description":"CRM","publisher":{"@id":"https:\/\/www.1tool.com\/sl\/#organization"},"potentialAction":[{"@type":"SearchAction","target":{"@type":"EntryPoint","urlTemplate":"https:\/\/www.1tool.com\/sl\/?s={search_term_string}"},"query-input":{"@type":"PropertyValueSpecification","valueRequired":true,"valueName":"search_term_string"}}],"inLanguage":"sl-SI"},{"@type":"Organization","@id":"https:\/\/www.1tool.com\/sl\/#organization","name":"1Tool","url":"https:\/\/www.1tool.com\/sl\/","logo":{"@type":"ImageObject","inLanguage":"sl-SI","@id":"https:\/\/www.1tool.com\/sl\/#\/schema\/logo\/image\/","url":"https:\/\/www.1tool.com\/wp-content\/uploads\/2022\/04\/1tool-1.png","contentUrl":"https:\/\/www.1tool.com\/wp-content\/uploads\/2022\/04\/1tool-1.png","width":400,"height":150,"caption":"1Tool"},"image":{"@id":"https:\/\/www.1tool.com\/sl\/#\/schema\/logo\/image\/"}}]}},"_links":{"self":[{"href":"https:\/\/www.1tool.com\/sl\/wp-json\/wp\/v2\/pages\/72440","targetHints":{"allow":["GET"]}}],"collection":[{"href":"https:\/\/www.1tool.com\/sl\/wp-json\/wp\/v2\/pages"}],"about":[{"href":"https:\/\/www.1tool.com\/sl\/wp-json\/wp\/v2\/types\/page"}],"author":[{"embeddable":true,"href":"https:\/\/www.1tool.com\/sl\/wp-json\/wp\/v2\/users\/1"}],"replies":[{"embeddable":true,"href":"https:\/\/www.1tool.com\/sl\/wp-json\/wp\/v2\/comments?post=72440"}],"version-history":[{"count":1,"href":"https:\/\/www.1tool.com\/sl\/wp-json\/wp\/v2\/pages\/72440\/revisions"}],"predecessor-version":[{"id":72442,"href":"https:\/\/www.1tool.com\/sl\/wp-json\/wp\/v2\/pages\/72440\/revisions\/72442"}],"up":[{"embeddable":true,"href":"https:\/\/www.1tool.com\/sl\/wp-json\/wp\/v2\/pages\/72646"}],"wp:attachment":[{"href":"https:\/\/www.1tool.com\/sl\/wp-json\/wp\/v2\/media?parent=72440"}],"curies":[{"name":"wp","href":"https:\/\/api.w.org\/{rel}","templated":true}]}}