{"id":72443,"date":"2022-03-31T04:43:47","date_gmt":"2022-03-31T02:43:47","guid":{"rendered":"https:\/\/www.1tool.com\/rekordni-casi\/"},"modified":"2026-04-30T16:36:52","modified_gmt":"2026-04-30T14:36:52","slug":"rekordni-casi","status":"publish","type":"page","link":"https:\/\/www.1tool.com\/sl\/moduli\/organizacija-in-storitve\/casovno-belezenje\/funkcije-modula-za-belezenje-casa\/rekordni-casi\/","title":{"rendered":"Rekordni \u010dasi"},"content":{"rendered":"\t\t<div data-elementor-type=\"wp-page\" data-elementor-id=\"72443\" class=\"elementor elementor-72443 elementor-49804\" data-elementor-post-type=\"page\">\n\t\t\t\t\t\t<section class=\"elementor-section elementor-top-section elementor-element elementor-element-f00d929 elementor-section-boxed elementor-section-height-default elementor-section-height-default shadepro-adv-gradient-no shadepro-sticky-no\" data-id=\"f00d929\" data-element_type=\"section\" data-e-type=\"section\" data-settings=\"{&quot;shadepro_sticky&quot;:&quot;no&quot;}\">\n\t\t\t\t\t\t<div class=\"elementor-container elementor-column-gap-default\">\n\t\t\t\t\t<div class=\"elementor-column elementor-col-100 elementor-top-column elementor-element elementor-element-6effd8a\" data-id=\"6effd8a\" data-element_type=\"column\" data-e-type=\"column\">\n\t\t\t<div class=\"elementor-widget-wrap elementor-element-populated\">\n\t\t\t\t\t\t<div class=\"elementor-element elementor-element-bac5c84 shadepro-sticky-no elementor-widget elementor-widget-heading\" data-id=\"bac5c84\" data-element_type=\"widget\" data-e-type=\"widget\" data-settings=\"{&quot;shadepro_sticky&quot;:&quot;no&quot;}\" data-widget_type=\"heading.default\">\n\t\t\t\t<div class=\"elementor-widget-container\">\n\t\t\t\t\t<h1 class=\"elementor-heading-title elementor-size-default\">Rekordni \u010dasi<\/h1>\t\t\t\t<\/div>\n\t\t\t\t<\/div>\n\t\t\t\t<div class=\"elementor-element elementor-element-81527aa shadepro-sticky-no elementor-widget elementor-widget-text-editor\" data-id=\"81527aa\" data-element_type=\"widget\" data-e-type=\"widget\" data-settings=\"{&quot;shadepro_sticky&quot;:&quot;no&quot;}\" data-widget_type=\"text-editor.default\">\n\t\t\t\t<div class=\"elementor-widget-container\">\n\t\t\t\t\t\t\t\t\t<p>1Orodje za bele\u017eenje delovnega \u010dasa omogo\u010da natan\u010dno bele\u017eenje delovnega \u010dasa in nadzor nad projekti.<\/p>\t\t\t\t\t\t\t\t<\/div>\n\t\t\t\t<\/div>\n\t\t\t\t<section class=\"elementor-section elementor-inner-section elementor-element elementor-element-8711ef7 elementor-section-boxed elementor-section-height-default elementor-section-height-default shadepro-adv-gradient-no shadepro-sticky-no\" data-id=\"8711ef7\" data-element_type=\"section\" data-e-type=\"section\" data-settings=\"{&quot;shadepro_sticky&quot;:&quot;no&quot;}\">\n\t\t\t\t\t\t<div class=\"elementor-container elementor-column-gap-default\">\n\t\t\t\t\t<div class=\"elementor-column elementor-col-100 elementor-inner-column elementor-element elementor-element-e0a31fc\" data-id=\"e0a31fc\" data-element_type=\"column\" data-e-type=\"column\">\n\t\t\t<div class=\"elementor-widget-wrap elementor-element-populated\">\n\t\t\t\t\t\t<div class=\"elementor-element elementor-element-36223ca shadepro-sticky-no elementor-widget elementor-widget-text-editor\" data-id=\"36223ca\" data-element_type=\"widget\" data-e-type=\"widget\" data-settings=\"{&quot;shadepro_sticky&quot;:&quot;no&quot;}\" data-widget_type=\"text-editor.default\">\n\t\t\t\t<div class=\"elementor-widget-container\">\n\t\t\t\t\t\t\t\t\t<h3>Delovni \u010das na prvi pogled<\/h3><p>Spletni modul za bele\u017eenje delovnega \u010dasa je enostaven za uporabo in zelo prilagodljiv. \u010cas lahko rezervirate za projekte, stranke ali stike. Vsak zaposleni ima vedno pregled nad opravljenimi urami.  <\/p><p>Velika prednost na\u0161ega modula za bele\u017eenje delovnega \u010dasa je njegova integracija v celotno re\u0161itev 1Tool CRM. Modul za bele\u017eenje delovnega \u010dasa vam zagotavlja pomembne informacije in je zato nepogre\u0161ljiva podlaga za obra\u010dunavanje stro\u0161kov in nadzor. Evidentiranje in vrednotenje \u010dasov je v celoti spletno.  <\/p><h4><strong>Funkcionalno podro\u010dje uporabe modula za bele\u017eenje \u010dasa 1Tool:<\/strong><\/h4><ul><li>Samodejno bele\u017eenje za\u010detnega in kon\u010dnega \u010dasa zaposlenih<\/li><li>Razporeditev \u010dasa na projekte in stranke<\/li><li>bele\u017eenje odsotnosti, kot so prazniki, bolezen, obiski pri zdravniku.<\/li><li>Dnevnik rezervacij za vsakega zaposlenega<\/li><li>\u010casovni dnevnik (vrednotenje po zaposlenih\/projektih) se dnevno po\u0161ilja po e-po\u0161ti (kontrolingu\/vodstvu itd.)<\/li><\/ul><p>Posamezne funkcije \u010dasovnega zapisa so podrobneje razlo\u017eene v na\u0161em videoposnetku!<\/p><p><em>Katere funkcije so vam na voljo v programu 1Tool Time Recording, si lahko ogledate <strong><a href=\"https:\/\/www.1tool.com\/manual\/zeiterfassung\/\" target=\"_blank\" rel=\"noreferrer noopener\">tukaj<\/a><\/strong><\/em>.<\/p>\t\t\t\t\t\t\t\t<\/div>\n\t\t\t\t<\/div>\n\t\t\t\t\t<\/div>\n\t\t<\/div>\n\t\t\t\t\t<\/div>\n\t\t<\/section>\n\t\t\t\t\t<\/div>\n\t\t<\/div>\n\t\t\t\t\t<\/div>\n\t\t<\/section>\n\t\t\t\t<\/div>\n\t\t","protected":false},"excerpt":{"rendered":"<p>Rekordni \u010dasi 1Orodje za bele\u017eenje delovnega \u010dasa omogo\u010da natan\u010dno bele\u017eenje delovnega \u010dasa in nadzor nad projekti. Delovni \u010das na prvi pogled Spletni modul za bele\u017eenje delovnega \u010dasa je enostaven za uporabo in zelo prilagodljiv. \u010cas lahko rezervirate za projekte, stranke ali stike. Vsak zaposleni ima vedno pregled nad opravljenimi urami. Velika prednost na\u0161ega modula za [&hellip;]<\/p>\n","protected":false},"author":1,"featured_media":0,"parent":72646,"menu_order":0,"comment_status":"closed","ping_status":"closed","template":"","meta":{"inline_featured_image":false,"footnotes":""},"class_list":["post-72443","page","type-page","status-publish","hentry"],"acf":[],"yoast_head":"<!-- This site is optimized with the Yoast SEO plugin v27.5 - https:\/\/yoast.com\/product\/yoast-seo-wordpress\/ -->\n<title>Rekordni \u010dasi - 1Tool<\/title>\n<meta name=\"robots\" content=\"index, follow, max-snippet:-1, max-image-preview:large, max-video-preview:-1\" \/>\n<link rel=\"canonical\" href=\"https:\/\/www.1tool.com\/sl\/moduli\/organizacija-in-storitve\/casovno-belezenje\/funkcije-modula-za-belezenje-casa\/rekordni-casi\/\" \/>\n<meta property=\"og:locale\" content=\"sl_SI\" \/>\n<meta property=\"og:type\" content=\"article\" \/>\n<meta property=\"og:title\" content=\"Rekordni \u010dasi - 1Tool\" \/>\n<meta property=\"og:description\" content=\"Rekordni \u010dasi 1Orodje za bele\u017eenje delovnega \u010dasa omogo\u010da natan\u010dno bele\u017eenje delovnega \u010dasa in nadzor nad projekti. Delovni \u010das na prvi pogled Spletni modul za bele\u017eenje delovnega \u010dasa je enostaven za uporabo in zelo prilagodljiv. \u010cas lahko rezervirate za projekte, stranke ali stike. Vsak zaposleni ima vedno pregled nad opravljenimi urami. Velika prednost na\u0161ega modula za [&hellip;]\" \/>\n<meta property=\"og:url\" content=\"https:\/\/www.1tool.com\/sl\/moduli\/organizacija-in-storitve\/casovno-belezenje\/funkcije-modula-za-belezenje-casa\/rekordni-casi\/\" \/>\n<meta property=\"og:site_name\" content=\"1Tool\" \/>\n<meta property=\"article:modified_time\" content=\"2026-04-30T14:36:52+00:00\" \/>\n<meta name=\"twitter:card\" content=\"summary_large_image\" \/>\n<meta name=\"twitter:label1\" content=\"Est. reading time\" \/>\n\t<meta name=\"twitter:data1\" content=\"1 minuta\" \/>\n<script type=\"application\/ld+json\" class=\"yoast-schema-graph\">{\"@context\":\"https:\\\/\\\/schema.org\",\"@graph\":[{\"@type\":\"WebPage\",\"@id\":\"https:\\\/\\\/www.1tool.com\\\/sl\\\/moduli\\\/organizacija-in-storitve\\\/casovno-belezenje\\\/funkcije-modula-za-belezenje-casa\\\/rekordni-casi\\\/\",\"url\":\"https:\\\/\\\/www.1tool.com\\\/sl\\\/moduli\\\/organizacija-in-storitve\\\/casovno-belezenje\\\/funkcije-modula-za-belezenje-casa\\\/rekordni-casi\\\/\",\"name\":\"Rekordni \u010dasi - 1Tool\",\"isPartOf\":{\"@id\":\"https:\\\/\\\/www.1tool.com\\\/sl\\\/#website\"},\"datePublished\":\"2022-03-31T02:43:47+00:00\",\"dateModified\":\"2026-04-30T14:36:52+00:00\",\"breadcrumb\":{\"@id\":\"https:\\\/\\\/www.1tool.com\\\/sl\\\/moduli\\\/organizacija-in-storitve\\\/casovno-belezenje\\\/funkcije-modula-za-belezenje-casa\\\/rekordni-casi\\\/#breadcrumb\"},\"inLanguage\":\"sl-SI\",\"potentialAction\":[{\"@type\":\"ReadAction\",\"target\":[\"https:\\\/\\\/www.1tool.com\\\/sl\\\/moduli\\\/organizacija-in-storitve\\\/casovno-belezenje\\\/funkcije-modula-za-belezenje-casa\\\/rekordni-casi\\\/\"]}]},{\"@type\":\"BreadcrumbList\",\"@id\":\"https:\\\/\\\/www.1tool.com\\\/sl\\\/moduli\\\/organizacija-in-storitve\\\/casovno-belezenje\\\/funkcije-modula-za-belezenje-casa\\\/rekordni-casi\\\/#breadcrumb\",\"itemListElement\":[{\"@type\":\"ListItem\",\"position\":1,\"name\":\"Home\",\"item\":\"https:\\\/\\\/www.1tool.com\\\/sl\\\/\"},{\"@type\":\"ListItem\",\"position\":2,\"name\":\"Moduli\",\"item\":\"https:\\\/\\\/www.1tool.com\\\/sl\\\/module\\\/\"},{\"@type\":\"ListItem\",\"position\":3,\"name\":\"Organizacija in storitve\",\"item\":\"https:\\\/\\\/www.1tool.com\\\/sl\\\/moduli\\\/organizacija-in-storitve\\\/\"},{\"@type\":\"ListItem\",\"position\":4,\"name\":\"\u010casovno bele\u017eenje\",\"item\":\"https:\\\/\\\/www.1tool.com\\\/sl\\\/moduli\\\/organizacija-in-storitve\\\/casovno-belezenje\\\/\"},{\"@type\":\"ListItem\",\"position\":5,\"name\":\"Funkcije modula za bele\u017eenje \u010dasa\",\"item\":\"https:\\\/\\\/www.1tool.com\\\/sl\\\/moduli\\\/organizacija-in-storitve\\\/casovno-belezenje\\\/funkcije-modula-za-belezenje-casa\\\/\"},{\"@type\":\"ListItem\",\"position\":6,\"name\":\"Rekordni \u010dasi\"}]},{\"@type\":\"WebSite\",\"@id\":\"https:\\\/\\\/www.1tool.com\\\/sl\\\/#website\",\"url\":\"https:\\\/\\\/www.1tool.com\\\/sl\\\/\",\"name\":\"1Tool\",\"description\":\"CRM\",\"publisher\":{\"@id\":\"https:\\\/\\\/www.1tool.com\\\/sl\\\/#organization\"},\"potentialAction\":[{\"@type\":\"SearchAction\",\"target\":{\"@type\":\"EntryPoint\",\"urlTemplate\":\"https:\\\/\\\/www.1tool.com\\\/sl\\\/?s={search_term_string}\"},\"query-input\":{\"@type\":\"PropertyValueSpecification\",\"valueRequired\":true,\"valueName\":\"search_term_string\"}}],\"inLanguage\":\"sl-SI\"},{\"@type\":\"Organization\",\"@id\":\"https:\\\/\\\/www.1tool.com\\\/sl\\\/#organization\",\"name\":\"1Tool\",\"url\":\"https:\\\/\\\/www.1tool.com\\\/sl\\\/\",\"logo\":{\"@type\":\"ImageObject\",\"inLanguage\":\"sl-SI\",\"@id\":\"https:\\\/\\\/www.1tool.com\\\/sl\\\/#\\\/schema\\\/logo\\\/image\\\/\",\"url\":\"https:\\\/\\\/www.1tool.com\\\/wp-content\\\/uploads\\\/2022\\\/04\\\/1tool-1.png\",\"contentUrl\":\"https:\\\/\\\/www.1tool.com\\\/wp-content\\\/uploads\\\/2022\\\/04\\\/1tool-1.png\",\"width\":400,\"height\":150,\"caption\":\"1Tool\"},\"image\":{\"@id\":\"https:\\\/\\\/www.1tool.com\\\/sl\\\/#\\\/schema\\\/logo\\\/image\\\/\"}}]}<\/script>\n<!-- \/ Yoast SEO plugin. -->","yoast_head_json":{"title":"Rekordni \u010dasi - 1Tool","robots":{"index":"index","follow":"follow","max-snippet":"max-snippet:-1","max-image-preview":"max-image-preview:large","max-video-preview":"max-video-preview:-1"},"canonical":"https:\/\/www.1tool.com\/sl\/moduli\/organizacija-in-storitve\/casovno-belezenje\/funkcije-modula-za-belezenje-casa\/rekordni-casi\/","og_locale":"sl_SI","og_type":"article","og_title":"Rekordni \u010dasi - 1Tool","og_description":"Rekordni \u010dasi 1Orodje za bele\u017eenje delovnega \u010dasa omogo\u010da natan\u010dno bele\u017eenje delovnega \u010dasa in nadzor nad projekti. Delovni \u010das na prvi pogled Spletni modul za bele\u017eenje delovnega \u010dasa je enostaven za uporabo in zelo prilagodljiv. \u010cas lahko rezervirate za projekte, stranke ali stike. Vsak zaposleni ima vedno pregled nad opravljenimi urami. Velika prednost na\u0161ega modula za [&hellip;]","og_url":"https:\/\/www.1tool.com\/sl\/moduli\/organizacija-in-storitve\/casovno-belezenje\/funkcije-modula-za-belezenje-casa\/rekordni-casi\/","og_site_name":"1Tool","article_modified_time":"2026-04-30T14:36:52+00:00","twitter_card":"summary_large_image","twitter_misc":{"Est. reading time":"1 minuta"},"schema":{"@context":"https:\/\/schema.org","@graph":[{"@type":"WebPage","@id":"https:\/\/www.1tool.com\/sl\/moduli\/organizacija-in-storitve\/casovno-belezenje\/funkcije-modula-za-belezenje-casa\/rekordni-casi\/","url":"https:\/\/www.1tool.com\/sl\/moduli\/organizacija-in-storitve\/casovno-belezenje\/funkcije-modula-za-belezenje-casa\/rekordni-casi\/","name":"Rekordni \u010dasi - 1Tool","isPartOf":{"@id":"https:\/\/www.1tool.com\/sl\/#website"},"datePublished":"2022-03-31T02:43:47+00:00","dateModified":"2026-04-30T14:36:52+00:00","breadcrumb":{"@id":"https:\/\/www.1tool.com\/sl\/moduli\/organizacija-in-storitve\/casovno-belezenje\/funkcije-modula-za-belezenje-casa\/rekordni-casi\/#breadcrumb"},"inLanguage":"sl-SI","potentialAction":[{"@type":"ReadAction","target":["https:\/\/www.1tool.com\/sl\/moduli\/organizacija-in-storitve\/casovno-belezenje\/funkcije-modula-za-belezenje-casa\/rekordni-casi\/"]}]},{"@type":"BreadcrumbList","@id":"https:\/\/www.1tool.com\/sl\/moduli\/organizacija-in-storitve\/casovno-belezenje\/funkcije-modula-za-belezenje-casa\/rekordni-casi\/#breadcrumb","itemListElement":[{"@type":"ListItem","position":1,"name":"Home","item":"https:\/\/www.1tool.com\/sl\/"},{"@type":"ListItem","position":2,"name":"Moduli","item":"https:\/\/www.1tool.com\/sl\/module\/"},{"@type":"ListItem","position":3,"name":"Organizacija in storitve","item":"https:\/\/www.1tool.com\/sl\/moduli\/organizacija-in-storitve\/"},{"@type":"ListItem","position":4,"name":"\u010casovno bele\u017eenje","item":"https:\/\/www.1tool.com\/sl\/moduli\/organizacija-in-storitve\/casovno-belezenje\/"},{"@type":"ListItem","position":5,"name":"Funkcije modula za bele\u017eenje \u010dasa","item":"https:\/\/www.1tool.com\/sl\/moduli\/organizacija-in-storitve\/casovno-belezenje\/funkcije-modula-za-belezenje-casa\/"},{"@type":"ListItem","position":6,"name":"Rekordni \u010dasi"}]},{"@type":"WebSite","@id":"https:\/\/www.1tool.com\/sl\/#website","url":"https:\/\/www.1tool.com\/sl\/","name":"1Tool","description":"CRM","publisher":{"@id":"https:\/\/www.1tool.com\/sl\/#organization"},"potentialAction":[{"@type":"SearchAction","target":{"@type":"EntryPoint","urlTemplate":"https:\/\/www.1tool.com\/sl\/?s={search_term_string}"},"query-input":{"@type":"PropertyValueSpecification","valueRequired":true,"valueName":"search_term_string"}}],"inLanguage":"sl-SI"},{"@type":"Organization","@id":"https:\/\/www.1tool.com\/sl\/#organization","name":"1Tool","url":"https:\/\/www.1tool.com\/sl\/","logo":{"@type":"ImageObject","inLanguage":"sl-SI","@id":"https:\/\/www.1tool.com\/sl\/#\/schema\/logo\/image\/","url":"https:\/\/www.1tool.com\/wp-content\/uploads\/2022\/04\/1tool-1.png","contentUrl":"https:\/\/www.1tool.com\/wp-content\/uploads\/2022\/04\/1tool-1.png","width":400,"height":150,"caption":"1Tool"},"image":{"@id":"https:\/\/www.1tool.com\/sl\/#\/schema\/logo\/image\/"}}]}},"_links":{"self":[{"href":"https:\/\/www.1tool.com\/sl\/wp-json\/wp\/v2\/pages\/72443","targetHints":{"allow":["GET"]}}],"collection":[{"href":"https:\/\/www.1tool.com\/sl\/wp-json\/wp\/v2\/pages"}],"about":[{"href":"https:\/\/www.1tool.com\/sl\/wp-json\/wp\/v2\/types\/page"}],"author":[{"embeddable":true,"href":"https:\/\/www.1tool.com\/sl\/wp-json\/wp\/v2\/users\/1"}],"replies":[{"embeddable":true,"href":"https:\/\/www.1tool.com\/sl\/wp-json\/wp\/v2\/comments?post=72443"}],"version-history":[{"count":1,"href":"https:\/\/www.1tool.com\/sl\/wp-json\/wp\/v2\/pages\/72443\/revisions"}],"predecessor-version":[{"id":72449,"href":"https:\/\/www.1tool.com\/sl\/wp-json\/wp\/v2\/pages\/72443\/revisions\/72449"}],"up":[{"embeddable":true,"href":"https:\/\/www.1tool.com\/sl\/wp-json\/wp\/v2\/pages\/72646"}],"wp:attachment":[{"href":"https:\/\/www.1tool.com\/sl\/wp-json\/wp\/v2\/media?parent=72443"}],"curies":[{"name":"wp","href":"https:\/\/api.w.org\/{rel}","templated":true}]}}