{"id":72450,"date":"2022-03-31T04:42:05","date_gmt":"2022-03-31T02:42:05","guid":{"rendered":"https:\/\/www.1tool.com\/dnevno-e-postno-porocilo\/"},"modified":"2026-04-30T16:36:52","modified_gmt":"2026-04-30T14:36:52","slug":"dnevno-e-postno-porocilo","status":"publish","type":"page","link":"https:\/\/www.1tool.com\/sl\/moduli\/organizacija-in-storitve\/casovno-belezenje\/funkcije-modula-za-belezenje-casa\/dnevno-e-postno-porocilo\/","title":{"rendered":"Dnevno e-po\u0161tno poro\u010dilo"},"content":{"rendered":"\t\t<div data-elementor-type=\"wp-page\" data-elementor-id=\"72450\" class=\"elementor elementor-72450 elementor-49790\" data-elementor-post-type=\"page\">\n\t\t\t\t\t\t<section class=\"elementor-section elementor-top-section elementor-element elementor-element-a52cc39 elementor-section-boxed elementor-section-height-default elementor-section-height-default shadepro-adv-gradient-no shadepro-sticky-no\" data-id=\"a52cc39\" data-element_type=\"section\" data-e-type=\"section\" data-settings=\"{&quot;shadepro_sticky&quot;:&quot;no&quot;}\">\n\t\t\t\t\t\t<div class=\"elementor-container elementor-column-gap-default\">\n\t\t\t\t\t<div class=\"elementor-column elementor-col-100 elementor-top-column elementor-element elementor-element-305bf1e\" data-id=\"305bf1e\" data-element_type=\"column\" data-e-type=\"column\">\n\t\t\t<div class=\"elementor-widget-wrap elementor-element-populated\">\n\t\t\t\t\t\t<div class=\"elementor-element elementor-element-35d9fb4 shadepro-sticky-no elementor-widget elementor-widget-heading\" data-id=\"35d9fb4\" data-element_type=\"widget\" data-e-type=\"widget\" data-settings=\"{&quot;shadepro_sticky&quot;:&quot;no&quot;}\" data-widget_type=\"heading.default\">\n\t\t\t\t<div class=\"elementor-widget-container\">\n\t\t\t\t\t<h1 class=\"elementor-heading-title elementor-size-default\">Dnevno e-po\u0161tno poro\u010dilo<\/h1>\t\t\t\t<\/div>\n\t\t\t\t<\/div>\n\t\t\t\t<div class=\"elementor-element elementor-element-9e8f7f3 shadepro-sticky-no elementor-widget elementor-widget-text-editor\" data-id=\"9e8f7f3\" data-element_type=\"widget\" data-e-type=\"widget\" data-settings=\"{&quot;shadepro_sticky&quot;:&quot;no&quot;}\" data-widget_type=\"text-editor.default\">\n\t\t\t\t<div class=\"elementor-widget-container\">\n\t\t\t\t\t\t\t\t\t<p>\u010ce \u017eelite spremljati delovni \u010das zaposlenih kot vodja, vodja oddelka itd., lahko z orodjem 1Tool ustvarite in po\u0161ljete dnevno e-po\u0161tno poro\u010dilo.<\/p>\t\t\t\t\t\t\t\t<\/div>\n\t\t\t\t<\/div>\n\t\t\t\t<section class=\"elementor-section elementor-inner-section elementor-element elementor-element-bed5342 elementor-section-boxed elementor-section-height-default elementor-section-height-default shadepro-adv-gradient-no shadepro-sticky-no\" data-id=\"bed5342\" data-element_type=\"section\" data-e-type=\"section\" data-settings=\"{&quot;shadepro_sticky&quot;:&quot;no&quot;}\">\n\t\t\t\t\t\t<div class=\"elementor-container elementor-column-gap-default\">\n\t\t\t\t\t<div class=\"elementor-column elementor-col-100 elementor-inner-column elementor-element elementor-element-5d3228f\" data-id=\"5d3228f\" data-element_type=\"column\" data-e-type=\"column\">\n\t\t\t<div class=\"elementor-widget-wrap elementor-element-populated\">\n\t\t\t\t\t\t<div class=\"elementor-element elementor-element-4994735 shadepro-sticky-no elementor-widget elementor-widget-text-editor\" data-id=\"4994735\" data-element_type=\"widget\" data-e-type=\"widget\" data-settings=\"{&quot;shadepro_sticky&quot;:&quot;no&quot;}\" data-widget_type=\"text-editor.default\">\n\t\t\t\t<div class=\"elementor-widget-container\">\n\t\t\t\t\t\t\t\t\t<h3><strong>Dnevni delovni \u010das na prvi pogled<\/strong><\/h3><p>Vsak dan se po\u0161lje e-po\u0161tno sporo\u010dilo, v katerem so analizirani \u010dasi posameznih zaposlenih. Kdo prejme to e-po\u0161to, je mogo\u010de dolo\u010diti individualno (vodstvo, kontroling, kadrovska slu\u017eba itd.). To e-po\u0161tno sporo\u010dilo omogo\u010da hiter pregled nad tem, kaj zaposleni trenutno delajo, in tudi poka\u017ee, ali zaposleni ni opravil vnosa v modul za bele\u017eenje delovnega \u010dasa.  <\/p>\t\t\t\t\t\t\t\t<\/div>\n\t\t\t\t<\/div>\n\t\t\t\t\t<\/div>\n\t\t<\/div>\n\t\t\t\t\t<\/div>\n\t\t<\/section>\n\t\t\t\t\t<\/div>\n\t\t<\/div>\n\t\t\t\t\t<\/div>\n\t\t<\/section>\n\t\t\t\t<\/div>\n\t\t","protected":false},"excerpt":{"rendered":"<p>Dnevno e-po\u0161tno poro\u010dilo \u010ce \u017eelite spremljati delovni \u010das zaposlenih kot vodja, vodja oddelka itd., lahko z orodjem 1Tool ustvarite in po\u0161ljete dnevno e-po\u0161tno poro\u010dilo. Dnevni delovni \u010das na prvi pogled Vsak dan se po\u0161lje e-po\u0161tno sporo\u010dilo, v katerem so analizirani \u010dasi posameznih zaposlenih. Kdo prejme to e-po\u0161to, je mogo\u010de dolo\u010diti individualno (vodstvo, kontroling, kadrovska slu\u017eba [&hellip;]<\/p>\n","protected":false},"author":1,"featured_media":0,"parent":72646,"menu_order":0,"comment_status":"closed","ping_status":"closed","template":"","meta":{"inline_featured_image":false,"footnotes":""},"class_list":["post-72450","page","type-page","status-publish","hentry"],"acf":[],"yoast_head":"<!-- This site is optimized with the Yoast SEO plugin v27.5 - https:\/\/yoast.com\/product\/yoast-seo-wordpress\/ -->\n<title>Dnevno e-po\u0161tno poro\u010dilo - 1Tool<\/title>\n<meta name=\"robots\" content=\"index, follow, max-snippet:-1, max-image-preview:large, max-video-preview:-1\" \/>\n<link rel=\"canonical\" href=\"https:\/\/www.1tool.com\/sl\/moduli\/organizacija-in-storitve\/casovno-belezenje\/funkcije-modula-za-belezenje-casa\/dnevno-e-postno-porocilo\/\" \/>\n<meta property=\"og:locale\" content=\"sl_SI\" \/>\n<meta property=\"og:type\" content=\"article\" \/>\n<meta property=\"og:title\" content=\"Dnevno e-po\u0161tno poro\u010dilo - 1Tool\" \/>\n<meta property=\"og:description\" content=\"Dnevno e-po\u0161tno poro\u010dilo \u010ce \u017eelite spremljati delovni \u010das zaposlenih kot vodja, vodja oddelka itd., lahko z orodjem 1Tool ustvarite in po\u0161ljete dnevno e-po\u0161tno poro\u010dilo. Dnevni delovni \u010das na prvi pogled Vsak dan se po\u0161lje e-po\u0161tno sporo\u010dilo, v katerem so analizirani \u010dasi posameznih zaposlenih. Kdo prejme to e-po\u0161to, je mogo\u010de dolo\u010diti individualno (vodstvo, kontroling, kadrovska slu\u017eba [&hellip;]\" \/>\n<meta property=\"og:url\" content=\"https:\/\/www.1tool.com\/sl\/moduli\/organizacija-in-storitve\/casovno-belezenje\/funkcije-modula-za-belezenje-casa\/dnevno-e-postno-porocilo\/\" \/>\n<meta property=\"og:site_name\" content=\"1Tool\" \/>\n<meta property=\"article:modified_time\" content=\"2026-04-30T14:36:52+00:00\" \/>\n<meta name=\"twitter:card\" content=\"summary_large_image\" \/>\n<script type=\"application\/ld+json\" class=\"yoast-schema-graph\">{\"@context\":\"https:\\\/\\\/schema.org\",\"@graph\":[{\"@type\":\"WebPage\",\"@id\":\"https:\\\/\\\/www.1tool.com\\\/sl\\\/moduli\\\/organizacija-in-storitve\\\/casovno-belezenje\\\/funkcije-modula-za-belezenje-casa\\\/dnevno-e-postno-porocilo\\\/\",\"url\":\"https:\\\/\\\/www.1tool.com\\\/sl\\\/moduli\\\/organizacija-in-storitve\\\/casovno-belezenje\\\/funkcije-modula-za-belezenje-casa\\\/dnevno-e-postno-porocilo\\\/\",\"name\":\"Dnevno e-po\u0161tno poro\u010dilo - 1Tool\",\"isPartOf\":{\"@id\":\"https:\\\/\\\/www.1tool.com\\\/sl\\\/#website\"},\"datePublished\":\"2022-03-31T02:42:05+00:00\",\"dateModified\":\"2026-04-30T14:36:52+00:00\",\"breadcrumb\":{\"@id\":\"https:\\\/\\\/www.1tool.com\\\/sl\\\/moduli\\\/organizacija-in-storitve\\\/casovno-belezenje\\\/funkcije-modula-za-belezenje-casa\\\/dnevno-e-postno-porocilo\\\/#breadcrumb\"},\"inLanguage\":\"sl-SI\",\"potentialAction\":[{\"@type\":\"ReadAction\",\"target\":[\"https:\\\/\\\/www.1tool.com\\\/sl\\\/moduli\\\/organizacija-in-storitve\\\/casovno-belezenje\\\/funkcije-modula-za-belezenje-casa\\\/dnevno-e-postno-porocilo\\\/\"]}]},{\"@type\":\"BreadcrumbList\",\"@id\":\"https:\\\/\\\/www.1tool.com\\\/sl\\\/moduli\\\/organizacija-in-storitve\\\/casovno-belezenje\\\/funkcije-modula-za-belezenje-casa\\\/dnevno-e-postno-porocilo\\\/#breadcrumb\",\"itemListElement\":[{\"@type\":\"ListItem\",\"position\":1,\"name\":\"Home\",\"item\":\"https:\\\/\\\/www.1tool.com\\\/sl\\\/\"},{\"@type\":\"ListItem\",\"position\":2,\"name\":\"Moduli\",\"item\":\"https:\\\/\\\/www.1tool.com\\\/sl\\\/module\\\/\"},{\"@type\":\"ListItem\",\"position\":3,\"name\":\"Organizacija in storitve\",\"item\":\"https:\\\/\\\/www.1tool.com\\\/sl\\\/moduli\\\/organizacija-in-storitve\\\/\"},{\"@type\":\"ListItem\",\"position\":4,\"name\":\"\u010casovno bele\u017eenje\",\"item\":\"https:\\\/\\\/www.1tool.com\\\/sl\\\/moduli\\\/organizacija-in-storitve\\\/casovno-belezenje\\\/\"},{\"@type\":\"ListItem\",\"position\":5,\"name\":\"Funkcije modula za bele\u017eenje \u010dasa\",\"item\":\"https:\\\/\\\/www.1tool.com\\\/sl\\\/moduli\\\/organizacija-in-storitve\\\/casovno-belezenje\\\/funkcije-modula-za-belezenje-casa\\\/\"},{\"@type\":\"ListItem\",\"position\":6,\"name\":\"Dnevno e-po\u0161tno poro\u010dilo\"}]},{\"@type\":\"WebSite\",\"@id\":\"https:\\\/\\\/www.1tool.com\\\/sl\\\/#website\",\"url\":\"https:\\\/\\\/www.1tool.com\\\/sl\\\/\",\"name\":\"1Tool\",\"description\":\"CRM\",\"publisher\":{\"@id\":\"https:\\\/\\\/www.1tool.com\\\/sl\\\/#organization\"},\"potentialAction\":[{\"@type\":\"SearchAction\",\"target\":{\"@type\":\"EntryPoint\",\"urlTemplate\":\"https:\\\/\\\/www.1tool.com\\\/sl\\\/?s={search_term_string}\"},\"query-input\":{\"@type\":\"PropertyValueSpecification\",\"valueRequired\":true,\"valueName\":\"search_term_string\"}}],\"inLanguage\":\"sl-SI\"},{\"@type\":\"Organization\",\"@id\":\"https:\\\/\\\/www.1tool.com\\\/sl\\\/#organization\",\"name\":\"1Tool\",\"url\":\"https:\\\/\\\/www.1tool.com\\\/sl\\\/\",\"logo\":{\"@type\":\"ImageObject\",\"inLanguage\":\"sl-SI\",\"@id\":\"https:\\\/\\\/www.1tool.com\\\/sl\\\/#\\\/schema\\\/logo\\\/image\\\/\",\"url\":\"https:\\\/\\\/www.1tool.com\\\/wp-content\\\/uploads\\\/2022\\\/04\\\/1tool-1.png\",\"contentUrl\":\"https:\\\/\\\/www.1tool.com\\\/wp-content\\\/uploads\\\/2022\\\/04\\\/1tool-1.png\",\"width\":400,\"height\":150,\"caption\":\"1Tool\"},\"image\":{\"@id\":\"https:\\\/\\\/www.1tool.com\\\/sl\\\/#\\\/schema\\\/logo\\\/image\\\/\"}}]}<\/script>\n<!-- \/ Yoast SEO plugin. -->","yoast_head_json":{"title":"Dnevno e-po\u0161tno poro\u010dilo - 1Tool","robots":{"index":"index","follow":"follow","max-snippet":"max-snippet:-1","max-image-preview":"max-image-preview:large","max-video-preview":"max-video-preview:-1"},"canonical":"https:\/\/www.1tool.com\/sl\/moduli\/organizacija-in-storitve\/casovno-belezenje\/funkcije-modula-za-belezenje-casa\/dnevno-e-postno-porocilo\/","og_locale":"sl_SI","og_type":"article","og_title":"Dnevno e-po\u0161tno poro\u010dilo - 1Tool","og_description":"Dnevno e-po\u0161tno poro\u010dilo \u010ce \u017eelite spremljati delovni \u010das zaposlenih kot vodja, vodja oddelka itd., lahko z orodjem 1Tool ustvarite in po\u0161ljete dnevno e-po\u0161tno poro\u010dilo. Dnevni delovni \u010das na prvi pogled Vsak dan se po\u0161lje e-po\u0161tno sporo\u010dilo, v katerem so analizirani \u010dasi posameznih zaposlenih. Kdo prejme to e-po\u0161to, je mogo\u010de dolo\u010diti individualno (vodstvo, kontroling, kadrovska slu\u017eba [&hellip;]","og_url":"https:\/\/www.1tool.com\/sl\/moduli\/organizacija-in-storitve\/casovno-belezenje\/funkcije-modula-za-belezenje-casa\/dnevno-e-postno-porocilo\/","og_site_name":"1Tool","article_modified_time":"2026-04-30T14:36:52+00:00","twitter_card":"summary_large_image","schema":{"@context":"https:\/\/schema.org","@graph":[{"@type":"WebPage","@id":"https:\/\/www.1tool.com\/sl\/moduli\/organizacija-in-storitve\/casovno-belezenje\/funkcije-modula-za-belezenje-casa\/dnevno-e-postno-porocilo\/","url":"https:\/\/www.1tool.com\/sl\/moduli\/organizacija-in-storitve\/casovno-belezenje\/funkcije-modula-za-belezenje-casa\/dnevno-e-postno-porocilo\/","name":"Dnevno e-po\u0161tno poro\u010dilo - 1Tool","isPartOf":{"@id":"https:\/\/www.1tool.com\/sl\/#website"},"datePublished":"2022-03-31T02:42:05+00:00","dateModified":"2026-04-30T14:36:52+00:00","breadcrumb":{"@id":"https:\/\/www.1tool.com\/sl\/moduli\/organizacija-in-storitve\/casovno-belezenje\/funkcije-modula-za-belezenje-casa\/dnevno-e-postno-porocilo\/#breadcrumb"},"inLanguage":"sl-SI","potentialAction":[{"@type":"ReadAction","target":["https:\/\/www.1tool.com\/sl\/moduli\/organizacija-in-storitve\/casovno-belezenje\/funkcije-modula-za-belezenje-casa\/dnevno-e-postno-porocilo\/"]}]},{"@type":"BreadcrumbList","@id":"https:\/\/www.1tool.com\/sl\/moduli\/organizacija-in-storitve\/casovno-belezenje\/funkcije-modula-za-belezenje-casa\/dnevno-e-postno-porocilo\/#breadcrumb","itemListElement":[{"@type":"ListItem","position":1,"name":"Home","item":"https:\/\/www.1tool.com\/sl\/"},{"@type":"ListItem","position":2,"name":"Moduli","item":"https:\/\/www.1tool.com\/sl\/module\/"},{"@type":"ListItem","position":3,"name":"Organizacija in storitve","item":"https:\/\/www.1tool.com\/sl\/moduli\/organizacija-in-storitve\/"},{"@type":"ListItem","position":4,"name":"\u010casovno bele\u017eenje","item":"https:\/\/www.1tool.com\/sl\/moduli\/organizacija-in-storitve\/casovno-belezenje\/"},{"@type":"ListItem","position":5,"name":"Funkcije modula za bele\u017eenje \u010dasa","item":"https:\/\/www.1tool.com\/sl\/moduli\/organizacija-in-storitve\/casovno-belezenje\/funkcije-modula-za-belezenje-casa\/"},{"@type":"ListItem","position":6,"name":"Dnevno e-po\u0161tno poro\u010dilo"}]},{"@type":"WebSite","@id":"https:\/\/www.1tool.com\/sl\/#website","url":"https:\/\/www.1tool.com\/sl\/","name":"1Tool","description":"CRM","publisher":{"@id":"https:\/\/www.1tool.com\/sl\/#organization"},"potentialAction":[{"@type":"SearchAction","target":{"@type":"EntryPoint","urlTemplate":"https:\/\/www.1tool.com\/sl\/?s={search_term_string}"},"query-input":{"@type":"PropertyValueSpecification","valueRequired":true,"valueName":"search_term_string"}}],"inLanguage":"sl-SI"},{"@type":"Organization","@id":"https:\/\/www.1tool.com\/sl\/#organization","name":"1Tool","url":"https:\/\/www.1tool.com\/sl\/","logo":{"@type":"ImageObject","inLanguage":"sl-SI","@id":"https:\/\/www.1tool.com\/sl\/#\/schema\/logo\/image\/","url":"https:\/\/www.1tool.com\/wp-content\/uploads\/2022\/04\/1tool-1.png","contentUrl":"https:\/\/www.1tool.com\/wp-content\/uploads\/2022\/04\/1tool-1.png","width":400,"height":150,"caption":"1Tool"},"image":{"@id":"https:\/\/www.1tool.com\/sl\/#\/schema\/logo\/image\/"}}]}},"_links":{"self":[{"href":"https:\/\/www.1tool.com\/sl\/wp-json\/wp\/v2\/pages\/72450","targetHints":{"allow":["GET"]}}],"collection":[{"href":"https:\/\/www.1tool.com\/sl\/wp-json\/wp\/v2\/pages"}],"about":[{"href":"https:\/\/www.1tool.com\/sl\/wp-json\/wp\/v2\/types\/page"}],"author":[{"embeddable":true,"href":"https:\/\/www.1tool.com\/sl\/wp-json\/wp\/v2\/users\/1"}],"replies":[{"embeddable":true,"href":"https:\/\/www.1tool.com\/sl\/wp-json\/wp\/v2\/comments?post=72450"}],"version-history":[{"count":1,"href":"https:\/\/www.1tool.com\/sl\/wp-json\/wp\/v2\/pages\/72450\/revisions"}],"predecessor-version":[{"id":72451,"href":"https:\/\/www.1tool.com\/sl\/wp-json\/wp\/v2\/pages\/72450\/revisions\/72451"}],"up":[{"embeddable":true,"href":"https:\/\/www.1tool.com\/sl\/wp-json\/wp\/v2\/pages\/72646"}],"wp:attachment":[{"href":"https:\/\/www.1tool.com\/sl\/wp-json\/wp\/v2\/media?parent=72450"}],"curies":[{"name":"wp","href":"https:\/\/api.w.org\/{rel}","templated":true}]}}