{"id":72461,"date":"2022-03-31T04:37:38","date_gmt":"2022-03-31T02:37:38","guid":{"rendered":"https:\/\/www.1tool.com\/postopek-zaposlovanja\/"},"modified":"2026-04-30T16:37:06","modified_gmt":"2026-04-30T14:37:06","slug":"postopek-zaposlovanja","status":"publish","type":"page","link":"https:\/\/www.1tool.com\/sl\/moduli\/posebni-moduli\/upravljanje-prosilcev\/funkcije-modula-za-upravljanje-prosilcev\/postopek-zaposlovanja\/","title":{"rendered":"Postopek zaposlovanja"},"content":{"rendered":"\t\t<div data-elementor-type=\"wp-page\" data-elementor-id=\"72461\" class=\"elementor elementor-72461 elementor-49774\" data-elementor-post-type=\"page\">\n\t\t\t\t\t\t<section class=\"elementor-section elementor-top-section elementor-element elementor-element-b632946 elementor-section-boxed elementor-section-height-default elementor-section-height-default shadepro-adv-gradient-no shadepro-sticky-no\" data-id=\"b632946\" data-element_type=\"section\" data-e-type=\"section\" data-settings=\"{&quot;shadepro_sticky&quot;:&quot;no&quot;}\">\n\t\t\t\t\t\t<div class=\"elementor-container elementor-column-gap-default\">\n\t\t\t\t\t<div class=\"elementor-column elementor-col-100 elementor-top-column elementor-element elementor-element-e219fd0\" data-id=\"e219fd0\" data-element_type=\"column\" data-e-type=\"column\">\n\t\t\t<div class=\"elementor-widget-wrap elementor-element-populated\">\n\t\t\t\t\t\t<div class=\"elementor-element elementor-element-68f0567 shadepro-sticky-no elementor-widget elementor-widget-heading\" data-id=\"68f0567\" data-element_type=\"widget\" data-e-type=\"widget\" data-settings=\"{&quot;shadepro_sticky&quot;:&quot;no&quot;}\" data-widget_type=\"heading.default\">\n\t\t\t\t<div class=\"elementor-widget-container\">\n\t\t\t\t\t<h1 class=\"elementor-heading-title elementor-size-default\">Postopek zaposlovanja<\/h1>\t\t\t\t<\/div>\n\t\t\t\t<\/div>\n\t\t\t\t<div class=\"elementor-element elementor-element-31cec57 shadepro-sticky-no elementor-widget elementor-widget-text-editor\" data-id=\"31cec57\" data-element_type=\"widget\" data-e-type=\"widget\" data-settings=\"{&quot;shadepro_sticky&quot;:&quot;no&quot;}\" data-widget_type=\"text-editor.default\">\n\t\t\t\t<div class=\"elementor-widget-container\">\n\t\t\t\t\t\t\t\t\t<p>Z orodjem 1Tool je va\u0161 proces zaposlovanja trajnostno izpopolnjen z integriranim na\u010drtovanjem nalog in analizami.<\/p>\t\t\t\t\t\t\t\t<\/div>\n\t\t\t\t<\/div>\n\t\t\t\t<section class=\"elementor-section elementor-inner-section elementor-element elementor-element-776dfe5 elementor-section-boxed elementor-section-height-default elementor-section-height-default shadepro-adv-gradient-no shadepro-sticky-no\" data-id=\"776dfe5\" data-element_type=\"section\" data-e-type=\"section\" data-settings=\"{&quot;shadepro_sticky&quot;:&quot;no&quot;}\">\n\t\t\t\t\t\t<div class=\"elementor-container elementor-column-gap-default\">\n\t\t\t\t\t<div class=\"elementor-column elementor-col-100 elementor-inner-column elementor-element elementor-element-17f754a\" data-id=\"17f754a\" data-element_type=\"column\" data-e-type=\"column\">\n\t\t\t<div class=\"elementor-widget-wrap elementor-element-populated\">\n\t\t\t\t\t\t<div class=\"elementor-element elementor-element-240f108 shadepro-sticky-no elementor-widget elementor-widget-text-editor\" data-id=\"240f108\" data-element_type=\"widget\" data-e-type=\"widget\" data-settings=\"{&quot;shadepro_sticky&quot;:&quot;no&quot;}\" data-widget_type=\"text-editor.default\">\n\t\t\t\t<div class=\"elementor-widget-container\">\n\t\t\t\t\t\t\t\t\t<h3>Usklajevanje sestankov in nalog<\/h3><p>Priprava oglasov za delo, vodenje razgovorov, ocenjevanje kandidatov &#8211; postopek prijave vklju\u010duje veliko pomembnih nalog, ki jih je treba organizirati na strukturiran na\u010din.<\/p><p>Ker je vsako delo v programu ustvarjeno kot projekt, lahko vsakemu posameznemu projektu dodate naloge. Odprte naloge so vidne na prvi pogled in jih lahko dodelite razli\u010dnim zaposlenim. <\/p><h4>Va\u0161e prednosti upravljanja nalog<\/h4><ul><li>Sistem nalog za podporo kadrovskemu procesu<\/li><li>Povezovanje zaposlenih z razli\u010dnih lokacij<\/li><li>Funkcije samodejnega opomnika razbremenijo zaposlene<\/li><li>Zmanj\u0161anje stro\u0161kov s centralizirano upravo<\/li><li>Ve\u010dja produktivnost s spletnim sodelovanjem<\/li><\/ul><h3> <\/h3><h3>Analize<\/h3><p>1Tool vam kot profesionalnemu kadroviku ponuja tudi mo\u017enost, da stalno spremljate fluktuacijo in stro\u0161ke va\u0161ih postopkov zaposlovanja. Pregledne grafike se samodejno ustvarijo v programski opremi za prijavitelje. <\/p><h3>Izbolj\u0161ajte svoje kanale za delo<\/h3><p>Programska oprema za kandidate 1Tool samodejno bele\u017ei vire, iz katerih prihajajo va\u0161i kandidati.<\/p><p>Takoj lahko vidite, ali se je najve\u010d kandidatov prijavilo na razli\u010dnih portalih za zaposlitev, na va\u0161i spletni strani ali prek nenaro\u010denih prijav, in lahko optimizirate oglase iz manj priljubljenih virov ali dodatno raz\u0161irite mo\u010dne vire.<\/p><h3>Izvozite podatke v datoteko Excel<\/h3><p>Celotne podatke v podatkovni zbirki prosilcev lahko ustvarite tudi v obliki datoteke Excel in jih tako omogo\u010dite vsem potrebnim osebam.<\/p>\t\t\t\t\t\t\t\t<\/div>\n\t\t\t\t<\/div>\n\t\t\t\t\t<\/div>\n\t\t<\/div>\n\t\t\t\t\t<\/div>\n\t\t<\/section>\n\t\t\t\t\t<\/div>\n\t\t<\/div>\n\t\t\t\t\t<\/div>\n\t\t<\/section>\n\t\t\t\t<\/div>\n\t\t","protected":false},"excerpt":{"rendered":"<p>Postopek zaposlovanja Z orodjem 1Tool je va\u0161 proces zaposlovanja trajnostno izpopolnjen z integriranim na\u010drtovanjem nalog in analizami. Usklajevanje sestankov in nalog Priprava oglasov za delo, vodenje razgovorov, ocenjevanje kandidatov &#8211; postopek prijave vklju\u010duje veliko pomembnih nalog, ki jih je treba organizirati na strukturiran na\u010din. Ker je vsako delo v programu ustvarjeno kot projekt, lahko vsakemu [&hellip;]<\/p>\n","protected":false},"author":1,"featured_media":0,"parent":72670,"menu_order":0,"comment_status":"closed","ping_status":"closed","template":"","meta":{"inline_featured_image":false,"footnotes":""},"class_list":["post-72461","page","type-page","status-publish","hentry"],"acf":[],"yoast_head":"<!-- This site is optimized with the Yoast SEO plugin v27.5 - https:\/\/yoast.com\/product\/yoast-seo-wordpress\/ -->\n<title>Postopek zaposlovanja - 1Tool<\/title>\n<meta name=\"robots\" content=\"index, follow, max-snippet:-1, max-image-preview:large, max-video-preview:-1\" \/>\n<link rel=\"canonical\" href=\"https:\/\/www.1tool.com\/sl\/moduli\/posebni-moduli\/upravljanje-prosilcev\/funkcije-modula-za-upravljanje-prosilcev\/postopek-zaposlovanja\/\" \/>\n<meta property=\"og:locale\" content=\"sl_SI\" \/>\n<meta property=\"og:type\" content=\"article\" \/>\n<meta property=\"og:title\" content=\"Postopek zaposlovanja - 1Tool\" \/>\n<meta property=\"og:description\" content=\"Postopek zaposlovanja Z orodjem 1Tool je va\u0161 proces zaposlovanja trajnostno izpopolnjen z integriranim na\u010drtovanjem nalog in analizami. Usklajevanje sestankov in nalog Priprava oglasov za delo, vodenje razgovorov, ocenjevanje kandidatov &#8211; postopek prijave vklju\u010duje veliko pomembnih nalog, ki jih je treba organizirati na strukturiran na\u010din. Ker je vsako delo v programu ustvarjeno kot projekt, lahko vsakemu [&hellip;]\" \/>\n<meta property=\"og:url\" content=\"https:\/\/www.1tool.com\/sl\/moduli\/posebni-moduli\/upravljanje-prosilcev\/funkcije-modula-za-upravljanje-prosilcev\/postopek-zaposlovanja\/\" \/>\n<meta property=\"og:site_name\" content=\"1Tool\" \/>\n<meta property=\"article:modified_time\" content=\"2026-04-30T14:37:06+00:00\" \/>\n<meta name=\"twitter:card\" content=\"summary_large_image\" \/>\n<meta name=\"twitter:label1\" content=\"Est. reading time\" \/>\n\t<meta name=\"twitter:data1\" content=\"1 minuta\" \/>\n<script type=\"application\/ld+json\" class=\"yoast-schema-graph\">{\"@context\":\"https:\\\/\\\/schema.org\",\"@graph\":[{\"@type\":\"WebPage\",\"@id\":\"https:\\\/\\\/www.1tool.com\\\/sl\\\/moduli\\\/posebni-moduli\\\/upravljanje-prosilcev\\\/funkcije-modula-za-upravljanje-prosilcev\\\/postopek-zaposlovanja\\\/\",\"url\":\"https:\\\/\\\/www.1tool.com\\\/sl\\\/moduli\\\/posebni-moduli\\\/upravljanje-prosilcev\\\/funkcije-modula-za-upravljanje-prosilcev\\\/postopek-zaposlovanja\\\/\",\"name\":\"Postopek zaposlovanja - 1Tool\",\"isPartOf\":{\"@id\":\"https:\\\/\\\/www.1tool.com\\\/sl\\\/#website\"},\"datePublished\":\"2022-03-31T02:37:38+00:00\",\"dateModified\":\"2026-04-30T14:37:06+00:00\",\"breadcrumb\":{\"@id\":\"https:\\\/\\\/www.1tool.com\\\/sl\\\/moduli\\\/posebni-moduli\\\/upravljanje-prosilcev\\\/funkcije-modula-za-upravljanje-prosilcev\\\/postopek-zaposlovanja\\\/#breadcrumb\"},\"inLanguage\":\"sl-SI\",\"potentialAction\":[{\"@type\":\"ReadAction\",\"target\":[\"https:\\\/\\\/www.1tool.com\\\/sl\\\/moduli\\\/posebni-moduli\\\/upravljanje-prosilcev\\\/funkcije-modula-za-upravljanje-prosilcev\\\/postopek-zaposlovanja\\\/\"]}]},{\"@type\":\"BreadcrumbList\",\"@id\":\"https:\\\/\\\/www.1tool.com\\\/sl\\\/moduli\\\/posebni-moduli\\\/upravljanje-prosilcev\\\/funkcije-modula-za-upravljanje-prosilcev\\\/postopek-zaposlovanja\\\/#breadcrumb\",\"itemListElement\":[{\"@type\":\"ListItem\",\"position\":1,\"name\":\"Home\",\"item\":\"https:\\\/\\\/www.1tool.com\\\/sl\\\/\"},{\"@type\":\"ListItem\",\"position\":2,\"name\":\"Moduli\",\"item\":\"https:\\\/\\\/www.1tool.com\\\/sl\\\/module\\\/\"},{\"@type\":\"ListItem\",\"position\":3,\"name\":\"Posebni moduli\",\"item\":\"https:\\\/\\\/www.1tool.com\\\/sl\\\/moduli\\\/posebni-moduli\\\/\"},{\"@type\":\"ListItem\",\"position\":4,\"name\":\"Upravljanje prosilcev\",\"item\":\"https:\\\/\\\/www.1tool.com\\\/sl\\\/moduli\\\/posebni-moduli\\\/upravljanje-prosilcev\\\/\"},{\"@type\":\"ListItem\",\"position\":5,\"name\":\"Funkcije modula za upravljanje prosilcev\",\"item\":\"https:\\\/\\\/www.1tool.com\\\/sl\\\/moduli\\\/posebni-moduli\\\/upravljanje-prosilcev\\\/funkcije-modula-za-upravljanje-prosilcev\\\/\"},{\"@type\":\"ListItem\",\"position\":6,\"name\":\"Postopek zaposlovanja\"}]},{\"@type\":\"WebSite\",\"@id\":\"https:\\\/\\\/www.1tool.com\\\/sl\\\/#website\",\"url\":\"https:\\\/\\\/www.1tool.com\\\/sl\\\/\",\"name\":\"1Tool\",\"description\":\"CRM\",\"publisher\":{\"@id\":\"https:\\\/\\\/www.1tool.com\\\/sl\\\/#organization\"},\"potentialAction\":[{\"@type\":\"SearchAction\",\"target\":{\"@type\":\"EntryPoint\",\"urlTemplate\":\"https:\\\/\\\/www.1tool.com\\\/sl\\\/?s={search_term_string}\"},\"query-input\":{\"@type\":\"PropertyValueSpecification\",\"valueRequired\":true,\"valueName\":\"search_term_string\"}}],\"inLanguage\":\"sl-SI\"},{\"@type\":\"Organization\",\"@id\":\"https:\\\/\\\/www.1tool.com\\\/sl\\\/#organization\",\"name\":\"1Tool\",\"url\":\"https:\\\/\\\/www.1tool.com\\\/sl\\\/\",\"logo\":{\"@type\":\"ImageObject\",\"inLanguage\":\"sl-SI\",\"@id\":\"https:\\\/\\\/www.1tool.com\\\/sl\\\/#\\\/schema\\\/logo\\\/image\\\/\",\"url\":\"https:\\\/\\\/www.1tool.com\\\/wp-content\\\/uploads\\\/2022\\\/04\\\/1tool-1.png\",\"contentUrl\":\"https:\\\/\\\/www.1tool.com\\\/wp-content\\\/uploads\\\/2022\\\/04\\\/1tool-1.png\",\"width\":400,\"height\":150,\"caption\":\"1Tool\"},\"image\":{\"@id\":\"https:\\\/\\\/www.1tool.com\\\/sl\\\/#\\\/schema\\\/logo\\\/image\\\/\"}}]}<\/script>\n<!-- \/ Yoast SEO plugin. -->","yoast_head_json":{"title":"Postopek zaposlovanja - 1Tool","robots":{"index":"index","follow":"follow","max-snippet":"max-snippet:-1","max-image-preview":"max-image-preview:large","max-video-preview":"max-video-preview:-1"},"canonical":"https:\/\/www.1tool.com\/sl\/moduli\/posebni-moduli\/upravljanje-prosilcev\/funkcije-modula-za-upravljanje-prosilcev\/postopek-zaposlovanja\/","og_locale":"sl_SI","og_type":"article","og_title":"Postopek zaposlovanja - 1Tool","og_description":"Postopek zaposlovanja Z orodjem 1Tool je va\u0161 proces zaposlovanja trajnostno izpopolnjen z integriranim na\u010drtovanjem nalog in analizami. Usklajevanje sestankov in nalog Priprava oglasov za delo, vodenje razgovorov, ocenjevanje kandidatov &#8211; postopek prijave vklju\u010duje veliko pomembnih nalog, ki jih je treba organizirati na strukturiran na\u010din. Ker je vsako delo v programu ustvarjeno kot projekt, lahko vsakemu [&hellip;]","og_url":"https:\/\/www.1tool.com\/sl\/moduli\/posebni-moduli\/upravljanje-prosilcev\/funkcije-modula-za-upravljanje-prosilcev\/postopek-zaposlovanja\/","og_site_name":"1Tool","article_modified_time":"2026-04-30T14:37:06+00:00","twitter_card":"summary_large_image","twitter_misc":{"Est. reading time":"1 minuta"},"schema":{"@context":"https:\/\/schema.org","@graph":[{"@type":"WebPage","@id":"https:\/\/www.1tool.com\/sl\/moduli\/posebni-moduli\/upravljanje-prosilcev\/funkcije-modula-za-upravljanje-prosilcev\/postopek-zaposlovanja\/","url":"https:\/\/www.1tool.com\/sl\/moduli\/posebni-moduli\/upravljanje-prosilcev\/funkcije-modula-za-upravljanje-prosilcev\/postopek-zaposlovanja\/","name":"Postopek zaposlovanja - 1Tool","isPartOf":{"@id":"https:\/\/www.1tool.com\/sl\/#website"},"datePublished":"2022-03-31T02:37:38+00:00","dateModified":"2026-04-30T14:37:06+00:00","breadcrumb":{"@id":"https:\/\/www.1tool.com\/sl\/moduli\/posebni-moduli\/upravljanje-prosilcev\/funkcije-modula-za-upravljanje-prosilcev\/postopek-zaposlovanja\/#breadcrumb"},"inLanguage":"sl-SI","potentialAction":[{"@type":"ReadAction","target":["https:\/\/www.1tool.com\/sl\/moduli\/posebni-moduli\/upravljanje-prosilcev\/funkcije-modula-za-upravljanje-prosilcev\/postopek-zaposlovanja\/"]}]},{"@type":"BreadcrumbList","@id":"https:\/\/www.1tool.com\/sl\/moduli\/posebni-moduli\/upravljanje-prosilcev\/funkcije-modula-za-upravljanje-prosilcev\/postopek-zaposlovanja\/#breadcrumb","itemListElement":[{"@type":"ListItem","position":1,"name":"Home","item":"https:\/\/www.1tool.com\/sl\/"},{"@type":"ListItem","position":2,"name":"Moduli","item":"https:\/\/www.1tool.com\/sl\/module\/"},{"@type":"ListItem","position":3,"name":"Posebni moduli","item":"https:\/\/www.1tool.com\/sl\/moduli\/posebni-moduli\/"},{"@type":"ListItem","position":4,"name":"Upravljanje prosilcev","item":"https:\/\/www.1tool.com\/sl\/moduli\/posebni-moduli\/upravljanje-prosilcev\/"},{"@type":"ListItem","position":5,"name":"Funkcije modula za upravljanje prosilcev","item":"https:\/\/www.1tool.com\/sl\/moduli\/posebni-moduli\/upravljanje-prosilcev\/funkcije-modula-za-upravljanje-prosilcev\/"},{"@type":"ListItem","position":6,"name":"Postopek zaposlovanja"}]},{"@type":"WebSite","@id":"https:\/\/www.1tool.com\/sl\/#website","url":"https:\/\/www.1tool.com\/sl\/","name":"1Tool","description":"CRM","publisher":{"@id":"https:\/\/www.1tool.com\/sl\/#organization"},"potentialAction":[{"@type":"SearchAction","target":{"@type":"EntryPoint","urlTemplate":"https:\/\/www.1tool.com\/sl\/?s={search_term_string}"},"query-input":{"@type":"PropertyValueSpecification","valueRequired":true,"valueName":"search_term_string"}}],"inLanguage":"sl-SI"},{"@type":"Organization","@id":"https:\/\/www.1tool.com\/sl\/#organization","name":"1Tool","url":"https:\/\/www.1tool.com\/sl\/","logo":{"@type":"ImageObject","inLanguage":"sl-SI","@id":"https:\/\/www.1tool.com\/sl\/#\/schema\/logo\/image\/","url":"https:\/\/www.1tool.com\/wp-content\/uploads\/2022\/04\/1tool-1.png","contentUrl":"https:\/\/www.1tool.com\/wp-content\/uploads\/2022\/04\/1tool-1.png","width":400,"height":150,"caption":"1Tool"},"image":{"@id":"https:\/\/www.1tool.com\/sl\/#\/schema\/logo\/image\/"}}]}},"_links":{"self":[{"href":"https:\/\/www.1tool.com\/sl\/wp-json\/wp\/v2\/pages\/72461","targetHints":{"allow":["GET"]}}],"collection":[{"href":"https:\/\/www.1tool.com\/sl\/wp-json\/wp\/v2\/pages"}],"about":[{"href":"https:\/\/www.1tool.com\/sl\/wp-json\/wp\/v2\/types\/page"}],"author":[{"embeddable":true,"href":"https:\/\/www.1tool.com\/sl\/wp-json\/wp\/v2\/users\/1"}],"replies":[{"embeddable":true,"href":"https:\/\/www.1tool.com\/sl\/wp-json\/wp\/v2\/comments?post=72461"}],"version-history":[{"count":1,"href":"https:\/\/www.1tool.com\/sl\/wp-json\/wp\/v2\/pages\/72461\/revisions"}],"predecessor-version":[{"id":72463,"href":"https:\/\/www.1tool.com\/sl\/wp-json\/wp\/v2\/pages\/72461\/revisions\/72463"}],"up":[{"embeddable":true,"href":"https:\/\/www.1tool.com\/sl\/wp-json\/wp\/v2\/pages\/72670"}],"wp:attachment":[{"href":"https:\/\/www.1tool.com\/sl\/wp-json\/wp\/v2\/media?parent=72461"}],"curies":[{"name":"wp","href":"https:\/\/api.w.org\/{rel}","templated":true}]}}